{"id":2161,"date":"2020-08-25T12:04:18","date_gmt":"2020-08-25T12:04:18","guid":{"rendered":"https:\/\/unkrautmarkt.com\/coke\/about\/"},"modified":"2024-05-02T12:33:44","modified_gmt":"2024-05-02T12:33:44","slug":"o","status":"publish","type":"page","link":"https:\/\/legitgrams.com\/cs\/o\/","title":{"rendered":"O str\u00e1nk\u00e1ch"},"content":{"rendered":"<div class=\"wp-block-uagb-container uagb-block-f90b5c01 alignfull uagb-is-root-container\"><div class=\"uagb-container-inner-blocks-wrap\">\n<div class=\"wp-block-uagb-advanced-heading uagb-block-a2c96383\"><h1 class=\"uagb-heading-text\">O n\u00e1s<\/h1><p class=\"uagb-desc-text\">Ve spole\u010dnosti LegitGrams se specializujeme na poskytov\u00e1n\u00ed vysoce kvalitn\u00edho kokainu k n\u00e1kupu online. D\u016fv\u011b\u0159ujte n\u00e1m a z\u00edskejte diskr\u00e9tn\u00ed a spolehliv\u00fd zdroj prvot\u0159\u00eddn\u00edho kokainu.<\/p><\/div>\n\n\n\n<h2 class=\"wp-block-heading\"><strong>Koupit leg\u00e1ln\u00ed kokain online - Kokainov\u00fd pr\u00e1\u0161ek na prodej<\/strong><\/h2>\n\n\n\n<p>Chcete-li za\u010d\u00edt s Buy Cocaine Online, Buy Cocaine In Europe Uva\u017eujete o z\u00edsk\u00e1n\u00ed kokainu online? Pokud ano, mo\u017en\u00e1 se pt\u00e1te, pro\u010d byste m\u011bli koupit levn\u00fd kokain kde koupit levn\u00fd kokain online je v posledn\u00edch letech st\u00e1le popul\u00e1rn\u011bj\u0161\u00ed d\u00edky sv\u00e9mu pohodl\u00ed a cenov\u00e9 dostupnosti.<a href=\"https:\/\/legitgrams.com\/cs\/\">.<\/a><\/p>\n\n\n\n<p>na adrese get cocaine online m\u00e1me na prodej kokain nejlep\u0161\u00ed kvality, prozkoum\u00e1me n\u011bkter\u00e9 z kl\u00ed\u010dov\u00fdch v\u00fdhod n\u00e1kupu kokainu online, jako je sn\u00ed\u017een\u00e9 riziko, diskr\u00e9tnost a p\u0159\u00edstup k \u0161irok\u00e9 \u0161k\u00e1le produkt\u016f. Vysv\u011btl\u00edme tak\u00e9, pro\u010d je n\u00e1kup v na\u0161em obchod\u011b get cocaine online p\u0159i n\u00e1kupu kokainu online z\u00e1sadn\u00ed. D\u00edky t\u011bmto informac\u00edm m\u016f\u017eete u\u010dinit informovan\u00e9 rozhodnut\u00ed, zda je pro v\u00e1s n\u00e1kup kokainu online tou spr\u00e1vnou volbou.<a href=\"https:\/\/en.wikipedia.org\/wiki\/Cocaine\">.<\/a><\/p>\n\n\n\n<h2 class=\"wp-block-heading\"><strong>U\u017eijte si pohodl\u00ed n\u00e1kupu kokainu online<\/strong><\/h2>\n\n\n\n<p>Pokud jde o n\u00e1kup kokainu, existuje mnoho mo\u017enost\u00ed. Slu\u017eba Get Cocaine Online v\u0161ak poskytuje pohodl\u00ed, kter\u00e9mu se jin\u00e9 metody nevyrovnaj\u00ed. Sta\u010d\u00ed n\u011bkolik kliknut\u00ed a m\u016f\u017eete si prohl\u00e9dnout r\u016fzn\u00e9 druhy kokainu na prodej online, porovnat ceny a prov\u00e9st n\u00e1kup. na\u0161e obchody nab\u00edzej\u00ed \u0161irokou \u0161k\u00e1lu produkt\u016f kokainu, od vysoce kvalitn\u00edho \u010dist\u00e9ho kokainu a\u017e po levn\u011bj\u0161\u00ed, crack cocaine online, peru\u00e1nsk\u00fd kokain online \u010dist\u00fd kokain online. Bolivijsk\u00fd kokain online, kokainov\u00fd pr\u00e1\u0161ek online, kolumbijsk\u00fd kokain online, kokain s ryb\u00ed \u0161upinou online, 2c-b r\u016f\u017eov\u00fd kokainov\u00fd pr\u00e1\u0161ek, peru\u00e1nsk\u00fd r\u016f\u017eov\u00fd kokain verze, kter\u00e9 jsou dostupn\u011bj\u0161\u00ed pro ty, kte\u0159\u00ed maj\u00ed omezen\u00fd rozpo\u010det. To znamen\u00e1, \u017ee existuje produkt kokain, kter\u00fd vyhovuje pot\u0159eb\u00e1m a preferenc\u00edm ka\u017ed\u00e9ho.<\/p>\n\n\n\n<h2 class=\"wp-block-heading\"><strong>Prodej kokainu<\/strong><\/h2>\n\n\n\n<p>Krom\u011b toho m\u016f\u017eete kokain z\u00edskat online z pohodl\u00ed domova, ani\u017e byste museli nav\u0161t\u00edvit kamenn\u00fd obchod. D\u00edky tomu je proces n\u00e1kupu kokainu diskr\u00e9tn\u00ed a soukrom\u00fd, co\u017e je v\u00fdhodn\u00e9 zejm\u00e9na pro ty, kte\u0159\u00ed si cen\u00ed sv\u00e9ho soukrom\u00ed. Celkov\u011b se pohodl\u00ed n\u00e1kupu kokainu online ned\u00e1 srovnat s jin\u00fdmi zp\u016fsoby n\u00e1kupu. Poskytuje bezprobl\u00e9mov\u00fd z\u00e1\u017eitek, kter\u00fd je bezpe\u010dn\u00fd a spolehliv\u00fd, co\u017e z n\u011bj \u010din\u00ed preferovanou volbu pro mnoho jednotlivc\u016f, kte\u0159\u00ed kokain u\u017e\u00edvaj\u00ed rekrea\u010dn\u011b.<\/p>\n<\/div><\/div>\n\n\n\n<div class=\"wp-block-uagb-container uagb-block-96cc2b14 alignfull uagb-is-root-container\"><div class=\"uagb-container-inner-blocks-wrap\">\n<div class=\"wp-block-uagb-container uagb-block-3ef6a00c\">\n<div class=\"wp-block-uagb-advanced-heading uagb-block-a3e4e806\"><h2 class=\"uagb-heading-text\">Jsme v\u00e1\u0161 obl\u00edben\u00fd internetov\u00fd obchod.<\/h2><p class=\"uagb-desc-text\">N\u00e1kup kokainu online z va\u0161eho obl\u00edben\u00e9ho internetov\u00e9ho obchodu nebyl nikdy jednodu\u0161\u0161\u00ed a pohodln\u011bj\u0161\u00ed. V LegitGrams jsme hrd\u00ed na to, \u017ee v\u0161em na\u0161im z\u00e1kazn\u00edk\u016fm nab\u00edz\u00edme bezprobl\u00e9mov\u00fd a bezpe\u010dn\u00fd n\u00e1kup. Sta\u010d\u00ed jen n\u011bkolik kliknut\u00ed a m\u016f\u017eete si prohl\u00e9dnout na\u0161i rozs\u00e1hlou nab\u00eddku prvot\u0159\u00eddn\u00edch kokainov\u00fdch produkt\u016f a bez obav prov\u00e9st objedn\u00e1vku.<\/p><\/div>\n\n\n\n<p>N\u00e1\u0161 internetov\u00fd obchod je navr\u017een s ohledem na va\u0161e pohodl\u00ed a vyzna\u010duje se intuitivn\u00ed navigac\u00ed a u\u017eivatelsky p\u0159\u00edv\u011btiv\u00fdm rozhran\u00edm. A\u0165 u\u017e nakupujete poprv\u00e9, nebo jste zku\u0161en\u00fd u\u017eivatel, na\u0161e webov\u00e9 str\u00e1nky v\u00e1m usnadn\u00ed vyhled\u00e1n\u00ed pot\u0159ebn\u00fdch produkt\u016f a bezprobl\u00e9mov\u00e9 dokon\u010den\u00ed n\u00e1kupu. Na\u0161e zabezpe\u010den\u00e1 platebn\u00ed br\u00e1na nav\u00edc zaji\u0161\u0165uje, \u017ee va\u0161e transakce jsou v\u017edy bezpe\u010dn\u00e9 a chr\u00e1n\u011bn\u00e9.<\/p>\n<\/div>\n\n\n\n<div class=\"wp-block-uagb-container uagb-block-7384816a\">\n<div class=\"wp-block-uagb-info-box uagb-block-fa00d0ac uagb-infobox__content-wrap  uagb-infobox-icon-above-title uagb-infobox-image-valign-top\"><div class=\"uagb-ifb-content\"><div class=\"uagb-ifb-icon-wrap\"><svg xmlns=\"https:\/\/www.w3.org\/2000\/svg\" viewbox=\"0 0 512 512\"><path d=\"M244.2 346.8c2.4-12.3-12-30-32.4-48.7-20.9-19.2-48.2-39.1-63.4-46.6-21.7-12-41.7-1.8-46.3 22.7-5 26.2 0 51.4 14.5 73.9 10.2 15.5 25.4 22.7 43.4 24 11.6 .6 52.5 2.2 61.7-1 11.9-4.3 20.1-11.8 22.5-24.3zm205 20.8a5.22 5.22 0 0 0 -8.3 2.4c-8 25.4-44.7 112.5-172.1 121.5-149.7 10.5 80.3 43.6 145.4-6.4 22.7-17.4 47.6-35 46.6-85.4-.4-10.1-4.9-26.69-11.6-32.1zm62-122.4c-.3-18.9-8.6-33.4-26-42.2-2.9-1.3-5-2.7-5.9-6.4A222.6 222.6 0 0 0 438.9 103c-1.1-1.5-3.5-3.2-2.2-5 8.5-11.5-.3-18-7-24.4Q321.4-31.11 177.4 13.09c-40.1 12.3-73.9 35.6-102 67.4-4 4.3-6.7 9.1-3 14.5 3 4 1.3 6.2-1 9.3C51.6 132 38.2 162.6 32.1 196c-.7 4.3-2.9 6-6.4 7.8-14.2 7-22.5 18.5-24.9 34L0 264.3v20.9c0 30.8 21 50.4 51.8 49 7.7-.3 11.7-4.3 12-11.5 2-77.5-2.4-95.4 3.7-125.8C92.1 72.39 234.3 5 345.3 65.39 411.4 102 445.7 159 447.6 234.8c.8 28.2 0 56.5 0 84.6 0 7 2.2 12.5 9.4 14.2 24.1 5 49.2-12 53.2-36.7 2.9-17.1 1-34.5 1-51.7zm-159.6 131.5c36.5 2.8 59.3-28.5 58.4-60.5-2.1-45.2-66.2-16.5-87.8-8-73.2 28.1-45 54.9-22.2 60.8z\"><\/path><\/svg><\/div><div class=\"uagb-ifb-title-wrap\"><h4 class=\"uagb-ifb-title\">T\u00fdm odborn\u00edk\u016f<\/h4><\/div><p class=\"uagb-ifb-desc\">N\u00e1\u0161 t\u00fdm odborn\u00edk\u016f a profesion\u00e1l\u016f se sna\u017e\u00ed poskytovat \u0161pi\u010dkov\u00e9 slu\u017eby a poradenstv\u00ed pro v\u0161echny va\u0161e pot\u0159eby. D\u00edky jejich odborn\u00fdm znalostem si m\u016f\u017eete b\u00fdt jisti, \u017ee jste v dobr\u00fdch rukou.<\/p><\/div><\/div>\n\n\n\n<div class=\"wp-block-uagb-info-box uagb-block-af8a42c3 uagb-infobox__content-wrap  uagb-infobox-icon-above-title uagb-infobox-image-valign-top\"><div class=\"uagb-ifb-content\"><div class=\"uagb-ifb-icon-wrap\"><svg xmlns=\"https:\/\/www.w3.org\/2000\/svg\" viewbox=\"0 0 640 512\"><path d=\"M592 288H576V212.7c0-41.84-30.03-80.04-71.66-84.27C456.5 123.6 416 161.1 416 208V288h-16C373.6 288 352 309.6 352 336v128c0 26.4 21.6 48 48 48h192c26.4 0 48-21.6 48-48v-128C640 309.6 618.4 288 592 288zM496 432c-17.62 0-32-14.38-32-32s14.38-32 32-32s32 14.38 32 32S513.6 432 496 432zM528 288h-64V208c0-17.62 14.38-32 32-32s32 14.38 32 32V288zM224 256c70.7 0 128-57.31 128-128S294.7 0 224 0C153.3 0 96 57.31 96 128S153.3 256 224 256zM320 336c0-8.672 1.738-16.87 4.303-24.7C308.6 306.6 291.9 304 274.7 304H173.3C77.61 304 0 381.7 0 477.4C0 496.5 15.52 512 34.66 512h301.7C326.3 498.6 320 482.1 320 464V336z\"><\/path><\/svg><\/div><div class=\"uagb-ifb-title-wrap\"><h4 class=\"uagb-ifb-title\">Zcela zaru\u010den\u00e9 soukrom\u00ed<\/h4><\/div><p class=\"uagb-ifb-desc\">Uji\u0161\u0165ujeme v\u00e1s, \u017ee va\u0161e soukrom\u00ed je na\u0161\u00ed nejvy\u0161\u0161\u00ed prioritou - p\u0159i ka\u017ed\u00e9 transakci zaru\u010dujeme naprostou diskr\u00e9tnost. U\u017e\u00edvejte si klidn\u00e9 mysli s v\u011bdom\u00edm, \u017ee va\u0161e osobn\u00ed \u00fadaje jsou u n\u00e1s v bezpe\u010d\u00ed.<\/p><\/div><\/div>\n<\/div>\n\n\n\n<div class=\"wp-block-uagb-container uagb-block-bae16802\">\n<div class=\"wp-block-uagb-info-box uagb-block-fda31292 uagb-infobox__content-wrap  uagb-infobox-icon-above-title uagb-infobox-image-valign-top\"><div class=\"uagb-ifb-content\"><div class=\"uagb-ifb-icon-wrap\"><svg xmlns=\"https:\/\/www.w3.org\/2000\/svg\" viewbox=\"0 0 640 512\"><path d=\"M484.6 62C502.6 52.8 522.6 48 542.8 48H600.2C627.2 48 645.9 74.95 636.4 100.2C618.2 148.9 582.1 188.9 535.6 212.2L262.8 348.6C258.3 350.8 253.4 352 248.4 352H110.7C101.4 352 92.5 347.9 86.42 340.8L13.34 255.6C6.562 247.7 9.019 235.5 18.33 230.8L50.49 214.8C59.05 210.5 69.06 210.2 77.8 214.1L135.1 239.1L234.6 189.7L87.64 95.2C77.21 88.49 78.05 72.98 89.14 67.43L135 44.48C150.1 36.52 169.5 35.55 186.1 41.8L381 114.9L484.6 62zM0 480C0 462.3 14.33 448 32 448H608C625.7 448 640 462.3 640 480C640 497.7 625.7 512 608 512H32C14.33 512 0 497.7 0 480z\"><\/path><\/svg><\/div><div class=\"uagb-ifb-title-wrap\"><h4 class=\"uagb-ifb-title\">Doru\u010dov\u00e1n\u00ed po cel\u00e9m sv\u011bt\u011b<\/h4><\/div><p class=\"uagb-ifb-desc\">Za\u017eijte rychl\u00e9 a spolehliv\u00e9 doru\u010den\u00ed do jak\u00e9hokoli koutu sv\u011bta d\u00edky na\u0161im efektivn\u00edm p\u0159epravn\u00edm slu\u017eb\u00e1m. D\u016fv\u011b\u0159ujte n\u00e1m, \u017ee v\u00e1m objedn\u00e1vku doru\u010d\u00edme rychle a bezpe\u010dn\u011b.<\/p><\/div><\/div>\n\n\n\n<div class=\"wp-block-uagb-info-box uagb-block-58e06198 uagb-infobox__content-wrap  uagb-infobox-icon-above-title uagb-infobox-image-valign-top\"><div class=\"uagb-ifb-content\"><div class=\"uagb-ifb-icon-wrap\"><svg xmlns=\"https:\/\/www.w3.org\/2000\/svg\" viewbox=\"0 0 576 512\"><path d=\"M381.2 150.3L524.9 171.5C536.8 173.2 546.8 181.6 550.6 193.1C554.4 204.7 551.3 217.3 542.7 225.9L438.5 328.1L463.1 474.7C465.1 486.7 460.2 498.9 450.2 506C440.3 513.1 427.2 514 416.5 508.3L288.1 439.8L159.8 508.3C149 514 135.9 513.1 126 506C116.1 498.9 111.1 486.7 113.2 474.7L137.8 328.1L33.58 225.9C24.97 217.3 21.91 204.7 25.69 193.1C29.46 181.6 39.43 173.2 51.42 171.5L195 150.3L259.4 17.97C264.7 6.954 275.9-.0391 288.1-.0391C300.4-.0391 311.6 6.954 316.9 17.97L381.2 150.3z\"><\/path><\/svg><\/div><div class=\"uagb-ifb-title-wrap\"><h4 class=\"uagb-ifb-title\">Vysoce kvalitn\u00ed l\u00e9ky<\/h4><\/div><p class=\"uagb-ifb-desc\">Za\u017eijte vrchol kvality s na\u0161imi pe\u010dliv\u011b vybran\u00fdmi a testovan\u00fdmi l\u00e9ky. V\u011b\u0159te, \u017ee v\u00e1m dod\u00e1me jen ty nejlep\u0161\u00ed produkty pro va\u0161i spokojenost a pohodu.<\/p><\/div><\/div>\n<\/div>\n<\/div><\/div>\n\n\n\n<div class=\"wp-block-uagb-container uagb-block-f078c05e alignfull uagb-is-root-container\"><div class=\"uagb-container-inner-blocks-wrap\">\n<div class=\"wp-block-uagb-container uagb-block-600a0e27\">\n<div class=\"wp-block-uagb-advanced-heading uagb-block-51999f88\"><h2 class=\"uagb-heading-text\">Z\u00edsk\u00e1te nejlep\u0161\u00ed nab\u00eddku na kokainov\u00e9 produkty!<\/h2><\/div>\n<\/div>\n\n\n\n<div class=\"wp-block-uagb-container uagb-block-1f2eef20\">\n<div class=\"wp-block-uagb-buttons uagb-buttons__outer-wrap uagb-btn__default-btn uagb-btn-tablet__default-btn uagb-btn-mobile__default-btn uagb-block-59a9eda1\"><div class=\"uagb-buttons__wrap uagb-buttons-layout-wrap\">\n<div class=\"wp-block-uagb-buttons-child uagb-buttons__outer-wrap uagb-block-7b8e4b74 wp-block-button\"><div class=\"uagb-button__wrapper\"><a class=\"uagb-buttons-repeater wp-block-button__link\" aria-label=\"\" href=\"#\" rel=\"follow noopener\" target=\"_self\"><div class=\"uagb-button__link\">Za\u010dn\u011bte<\/div><\/a><\/div><\/div>\n<\/div><\/div>\n<\/div>\n<\/div><\/div>\n\n\n\n<div class=\"wp-block-uagb-container uagb-block-baca6a3d alignfull uagb-is-root-container\"><div class=\"uagb-container-inner-blocks-wrap\">\n<div class=\"wp-block-uagb-container uagb-block-689cc540\">\n<div class=\"wp-block-uagb-info-box uagb-block-cff3259d uagb-infobox__content-wrap  uagb-infobox-icon-above-title uagb-infobox-image-valign-top\"><div class=\"uagb-ifb-content\"><div class=\"uagb-ifb-image-content\"><img decoding=\"async\" src=\"https:\/\/legitgrams.com\/wp-content\/uploads\/2020\/03\/globe-free-img.png\" alt=\"\" width=\"20\" height=\"20\" loading=\"lazy\"\/><\/div><div class=\"uagb-ifb-title-wrap\"><h4 class=\"uagb-ifb-title\">Celosv\u011btov\u00e1 p\u0159eprava<\/h4><\/div><p class=\"uagb-ifb-desc\">Doprava po cel\u00e9m sv\u011bt\u011b - nechte si doru\u010dit kokain, a\u0165 jste kdekoli.<\/p><\/div><\/div>\n<\/div>\n\n\n\n<div class=\"wp-block-uagb-container uagb-block-1b8d5d48\">\n<div class=\"wp-block-uagb-info-box uagb-block-5979dbc8 uagb-infobox__content-wrap  uagb-infobox-icon-above-title uagb-infobox-image-valign-top\"><div class=\"uagb-ifb-content\"><div class=\"uagb-ifb-image-content\"><img decoding=\"async\" src=\"https:\/\/legitgrams.com\/wp-content\/uploads\/2020\/03\/quality-free-img.png\" alt=\"\" width=\"20\" height=\"20\" loading=\"lazy\"\/><\/div><div class=\"uagb-ifb-title-wrap\"><h4 class=\"uagb-ifb-title\">Nejlep\u0161\u00ed kvalita<\/h4><\/div><p class=\"uagb-ifb-desc\">Za\u017eijte prvot\u0159\u00eddn\u00ed kvalitu kokainu pro bezkonkuren\u010dn\u00ed spokojenost.<\/p><\/div><\/div>\n<\/div>\n\n\n\n<div class=\"wp-block-uagb-container uagb-block-fa712af4\">\n<div class=\"wp-block-uagb-info-box uagb-block-82cf9d53 uagb-infobox__content-wrap  uagb-infobox-icon-above-title uagb-infobox-image-valign-top\"><div class=\"uagb-ifb-content\"><div class=\"uagb-ifb-image-content\"><img decoding=\"async\" src=\"https:\/\/legitgrams.com\/wp-content\/uploads\/2020\/03\/tag-free-img.png\" alt=\"\" width=\"20\" height=\"20\" loading=\"lazy\"\/><\/div><div class=\"uagb-ifb-title-wrap\"><h4 class=\"uagb-ifb-title\">Nejlep\u0161\u00ed nab\u00eddky<\/h4><\/div><p class=\"uagb-ifb-desc\">Z\u00edskejte zaru\u010den\u011b nejlep\u0161\u00ed cenu za kokain \u0161pi\u010dkov\u00e9 kvality.<\/p><\/div><\/div>\n<\/div>\n\n\n\n<div class=\"wp-block-uagb-container uagb-block-55eecca9\">\n<div class=\"wp-block-uagb-info-box uagb-block-aef228c5 uagb-infobox__content-wrap  uagb-infobox-icon-above-title uagb-infobox-image-valign-top\"><div class=\"uagb-ifb-content\"><div class=\"uagb-ifb-image-content\"><img decoding=\"async\" src=\"https:\/\/legitgrams.com\/wp-content\/uploads\/2020\/03\/lock-free-img.png\" alt=\"\" width=\"20\" height=\"20\" loading=\"lazy\"\/><\/div><div class=\"uagb-ifb-title-wrap\"><h4 class=\"uagb-ifb-title\">Zabezpe\u010den\u00e9 platby<\/h4><\/div><p class=\"uagb-ifb-desc\">Nakupujte s klidn\u00fdm sv\u011bdom\u00edm d\u00edky na\u0161im bezpe\u010dn\u00fdm mo\u017enostem platby.<\/p><\/div><\/div>\n<\/div>\n<\/div><\/div>","protected":false},"excerpt":{"rendered":"<p>About Us At LegitGrams, we specialize in providing high-quality cocaine for online purchase. Trust us for a discreet and reliable source of premium-grade cocaine. Buy Legit Cocaine Online \u2013 Cocaine Powder For Sale To begin with Buy Cocaine Online, Buy Cocaine\u00a0In Europe Are you considering getting cocaine online? If so, you may be wondering why &hellip;<\/p>\n<p class=\"read-more\"> <a class=\"\" href=\"https:\/\/legitgrams.com\/cs\/o\/\"> <span class=\"screen-reader-text\">O str\u00e1nk\u00e1ch<\/span> \u010c\u00edst d\u00e1l \"<\/a><\/p>","protected":false},"author":1,"featured_media":0,"parent":0,"menu_order":0,"comment_status":"closed","ping_status":"closed","template":"","meta":{"_uag_custom_page_level_css":"","site-sidebar-layout":"no-sidebar","site-content-layout":"plain-container","ast-global-header-display":"","ast-main-header-display":"","ast-hfb-above-header-display":"","ast-hfb-below-header-display":"","ast-hfb-mobile-header-display":"","site-post-title":"disabled","ast-breadcrumbs-content":"","ast-featured-img":"disabled","footer-sml-layout":"","theme-transparent-header-meta":"enabled","adv-header-id-meta":"","stick-header-meta":"","header-above-stick-meta":"","header-main-stick-meta":"","header-below-stick-meta":"","_joinchat":[],"footnotes":""},"class_list":["post-2161","page","type-page","status-publish","hentry"],"yoast_head":"<!-- This site is optimized with the Yoast SEO plugin v25.9 - https:\/\/yoast.com\/wordpress\/plugins\/seo\/ -->\n<title>About - Legit Grams<\/title>\n<meta name=\"description\" content=\"high-quality cocaine for online purchase, With just a few clicks, you can browse through various types of Cocaine for sale online.\" \/>\n<meta name=\"robots\" content=\"index, follow, max-snippet:-1, max-image-preview:large, max-video-preview:-1\" \/>\n<link rel=\"canonical\" href=\"https:\/\/legitgrams.com\/cs\/o\/\" \/>\n<meta property=\"og:locale\" content=\"cs_CZ\" \/>\n<meta property=\"og:type\" content=\"article\" \/>\n<meta property=\"og:title\" content=\"About - Legit Grams\" \/>\n<meta property=\"og:description\" content=\"high-quality cocaine for online purchase, With just a few clicks, you can browse through various types of Cocaine for sale online.\" \/>\n<meta property=\"og:url\" content=\"https:\/\/legitgrams.com\/cs\/o\/\" \/>\n<meta property=\"og:site_name\" content=\"Legit Grams\" \/>\n<meta property=\"article:modified_time\" content=\"2024-05-02T12:33:44+00:00\" \/>\n<meta property=\"og:image\" content=\"https:\/\/legitgrams.com\/wp-content\/uploads\/2020\/03\/globe-free-img.png\" \/>\n<meta name=\"twitter:card\" content=\"summary_large_image\" \/>\n<meta name=\"twitter:label1\" content=\"Odhadovan\u00e1 doba \u010dten\u00ed\" \/>\n\t<meta name=\"twitter:data1\" content=\"4 minuty\" \/>\n<script type=\"application\/ld+json\" class=\"yoast-schema-graph\">{\"@context\":\"https:\/\/schema.org\",\"@graph\":[{\"@type\":\"WebPage\",\"@id\":\"https:\/\/legitgrams.com\/about\/\",\"url\":\"https:\/\/legitgrams.com\/about\/\",\"name\":\"About - Legit Grams\",\"isPartOf\":{\"@id\":\"https:\/\/legitgrams.com\/#website\"},\"primaryImageOfPage\":{\"@id\":\"https:\/\/legitgrams.com\/about\/#primaryimage\"},\"image\":{\"@id\":\"https:\/\/legitgrams.com\/about\/#primaryimage\"},\"thumbnailUrl\":\"https:\/\/legitgrams.com\/wp-content\/uploads\/2020\/03\/globe-free-img.png\",\"datePublished\":\"2020-08-25T12:04:18+00:00\",\"dateModified\":\"2024-05-02T12:33:44+00:00\",\"description\":\"high-quality cocaine for online purchase, With just a few clicks, you can browse through various types of Cocaine for sale online.\",\"breadcrumb\":{\"@id\":\"https:\/\/legitgrams.com\/about\/#breadcrumb\"},\"inLanguage\":\"cs\",\"potentialAction\":[{\"@type\":\"ReadAction\",\"target\":[\"https:\/\/legitgrams.com\/about\/\"]}]},{\"@type\":\"ImageObject\",\"inLanguage\":\"cs\",\"@id\":\"https:\/\/legitgrams.com\/about\/#primaryimage\",\"url\":\"https:\/\/legitgrams.com\/wp-content\/uploads\/2020\/03\/globe-free-img.png\",\"contentUrl\":\"https:\/\/legitgrams.com\/wp-content\/uploads\/2020\/03\/globe-free-img.png\"},{\"@type\":\"BreadcrumbList\",\"@id\":\"https:\/\/legitgrams.com\/about\/#breadcrumb\",\"itemListElement\":[{\"@type\":\"ListItem\",\"position\":1,\"name\":\"Home\",\"item\":\"https:\/\/legitgrams.com\/\"},{\"@type\":\"ListItem\",\"position\":2,\"name\":\"About\"}]},{\"@type\":\"WebSite\",\"@id\":\"https:\/\/legitgrams.com\/#website\",\"url\":\"https:\/\/legitgrams.com\/\",\"name\":\"Legit Grams\",\"description\":\"My WordPress Blog\",\"publisher\":{\"@id\":\"https:\/\/legitgrams.com\/#organization\"},\"potentialAction\":[{\"@type\":\"SearchAction\",\"target\":{\"@type\":\"EntryPoint\",\"urlTemplate\":\"https:\/\/legitgrams.com\/?s={search_term_string}\"},\"query-input\":{\"@type\":\"PropertyValueSpecification\",\"valueRequired\":true,\"valueName\":\"search_term_string\"}}],\"inLanguage\":\"cs\"},{\"@type\":\"Organization\",\"@id\":\"https:\/\/legitgrams.com\/#organization\",\"name\":\"Legit Grams\",\"url\":\"https:\/\/legitgrams.com\/\",\"logo\":{\"@type\":\"ImageObject\",\"inLanguage\":\"cs\",\"@id\":\"https:\/\/legitgrams.com\/#\/schema\/logo\/image\/\",\"url\":\"https:\/\/legitgrams.com\/wp-content\/uploads\/2024\/09\/main-logo.png\",\"contentUrl\":\"https:\/\/legitgrams.com\/wp-content\/uploads\/2024\/09\/main-logo.png\",\"width\":270,\"height\":75,\"caption\":\"Legit Grams\"},\"image\":{\"@id\":\"https:\/\/legitgrams.com\/#\/schema\/logo\/image\/\"}}]}<\/script>\n<!-- \/ Yoast SEO plugin. -->","yoast_head_json":{"title":"O n\u00e1s - Legit Grams","description":"vysoce kvalitn\u00ed kokain k n\u00e1kupu online, Sta\u010d\u00ed n\u011bkolik kliknut\u00ed a m\u016f\u017eete si prohl\u00e9dnout r\u016fzn\u00e9 druhy kokainu k prodeji online.","robots":{"index":"index","follow":"follow","max-snippet":"max-snippet:-1","max-image-preview":"max-image-preview:large","max-video-preview":"max-video-preview:-1"},"canonical":"https:\/\/legitgrams.com\/cs\/o\/","og_locale":"cs_CZ","og_type":"article","og_title":"About - Legit Grams","og_description":"high-quality cocaine for online purchase, With just a few clicks, you can browse through various types of Cocaine for sale online.","og_url":"https:\/\/legitgrams.com\/cs\/o\/","og_site_name":"Legit Grams","article_modified_time":"2024-05-02T12:33:44+00:00","og_image":[{"url":"https:\/\/legitgrams.com\/wp-content\/uploads\/2020\/03\/globe-free-img.png","type":"","width":"","height":""}],"twitter_card":"summary_large_image","twitter_misc":{"Odhadovan\u00e1 doba \u010dten\u00ed":"4 minuty"},"schema":{"@context":"https:\/\/schema.org","@graph":[{"@type":"WebPage","@id":"https:\/\/legitgrams.com\/about\/","url":"https:\/\/legitgrams.com\/about\/","name":"O n\u00e1s - Legit Grams","isPartOf":{"@id":"https:\/\/legitgrams.com\/#website"},"primaryImageOfPage":{"@id":"https:\/\/legitgrams.com\/about\/#primaryimage"},"image":{"@id":"https:\/\/legitgrams.com\/about\/#primaryimage"},"thumbnailUrl":"https:\/\/legitgrams.com\/wp-content\/uploads\/2020\/03\/globe-free-img.png","datePublished":"2020-08-25T12:04:18+00:00","dateModified":"2024-05-02T12:33:44+00:00","description":"vysoce kvalitn\u00ed kokain k n\u00e1kupu online, Sta\u010d\u00ed n\u011bkolik kliknut\u00ed a m\u016f\u017eete si prohl\u00e9dnout r\u016fzn\u00e9 druhy kokainu k prodeji online.","breadcrumb":{"@id":"https:\/\/legitgrams.com\/about\/#breadcrumb"},"inLanguage":"cs","potentialAction":[{"@type":"ReadAction","target":["https:\/\/legitgrams.com\/about\/"]}]},{"@type":"ImageObject","inLanguage":"cs","@id":"https:\/\/legitgrams.com\/about\/#primaryimage","url":"https:\/\/legitgrams.com\/wp-content\/uploads\/2020\/03\/globe-free-img.png","contentUrl":"https:\/\/legitgrams.com\/wp-content\/uploads\/2020\/03\/globe-free-img.png"},{"@type":"BreadcrumbList","@id":"https:\/\/legitgrams.com\/about\/#breadcrumb","itemListElement":[{"@type":"ListItem","position":1,"name":"Home","item":"https:\/\/legitgrams.com\/"},{"@type":"ListItem","position":2,"name":"About"}]},{"@type":"WebSite","@id":"https:\/\/legitgrams.com\/#website","url":"https:\/\/legitgrams.com\/","name":"Leg\u00e1ln\u00ed gramy","description":"M\u016fj blog WordPress","publisher":{"@id":"https:\/\/legitgrams.com\/#organization"},"potentialAction":[{"@type":"SearchAction","target":{"@type":"EntryPoint","urlTemplate":"https:\/\/legitgrams.com\/?s={search_term_string}"},"query-input":{"@type":"PropertyValueSpecification","valueRequired":true,"valueName":"search_term_string"}}],"inLanguage":"cs"},{"@type":"Organization","@id":"https:\/\/legitgrams.com\/#organization","name":"Leg\u00e1ln\u00ed gramy","url":"https:\/\/legitgrams.com\/","logo":{"@type":"ImageObject","inLanguage":"cs","@id":"https:\/\/legitgrams.com\/#\/schema\/logo\/image\/","url":"https:\/\/legitgrams.com\/wp-content\/uploads\/2024\/09\/main-logo.png","contentUrl":"https:\/\/legitgrams.com\/wp-content\/uploads\/2024\/09\/main-logo.png","width":270,"height":75,"caption":"Legit Grams"},"image":{"@id":"https:\/\/legitgrams.com\/#\/schema\/logo\/image\/"}}]}},"uagb_featured_image_src":{"full":false,"thumbnail":false,"medium":false,"medium_large":false,"large":false,"1536x1536":false,"2048x2048":false,"trp-custom-language-flag":false,"woocommerce_thumbnail":false,"woocommerce_single":false,"woocommerce_gallery_thumbnail":false},"uagb_author_info":{"display_name":"cokeblog18","author_link":"https:\/\/legitgrams.com\/cs\/author\/cokeblog18\/"},"uagb_comment_info":0,"uagb_excerpt":"About Us At LegitGrams, we specialize in providing high-quality cocaine for online purchase. Trust us for a discreet and reliable source of premium-grade cocaine. Buy Legit Cocaine Online \u2013 Cocaine Powder For Sale To begin with Buy Cocaine Online, Buy Cocaine\u00a0In Europe Are you considering getting cocaine online? If so, you may be wondering why&hellip;","_links":{"self":[{"href":"https:\/\/legitgrams.com\/cs\/wp-json\/wp\/v2\/pages\/2161","targetHints":{"allow":["GET"]}}],"collection":[{"href":"https:\/\/legitgrams.com\/cs\/wp-json\/wp\/v2\/pages"}],"about":[{"href":"https:\/\/legitgrams.com\/cs\/wp-json\/wp\/v2\/types\/page"}],"author":[{"embeddable":true,"href":"https:\/\/legitgrams.com\/cs\/wp-json\/wp\/v2\/users\/1"}],"replies":[{"embeddable":true,"href":"https:\/\/legitgrams.com\/cs\/wp-json\/wp\/v2\/comments?post=2161"}],"version-history":[{"count":0,"href":"https:\/\/legitgrams.com\/cs\/wp-json\/wp\/v2\/pages\/2161\/revisions"}],"wp:attachment":[{"href":"https:\/\/legitgrams.com\/cs\/wp-json\/wp\/v2\/media?parent=2161"}],"curies":[{"name":"wp","href":"https:\/\/api.w.org\/{rel}","templated":true}]}}