{"id":3239,"date":"2024-08-03T05:18:34","date_gmt":"2024-08-03T05:18:34","guid":{"rendered":"https:\/\/cokebricks.com\/?post_type=product&#038;p=3239"},"modified":"2025-01-14T06:57:01","modified_gmt":"2025-01-14T06:57:01","slug":"jwh018-novy","status":"publish","type":"product","link":"https:\/\/legitgrams.com\/cs\/produkt\/jwh018-novy\/","title":{"rendered":"JwH018 nov\u00fd"},"content":{"rendered":"<h2>JWH-018 na prodej | Internetov\u00fd obchod JWH-018<\/h2>\n<p><a href=\"https:\/\/legitgrams.com\/cs\/produkt\/jwh018-novy\/\">JWH 018<\/a>, relativn\u011b selektivn\u00ed agonista lidsk\u00e9ho perifern\u00edho kanabinoidn\u00edho (CB2) receptoru, se vyr\u00e1b\u00ed z aminoalkylindolu WIN 55,212-2. Hodnoty Ki pro vazbu k receptor\u016fm CB1 a CB2 jsou 9,0 a 2,94 nM, v dan\u00e9m po\u0159ad\u00ed, poskytuj\u00edc\u00ed pom\u011br CB1:CB2 3,061. V testech byly pou\u017eity krysy a v\u00fdsledky uk\u00e1zaly, \u017ee WIN 55,212-2 byl srovnateln\u00fd, pokud jde o inhibici spont\u00e1nn\u00ed aktivity, maxim\u00e1ln\u00ed antinociceptivn\u00ed \u00fa\u010dinek v testu \u0161vih\u00e1n\u00ed ocasem a rekt\u00e1ln\u00ed teplotu. Online prodej pr\u00e1\u0161ku JWH 018 v USA<\/p>\n<h3>JWH-018 je k dispozici ve Spojen\u00fdch st\u00e1tech.<\/h3>\n<p>Podle v\u00fdzkumu farmakologie zv\u00ed\u0159at p\u016fsob\u00ed tablety 018 podobn\u011b jako 9-THC. U my\u0161\u00ed m\u00e1 za n\u00e1sledek katalepsii, analgezii, pokles t\u011blesn\u00e9 teploty a celkov\u00fd pokles aktivity. Pokud vezmeme v \u00favahu tyto \u010dty\u0159i \u00fa\u010dinky, neexistuje v\u011bdeck\u00fd prediktor lidsk\u00e9 psychoaktivity srovnateln\u00fd s psychoaktivitou 9-THC. D\u00e1no <a href=\"https:\/\/en.wikipedia.org\/wiki\/JWH-018\">JWH-018<\/a>Vzhledem k v\u00fdkonu v ka\u017ed\u00e9m ze \u010dty\u0159 test\u016f je pravd\u011bpodobn\u00e9, \u017ee se u\u017eivatel\u00e9 mohou setkat s psychoaktivn\u00edmi \u00fa\u010dinky podobn\u00fdmi \u00fa\u010dink\u016fm THC. Ve studi\u00edch diskriminace l\u00e9k\u016f na potkanech vyvolal JWH-018 subjektivn\u00ed reakce podobn\u00e9 t\u011bm, kter\u00e9 m\u011bl 9-THC a generalizoval na 9-THC. JWH-018 m\u016f\u017ee m\u00edt \u00fa\u010dinky podobn\u00e9 \u00fa\u010dink\u016fm 9-THC in vivo, proto\u017ee se v\u00e1\u017ee na mozkov\u00fd kanabinoidn\u00ed receptor CB1 pevn\u011bji ne\u017e 9-THC a p\u0159i funk\u010dn\u00edm testov\u00e1n\u00ed vykazuje agonistick\u00e9 vlastnosti.<\/p>\n<p>Pr\u00e1\u0161ek JWH 018 je dostupn\u00fd prost\u0159ednictv\u00edm online prodejce se s\u00eddlem v USA. Dod\u00e1v\u00e1me bylinnou sm\u011bs \u201eSpice\u201c v n\u011bkolika r\u016fzn\u00fdch form\u00e1ch. Vzhledem k intoxika\u010dn\u00edm \u00fa\u010dink\u016fm jeho syntetick\u00e9ho kanabinoidu, kter\u00e9 jsou podobn\u00e9 \u00fa\u010dink\u016fm 9-THC v konop\u00ed, je u\u017e\u00edv\u00e1n\u00ed u v\u011bt\u0161iny u\u017eivatel\u016f zak\u00e1z\u00e1no. P\u0159esto\u017ee je jwh 018 mnohem \u00fa\u010dinn\u011bj\u0161\u00ed ne\u017e podobn\u00e9 d\u00e1vky konop\u00ed, je tak\u00e9 velmi obt\u00ed\u017en\u00e9 jej detekovat pomoc\u00ed konven\u010dn\u00edch testovac\u00edch metod 9-THC. V \u010dervenci 2009 byl JWH-018 uveden na seznamu drog a slou\u010denin vzbuzuj\u00edc\u00edch obavy americkou agenturou pro prosazov\u00e1n\u00ed drog (DEA). Krom\u011b zpr\u00e1v o zabaven\u00ed Spice na Florid\u011b a Ohiu p\u0159ijaly st\u00e1ty v\u010detn\u011b Alabama, Arkansasu a Floridy legislativu, kter\u00e1 zakazuje prodej nebo dr\u017een\u00ed pr\u00e1\u0161ku JWH-018. <a href=\"https:\/\/legitgrams.com\/cs\/\">LegitGrams<\/a><\/p>\n<h2><\/h2>\n<h2><\/h2>\n<p>&nbsp;<\/p>","protected":false},"excerpt":{"rendered":"<p>JWH-018 for sale | JWH-018 online store JWH 018, a relatively selective agonist of the human peripheral cannabinoid (CB2) receptor, is made from the aminoalkylindole WIN 55,212-2. The Ki values for binding to the CB1 and CB2 receptors are 9.0 and 2.94 nM, respectively, yielding a CB1:CB2 ratio of 3.061. Rats were used in the &hellip;<\/p>\n<p class=\"read-more\"> <a class=\"\" href=\"https:\/\/legitgrams.com\/cs\/produkt\/jwh018-novy\/\"> <span class=\"screen-reader-text\">JwH018 nov\u00fd<\/span> \u010c\u00edst d\u00e1l \"<\/a><\/p>","protected":false},"featured_media":3251,"comment_status":"open","ping_status":"closed","template":"","meta":{"_uag_custom_page_level_css":"","site-sidebar-layout":"default","site-content-layout":"default","ast-global-header-display":"","ast-main-header-display":"","ast-hfb-above-header-display":"","ast-hfb-below-header-display":"","ast-hfb-mobile-header-display":"","site-post-title":"","ast-breadcrumbs-content":"","ast-featured-img":"","footer-sml-layout":"","theme-transparent-header-meta":"default","adv-header-id-meta":"","stick-header-meta":"default","header-above-stick-meta":"","header-main-stick-meta":"","header-below-stick-meta":"","_joinchat":[]},"product_brand":[],"product_cat":[190],"product_tag":[553,554,555,556,557],"class_list":{"0":"post-3239","1":"product","2":"type-product","3":"status-publish","4":"has-post-thumbnail","6":"product_cat-cannabinoids","7":"product_tag-best-place-to-order-jwh018-online","8":"product_tag-buy-jwh018-online","9":"product_tag-how-to-buy-jwh018-online-discreetly","10":"product_tag-jwh018","11":"product_tag-jwh018for-sale","12":"desktop-align-left","13":"tablet-align-left","14":"mobile-align-left","15":"ast-product-gallery-layout-horizontal","16":"ast-product-gallery-with-no-image","17":"ast-product-single-variable","18":"ast-product-tabs-layout-horizontal","19":"ast-qv-on-image","21":"first","22":"instock","23":"shipping-taxable","24":"purchasable","25":"product-type-variable"},"yoast_head":"<!-- This site is optimized with the Yoast SEO plugin v25.9 - https:\/\/yoast.com\/wordpress\/plugins\/seo\/ -->\n<title>JWH018 New for Sale - Buy JWH018 New Online at Best Price<\/title>\n<meta name=\"description\" content=\"If you have not tried JwH018 new from our store, then you are missing a lot. We will help you buy JwH018 new online at cheap rates. Get JwH018 new for sale today!\" \/>\n<meta name=\"robots\" content=\"index, follow, max-snippet:-1, max-image-preview:large, max-video-preview:-1\" \/>\n<link rel=\"canonical\" href=\"https:\/\/legitgrams.com\/cs\/produkt\/jwh018-novy\/\" \/>\n<meta property=\"og:locale\" content=\"cs_CZ\" \/>\n<meta property=\"og:type\" content=\"article\" \/>\n<meta property=\"og:title\" content=\"JWH018 New for Sale - Buy JWH018 New Online at Best Price\" \/>\n<meta property=\"og:description\" content=\"If you have not tried JwH018 new from our store, then you are missing a lot. We will help you buy JwH018 new online at cheap rates. Get JwH018 new for sale today!\" \/>\n<meta property=\"og:url\" content=\"https:\/\/legitgrams.com\/cs\/produkt\/jwh018-novy\/\" \/>\n<meta property=\"og:site_name\" content=\"Legit Grams\" \/>\n<meta property=\"article:modified_time\" content=\"2025-01-14T06:57:01+00:00\" \/>\n<meta property=\"og:image\" content=\"https:\/\/legitgrams.com\/wp-content\/uploads\/2024\/08\/JwH018-new.gif\" \/>\n\t<meta property=\"og:image:width\" content=\"600\" \/>\n\t<meta property=\"og:image:height\" content=\"600\" \/>\n\t<meta property=\"og:image:type\" content=\"image\/gif\" \/>\n<meta name=\"twitter:card\" content=\"summary_large_image\" \/>\n<meta name=\"twitter:label1\" content=\"Odhadovan\u00e1 doba \u010dten\u00ed\" \/>\n\t<meta name=\"twitter:data1\" content=\"2 minuty\" \/>\n<script type=\"application\/ld+json\" class=\"yoast-schema-graph\">{\"@context\":\"https:\/\/schema.org\",\"@graph\":[{\"@type\":\"WebPage\",\"@id\":\"https:\/\/legitgrams.com\/product\/jwh018-new\/\",\"url\":\"https:\/\/legitgrams.com\/product\/jwh018-new\/\",\"name\":\"JWH018 New for Sale - Buy JWH018 New Online at Best Price\",\"isPartOf\":{\"@id\":\"https:\/\/legitgrams.com\/#website\"},\"primaryImageOfPage\":{\"@id\":\"https:\/\/legitgrams.com\/product\/jwh018-new\/#primaryimage\"},\"image\":{\"@id\":\"https:\/\/legitgrams.com\/product\/jwh018-new\/#primaryimage\"},\"thumbnailUrl\":\"https:\/\/legitgrams.com\/wp-content\/uploads\/2024\/08\/JwH018-new.gif\",\"datePublished\":\"2024-08-03T05:18:34+00:00\",\"dateModified\":\"2025-01-14T06:57:01+00:00\",\"description\":\"If you have not tried JwH018 new from our store, then you are missing a lot. We will help you buy JwH018 new online at cheap rates. Get JwH018 new for sale today!\",\"breadcrumb\":{\"@id\":\"https:\/\/legitgrams.com\/product\/jwh018-new\/#breadcrumb\"},\"inLanguage\":\"cs\",\"potentialAction\":[{\"@type\":\"ReadAction\",\"target\":[\"https:\/\/legitgrams.com\/product\/jwh018-new\/\"]}]},{\"@type\":\"ImageObject\",\"inLanguage\":\"cs\",\"@id\":\"https:\/\/legitgrams.com\/product\/jwh018-new\/#primaryimage\",\"url\":\"https:\/\/legitgrams.com\/wp-content\/uploads\/2024\/08\/JwH018-new.gif\",\"contentUrl\":\"https:\/\/legitgrams.com\/wp-content\/uploads\/2024\/08\/JwH018-new.gif\",\"width\":600,\"height\":600,\"caption\":\"JWH018 New for Sale\"},{\"@type\":\"BreadcrumbList\",\"@id\":\"https:\/\/legitgrams.com\/product\/jwh018-new\/#breadcrumb\",\"itemListElement\":[{\"@type\":\"ListItem\",\"position\":1,\"name\":\"Home\",\"item\":\"https:\/\/legitgrams.com\/\"},{\"@type\":\"ListItem\",\"position\":2,\"name\":\"Shop\",\"item\":\"https:\/\/legitgrams.com\/shop\/\"},{\"@type\":\"ListItem\",\"position\":3,\"name\":\"JwH018 new\"}]},{\"@type\":\"WebSite\",\"@id\":\"https:\/\/legitgrams.com\/#website\",\"url\":\"https:\/\/legitgrams.com\/\",\"name\":\"Legit Grams\",\"description\":\"My WordPress Blog\",\"publisher\":{\"@id\":\"https:\/\/legitgrams.com\/#organization\"},\"potentialAction\":[{\"@type\":\"SearchAction\",\"target\":{\"@type\":\"EntryPoint\",\"urlTemplate\":\"https:\/\/legitgrams.com\/?s={search_term_string}\"},\"query-input\":{\"@type\":\"PropertyValueSpecification\",\"valueRequired\":true,\"valueName\":\"search_term_string\"}}],\"inLanguage\":\"cs\"},{\"@type\":\"Organization\",\"@id\":\"https:\/\/legitgrams.com\/#organization\",\"name\":\"Legit Grams\",\"url\":\"https:\/\/legitgrams.com\/\",\"logo\":{\"@type\":\"ImageObject\",\"inLanguage\":\"cs\",\"@id\":\"https:\/\/legitgrams.com\/#\/schema\/logo\/image\/\",\"url\":\"https:\/\/legitgrams.com\/wp-content\/uploads\/2024\/09\/main-logo.png\",\"contentUrl\":\"https:\/\/legitgrams.com\/wp-content\/uploads\/2024\/09\/main-logo.png\",\"width\":270,\"height\":75,\"caption\":\"Legit Grams\"},\"image\":{\"@id\":\"https:\/\/legitgrams.com\/#\/schema\/logo\/image\/\"}}]}<\/script>\n<!-- \/ Yoast SEO plugin. -->","yoast_head_json":{"title":"JWH018 New na prodej - Kupte si JWH018 New online za nejlep\u0161\u00ed cenu","description":"Pokud jste je\u0161t\u011b nevyzkou\u0161eli JwH018 novinku z na\u0161eho obchodu, pak o hodn\u011b p\u0159ich\u00e1z\u00edte. Pom\u016f\u017eeme v\u00e1m koupit JwH018 new online za n\u00edzk\u00e9 ceny. Po\u0159i\u010fte si JwH018 new na prodej je\u0161t\u011b dnes!","robots":{"index":"index","follow":"follow","max-snippet":"max-snippet:-1","max-image-preview":"max-image-preview:large","max-video-preview":"max-video-preview:-1"},"canonical":"https:\/\/legitgrams.com\/cs\/produkt\/jwh018-novy\/","og_locale":"cs_CZ","og_type":"article","og_title":"JWH018 New for Sale - Buy JWH018 New Online at Best Price","og_description":"If you have not tried JwH018 new from our store, then you are missing a lot. We will help you buy JwH018 new online at cheap rates. Get JwH018 new for sale today!","og_url":"https:\/\/legitgrams.com\/cs\/produkt\/jwh018-novy\/","og_site_name":"Legit Grams","article_modified_time":"2025-01-14T06:57:01+00:00","og_image":[{"width":600,"height":600,"url":"https:\/\/legitgrams.com\/wp-content\/uploads\/2024\/08\/JwH018-new.gif","type":"image\/gif"}],"twitter_card":"summary_large_image","twitter_misc":{"Odhadovan\u00e1 doba \u010dten\u00ed":"2 minuty"},"schema":{"@context":"https:\/\/schema.org","@graph":[{"@type":"WebPage","@id":"https:\/\/legitgrams.com\/product\/jwh018-new\/","url":"https:\/\/legitgrams.com\/product\/jwh018-new\/","name":"JWH018 New na prodej - Kupte si JWH018 New online za nejlep\u0161\u00ed cenu","isPartOf":{"@id":"https:\/\/legitgrams.com\/#website"},"primaryImageOfPage":{"@id":"https:\/\/legitgrams.com\/product\/jwh018-new\/#primaryimage"},"image":{"@id":"https:\/\/legitgrams.com\/product\/jwh018-new\/#primaryimage"},"thumbnailUrl":"https:\/\/legitgrams.com\/wp-content\/uploads\/2024\/08\/JwH018-new.gif","datePublished":"2024-08-03T05:18:34+00:00","dateModified":"2025-01-14T06:57:01+00:00","description":"Pokud jste je\u0161t\u011b nevyzkou\u0161eli JwH018 novinku z na\u0161eho obchodu, pak o hodn\u011b p\u0159ich\u00e1z\u00edte. Pom\u016f\u017eeme v\u00e1m koupit JwH018 new online za n\u00edzk\u00e9 ceny. Po\u0159i\u010fte si JwH018 new na prodej je\u0161t\u011b dnes!","breadcrumb":{"@id":"https:\/\/legitgrams.com\/product\/jwh018-new\/#breadcrumb"},"inLanguage":"cs","potentialAction":[{"@type":"ReadAction","target":["https:\/\/legitgrams.com\/product\/jwh018-new\/"]}]},{"@type":"ImageObject","inLanguage":"cs","@id":"https:\/\/legitgrams.com\/product\/jwh018-new\/#primaryimage","url":"https:\/\/legitgrams.com\/wp-content\/uploads\/2024\/08\/JwH018-new.gif","contentUrl":"https:\/\/legitgrams.com\/wp-content\/uploads\/2024\/08\/JwH018-new.gif","width":600,"height":600,"caption":"JWH018 New for Sale"},{"@type":"BreadcrumbList","@id":"https:\/\/legitgrams.com\/product\/jwh018-new\/#breadcrumb","itemListElement":[{"@type":"ListItem","position":1,"name":"Home","item":"https:\/\/legitgrams.com\/"},{"@type":"ListItem","position":2,"name":"Shop","item":"https:\/\/legitgrams.com\/shop\/"},{"@type":"ListItem","position":3,"name":"JwH018 new"}]},{"@type":"WebSite","@id":"https:\/\/legitgrams.com\/#website","url":"https:\/\/legitgrams.com\/","name":"Leg\u00e1ln\u00ed gramy","description":"M\u016fj blog WordPress","publisher":{"@id":"https:\/\/legitgrams.com\/#organization"},"potentialAction":[{"@type":"SearchAction","target":{"@type":"EntryPoint","urlTemplate":"https:\/\/legitgrams.com\/?s={search_term_string}"},"query-input":{"@type":"PropertyValueSpecification","valueRequired":true,"valueName":"search_term_string"}}],"inLanguage":"cs"},{"@type":"Organization","@id":"https:\/\/legitgrams.com\/#organization","name":"Leg\u00e1ln\u00ed gramy","url":"https:\/\/legitgrams.com\/","logo":{"@type":"ImageObject","inLanguage":"cs","@id":"https:\/\/legitgrams.com\/#\/schema\/logo\/image\/","url":"https:\/\/legitgrams.com\/wp-content\/uploads\/2024\/09\/main-logo.png","contentUrl":"https:\/\/legitgrams.com\/wp-content\/uploads\/2024\/09\/main-logo.png","width":270,"height":75,"caption":"Legit Grams"},"image":{"@id":"https:\/\/legitgrams.com\/#\/schema\/logo\/image\/"}}]}},"uagb_featured_image_src":{"full":["https:\/\/legitgrams.com\/wp-content\/uploads\/2024\/08\/JwH018-new.gif",600,600,false],"thumbnail":["https:\/\/legitgrams.com\/wp-content\/uploads\/2024\/08\/JwH018-new-150x150.gif",150,150,true],"medium":["https:\/\/legitgrams.com\/wp-content\/uploads\/2024\/08\/JwH018-new-300x300.gif",300,300,true],"medium_large":["https:\/\/legitgrams.com\/wp-content\/uploads\/2024\/08\/JwH018-new.gif",600,600,false],"large":["https:\/\/legitgrams.com\/wp-content\/uploads\/2024\/08\/JwH018-new.gif",600,600,false],"1536x1536":["https:\/\/legitgrams.com\/wp-content\/uploads\/2024\/08\/JwH018-new.gif",600,600,false],"2048x2048":["https:\/\/legitgrams.com\/wp-content\/uploads\/2024\/08\/JwH018-new.gif",600,600,false],"trp-custom-language-flag":["https:\/\/legitgrams.com\/wp-content\/uploads\/2024\/08\/JwH018-new-12x12.gif",12,12,true],"woocommerce_thumbnail":["https:\/\/legitgrams.com\/wp-content\/uploads\/2024\/08\/JwH018-new-300x300.gif",300,300,true],"woocommerce_single":["https:\/\/legitgrams.com\/wp-content\/uploads\/2024\/08\/JwH018-new.gif",600,600,false],"woocommerce_gallery_thumbnail":["https:\/\/legitgrams.com\/wp-content\/uploads\/2024\/08\/JwH018-new-100x100.gif",100,100,true]},"uagb_author_info":{"display_name":"cokeblog18","author_link":"https:\/\/legitgrams.com\/cs\/author\/"},"uagb_comment_info":0,"uagb_excerpt":"JWH-018 for sale | JWH-018 online store JWH 018, a relatively selective agonist of the human peripheral cannabinoid (CB2) receptor, is made from the aminoalkylindole WIN 55,212-2. The Ki values for binding to the CB1 and CB2 receptors are 9.0 and 2.94 nM, respectively, yielding a CB1:CB2 ratio of 3.061. Rats were used in the&hellip;","_links":{"self":[{"href":"https:\/\/legitgrams.com\/cs\/wp-json\/wp\/v2\/product\/3239","targetHints":{"allow":["GET"]}}],"collection":[{"href":"https:\/\/legitgrams.com\/cs\/wp-json\/wp\/v2\/product"}],"about":[{"href":"https:\/\/legitgrams.com\/cs\/wp-json\/wp\/v2\/types\/product"}],"replies":[{"embeddable":true,"href":"https:\/\/legitgrams.com\/cs\/wp-json\/wp\/v2\/comments?post=3239"}],"wp:featuredmedia":[{"embeddable":true,"href":"https:\/\/legitgrams.com\/cs\/wp-json\/wp\/v2\/media\/3251"}],"wp:attachment":[{"href":"https:\/\/legitgrams.com\/cs\/wp-json\/wp\/v2\/media?parent=3239"}],"wp:term":[{"taxonomy":"product_brand","embeddable":true,"href":"https:\/\/legitgrams.com\/cs\/wp-json\/wp\/v2\/product_brand?post=3239"},{"taxonomy":"product_cat","embeddable":true,"href":"https:\/\/legitgrams.com\/cs\/wp-json\/wp\/v2\/product_cat?post=3239"},{"taxonomy":"product_tag","embeddable":true,"href":"https:\/\/legitgrams.com\/cs\/wp-json\/wp\/v2\/product_tag?post=3239"}],"curies":[{"name":"wp","href":"https:\/\/api.w.org\/{rel}","templated":true}]}}