{"id":3241,"date":"2024-08-03T05:18:39","date_gmt":"2024-08-03T05:18:39","guid":{"rendered":"https:\/\/cokebricks.com\/?post_type=product&#038;p=3241"},"modified":"2025-01-15T05:34:39","modified_gmt":"2025-01-15T05:34:39","slug":"sgt-263","status":"publish","type":"product","link":"https:\/\/legitgrams.com\/cs\/produkt\/sgt-263\/","title":{"rendered":"Sgt-263"},"content":{"rendered":"<h2>Koupit SGT-263 online<\/h2>\n<p>V na\u0161\u00ed zemi p\u016fvodu je u\u017e\u00edv\u00e1n\u00ed kanabinoidu SGT-263 leg\u00e1ln\u00ed. Je va\u0161\u00ed povinnost\u00ed zn\u00e1t a dodr\u017eovat v\u0161echny platn\u00e9 m\u00edstn\u00ed, st\u00e1tn\u00ed, feder\u00e1ln\u00ed, krajsk\u00e9 a obecn\u00ed z\u00e1kony. V p\u0159\u00edpad\u011b, \u017ee se rozhodnete prov\u00e9st objedn\u00e1vku, nep\u0159eb\u00edr\u00e1me \u017e\u00e1dnou odpov\u011bdnost za jej\u00ed v\u00fdsledky.<br \/>\nPro\u010d byste si m\u011bli koupit n\u00e1\u0161 kanabinoid <a href=\"https:\/\/legitgrams.com\/cs\/produkt\/sgt-263\/\">SGT-263<\/a>?<\/p>\n<p>Jsme d\u016fv\u011bryhodn\u00fdm poskytovatelem, proto\u017ee ji\u017e dlouhou dobu nab\u00edz\u00edme v\u00fdzkumn\u00e9 chemik\u00e1lie.<\/p>\n<p>\u017div\u00fd chat je k dispozici 24 hodin denn\u011b, 7 dn\u00ed v t\u00fddnu.Nev\u00e1hejte se zeptat na cokoli, co v\u00e1s zaj\u00edm\u00e1.<\/p>\n<p>R\u016fzn\u00e9 mo\u017enosti platby pro va\u0161e pot\u0159eby<\/p>\n<p>Pokud je va\u0161e objedn\u00e1vka zad\u00e1na do 16:00 hodin st\u0159edoevropsk\u00e9ho \u010dasu, odes\u00edl\u00e1me ji je\u0161t\u011b t\u00fd\u017e den.<\/p>\n<p>Up\u0159\u00edmn\u00e1 doporu\u010den\u00ed na\u0161ich z\u00e1kazn\u00edk\u016f v\u00e1m dodaj\u00ed jistotu p\u0159i n\u00e1kupu.<\/p>\n<p>Jako sv\u011btov\u00e1 autorita v oblasti dod\u00e1vek v\u00fdzkumn\u00fdch chemik\u00e1li\u00ed a LegitGrams.com, glob\u00e1ln\u00ed v\u00fdrobce v\u00fdzkumn\u00fdch chemik\u00e1li\u00ed, byla zalo\u017eena v roce 2008. Pracujeme tvrd\u011b Na\u0161e sklady um\u00edst\u011bn\u00e9 v Hongkongu, \u010c\u00edn\u011b, EU a na Ukrajin\u011b jsou expedi\u010dn\u00edmi m\u00edsty pro v\u0161echny v\u00fdrobky. Na\u0161e \u0161irok\u00e1 distribu\u010dn\u00ed s\u00ed\u0165 zaru\u010duje, \u017ee ve\u0161ker\u00e9 zbo\u017e\u00ed, kter\u00e9 si objedn\u00e1te, doraz\u00ed v\u010das, bude p\u0159epraveno na v\u00e1mi zvolen\u00e1 m\u00edsta k vyzvednut\u00ed a v\u010das doraz\u00ed na m\u00edsto ur\u010den\u00ed. Jsme spolehliv\u00ed a v\u010dasn\u00ed dodavatel\u00e9. Na\u0161\u00edm prvo\u0159ad\u00fdm c\u00edlem je, aby na\u0161i z\u00e1kazn\u00edci byli spokojeni. Z tohoto d\u016fvodu se sna\u017e\u00edme poskytovat \u0161pi\u010dkov\u00fd z\u00e1kaznick\u00fd servis. M\u016f\u017eete si b\u00fdt jisti, \u017ee va\u0161e objedn\u00e1vka z Top Cannabinoids Shop bude doru\u010dena v\u010das na v\u00e1mi uvedenou adresu. Krom\u011b toho poskytujeme r\u016fzn\u00e9 mo\u017enosti p\u0159epravy, kter\u00e9 n\u00e1m umo\u017e\u0148uj\u00ed doru\u010dit zbo\u017e\u00ed na\u0161im klient\u016fm na v\u00edce trh\u016f a m\u00edst po cel\u00e9m sv\u011bt\u011b. Ka\u017ed\u00fd \u010dl\u00e1nek na t\u011bchto webov\u00fdch str\u00e1nk\u00e1ch<\/p>\n<p>je mo\u017en\u00e9 zakoupit pouze za \u00fa\u010delem financov\u00e1n\u00ed vzd\u011bl\u00e1v\u00e1n\u00ed a v\u00fdzkumu. Neprod\u00e1v\u00e1me \u017e\u00e1dn\u00e9 na\u0161e produkty ur\u010den\u00e9 k po\u017eit\u00ed lidmi nebo zv\u00ed\u0159aty ani k jak\u00e9mukoli nedovolen\u00e9mu pou\u017eit\u00ed.<\/p>\n<p>Jednou z mimo\u0159\u00e1dn\u011b \u00fa\u010dinn\u00fdch molekul je 1-(5-fluoropentyl) nebo SGT-263(2-fenylpropan-2-yl)-N-podobn\u00fd MMB-CHMINACA, -7-azaindol-3-karboxamid. Syntetick\u00e9 konop\u00ed SGT-263 je zalo\u017eeno na pyrrolo[2,3-b]pyridin-3-karboxamidu a je uv\u00e1d\u011bno na trh jako designov\u00fd l\u00e9k.<\/p>\n<p>SGT-263 byl vyroben pro spole\u010dnost LegitGrams a je patentov\u00e1n presti\u017en\u00edm z\u00e1vodem v Nov\u00e9 \u010c\u00edn\u011b.<\/p>\n<p>SGT-263 je nov\u00fd druh konop\u00ed, kter\u00fd je leg\u00e1ln\u00ed t\u00e9m\u011b\u0159 v\u0161ude v\u010detn\u011b N\u011bmecka.<\/p>\n<p>D\u00e1le lze SGT-263 z\u00edskat pod n\u00e1zvem ipac 1-(5-fluoropentyl).2-aminopropan-2-yl -1H-pyrrolo[2,3-b]pyridin's -N-3-karboxamid.<\/p>\n<p>Kanabinoid 1-(5-fluoropentyl)-N-(2-fenylpropan-2-yl)-7-azaindol-3-karboxamid je bl\u00edzce p\u0159\u00edbuzn\u00fd SGT-25. Krom\u011b toho je v sou\u010dasn\u00e9 dob\u011b koksov\u00e1 cihlov\u00e1 s\u00edla leg\u00e1ln\u00ed v cel\u00e9 Evrop\u011b. Zkratka n\u00e1zvu ulice je SGT-263. SGT-25 je slo\u017ekou, kter\u00e1 se nach\u00e1z\u00ed v \"C-Liquidu\", p\u0159\u00edsad\u011b do tekutiny pro elektronick\u00e9 cigarety, a p\u0159\u00edle\u017eitostn\u011b se u\u017e\u00edv\u00e1 rekrea\u010dn\u011b.<\/p>\n<p>Farmakologie: 1. (Fluoropentyl-5-)(2-fenylpropan-2-yl)-N-Syntetick\u00fd kanabinoid, kter\u00fd pat\u0159\u00ed do skupiny indazol-3-karboxamid\u016f, -7-azaindol-3-karboxamid m\u00e1 spletitou farmakologickou strukturu. P\u0159edpokl\u00e1d\u00e1 se, \u017ee jeho selektivita pro receptor CB1 je p\u0159ibli\u017en\u011b \u010dty\u0159ikr\u00e1t vy\u0161\u0161\u00ed ne\u017e selektivita <a href=\"https:\/\/en.wikipedia.org\/wiki\/5F-CUMYL-P7AICA\">5F-KUMYL-PINACA<\/a>.<\/p>\n<p>Srovnateln\u00e9 polo\u017eky: 5F-SDB-006, MMB-CHMINACA a CUMYL-PICA<\/p>\n<p>- CUMYL-PINACA, CUMYL-THPINACA, SDB-006<\/p>\n<p>P\u0159ed n\u00e1kupem se ujist\u011bte, \u017ee jste \u0159\u00e1dn\u011b p\u0159ipraveni na pr\u00e1ci s v\u00fdzkumn\u00fdmi chemik\u00e1liemi a \u017ee je v\u00e1\u0161 pracovn\u00ed prostor dob\u0159e v\u011btran\u00fd. <a href=\"https:\/\/legitgrams.com\/cs\/\">LegitGrams<\/a><\/p>\n<p>&nbsp;<\/p>\n<p>&nbsp;<\/p>\n<p>&nbsp;<\/p>","protected":false},"excerpt":{"rendered":"<p>Purchase SGT-263 Online In our nation of origin, using SGT-263 Cannabinoid is lawful. It is your responsibility to know and abide by all applicable local, state, federal, county, and municipal laws. In the event that you choose to place an order, we assume no responsibility for the results. Why Should You Buy Our Cannabinoid SGT-263? &hellip;<\/p>\n<p class=\"read-more\"> <a class=\"\" href=\"https:\/\/legitgrams.com\/cs\/produkt\/sgt-263\/\"> <span class=\"screen-reader-text\">Sgt-263<\/span> \u010c\u00edst d\u00e1l \"<\/a><\/p>","protected":false},"featured_media":3253,"comment_status":"open","ping_status":"closed","template":"","meta":{"_uag_custom_page_level_css":"","site-sidebar-layout":"default","site-content-layout":"default","ast-global-header-display":"","ast-main-header-display":"","ast-hfb-above-header-display":"","ast-hfb-below-header-display":"","ast-hfb-mobile-header-display":"","site-post-title":"","ast-breadcrumbs-content":"","ast-featured-img":"","footer-sml-layout":"","theme-transparent-header-meta":"default","adv-header-id-meta":"","stick-header-meta":"default","header-above-stick-meta":"","header-main-stick-meta":"","header-below-stick-meta":"","_joinchat":[]},"product_brand":[],"product_cat":[190],"product_tag":[465,466,237,461,467,468,469,470,471,472,473,474,475],"class_list":{"0":"post-3241","1":"product","2":"type-product","3":"status-publish","4":"has-post-thumbnail","6":"product_cat-cannabinoids","7":"product_tag-5f-cumyl-p7aica","8":"product_tag-5f-cumyl-pinaca","9":"product_tag-5f-mdmb-2201","10":"product_tag-5f-mdmb-2201-cayman","11":"product_tag-cumyl-cb-pinaca","12":"product_tag-sgt-263-dosage","13":"product_tag-sgt-263-erowid","14":"product_tag-sgt-67","15":"product_tag-sgt-151","16":"product_tag-sgt-263-psychonaut","17":"product_tag-sgt-263-reddit","18":"product_tag-sgt-263-wiki","19":"product_tag-sgt-78","20":"desktop-align-left","21":"tablet-align-left","22":"mobile-align-left","23":"ast-product-gallery-layout-horizontal","24":"ast-product-gallery-with-no-image","25":"ast-product-single-variable","26":"ast-product-tabs-layout-horizontal","27":"ast-qv-on-image","29":"first","30":"instock","31":"shipping-taxable","32":"purchasable","33":"product-type-variable"},"yoast_head":"<!-- This site is optimized with the Yoast SEO plugin v25.9 - https:\/\/yoast.com\/wordpress\/plugins\/seo\/ -->\n<title>Sgt-263 for Sale - Order Sgt-263 Powder Online | LegitGrams<\/title>\n<meta name=\"description\" content=\"Find premium Sgt-263 powder for sale at our online store, providing a secure platform to buy Sgt-263 online with ease, catering to your research needs. Hit your order now!\" \/>\n<meta name=\"robots\" content=\"index, follow, max-snippet:-1, max-image-preview:large, max-video-preview:-1\" \/>\n<link rel=\"canonical\" href=\"https:\/\/legitgrams.com\/cs\/produkt\/sgt-263\/\" \/>\n<meta property=\"og:locale\" content=\"cs_CZ\" \/>\n<meta property=\"og:type\" content=\"article\" \/>\n<meta property=\"og:title\" content=\"Sgt-263 for Sale - Order Sgt-263 Powder Online | LegitGrams\" \/>\n<meta property=\"og:description\" content=\"Find premium Sgt-263 powder for sale at our online store, providing a secure platform to buy Sgt-263 online with ease, catering to your research needs. Hit your order now!\" \/>\n<meta property=\"og:url\" content=\"https:\/\/legitgrams.com\/cs\/produkt\/sgt-263\/\" \/>\n<meta property=\"og:site_name\" content=\"Legit Grams\" \/>\n<meta property=\"article:modified_time\" content=\"2025-01-15T05:34:39+00:00\" \/>\n<meta property=\"og:image\" content=\"https:\/\/legitgrams.com\/wp-content\/uploads\/2024\/08\/Sgt-263.gif\" \/>\n\t<meta property=\"og:image:width\" content=\"600\" \/>\n\t<meta property=\"og:image:height\" content=\"600\" \/>\n\t<meta property=\"og:image:type\" content=\"image\/gif\" \/>\n<meta name=\"twitter:card\" content=\"summary_large_image\" \/>\n<meta name=\"twitter:label1\" content=\"Odhadovan\u00e1 doba \u010dten\u00ed\" \/>\n\t<meta name=\"twitter:data1\" content=\"3 minuty\" \/>\n<script type=\"application\/ld+json\" class=\"yoast-schema-graph\">{\"@context\":\"https:\/\/schema.org\",\"@graph\":[{\"@type\":\"WebPage\",\"@id\":\"https:\/\/legitgrams.com\/product\/sgt-263\/\",\"url\":\"https:\/\/legitgrams.com\/product\/sgt-263\/\",\"name\":\"Sgt-263 for Sale - Order Sgt-263 Powder Online | LegitGrams\",\"isPartOf\":{\"@id\":\"https:\/\/legitgrams.com\/#website\"},\"primaryImageOfPage\":{\"@id\":\"https:\/\/legitgrams.com\/product\/sgt-263\/#primaryimage\"},\"image\":{\"@id\":\"https:\/\/legitgrams.com\/product\/sgt-263\/#primaryimage\"},\"thumbnailUrl\":\"https:\/\/legitgrams.com\/wp-content\/uploads\/2024\/08\/Sgt-263.gif\",\"datePublished\":\"2024-08-03T05:18:39+00:00\",\"dateModified\":\"2025-01-15T05:34:39+00:00\",\"description\":\"Find premium Sgt-263 powder for sale at our online store, providing a secure platform to buy Sgt-263 online with ease, catering to your research needs. Hit your order now!\",\"breadcrumb\":{\"@id\":\"https:\/\/legitgrams.com\/product\/sgt-263\/#breadcrumb\"},\"inLanguage\":\"cs\",\"potentialAction\":[{\"@type\":\"ReadAction\",\"target\":[\"https:\/\/legitgrams.com\/product\/sgt-263\/\"]}]},{\"@type\":\"ImageObject\",\"inLanguage\":\"cs\",\"@id\":\"https:\/\/legitgrams.com\/product\/sgt-263\/#primaryimage\",\"url\":\"https:\/\/legitgrams.com\/wp-content\/uploads\/2024\/08\/Sgt-263.gif\",\"contentUrl\":\"https:\/\/legitgrams.com\/wp-content\/uploads\/2024\/08\/Sgt-263.gif\",\"width\":600,\"height\":600,\"caption\":\"Sgt-263 for Sale\"},{\"@type\":\"BreadcrumbList\",\"@id\":\"https:\/\/legitgrams.com\/product\/sgt-263\/#breadcrumb\",\"itemListElement\":[{\"@type\":\"ListItem\",\"position\":1,\"name\":\"Home\",\"item\":\"https:\/\/legitgrams.com\/\"},{\"@type\":\"ListItem\",\"position\":2,\"name\":\"Shop\",\"item\":\"https:\/\/legitgrams.com\/shop\/\"},{\"@type\":\"ListItem\",\"position\":3,\"name\":\"Sgt-263\"}]},{\"@type\":\"WebSite\",\"@id\":\"https:\/\/legitgrams.com\/#website\",\"url\":\"https:\/\/legitgrams.com\/\",\"name\":\"Legit Grams\",\"description\":\"My WordPress Blog\",\"publisher\":{\"@id\":\"https:\/\/legitgrams.com\/#organization\"},\"potentialAction\":[{\"@type\":\"SearchAction\",\"target\":{\"@type\":\"EntryPoint\",\"urlTemplate\":\"https:\/\/legitgrams.com\/?s={search_term_string}\"},\"query-input\":{\"@type\":\"PropertyValueSpecification\",\"valueRequired\":true,\"valueName\":\"search_term_string\"}}],\"inLanguage\":\"cs\"},{\"@type\":\"Organization\",\"@id\":\"https:\/\/legitgrams.com\/#organization\",\"name\":\"Legit Grams\",\"url\":\"https:\/\/legitgrams.com\/\",\"logo\":{\"@type\":\"ImageObject\",\"inLanguage\":\"cs\",\"@id\":\"https:\/\/legitgrams.com\/#\/schema\/logo\/image\/\",\"url\":\"https:\/\/legitgrams.com\/wp-content\/uploads\/2024\/09\/main-logo.png\",\"contentUrl\":\"https:\/\/legitgrams.com\/wp-content\/uploads\/2024\/09\/main-logo.png\",\"width\":270,\"height\":75,\"caption\":\"Legit Grams\"},\"image\":{\"@id\":\"https:\/\/legitgrams.com\/#\/schema\/logo\/image\/\"}}]}<\/script>\n<!-- \/ Yoast SEO plugin. -->","yoast_head_json":{"title":"Sgt-263 na prodej - objednejte si Sgt-263 pr\u00e1\u0161ek online | LegitGrams","description":"Najd\u011bte pr\u00e9miov\u00fd pr\u00e1\u0161ek Sgt-263 na prodej v na\u0161em internetov\u00e9m obchod\u011b, kter\u00fd poskytuje bezpe\u010dnou platformu pro snadn\u00fd n\u00e1kup Sgt-263 online a uspokojuje va\u0161e v\u00fdzkumn\u00e9 pot\u0159eby. Ude\u0159te na svou objedn\u00e1vku nyn\u00ed!","robots":{"index":"index","follow":"follow","max-snippet":"max-snippet:-1","max-image-preview":"max-image-preview:large","max-video-preview":"max-video-preview:-1"},"canonical":"https:\/\/legitgrams.com\/cs\/produkt\/sgt-263\/","og_locale":"cs_CZ","og_type":"article","og_title":"Sgt-263 for Sale - Order Sgt-263 Powder Online | LegitGrams","og_description":"Find premium Sgt-263 powder for sale at our online store, providing a secure platform to buy Sgt-263 online with ease, catering to your research needs. Hit your order now!","og_url":"https:\/\/legitgrams.com\/cs\/produkt\/sgt-263\/","og_site_name":"Legit Grams","article_modified_time":"2025-01-15T05:34:39+00:00","og_image":[{"width":600,"height":600,"url":"https:\/\/legitgrams.com\/wp-content\/uploads\/2024\/08\/Sgt-263.gif","type":"image\/gif"}],"twitter_card":"summary_large_image","twitter_misc":{"Odhadovan\u00e1 doba \u010dten\u00ed":"3 minuty"},"schema":{"@context":"https:\/\/schema.org","@graph":[{"@type":"WebPage","@id":"https:\/\/legitgrams.com\/product\/sgt-263\/","url":"https:\/\/legitgrams.com\/product\/sgt-263\/","name":"Sgt-263 na prodej - objednejte si Sgt-263 pr\u00e1\u0161ek online | LegitGrams","isPartOf":{"@id":"https:\/\/legitgrams.com\/#website"},"primaryImageOfPage":{"@id":"https:\/\/legitgrams.com\/product\/sgt-263\/#primaryimage"},"image":{"@id":"https:\/\/legitgrams.com\/product\/sgt-263\/#primaryimage"},"thumbnailUrl":"https:\/\/legitgrams.com\/wp-content\/uploads\/2024\/08\/Sgt-263.gif","datePublished":"2024-08-03T05:18:39+00:00","dateModified":"2025-01-15T05:34:39+00:00","description":"Najd\u011bte pr\u00e9miov\u00fd pr\u00e1\u0161ek Sgt-263 na prodej v na\u0161em internetov\u00e9m obchod\u011b, kter\u00fd poskytuje bezpe\u010dnou platformu pro snadn\u00fd n\u00e1kup Sgt-263 online a uspokojuje va\u0161e v\u00fdzkumn\u00e9 pot\u0159eby. Ude\u0159te na svou objedn\u00e1vku nyn\u00ed!","breadcrumb":{"@id":"https:\/\/legitgrams.com\/product\/sgt-263\/#breadcrumb"},"inLanguage":"cs","potentialAction":[{"@type":"ReadAction","target":["https:\/\/legitgrams.com\/product\/sgt-263\/"]}]},{"@type":"ImageObject","inLanguage":"cs","@id":"https:\/\/legitgrams.com\/product\/sgt-263\/#primaryimage","url":"https:\/\/legitgrams.com\/wp-content\/uploads\/2024\/08\/Sgt-263.gif","contentUrl":"https:\/\/legitgrams.com\/wp-content\/uploads\/2024\/08\/Sgt-263.gif","width":600,"height":600,"caption":"Sgt-263 for Sale"},{"@type":"BreadcrumbList","@id":"https:\/\/legitgrams.com\/product\/sgt-263\/#breadcrumb","itemListElement":[{"@type":"ListItem","position":1,"name":"Home","item":"https:\/\/legitgrams.com\/"},{"@type":"ListItem","position":2,"name":"Shop","item":"https:\/\/legitgrams.com\/shop\/"},{"@type":"ListItem","position":3,"name":"Sgt-263"}]},{"@type":"WebSite","@id":"https:\/\/legitgrams.com\/#website","url":"https:\/\/legitgrams.com\/","name":"Leg\u00e1ln\u00ed gramy","description":"M\u016fj blog WordPress","publisher":{"@id":"https:\/\/legitgrams.com\/#organization"},"potentialAction":[{"@type":"SearchAction","target":{"@type":"EntryPoint","urlTemplate":"https:\/\/legitgrams.com\/?s={search_term_string}"},"query-input":{"@type":"PropertyValueSpecification","valueRequired":true,"valueName":"search_term_string"}}],"inLanguage":"cs"},{"@type":"Organization","@id":"https:\/\/legitgrams.com\/#organization","name":"Leg\u00e1ln\u00ed gramy","url":"https:\/\/legitgrams.com\/","logo":{"@type":"ImageObject","inLanguage":"cs","@id":"https:\/\/legitgrams.com\/#\/schema\/logo\/image\/","url":"https:\/\/legitgrams.com\/wp-content\/uploads\/2024\/09\/main-logo.png","contentUrl":"https:\/\/legitgrams.com\/wp-content\/uploads\/2024\/09\/main-logo.png","width":270,"height":75,"caption":"Legit Grams"},"image":{"@id":"https:\/\/legitgrams.com\/#\/schema\/logo\/image\/"}}]}},"uagb_featured_image_src":{"full":["https:\/\/legitgrams.com\/wp-content\/uploads\/2024\/08\/Sgt-263.gif",600,600,false],"thumbnail":["https:\/\/legitgrams.com\/wp-content\/uploads\/2024\/08\/Sgt-263-150x150.gif",150,150,true],"medium":["https:\/\/legitgrams.com\/wp-content\/uploads\/2024\/08\/Sgt-263-300x300.gif",300,300,true],"medium_large":["https:\/\/legitgrams.com\/wp-content\/uploads\/2024\/08\/Sgt-263.gif",600,600,false],"large":["https:\/\/legitgrams.com\/wp-content\/uploads\/2024\/08\/Sgt-263.gif",600,600,false],"1536x1536":["https:\/\/legitgrams.com\/wp-content\/uploads\/2024\/08\/Sgt-263.gif",600,600,false],"2048x2048":["https:\/\/legitgrams.com\/wp-content\/uploads\/2024\/08\/Sgt-263.gif",600,600,false],"trp-custom-language-flag":["https:\/\/legitgrams.com\/wp-content\/uploads\/2024\/08\/Sgt-263-12x12.gif",12,12,true],"woocommerce_thumbnail":["https:\/\/legitgrams.com\/wp-content\/uploads\/2024\/08\/Sgt-263-300x300.gif",300,300,true],"woocommerce_single":["https:\/\/legitgrams.com\/wp-content\/uploads\/2024\/08\/Sgt-263.gif",600,600,false],"woocommerce_gallery_thumbnail":["https:\/\/legitgrams.com\/wp-content\/uploads\/2024\/08\/Sgt-263-100x100.gif",100,100,true]},"uagb_author_info":{"display_name":"cokeblog18","author_link":"https:\/\/legitgrams.com\/cs\/author\/"},"uagb_comment_info":0,"uagb_excerpt":"Purchase SGT-263 Online In our nation of origin, using SGT-263 Cannabinoid is lawful. It is your responsibility to know and abide by all applicable local, state, federal, county, and municipal laws. In the event that you choose to place an order, we assume no responsibility for the results. Why Should You Buy Our Cannabinoid SGT-263?&hellip;","_links":{"self":[{"href":"https:\/\/legitgrams.com\/cs\/wp-json\/wp\/v2\/product\/3241","targetHints":{"allow":["GET"]}}],"collection":[{"href":"https:\/\/legitgrams.com\/cs\/wp-json\/wp\/v2\/product"}],"about":[{"href":"https:\/\/legitgrams.com\/cs\/wp-json\/wp\/v2\/types\/product"}],"replies":[{"embeddable":true,"href":"https:\/\/legitgrams.com\/cs\/wp-json\/wp\/v2\/comments?post=3241"}],"wp:featuredmedia":[{"embeddable":true,"href":"https:\/\/legitgrams.com\/cs\/wp-json\/wp\/v2\/media\/3253"}],"wp:attachment":[{"href":"https:\/\/legitgrams.com\/cs\/wp-json\/wp\/v2\/media?parent=3241"}],"wp:term":[{"taxonomy":"product_brand","embeddable":true,"href":"https:\/\/legitgrams.com\/cs\/wp-json\/wp\/v2\/product_brand?post=3241"},{"taxonomy":"product_cat","embeddable":true,"href":"https:\/\/legitgrams.com\/cs\/wp-json\/wp\/v2\/product_cat?post=3241"},{"taxonomy":"product_tag","embeddable":true,"href":"https:\/\/legitgrams.com\/cs\/wp-json\/wp\/v2\/product_tag?post=3241"}],"curies":[{"name":"wp","href":"https:\/\/api.w.org\/{rel}","templated":true}]}}