{"id":3243,"date":"2024-08-03T05:18:34","date_gmt":"2024-08-03T05:18:34","guid":{"rendered":"https:\/\/cokebricks.com\/?post_type=product&#038;p=3243"},"modified":"2025-01-14T07:00:00","modified_gmt":"2025-01-14T07:00:00","slug":"jwh021-novy","status":"publish","type":"product","link":"https:\/\/legitgrams.com\/cs\/produkt\/jwh021-novy\/","title":{"rendered":"Jwh021 nov\u00fd"},"content":{"rendered":"<h2>Kupte si pr\u00e1\u0161ek JWH 021 online v americk\u00e9m obchod\u011b.<\/h2>\n<p>JWH-018 Poskytujeme \u0159adu variac\u00ed bylinn\u00e9 sm\u011bsi ozna\u010dovan\u00e9 jako \u201eKo\u0159en\u00ed\u201c. Tento syntetick\u00fd kanabinoid je obvykle u\u017e\u00edv\u00e1n neleg\u00e1ln\u011b pro sv\u00e9 omamn\u00e9 vlastnosti, kter\u00e9 jsou srovnateln\u00e9 s vlastnostmi 9-THC v konop\u00ed. P\u0159esto\u017ee je JWH 021 mnohem \u00fa\u010dinn\u011bj\u0161\u00ed ne\u017e srovnateln\u00e9 d\u00e1vky konop\u00ed, je tak\u00e9 velmi obt\u00ed\u017en\u00e9 jej identifikovat pomoc\u00ed standardn\u00edch testovac\u00edch technik 9-THC. JWH-021 byl v \u010dervenci 2009 p\u0159id\u00e1n na seznam l\u00e1tek a l\u00e1tek vzbuzuj\u00edc\u00edch obavy od Americk\u00e9 protidrogov\u00e9 agentury (DEA). Jin\u00e9 st\u00e1ty, jako Alabama, Arkansas a Florida, p\u0159ijaly z\u00e1kony omezuj\u00edc\u00ed prodej nebo dr\u017een\u00ed <a href=\"https:\/\/en.wikipedia.org\/wiki\/JWH-210\">JWH021 pr\u00e1\u0161ek<\/a> krom\u011b zpr\u00e1v o z\u00e1chytech Spice v Ohiu a na Florid\u011b.<\/p>\n<h3>Prod\u00e1m: JWH 021 | Kupte si JWH 021 na internetu<\/h3>\n<p>WIN 55,212-2 je zdrojem JWH 021, aminoalkylindolu, kter\u00fd funguje jako agonista receptoru CB2 s m\u00edrn\u00fdm stupn\u011bm selektivity. Pro pom\u011br CB1:CB2 3,061 jsou hodnoty Ki pro vazbu k receptor\u016fm CB1 a CB2 9,0 a 2,94 nM, v dan\u00e9m po\u0159ad\u00ed. V\u00fdsledky test\u016f na krys\u00e1ch byly podobn\u00e9 jako u WIN 55,212-2, pokud jde o inhibici spont\u00e1nn\u00ed aktivity, maxim\u00e1ln\u00ed antinociceptivn\u00ed \u00fa\u010dinek v experimentu \u0161vih\u00e1n\u00ed ocasem a rekt\u00e1ln\u00ed teplotu. Prodeje <a href=\"https:\/\/legitgrams.com\/cs\/produkt\/jwh021-novy\/\">JWH 021 pr\u00e1\u0161ek online<\/a> v USA<\/p>\n<h3>JWH 021 dostupn\u00fd ve Spojen\u00fdch st\u00e1tech<\/h3>\n<p>Farmakologick\u00e9 studie na zv\u00ed\u0159atech ukazuj\u00ed, \u017ee pilulka JWH 021 funguje podobn\u011b jako 9-THC. Zp\u016fsobuje katalepsii, analgezii, pokles t\u011blesn\u00e9 teploty a celkov\u00fd pokles aktivity u my\u0161\u00ed. V\u00fdzkumn\u00edci jsou schopni p\u0159edpov\u011bd\u011bt psychoaktivitu u jedinc\u016f, kte\u0159\u00ed kombinuj\u00ed v\u0161echny \u010dty\u0159i tyto \u00fa\u010dinky, jsou podobn\u00ed jedinc\u016fm, kte\u0159\u00ed u\u017e\u00edvaj\u00ed 9-THC. Na z\u00e1klad\u011b v\u00fdsledk\u016f ve v\u0161ech \u010dty\u0159ech testech m\u00e1 JWH 021 u lid\u00ed pravd\u011bpodobn\u011b psychoaktivn\u00ed \u00fa\u010dinky podobn\u00e9 \u00fa\u010dink\u016fm THC. JWH 021 vyvolal subjektivn\u00ed odpov\u011bdi, kter\u00e9 byly srovnateln\u00e9 s 9-THC ve studi\u00edch na potkanech zam\u011b\u0159en\u00fdch na diskriminaci l\u00e9k\u016f, a tyto odpov\u011bdi se roz\u0161\u00ed\u0159ily na 9-THC. JWH 021 m\u016f\u017ee in vivo fungovat podobn\u011b jako 9-THC, proto\u017ee se v\u00e1\u017ee na mozkov\u00fd kanabinoidn\u00ed receptor CB1 siln\u011bji ne\u017e 9-THC a p\u0159i funk\u010dn\u00edm testov\u00e1n\u00ed vykazuje agonistick\u00e9 vlastnosti. <a href=\"https:\/\/legitgrams.com\/cs\/\">LegitGrams<\/a><\/p>\n<p>&nbsp;<\/p>\n<p>&nbsp;<\/p>\n<h2><\/h2>\n<h2><\/h2>\n<h2><\/h2>\n<p>&nbsp;<\/p>","protected":false},"excerpt":{"rendered":"<p><b>JWH-018<\/b>\u00a0(<b>1-pentyl-3-(1-naftoyl)indol<\/b>,\u00a0<b>NA-PIMO <\/b>nebo <b>AM-678<\/b>) <sup id=\"cite_ref-4\" class=\"reference\"><\/sup>\u00a0je analgetick\u00e1 chemick\u00e1 l\u00e1tka ze skupiny naftoylindol\u016f, kter\u00e1 p\u016fsob\u00ed jako pln\u00fd agonista na CB<sub>1<\/sub>\u00a0a CB<sub>2<\/sub>\u00a0kanabinoidn\u00edch receptor\u016f, s ur\u010ditou selektivitou pro CB<sub>2<\/sub>. U zv\u00ed\u0159at vyvol\u00e1v\u00e1 podobn\u00e9 \u00fa\u010dinky jako tetrahydrokanabinol (THC), kanabinoid p\u0159irozen\u011b obsa\u017een\u00fd v konop\u00ed, co\u017e vedlo k jeho pou\u017e\u00edv\u00e1n\u00ed v syntetick\u00fdch konopn\u00fdch produktech, kter\u00e9 se v n\u011bkter\u00fdch zem\u00edch leg\u00e1ln\u011b prod\u00e1vaj\u00ed jako \"vonn\u00e9 sm\u011bsi\".<\/p>","protected":false},"featured_media":3252,"comment_status":"open","ping_status":"closed","template":"","meta":{"_uag_custom_page_level_css":"","site-sidebar-layout":"default","site-content-layout":"default","ast-global-header-display":"","ast-main-header-display":"","ast-hfb-above-header-display":"","ast-hfb-below-header-display":"","ast-hfb-mobile-header-display":"","site-post-title":"","ast-breadcrumbs-content":"","ast-featured-img":"","footer-sml-layout":"","theme-transparent-header-meta":"default","adv-header-id-meta":"","stick-header-meta":"default","header-above-stick-meta":"","header-main-stick-meta":"","header-below-stick-meta":"","_joinchat":[]},"product_brand":[],"product_cat":[190],"product_tag":[548,549,550,551,552],"class_list":{"0":"post-3243","1":"product","2":"type-product","3":"status-publish","4":"has-post-thumbnail","6":"product_cat-cannabinoids","7":"product_tag-best-place-to-order-jwh021-online","8":"product_tag-buy-jwh021-online","9":"product_tag-how-to-buy-jwh021-online-discreetly","10":"product_tag-jwh021","11":"product_tag-jwh021-for-sale","12":"desktop-align-left","13":"tablet-align-left","14":"mobile-align-left","15":"ast-product-gallery-layout-horizontal","16":"ast-product-gallery-with-no-image","17":"ast-product-single-variable","18":"ast-product-tabs-layout-horizontal","19":"ast-qv-on-image","21":"first","22":"instock","23":"shipping-taxable","24":"purchasable","25":"product-type-variable"},"yoast_head":"<!-- This site is optimized with the Yoast SEO plugin v25.9 - https:\/\/yoast.com\/wordpress\/plugins\/seo\/ -->\n<title>Jwh021 New for Sale - Order Jwh021 New Online | LegitGrams<\/title>\n<meta name=\"description\" content=\"Find premium Jwh021 new for sale at our online store, providing a secure platform to buy Jwh021 new online with ease, catering to your research needs.\" \/>\n<meta name=\"robots\" content=\"index, follow, max-snippet:-1, max-image-preview:large, max-video-preview:-1\" \/>\n<link rel=\"canonical\" href=\"https:\/\/legitgrams.com\/cs\/produkt\/jwh021-novy\/\" \/>\n<meta property=\"og:locale\" content=\"cs_CZ\" \/>\n<meta property=\"og:type\" content=\"article\" \/>\n<meta property=\"og:title\" content=\"Jwh021 New for Sale - Order Jwh021 New Online | LegitGrams\" \/>\n<meta property=\"og:description\" content=\"Find premium Jwh021 new for sale at our online store, providing a secure platform to buy Jwh021 new online with ease, catering to your research needs.\" \/>\n<meta property=\"og:url\" content=\"https:\/\/legitgrams.com\/cs\/produkt\/jwh021-novy\/\" \/>\n<meta property=\"og:site_name\" content=\"Legit Grams\" \/>\n<meta property=\"article:modified_time\" content=\"2025-01-14T07:00:00+00:00\" \/>\n<meta property=\"og:image\" content=\"https:\/\/legitgrams.com\/wp-content\/uploads\/2024\/08\/Jwh021-new.gif\" \/>\n\t<meta property=\"og:image:width\" content=\"600\" \/>\n\t<meta property=\"og:image:height\" content=\"600\" \/>\n\t<meta property=\"og:image:type\" content=\"image\/gif\" \/>\n<meta name=\"twitter:card\" content=\"summary_large_image\" \/>\n<meta name=\"twitter:label1\" content=\"Odhadovan\u00e1 doba \u010dten\u00ed\" \/>\n\t<meta name=\"twitter:data1\" content=\"4 minuty\" \/>\n<script type=\"application\/ld+json\" class=\"yoast-schema-graph\">{\"@context\":\"https:\/\/schema.org\",\"@graph\":[{\"@type\":\"WebPage\",\"@id\":\"https:\/\/legitgrams.com\/product\/jwh021-new\/\",\"url\":\"https:\/\/legitgrams.com\/product\/jwh021-new\/\",\"name\":\"Jwh021 New for Sale - Order Jwh021 New Online | LegitGrams\",\"isPartOf\":{\"@id\":\"https:\/\/legitgrams.com\/#website\"},\"primaryImageOfPage\":{\"@id\":\"https:\/\/legitgrams.com\/product\/jwh021-new\/#primaryimage\"},\"image\":{\"@id\":\"https:\/\/legitgrams.com\/product\/jwh021-new\/#primaryimage\"},\"thumbnailUrl\":\"https:\/\/legitgrams.com\/wp-content\/uploads\/2024\/08\/Jwh021-new.gif\",\"datePublished\":\"2024-08-03T05:18:34+00:00\",\"dateModified\":\"2025-01-14T07:00:00+00:00\",\"description\":\"Find premium Jwh021 new for sale at our online store, providing a secure platform to buy Jwh021 new online with ease, catering to your research needs.\",\"breadcrumb\":{\"@id\":\"https:\/\/legitgrams.com\/product\/jwh021-new\/#breadcrumb\"},\"inLanguage\":\"cs\",\"potentialAction\":[{\"@type\":\"ReadAction\",\"target\":[\"https:\/\/legitgrams.com\/product\/jwh021-new\/\"]}]},{\"@type\":\"ImageObject\",\"inLanguage\":\"cs\",\"@id\":\"https:\/\/legitgrams.com\/product\/jwh021-new\/#primaryimage\",\"url\":\"https:\/\/legitgrams.com\/wp-content\/uploads\/2024\/08\/Jwh021-new.gif\",\"contentUrl\":\"https:\/\/legitgrams.com\/wp-content\/uploads\/2024\/08\/Jwh021-new.gif\",\"width\":600,\"height\":600,\"caption\":\"JWH-018\"},{\"@type\":\"BreadcrumbList\",\"@id\":\"https:\/\/legitgrams.com\/product\/jwh021-new\/#breadcrumb\",\"itemListElement\":[{\"@type\":\"ListItem\",\"position\":1,\"name\":\"Home\",\"item\":\"https:\/\/legitgrams.com\/\"},{\"@type\":\"ListItem\",\"position\":2,\"name\":\"Shop\",\"item\":\"https:\/\/legitgrams.com\/shop\/\"},{\"@type\":\"ListItem\",\"position\":3,\"name\":\"Jwh021 new\"}]},{\"@type\":\"WebSite\",\"@id\":\"https:\/\/legitgrams.com\/#website\",\"url\":\"https:\/\/legitgrams.com\/\",\"name\":\"Legit Grams\",\"description\":\"My WordPress Blog\",\"publisher\":{\"@id\":\"https:\/\/legitgrams.com\/#organization\"},\"potentialAction\":[{\"@type\":\"SearchAction\",\"target\":{\"@type\":\"EntryPoint\",\"urlTemplate\":\"https:\/\/legitgrams.com\/?s={search_term_string}\"},\"query-input\":{\"@type\":\"PropertyValueSpecification\",\"valueRequired\":true,\"valueName\":\"search_term_string\"}}],\"inLanguage\":\"cs\"},{\"@type\":\"Organization\",\"@id\":\"https:\/\/legitgrams.com\/#organization\",\"name\":\"Legit Grams\",\"url\":\"https:\/\/legitgrams.com\/\",\"logo\":{\"@type\":\"ImageObject\",\"inLanguage\":\"cs\",\"@id\":\"https:\/\/legitgrams.com\/#\/schema\/logo\/image\/\",\"url\":\"https:\/\/legitgrams.com\/wp-content\/uploads\/2024\/09\/main-logo.png\",\"contentUrl\":\"https:\/\/legitgrams.com\/wp-content\/uploads\/2024\/09\/main-logo.png\",\"width\":270,\"height\":75,\"caption\":\"Legit Grams\"},\"image\":{\"@id\":\"https:\/\/legitgrams.com\/#\/schema\/logo\/image\/\"}}]}<\/script>\n<!-- \/ Yoast SEO plugin. -->","yoast_head_json":{"title":"Jwh021 New na prodej - objednat Jwh021 New online | LegitGrams","description":"Naj\u00edt pr\u00e9miov\u00e9 Jwh021 nov\u00e9 na prodej v na\u0161em internetov\u00e9m obchod\u011b, kter\u00fd poskytuje bezpe\u010dnou platformu pro n\u00e1kup Jwh021 nov\u00e9 online s lehkost\u00ed, uspokojen\u00ed va\u0161ich v\u00fdzkumn\u00fdch pot\u0159eb.","robots":{"index":"index","follow":"follow","max-snippet":"max-snippet:-1","max-image-preview":"max-image-preview:large","max-video-preview":"max-video-preview:-1"},"canonical":"https:\/\/legitgrams.com\/cs\/produkt\/jwh021-novy\/","og_locale":"cs_CZ","og_type":"article","og_title":"Jwh021 New for Sale - Order Jwh021 New Online | LegitGrams","og_description":"Find premium Jwh021 new for sale at our online store, providing a secure platform to buy Jwh021 new online with ease, catering to your research needs.","og_url":"https:\/\/legitgrams.com\/cs\/produkt\/jwh021-novy\/","og_site_name":"Legit Grams","article_modified_time":"2025-01-14T07:00:00+00:00","og_image":[{"width":600,"height":600,"url":"https:\/\/legitgrams.com\/wp-content\/uploads\/2024\/08\/Jwh021-new.gif","type":"image\/gif"}],"twitter_card":"summary_large_image","twitter_misc":{"Odhadovan\u00e1 doba \u010dten\u00ed":"4 minuty"},"schema":{"@context":"https:\/\/schema.org","@graph":[{"@type":"WebPage","@id":"https:\/\/legitgrams.com\/product\/jwh021-new\/","url":"https:\/\/legitgrams.com\/product\/jwh021-new\/","name":"Jwh021 New na prodej - objednat Jwh021 New online | LegitGrams","isPartOf":{"@id":"https:\/\/legitgrams.com\/#website"},"primaryImageOfPage":{"@id":"https:\/\/legitgrams.com\/product\/jwh021-new\/#primaryimage"},"image":{"@id":"https:\/\/legitgrams.com\/product\/jwh021-new\/#primaryimage"},"thumbnailUrl":"https:\/\/legitgrams.com\/wp-content\/uploads\/2024\/08\/Jwh021-new.gif","datePublished":"2024-08-03T05:18:34+00:00","dateModified":"2025-01-14T07:00:00+00:00","description":"Naj\u00edt pr\u00e9miov\u00e9 Jwh021 nov\u00e9 na prodej v na\u0161em internetov\u00e9m obchod\u011b, kter\u00fd poskytuje bezpe\u010dnou platformu pro n\u00e1kup Jwh021 nov\u00e9 online s lehkost\u00ed, uspokojen\u00ed va\u0161ich v\u00fdzkumn\u00fdch pot\u0159eb.","breadcrumb":{"@id":"https:\/\/legitgrams.com\/product\/jwh021-new\/#breadcrumb"},"inLanguage":"cs","potentialAction":[{"@type":"ReadAction","target":["https:\/\/legitgrams.com\/product\/jwh021-new\/"]}]},{"@type":"ImageObject","inLanguage":"cs","@id":"https:\/\/legitgrams.com\/product\/jwh021-new\/#primaryimage","url":"https:\/\/legitgrams.com\/wp-content\/uploads\/2024\/08\/Jwh021-new.gif","contentUrl":"https:\/\/legitgrams.com\/wp-content\/uploads\/2024\/08\/Jwh021-new.gif","width":600,"height":600,"caption":"JWH-018"},{"@type":"BreadcrumbList","@id":"https:\/\/legitgrams.com\/product\/jwh021-new\/#breadcrumb","itemListElement":[{"@type":"ListItem","position":1,"name":"Home","item":"https:\/\/legitgrams.com\/"},{"@type":"ListItem","position":2,"name":"Shop","item":"https:\/\/legitgrams.com\/shop\/"},{"@type":"ListItem","position":3,"name":"Jwh021 new"}]},{"@type":"WebSite","@id":"https:\/\/legitgrams.com\/#website","url":"https:\/\/legitgrams.com\/","name":"Leg\u00e1ln\u00ed gramy","description":"M\u016fj blog WordPress","publisher":{"@id":"https:\/\/legitgrams.com\/#organization"},"potentialAction":[{"@type":"SearchAction","target":{"@type":"EntryPoint","urlTemplate":"https:\/\/legitgrams.com\/?s={search_term_string}"},"query-input":{"@type":"PropertyValueSpecification","valueRequired":true,"valueName":"search_term_string"}}],"inLanguage":"cs"},{"@type":"Organization","@id":"https:\/\/legitgrams.com\/#organization","name":"Leg\u00e1ln\u00ed gramy","url":"https:\/\/legitgrams.com\/","logo":{"@type":"ImageObject","inLanguage":"cs","@id":"https:\/\/legitgrams.com\/#\/schema\/logo\/image\/","url":"https:\/\/legitgrams.com\/wp-content\/uploads\/2024\/09\/main-logo.png","contentUrl":"https:\/\/legitgrams.com\/wp-content\/uploads\/2024\/09\/main-logo.png","width":270,"height":75,"caption":"Legit Grams"},"image":{"@id":"https:\/\/legitgrams.com\/#\/schema\/logo\/image\/"}}]}},"uagb_featured_image_src":{"full":["https:\/\/legitgrams.com\/wp-content\/uploads\/2024\/08\/Jwh021-new.gif",600,600,false],"thumbnail":["https:\/\/legitgrams.com\/wp-content\/uploads\/2024\/08\/Jwh021-new-150x150.gif",150,150,true],"medium":["https:\/\/legitgrams.com\/wp-content\/uploads\/2024\/08\/Jwh021-new-300x300.gif",300,300,true],"medium_large":["https:\/\/legitgrams.com\/wp-content\/uploads\/2024\/08\/Jwh021-new.gif",600,600,false],"large":["https:\/\/legitgrams.com\/wp-content\/uploads\/2024\/08\/Jwh021-new.gif",600,600,false],"1536x1536":["https:\/\/legitgrams.com\/wp-content\/uploads\/2024\/08\/Jwh021-new.gif",600,600,false],"2048x2048":["https:\/\/legitgrams.com\/wp-content\/uploads\/2024\/08\/Jwh021-new.gif",600,600,false],"trp-custom-language-flag":["https:\/\/legitgrams.com\/wp-content\/uploads\/2024\/08\/Jwh021-new-12x12.gif",12,12,true],"woocommerce_thumbnail":["https:\/\/legitgrams.com\/wp-content\/uploads\/2024\/08\/Jwh021-new-300x300.gif",300,300,true],"woocommerce_single":["https:\/\/legitgrams.com\/wp-content\/uploads\/2024\/08\/Jwh021-new.gif",600,600,false],"woocommerce_gallery_thumbnail":["https:\/\/legitgrams.com\/wp-content\/uploads\/2024\/08\/Jwh021-new-100x100.gif",100,100,true]},"uagb_author_info":{"display_name":"cokeblog18","author_link":"https:\/\/legitgrams.com\/cs\/author\/"},"uagb_comment_info":0,"uagb_excerpt":"JWH-018\u00a0(1-pentyl-3-(1-naphthoyl)indole,\u00a0NA-PIMO or AM-678) \u00a0is an\u00a0analgesic\u00a0chemical from the\u00a0naphthoylindole\u00a0family that acts as a\u00a0full agonist\u00a0at both the CB1\u00a0and CB2\u00a0cannabinoid receptors, with some\u00a0selectivity\u00a0for CB2. It produces effects in animals similar to those of\u00a0tetrahydrocannabinol\u00a0(THC), a cannabinoid naturally present in cannabis, leading to its use in\u00a0synthetic cannabis\u00a0products that in some countries are sold legally as \"incense blends\".","_links":{"self":[{"href":"https:\/\/legitgrams.com\/cs\/wp-json\/wp\/v2\/product\/3243","targetHints":{"allow":["GET"]}}],"collection":[{"href":"https:\/\/legitgrams.com\/cs\/wp-json\/wp\/v2\/product"}],"about":[{"href":"https:\/\/legitgrams.com\/cs\/wp-json\/wp\/v2\/types\/product"}],"replies":[{"embeddable":true,"href":"https:\/\/legitgrams.com\/cs\/wp-json\/wp\/v2\/comments?post=3243"}],"wp:featuredmedia":[{"embeddable":true,"href":"https:\/\/legitgrams.com\/cs\/wp-json\/wp\/v2\/media\/3252"}],"wp:attachment":[{"href":"https:\/\/legitgrams.com\/cs\/wp-json\/wp\/v2\/media?parent=3243"}],"wp:term":[{"taxonomy":"product_brand","embeddable":true,"href":"https:\/\/legitgrams.com\/cs\/wp-json\/wp\/v2\/product_brand?post=3243"},{"taxonomy":"product_cat","embeddable":true,"href":"https:\/\/legitgrams.com\/cs\/wp-json\/wp\/v2\/product_cat?post=3243"},{"taxonomy":"product_tag","embeddable":true,"href":"https:\/\/legitgrams.com\/cs\/wp-json\/wp\/v2\/product_tag?post=3243"}],"curies":[{"name":"wp","href":"https:\/\/api.w.org\/{rel}","templated":true}]}}