{"id":3246,"date":"2024-08-03T05:19:06","date_gmt":"2024-08-03T05:19:06","guid":{"rendered":"https:\/\/cokebricks.com\/?post_type=product&#038;p=3246"},"modified":"2025-01-14T09:01:12","modified_gmt":"2025-01-14T09:01:12","slug":"mdpop","status":"publish","type":"product","link":"https:\/\/legitgrams.com\/cs\/produkt\/mdpop\/","title":{"rendered":"Mdpop"},"content":{"rendered":"<h2>Koupit mdpop online.<\/h2>\n<p>Online n\u00e1kup MDPOP Britsk\u00fd poradn\u00ed v\u00fdbor pro zneu\u017e\u00edv\u00e1n\u00ed drog uvedl 2. dubna 2010, \u017ee na z\u00e1klad\u011b struktury bude uveden v platnost \u00fapln\u00fd bojkot t\u00e9to t\u0159\u00eddy kombinac\u00ed l\u00e9k\u016f. C\u00edlem bylo zv\u00fd\u0161it pov\u011bdom\u00ed o neleg\u00e1ln\u00edm prodeji a rekrea\u010dn\u00edm u\u017e\u00edv\u00e1n\u00ed mefedronu, b\u011b\u017en\u00e9ho \u010dlena rodiny. Tento bojkot se vztahuje na v\u0161echny sm\u011bsi s v\u00fd\u0161e uvedenou obecnou strukturou; Je uvedeno 28 konkr\u00e9tn\u00edch kombinac\u00ed. <a href=\"https:\/\/legitgrams.com\/cs\/\">LegitGrams<\/a><\/p>\n<h3>Dal\u0161\u00ed informace o mdpop<\/h3>\n<p>(I) i kdy\u017e je ve fenylov\u00e9m kruhu alespo\u0148 jeden jednovazn\u00fd substituent nav\u00edc, \u010d\u00e1ste\u010dn\u00fdm nebo \u00fapln\u00fdm nahrazen\u00edm jak\u00e9hokoli alkylov\u00e9ho, alkoxy, alkylendioxy, halogenalkylu nebo halogenidov\u00e9ho substituentu ve fenylov\u00e9m kruhu za\u010dlen\u011bn\u00edm alkylu<\/p>\n<p>(ii) s p\u0159id\u00e1n\u00edm alkylov\u00e9ho substituentu v poloze t\u0159i; terapeutick\u00fd profil leg\u00e1ln\u00edho konop\u00ed.<\/p>\n<p>(iii) zm\u011bnou alkylov\u00fdch nebo dialkylov\u00fdch skupin na \u010d\u00e1stici dus\u00edku nebo za\u010dlen\u011bn\u00edm atomu dus\u00edku do cyklick\u00e9 struktury. Shrnut\u00ed historie mdpop<\/p>\n<p>16. dubna 2010 byl tento materi\u00e1l p\u0159id\u00e1n do z\u00e1kona o zneu\u017e\u00edv\u00e1n\u00ed drog z roku 1971, \u010d\u00edm\u017e se stal pr\u00e1vn\u011b z\u00e1vazn\u00fdm. Je t\u0159eba poznamenat, \u017ee v dob\u011b zve\u0159ejn\u011bn\u00ed studie ACMD byly \u010dty\u0159i z v\u00fd\u0161e uveden\u00fdch sm\u011bs\u00ed \u2013 katinon, methkatinon, diethylpropion a pyrovaleron \u2013 ve Spojen\u00e9m kr\u00e1lovstv\u00ed nez\u00e1konn\u00e9. Z bojkotu byly z\u00e1m\u011brn\u011b vylou\u010deny dv\u011b sm\u011bsi: bupropion, proto\u017ee vzhledem k jeho \u0161irok\u00e9mu l\u00e9ka\u0159sk\u00e9mu pou\u017eit\u00ed a proto\u017ee jeho struktura nespad\u00e1 pod nev\u00fdlu\u010dn\u00e9 krit\u00e9rium, a v sou\u010dasn\u00e9 dob\u011b nen\u00ed dostatek d\u016fkaz\u016f na podporu bojkotu jeho pou\u017eit\u00ed \u2013 mal\u00e9 riziko zneu\u017eit\u00ed; n\u00e1kup p\u0159es internet <a href=\"https:\/\/legitgrams.com\/cs\/produkt\/mdpop\/\">MD Pop<\/a><\/p>\n<p>V d\u016fsledku druh\u00e9ho pr\u016fzkumu ACMD a struktur\u00e1ln\u00edho bojkotu, kter\u00fd byl mnohem roz\u0161\u00ed\u0159en\u011bj\u0161\u00ed ne\u017e ten prvn\u00ed, byly analogy naferonu v \u010dervenci 2010 zak\u00e1z\u00e1ny.<\/p>\n<p>Kone\u010dn\u011b \u201ejak\u00e1koli l\u00e1tka nebo chemik\u00e1lie, kter\u00e1 je prim\u00e1rn\u011b vyrobena z 2-aminopropan-1-onu nahrazen\u00edm monocyklick\u00e9ho nebo sm\u00ed\u0161en\u00e9ho polycyklick\u00e9ho kruhov\u00e9ho skeletu (nikoli fenylov\u00e9ho kruhu nebo alkylendioxyfenylov\u00e9ho kruhov\u00e9ho skeletu) v poloze 1\u201c terapeutick\u00e9 vlastnosti leg\u00e1ln\u00edho konop\u00ed .<\/p>\n<p>(I) substituc\u00ed jak\u00e9hokoli mno\u017estv\u00ed alkylov\u00fdch, alkoxylov\u00fdch, halogenalkylov\u00fdch nebo halogenidov\u00fdch substituent\u016f v kruhov\u00e9 struktu\u0159e, i kdy\u017e jsou pozd\u011bji substituov\u00e1ny v kruhov\u00e9 struktu\u0159e alespo\u0148 jedn\u00edm dal\u0161\u00edm monovalentn\u00edm substituentem MDPOP Buy Online. Jin\u00fdmi slovy, v\u00edce p\u0159izp\u016fsoben\u00e9 podobn\u00fd druh. l\u00e9\u010debn\u00e9 vlastnosti leg\u00e1ln\u00edho konop\u00ed.<\/p>\n<p>(I) substituc\u00ed jak\u00e9hokoli mno\u017estv\u00ed alkylov\u00fdch, alkoxylov\u00fdch, halogenalkylov\u00fdch nebo halogenidov\u00fdch substituent\u016f v kruhov\u00e9 struktu\u0159e, i kdy\u017e jsou pozd\u011bji substituov\u00e1ny v kruhov\u00e9 struktu\u0159e alespo\u0148 jedn\u00edm dal\u0161\u00edm jednovazn\u00fdm substituentem <a href=\"https:\/\/en.namu.wiki\/w\/MDPOPE\">MDPOP<\/a> Koupit online.<\/p>\n<h2><\/h2>\n<h2><\/h2>\n<p>&nbsp;<\/p>","protected":false},"excerpt":{"rendered":"<p>Purchase mdpop online. MDPOP Online Purchase The UK Advisory Council on the Misuse of Drugs said on April 2, 2010, that, based on structure, a complete boycott of this class of drug combinations would be put into effect. Increasing awareness of the illegal sale and recreational use of mephedrone, a common family member, was the &hellip;<\/p>\n<p class=\"read-more\"> <a class=\"\" href=\"https:\/\/legitgrams.com\/cs\/produkt\/mdpop\/\"> <span class=\"screen-reader-text\">Mdpop<\/span> \u010c\u00edst d\u00e1l \"<\/a><\/p>","protected":false},"featured_media":3257,"comment_status":"open","ping_status":"closed","template":"","meta":{"_uag_custom_page_level_css":"","site-sidebar-layout":"default","site-content-layout":"default","ast-global-header-display":"","ast-main-header-display":"","ast-hfb-above-header-display":"","ast-hfb-below-header-display":"","ast-hfb-mobile-header-display":"","site-post-title":"","ast-breadcrumbs-content":"","ast-featured-img":"","footer-sml-layout":"","theme-transparent-header-meta":"default","adv-header-id-meta":"","stick-header-meta":"default","header-above-stick-meta":"","header-main-stick-meta":"","header-below-stick-meta":"","_joinchat":[]},"product_brand":[],"product_cat":[190],"product_tag":[512,513,514,515,504,505,506,507,508,509,510,511],"class_list":{"0":"post-3246","1":"product","2":"type-product","3":"status-publish","4":"has-post-thumbnail","6":"product_cat-cannabinoids","7":"product_tag-mdpop-cannabinoids","8":"product_tag-mdpop-cannabinoids-for-sale","9":"product_tag-mdpop-cannabinoids-reddit","10":"product_tag-mdpop-chemical","11":"product_tag-mdpop-powder-australia","12":"product_tag-mdpop-powder-canada","13":"product_tag-mdpop-powder-greece","14":"product_tag-mdpop-powder-kuwait","15":"product_tag-mdpop-powder-review","16":"product_tag-mdpop-powder-spain","17":"product_tag-mdpop-powder-uk","18":"product_tag-mdpop-powder-usa","19":"desktop-align-left","20":"tablet-align-left","21":"mobile-align-left","22":"ast-product-gallery-layout-horizontal","23":"ast-product-gallery-with-no-image","24":"ast-product-single-variable","25":"ast-product-tabs-layout-horizontal","26":"ast-qv-on-image","28":"first","29":"instock","30":"shipping-taxable","31":"purchasable","32":"product-type-variable"},"yoast_head":"<!-- This site is optimized with the Yoast SEO plugin v25.9 - https:\/\/yoast.com\/wordpress\/plugins\/seo\/ -->\n<title>Mdpop for Sale - Order Mdpop Online with Fast Shipping | LG<\/title>\n<meta name=\"description\" content=\"Explore our online store for Mdpop for sale, offering high-quality Mdpop. Buy Mdpop online securely and embark on your research journey with confidence.\" \/>\n<meta name=\"robots\" content=\"index, follow, max-snippet:-1, max-image-preview:large, max-video-preview:-1\" \/>\n<link rel=\"canonical\" href=\"https:\/\/legitgrams.com\/cs\/produkt\/mdpop\/\" \/>\n<meta property=\"og:locale\" content=\"cs_CZ\" \/>\n<meta property=\"og:type\" content=\"article\" \/>\n<meta property=\"og:title\" content=\"Mdpop for Sale - Order Mdpop Online with Fast Shipping | LG\" \/>\n<meta property=\"og:description\" content=\"Explore our online store for Mdpop for sale, offering high-quality Mdpop. Buy Mdpop online securely and embark on your research journey with confidence.\" \/>\n<meta property=\"og:url\" content=\"https:\/\/legitgrams.com\/cs\/produkt\/mdpop\/\" \/>\n<meta property=\"og:site_name\" content=\"Legit Grams\" \/>\n<meta property=\"article:modified_time\" content=\"2025-01-14T09:01:12+00:00\" \/>\n<meta property=\"og:image\" content=\"https:\/\/legitgrams.com\/wp-content\/uploads\/2024\/08\/Mdpop.gif\" \/>\n\t<meta property=\"og:image:width\" content=\"600\" \/>\n\t<meta property=\"og:image:height\" content=\"600\" \/>\n\t<meta property=\"og:image:type\" content=\"image\/gif\" \/>\n<meta name=\"twitter:card\" content=\"summary_large_image\" \/>\n<meta name=\"twitter:label1\" content=\"Odhadovan\u00e1 doba \u010dten\u00ed\" \/>\n\t<meta name=\"twitter:data1\" content=\"4 minuty\" \/>\n<script type=\"application\/ld+json\" class=\"yoast-schema-graph\">{\"@context\":\"https:\/\/schema.org\",\"@graph\":[{\"@type\":\"WebPage\",\"@id\":\"https:\/\/legitgrams.com\/product\/mdpop\/\",\"url\":\"https:\/\/legitgrams.com\/product\/mdpop\/\",\"name\":\"Mdpop for Sale - Order Mdpop Online with Fast Shipping | LG\",\"isPartOf\":{\"@id\":\"https:\/\/legitgrams.com\/#website\"},\"primaryImageOfPage\":{\"@id\":\"https:\/\/legitgrams.com\/product\/mdpop\/#primaryimage\"},\"image\":{\"@id\":\"https:\/\/legitgrams.com\/product\/mdpop\/#primaryimage\"},\"thumbnailUrl\":\"https:\/\/legitgrams.com\/wp-content\/uploads\/2024\/08\/Mdpop.gif\",\"datePublished\":\"2024-08-03T05:19:06+00:00\",\"dateModified\":\"2025-01-14T09:01:12+00:00\",\"description\":\"Explore our online store for Mdpop for sale, offering high-quality Mdpop. Buy Mdpop online securely and embark on your research journey with confidence.\",\"breadcrumb\":{\"@id\":\"https:\/\/legitgrams.com\/product\/mdpop\/#breadcrumb\"},\"inLanguage\":\"cs\",\"potentialAction\":[{\"@type\":\"ReadAction\",\"target\":[\"https:\/\/legitgrams.com\/product\/mdpop\/\"]}]},{\"@type\":\"ImageObject\",\"inLanguage\":\"cs\",\"@id\":\"https:\/\/legitgrams.com\/product\/mdpop\/#primaryimage\",\"url\":\"https:\/\/legitgrams.com\/wp-content\/uploads\/2024\/08\/Mdpop.gif\",\"contentUrl\":\"https:\/\/legitgrams.com\/wp-content\/uploads\/2024\/08\/Mdpop.gif\",\"width\":600,\"height\":600,\"caption\":\"Mdpop for Sale\"},{\"@type\":\"BreadcrumbList\",\"@id\":\"https:\/\/legitgrams.com\/product\/mdpop\/#breadcrumb\",\"itemListElement\":[{\"@type\":\"ListItem\",\"position\":1,\"name\":\"Home\",\"item\":\"https:\/\/legitgrams.com\/\"},{\"@type\":\"ListItem\",\"position\":2,\"name\":\"Shop\",\"item\":\"https:\/\/legitgrams.com\/shop\/\"},{\"@type\":\"ListItem\",\"position\":3,\"name\":\"Mdpop\"}]},{\"@type\":\"WebSite\",\"@id\":\"https:\/\/legitgrams.com\/#website\",\"url\":\"https:\/\/legitgrams.com\/\",\"name\":\"Legit Grams\",\"description\":\"My WordPress Blog\",\"publisher\":{\"@id\":\"https:\/\/legitgrams.com\/#organization\"},\"potentialAction\":[{\"@type\":\"SearchAction\",\"target\":{\"@type\":\"EntryPoint\",\"urlTemplate\":\"https:\/\/legitgrams.com\/?s={search_term_string}\"},\"query-input\":{\"@type\":\"PropertyValueSpecification\",\"valueRequired\":true,\"valueName\":\"search_term_string\"}}],\"inLanguage\":\"cs\"},{\"@type\":\"Organization\",\"@id\":\"https:\/\/legitgrams.com\/#organization\",\"name\":\"Legit Grams\",\"url\":\"https:\/\/legitgrams.com\/\",\"logo\":{\"@type\":\"ImageObject\",\"inLanguage\":\"cs\",\"@id\":\"https:\/\/legitgrams.com\/#\/schema\/logo\/image\/\",\"url\":\"https:\/\/legitgrams.com\/wp-content\/uploads\/2024\/09\/main-logo.png\",\"contentUrl\":\"https:\/\/legitgrams.com\/wp-content\/uploads\/2024\/09\/main-logo.png\",\"width\":270,\"height\":75,\"caption\":\"Legit Grams\"},\"image\":{\"@id\":\"https:\/\/legitgrams.com\/#\/schema\/logo\/image\/\"}}]}<\/script>\n<!-- \/ Yoast SEO plugin. -->","yoast_head_json":{"title":"Mdpop na prodej - objednat Mdpop online s rychlou dopravou | LG","description":"Prohl\u00e9dn\u011bte si n\u00e1\u0161 internetov\u00fd obchod s vysoce kvalitn\u00edmi produkty Mdpop na prodej. Kupte si Mdpop bezpe\u010dn\u011b online a vydejte se na cestu v\u00fdzkumu s d\u016fv\u011brou.","robots":{"index":"index","follow":"follow","max-snippet":"max-snippet:-1","max-image-preview":"max-image-preview:large","max-video-preview":"max-video-preview:-1"},"canonical":"https:\/\/legitgrams.com\/cs\/produkt\/mdpop\/","og_locale":"cs_CZ","og_type":"article","og_title":"Mdpop for Sale - Order Mdpop Online with Fast Shipping | LG","og_description":"Explore our online store for Mdpop for sale, offering high-quality Mdpop. Buy Mdpop online securely and embark on your research journey with confidence.","og_url":"https:\/\/legitgrams.com\/cs\/produkt\/mdpop\/","og_site_name":"Legit Grams","article_modified_time":"2025-01-14T09:01:12+00:00","og_image":[{"width":600,"height":600,"url":"https:\/\/legitgrams.com\/wp-content\/uploads\/2024\/08\/Mdpop.gif","type":"image\/gif"}],"twitter_card":"summary_large_image","twitter_misc":{"Odhadovan\u00e1 doba \u010dten\u00ed":"4 minuty"},"schema":{"@context":"https:\/\/schema.org","@graph":[{"@type":"WebPage","@id":"https:\/\/legitgrams.com\/product\/mdpop\/","url":"https:\/\/legitgrams.com\/product\/mdpop\/","name":"Mdpop na prodej - objednat Mdpop online s rychlou dopravou | LG","isPartOf":{"@id":"https:\/\/legitgrams.com\/#website"},"primaryImageOfPage":{"@id":"https:\/\/legitgrams.com\/product\/mdpop\/#primaryimage"},"image":{"@id":"https:\/\/legitgrams.com\/product\/mdpop\/#primaryimage"},"thumbnailUrl":"https:\/\/legitgrams.com\/wp-content\/uploads\/2024\/08\/Mdpop.gif","datePublished":"2024-08-03T05:19:06+00:00","dateModified":"2025-01-14T09:01:12+00:00","description":"Prohl\u00e9dn\u011bte si n\u00e1\u0161 internetov\u00fd obchod s vysoce kvalitn\u00edmi produkty Mdpop na prodej. Kupte si Mdpop bezpe\u010dn\u011b online a vydejte se na cestu v\u00fdzkumu s d\u016fv\u011brou.","breadcrumb":{"@id":"https:\/\/legitgrams.com\/product\/mdpop\/#breadcrumb"},"inLanguage":"cs","potentialAction":[{"@type":"ReadAction","target":["https:\/\/legitgrams.com\/product\/mdpop\/"]}]},{"@type":"ImageObject","inLanguage":"cs","@id":"https:\/\/legitgrams.com\/product\/mdpop\/#primaryimage","url":"https:\/\/legitgrams.com\/wp-content\/uploads\/2024\/08\/Mdpop.gif","contentUrl":"https:\/\/legitgrams.com\/wp-content\/uploads\/2024\/08\/Mdpop.gif","width":600,"height":600,"caption":"Mdpop for Sale"},{"@type":"BreadcrumbList","@id":"https:\/\/legitgrams.com\/product\/mdpop\/#breadcrumb","itemListElement":[{"@type":"ListItem","position":1,"name":"Home","item":"https:\/\/legitgrams.com\/"},{"@type":"ListItem","position":2,"name":"Shop","item":"https:\/\/legitgrams.com\/shop\/"},{"@type":"ListItem","position":3,"name":"Mdpop"}]},{"@type":"WebSite","@id":"https:\/\/legitgrams.com\/#website","url":"https:\/\/legitgrams.com\/","name":"Leg\u00e1ln\u00ed gramy","description":"M\u016fj blog WordPress","publisher":{"@id":"https:\/\/legitgrams.com\/#organization"},"potentialAction":[{"@type":"SearchAction","target":{"@type":"EntryPoint","urlTemplate":"https:\/\/legitgrams.com\/?s={search_term_string}"},"query-input":{"@type":"PropertyValueSpecification","valueRequired":true,"valueName":"search_term_string"}}],"inLanguage":"cs"},{"@type":"Organization","@id":"https:\/\/legitgrams.com\/#organization","name":"Leg\u00e1ln\u00ed gramy","url":"https:\/\/legitgrams.com\/","logo":{"@type":"ImageObject","inLanguage":"cs","@id":"https:\/\/legitgrams.com\/#\/schema\/logo\/image\/","url":"https:\/\/legitgrams.com\/wp-content\/uploads\/2024\/09\/main-logo.png","contentUrl":"https:\/\/legitgrams.com\/wp-content\/uploads\/2024\/09\/main-logo.png","width":270,"height":75,"caption":"Legit Grams"},"image":{"@id":"https:\/\/legitgrams.com\/#\/schema\/logo\/image\/"}}]}},"uagb_featured_image_src":{"full":["https:\/\/legitgrams.com\/wp-content\/uploads\/2024\/08\/Mdpop.gif",600,600,false],"thumbnail":["https:\/\/legitgrams.com\/wp-content\/uploads\/2024\/08\/Mdpop-150x150.gif",150,150,true],"medium":["https:\/\/legitgrams.com\/wp-content\/uploads\/2024\/08\/Mdpop-300x300.gif",300,300,true],"medium_large":["https:\/\/legitgrams.com\/wp-content\/uploads\/2024\/08\/Mdpop.gif",600,600,false],"large":["https:\/\/legitgrams.com\/wp-content\/uploads\/2024\/08\/Mdpop.gif",600,600,false],"1536x1536":["https:\/\/legitgrams.com\/wp-content\/uploads\/2024\/08\/Mdpop.gif",600,600,false],"2048x2048":["https:\/\/legitgrams.com\/wp-content\/uploads\/2024\/08\/Mdpop.gif",600,600,false],"trp-custom-language-flag":["https:\/\/legitgrams.com\/wp-content\/uploads\/2024\/08\/Mdpop-12x12.gif",12,12,true],"woocommerce_thumbnail":["https:\/\/legitgrams.com\/wp-content\/uploads\/2024\/08\/Mdpop-300x300.gif",300,300,true],"woocommerce_single":["https:\/\/legitgrams.com\/wp-content\/uploads\/2024\/08\/Mdpop.gif",600,600,false],"woocommerce_gallery_thumbnail":["https:\/\/legitgrams.com\/wp-content\/uploads\/2024\/08\/Mdpop-100x100.gif",100,100,true]},"uagb_author_info":{"display_name":"cokeblog18","author_link":"https:\/\/legitgrams.com\/cs\/author\/"},"uagb_comment_info":0,"uagb_excerpt":"Purchase mdpop online. MDPOP Online Purchase The UK Advisory Council on the Misuse of Drugs said on April 2, 2010, that, based on structure, a complete boycott of this class of drug combinations would be put into effect. Increasing awareness of the illegal sale and recreational use of mephedrone, a common family member, was the&hellip;","_links":{"self":[{"href":"https:\/\/legitgrams.com\/cs\/wp-json\/wp\/v2\/product\/3246","targetHints":{"allow":["GET"]}}],"collection":[{"href":"https:\/\/legitgrams.com\/cs\/wp-json\/wp\/v2\/product"}],"about":[{"href":"https:\/\/legitgrams.com\/cs\/wp-json\/wp\/v2\/types\/product"}],"replies":[{"embeddable":true,"href":"https:\/\/legitgrams.com\/cs\/wp-json\/wp\/v2\/comments?post=3246"}],"wp:featuredmedia":[{"embeddable":true,"href":"https:\/\/legitgrams.com\/cs\/wp-json\/wp\/v2\/media\/3257"}],"wp:attachment":[{"href":"https:\/\/legitgrams.com\/cs\/wp-json\/wp\/v2\/media?parent=3246"}],"wp:term":[{"taxonomy":"product_brand","embeddable":true,"href":"https:\/\/legitgrams.com\/cs\/wp-json\/wp\/v2\/product_brand?post=3246"},{"taxonomy":"product_cat","embeddable":true,"href":"https:\/\/legitgrams.com\/cs\/wp-json\/wp\/v2\/product_cat?post=3246"},{"taxonomy":"product_tag","embeddable":true,"href":"https:\/\/legitgrams.com\/cs\/wp-json\/wp\/v2\/product_tag?post=3246"}],"curies":[{"name":"wp","href":"https:\/\/api.w.org\/{rel}","templated":true}]}}