{"id":3263,"date":"2024-08-03T05:27:05","date_gmt":"2024-08-03T05:27:05","guid":{"rendered":"https:\/\/cokebricks.com\/?post_type=product&#038;p=3263"},"modified":"2025-01-11T11:42:59","modified_gmt":"2025-01-11T11:42:59","slug":"5cladb","status":"publish","type":"product","link":"https:\/\/legitgrams.com\/cs\/produkt\/5cladb\/","title":{"rendered":"5cladb"},"content":{"rendered":"<h2>Kupte si 5CLADB online na LegitGrams.<\/h2>\n<p>Syntetick\u00fd kanabinoid 5-cl-adb-a (MDMB-4en-P) m\u00e1 ve sv\u00e9m postrann\u00edm \u0159et\u011bzci indazolov\u00e9 j\u00e1dro a koncov\u00fd alken. Sd\u00edl\u00ed strukturu s <a href=\"https:\/\/legitgrams.com\/cs\/produkt\/5cladb\/\">5F-MDMB-PINACA (5F-ADB)<\/a>. M\u00e1 chir\u00e1ln\u00ed povahu. I kdy\u017e nebyly enantiomery odd\u011bleny v laborato\u0159i, S-enantiomer byl ve vzorc\u00edch detekov\u00e1n. Expertn\u00ed v\u00fdbor WHO pro drogovou z\u00e1vislost tuto chemik\u00e1lii d\u0159\u00edve neposoudil a nelze ji snadno p\u0159em\u011bnit na jin\u00e9 zak\u00e1zan\u00e9 l\u00e1tky. Pro online n\u00e1kupy za 5 cl-adb-a okam\u017eit\u011b kontaktujte Coke Bricks!<\/p>\n<h3>Jak\u00e9 jsou cesty pod\u00e1n\u00ed pro MDMB-4en-P (5-cl-adb-a)?<\/h3>\n<p>Spot\u0159eba v d\u016fsledku kou\u0159en\u00ed Jako nejpravd\u011bpodobn\u011bj\u0161\u00ed zp\u016fsob pod\u00e1n\u00ed kapaliny se zd\u00e1 b\u00fdt st\u0159\u00edk\u00e1n\u00ed chemik\u00e1lie na rostlinn\u00fd materi\u00e1l nebo jej\u00ed vapov\u00e1n\u00ed po p\u0159\u00edprav\u011b. 5-cl-adb-a (MDMB-4en-P) u lid\u00ed. Byl objeven v zabaven\u00fdch v\u00fdrobc\u00edch souvisej\u00edc\u00edch s kou\u0159en\u00edm. Proto nen\u00ed zn\u00e1ma d\u00e1vka pot\u0159ebn\u00e1 k vyvol\u00e1n\u00ed farmakologick\u00fdch \u00fa\u010dink\u016f u lid\u00ed. S 5-cl-adb-a (MDMB-4en-P) jsme k dispozici ke koupi u Legit Cannabinoids. Objednejte nyn\u00ed!<\/p>\n<h3>Jak\u00e9 jsou vlastnosti 5-cl-adb-a (MDMB-4en-P)?<\/h3>\n<p><a href=\"https:\/\/en.wikipedia.org\/wiki\/MDMB-4en-PINACA\">5-cl-adb-a (MDMB-4en-P)<\/a> a \u010detn\u00e9 dal\u0161\u00ed syntetick\u00e9 kanabinoidy podl\u00e9haj\u00ed velk\u00e9mu metabolismu. P\u016fvodn\u00ed droga byla detekov\u00e1na skute\u010dn\u00fdmi testy mo\u010di, na rozd\u00edl od n\u011bkter\u00fdch jin\u00fdch syntetick\u00fdch l\u00e1tek <a href=\"https:\/\/legitgrams.com\/cs\/\">LegitGrams<\/a>. Bylo zji\u0161t\u011bno, \u017ee 5-cl-adb-a (MDMB-4en-P) je nejb\u011b\u017en\u011bj\u0161\u00edm metabolitem v lidsk\u00fdch jatern\u00edch mikrozomech, hepatocytech a skute\u010dn\u00fdch vzorc\u00edch mo\u010di. Hodnota Ki 5-cl-adb-a (MDMB-4en-P) ve vztahu k lidsk\u00fdm kanabinoidn\u00edm receptor\u016fm typu 1 (hCB1) je 3,26 nM. Nav\u00edc je to siln\u00fd a v\u0161ezahrnuj\u00edc\u00ed agonista, kter\u00fd sni\u017euje nahromad\u011bn\u00ed cyklick\u00e9ho adenosinmonofosf\u00e1tu (cAMP) vyvolan\u00e9 Forskolinem (EC50 = 0,33 nM).<\/p>","protected":false},"excerpt":{"rendered":"<p>Purchase 5CLADB online at LegitGrams. The synthetic cannabinoid 5-cl-adb-a (MDMB-4en-P) has an indazole core and a terminal alkene in its side chain. It shares a structure with 5F-MDMB-PINACA (5F-ADB). It is chiral in nature. Even when the enantiomers haven&#8217;t been separated in a laboratory, the S-enantiomer has been detected in samples. The WHO Expert Committee &hellip;<\/p>\n<p class=\"read-more\"> <a class=\"\" href=\"https:\/\/legitgrams.com\/cs\/produkt\/5cladb\/\"> <span class=\"screen-reader-text\">5cladb<\/span> \u010c\u00edst d\u00e1l \"<\/a><\/p>","protected":false},"featured_media":5531,"comment_status":"open","ping_status":"closed","template":"","meta":{"_uag_custom_page_level_css":"","site-sidebar-layout":"default","site-content-layout":"default","ast-global-header-display":"","ast-main-header-display":"","ast-hfb-above-header-display":"","ast-hfb-below-header-display":"","ast-hfb-mobile-header-display":"","site-post-title":"","ast-breadcrumbs-content":"","ast-featured-img":"","footer-sml-layout":"","theme-transparent-header-meta":"default","adv-header-id-meta":"","stick-header-meta":"default","header-above-stick-meta":"","header-main-stick-meta":"","header-below-stick-meta":"","_joinchat":[]},"product_brand":[],"product_cat":[190],"product_tag":[459,460,447,237,461,238,239,240,241,242,462],"class_list":{"0":"post-3263","1":"product","2":"type-product","3":"status-publish","4":"has-post-thumbnail","6":"product_cat-cannabinoids","7":"product_tag-5-cl-adb-a","8":"product_tag-5cakb48","9":"product_tag-5f-mdmb-2201-psychonaut","10":"product_tag-5f-mdmb-2201","11":"product_tag-5f-mdmb-2201-cayman","12":"product_tag-5f-mdmb-2201-dosage","13":"product_tag-5f-mdmb-2201-opinie","14":"product_tag-5f-mdmb-2201-reddit","15":"product_tag-5f-mdmb-2201-review","16":"product_tag-5f-mdmb-2201-wiki","17":"product_tag-5fmdmb2201-5f-mdmb-2201-cannabinoid","18":"desktop-align-left","19":"tablet-align-left","20":"mobile-align-left","21":"ast-product-gallery-layout-horizontal","22":"ast-product-gallery-with-no-image","23":"ast-product-single-variable","24":"ast-product-tabs-layout-horizontal","25":"ast-qv-on-image","27":"first","28":"instock","29":"shipping-taxable","30":"purchasable","31":"product-type-variable"},"yoast_head":"<!-- This site is optimized with the Yoast SEO plugin v25.9 - https:\/\/yoast.com\/wordpress\/plugins\/seo\/ -->\n<title>5CLADB for Sale - Buy 5CLADB Powder Online @ Best Price<\/title>\n<meta name=\"description\" content=\"If you wish to buy 5cladb powder online, our online LegitGrams store can help. We have 5cladb for sale at the best rates here. Discover our best-quality 5cladb cannabinoid online!\" \/>\n<meta name=\"robots\" content=\"index, follow, max-snippet:-1, max-image-preview:large, max-video-preview:-1\" \/>\n<link rel=\"canonical\" href=\"https:\/\/legitgrams.com\/cs\/produkt\/5cladb\/\" \/>\n<meta property=\"og:locale\" content=\"cs_CZ\" \/>\n<meta property=\"og:type\" content=\"article\" \/>\n<meta property=\"og:title\" content=\"5CLADB for Sale - Buy 5CLADB Powder Online @ Best Price\" \/>\n<meta property=\"og:description\" content=\"If you wish to buy 5cladb powder online, our online LegitGrams store can help. We have 5cladb for sale at the best rates here. Discover our best-quality 5cladb cannabinoid online!\" \/>\n<meta property=\"og:url\" content=\"https:\/\/legitgrams.com\/cs\/produkt\/5cladb\/\" \/>\n<meta property=\"og:site_name\" content=\"Legit Grams\" \/>\n<meta property=\"article:modified_time\" content=\"2025-01-11T11:42:59+00:00\" \/>\n<meta property=\"og:image\" content=\"https:\/\/legitgrams.com\/wp-content\/uploads\/2024\/08\/5cadb-b-1.gif\" \/>\n\t<meta property=\"og:image:width\" content=\"600\" \/>\n\t<meta property=\"og:image:height\" content=\"600\" \/>\n\t<meta property=\"og:image:type\" content=\"image\/gif\" \/>\n<meta name=\"twitter:card\" content=\"summary_large_image\" \/>\n<meta name=\"twitter:label1\" content=\"Odhadovan\u00e1 doba \u010dten\u00ed\" \/>\n\t<meta name=\"twitter:data1\" content=\"2 minuty\" \/>\n<script type=\"application\/ld+json\" class=\"yoast-schema-graph\">{\"@context\":\"https:\/\/schema.org\",\"@graph\":[{\"@type\":\"WebPage\",\"@id\":\"https:\/\/legitgrams.com\/product\/5cladb\/\",\"url\":\"https:\/\/legitgrams.com\/product\/5cladb\/\",\"name\":\"5CLADB for Sale - Buy 5CLADB Powder Online @ Best Price\",\"isPartOf\":{\"@id\":\"https:\/\/legitgrams.com\/#website\"},\"primaryImageOfPage\":{\"@id\":\"https:\/\/legitgrams.com\/product\/5cladb\/#primaryimage\"},\"image\":{\"@id\":\"https:\/\/legitgrams.com\/product\/5cladb\/#primaryimage\"},\"thumbnailUrl\":\"https:\/\/legitgrams.com\/wp-content\/uploads\/2024\/08\/5cadb-b-1.gif\",\"datePublished\":\"2024-08-03T05:27:05+00:00\",\"dateModified\":\"2025-01-11T11:42:59+00:00\",\"description\":\"If you wish to buy 5cladb powder online, our online LegitGrams store can help. We have 5cladb for sale at the best rates here. Discover our best-quality 5cladb cannabinoid online!\",\"breadcrumb\":{\"@id\":\"https:\/\/legitgrams.com\/product\/5cladb\/#breadcrumb\"},\"inLanguage\":\"cs\",\"potentialAction\":[{\"@type\":\"ReadAction\",\"target\":[\"https:\/\/legitgrams.com\/product\/5cladb\/\"]}]},{\"@type\":\"ImageObject\",\"inLanguage\":\"cs\",\"@id\":\"https:\/\/legitgrams.com\/product\/5cladb\/#primaryimage\",\"url\":\"https:\/\/legitgrams.com\/wp-content\/uploads\/2024\/08\/5cadb-b-1.gif\",\"contentUrl\":\"https:\/\/legitgrams.com\/wp-content\/uploads\/2024\/08\/5cadb-b-1.gif\",\"width\":600,\"height\":600,\"caption\":\"5CLADB for Sale\"},{\"@type\":\"BreadcrumbList\",\"@id\":\"https:\/\/legitgrams.com\/product\/5cladb\/#breadcrumb\",\"itemListElement\":[{\"@type\":\"ListItem\",\"position\":1,\"name\":\"Home\",\"item\":\"https:\/\/legitgrams.com\/\"},{\"@type\":\"ListItem\",\"position\":2,\"name\":\"Shop\",\"item\":\"https:\/\/legitgrams.com\/shop\/\"},{\"@type\":\"ListItem\",\"position\":3,\"name\":\"5cladb\"}]},{\"@type\":\"WebSite\",\"@id\":\"https:\/\/legitgrams.com\/#website\",\"url\":\"https:\/\/legitgrams.com\/\",\"name\":\"Legit Grams\",\"description\":\"My WordPress Blog\",\"publisher\":{\"@id\":\"https:\/\/legitgrams.com\/#organization\"},\"potentialAction\":[{\"@type\":\"SearchAction\",\"target\":{\"@type\":\"EntryPoint\",\"urlTemplate\":\"https:\/\/legitgrams.com\/?s={search_term_string}\"},\"query-input\":{\"@type\":\"PropertyValueSpecification\",\"valueRequired\":true,\"valueName\":\"search_term_string\"}}],\"inLanguage\":\"cs\"},{\"@type\":\"Organization\",\"@id\":\"https:\/\/legitgrams.com\/#organization\",\"name\":\"Legit Grams\",\"url\":\"https:\/\/legitgrams.com\/\",\"logo\":{\"@type\":\"ImageObject\",\"inLanguage\":\"cs\",\"@id\":\"https:\/\/legitgrams.com\/#\/schema\/logo\/image\/\",\"url\":\"https:\/\/legitgrams.com\/wp-content\/uploads\/2024\/09\/main-logo.png\",\"contentUrl\":\"https:\/\/legitgrams.com\/wp-content\/uploads\/2024\/09\/main-logo.png\",\"width\":270,\"height\":75,\"caption\":\"Legit Grams\"},\"image\":{\"@id\":\"https:\/\/legitgrams.com\/#\/schema\/logo\/image\/\"}}]}<\/script>\n<!-- \/ Yoast SEO plugin. -->","yoast_head_json":{"title":"5CLADB na prodej - koupit 5CLADB pr\u00e1\u0161ek online @ Nejlep\u0161\u00ed cena","description":"Pokud si p\u0159ejete koupit 5cladb pr\u00e1\u0161ek online, n\u00e1\u0161 online obchod LegitGrams v\u00e1m m\u016f\u017ee pomoci. M\u00e1me zde 5cladb na prodej za nejlep\u0161\u00ed ceny. Objevte n\u00e1\u0161 nejkvalitn\u011bj\u0161\u00ed kanabinoid 5cladb online!","robots":{"index":"index","follow":"follow","max-snippet":"max-snippet:-1","max-image-preview":"max-image-preview:large","max-video-preview":"max-video-preview:-1"},"canonical":"https:\/\/legitgrams.com\/cs\/produkt\/5cladb\/","og_locale":"cs_CZ","og_type":"article","og_title":"5CLADB for Sale - Buy 5CLADB Powder Online @ Best Price","og_description":"If you wish to buy 5cladb powder online, our online LegitGrams store can help. We have 5cladb for sale at the best rates here. Discover our best-quality 5cladb cannabinoid online!","og_url":"https:\/\/legitgrams.com\/cs\/produkt\/5cladb\/","og_site_name":"Legit Grams","article_modified_time":"2025-01-11T11:42:59+00:00","og_image":[{"width":600,"height":600,"url":"https:\/\/legitgrams.com\/wp-content\/uploads\/2024\/08\/5cadb-b-1.gif","type":"image\/gif"}],"twitter_card":"summary_large_image","twitter_misc":{"Odhadovan\u00e1 doba \u010dten\u00ed":"2 minuty"},"schema":{"@context":"https:\/\/schema.org","@graph":[{"@type":"WebPage","@id":"https:\/\/legitgrams.com\/product\/5cladb\/","url":"https:\/\/legitgrams.com\/product\/5cladb\/","name":"5CLADB na prodej - koupit 5CLADB pr\u00e1\u0161ek online @ Nejlep\u0161\u00ed cena","isPartOf":{"@id":"https:\/\/legitgrams.com\/#website"},"primaryImageOfPage":{"@id":"https:\/\/legitgrams.com\/product\/5cladb\/#primaryimage"},"image":{"@id":"https:\/\/legitgrams.com\/product\/5cladb\/#primaryimage"},"thumbnailUrl":"https:\/\/legitgrams.com\/wp-content\/uploads\/2024\/08\/5cadb-b-1.gif","datePublished":"2024-08-03T05:27:05+00:00","dateModified":"2025-01-11T11:42:59+00:00","description":"Pokud si p\u0159ejete koupit 5cladb pr\u00e1\u0161ek online, n\u00e1\u0161 online obchod LegitGrams v\u00e1m m\u016f\u017ee pomoci. M\u00e1me zde 5cladb na prodej za nejlep\u0161\u00ed ceny. Objevte n\u00e1\u0161 nejkvalitn\u011bj\u0161\u00ed kanabinoid 5cladb online!","breadcrumb":{"@id":"https:\/\/legitgrams.com\/product\/5cladb\/#breadcrumb"},"inLanguage":"cs","potentialAction":[{"@type":"ReadAction","target":["https:\/\/legitgrams.com\/product\/5cladb\/"]}]},{"@type":"ImageObject","inLanguage":"cs","@id":"https:\/\/legitgrams.com\/product\/5cladb\/#primaryimage","url":"https:\/\/legitgrams.com\/wp-content\/uploads\/2024\/08\/5cadb-b-1.gif","contentUrl":"https:\/\/legitgrams.com\/wp-content\/uploads\/2024\/08\/5cadb-b-1.gif","width":600,"height":600,"caption":"5CLADB for Sale"},{"@type":"BreadcrumbList","@id":"https:\/\/legitgrams.com\/product\/5cladb\/#breadcrumb","itemListElement":[{"@type":"ListItem","position":1,"name":"Home","item":"https:\/\/legitgrams.com\/"},{"@type":"ListItem","position":2,"name":"Shop","item":"https:\/\/legitgrams.com\/shop\/"},{"@type":"ListItem","position":3,"name":"5cladb"}]},{"@type":"WebSite","@id":"https:\/\/legitgrams.com\/#website","url":"https:\/\/legitgrams.com\/","name":"Leg\u00e1ln\u00ed gramy","description":"M\u016fj blog WordPress","publisher":{"@id":"https:\/\/legitgrams.com\/#organization"},"potentialAction":[{"@type":"SearchAction","target":{"@type":"EntryPoint","urlTemplate":"https:\/\/legitgrams.com\/?s={search_term_string}"},"query-input":{"@type":"PropertyValueSpecification","valueRequired":true,"valueName":"search_term_string"}}],"inLanguage":"cs"},{"@type":"Organization","@id":"https:\/\/legitgrams.com\/#organization","name":"Leg\u00e1ln\u00ed gramy","url":"https:\/\/legitgrams.com\/","logo":{"@type":"ImageObject","inLanguage":"cs","@id":"https:\/\/legitgrams.com\/#\/schema\/logo\/image\/","url":"https:\/\/legitgrams.com\/wp-content\/uploads\/2024\/09\/main-logo.png","contentUrl":"https:\/\/legitgrams.com\/wp-content\/uploads\/2024\/09\/main-logo.png","width":270,"height":75,"caption":"Legit Grams"},"image":{"@id":"https:\/\/legitgrams.com\/#\/schema\/logo\/image\/"}}]}},"uagb_featured_image_src":{"full":["https:\/\/legitgrams.com\/wp-content\/uploads\/2024\/08\/5cadb-b-1.gif",600,600,false],"thumbnail":["https:\/\/legitgrams.com\/wp-content\/uploads\/2024\/08\/5cadb-b-1-150x150.gif",150,150,true],"medium":["https:\/\/legitgrams.com\/wp-content\/uploads\/2024\/08\/5cadb-b-1-300x300.gif",300,300,true],"medium_large":["https:\/\/legitgrams.com\/wp-content\/uploads\/2024\/08\/5cadb-b-1.gif",600,600,false],"large":["https:\/\/legitgrams.com\/wp-content\/uploads\/2024\/08\/5cadb-b-1.gif",600,600,false],"1536x1536":["https:\/\/legitgrams.com\/wp-content\/uploads\/2024\/08\/5cadb-b-1.gif",600,600,false],"2048x2048":["https:\/\/legitgrams.com\/wp-content\/uploads\/2024\/08\/5cadb-b-1.gif",600,600,false],"trp-custom-language-flag":["https:\/\/legitgrams.com\/wp-content\/uploads\/2024\/08\/5cadb-b-1-12x12.gif",12,12,true],"woocommerce_thumbnail":["https:\/\/legitgrams.com\/wp-content\/uploads\/2024\/08\/5cadb-b-1-300x300.gif",300,300,true],"woocommerce_single":["https:\/\/legitgrams.com\/wp-content\/uploads\/2024\/08\/5cadb-b-1.gif",600,600,false],"woocommerce_gallery_thumbnail":["https:\/\/legitgrams.com\/wp-content\/uploads\/2024\/08\/5cadb-b-1-100x100.gif",100,100,true]},"uagb_author_info":{"display_name":"cokeblog18","author_link":"https:\/\/legitgrams.com\/cs\/author\/"},"uagb_comment_info":0,"uagb_excerpt":"Purchase 5CLADB online at LegitGrams. The synthetic cannabinoid 5-cl-adb-a (MDMB-4en-P) has an indazole core and a terminal alkene in its side chain. It shares a structure with 5F-MDMB-PINACA (5F-ADB). It is chiral in nature. Even when the enantiomers haven&#8217;t been separated in a laboratory, the S-enantiomer has been detected in samples. The WHO Expert Committee&hellip;","_links":{"self":[{"href":"https:\/\/legitgrams.com\/cs\/wp-json\/wp\/v2\/product\/3263","targetHints":{"allow":["GET"]}}],"collection":[{"href":"https:\/\/legitgrams.com\/cs\/wp-json\/wp\/v2\/product"}],"about":[{"href":"https:\/\/legitgrams.com\/cs\/wp-json\/wp\/v2\/types\/product"}],"replies":[{"embeddable":true,"href":"https:\/\/legitgrams.com\/cs\/wp-json\/wp\/v2\/comments?post=3263"}],"wp:featuredmedia":[{"embeddable":true,"href":"https:\/\/legitgrams.com\/cs\/wp-json\/wp\/v2\/media\/5531"}],"wp:attachment":[{"href":"https:\/\/legitgrams.com\/cs\/wp-json\/wp\/v2\/media?parent=3263"}],"wp:term":[{"taxonomy":"product_brand","embeddable":true,"href":"https:\/\/legitgrams.com\/cs\/wp-json\/wp\/v2\/product_brand?post=3263"},{"taxonomy":"product_cat","embeddable":true,"href":"https:\/\/legitgrams.com\/cs\/wp-json\/wp\/v2\/product_cat?post=3263"},{"taxonomy":"product_tag","embeddable":true,"href":"https:\/\/legitgrams.com\/cs\/wp-json\/wp\/v2\/product_tag?post=3263"}],"curies":[{"name":"wp","href":"https:\/\/api.w.org\/{rel}","templated":true}]}}