{"id":3265,"date":"2024-08-03T05:27:18","date_gmt":"2024-08-03T05:27:18","guid":{"rendered":"https:\/\/cokebricks.com\/?post_type=product&#038;p=3265"},"modified":"2025-01-11T11:14:41","modified_gmt":"2025-01-11T11:14:41","slug":"5cadb-b","status":"publish","type":"product","link":"https:\/\/legitgrams.com\/cs\/produkt\/5cadb-b\/","title":{"rendered":"5Cadb-B"},"content":{"rendered":"<h2>5Cadb-b na prodej<\/h2>\n<p>N\u00e1kup <a href=\"https:\/\/legitgrams.com\/cs\/produkt\/5cadb-b\/\">5CADB-B Pr\u00e1\u0161ek online<\/a> a z\u00edskejte dopravu zdarma do dal\u0161\u00edch zem\u00ed. Tento syntetick\u00fd kanabinoid, zalo\u017een\u00fd na indazolech, je \u010dlenem t\u0159\u00eddy indazol-3-karboxamid\u016f. 5CADB-B je tak\u00e9 zn\u00e1m\u00fd jako 5F-MDMB-PINACA. Byl sou\u010d\u00e1st\u00ed zna\u010dkov\u00fdch drog, co\u017e jsou syntetick\u00e9 produkty z konop\u00ed prod\u00e1van\u00e9 online.<\/p>\n<p>CAS: NEUPLAT\u0147UJE SE<br \/>\nN\/A je vzorec.<br \/>\n99,7% \u010distota min<br \/>\nHmotnost molekul: NEUPLAT\u0147UJE SE.<br \/>\nPod\u00edvejte se: Pudr<\/p>\n<h3>Geneze 5CADB-B<\/h3>\n<p>Snad v listopadu 2014 poskytly prvn\u00ed d\u016fkaz o tom posmrtn\u00e9 vzorky od zesnul\u00e9 osoby, kter\u00e1 pou\u017eila produkt obsahuj\u00edc\u00ed tuto slo\u017eku. Testov\u00e1n\u00ed na dal\u0161\u00edch deseti lidech, jejich\u017e smrt byla nevysv\u011btlena, p\u0159ekvapiv\u011b odhalilo, \u017ee p\u0159\u00ed\u010dinou jejich smrti byla stejn\u00e1 l\u00e1tka. V\u0161echna tato \u00famrt\u00ed byla zp\u016fsobena p\u0159ed\u00e1vkov\u00e1n\u00edm. I tak, i kdy\u017e <a href=\"https:\/\/en.wikipedia.org\/wiki\/ADB-BINACA\">5CADB-B<\/a> je siln\u00fdm agonistou receptoru CB1, nen\u00ed jasn\u00e9, zda je pro tento receptor selektivn\u00ed. Vzhledem k neuv\u011b\u0159iteln\u011b n\u00edzk\u00e9 m\u00ed\u0159e detekce v t\u011blesn\u00e9 tk\u00e1ni se 5CADB-B pova\u017euje za neuv\u011b\u0159iteln\u011b siln\u00fd. Zd\u00e1 se tak\u00e9, \u017ee je toxi\u010dt\u011bj\u0161\u00ed ne\u017e jak\u00fdkoli jin\u00fd produkt z konop\u00ed, kter\u00fd byl d\u0159\u00edve prod\u00e1n. Kupte si pr\u00e1\u0161ek 5CADB-B online a z\u00edskejte dopravu zdarma kamkoli na sv\u011bt\u011b.<\/p>\n<h3>5CADB-B je pou\u017e\u00edv\u00e1n neleg\u00e1ln\u011b a distribuov\u00e1n online.<\/h3>\n<p>V sou\u010dasn\u00e9 dob\u011b nem\u00e1 5f-adb \u017e\u00e1dn\u00e9 komer\u010dn\u00ed ani l\u00e9\u010debn\u00e9 vyu\u017eit\u00ed. Bylo zji\u0161t\u011bno, \u017ee ho obsahuje n\u011bkolik produkt\u016f ze syntetick\u00e9ho konop\u00ed (5CADB-B), kter\u00e9 se kou\u0159\u00ed za \u00fa\u010delem vytvo\u0159en\u00ed psychedelick\u00e9ho opojen\u00ed. \u00dadaje o spot\u0159eb\u011b spot\u0159ebitel\u016f v USA a dal\u0161\u00edch zem\u00edch jsou vz\u00e1cn\u00e9. Vzhledem k tomu, \u017ee toxikologick\u00e1 centra nad\u00e1le hl\u00e1s\u00ed \u0161patn\u00e9 v\u00fdsledky, z\u016fst\u00e1v\u00e1 u\u017e\u00edv\u00e1n\u00ed syntetick\u00e9ho konop\u00ed probl\u00e9mem ve\u0159ejn\u00e9ho zdrav\u00ed a bezpe\u010dnosti. \u00fa\u010dinky na zdrav\u00ed. Mezi z\u00e1\u0159\u00edm 2014 a listopadem 2014 bylo v Japonsku hl\u00e1\u0161eno n\u011bkolik \u00famrt\u00ed z p\u0159ed\u00e1vkov\u00e1n\u00ed. 5f-adb lze zakoupit online. Z\u00edskejte dobr\u00e9 RC i zde. <a href=\"https:\/\/legitgrams.com\/cs\/\">LegitGrams<\/a><\/p>\n<h3>5CADB-B Klasifikace a farmakologick\u00e9 vlastnosti<\/h3>\n<p>Tento l\u00e9k pat\u0159\u00ed do t\u0159\u00eddy indazol\u016f. Struktura indazolov\u00e9ho j\u00e1dra, kter\u00e1 je z\u00e1kladem 5F-ADB, nahrazuje polohy 1- a 3- indazolov\u00e9ho kruhov\u00e9ho syst\u00e9mu. Line\u00e1rn\u00ed p\u011btiuhl\u00edkov\u00fd \u0159et\u011bzec zauj\u00edm\u00e1 m\u00edsto prvn\u00ed pozice p\u011bti F-ADB.<\/p>\n<p>dopln\u011bn\u00e9 atomem fluoru (F). Poloha 3 se zm\u011bn\u00ed pomoc\u00ed amidov\u00e9ho linkeru a atom dus\u00edku (N)<\/p>\n<p>Tento linker je dopln\u011bn dal\u0161\u00edmi l-methoxy-3,3-dimethyl-l-oxobutan-2-ylov\u00fdmi skupinami. 5F-ADB se podle v\u00fdsledk\u016f preklinick\u00e9ho v\u00fdzkumu v\u00e1\u017ee na receptor CB1 a p\u016fsob\u00ed tam jako agonista. V experimentech s diskriminac\u00ed l\u00e9k\u016f u potkan\u016f \u200b\u200bse 5CADB-B zobecnil na delta9-tetrahydrokanabinol, co\u017e vedlo k subjektivn\u00edm reakc\u00edm podobn\u00fdm reakc\u00edm THC.<\/p>","protected":false},"excerpt":{"rendered":"<p>5Cadb-b for Sale Purchase 5CADB-B Powder online and get free shipping to other countries. Based on indazoles, this synthetic cannabinoid is a member of the indazole-3-carboxamide class. 5CADB-B is also known as 5F-MDMB-PINACA. It has been a component of designer drugs, which are synthetic cannabis products sold online. CAS: N\/A N\/A is the formula. 99.7% &hellip;<\/p>\n<p class=\"read-more\"> <a class=\"\" href=\"https:\/\/legitgrams.com\/cs\/produkt\/5cadb-b\/\"> <span class=\"screen-reader-text\">5Cadb-B<\/span> \u010c\u00edst d\u00e1l \"<\/a><\/p>","protected":false},"featured_media":3277,"comment_status":"open","ping_status":"closed","template":"","meta":{"_uag_custom_page_level_css":"","site-sidebar-layout":"default","site-content-layout":"default","ast-global-header-display":"","ast-main-header-display":"","ast-hfb-above-header-display":"","ast-hfb-below-header-display":"","ast-hfb-mobile-header-display":"","site-post-title":"","ast-breadcrumbs-content":"","ast-featured-img":"","footer-sml-layout":"","theme-transparent-header-meta":"default","adv-header-id-meta":"","stick-header-meta":"default","header-above-stick-meta":"","header-main-stick-meta":"","header-below-stick-meta":"","_joinchat":[]},"product_brand":[],"product_cat":[190],"product_tag":[459,460,447,237,461,238,239,240,241,242,462,250],"class_list":{"0":"post-3265","1":"product","2":"type-product","3":"status-publish","4":"has-post-thumbnail","6":"product_cat-cannabinoids","7":"product_tag-5-cl-adb-a","8":"product_tag-5cakb48","9":"product_tag-5f-mdmb-2201-psychonaut","10":"product_tag-5f-mdmb-2201","11":"product_tag-5f-mdmb-2201-cayman","12":"product_tag-5f-mdmb-2201-dosage","13":"product_tag-5f-mdmb-2201-opinie","14":"product_tag-5f-mdmb-2201-reddit","15":"product_tag-5f-mdmb-2201-review","16":"product_tag-5f-mdmb-2201-wiki","17":"product_tag-5fmdmb2201-5f-mdmb-2201-cannabinoid","18":"product_tag-5fmdmb2201-5f-mdmb-2201-kannabinoid","19":"desktop-align-left","20":"tablet-align-left","21":"mobile-align-left","22":"ast-product-gallery-layout-horizontal","23":"ast-product-gallery-with-no-image","24":"ast-product-single-variable","25":"ast-product-tabs-layout-horizontal","26":"ast-qv-on-image","28":"first","29":"instock","30":"shipping-taxable","31":"purchasable","32":"product-type-variable"},"yoast_head":"<!-- This site is optimized with the Yoast SEO plugin v25.9 - https:\/\/yoast.com\/wordpress\/plugins\/seo\/ -->\n<title>5Cadb-b for Sale - Buy 5Cadb-b Powder Online @ Low Price<\/title>\n<meta name=\"description\" content=\"Your requirement to buy 5Cadb-b powder online can be fulfilled at our online store as we have 5Cadb-b for sale here. Place your order and get affordable deals every day. Order Now!\" \/>\n<meta name=\"robots\" content=\"index, follow, max-snippet:-1, max-image-preview:large, max-video-preview:-1\" \/>\n<link rel=\"canonical\" href=\"https:\/\/legitgrams.com\/cs\/produkt\/5cadb-b\/\" \/>\n<meta property=\"og:locale\" content=\"cs_CZ\" \/>\n<meta property=\"og:type\" content=\"article\" \/>\n<meta property=\"og:title\" content=\"5Cadb-b for Sale - Buy 5Cadb-b Powder Online @ Low Price\" \/>\n<meta property=\"og:description\" content=\"Your requirement to buy 5Cadb-b powder online can be fulfilled at our online store as we have 5Cadb-b for sale here. Place your order and get affordable deals every day. Order Now!\" \/>\n<meta property=\"og:url\" content=\"https:\/\/legitgrams.com\/cs\/produkt\/5cadb-b\/\" \/>\n<meta property=\"og:site_name\" content=\"Legit Grams\" \/>\n<meta property=\"article:modified_time\" content=\"2025-01-11T11:14:41+00:00\" \/>\n<meta property=\"og:image\" content=\"https:\/\/legitgrams.com\/wp-content\/uploads\/2024\/08\/5cadb-b.gif\" \/>\n\t<meta property=\"og:image:width\" content=\"600\" \/>\n\t<meta property=\"og:image:height\" content=\"600\" \/>\n\t<meta property=\"og:image:type\" content=\"image\/gif\" \/>\n<meta name=\"twitter:card\" content=\"summary_large_image\" \/>\n<meta name=\"twitter:label1\" content=\"Odhadovan\u00e1 doba \u010dten\u00ed\" \/>\n\t<meta name=\"twitter:data1\" content=\"2 minuty\" \/>\n<script type=\"application\/ld+json\" class=\"yoast-schema-graph\">{\"@context\":\"https:\/\/schema.org\",\"@graph\":[{\"@type\":\"WebPage\",\"@id\":\"https:\/\/legitgrams.com\/product\/5cadb-b\/\",\"url\":\"https:\/\/legitgrams.com\/product\/5cadb-b\/\",\"name\":\"5Cadb-b for Sale - Buy 5Cadb-b Powder Online @ Low Price\",\"isPartOf\":{\"@id\":\"https:\/\/legitgrams.com\/#website\"},\"primaryImageOfPage\":{\"@id\":\"https:\/\/legitgrams.com\/product\/5cadb-b\/#primaryimage\"},\"image\":{\"@id\":\"https:\/\/legitgrams.com\/product\/5cadb-b\/#primaryimage\"},\"thumbnailUrl\":\"https:\/\/legitgrams.com\/wp-content\/uploads\/2024\/08\/5cadb-b.gif\",\"datePublished\":\"2024-08-03T05:27:18+00:00\",\"dateModified\":\"2025-01-11T11:14:41+00:00\",\"description\":\"Your requirement to buy 5Cadb-b powder online can be fulfilled at our online store as we have 5Cadb-b for sale here. Place your order and get affordable deals every day. Order Now!\",\"breadcrumb\":{\"@id\":\"https:\/\/legitgrams.com\/product\/5cadb-b\/#breadcrumb\"},\"inLanguage\":\"cs\",\"potentialAction\":[{\"@type\":\"ReadAction\",\"target\":[\"https:\/\/legitgrams.com\/product\/5cadb-b\/\"]}]},{\"@type\":\"ImageObject\",\"inLanguage\":\"cs\",\"@id\":\"https:\/\/legitgrams.com\/product\/5cadb-b\/#primaryimage\",\"url\":\"https:\/\/legitgrams.com\/wp-content\/uploads\/2024\/08\/5cadb-b.gif\",\"contentUrl\":\"https:\/\/legitgrams.com\/wp-content\/uploads\/2024\/08\/5cadb-b.gif\",\"width\":600,\"height\":600,\"caption\":\"5Cadb-b for Sale\"},{\"@type\":\"BreadcrumbList\",\"@id\":\"https:\/\/legitgrams.com\/product\/5cadb-b\/#breadcrumb\",\"itemListElement\":[{\"@type\":\"ListItem\",\"position\":1,\"name\":\"Home\",\"item\":\"https:\/\/legitgrams.com\/\"},{\"@type\":\"ListItem\",\"position\":2,\"name\":\"Shop\",\"item\":\"https:\/\/legitgrams.com\/shop\/\"},{\"@type\":\"ListItem\",\"position\":3,\"name\":\"5Cadb-B\"}]},{\"@type\":\"WebSite\",\"@id\":\"https:\/\/legitgrams.com\/#website\",\"url\":\"https:\/\/legitgrams.com\/\",\"name\":\"Legit Grams\",\"description\":\"My WordPress Blog\",\"publisher\":{\"@id\":\"https:\/\/legitgrams.com\/#organization\"},\"potentialAction\":[{\"@type\":\"SearchAction\",\"target\":{\"@type\":\"EntryPoint\",\"urlTemplate\":\"https:\/\/legitgrams.com\/?s={search_term_string}\"},\"query-input\":{\"@type\":\"PropertyValueSpecification\",\"valueRequired\":true,\"valueName\":\"search_term_string\"}}],\"inLanguage\":\"cs\"},{\"@type\":\"Organization\",\"@id\":\"https:\/\/legitgrams.com\/#organization\",\"name\":\"Legit Grams\",\"url\":\"https:\/\/legitgrams.com\/\",\"logo\":{\"@type\":\"ImageObject\",\"inLanguage\":\"cs\",\"@id\":\"https:\/\/legitgrams.com\/#\/schema\/logo\/image\/\",\"url\":\"https:\/\/legitgrams.com\/wp-content\/uploads\/2024\/09\/main-logo.png\",\"contentUrl\":\"https:\/\/legitgrams.com\/wp-content\/uploads\/2024\/09\/main-logo.png\",\"width\":270,\"height\":75,\"caption\":\"Legit Grams\"},\"image\":{\"@id\":\"https:\/\/legitgrams.com\/#\/schema\/logo\/image\/\"}}]}<\/script>\n<!-- \/ Yoast SEO plugin. -->","yoast_head_json":{"title":"5Cadb-b na prodej - koupit 5Cadb-b pr\u00e1\u0161ek online @ N\u00edzk\u00e1 cena","description":"V\u00e1\u0161 po\u017eadavek na n\u00e1kup pr\u00e1\u0161ku 5Cadb-b online m\u016f\u017ee b\u00fdt spln\u011bn v na\u0161em internetov\u00e9m obchod\u011b, proto\u017ee zde m\u00e1me 5Cadb-b na prodej. Objednejte si a z\u00edskejte cenov\u011b dostupn\u00e9 nab\u00eddky ka\u017ed\u00fd den. Objednejte si nyn\u00ed!","robots":{"index":"index","follow":"follow","max-snippet":"max-snippet:-1","max-image-preview":"max-image-preview:large","max-video-preview":"max-video-preview:-1"},"canonical":"https:\/\/legitgrams.com\/cs\/produkt\/5cadb-b\/","og_locale":"cs_CZ","og_type":"article","og_title":"5Cadb-b for Sale - Buy 5Cadb-b Powder Online @ Low Price","og_description":"Your requirement to buy 5Cadb-b powder online can be fulfilled at our online store as we have 5Cadb-b for sale here. Place your order and get affordable deals every day. Order Now!","og_url":"https:\/\/legitgrams.com\/cs\/produkt\/5cadb-b\/","og_site_name":"Legit Grams","article_modified_time":"2025-01-11T11:14:41+00:00","og_image":[{"width":600,"height":600,"url":"https:\/\/legitgrams.com\/wp-content\/uploads\/2024\/08\/5cadb-b.gif","type":"image\/gif"}],"twitter_card":"summary_large_image","twitter_misc":{"Odhadovan\u00e1 doba \u010dten\u00ed":"2 minuty"},"schema":{"@context":"https:\/\/schema.org","@graph":[{"@type":"WebPage","@id":"https:\/\/legitgrams.com\/product\/5cadb-b\/","url":"https:\/\/legitgrams.com\/product\/5cadb-b\/","name":"5Cadb-b na prodej - koupit 5Cadb-b pr\u00e1\u0161ek online @ N\u00edzk\u00e1 cena","isPartOf":{"@id":"https:\/\/legitgrams.com\/#website"},"primaryImageOfPage":{"@id":"https:\/\/legitgrams.com\/product\/5cadb-b\/#primaryimage"},"image":{"@id":"https:\/\/legitgrams.com\/product\/5cadb-b\/#primaryimage"},"thumbnailUrl":"https:\/\/legitgrams.com\/wp-content\/uploads\/2024\/08\/5cadb-b.gif","datePublished":"2024-08-03T05:27:18+00:00","dateModified":"2025-01-11T11:14:41+00:00","description":"V\u00e1\u0161 po\u017eadavek na n\u00e1kup pr\u00e1\u0161ku 5Cadb-b online m\u016f\u017ee b\u00fdt spln\u011bn v na\u0161em internetov\u00e9m obchod\u011b, proto\u017ee zde m\u00e1me 5Cadb-b na prodej. Objednejte si a z\u00edskejte cenov\u011b dostupn\u00e9 nab\u00eddky ka\u017ed\u00fd den. Objednejte si nyn\u00ed!","breadcrumb":{"@id":"https:\/\/legitgrams.com\/product\/5cadb-b\/#breadcrumb"},"inLanguage":"cs","potentialAction":[{"@type":"ReadAction","target":["https:\/\/legitgrams.com\/product\/5cadb-b\/"]}]},{"@type":"ImageObject","inLanguage":"cs","@id":"https:\/\/legitgrams.com\/product\/5cadb-b\/#primaryimage","url":"https:\/\/legitgrams.com\/wp-content\/uploads\/2024\/08\/5cadb-b.gif","contentUrl":"https:\/\/legitgrams.com\/wp-content\/uploads\/2024\/08\/5cadb-b.gif","width":600,"height":600,"caption":"5Cadb-b for Sale"},{"@type":"BreadcrumbList","@id":"https:\/\/legitgrams.com\/product\/5cadb-b\/#breadcrumb","itemListElement":[{"@type":"ListItem","position":1,"name":"Home","item":"https:\/\/legitgrams.com\/"},{"@type":"ListItem","position":2,"name":"Shop","item":"https:\/\/legitgrams.com\/shop\/"},{"@type":"ListItem","position":3,"name":"5Cadb-B"}]},{"@type":"WebSite","@id":"https:\/\/legitgrams.com\/#website","url":"https:\/\/legitgrams.com\/","name":"Leg\u00e1ln\u00ed gramy","description":"M\u016fj blog WordPress","publisher":{"@id":"https:\/\/legitgrams.com\/#organization"},"potentialAction":[{"@type":"SearchAction","target":{"@type":"EntryPoint","urlTemplate":"https:\/\/legitgrams.com\/?s={search_term_string}"},"query-input":{"@type":"PropertyValueSpecification","valueRequired":true,"valueName":"search_term_string"}}],"inLanguage":"cs"},{"@type":"Organization","@id":"https:\/\/legitgrams.com\/#organization","name":"Leg\u00e1ln\u00ed gramy","url":"https:\/\/legitgrams.com\/","logo":{"@type":"ImageObject","inLanguage":"cs","@id":"https:\/\/legitgrams.com\/#\/schema\/logo\/image\/","url":"https:\/\/legitgrams.com\/wp-content\/uploads\/2024\/09\/main-logo.png","contentUrl":"https:\/\/legitgrams.com\/wp-content\/uploads\/2024\/09\/main-logo.png","width":270,"height":75,"caption":"Legit Grams"},"image":{"@id":"https:\/\/legitgrams.com\/#\/schema\/logo\/image\/"}}]}},"uagb_featured_image_src":{"full":["https:\/\/legitgrams.com\/wp-content\/uploads\/2024\/08\/5cadb-b.gif",600,600,false],"thumbnail":["https:\/\/legitgrams.com\/wp-content\/uploads\/2024\/08\/5cadb-b-150x150.gif",150,150,true],"medium":["https:\/\/legitgrams.com\/wp-content\/uploads\/2024\/08\/5cadb-b-300x300.gif",300,300,true],"medium_large":["https:\/\/legitgrams.com\/wp-content\/uploads\/2024\/08\/5cadb-b.gif",600,600,false],"large":["https:\/\/legitgrams.com\/wp-content\/uploads\/2024\/08\/5cadb-b.gif",600,600,false],"1536x1536":["https:\/\/legitgrams.com\/wp-content\/uploads\/2024\/08\/5cadb-b.gif",600,600,false],"2048x2048":["https:\/\/legitgrams.com\/wp-content\/uploads\/2024\/08\/5cadb-b.gif",600,600,false],"trp-custom-language-flag":["https:\/\/legitgrams.com\/wp-content\/uploads\/2024\/08\/5cadb-b-12x12.gif",12,12,true],"woocommerce_thumbnail":["https:\/\/legitgrams.com\/wp-content\/uploads\/2024\/08\/5cadb-b-300x300.gif",300,300,true],"woocommerce_single":["https:\/\/legitgrams.com\/wp-content\/uploads\/2024\/08\/5cadb-b.gif",600,600,false],"woocommerce_gallery_thumbnail":["https:\/\/legitgrams.com\/wp-content\/uploads\/2024\/08\/5cadb-b-100x100.gif",100,100,true]},"uagb_author_info":{"display_name":"cokeblog18","author_link":"https:\/\/legitgrams.com\/cs\/author\/"},"uagb_comment_info":0,"uagb_excerpt":"5Cadb-b for Sale Purchase 5CADB-B Powder online and get free shipping to other countries. Based on indazoles, this synthetic cannabinoid is a member of the indazole-3-carboxamide class. 5CADB-B is also known as 5F-MDMB-PINACA. It has been a component of designer drugs, which are synthetic cannabis products sold online. CAS: N\/A N\/A is the formula. 99.7%&hellip;","_links":{"self":[{"href":"https:\/\/legitgrams.com\/cs\/wp-json\/wp\/v2\/product\/3265","targetHints":{"allow":["GET"]}}],"collection":[{"href":"https:\/\/legitgrams.com\/cs\/wp-json\/wp\/v2\/product"}],"about":[{"href":"https:\/\/legitgrams.com\/cs\/wp-json\/wp\/v2\/types\/product"}],"replies":[{"embeddable":true,"href":"https:\/\/legitgrams.com\/cs\/wp-json\/wp\/v2\/comments?post=3265"}],"wp:featuredmedia":[{"embeddable":true,"href":"https:\/\/legitgrams.com\/cs\/wp-json\/wp\/v2\/media\/3277"}],"wp:attachment":[{"href":"https:\/\/legitgrams.com\/cs\/wp-json\/wp\/v2\/media?parent=3265"}],"wp:term":[{"taxonomy":"product_brand","embeddable":true,"href":"https:\/\/legitgrams.com\/cs\/wp-json\/wp\/v2\/product_brand?post=3265"},{"taxonomy":"product_cat","embeddable":true,"href":"https:\/\/legitgrams.com\/cs\/wp-json\/wp\/v2\/product_cat?post=3265"},{"taxonomy":"product_tag","embeddable":true,"href":"https:\/\/legitgrams.com\/cs\/wp-json\/wp\/v2\/product_tag?post=3265"}],"curies":[{"name":"wp","href":"https:\/\/api.w.org\/{rel}","templated":true}]}}