{"id":3278,"date":"2024-08-03T05:38:22","date_gmt":"2024-08-03T05:38:22","guid":{"rendered":"https:\/\/cokebricks.com\/?post_type=product&#038;p=3278"},"modified":"2025-01-11T11:43:55","modified_gmt":"2025-01-11T11:43:55","slug":"5f-emb","status":"publish","type":"product","link":"https:\/\/legitgrams.com\/cs\/produkt\/5f-emb\/","title":{"rendered":"5f-EMB"},"content":{"rendered":"<div class=\"page-actual bg-light\">\n<section class=\"page-section py-5\">\n<div class=\"container\">\n<div class=\"card card-body py-4\">\n<div class=\"row product-each\">\n<div class=\"col-sm-8 product-text\">\n<div class=\"border-bottom mb-4 pb-3\">\n<h2>Na prodej: 5F-EMB<\/h2>\n<p>Objevte 5f-EMB,<a href=\"https:\/\/legitgrams.com\/cs\/produkt\/5f-emb\/\"> 5F-EMB-PINACA<\/a>, syntetick\u00fd kanabinoid na b\u00e1zi indazolu z rodiny indazol-3-karboxamid\u016f, kter\u00fd byl nab\u00edzen k prodeji online jako designov\u00fd l\u00e9k. Ozna\u010duje se tak\u00e9 jako <a href=\"https:\/\/en.wikipedia.org\/wiki\/5F-APINACA\">EMB-5F-PINACA<\/a> v souladu s r\u00e1mcem EMCCDA pro pojmenov\u00e1n\u00ed syntetick\u00fdch kanabinoid\u016f a 5F-AEB. <a href=\"https:\/\/legitgrams.com\/cs\/\">LegitGrams<\/a><\/p>\n<\/div>\n<div class=\"table-responsive\">\n<table class=\"table table-sm table-borderless\">\n<tbody>\n<tr>\n<td>N\u00e1zev produktu<\/td>\n<td>5F-EMB<\/td>\n<\/tr>\n<tr>\n<td>K\u00f3d produktu<\/td>\n<td>F00003078<\/td>\n<\/tr>\n<tr>\n<td>Chemick\u00fd n\u00e1zev<\/td>\n<td>5F-EMB<\/td>\n<\/tr>\n<tr>\n<td>Synonyma<\/td>\n<td>5-fluoro EMB; Ethyl (1-(5-fluoropentyl)-1H-indazol-3-karbonyl)-L-valin\u00e1t;5F-EMB-PINACA<\/td>\n<\/tr>\n<tr>\n<td>Ne\u010distota<\/td>\n<td><span class=\"text-muted\">Nejsou k dispozici \u017e\u00e1dn\u00e1 data<a href=\"https:\/\/legitgrams.com\/cs\/\">e<\/a><\/span><\/td>\n<\/tr>\n<tr>\n<td>\u010c\u00edslo CAS<\/td>\n<td>NA<\/td>\n<\/tr>\n<tr>\n<td>Alternativn\u00ed CAS #<\/td>\n<td>NA<\/td>\n<\/tr>\n<tr>\n<td>Molekul\u00e1rn\u00ed forma<\/td>\n<td>C\u2082\u2080H\u2082\u2088FN\u2083O\u2083<\/td>\n<\/tr>\n<tr>\n<td>Vzhled<\/td>\n<td><span class=\"text-muted\">Nejsou k dispozici \u017e\u00e1dn\u00e9 \u00fadaje<\/span><\/td>\n<\/tr>\n<tr>\n<td>Bod t\u00e1n\u00ed<\/td>\n<td><span class=\"text-muted\">Nejsou k dispozici \u017e\u00e1dn\u00e9 \u00fadaje<\/span><\/td>\n<\/tr>\n<tr>\n<td>Mol. Hmotnost<\/td>\n<td>377.45<\/td>\n<\/tr>\n<tr>\n<td>\u00dalo\u017ei\u0161t\u011b<\/td>\n<td><span class=\"text-muted\">Nejsou k dispozici \u017e\u00e1dn\u00e9 \u00fadaje<\/span><\/td>\n<\/tr>\n<tr>\n<td>Rozpustnost<\/td>\n<td><span class=\"text-muted\">Nejsou k dispozici \u017e\u00e1dn\u00e9 \u00fadaje<\/span><\/td>\n<\/tr>\n<tr>\n<td>Stabilita<\/td>\n<td><span class=\"text-muted\">Nejsou k dispozici \u017e\u00e1dn\u00e9 \u00fadaje<\/span><\/td>\n<\/tr>\n<tr>\n<td>Kategorie<\/td>\n<td><span class=\"text-muted\">Nejsou k dispozici \u017e\u00e1dn\u00e9 \u00fadaje<\/span><\/td>\n<\/tr>\n<tr>\n<td>Bod varu<\/td>\n<td><span class=\"text-muted\">Nejsou k dispozici \u017e\u00e1dn\u00e9 \u00fadaje<\/span><\/td>\n<\/tr>\n<tr>\n<td>Aplikace<\/td>\n<td>5F-AEB je analog AB-PINACA (A109000) charakterizovan\u00fd nahrazen\u00edm karboxamidu ethylacet\u00e1tem a p\u0159id\u00e1n\u00edm alkylkoncov\u00e9ho atomu fluoru. Syntetick\u00e9 kanabinoidy.<\/td>\n<\/tr>\n<tr>\n<td>Informace o nebezpe\u010dn\u00e9m zbo\u017e\u00ed<\/td>\n<td>NA<\/td>\n<\/tr>\n<tr>\n<td>Odkazy<\/td>\n<td>Uchiyama, N., a dal\u0161\u00ed: Forensic Toxicol. 31(1), 93 (2013).<\/td>\n<\/tr>\n<tr>\n<td>Pozn\u00e1mky nav\u00edc<\/td>\n<td><span class=\"text-muted\">Nejsou k dispozici \u017e\u00e1dn\u00e9 \u00fadaje<\/span><\/td>\n<\/tr>\n<tr>\n<td>Dokumenty (MSDS)<\/td>\n<td><span class=\"text-muted\">Nejsou k dispozici \u017e\u00e1dn\u00e9 \u00fadaje<\/span><\/td>\n<\/tr>\n<tr>\n<td>Kl\u00ed\u010dov\u00e1 slova<\/td>\n<td>koupit 5F-EMB | N\u00e1kup 5F-EMB| Objednat 5F-EMB| 5F-EMBdodavatel | 5F-EMBv\u00fdrobce | 5F-EMB distributor | 5F-AEB cena<\/td>\n<\/tr>\n<\/tbody>\n<\/table>\n<\/div>\n<\/div>\n<div class=\"col-sm-4 product-media\">\n<div class=\"mt-5 pt-1\"><img decoding=\"async\" class=\"img-thumbnail\" src=\"https:\/\/www.srdpharma.com\/adminize\/uploads\/F00003078_proImage.png\" alt=\"5F-AEB\" \/><\/div>\n<div class=\"mt-5\">\n<h5>Obaly v\u00fdrobku<\/h5>\n<\/div>\n<table class=\"table table-sm table-bordered\">\n<tbody>\n<tr>\n<td>25 mg<\/td>\n<\/tr>\n<tr>\n<td>50 mg<\/td>\n<\/tr>\n<tr>\n<td>100 mg<\/td>\n<\/tr>\n<tr>\n<td>250 mg<\/td>\n<\/tr>\n<\/tbody>\n<\/table>\n<div class=\"mt-5\">\n<h5>Dotaz na produkt<\/h5>\n<div class=\"card card-body\">\u00a0Z\u00edskat nab\u00eddku produktu<\/div>\n<div>\n<p><strong>\u00a05F-EMB-PINACA Online<\/strong><br \/>\n<a href=\"https:\/\/legitgrams.com\/cs\/produkt\/5f-emb\/\">5F-EMB-PINACA<\/a> (zn\u00e1m\u00fd tak\u00e9 jako 5F-AEB) je syntetick\u00fd kanabinoid na b\u00e1zi indazolu ze skupiny indazol-3-karboxamid\u016f, kter\u00fd se prod\u00e1v\u00e1 online jako designov\u00e1 droga.<\/p>\n<p>Proto, Poprv\u00e9 to bylo hl\u00e1\u0161eno EMCDDA jako sou\u010d\u00e1st zabaven\u00ed 149 gram\u016f b\u00edl\u00e9ho pr\u00e1\u0161ku ve \u0160v\u00e9dsku v dubnu 2015.<\/p>\n<p>Pro objasn\u011bn\u00ed, 5F AM-2201 na prodej online m\u00e1 prominentn\u00ed jm\u00e9no ve v\u00fdzkumn\u00e9m chemick\u00e9m pr\u016fmyslu a je pova\u017eov\u00e1n za nejsiln\u011bj\u0161\u00ed t\u0159\u00eddu kanabinoid\u016f. Je to \u00fapln\u00fd agonista pro p\u0159idru\u017een\u00e9 receptory. Jeho aktivn\u00ed d\u00e1vka je mal\u00e1 v mno\u017estv\u00ed, jako je 500 mikrogram\u016f, a proto se zab\u00fdv\u00e1 mimo\u0159\u00e1dnou opatrnost\u00ed a opatrnost\u00ed, aby se zabr\u00e1nilo zbyte\u010dn\u00e9mu vdechov\u00e1n\u00ed. Koupit am-2201 online<\/p>\n<p><strong>Koupit 5F-EMB-PINACA online<\/strong><br \/>\nZa prv\u00e9, Skute\u010dnost, kter\u00e1 z n\u011bj \u010din\u00ed extr\u00e9mn\u011b \u0161ir\u0161\u00ed vazebn\u00fd profil receptoru, v\u017edy umis\u0165ovala AM-2201 na prodej online na prvn\u00ed m\u00edsto v seznamu v\u00fdzkumn\u00fdch pracovn\u00edk\u016f. Prod\u00e1v\u00e1 jej spole\u010dnost BAC v\u00fdhradn\u011b pro \u00fa\u010dely aplikace in vitro a nen\u00ed vhodn\u00fd pro po\u017eit\u00ed lidmi.<\/p>\n<p>Mezit\u00edm, Je sou\u010d\u00e1st\u00ed \u0159ady AM kanabinoid\u016f objevil Alexandros Makriyannis.<\/p>\n<\/div>\n<\/div>\n<\/div>\n<\/div>\n<\/div>\n<\/div>\n<\/section>\n<\/div>\n<div class=\"footer site-footer\">\n<div class=\"container\">\n<div class=\"row\">\n<div class=\"col-lg-4\"><\/div>\n<\/div>\n<\/div>\n<\/div>","protected":false},"excerpt":{"rendered":"<p>For Sale: 5F-EMB Discover 5f-EMB, 5F-EMB-PINACA, an indazole-based synthetic cannabinoid from the indazole-3-carboxamide family that has been offered for sale online as a designer medication. It is also referred to as EMB-5F-PINACA in accordance with the EMCCDA framework for naming synthetic cannabinoids and 5F-AEB. LegitGrams Product Name 5F-EMB Product Code F00003078 Chemical name 5F-EMB Synonyms &hellip;<\/p>\n<p class=\"read-more\"> <a class=\"\" href=\"https:\/\/legitgrams.com\/cs\/produkt\/5f-emb\/\"> <span class=\"screen-reader-text\">5f-EMB<\/span> \u010c\u00edst d\u00e1l \"<\/a><\/p>","protected":false},"featured_media":3288,"comment_status":"open","ping_status":"closed","template":"","meta":{"_uag_custom_page_level_css":"","site-sidebar-layout":"default","site-content-layout":"default","ast-global-header-display":"","ast-main-header-display":"","ast-hfb-above-header-display":"","ast-hfb-below-header-display":"","ast-hfb-mobile-header-display":"","site-post-title":"","ast-breadcrumbs-content":"","ast-featured-img":"","footer-sml-layout":"","theme-transparent-header-meta":"default","adv-header-id-meta":"","stick-header-meta":"default","header-above-stick-meta":"","header-main-stick-meta":"","header-below-stick-meta":"","_joinchat":[]},"product_brand":[],"product_cat":[190],"product_tag":[444,445,446,447,448,449,237,450,238,451,239,452,240,453,242,454,455,456,457,458],"class_list":{"0":"post-3278","1":"product","2":"type-product","3":"status-publish","4":"has-post-thumbnail","6":"product_cat-cannabinoids","7":"product_tag-5f-2201","8":"product_tag-5f-mdmb-2201-5f-mdmb-2201-cannabinoid","9":"product_tag-5f-mdmb-2201-legal-status","10":"product_tag-5f-mdmb-2201-psychonaut","11":"product_tag-5f-mdmb2011","12":"product_tag-5f-mdmb-22001-review","13":"product_tag-5f-mdmb-2201","14":"product_tag-5f-mdmb-2201-china","15":"product_tag-5f-mdmb-2201-dosage","16":"product_tag-5f-mdmb-2201-effects","17":"product_tag-5f-mdmb-2201-opinie","18":"product_tag-5f-mdmb-2201-order","19":"product_tag-5f-mdmb-2201-reddit","20":"product_tag-5f-mdmb-2201-vape","21":"product_tag-5f-mdmb-2201-wiki","22":"product_tag-5fmdmb-2201-wirkung","23":"product_tag-5fmdmb-2201-cayman","24":"product_tag-5fmdmv2201-5f-mdmb-2201-kannabinoid","25":"product_tag-buy-5f-mdmb-2201","26":"product_tag-buy-5fmdmb-2201","27":"desktop-align-left","28":"tablet-align-left","29":"mobile-align-left","30":"ast-product-gallery-layout-horizontal","31":"ast-product-single-variable","32":"ast-product-tabs-layout-horizontal","33":"ast-qv-on-image","35":"first","36":"instock","37":"shipping-taxable","38":"purchasable","39":"product-type-variable"},"yoast_head":"<!-- This site is optimized with the Yoast SEO plugin v25.9 - https:\/\/yoast.com\/wordpress\/plugins\/seo\/ -->\n<title>5F-EMB for Sale - Order 5F-EMB Powder Online | LegitGrams<\/title>\n<meta name=\"description\" content=\"You can buy 5F-EMB powder online at best price from our online cannabinoids store. We have cheap and high-quality 5F-EMB for sale and provide worldwide delivery. You can order from anywhere, anytime.\" \/>\n<meta name=\"robots\" content=\"index, follow, max-snippet:-1, max-image-preview:large, max-video-preview:-1\" \/>\n<link rel=\"canonical\" href=\"https:\/\/legitgrams.com\/cs\/produkt\/5f-emb\/\" \/>\n<meta property=\"og:locale\" content=\"cs_CZ\" \/>\n<meta property=\"og:type\" content=\"article\" \/>\n<meta property=\"og:title\" content=\"5F-EMB for Sale - Order 5F-EMB Powder Online | LegitGrams\" \/>\n<meta property=\"og:description\" content=\"You can buy 5F-EMB powder online at best price from our online cannabinoids store. We have cheap and high-quality 5F-EMB for sale and provide worldwide delivery. You can order from anywhere, anytime.\" \/>\n<meta property=\"og:url\" content=\"https:\/\/legitgrams.com\/cs\/produkt\/5f-emb\/\" \/>\n<meta property=\"og:site_name\" content=\"Legit Grams\" \/>\n<meta property=\"article:modified_time\" content=\"2025-01-11T11:43:55+00:00\" \/>\n<meta property=\"og:image\" content=\"https:\/\/legitgrams.com\/wp-content\/uploads\/2024\/08\/5f-EMB.gif\" \/>\n\t<meta property=\"og:image:width\" content=\"600\" \/>\n\t<meta property=\"og:image:height\" content=\"600\" \/>\n\t<meta property=\"og:image:type\" content=\"image\/gif\" \/>\n<meta name=\"twitter:card\" content=\"summary_large_image\" \/>\n<meta name=\"twitter:label1\" content=\"Odhadovan\u00e1 doba \u010dten\u00ed\" \/>\n\t<meta name=\"twitter:data1\" content=\"3 minuty\" \/>\n<script type=\"application\/ld+json\" class=\"yoast-schema-graph\">{\"@context\":\"https:\/\/schema.org\",\"@graph\":[{\"@type\":\"WebPage\",\"@id\":\"https:\/\/legitgrams.com\/product\/5f-emb\/\",\"url\":\"https:\/\/legitgrams.com\/product\/5f-emb\/\",\"name\":\"5F-EMB for Sale - Order 5F-EMB Powder Online | LegitGrams\",\"isPartOf\":{\"@id\":\"https:\/\/legitgrams.com\/#website\"},\"primaryImageOfPage\":{\"@id\":\"https:\/\/legitgrams.com\/product\/5f-emb\/#primaryimage\"},\"image\":{\"@id\":\"https:\/\/legitgrams.com\/product\/5f-emb\/#primaryimage\"},\"thumbnailUrl\":\"https:\/\/legitgrams.com\/wp-content\/uploads\/2024\/08\/5f-EMB.gif\",\"datePublished\":\"2024-08-03T05:38:22+00:00\",\"dateModified\":\"2025-01-11T11:43:55+00:00\",\"description\":\"You can buy 5F-EMB powder online at best price from our online cannabinoids store. We have cheap and high-quality 5F-EMB for sale and provide worldwide delivery. You can order from anywhere, anytime.\",\"breadcrumb\":{\"@id\":\"https:\/\/legitgrams.com\/product\/5f-emb\/#breadcrumb\"},\"inLanguage\":\"cs\",\"potentialAction\":[{\"@type\":\"ReadAction\",\"target\":[\"https:\/\/legitgrams.com\/product\/5f-emb\/\"]}]},{\"@type\":\"ImageObject\",\"inLanguage\":\"cs\",\"@id\":\"https:\/\/legitgrams.com\/product\/5f-emb\/#primaryimage\",\"url\":\"https:\/\/legitgrams.com\/wp-content\/uploads\/2024\/08\/5f-EMB.gif\",\"contentUrl\":\"https:\/\/legitgrams.com\/wp-content\/uploads\/2024\/08\/5f-EMB.gif\",\"width\":600,\"height\":600,\"caption\":\"5F-EMB for Sale\"},{\"@type\":\"BreadcrumbList\",\"@id\":\"https:\/\/legitgrams.com\/product\/5f-emb\/#breadcrumb\",\"itemListElement\":[{\"@type\":\"ListItem\",\"position\":1,\"name\":\"Home\",\"item\":\"https:\/\/legitgrams.com\/\"},{\"@type\":\"ListItem\",\"position\":2,\"name\":\"Shop\",\"item\":\"https:\/\/legitgrams.com\/shop\/\"},{\"@type\":\"ListItem\",\"position\":3,\"name\":\"5f-EMB\"}]},{\"@type\":\"WebSite\",\"@id\":\"https:\/\/legitgrams.com\/#website\",\"url\":\"https:\/\/legitgrams.com\/\",\"name\":\"Legit Grams\",\"description\":\"My WordPress Blog\",\"publisher\":{\"@id\":\"https:\/\/legitgrams.com\/#organization\"},\"potentialAction\":[{\"@type\":\"SearchAction\",\"target\":{\"@type\":\"EntryPoint\",\"urlTemplate\":\"https:\/\/legitgrams.com\/?s={search_term_string}\"},\"query-input\":{\"@type\":\"PropertyValueSpecification\",\"valueRequired\":true,\"valueName\":\"search_term_string\"}}],\"inLanguage\":\"cs\"},{\"@type\":\"Organization\",\"@id\":\"https:\/\/legitgrams.com\/#organization\",\"name\":\"Legit Grams\",\"url\":\"https:\/\/legitgrams.com\/\",\"logo\":{\"@type\":\"ImageObject\",\"inLanguage\":\"cs\",\"@id\":\"https:\/\/legitgrams.com\/#\/schema\/logo\/image\/\",\"url\":\"https:\/\/legitgrams.com\/wp-content\/uploads\/2024\/09\/main-logo.png\",\"contentUrl\":\"https:\/\/legitgrams.com\/wp-content\/uploads\/2024\/09\/main-logo.png\",\"width\":270,\"height\":75,\"caption\":\"Legit Grams\"},\"image\":{\"@id\":\"https:\/\/legitgrams.com\/#\/schema\/logo\/image\/\"}}]}<\/script>\n<!-- \/ Yoast SEO plugin. -->","yoast_head_json":{"title":"5F-EMB na prodej - objednejte si 5F-EMB pr\u00e1\u0161ek online | LegitGrams","description":"Pr\u00e1\u0161ek 5F-EMB si m\u016f\u017eete koupit online za nejlep\u0161\u00ed cenu z na\u0161eho online obchodu s kanabinoidy. M\u00e1me levn\u00e9 a vysoce kvalitn\u00ed 5F-EMB na prodej a poskytujeme doru\u010den\u00ed po cel\u00e9m sv\u011bt\u011b. Objedn\u00e1vat m\u016f\u017eete odkudkoli a kdykoli.","robots":{"index":"index","follow":"follow","max-snippet":"max-snippet:-1","max-image-preview":"max-image-preview:large","max-video-preview":"max-video-preview:-1"},"canonical":"https:\/\/legitgrams.com\/cs\/produkt\/5f-emb\/","og_locale":"cs_CZ","og_type":"article","og_title":"5F-EMB for Sale - Order 5F-EMB Powder Online | LegitGrams","og_description":"You can buy 5F-EMB powder online at best price from our online cannabinoids store. We have cheap and high-quality 5F-EMB for sale and provide worldwide delivery. You can order from anywhere, anytime.","og_url":"https:\/\/legitgrams.com\/cs\/produkt\/5f-emb\/","og_site_name":"Legit Grams","article_modified_time":"2025-01-11T11:43:55+00:00","og_image":[{"width":600,"height":600,"url":"https:\/\/legitgrams.com\/wp-content\/uploads\/2024\/08\/5f-EMB.gif","type":"image\/gif"}],"twitter_card":"summary_large_image","twitter_misc":{"Odhadovan\u00e1 doba \u010dten\u00ed":"3 minuty"},"schema":{"@context":"https:\/\/schema.org","@graph":[{"@type":"WebPage","@id":"https:\/\/legitgrams.com\/product\/5f-emb\/","url":"https:\/\/legitgrams.com\/product\/5f-emb\/","name":"5F-EMB na prodej - objednejte si 5F-EMB pr\u00e1\u0161ek online | LegitGrams","isPartOf":{"@id":"https:\/\/legitgrams.com\/#website"},"primaryImageOfPage":{"@id":"https:\/\/legitgrams.com\/product\/5f-emb\/#primaryimage"},"image":{"@id":"https:\/\/legitgrams.com\/product\/5f-emb\/#primaryimage"},"thumbnailUrl":"https:\/\/legitgrams.com\/wp-content\/uploads\/2024\/08\/5f-EMB.gif","datePublished":"2024-08-03T05:38:22+00:00","dateModified":"2025-01-11T11:43:55+00:00","description":"Pr\u00e1\u0161ek 5F-EMB si m\u016f\u017eete koupit online za nejlep\u0161\u00ed cenu z na\u0161eho online obchodu s kanabinoidy. M\u00e1me levn\u00e9 a vysoce kvalitn\u00ed 5F-EMB na prodej a poskytujeme doru\u010den\u00ed po cel\u00e9m sv\u011bt\u011b. Objedn\u00e1vat m\u016f\u017eete odkudkoli a kdykoli.","breadcrumb":{"@id":"https:\/\/legitgrams.com\/product\/5f-emb\/#breadcrumb"},"inLanguage":"cs","potentialAction":[{"@type":"ReadAction","target":["https:\/\/legitgrams.com\/product\/5f-emb\/"]}]},{"@type":"ImageObject","inLanguage":"cs","@id":"https:\/\/legitgrams.com\/product\/5f-emb\/#primaryimage","url":"https:\/\/legitgrams.com\/wp-content\/uploads\/2024\/08\/5f-EMB.gif","contentUrl":"https:\/\/legitgrams.com\/wp-content\/uploads\/2024\/08\/5f-EMB.gif","width":600,"height":600,"caption":"5F-EMB for Sale"},{"@type":"BreadcrumbList","@id":"https:\/\/legitgrams.com\/product\/5f-emb\/#breadcrumb","itemListElement":[{"@type":"ListItem","position":1,"name":"Home","item":"https:\/\/legitgrams.com\/"},{"@type":"ListItem","position":2,"name":"Shop","item":"https:\/\/legitgrams.com\/shop\/"},{"@type":"ListItem","position":3,"name":"5f-EMB"}]},{"@type":"WebSite","@id":"https:\/\/legitgrams.com\/#website","url":"https:\/\/legitgrams.com\/","name":"Leg\u00e1ln\u00ed gramy","description":"M\u016fj blog WordPress","publisher":{"@id":"https:\/\/legitgrams.com\/#organization"},"potentialAction":[{"@type":"SearchAction","target":{"@type":"EntryPoint","urlTemplate":"https:\/\/legitgrams.com\/?s={search_term_string}"},"query-input":{"@type":"PropertyValueSpecification","valueRequired":true,"valueName":"search_term_string"}}],"inLanguage":"cs"},{"@type":"Organization","@id":"https:\/\/legitgrams.com\/#organization","name":"Leg\u00e1ln\u00ed gramy","url":"https:\/\/legitgrams.com\/","logo":{"@type":"ImageObject","inLanguage":"cs","@id":"https:\/\/legitgrams.com\/#\/schema\/logo\/image\/","url":"https:\/\/legitgrams.com\/wp-content\/uploads\/2024\/09\/main-logo.png","contentUrl":"https:\/\/legitgrams.com\/wp-content\/uploads\/2024\/09\/main-logo.png","width":270,"height":75,"caption":"Legit Grams"},"image":{"@id":"https:\/\/legitgrams.com\/#\/schema\/logo\/image\/"}}]}},"uagb_featured_image_src":{"full":["https:\/\/legitgrams.com\/wp-content\/uploads\/2024\/08\/5f-EMB.gif",600,600,false],"thumbnail":["https:\/\/legitgrams.com\/wp-content\/uploads\/2024\/08\/5f-EMB-150x150.gif",150,150,true],"medium":["https:\/\/legitgrams.com\/wp-content\/uploads\/2024\/08\/5f-EMB-300x300.gif",300,300,true],"medium_large":["https:\/\/legitgrams.com\/wp-content\/uploads\/2024\/08\/5f-EMB.gif",600,600,false],"large":["https:\/\/legitgrams.com\/wp-content\/uploads\/2024\/08\/5f-EMB.gif",600,600,false],"1536x1536":["https:\/\/legitgrams.com\/wp-content\/uploads\/2024\/08\/5f-EMB.gif",600,600,false],"2048x2048":["https:\/\/legitgrams.com\/wp-content\/uploads\/2024\/08\/5f-EMB.gif",600,600,false],"trp-custom-language-flag":["https:\/\/legitgrams.com\/wp-content\/uploads\/2024\/08\/5f-EMB-12x12.gif",12,12,true],"woocommerce_thumbnail":["https:\/\/legitgrams.com\/wp-content\/uploads\/2024\/08\/5f-EMB-300x300.gif",300,300,true],"woocommerce_single":["https:\/\/legitgrams.com\/wp-content\/uploads\/2024\/08\/5f-EMB.gif",600,600,false],"woocommerce_gallery_thumbnail":["https:\/\/legitgrams.com\/wp-content\/uploads\/2024\/08\/5f-EMB-100x100.gif",100,100,true]},"uagb_author_info":{"display_name":"cokeblog18","author_link":"https:\/\/legitgrams.com\/cs\/author\/"},"uagb_comment_info":0,"uagb_excerpt":"For Sale: 5F-EMB Discover 5f-EMB, 5F-EMB-PINACA, an indazole-based synthetic cannabinoid from the indazole-3-carboxamide family that has been offered for sale online as a designer medication. It is also referred to as EMB-5F-PINACA in accordance with the EMCCDA framework for naming synthetic cannabinoids and 5F-AEB. LegitGrams Product Name 5F-EMB Product Code F00003078 Chemical name 5F-EMB Synonyms&hellip;","_links":{"self":[{"href":"https:\/\/legitgrams.com\/cs\/wp-json\/wp\/v2\/product\/3278","targetHints":{"allow":["GET"]}}],"collection":[{"href":"https:\/\/legitgrams.com\/cs\/wp-json\/wp\/v2\/product"}],"about":[{"href":"https:\/\/legitgrams.com\/cs\/wp-json\/wp\/v2\/types\/product"}],"replies":[{"embeddable":true,"href":"https:\/\/legitgrams.com\/cs\/wp-json\/wp\/v2\/comments?post=3278"}],"wp:featuredmedia":[{"embeddable":true,"href":"https:\/\/legitgrams.com\/cs\/wp-json\/wp\/v2\/media\/3288"}],"wp:attachment":[{"href":"https:\/\/legitgrams.com\/cs\/wp-json\/wp\/v2\/media?parent=3278"}],"wp:term":[{"taxonomy":"product_brand","embeddable":true,"href":"https:\/\/legitgrams.com\/cs\/wp-json\/wp\/v2\/product_brand?post=3278"},{"taxonomy":"product_cat","embeddable":true,"href":"https:\/\/legitgrams.com\/cs\/wp-json\/wp\/v2\/product_cat?post=3278"},{"taxonomy":"product_tag","embeddable":true,"href":"https:\/\/legitgrams.com\/cs\/wp-json\/wp\/v2\/product_tag?post=3278"}],"curies":[{"name":"wp","href":"https:\/\/api.w.org\/{rel}","templated":true}]}}