{"id":3281,"date":"2024-08-03T05:38:50","date_gmt":"2024-08-03T05:38:50","guid":{"rendered":"https:\/\/cokebricks.com\/?post_type=product&#038;p=3281"},"modified":"2025-01-11T10:28:49","modified_gmt":"2025-01-11T10:28:49","slug":"3fpvp","status":"publish","type":"product","link":"https:\/\/legitgrams.com\/cs\/produkt\/3fpvp\/","title":{"rendered":"3F-PVP"},"content":{"rendered":"<h2>Na prodej: 3F-PVP<\/h2>\n<p>3F-PVP <a href=\"https:\/\/legitgrams.com\/cs\/produkt\/3fpvp\/\">(3FPVP) KRYSTALY<\/a> jsou k dispozici z legitgram\u016f, aby vyhovovaly v\u0161em va\u0161im chemick\u00fdm pot\u0159eb\u00e1m. Spole\u010dnost je odhodl\u00e1na poskytovat sv\u00fdm z\u00e1kazn\u00edk\u016fm ty nejlep\u0161\u00ed mo\u017en\u00e9 slu\u017eby, proto\u017ee si z\u00edskala d\u016fv\u011bru tolika lid\u00ed.<\/p>\n<h3>3F-PVP: Vysv\u011btlete v\u00fdskyt.<\/h3>\n<p>3F-PVP online je legitimn\u00ed kathinonov\u00fd t\u0159\u00eddn\u00ed program, kter\u00fd m\u00e1 stejn\u00e9 vlastnosti jako A-PHP. 3F-alfa-PVP je chemick\u00fd n\u00e1zev pro 3F-PVP. Vzorec pro 3f-PVP je C15H20FNO a jeho molekulov\u00e1 hmotnost je 249,32.<\/p>\n<p>D\u00e1vka 3F-PVP vytv\u00e1\u0159\u00ed m\u00edrn\u00fd a\u017e siln\u00fd euforick\u00fd \u00fa\u010dinek, kter\u00fd prostupuje cel\u00fdm t\u011blem. Za druh\u00e9, p\u0159i vysok\u00fdch d\u00e1vk\u00e1ch m\u016f\u017ee b\u00fdt ohromuj\u00edc\u00ed. Podporuje rekrea\u010dn\u00ed aktivity, jako je tanec, lezen\u00ed a b\u011bh.<\/p>\n<p>V n\u011bkter\u00fdch p\u0159\u00edpadech to nen\u00ed mo\u017en\u00e9. v\u0161udyp\u0159\u00edtomn\u00e1 porucha kontroly motoriky a v\u00e1\u017en\u00e1s<\/p>\n<p>V n\u011bkter\u00fdch p\u0159\u00edpadech to nen\u00ed mo\u017en\u00e9. Sv\u00edr\u00e1n\u00ed \u010delist\u00ed, nekontrolovateln\u00e9 ot\u0159esy t\u011bla a vibrace zp\u016fsobuj\u00ed zna\u010dn\u00e9 t\u0159esen\u00ed rukou a celkov\u00fd nedostatek kontroly motoru, tak\u017ee je obt\u00ed\u017en\u00e9 nebo \u010dasto nemo\u017en\u00e9 z\u016fstat v klidu. Navzdory skute\u010dnosti, \u017ee tento l\u00e9k m\u00e1 n\u011bkter\u00e9 vedlej\u0161\u00ed \u00fa\u010dinky, jako je potenci\u00e1l zp\u016fsobit kr\u00e1tk\u00e9 rozmaz\u00e1n\u00ed a zhor\u0161en\u00ed zraku v d\u016fsledku trh\u00e1n\u00ed o\u010d\u00ed, p\u0159esto se doporu\u010duje, abyste si p\u0159ed pou\u017eit\u00edm v\u017edy promluvili se sv\u00fdm l\u00e9ka\u0159em. Kupte si 3F-PVP (3FPVP) CRYSTALS online v USA.<\/p>\n<h3>NEJLEP\u0160\u00cd M\u00cdSTO PRO N\u00c1KUP 3F-PVP ONLINE<\/h3>\n<p>Jedn\u00edm z renomovan\u00fdch a d\u016fv\u011bryhodn\u00fdch online prodejc\u016f 3F-PVP je. <a href=\"https:\/\/legitgrams.com\/cs\/\">LegitGrams<\/a>. Spole\u010dnost z\u00edskala mnoho pozitivn\u00edch ohlas\u016f od z\u00e1kazn\u00edk\u016f, kte\u0159\u00ed j\u00ed d\u016fv\u011b\u0159uj\u00ed, \u017ee dod\u00e1v\u00e1 vysoce kvalitn\u00ed zbo\u017e\u00ed.<\/p>\n<h3>Z\u00cdSKEJTE 3F-PVP (3FPVP) KRYSTALY ONLINE.<\/h3>\n<p>P\u0159ehled<\/p>\n<p>Chcete si koupit pr\u00e1\u0161ek 3F-PVP nebo 3-fluor-\u03b1-pyrrolidinovalerofenon? Pokud ano, jste na spr\u00e1vn\u00e9m m\u00edst\u011b! V na\u0161em internetov\u00e9m obchod\u011b jsou k dispozici pouze ty nejv\u011bt\u0161\u00ed v\u00fdzkumn\u00e9 l\u00e1tky, kter\u00e9 byly hodnoceny v laborato\u0159\u00edch. Objedn\u00e1vky jsou diskr\u00e9tn\u011b zabaleny a odesl\u00e1ny do jednoho dne. Nav\u00edc m\u016f\u017eete prov\u00e1d\u011bt rychl\u00e9 a bezpe\u010dn\u00e9 platby bitcoiny a dal\u0161\u00edmi kryptom\u011bnami.<\/p>\n<h3>Kde mohu koupit 3F-PVP?<\/h3>\n<p>V\u0161echny sv\u00e9 v\u00fdzkumn\u00e9 chemik\u00e1lie, v\u010detn\u011b nejlep\u0161\u00edho 3F-PVP, m\u016f\u017eete zakoupit v na\u0161em internetov\u00e9m obchod\u011b.<\/p>\n<p>Tuto l\u00e1tku by m\u011bly pou\u017e\u00edvat pouze laborato\u0159e.<\/p>\n<p>Tuto l\u00e1tku by m\u011bly pou\u017e\u00edvat pouze laborato\u0159e.<\/p>\n<p>Vezm\u011bte pros\u00edm na v\u011bdom\u00ed, \u017ee podobn\u011b jako jin\u00e9 v\u00fdzkumn\u00e9 chemik\u00e1lie je 3F-PVP ur\u010den v\u00fdhradn\u011b pro pou\u017eit\u00ed ve v\u00fdzkumu a nem\u011bl by b\u00fdt konzumov\u00e1n lidmi, zv\u00ed\u0159aty nebo jin\u00fdmi \u017eiv\u00fdmi tvory.<\/p>\n<p>Skladujte na such\u00e9m a chladn\u00e9m m\u00edst\u011b pro nejdel\u0161\u00ed trvanlivost.<\/p>\n<p>Nepovolujeme n\u00e1kup v\u00fdzkumn\u00fdch l\u00e1tek osob\u00e1m mlad\u0161\u00edm osmn\u00e1cti let.<\/p>","protected":false},"excerpt":{"rendered":"<p><b>3-Fluoro-\u03b1-Pyrrolidinovalerofenon<\/b>\u00a0(<b>3F-PVP<\/b>) je rekrea\u010dn\u00ed designov\u00e1 droga ze skupiny substituovan\u00fdch katinon\u016f se stimula\u010dn\u00edmi \u00fa\u010dinky, kter\u00e1 se poprv\u00e9 objevila na neleg\u00e1ln\u00edm trhu kolem roku 2018.<\/p>","protected":false},"featured_media":3292,"comment_status":"open","ping_status":"closed","template":"","meta":{"_uag_custom_page_level_css":"","site-sidebar-layout":"default","site-content-layout":"default","ast-global-header-display":"","ast-main-header-display":"","ast-hfb-above-header-display":"","ast-hfb-below-header-display":"","ast-hfb-mobile-header-display":"","site-post-title":"","ast-breadcrumbs-content":"","ast-featured-img":"","footer-sml-layout":"","theme-transparent-header-meta":"default","adv-header-id-meta":"","stick-header-meta":"default","header-above-stick-meta":"","header-main-stick-meta":"","header-below-stick-meta":"","_joinchat":[]},"product_brand":[],"product_cat":[190],"product_tag":[5641,5645,5644,5652,5643,5653,5655,5662,5663,5661,5658,5660,5650,617,5642,5657,5654,5649,5647,5659,5656,625,5648,5651,5646],"class_list":{"0":"post-3281","1":"product","2":"type-product","3":"status-publish","4":"has-post-thumbnail","6":"product_cat-cannabinoids","7":"product_tag-3f-pvp","8":"product_tag-3f-pvp-3f-pvp-supplier","9":"product_tag-3f-pvp-for-sale","10":"product_tag-3f-pvp-legally","11":"product_tag-3f-pvp-online","12":"product_tag-3f-pvp-price","13":"product_tag-3f-pvp-store","14":"product_tag-3f-pvp-use","15":"product_tag-3f-pvp-wiki","16":"product_tag-3f-pvp-worldwide","17":"product_tag-3f-pvps","18":"product_tag-best-cheap-price-3f-pvp","19":"product_tag-best-place-to-buy-3f-pvp","20":"product_tag-bulk-online","21":"product_tag-buy-3f-pvp","22":"product_tag-cheap-3f-pvp","23":"product_tag-high-quality-3f-pvp","24":"product_tag-how-to-buy-3f-pvp","25":"product_tag-order-3f-pvp","26":"product_tag-purcharse-3f-pvp","27":"product_tag-shop-3f-pvp","28":"product_tag-top-quality","29":"product_tag-where-to-buy-3f-pvp","30":"product_tag-where-to-order-3f-pvp","31":"product_tag-wholesale-3f-pvp","32":"desktop-align-left","33":"tablet-align-left","34":"mobile-align-left","35":"ast-product-gallery-layout-horizontal","36":"ast-product-gallery-with-no-image","37":"ast-product-single-variable","38":"ast-product-tabs-layout-horizontal","39":"ast-qv-on-image","41":"first","42":"instock","43":"shipping-taxable","44":"purchasable","45":"product-type-variable"},"yoast_head":"<!-- This site is optimized with the Yoast SEO plugin v25.9 - https:\/\/yoast.com\/wordpress\/plugins\/seo\/ -->\n<title>3F-PVP for Sale - Order 3F-PVP Online | LegitGrams<\/title>\n<meta name=\"description\" content=\"You can now get 3F-PVP for sale from our cannabinoids store. Our staff will assist you to buy 3F-PVP online at the best prices. Order 3F-PVP online today!\" \/>\n<meta name=\"robots\" content=\"index, follow, max-snippet:-1, max-image-preview:large, max-video-preview:-1\" \/>\n<link rel=\"canonical\" href=\"https:\/\/legitgrams.com\/cs\/produkt\/3fpvp\/\" \/>\n<meta property=\"og:locale\" content=\"cs_CZ\" \/>\n<meta property=\"og:type\" content=\"article\" \/>\n<meta property=\"og:title\" content=\"3F-PVP for Sale - Order 3F-PVP Online | LegitGrams\" \/>\n<meta property=\"og:description\" content=\"You can now get 3F-PVP for sale from our cannabinoids store. Our staff will assist you to buy 3F-PVP online at the best prices. Order 3F-PVP online today!\" \/>\n<meta property=\"og:url\" content=\"https:\/\/legitgrams.com\/cs\/produkt\/3fpvp\/\" \/>\n<meta property=\"og:site_name\" content=\"Legit Grams\" \/>\n<meta property=\"article:modified_time\" content=\"2025-01-11T10:28:49+00:00\" \/>\n<meta property=\"og:image\" content=\"https:\/\/legitgrams.com\/wp-content\/uploads\/2024\/08\/3f-pvp.gif\" \/>\n\t<meta property=\"og:image:width\" content=\"600\" \/>\n\t<meta property=\"og:image:height\" content=\"600\" \/>\n\t<meta property=\"og:image:type\" content=\"image\/gif\" \/>\n<meta name=\"twitter:card\" content=\"summary_large_image\" \/>\n<meta name=\"twitter:label1\" content=\"Odhadovan\u00e1 doba \u010dten\u00ed\" \/>\n\t<meta name=\"twitter:data1\" content=\"2 minuty\" \/>\n<script type=\"application\/ld+json\" class=\"yoast-schema-graph\">{\"@context\":\"https:\/\/schema.org\",\"@graph\":[{\"@type\":\"WebPage\",\"@id\":\"https:\/\/legitgrams.com\/product\/3f-pvp\/\",\"url\":\"https:\/\/legitgrams.com\/product\/3f-pvp\/\",\"name\":\"3F-PVP for Sale - Order 3F-PVP Online | LegitGrams\",\"isPartOf\":{\"@id\":\"https:\/\/legitgrams.com\/#website\"},\"primaryImageOfPage\":{\"@id\":\"https:\/\/legitgrams.com\/product\/3f-pvp\/#primaryimage\"},\"image\":{\"@id\":\"https:\/\/legitgrams.com\/product\/3f-pvp\/#primaryimage\"},\"thumbnailUrl\":\"https:\/\/legitgrams.com\/wp-content\/uploads\/2024\/08\/3f-pvp.gif\",\"datePublished\":\"2024-08-03T05:38:50+00:00\",\"dateModified\":\"2025-01-11T10:28:49+00:00\",\"description\":\"You can now get 3F-PVP for sale from our cannabinoids store. Our staff will assist you to buy 3F-PVP online at the best prices. Order 3F-PVP online today!\",\"breadcrumb\":{\"@id\":\"https:\/\/legitgrams.com\/product\/3f-pvp\/#breadcrumb\"},\"inLanguage\":\"cs\",\"potentialAction\":[{\"@type\":\"ReadAction\",\"target\":[\"https:\/\/legitgrams.com\/product\/3f-pvp\/\"]}]},{\"@type\":\"ImageObject\",\"inLanguage\":\"cs\",\"@id\":\"https:\/\/legitgrams.com\/product\/3f-pvp\/#primaryimage\",\"url\":\"https:\/\/legitgrams.com\/wp-content\/uploads\/2024\/08\/3f-pvp.gif\",\"contentUrl\":\"https:\/\/legitgrams.com\/wp-content\/uploads\/2024\/08\/3f-pvp.gif\",\"width\":600,\"height\":600,\"caption\":\"3F-PVP for Sale\"},{\"@type\":\"BreadcrumbList\",\"@id\":\"https:\/\/legitgrams.com\/product\/3f-pvp\/#breadcrumb\",\"itemListElement\":[{\"@type\":\"ListItem\",\"position\":1,\"name\":\"Home\",\"item\":\"https:\/\/legitgrams.com\/\"},{\"@type\":\"ListItem\",\"position\":2,\"name\":\"Shop\",\"item\":\"https:\/\/legitgrams.com\/shop\/\"},{\"@type\":\"ListItem\",\"position\":3,\"name\":\"3F-PVP\"}]},{\"@type\":\"WebSite\",\"@id\":\"https:\/\/legitgrams.com\/#website\",\"url\":\"https:\/\/legitgrams.com\/\",\"name\":\"Legit Grams\",\"description\":\"My WordPress Blog\",\"publisher\":{\"@id\":\"https:\/\/legitgrams.com\/#organization\"},\"potentialAction\":[{\"@type\":\"SearchAction\",\"target\":{\"@type\":\"EntryPoint\",\"urlTemplate\":\"https:\/\/legitgrams.com\/?s={search_term_string}\"},\"query-input\":{\"@type\":\"PropertyValueSpecification\",\"valueRequired\":true,\"valueName\":\"search_term_string\"}}],\"inLanguage\":\"cs\"},{\"@type\":\"Organization\",\"@id\":\"https:\/\/legitgrams.com\/#organization\",\"name\":\"Legit Grams\",\"url\":\"https:\/\/legitgrams.com\/\",\"logo\":{\"@type\":\"ImageObject\",\"inLanguage\":\"cs\",\"@id\":\"https:\/\/legitgrams.com\/#\/schema\/logo\/image\/\",\"url\":\"https:\/\/legitgrams.com\/wp-content\/uploads\/2024\/09\/main-logo.png\",\"contentUrl\":\"https:\/\/legitgrams.com\/wp-content\/uploads\/2024\/09\/main-logo.png\",\"width\":270,\"height\":75,\"caption\":\"Legit Grams\"},\"image\":{\"@id\":\"https:\/\/legitgrams.com\/#\/schema\/logo\/image\/\"}}]}<\/script>\n<!-- \/ Yoast SEO plugin. -->","yoast_head_json":{"title":"3F-PVP na prodej - objednat 3F-PVP online | LegitGrams","description":"Nyn\u00ed si m\u016f\u017eete 3F-PVP koupit v na\u0161em obchod\u011b s kanabinoidy. Na\u0161i zam\u011bstnanci v\u00e1m pomohou koupit 3F-PVP online za nejlep\u0161\u00ed ceny. Objednejte si 3F-PVP online je\u0161t\u011b dnes!","robots":{"index":"index","follow":"follow","max-snippet":"max-snippet:-1","max-image-preview":"max-image-preview:large","max-video-preview":"max-video-preview:-1"},"canonical":"https:\/\/legitgrams.com\/cs\/produkt\/3fpvp\/","og_locale":"cs_CZ","og_type":"article","og_title":"3F-PVP for Sale - Order 3F-PVP Online | LegitGrams","og_description":"You can now get 3F-PVP for sale from our cannabinoids store. Our staff will assist you to buy 3F-PVP online at the best prices. Order 3F-PVP online today!","og_url":"https:\/\/legitgrams.com\/cs\/produkt\/3fpvp\/","og_site_name":"Legit Grams","article_modified_time":"2025-01-11T10:28:49+00:00","og_image":[{"width":600,"height":600,"url":"https:\/\/legitgrams.com\/wp-content\/uploads\/2024\/08\/3f-pvp.gif","type":"image\/gif"}],"twitter_card":"summary_large_image","twitter_misc":{"Odhadovan\u00e1 doba \u010dten\u00ed":"2 minuty"},"schema":{"@context":"https:\/\/schema.org","@graph":[{"@type":"WebPage","@id":"https:\/\/legitgrams.com\/product\/3f-pvp\/","url":"https:\/\/legitgrams.com\/product\/3f-pvp\/","name":"3F-PVP na prodej - objednat 3F-PVP online | LegitGrams","isPartOf":{"@id":"https:\/\/legitgrams.com\/#website"},"primaryImageOfPage":{"@id":"https:\/\/legitgrams.com\/product\/3f-pvp\/#primaryimage"},"image":{"@id":"https:\/\/legitgrams.com\/product\/3f-pvp\/#primaryimage"},"thumbnailUrl":"https:\/\/legitgrams.com\/wp-content\/uploads\/2024\/08\/3f-pvp.gif","datePublished":"2024-08-03T05:38:50+00:00","dateModified":"2025-01-11T10:28:49+00:00","description":"Nyn\u00ed si m\u016f\u017eete 3F-PVP koupit v na\u0161em obchod\u011b s kanabinoidy. Na\u0161i zam\u011bstnanci v\u00e1m pomohou koupit 3F-PVP online za nejlep\u0161\u00ed ceny. Objednejte si 3F-PVP online je\u0161t\u011b dnes!","breadcrumb":{"@id":"https:\/\/legitgrams.com\/product\/3f-pvp\/#breadcrumb"},"inLanguage":"cs","potentialAction":[{"@type":"ReadAction","target":["https:\/\/legitgrams.com\/product\/3f-pvp\/"]}]},{"@type":"ImageObject","inLanguage":"cs","@id":"https:\/\/legitgrams.com\/product\/3f-pvp\/#primaryimage","url":"https:\/\/legitgrams.com\/wp-content\/uploads\/2024\/08\/3f-pvp.gif","contentUrl":"https:\/\/legitgrams.com\/wp-content\/uploads\/2024\/08\/3f-pvp.gif","width":600,"height":600,"caption":"3F-PVP for Sale"},{"@type":"BreadcrumbList","@id":"https:\/\/legitgrams.com\/product\/3f-pvp\/#breadcrumb","itemListElement":[{"@type":"ListItem","position":1,"name":"Home","item":"https:\/\/legitgrams.com\/"},{"@type":"ListItem","position":2,"name":"Shop","item":"https:\/\/legitgrams.com\/shop\/"},{"@type":"ListItem","position":3,"name":"3F-PVP"}]},{"@type":"WebSite","@id":"https:\/\/legitgrams.com\/#website","url":"https:\/\/legitgrams.com\/","name":"Leg\u00e1ln\u00ed gramy","description":"M\u016fj blog WordPress","publisher":{"@id":"https:\/\/legitgrams.com\/#organization"},"potentialAction":[{"@type":"SearchAction","target":{"@type":"EntryPoint","urlTemplate":"https:\/\/legitgrams.com\/?s={search_term_string}"},"query-input":{"@type":"PropertyValueSpecification","valueRequired":true,"valueName":"search_term_string"}}],"inLanguage":"cs"},{"@type":"Organization","@id":"https:\/\/legitgrams.com\/#organization","name":"Leg\u00e1ln\u00ed gramy","url":"https:\/\/legitgrams.com\/","logo":{"@type":"ImageObject","inLanguage":"cs","@id":"https:\/\/legitgrams.com\/#\/schema\/logo\/image\/","url":"https:\/\/legitgrams.com\/wp-content\/uploads\/2024\/09\/main-logo.png","contentUrl":"https:\/\/legitgrams.com\/wp-content\/uploads\/2024\/09\/main-logo.png","width":270,"height":75,"caption":"Legit Grams"},"image":{"@id":"https:\/\/legitgrams.com\/#\/schema\/logo\/image\/"}}]}},"uagb_featured_image_src":{"full":["https:\/\/legitgrams.com\/wp-content\/uploads\/2024\/08\/3f-pvp.gif",600,600,false],"thumbnail":["https:\/\/legitgrams.com\/wp-content\/uploads\/2024\/08\/3f-pvp-150x150.gif",150,150,true],"medium":["https:\/\/legitgrams.com\/wp-content\/uploads\/2024\/08\/3f-pvp-300x300.gif",300,300,true],"medium_large":["https:\/\/legitgrams.com\/wp-content\/uploads\/2024\/08\/3f-pvp.gif",600,600,false],"large":["https:\/\/legitgrams.com\/wp-content\/uploads\/2024\/08\/3f-pvp.gif",600,600,false],"1536x1536":["https:\/\/legitgrams.com\/wp-content\/uploads\/2024\/08\/3f-pvp.gif",600,600,false],"2048x2048":["https:\/\/legitgrams.com\/wp-content\/uploads\/2024\/08\/3f-pvp.gif",600,600,false],"trp-custom-language-flag":["https:\/\/legitgrams.com\/wp-content\/uploads\/2024\/08\/3f-pvp-12x12.gif",12,12,true],"woocommerce_thumbnail":["https:\/\/legitgrams.com\/wp-content\/uploads\/2024\/08\/3f-pvp-300x300.gif",300,300,true],"woocommerce_single":["https:\/\/legitgrams.com\/wp-content\/uploads\/2024\/08\/3f-pvp.gif",600,600,false],"woocommerce_gallery_thumbnail":["https:\/\/legitgrams.com\/wp-content\/uploads\/2024\/08\/3f-pvp-100x100.gif",100,100,true]},"uagb_author_info":{"display_name":"cokeblog18","author_link":"https:\/\/legitgrams.com\/cs\/author\/"},"uagb_comment_info":0,"uagb_excerpt":"3-Fluoro-\u03b1-Pyrrolidinovalerophenone\u00a0(3F-PVP) is a recreational\u00a0designer drug\u00a0from the\u00a0substituted cathinone\u00a0family with\u00a0stimulant\u00a0effects, which first appeared on the illicit market in around 2018","_links":{"self":[{"href":"https:\/\/legitgrams.com\/cs\/wp-json\/wp\/v2\/product\/3281","targetHints":{"allow":["GET"]}}],"collection":[{"href":"https:\/\/legitgrams.com\/cs\/wp-json\/wp\/v2\/product"}],"about":[{"href":"https:\/\/legitgrams.com\/cs\/wp-json\/wp\/v2\/types\/product"}],"replies":[{"embeddable":true,"href":"https:\/\/legitgrams.com\/cs\/wp-json\/wp\/v2\/comments?post=3281"}],"wp:featuredmedia":[{"embeddable":true,"href":"https:\/\/legitgrams.com\/cs\/wp-json\/wp\/v2\/media\/3292"}],"wp:attachment":[{"href":"https:\/\/legitgrams.com\/cs\/wp-json\/wp\/v2\/media?parent=3281"}],"wp:term":[{"taxonomy":"product_brand","embeddable":true,"href":"https:\/\/legitgrams.com\/cs\/wp-json\/wp\/v2\/product_brand?post=3281"},{"taxonomy":"product_cat","embeddable":true,"href":"https:\/\/legitgrams.com\/cs\/wp-json\/wp\/v2\/product_cat?post=3281"},{"taxonomy":"product_tag","embeddable":true,"href":"https:\/\/legitgrams.com\/cs\/wp-json\/wp\/v2\/product_tag?post=3281"}],"curies":[{"name":"wp","href":"https:\/\/api.w.org\/{rel}","templated":true}]}}