{"id":3283,"date":"2024-08-03T05:38:50","date_gmt":"2024-08-03T05:38:50","guid":{"rendered":"https:\/\/cokebricks.com\/?post_type=product&#038;p=3283"},"modified":"2025-01-11T11:05:16","modified_gmt":"2025-01-11T11:05:16","slug":"4brpvp","status":"publish","type":"product","link":"https:\/\/legitgrams.com\/cs\/produkt\/4brpvp\/","title":{"rendered":"4brpvp"},"content":{"rendered":"<h2>Na prodej: 4BR PVP<\/h2>\n<p><a href=\"https:\/\/legitgrams.com\/cs\/produkt\/4brpvp\/\">Kupte si 4BR-PVP krystaly online<\/a> v Evrop\u011b. K zakoupen\u00ed je 4BRPVP pr\u00e9miov\u00e9 t\u0159\u00eddy s \u010distotou 99,5 %. Kupte si krystalov\u00fd pr\u00e1\u0161ek 3BR-PVP (3BRPVP) online od dodavatele.<\/p>\n<p>Mezi na\u0161e typick\u00e1 doporu\u010den\u00ed pat\u0159\u00ed<\/p>\n<h3>Pevn\u00e9 l\u00e1tky:<\/h3>\n<p>Pokud je lahvi\u010dka spr\u00e1vn\u011b uzav\u0159ena a jsou dodr\u017eeny pokyny pro uchov\u00e1v\u00e1n\u00ed, m\u016f\u017ee b\u00fdt p\u0159\u00edpravek uchov\u00e1v\u00e1n a\u017e \u0161est m\u011bs\u00edc\u016f po datu odesl\u00e1n\u00ed. <a href=\"https:\/\/en.wikipedia.org\/\">LegitGrams<\/a><\/p>\n<h3>V\u00ddSLEDKY:<\/h3>\n<p>Z\u00e1sobn\u00ed roztoky by m\u011bly b\u00fdt spot\u0159ebov\u00e1ny do m\u011bs\u00edce od p\u0159\u00edpravy a skladov\u00e1ny p\u0159i teplot\u011b -20 \u00b0C nebo ni\u017e\u0161\u00ed v t\u011bsn\u011b uzav\u0159en\u00fdch lahvi\u010dk\u00e1ch. Pokud je to mo\u017en\u00e9, \u0159e\u0161en\u00ed mus\u00ed b\u00fdt pou\u017eiteln\u00e1 a funk\u010dn\u00ed ve stejn\u00fd den.<\/p>\n<p>Kupte si krystaly 4BR-PVP online v Evrop\u011b. Prvot\u0159\u00eddn\u00ed kvalita, \u010distota 99,5 %. <a href=\"https:\/\/en.m.wikipedia.org\/wiki\/File:4-Br-PVP_structure.png\">4BRPVP<\/a> je k dispozici ke koupi. Kupte si krystalov\u00fd pr\u00e1\u0161ek 3BR-PVP (3BRPVP) online od dodavatele.<\/p>\n<h3>N\u00e1\u0161:<\/h3>\n<p>Mezi na\u0161e typick\u00e1 doporu\u010den\u00ed pat\u0159\u00ed<\/p>\n<h3>Pevn\u00e9 l\u00e1tky:<\/h3>\n<p>Pokud je lahvi\u010dka spr\u00e1vn\u011b uzav\u0159ena a jsou dodr\u017eeny pokyny pro uchov\u00e1v\u00e1n\u00ed, m\u016f\u017ee b\u00fdt p\u0159\u00edpravek uchov\u00e1v\u00e1n a\u017e \u0161est m\u011bs\u00edc\u016f po datu odesl\u00e1n\u00ed.<\/p>\n<h3>V\u00ddSLEDKY:<\/h3>\n<p>Z\u00e1sobn\u00ed roztoky by m\u011bly b\u00fdt spot\u0159ebov\u00e1ny do m\u011bs\u00edce od p\u0159\u00edpravy a skladov\u00e1ny p\u0159i teplot\u011b -20 \u00b0C nebo ni\u017e\u0161\u00ed v t\u011bsn\u011b uzav\u0159en\u00fdch lahvi\u010dk\u00e1ch. Pokud je to mo\u017en\u00e9, \u0159e\u0161en\u00ed mus\u00ed b\u00fdt pou\u017eiteln\u00e1 a funk\u010dn\u00ed ve stejn\u00fd den.<\/p>\n<p>&nbsp;<\/p>","protected":false},"excerpt":{"rendered":"<p>For Sale: 4BR PVP Buy 4BR-PVP Crystals online in Europe. Premium grade, 99.5% pure 4BRPVP is available for purchase. Purchase 3BR-PVP (3BRPVP) crystal powder online from a supplier. Typical recommendations from us include Solids: If the vial is kept correctly sealed and the storage instructions are followed, the product can be kept for up to &hellip;<\/p>\n<p class=\"read-more\"> <a class=\"\" href=\"https:\/\/legitgrams.com\/cs\/produkt\/4brpvp\/\"> <span class=\"screen-reader-text\">4brpvp<\/span> \u010c\u00edst d\u00e1l \"<\/a><\/p>","protected":false},"featured_media":3293,"comment_status":"open","ping_status":"closed","template":"","meta":{"_uag_custom_page_level_css":"","site-sidebar-layout":"default","site-content-layout":"default","ast-global-header-display":"","ast-main-header-display":"","ast-hfb-above-header-display":"","ast-hfb-below-header-display":"","ast-hfb-mobile-header-display":"","site-post-title":"","ast-breadcrumbs-content":"","ast-featured-img":"","footer-sml-layout":"","theme-transparent-header-meta":"default","adv-header-id-meta":"","stick-header-meta":"default","header-above-stick-meta":"","header-main-stick-meta":"","header-below-stick-meta":"","_joinchat":[]},"product_brand":[],"product_cat":[190],"product_tag":[421,420,419,422,423,417,418],"class_list":{"0":"post-3283","1":"product","2":"type-product","3":"status-publish","4":"has-post-thumbnail","6":"product_cat-cannabinoids","7":"product_tag-4brpvp-cannabinoids-for-sale","8":"product_tag-4brpvp-crystals-for-sale","9":"product_tag-4brpvp-for-sale","10":"product_tag-4brpvp-for-sale-online","11":"product_tag-4brpvp-powder-for-sale","12":"product_tag-buy-4brpvp-crystals","13":"product_tag-buy-4brpvp-crystals-online","14":"desktop-align-left","15":"tablet-align-left","16":"mobile-align-left","17":"ast-product-gallery-layout-horizontal","18":"ast-product-gallery-with-no-image","19":"ast-product-single-variable","20":"ast-product-tabs-layout-horizontal","21":"ast-qv-on-image","23":"first","24":"instock","25":"shipping-taxable","26":"purchasable","27":"product-type-variable"},"yoast_head":"<!-- This site is optimized with the Yoast SEO plugin v25.9 - https:\/\/yoast.com\/wordpress\/plugins\/seo\/ -->\n<title>Buy 4BR PVP Online - 4BR PVP for Sale at LegitGrams<\/title>\n<meta name=\"description\" content=\"Looking to buy 4br-pvp online? LegitGrams offers a wide range of 4br-pvp for sale. Order now an get 4br-pvp from our legit store right now.\" \/>\n<meta name=\"robots\" content=\"index, follow, max-snippet:-1, max-image-preview:large, max-video-preview:-1\" \/>\n<link rel=\"canonical\" href=\"https:\/\/legitgrams.com\/cs\/produkt\/4brpvp\/\" \/>\n<meta property=\"og:locale\" content=\"cs_CZ\" \/>\n<meta property=\"og:type\" content=\"article\" \/>\n<meta property=\"og:title\" content=\"Buy 4BR PVP Online - 4BR PVP for Sale at LegitGrams\" \/>\n<meta property=\"og:description\" content=\"Looking to buy 4br-pvp online? LegitGrams offers a wide range of 4br-pvp for sale. Order now an get 4br-pvp from our legit store right now.\" \/>\n<meta property=\"og:url\" content=\"https:\/\/legitgrams.com\/cs\/produkt\/4brpvp\/\" \/>\n<meta property=\"og:site_name\" content=\"Legit Grams\" \/>\n<meta property=\"article:modified_time\" content=\"2025-01-11T11:05:16+00:00\" \/>\n<meta property=\"og:image\" content=\"https:\/\/legitgrams.com\/wp-content\/uploads\/2024\/08\/4brpvp.gif\" \/>\n\t<meta property=\"og:image:width\" content=\"600\" \/>\n\t<meta property=\"og:image:height\" content=\"600\" \/>\n\t<meta property=\"og:image:type\" content=\"image\/gif\" \/>\n<meta name=\"twitter:card\" content=\"summary_large_image\" \/>\n<meta name=\"twitter:label1\" content=\"Odhadovan\u00e1 doba \u010dten\u00ed\" \/>\n\t<meta name=\"twitter:data1\" content=\"2 minuty\" \/>\n<script type=\"application\/ld+json\" class=\"yoast-schema-graph\">{\"@context\":\"https:\/\/schema.org\",\"@graph\":[{\"@type\":\"WebPage\",\"@id\":\"https:\/\/legitgrams.com\/product\/4brpvp\/\",\"url\":\"https:\/\/legitgrams.com\/product\/4brpvp\/\",\"name\":\"Buy 4BR PVP Online - 4BR PVP for Sale at LegitGrams\",\"isPartOf\":{\"@id\":\"https:\/\/legitgrams.com\/#website\"},\"primaryImageOfPage\":{\"@id\":\"https:\/\/legitgrams.com\/product\/4brpvp\/#primaryimage\"},\"image\":{\"@id\":\"https:\/\/legitgrams.com\/product\/4brpvp\/#primaryimage\"},\"thumbnailUrl\":\"https:\/\/legitgrams.com\/wp-content\/uploads\/2024\/08\/4brpvp.gif\",\"datePublished\":\"2024-08-03T05:38:50+00:00\",\"dateModified\":\"2025-01-11T11:05:16+00:00\",\"description\":\"Looking to buy 4br-pvp online? LegitGrams offers a wide range of 4br-pvp for sale. Order now an get 4br-pvp from our legit store right now.\",\"breadcrumb\":{\"@id\":\"https:\/\/legitgrams.com\/product\/4brpvp\/#breadcrumb\"},\"inLanguage\":\"cs\",\"potentialAction\":[{\"@type\":\"ReadAction\",\"target\":[\"https:\/\/legitgrams.com\/product\/4brpvp\/\"]}]},{\"@type\":\"ImageObject\",\"inLanguage\":\"cs\",\"@id\":\"https:\/\/legitgrams.com\/product\/4brpvp\/#primaryimage\",\"url\":\"https:\/\/legitgrams.com\/wp-content\/uploads\/2024\/08\/4brpvp.gif\",\"contentUrl\":\"https:\/\/legitgrams.com\/wp-content\/uploads\/2024\/08\/4brpvp.gif\",\"width\":600,\"height\":600,\"caption\":\"4BR PVP for Sale\"},{\"@type\":\"BreadcrumbList\",\"@id\":\"https:\/\/legitgrams.com\/product\/4brpvp\/#breadcrumb\",\"itemListElement\":[{\"@type\":\"ListItem\",\"position\":1,\"name\":\"Home\",\"item\":\"https:\/\/legitgrams.com\/\"},{\"@type\":\"ListItem\",\"position\":2,\"name\":\"Shop\",\"item\":\"https:\/\/legitgrams.com\/shop\/\"},{\"@type\":\"ListItem\",\"position\":3,\"name\":\"4brpvp\"}]},{\"@type\":\"WebSite\",\"@id\":\"https:\/\/legitgrams.com\/#website\",\"url\":\"https:\/\/legitgrams.com\/\",\"name\":\"Legit Grams\",\"description\":\"My WordPress Blog\",\"publisher\":{\"@id\":\"https:\/\/legitgrams.com\/#organization\"},\"potentialAction\":[{\"@type\":\"SearchAction\",\"target\":{\"@type\":\"EntryPoint\",\"urlTemplate\":\"https:\/\/legitgrams.com\/?s={search_term_string}\"},\"query-input\":{\"@type\":\"PropertyValueSpecification\",\"valueRequired\":true,\"valueName\":\"search_term_string\"}}],\"inLanguage\":\"cs\"},{\"@type\":\"Organization\",\"@id\":\"https:\/\/legitgrams.com\/#organization\",\"name\":\"Legit Grams\",\"url\":\"https:\/\/legitgrams.com\/\",\"logo\":{\"@type\":\"ImageObject\",\"inLanguage\":\"cs\",\"@id\":\"https:\/\/legitgrams.com\/#\/schema\/logo\/image\/\",\"url\":\"https:\/\/legitgrams.com\/wp-content\/uploads\/2024\/09\/main-logo.png\",\"contentUrl\":\"https:\/\/legitgrams.com\/wp-content\/uploads\/2024\/09\/main-logo.png\",\"width\":270,\"height\":75,\"caption\":\"Legit Grams\"},\"image\":{\"@id\":\"https:\/\/legitgrams.com\/#\/schema\/logo\/image\/\"}}]}<\/script>\n<!-- \/ Yoast SEO plugin. -->","yoast_head_json":{"title":"Koupit 4BR PVP online - 4BR PVP na prodej na LegitGrams","description":"Chcete si koupit 4br-pvp online? LegitGrams nab\u00edz\u00ed \u0161irok\u00fd sortiment 4br-pvp na prodej. Objednejte si 4br-pvp z na\u0161eho leg\u00e1ln\u00edho obchodu pr\u00e1v\u011b te\u010f.","robots":{"index":"index","follow":"follow","max-snippet":"max-snippet:-1","max-image-preview":"max-image-preview:large","max-video-preview":"max-video-preview:-1"},"canonical":"https:\/\/legitgrams.com\/cs\/produkt\/4brpvp\/","og_locale":"cs_CZ","og_type":"article","og_title":"Buy 4BR PVP Online - 4BR PVP for Sale at LegitGrams","og_description":"Looking to buy 4br-pvp online? LegitGrams offers a wide range of 4br-pvp for sale. Order now an get 4br-pvp from our legit store right now.","og_url":"https:\/\/legitgrams.com\/cs\/produkt\/4brpvp\/","og_site_name":"Legit Grams","article_modified_time":"2025-01-11T11:05:16+00:00","og_image":[{"width":600,"height":600,"url":"https:\/\/legitgrams.com\/wp-content\/uploads\/2024\/08\/4brpvp.gif","type":"image\/gif"}],"twitter_card":"summary_large_image","twitter_misc":{"Odhadovan\u00e1 doba \u010dten\u00ed":"2 minuty"},"schema":{"@context":"https:\/\/schema.org","@graph":[{"@type":"WebPage","@id":"https:\/\/legitgrams.com\/product\/4brpvp\/","url":"https:\/\/legitgrams.com\/product\/4brpvp\/","name":"Koupit 4BR PVP online - 4BR PVP na prodej na LegitGrams","isPartOf":{"@id":"https:\/\/legitgrams.com\/#website"},"primaryImageOfPage":{"@id":"https:\/\/legitgrams.com\/product\/4brpvp\/#primaryimage"},"image":{"@id":"https:\/\/legitgrams.com\/product\/4brpvp\/#primaryimage"},"thumbnailUrl":"https:\/\/legitgrams.com\/wp-content\/uploads\/2024\/08\/4brpvp.gif","datePublished":"2024-08-03T05:38:50+00:00","dateModified":"2025-01-11T11:05:16+00:00","description":"Chcete si koupit 4br-pvp online? LegitGrams nab\u00edz\u00ed \u0161irok\u00fd sortiment 4br-pvp na prodej. Objednejte si 4br-pvp z na\u0161eho leg\u00e1ln\u00edho obchodu pr\u00e1v\u011b te\u010f.","breadcrumb":{"@id":"https:\/\/legitgrams.com\/product\/4brpvp\/#breadcrumb"},"inLanguage":"cs","potentialAction":[{"@type":"ReadAction","target":["https:\/\/legitgrams.com\/product\/4brpvp\/"]}]},{"@type":"ImageObject","inLanguage":"cs","@id":"https:\/\/legitgrams.com\/product\/4brpvp\/#primaryimage","url":"https:\/\/legitgrams.com\/wp-content\/uploads\/2024\/08\/4brpvp.gif","contentUrl":"https:\/\/legitgrams.com\/wp-content\/uploads\/2024\/08\/4brpvp.gif","width":600,"height":600,"caption":"4BR PVP for Sale"},{"@type":"BreadcrumbList","@id":"https:\/\/legitgrams.com\/product\/4brpvp\/#breadcrumb","itemListElement":[{"@type":"ListItem","position":1,"name":"Home","item":"https:\/\/legitgrams.com\/"},{"@type":"ListItem","position":2,"name":"Shop","item":"https:\/\/legitgrams.com\/shop\/"},{"@type":"ListItem","position":3,"name":"4brpvp"}]},{"@type":"WebSite","@id":"https:\/\/legitgrams.com\/#website","url":"https:\/\/legitgrams.com\/","name":"Leg\u00e1ln\u00ed gramy","description":"M\u016fj blog WordPress","publisher":{"@id":"https:\/\/legitgrams.com\/#organization"},"potentialAction":[{"@type":"SearchAction","target":{"@type":"EntryPoint","urlTemplate":"https:\/\/legitgrams.com\/?s={search_term_string}"},"query-input":{"@type":"PropertyValueSpecification","valueRequired":true,"valueName":"search_term_string"}}],"inLanguage":"cs"},{"@type":"Organization","@id":"https:\/\/legitgrams.com\/#organization","name":"Leg\u00e1ln\u00ed gramy","url":"https:\/\/legitgrams.com\/","logo":{"@type":"ImageObject","inLanguage":"cs","@id":"https:\/\/legitgrams.com\/#\/schema\/logo\/image\/","url":"https:\/\/legitgrams.com\/wp-content\/uploads\/2024\/09\/main-logo.png","contentUrl":"https:\/\/legitgrams.com\/wp-content\/uploads\/2024\/09\/main-logo.png","width":270,"height":75,"caption":"Legit Grams"},"image":{"@id":"https:\/\/legitgrams.com\/#\/schema\/logo\/image\/"}}]}},"uagb_featured_image_src":{"full":["https:\/\/legitgrams.com\/wp-content\/uploads\/2024\/08\/4brpvp.gif",600,600,false],"thumbnail":["https:\/\/legitgrams.com\/wp-content\/uploads\/2024\/08\/4brpvp-150x150.gif",150,150,true],"medium":["https:\/\/legitgrams.com\/wp-content\/uploads\/2024\/08\/4brpvp-300x300.gif",300,300,true],"medium_large":["https:\/\/legitgrams.com\/wp-content\/uploads\/2024\/08\/4brpvp.gif",600,600,false],"large":["https:\/\/legitgrams.com\/wp-content\/uploads\/2024\/08\/4brpvp.gif",600,600,false],"1536x1536":["https:\/\/legitgrams.com\/wp-content\/uploads\/2024\/08\/4brpvp.gif",600,600,false],"2048x2048":["https:\/\/legitgrams.com\/wp-content\/uploads\/2024\/08\/4brpvp.gif",600,600,false],"trp-custom-language-flag":["https:\/\/legitgrams.com\/wp-content\/uploads\/2024\/08\/4brpvp-12x12.gif",12,12,true],"woocommerce_thumbnail":["https:\/\/legitgrams.com\/wp-content\/uploads\/2024\/08\/4brpvp-300x300.gif",300,300,true],"woocommerce_single":["https:\/\/legitgrams.com\/wp-content\/uploads\/2024\/08\/4brpvp.gif",600,600,false],"woocommerce_gallery_thumbnail":["https:\/\/legitgrams.com\/wp-content\/uploads\/2024\/08\/4brpvp-100x100.gif",100,100,true]},"uagb_author_info":{"display_name":"cokeblog18","author_link":"https:\/\/legitgrams.com\/cs\/author\/"},"uagb_comment_info":0,"uagb_excerpt":"For Sale: 4BR PVP Buy 4BR-PVP Crystals online in Europe. Premium grade, 99.5% pure 4BRPVP is available for purchase. Purchase 3BR-PVP (3BRPVP) crystal powder online from a supplier. Typical recommendations from us include Solids: If the vial is kept correctly sealed and the storage instructions are followed, the product can be kept for up to&hellip;","_links":{"self":[{"href":"https:\/\/legitgrams.com\/cs\/wp-json\/wp\/v2\/product\/3283","targetHints":{"allow":["GET"]}}],"collection":[{"href":"https:\/\/legitgrams.com\/cs\/wp-json\/wp\/v2\/product"}],"about":[{"href":"https:\/\/legitgrams.com\/cs\/wp-json\/wp\/v2\/types\/product"}],"replies":[{"embeddable":true,"href":"https:\/\/legitgrams.com\/cs\/wp-json\/wp\/v2\/comments?post=3283"}],"wp:featuredmedia":[{"embeddable":true,"href":"https:\/\/legitgrams.com\/cs\/wp-json\/wp\/v2\/media\/3293"}],"wp:attachment":[{"href":"https:\/\/legitgrams.com\/cs\/wp-json\/wp\/v2\/media?parent=3283"}],"wp:term":[{"taxonomy":"product_brand","embeddable":true,"href":"https:\/\/legitgrams.com\/cs\/wp-json\/wp\/v2\/product_brand?post=3283"},{"taxonomy":"product_cat","embeddable":true,"href":"https:\/\/legitgrams.com\/cs\/wp-json\/wp\/v2\/product_cat?post=3283"},{"taxonomy":"product_tag","embeddable":true,"href":"https:\/\/legitgrams.com\/cs\/wp-json\/wp\/v2\/product_tag?post=3283"}],"curies":[{"name":"wp","href":"https:\/\/api.w.org\/{rel}","templated":true}]}}