{"id":3285,"date":"2024-08-03T05:38:52","date_gmt":"2024-08-03T05:38:52","guid":{"rendered":"https:\/\/cokebricks.com\/?post_type=product&#038;p=3285"},"modified":"2025-01-14T10:19:07","modified_gmt":"2025-01-14T10:19:07","slug":"ne","status":"publish","type":"product","link":"https:\/\/legitgrams.com\/cs\/produkt\/ne\/","title":{"rendered":"NEH"},"content":{"rendered":"<h2>Koupit pr\u00e1\u0161ek NEH online.<\/h2>\n<p>Buy NEH Powder je pr\u00e9miov\u00e1 v\u00fdzkumn\u00e1 chemik\u00e1lie, kterou lze zakoupit online. Renomovan\u00fd online obchodn\u00edk LegitGrams.com nab\u00edz\u00ed pr\u00e1\u0161ek NDH za zv\u00fdhodn\u011bnou cenu.<\/p>\n<p>Spole\u010dnost Coke Bricks s velk\u00fdm pot\u011b\u0161en\u00edm p\u0159edstavuje <a href=\"https:\/\/en.wikipedia.org\/wiki\/Neh\">NEH<\/a> pr\u00e1\u0161ek, kter\u00fd je ur\u010den pouze pro v\u00fdzkumn\u00e9 \u00fa\u010dely a nem\u011bl by b\u00fdt pou\u017e\u00edv\u00e1n pro diagnostiku in vivo, potraviny, l\u00e9ky, zdravotnick\u00e9 vybaven\u00ed nebo kosmetiku pro lidi nebo zv\u00ed\u0159ata.<\/p>\n<p>P\u0159ed zakoupen\u00edm tohoto v\u00fdrobku u n\u00e1s se ujist\u011bte, \u017ee m\u00e1te vybaven\u00ed pot\u0159ebn\u00e9 pro pr\u00e1ci s v\u00fdzkumn\u00fdmi chemik\u00e1liemi a \u017ee m\u00e1te ve sv\u00e9m pracovn\u00edm prostoru dostate\u010dn\u00e9 v\u011btr\u00e1n\u00ed.<\/p>\n<p>Minim\u00e1ln\u00ed v\u011bk pro objedn\u00e1n\u00ed tohoto produktu je osmn\u00e1ct let.<\/p>\n<p><a href=\"https:\/\/legitgrams.com\/cs\/produkt\/ne\/\">Pr\u00e1\u0161ek NEH<\/a> je v zemi, ze kter\u00e9 poch\u00e1z\u00edme, povoleno. Je va\u0161\u00ed povinnost\u00ed zn\u00e1t a dodr\u017eovat z\u00e1kony sv\u00e9ho n\u00e1roda. Nep\u0159eb\u00edr\u00e1me odpov\u011bdnost za jak\u00e9koli \u010diny nebo n\u00e1sledky, kter\u00e9 vypl\u00fdvaj\u00ed z va\u0161eho rozhodnut\u00ed zakoupit nebo pou\u017e\u00edvat tento v\u00fdrobek.<\/p>\n<p><strong>Kulturn\u00ed a historick\u00e9 pozad\u00ed<\/strong><\/p>\n<p>V listopadu 2015 obdr\u017eelo SVS z belgick\u00e9 celn\u00ed laborato\u0159e vzorek obsahuj\u00edc\u00ed <a href=\"https:\/\/en.wikipedia.org\/wiki\/Neh\">N-ethylhexedron<\/a>, kter\u00e1 byla p\u016fvodn\u011b uzn\u00e1na. SVS ji objevila ve vzorku, kter\u00fd j\u00ed v lednu 2016 p\u0159edali francouz\u0161t\u00ed celn\u00edci. Pozd\u011bji, v \u00fanoru 2016, zaslaly ozn\u00e1men\u00ed o identifikaci t\u00e9to l\u00e1tky agentu\u0159e EMCDDA dal\u0161\u00ed st\u00e1ty, v\u010detn\u011b Slovinska, \u0160v\u00e9dska, Nizozemska, Francie a Belgie.<\/p>\n<h3>Chemie<\/h3>\n<p>Jednou z molekul pat\u0159\u00edc\u00edch do chemick\u00e9 t\u0159\u00eddy katinon\u016f je n-ethylhexedron. \"Substituovan\u00fd katinon\" je obecn\u00fd term\u00edn pro r\u016fzn\u00e9 slou\u010deniny odvozen\u00e9 od katinonu, prim\u00e1rn\u00ed \u00fa\u010dinn\u00e9 l\u00e1tky rostliny khat. Z\u00e1kladn\u00edmi slo\u017ekami kateinonu jsou kysl\u00edkov\u00e1 skupina nav\u00e1zan\u00e1 na atom uhl\u00edku beta a amfetaminov\u00e9 j\u00e1dro, co\u017e je fenetylaminov\u00e9 j\u00e1dro s alkylovou skupinou nav\u00e1zanou na atom uhl\u00edku alfa. Katehinony se n\u011bkdy ozna\u010duj\u00ed jako beta-ketonov\u00e9 (\u03b2k) prot\u011bj\u0161ky amfetamin\u016f (kysl\u00edk s dvojitou vazbou na atomu uhl\u00edku \u03b2). <a href=\"https:\/\/legitgrams.com\/cs\/\">LegitGrams<\/a><\/p>\n<p>Konkr\u00e9tn\u011b existuj\u00ed t\u0159i r\u016fzn\u00e1 m\u00edsta na p\u00e1te\u0159i katinonu, kde lze prov\u00e1d\u011bt modifikace a vytv\u00e1\u0159et tak stovky r\u016fzn\u00fdch slou\u010denin, v\u010detn\u011b substituent\u016f, jako jsou nap\u0159.<\/p>\n<p>bu\u010f aminoskupinu, alfa uhl\u00edk, nebo aromatick\u00fd kruh.<\/p>\n<h3>drogy<\/h3>\n<p>Nen\u00ed dob\u0159e zn\u00e1mo, jak n-ethylhexedron a dal\u0161\u00ed substituovan\u00e9 katinony ovliv\u0148uj\u00ed lidskou farmakokinetiku a farmakodynamiku. Zv\u00fd\u0161en\u00edm hladin katecholamin\u016f, jako je dopamin, serotonin a noradrenalin na synaps\u00edch, funguj\u00ed syntetick\u00e9 katinony, jako jsou amfetaminy, jako stimulanty a sympatomimetika. Blokov\u00e1n\u00edm transport\u00e9r\u016f zp\u011btn\u00e9ho vychyt\u00e1v\u00e1n\u00ed monoamin\u016f mohou tyto l\u00e1tky sn\u00ed\u017eit mno\u017estv\u00ed neurotransmiter\u016f, kter\u00e9 jsou odstran\u011bny ze synaps\u00ed. Nav\u00edc maj\u00ed schopnost iniciovat uvol\u0148ov\u00e1n\u00ed intracelul\u00e1rn\u00edch z\u00e1sob biogenn\u00edch amin\u016f.s<\/p>\n<p>Syntetick\u00e9 katinony maj\u00ed \u010dasto ni\u017e\u0161\u00ed rychlost pr\u016fniku hematoencefalickou bari\u00e9rou ne\u017e amfetaminy kv\u016fli zv\u00fd\u0161en\u00e9 polarit\u011b beta-keto skupiny. Pyrrolidinov\u00e9 deriv\u00e1ty jsou schopn\u011bj\u0161\u00ed proch\u00e1zet hematoencefalickou bari\u00e9rou ne\u017e jin\u00e9 syntetick\u00e9 katinony kv\u016fli n\u00edzk\u00e9 polarit\u011b pyrrolidinov\u00e9ho kruhu. Studie na kruhov\u00fdch alkylov\u00fdch skupin\u00e1ch jsou oxidov\u00e1ny, ketoskupina je redukov\u00e1na na hydroxyl a katinon je n-demethylov\u00e1n, podle farmaceutick\u00e9 anal\u00fdzy syntetick\u00e9ho metabolismu kathinonu.<\/p>\n<p>&nbsp;<\/p>","protected":false},"excerpt":{"rendered":"<p>Purchase NEH powder online. Buy NEH Powder is a premium research chemical that can be purchased online. Reputable online merchant LegitGrams.com offers NDH Powder at a discounted price. With great pleasure, Coke Bricks introduces NEH powder, which is provided just for research purposes and should not be used for in vivo diagnostics, food, medication, medical &hellip;<\/p>\n<p class=\"read-more\"> <a class=\"\" href=\"https:\/\/legitgrams.com\/cs\/produkt\/ne\/\"> <span class=\"screen-reader-text\">NEH<\/span> \u010c\u00edst d\u00e1l \"<\/a><\/p>","protected":false},"featured_media":3294,"comment_status":"open","ping_status":"closed","template":"","meta":{"_uag_custom_page_level_css":"","site-sidebar-layout":"default","site-content-layout":"default","ast-global-header-display":"","ast-main-header-display":"","ast-hfb-above-header-display":"","ast-hfb-below-header-display":"","ast-hfb-mobile-header-display":"","site-post-title":"","ast-breadcrumbs-content":"","ast-featured-img":"","footer-sml-layout":"","theme-transparent-header-meta":"default","adv-header-id-meta":"","stick-header-meta":"default","header-above-stick-meta":"","header-main-stick-meta":"","header-below-stick-meta":"","_joinchat":[]},"product_brand":[],"product_cat":[190],"product_tag":[413,414,415,416,405,406,407,408,409,410,411,412],"class_list":{"0":"post-3285","1":"product","2":"type-product","3":"status-publish","4":"has-post-thumbnail","6":"product_cat-cannabinoids","7":"product_tag-neh-cannabinoids","8":"product_tag-neh-cannabinoids-for-sale","9":"product_tag-neh-cannabinoids-reddit","10":"product_tag-neh-chemical","11":"product_tag-neh-powder-australia","12":"product_tag-neh-powder-canada","13":"product_tag-neh-powder-greece","14":"product_tag-neh-powder-kuwait","15":"product_tag-neh-powder-review","16":"product_tag-neh-powder-spain","17":"product_tag-neh-powder-uk","18":"product_tag-neh-powder-usa","19":"desktop-align-left","20":"tablet-align-left","21":"mobile-align-left","22":"ast-product-gallery-layout-horizontal","23":"ast-product-gallery-with-no-image","24":"ast-product-single-variable","25":"ast-product-tabs-layout-horizontal","26":"ast-qv-on-image","28":"first","29":"instock","30":"shipping-taxable","31":"purchasable","32":"product-type-variable"},"yoast_head":"<!-- This site is optimized with the Yoast SEO plugin v25.9 - https:\/\/yoast.com\/wordpress\/plugins\/seo\/ -->\n<title>NEH for Sale - Order NEH Online with Discreet Shipping | LG<\/title>\n<meta name=\"description\" content=\"Looking to Buy NEH Online? Discover a seamless platform at our online store where you can buy NEH , ensuring top-grade quality for your research needs.\" \/>\n<meta name=\"robots\" content=\"index, follow, max-snippet:-1, max-image-preview:large, max-video-preview:-1\" \/>\n<link rel=\"canonical\" href=\"https:\/\/legitgrams.com\/cs\/produkt\/ne\/\" \/>\n<meta property=\"og:locale\" content=\"cs_CZ\" \/>\n<meta property=\"og:type\" content=\"article\" \/>\n<meta property=\"og:title\" content=\"NEH for Sale - Order NEH Online with Discreet Shipping | LG\" \/>\n<meta property=\"og:description\" content=\"Looking to Buy NEH Online? Discover a seamless platform at our online store where you can buy NEH , ensuring top-grade quality for your research needs.\" \/>\n<meta property=\"og:url\" content=\"https:\/\/legitgrams.com\/cs\/produkt\/ne\/\" \/>\n<meta property=\"og:site_name\" content=\"Legit Grams\" \/>\n<meta property=\"article:modified_time\" content=\"2025-01-14T10:19:07+00:00\" \/>\n<meta property=\"og:image\" content=\"https:\/\/legitgrams.com\/wp-content\/uploads\/2024\/08\/NEH.gif\" \/>\n\t<meta property=\"og:image:width\" content=\"600\" \/>\n\t<meta property=\"og:image:height\" content=\"600\" \/>\n\t<meta property=\"og:image:type\" content=\"image\/gif\" \/>\n<meta name=\"twitter:card\" content=\"summary_large_image\" \/>\n<meta name=\"twitter:label1\" content=\"Odhadovan\u00e1 doba \u010dten\u00ed\" \/>\n\t<meta name=\"twitter:data1\" content=\"3 minuty\" \/>\n<script type=\"application\/ld+json\" class=\"yoast-schema-graph\">{\"@context\":\"https:\/\/schema.org\",\"@graph\":[{\"@type\":\"WebPage\",\"@id\":\"https:\/\/legitgrams.com\/product\/neh\/\",\"url\":\"https:\/\/legitgrams.com\/product\/neh\/\",\"name\":\"NEH for Sale - Order NEH Online with Discreet Shipping | LG\",\"isPartOf\":{\"@id\":\"https:\/\/legitgrams.com\/#website\"},\"primaryImageOfPage\":{\"@id\":\"https:\/\/legitgrams.com\/product\/neh\/#primaryimage\"},\"image\":{\"@id\":\"https:\/\/legitgrams.com\/product\/neh\/#primaryimage\"},\"thumbnailUrl\":\"https:\/\/legitgrams.com\/wp-content\/uploads\/2024\/08\/NEH.gif\",\"datePublished\":\"2024-08-03T05:38:52+00:00\",\"dateModified\":\"2025-01-14T10:19:07+00:00\",\"description\":\"Looking to Buy NEH Online? Discover a seamless platform at our online store where you can buy NEH , ensuring top-grade quality for your research needs.\",\"breadcrumb\":{\"@id\":\"https:\/\/legitgrams.com\/product\/neh\/#breadcrumb\"},\"inLanguage\":\"cs\",\"potentialAction\":[{\"@type\":\"ReadAction\",\"target\":[\"https:\/\/legitgrams.com\/product\/neh\/\"]}]},{\"@type\":\"ImageObject\",\"inLanguage\":\"cs\",\"@id\":\"https:\/\/legitgrams.com\/product\/neh\/#primaryimage\",\"url\":\"https:\/\/legitgrams.com\/wp-content\/uploads\/2024\/08\/NEH.gif\",\"contentUrl\":\"https:\/\/legitgrams.com\/wp-content\/uploads\/2024\/08\/NEH.gif\",\"width\":600,\"height\":600,\"caption\":\"NEH for Sale\"},{\"@type\":\"BreadcrumbList\",\"@id\":\"https:\/\/legitgrams.com\/product\/neh\/#breadcrumb\",\"itemListElement\":[{\"@type\":\"ListItem\",\"position\":1,\"name\":\"Home\",\"item\":\"https:\/\/legitgrams.com\/\"},{\"@type\":\"ListItem\",\"position\":2,\"name\":\"Shop\",\"item\":\"https:\/\/legitgrams.com\/shop\/\"},{\"@type\":\"ListItem\",\"position\":3,\"name\":\"NEH\"}]},{\"@type\":\"WebSite\",\"@id\":\"https:\/\/legitgrams.com\/#website\",\"url\":\"https:\/\/legitgrams.com\/\",\"name\":\"Legit Grams\",\"description\":\"My WordPress Blog\",\"publisher\":{\"@id\":\"https:\/\/legitgrams.com\/#organization\"},\"potentialAction\":[{\"@type\":\"SearchAction\",\"target\":{\"@type\":\"EntryPoint\",\"urlTemplate\":\"https:\/\/legitgrams.com\/?s={search_term_string}\"},\"query-input\":{\"@type\":\"PropertyValueSpecification\",\"valueRequired\":true,\"valueName\":\"search_term_string\"}}],\"inLanguage\":\"cs\"},{\"@type\":\"Organization\",\"@id\":\"https:\/\/legitgrams.com\/#organization\",\"name\":\"Legit Grams\",\"url\":\"https:\/\/legitgrams.com\/\",\"logo\":{\"@type\":\"ImageObject\",\"inLanguage\":\"cs\",\"@id\":\"https:\/\/legitgrams.com\/#\/schema\/logo\/image\/\",\"url\":\"https:\/\/legitgrams.com\/wp-content\/uploads\/2024\/09\/main-logo.png\",\"contentUrl\":\"https:\/\/legitgrams.com\/wp-content\/uploads\/2024\/09\/main-logo.png\",\"width\":270,\"height\":75,\"caption\":\"Legit Grams\"},\"image\":{\"@id\":\"https:\/\/legitgrams.com\/#\/schema\/logo\/image\/\"}}]}<\/script>\n<!-- \/ Yoast SEO plugin. -->","yoast_head_json":{"title":"NEH na prodej - objednejte si NEH online s diskr\u00e9tn\u00ed dopravou | LG","description":"Chcete si koupit NEH online? Objevte bezprobl\u00e9movou platformu v na\u0161em internetov\u00e9m obchod\u011b, kde si m\u016f\u017eete koupit NEH , co\u017e zaru\u010duje \u0161pi\u010dkovou kvalitu pro va\u0161e v\u00fdzkumn\u00e9 pot\u0159eby.","robots":{"index":"index","follow":"follow","max-snippet":"max-snippet:-1","max-image-preview":"max-image-preview:large","max-video-preview":"max-video-preview:-1"},"canonical":"https:\/\/legitgrams.com\/cs\/produkt\/ne\/","og_locale":"cs_CZ","og_type":"article","og_title":"NEH for Sale - Order NEH Online with Discreet Shipping | LG","og_description":"Looking to Buy NEH Online? Discover a seamless platform at our online store where you can buy NEH , ensuring top-grade quality for your research needs.","og_url":"https:\/\/legitgrams.com\/cs\/produkt\/ne\/","og_site_name":"Legit Grams","article_modified_time":"2025-01-14T10:19:07+00:00","og_image":[{"width":600,"height":600,"url":"https:\/\/legitgrams.com\/wp-content\/uploads\/2024\/08\/NEH.gif","type":"image\/gif"}],"twitter_card":"summary_large_image","twitter_misc":{"Odhadovan\u00e1 doba \u010dten\u00ed":"3 minuty"},"schema":{"@context":"https:\/\/schema.org","@graph":[{"@type":"WebPage","@id":"https:\/\/legitgrams.com\/product\/neh\/","url":"https:\/\/legitgrams.com\/product\/neh\/","name":"NEH na prodej - objednejte si NEH online s diskr\u00e9tn\u00ed dopravou | LG","isPartOf":{"@id":"https:\/\/legitgrams.com\/#website"},"primaryImageOfPage":{"@id":"https:\/\/legitgrams.com\/product\/neh\/#primaryimage"},"image":{"@id":"https:\/\/legitgrams.com\/product\/neh\/#primaryimage"},"thumbnailUrl":"https:\/\/legitgrams.com\/wp-content\/uploads\/2024\/08\/NEH.gif","datePublished":"2024-08-03T05:38:52+00:00","dateModified":"2025-01-14T10:19:07+00:00","description":"Chcete si koupit NEH online? Objevte bezprobl\u00e9movou platformu v na\u0161em internetov\u00e9m obchod\u011b, kde si m\u016f\u017eete koupit NEH , co\u017e zaru\u010duje \u0161pi\u010dkovou kvalitu pro va\u0161e v\u00fdzkumn\u00e9 pot\u0159eby.","breadcrumb":{"@id":"https:\/\/legitgrams.com\/product\/neh\/#breadcrumb"},"inLanguage":"cs","potentialAction":[{"@type":"ReadAction","target":["https:\/\/legitgrams.com\/product\/neh\/"]}]},{"@type":"ImageObject","inLanguage":"cs","@id":"https:\/\/legitgrams.com\/product\/neh\/#primaryimage","url":"https:\/\/legitgrams.com\/wp-content\/uploads\/2024\/08\/NEH.gif","contentUrl":"https:\/\/legitgrams.com\/wp-content\/uploads\/2024\/08\/NEH.gif","width":600,"height":600,"caption":"NEH for Sale"},{"@type":"BreadcrumbList","@id":"https:\/\/legitgrams.com\/product\/neh\/#breadcrumb","itemListElement":[{"@type":"ListItem","position":1,"name":"Home","item":"https:\/\/legitgrams.com\/"},{"@type":"ListItem","position":2,"name":"Shop","item":"https:\/\/legitgrams.com\/shop\/"},{"@type":"ListItem","position":3,"name":"NEH"}]},{"@type":"WebSite","@id":"https:\/\/legitgrams.com\/#website","url":"https:\/\/legitgrams.com\/","name":"Leg\u00e1ln\u00ed gramy","description":"M\u016fj blog WordPress","publisher":{"@id":"https:\/\/legitgrams.com\/#organization"},"potentialAction":[{"@type":"SearchAction","target":{"@type":"EntryPoint","urlTemplate":"https:\/\/legitgrams.com\/?s={search_term_string}"},"query-input":{"@type":"PropertyValueSpecification","valueRequired":true,"valueName":"search_term_string"}}],"inLanguage":"cs"},{"@type":"Organization","@id":"https:\/\/legitgrams.com\/#organization","name":"Leg\u00e1ln\u00ed gramy","url":"https:\/\/legitgrams.com\/","logo":{"@type":"ImageObject","inLanguage":"cs","@id":"https:\/\/legitgrams.com\/#\/schema\/logo\/image\/","url":"https:\/\/legitgrams.com\/wp-content\/uploads\/2024\/09\/main-logo.png","contentUrl":"https:\/\/legitgrams.com\/wp-content\/uploads\/2024\/09\/main-logo.png","width":270,"height":75,"caption":"Legit Grams"},"image":{"@id":"https:\/\/legitgrams.com\/#\/schema\/logo\/image\/"}}]}},"uagb_featured_image_src":{"full":["https:\/\/legitgrams.com\/wp-content\/uploads\/2024\/08\/NEH.gif",600,600,false],"thumbnail":["https:\/\/legitgrams.com\/wp-content\/uploads\/2024\/08\/NEH-150x150.gif",150,150,true],"medium":["https:\/\/legitgrams.com\/wp-content\/uploads\/2024\/08\/NEH-300x300.gif",300,300,true],"medium_large":["https:\/\/legitgrams.com\/wp-content\/uploads\/2024\/08\/NEH.gif",600,600,false],"large":["https:\/\/legitgrams.com\/wp-content\/uploads\/2024\/08\/NEH.gif",600,600,false],"1536x1536":["https:\/\/legitgrams.com\/wp-content\/uploads\/2024\/08\/NEH.gif",600,600,false],"2048x2048":["https:\/\/legitgrams.com\/wp-content\/uploads\/2024\/08\/NEH.gif",600,600,false],"trp-custom-language-flag":["https:\/\/legitgrams.com\/wp-content\/uploads\/2024\/08\/NEH-12x12.gif",12,12,true],"woocommerce_thumbnail":["https:\/\/legitgrams.com\/wp-content\/uploads\/2024\/08\/NEH-300x300.gif",300,300,true],"woocommerce_single":["https:\/\/legitgrams.com\/wp-content\/uploads\/2024\/08\/NEH.gif",600,600,false],"woocommerce_gallery_thumbnail":["https:\/\/legitgrams.com\/wp-content\/uploads\/2024\/08\/NEH-100x100.gif",100,100,true]},"uagb_author_info":{"display_name":"cokeblog18","author_link":"https:\/\/legitgrams.com\/cs\/author\/"},"uagb_comment_info":0,"uagb_excerpt":"Purchase NEH powder online. Buy NEH Powder is a premium research chemical that can be purchased online. Reputable online merchant LegitGrams.com offers NDH Powder at a discounted price. With great pleasure, Coke Bricks introduces NEH powder, which is provided just for research purposes and should not be used for in vivo diagnostics, food, medication, medical&hellip;","_links":{"self":[{"href":"https:\/\/legitgrams.com\/cs\/wp-json\/wp\/v2\/product\/3285","targetHints":{"allow":["GET"]}}],"collection":[{"href":"https:\/\/legitgrams.com\/cs\/wp-json\/wp\/v2\/product"}],"about":[{"href":"https:\/\/legitgrams.com\/cs\/wp-json\/wp\/v2\/types\/product"}],"replies":[{"embeddable":true,"href":"https:\/\/legitgrams.com\/cs\/wp-json\/wp\/v2\/comments?post=3285"}],"wp:featuredmedia":[{"embeddable":true,"href":"https:\/\/legitgrams.com\/cs\/wp-json\/wp\/v2\/media\/3294"}],"wp:attachment":[{"href":"https:\/\/legitgrams.com\/cs\/wp-json\/wp\/v2\/media?parent=3285"}],"wp:term":[{"taxonomy":"product_brand","embeddable":true,"href":"https:\/\/legitgrams.com\/cs\/wp-json\/wp\/v2\/product_brand?post=3285"},{"taxonomy":"product_cat","embeddable":true,"href":"https:\/\/legitgrams.com\/cs\/wp-json\/wp\/v2\/product_cat?post=3285"},{"taxonomy":"product_tag","embeddable":true,"href":"https:\/\/legitgrams.com\/cs\/wp-json\/wp\/v2\/product_tag?post=3285"}],"curies":[{"name":"wp","href":"https:\/\/api.w.org\/{rel}","templated":true}]}}