{"id":3302,"date":"2024-08-03T05:48:41","date_gmt":"2024-08-03T05:48:41","guid":{"rendered":"https:\/\/cokebricks.com\/?post_type=product&#038;p=3302"},"modified":"2025-01-13T09:16:36","modified_gmt":"2025-01-13T09:16:36","slug":"apvp","status":"publish","type":"product","link":"https:\/\/legitgrams.com\/cs\/produkt\/apvp\/","title":{"rendered":"APVP"},"content":{"rendered":"<h2>Na prodej: Pure A-PVP<\/h2>\n<p>N\u00e1kup 99% Pure <a href=\"https:\/\/legitgrams.com\/cs\/produkt\/apvp\/\">A-PVP<\/a> od Nembutalu | Koupit Pure A-PVP tajn\u011b online Online N\u00e1kup APVP: Stejn\u011b jako u MDPV a \u201ekoupelov\u00fdch sol\u00ed\u201c na za\u010d\u00e1tku roku 2011, Buy a-PVP Crystal Powder Online je relativn\u011b nov\u00e1 chemik\u00e1lie, kter\u00e1 se t\u011b\u0161\u00ed velk\u00e9mu z\u00e1jmu m\u00e9di\u00ed.<\/p>\n<p>Syntetick\u00fd stimulant pat\u0159\u00edc\u00ed do rodiny katinon\u016f a pyrovaleronu. Kupte si krystalov\u00fd pr\u00e1\u0161ek a-PVP online. Mezi dal\u0161\u00ed n\u00e1zvy pat\u0159\u00ed flakka, <a href=\"https:\/\/en.wikipedia.org\/wiki\/-Pyrrolidinopentiophenone\">\u03b1-pyrrolidinopentiofenon<\/a>alfa-PVP a A-PVP. Chemicky \u0159e\u010deno je podobn\u00fd jin\u00fdm pyrovaleronov\u00fdm slou\u010denin\u00e1m, jako jsou MDPV a kathinonov\u00e9 slou\u010deniny, kter\u00e9 byly nalezeny ve v\u00fdchodoafrick\u00e9 rostlin\u011b khat. P\u0159i po\u017eit\u00ed m\u016f\u017ee m\u00edt \u00fa\u010dinky, kter\u00e9 jsou velmi podobn\u00e9 \u00fa\u010dink\u016fm amfetaminu a kokainu. Obvykle m\u00e1 podobu obrovsk\u00fdch krystalov\u00fdch kousk\u016f nebo krystalick\u00e9ho pr\u00e1\u0161ku.<\/p>\n<h3>\u5728\u7ebf\u8d2d\u4e70\u7c89\u672b A-PVP\u3002<\/h3>\n<p>Kupte si krystaly A-PVP online. Podobn\u011b jako \u201ekoupelov\u00e9 soli\u201c a MDPV v prvn\u00edch m\u011bs\u00edc\u00edch roku 2011 je pr\u00e1\u0161ek relativn\u011b novou l\u00e1tkou, kter\u00e1 je aktivn\u011b sledov\u00e1na m\u00e9dii. V \u010c\u00edn\u011b se b\u011b\u017en\u011b vyr\u00e1b\u00ed ve velk\u00e9m mno\u017estv\u00ed a prodejci jej nab\u00edzej\u00ed k prodeji online jako v\u00fdzkumnou chemik\u00e1lii.<\/p>\n<h3>\u00da\u010dinky krystal\u016f alfa-PVP na t\u011blo<\/h3>\n<p>Neo\u010dek\u00e1van\u00e9 pocity M\u00edrn\u00e9 a\u017e siln\u00e9 euforick\u00e9 brn\u011bn\u00ed, kter\u00e9 prostupuje cel\u00fdm t\u011blem, je zn\u00e1m\u00e9 jako \u201ebody high\u201c \u03b1-PVP. Zv\u00fd\u0161en\u00e9 d\u00e1vky by mohly b\u00fdt p\u0159\u00edli\u0161 velk\u00e9. Tento pocit p\u0159etrv\u00e1v\u00e1 po celou dobu, postupn\u011b se zvy\u0161uje, kulminuje a pot\u00e9 kles\u00e1. <a href=\"https:\/\/legitgrams.com\/cs\/\">LegitGrams<\/a><\/p>\n<p>P\u0159edpokl\u00e1d\u00e1 se, \u017ee a-PVP m\u00e1 p\u0159\u00edzniv\u00e9 \u00fa\u010dinky na<\/p>\n<p>fyzick\u00e9 energie u\u017eivatele, kter\u00e9 jsou.<\/p>\n<p>Vlastn\u011b neuv\u011b\u0159iteln\u011b vzru\u0161uj\u00edc\u00ed a stimuluj\u00edc\u00ed. To podporuje fyzick\u00e9 aktivity, jako je tanec, lezen\u00ed a jogging.<\/p>\n<h3>Historie A-PVP<\/h3>\n<p>Navzdory sv\u00e9mu ned\u00e1vn\u00e9mu objevu je A-PVP st\u0159edem z\u00e1jmu m\u00e9di\u00ed a v\u011bdeck\u00fdch v\u00fdzkum\u016f od roku 2011. To je z velk\u00e9 \u010d\u00e1sti zp\u016fsobeno t\u00edm, \u017ee ho lid\u00e9 zneu\u017e\u00edvaj\u00ed t\u00edm, \u017ee vyu\u017e\u00edvaj\u00ed jeho povzbuzuj\u00edc\u00edch \u00fa\u010dink\u016f bez l\u00e9ka\u0159sk\u00e9ho p\u0159edpisu nebo \u0159\u00e1dn\u00e9ho pou\u010den\u00ed. A-PVP se masov\u011b vyr\u00e1b\u00ed v \u010c\u00edn\u011b, i kdy\u017e jeho dostupnost jako v\u00fdzkumn\u00e9ho l\u00e9ku je omezen\u00e1.<\/p>\n<h3>Pro\u010d se A-PVP pou\u017e\u00edv\u00e1?<\/h3>\n<p>Touha b\u011bhat, tan\u010dit nebo l\u00e9zt byla spojena s energizuj\u00edc\u00edmi \u00fa\u010dinky A-PVP, kter\u00fd je \u0161iroce zn\u00e1m\u00fd pro sv\u00e9 stimula\u010dn\u00ed vlastnosti. D\u00e1le bylo poznamen\u00e1no, \u017ee \u00fa\u010dinky tohoto p\u0159edpisu nut\u00ed u\u017eivatele, aby se zapojili do n\u00e1ro\u010dn\u00fdch nebo stimuluj\u00edc\u00edch \u010dinnost\u00ed; tento sklon se st\u00e1v\u00e1 obt\u00ed\u017en\u011bj\u0161\u00edm s v\u011bt\u0161\u00edmi d\u00e1vkami oponovat.<\/p>\n<p>Tyto vlastnosti podn\u00edtily zv\u011bdavost lid\u00ed, kte\u0159\u00ed se pravideln\u011b v\u011bnuj\u00ed vysoce energeticky n\u00e1ro\u010dn\u00fdm \u010dinnostem.<\/p>\n<p>M\u016f\u017ee vyvolat pocity motivace, spole\u010dnosti a sebed\u016fv\u011bry. Tvrd\u00fd tr\u00e9nink a cvi\u010den\u00ed lid\u00e9 vyu\u017e\u00edvaj\u00ed proto, \u017ee siln\u011b tou\u017e\u00ed po fyzicky n\u00e1ro\u010dn\u00fdch aktivit\u00e1ch. Pro sv\u00e9 povzbuzuj\u00edc\u00ed \u00fa\u010dinky v\u00e1s tak\u00e9 nab\u00e1d\u00e1 k velk\u00e9mu pit\u00ed vody. I kdy\u017e ne ka\u017ed\u00fd, kdo ji pou\u017e\u00edv\u00e1, poc\u00edt\u00ed hlad, m\u016f\u017ee zv\u00fd\u0161it chu\u0165 k j\u00eddlu. Lid\u00e9 to vyu\u017e\u00edvaj\u00ed pro nel\u00e9ka\u0159sk\u00e9 motivy, jako je posilov\u00e1n\u00ed ega nebo emoc\u00ed, jak zn\u00e1mo.<\/p>\n<h3>\u00da\u010dinky A-PVP<\/h3>\n<p>Stejn\u00e9 \u00fa\u010dinky lze vysv\u011btlit stimula\u010dn\u00edmi vlastnostmi l\u00e9ku. V d\u016fsledku toho u\u017eivatel\u00e9 vykazuj\u00ed nadm\u011brn\u00e9 nebo nutkav\u00e9 energetick\u00e9 chov\u00e1n\u00ed. Mezi fyzick\u00e9 p\u0159\u00edznaky pat\u0159\u00ed kon\u010detiny, blok\u00e1da a t\u0159es, kter\u00e9 jsou neovladateln\u00e9 v d\u016fsledku nedostate\u010dn\u00e9 kontroly motoriky v cel\u00e9m t\u011ble. Nav\u00edc by to mohlo zp\u016fsobit mimovoln\u00ed pohyby o\u010d\u00ed nebo zrakov\u00e9 probl\u00e9my. V z\u00e1va\u017en\u00fdch p\u0159\u00edpadech m\u016f\u017ee v\u00e9st k intoxikaci vodou, ztr\u00e1t\u011b chuti k j\u00eddlu a siln\u00e9 pot\u0159eb\u011b p\u00edt vodu. Mo\u010den\u00ed se v d\u016fsledku l\u00e9k\u016f st\u00e1v\u00e1 obt\u00ed\u017en\u00e9. Jedn\u00edm z nep\u0159\u00edzniv\u00fdch jev\u016f je zv\u00fd\u0161en\u00e1 srde\u010dn\u00ed frekvence, zesiluje se i fyzick\u00e1 bl\u00edzkost. Pocen\u00ed je umocn\u011bno touhou po nadm\u011brn\u00e9 fyzick\u00e9 aktivit\u011b.<\/p>\n<p>&nbsp;<\/p>","protected":false},"excerpt":{"rendered":"<p>For Sale: Pure A-PVP Purchase 99% Pure A-PVP from Nembutal | Buy Pure A-PVP secretly online Online APVP Purchase: As with MDPV and &#8220;bath salts&#8221; in early 2011, Buy a-PVP Crystal Powder Online is a relatively new chemical that is receiving a lot of media interest. A synthetic stimulant belonging to the cathinone and pyrovalerone &hellip;<\/p>\n<p class=\"read-more\"> <a class=\"\" href=\"https:\/\/legitgrams.com\/cs\/produkt\/apvp\/\"> <span class=\"screen-reader-text\">APVP<\/span> \u010c\u00edst d\u00e1l \"<\/a><\/p>","protected":false},"featured_media":3316,"comment_status":"open","ping_status":"closed","template":"","meta":{"_uag_custom_page_level_css":"","site-sidebar-layout":"default","site-content-layout":"default","ast-global-header-display":"","ast-main-header-display":"","ast-hfb-above-header-display":"","ast-hfb-below-header-display":"","ast-hfb-mobile-header-display":"","site-post-title":"","ast-breadcrumbs-content":"","ast-featured-img":"","footer-sml-layout":"","theme-transparent-header-meta":"default","adv-header-id-meta":"","stick-header-meta":"default","header-above-stick-meta":"","header-main-stick-meta":"","header-below-stick-meta":"","_joinchat":[]},"product_brand":[],"product_cat":[190],"product_tag":[331,332,333,334,335,336,337,338,339,340,341,342,343,344],"class_list":{"0":"post-3302","1":"product","2":"type-product","3":"status-publish","4":"has-post-thumbnail","6":"product_cat-cannabinoids","7":"product_tag-apvp-crystal-powder","8":"product_tag-beta-pvp-crystals","9":"product_tag-buy-a-pvp","10":"product_tag-buy-a-pvp-flakka","11":"product_tag-buy-apvp-crystals","12":"product_tag-buy-flakka","13":"product_tag-buy-flakka-online","14":"product_tag-flakka","15":"product_tag-how-can-i-buy-alpha-pvp-online-discreetly-russia","16":"product_tag-order-apvp-online","17":"product_tag-what-are-flakka-and-bath-salts","18":"product_tag-what-is-flakka-beta-pvp","19":"product_tag-where-can-i-buy-apvp-crystals-online","20":"product_tag-where-can-i-buy-flakka-khat","21":"desktop-align-left","22":"tablet-align-left","23":"mobile-align-left","24":"ast-product-gallery-layout-horizontal","25":"ast-product-gallery-with-no-image","26":"ast-product-single-variable","27":"ast-product-tabs-layout-horizontal","28":"ast-qv-on-image","30":"first","31":"instock","32":"shipping-taxable","33":"purchasable","34":"product-type-variable"},"yoast_head":"<!-- This site is optimized with the Yoast SEO plugin v25.9 - https:\/\/yoast.com\/wordpress\/plugins\/seo\/ -->\n<title>Get APVP for Sale - Buy APVP Powder Online @ Low Price<\/title>\n<meta name=\"description\" content=\"Your order for APVP for sale is our responsibility. We will take your order to buy APVP powder online into consideration and reach you in a short period. Place bulk orders now!\" \/>\n<meta name=\"robots\" content=\"index, follow, max-snippet:-1, max-image-preview:large, max-video-preview:-1\" \/>\n<link rel=\"canonical\" href=\"https:\/\/legitgrams.com\/cs\/produkt\/apvp\/\" \/>\n<meta property=\"og:locale\" content=\"cs_CZ\" \/>\n<meta property=\"og:type\" content=\"article\" \/>\n<meta property=\"og:title\" content=\"Get APVP for Sale - Buy APVP Powder Online @ Low Price\" \/>\n<meta property=\"og:description\" content=\"Your order for APVP for sale is our responsibility. We will take your order to buy APVP powder online into consideration and reach you in a short period. Place bulk orders now!\" \/>\n<meta property=\"og:url\" content=\"https:\/\/legitgrams.com\/cs\/produkt\/apvp\/\" \/>\n<meta property=\"og:site_name\" content=\"Legit Grams\" \/>\n<meta property=\"article:modified_time\" content=\"2025-01-13T09:16:36+00:00\" \/>\n<meta property=\"og:image\" content=\"https:\/\/legitgrams.com\/wp-content\/uploads\/2024\/08\/APVP.gif\" \/>\n\t<meta property=\"og:image:width\" content=\"600\" \/>\n\t<meta property=\"og:image:height\" content=\"600\" \/>\n\t<meta property=\"og:image:type\" content=\"image\/gif\" \/>\n<meta name=\"twitter:card\" content=\"summary_large_image\" \/>\n<meta name=\"twitter:label1\" content=\"Odhadovan\u00e1 doba \u010dten\u00ed\" \/>\n\t<meta name=\"twitter:data1\" content=\"3 minuty\" \/>\n<script type=\"application\/ld+json\" class=\"yoast-schema-graph\">{\"@context\":\"https:\/\/schema.org\",\"@graph\":[{\"@type\":\"WebPage\",\"@id\":\"https:\/\/legitgrams.com\/product\/apvp\/\",\"url\":\"https:\/\/legitgrams.com\/product\/apvp\/\",\"name\":\"Get APVP for Sale - Buy APVP Powder Online @ Low Price\",\"isPartOf\":{\"@id\":\"https:\/\/legitgrams.com\/#website\"},\"primaryImageOfPage\":{\"@id\":\"https:\/\/legitgrams.com\/product\/apvp\/#primaryimage\"},\"image\":{\"@id\":\"https:\/\/legitgrams.com\/product\/apvp\/#primaryimage\"},\"thumbnailUrl\":\"https:\/\/legitgrams.com\/wp-content\/uploads\/2024\/08\/APVP.gif\",\"datePublished\":\"2024-08-03T05:48:41+00:00\",\"dateModified\":\"2025-01-13T09:16:36+00:00\",\"description\":\"Your order for APVP for sale is our responsibility. We will take your order to buy APVP powder online into consideration and reach you in a short period. Place bulk orders now!\",\"breadcrumb\":{\"@id\":\"https:\/\/legitgrams.com\/product\/apvp\/#breadcrumb\"},\"inLanguage\":\"cs\",\"potentialAction\":[{\"@type\":\"ReadAction\",\"target\":[\"https:\/\/legitgrams.com\/product\/apvp\/\"]}]},{\"@type\":\"ImageObject\",\"inLanguage\":\"cs\",\"@id\":\"https:\/\/legitgrams.com\/product\/apvp\/#primaryimage\",\"url\":\"https:\/\/legitgrams.com\/wp-content\/uploads\/2024\/08\/APVP.gif\",\"contentUrl\":\"https:\/\/legitgrams.com\/wp-content\/uploads\/2024\/08\/APVP.gif\",\"width\":600,\"height\":600,\"caption\":\"Pure A-PVP for Sale\"},{\"@type\":\"BreadcrumbList\",\"@id\":\"https:\/\/legitgrams.com\/product\/apvp\/#breadcrumb\",\"itemListElement\":[{\"@type\":\"ListItem\",\"position\":1,\"name\":\"Home\",\"item\":\"https:\/\/legitgrams.com\/\"},{\"@type\":\"ListItem\",\"position\":2,\"name\":\"Shop\",\"item\":\"https:\/\/legitgrams.com\/shop\/\"},{\"@type\":\"ListItem\",\"position\":3,\"name\":\"APVP\"}]},{\"@type\":\"WebSite\",\"@id\":\"https:\/\/legitgrams.com\/#website\",\"url\":\"https:\/\/legitgrams.com\/\",\"name\":\"Legit Grams\",\"description\":\"My WordPress Blog\",\"publisher\":{\"@id\":\"https:\/\/legitgrams.com\/#organization\"},\"potentialAction\":[{\"@type\":\"SearchAction\",\"target\":{\"@type\":\"EntryPoint\",\"urlTemplate\":\"https:\/\/legitgrams.com\/?s={search_term_string}\"},\"query-input\":{\"@type\":\"PropertyValueSpecification\",\"valueRequired\":true,\"valueName\":\"search_term_string\"}}],\"inLanguage\":\"cs\"},{\"@type\":\"Organization\",\"@id\":\"https:\/\/legitgrams.com\/#organization\",\"name\":\"Legit Grams\",\"url\":\"https:\/\/legitgrams.com\/\",\"logo\":{\"@type\":\"ImageObject\",\"inLanguage\":\"cs\",\"@id\":\"https:\/\/legitgrams.com\/#\/schema\/logo\/image\/\",\"url\":\"https:\/\/legitgrams.com\/wp-content\/uploads\/2024\/09\/main-logo.png\",\"contentUrl\":\"https:\/\/legitgrams.com\/wp-content\/uploads\/2024\/09\/main-logo.png\",\"width\":270,\"height\":75,\"caption\":\"Legit Grams\"},\"image\":{\"@id\":\"https:\/\/legitgrams.com\/#\/schema\/logo\/image\/\"}}]}<\/script>\n<!-- \/ Yoast SEO plugin. -->","yoast_head_json":{"title":"Z\u00edskat APVP na prodej - koupit APVP pr\u00e1\u0161ek online @ n\u00edzk\u00e1 cena","description":"Za va\u0161i objedn\u00e1vku APVP na prodej neseme odpov\u011bdnost. Va\u0161i objedn\u00e1vku na n\u00e1kup pr\u00e1\u0161ku APVP online vezmeme v \u00favahu a v kr\u00e1tk\u00e9 dob\u011b se k v\u00e1m dostaneme. Zadejte hromadn\u00e9 objedn\u00e1vky nyn\u00ed!","robots":{"index":"index","follow":"follow","max-snippet":"max-snippet:-1","max-image-preview":"max-image-preview:large","max-video-preview":"max-video-preview:-1"},"canonical":"https:\/\/legitgrams.com\/cs\/produkt\/apvp\/","og_locale":"cs_CZ","og_type":"article","og_title":"Get APVP for Sale - Buy APVP Powder Online @ Low Price","og_description":"Your order for APVP for sale is our responsibility. We will take your order to buy APVP powder online into consideration and reach you in a short period. Place bulk orders now!","og_url":"https:\/\/legitgrams.com\/cs\/produkt\/apvp\/","og_site_name":"Legit Grams","article_modified_time":"2025-01-13T09:16:36+00:00","og_image":[{"width":600,"height":600,"url":"https:\/\/legitgrams.com\/wp-content\/uploads\/2024\/08\/APVP.gif","type":"image\/gif"}],"twitter_card":"summary_large_image","twitter_misc":{"Odhadovan\u00e1 doba \u010dten\u00ed":"3 minuty"},"schema":{"@context":"https:\/\/schema.org","@graph":[{"@type":"WebPage","@id":"https:\/\/legitgrams.com\/product\/apvp\/","url":"https:\/\/legitgrams.com\/product\/apvp\/","name":"Z\u00edskat APVP na prodej - koupit APVP pr\u00e1\u0161ek online @ n\u00edzk\u00e1 cena","isPartOf":{"@id":"https:\/\/legitgrams.com\/#website"},"primaryImageOfPage":{"@id":"https:\/\/legitgrams.com\/product\/apvp\/#primaryimage"},"image":{"@id":"https:\/\/legitgrams.com\/product\/apvp\/#primaryimage"},"thumbnailUrl":"https:\/\/legitgrams.com\/wp-content\/uploads\/2024\/08\/APVP.gif","datePublished":"2024-08-03T05:48:41+00:00","dateModified":"2025-01-13T09:16:36+00:00","description":"Za va\u0161i objedn\u00e1vku APVP na prodej neseme odpov\u011bdnost. Va\u0161i objedn\u00e1vku na n\u00e1kup pr\u00e1\u0161ku APVP online vezmeme v \u00favahu a v kr\u00e1tk\u00e9 dob\u011b se k v\u00e1m dostaneme. Zadejte hromadn\u00e9 objedn\u00e1vky nyn\u00ed!","breadcrumb":{"@id":"https:\/\/legitgrams.com\/product\/apvp\/#breadcrumb"},"inLanguage":"cs","potentialAction":[{"@type":"ReadAction","target":["https:\/\/legitgrams.com\/product\/apvp\/"]}]},{"@type":"ImageObject","inLanguage":"cs","@id":"https:\/\/legitgrams.com\/product\/apvp\/#primaryimage","url":"https:\/\/legitgrams.com\/wp-content\/uploads\/2024\/08\/APVP.gif","contentUrl":"https:\/\/legitgrams.com\/wp-content\/uploads\/2024\/08\/APVP.gif","width":600,"height":600,"caption":"Pure A-PVP for Sale"},{"@type":"BreadcrumbList","@id":"https:\/\/legitgrams.com\/product\/apvp\/#breadcrumb","itemListElement":[{"@type":"ListItem","position":1,"name":"Home","item":"https:\/\/legitgrams.com\/"},{"@type":"ListItem","position":2,"name":"Shop","item":"https:\/\/legitgrams.com\/shop\/"},{"@type":"ListItem","position":3,"name":"APVP"}]},{"@type":"WebSite","@id":"https:\/\/legitgrams.com\/#website","url":"https:\/\/legitgrams.com\/","name":"Leg\u00e1ln\u00ed gramy","description":"M\u016fj blog WordPress","publisher":{"@id":"https:\/\/legitgrams.com\/#organization"},"potentialAction":[{"@type":"SearchAction","target":{"@type":"EntryPoint","urlTemplate":"https:\/\/legitgrams.com\/?s={search_term_string}"},"query-input":{"@type":"PropertyValueSpecification","valueRequired":true,"valueName":"search_term_string"}}],"inLanguage":"cs"},{"@type":"Organization","@id":"https:\/\/legitgrams.com\/#organization","name":"Leg\u00e1ln\u00ed gramy","url":"https:\/\/legitgrams.com\/","logo":{"@type":"ImageObject","inLanguage":"cs","@id":"https:\/\/legitgrams.com\/#\/schema\/logo\/image\/","url":"https:\/\/legitgrams.com\/wp-content\/uploads\/2024\/09\/main-logo.png","contentUrl":"https:\/\/legitgrams.com\/wp-content\/uploads\/2024\/09\/main-logo.png","width":270,"height":75,"caption":"Legit Grams"},"image":{"@id":"https:\/\/legitgrams.com\/#\/schema\/logo\/image\/"}}]}},"uagb_featured_image_src":{"full":["https:\/\/legitgrams.com\/wp-content\/uploads\/2024\/08\/APVP.gif",600,600,false],"thumbnail":["https:\/\/legitgrams.com\/wp-content\/uploads\/2024\/08\/APVP-150x150.gif",150,150,true],"medium":["https:\/\/legitgrams.com\/wp-content\/uploads\/2024\/08\/APVP-300x300.gif",300,300,true],"medium_large":["https:\/\/legitgrams.com\/wp-content\/uploads\/2024\/08\/APVP.gif",600,600,false],"large":["https:\/\/legitgrams.com\/wp-content\/uploads\/2024\/08\/APVP.gif",600,600,false],"1536x1536":["https:\/\/legitgrams.com\/wp-content\/uploads\/2024\/08\/APVP.gif",600,600,false],"2048x2048":["https:\/\/legitgrams.com\/wp-content\/uploads\/2024\/08\/APVP.gif",600,600,false],"trp-custom-language-flag":["https:\/\/legitgrams.com\/wp-content\/uploads\/2024\/08\/APVP-12x12.gif",12,12,true],"woocommerce_thumbnail":["https:\/\/legitgrams.com\/wp-content\/uploads\/2024\/08\/APVP-300x300.gif",300,300,true],"woocommerce_single":["https:\/\/legitgrams.com\/wp-content\/uploads\/2024\/08\/APVP.gif",600,600,false],"woocommerce_gallery_thumbnail":["https:\/\/legitgrams.com\/wp-content\/uploads\/2024\/08\/APVP-100x100.gif",100,100,true]},"uagb_author_info":{"display_name":"cokeblog18","author_link":"https:\/\/legitgrams.com\/cs\/author\/"},"uagb_comment_info":0,"uagb_excerpt":"For Sale: Pure A-PVP Purchase 99% Pure A-PVP from Nembutal | Buy Pure A-PVP secretly online Online APVP Purchase: As with MDPV and &#8220;bath salts&#8221; in early 2011, Buy a-PVP Crystal Powder Online is a relatively new chemical that is receiving a lot of media interest. A synthetic stimulant belonging to the cathinone and pyrovalerone&hellip;","_links":{"self":[{"href":"https:\/\/legitgrams.com\/cs\/wp-json\/wp\/v2\/product\/3302","targetHints":{"allow":["GET"]}}],"collection":[{"href":"https:\/\/legitgrams.com\/cs\/wp-json\/wp\/v2\/product"}],"about":[{"href":"https:\/\/legitgrams.com\/cs\/wp-json\/wp\/v2\/types\/product"}],"replies":[{"embeddable":true,"href":"https:\/\/legitgrams.com\/cs\/wp-json\/wp\/v2\/comments?post=3302"}],"wp:featuredmedia":[{"embeddable":true,"href":"https:\/\/legitgrams.com\/cs\/wp-json\/wp\/v2\/media\/3316"}],"wp:attachment":[{"href":"https:\/\/legitgrams.com\/cs\/wp-json\/wp\/v2\/media?parent=3302"}],"wp:term":[{"taxonomy":"product_brand","embeddable":true,"href":"https:\/\/legitgrams.com\/cs\/wp-json\/wp\/v2\/product_brand?post=3302"},{"taxonomy":"product_cat","embeddable":true,"href":"https:\/\/legitgrams.com\/cs\/wp-json\/wp\/v2\/product_cat?post=3302"},{"taxonomy":"product_tag","embeddable":true,"href":"https:\/\/legitgrams.com\/cs\/wp-json\/wp\/v2\/product_tag?post=3302"}],"curies":[{"name":"wp","href":"https:\/\/api.w.org\/{rel}","templated":true}]}}