{"id":3304,"date":"2024-08-03T05:48:50","date_gmt":"2024-08-03T05:48:50","guid":{"rendered":"https:\/\/cokebricks.com\/?post_type=product&#038;p=3304"},"modified":"2025-01-14T04:14:23","modified_gmt":"2025-01-14T04:14:23","slug":"eb-bk","status":"publish","type":"product","link":"https:\/\/legitgrams.com\/cs\/produkt\/eb-bk\/","title":{"rendered":"EB-BK"},"content":{"rendered":"<h2>Na prodej: EBK Crystal Od nejlep\u0161\u00edch dodavatel\u016f<\/h2>\n<p><a href=\"https:\/\/legitgrams.com\/cs\/produkt\/eb-bk\/\">N\u00e1kup EBK Crystal online<\/a>, nejzn\u00e1m\u011bj\u0161\u00ed v\u00fdzkumn\u00fd materi\u00e1l. Nov\u00fd stimulant entaktogen-katinon. Jin\u00e9 n\u00e1zvy pro N-ethylpentylon zahrnuj\u00ed ethylen, bk-EBDP a k-EBDP.<\/p>\n<p>Syntetick\u00fd katinon Ethylon, tak\u00e9 zn\u00e1m\u00fd jako 3,4-methylendioxy-N-ethylkathinon nebo \u03b2k-MDEA, je spojen s krystalem EBK. Stimula\u010dn\u00ed a empatogenn\u00ed vlastnosti t\u00e9to psychoaktivn\u00ed drogy jsou \u0161iroce zn\u00e1m\u00e9.<\/p>\n<p>Je d\u016fle\u017eit\u00e9 m\u00edt na pam\u011bti, \u017ee m\u00edstn\u00ed p\u0159edpisy mohou omezovat distribuci a pou\u017eit\u00ed konkr\u00e9tn\u00edch l\u00e1tek. Jedn\u00edm z nich jsou krystaly EBK, substituovan\u00fd katinon, kter\u00fd sd\u00edl\u00ed chemick\u00fd vztah s pentylem. Pro nejlep\u0161\u00ed kvalitu nakupujte chemik\u00e1lie pro v\u00fdzkum krystal\u016f EBK online. Nab\u00edz\u00edme celosv\u011btovou p\u0159epravu!<\/p>\n<p>Jsme poskytovatelem se za\u0159\u00edzen\u00edmi v USA a EU. Web Cannabinoids Delivery USA nab\u00edz\u00ed prodej chemik\u00e1li\u00ed. M\u016f\u017eeme v\u00e1m pomoci, pokud jste laboratorn\u00ed asistent, prodejce, prodejce nebo n\u011bkdo jin\u00fd, kdo hled\u00e1 hromadn\u00e9 zbo\u017e\u00ed <a href=\"https:\/\/en.wikipedia.org\/wiki\/EBK\">EBK<\/a>!<\/p>\n<h3>Komer\u010dn\u00ed a pr\u016fmyslov\u00e9 aplikace EBK Crystal<\/h3>\n<p>Online objedn\u00e1v\u00e1n\u00ed krystal\u016f EBK je snadn\u00e9 a bezprobl\u00e9mov\u00e9, proto\u017ee je leg\u00e1ln\u00ed ve v\u011bt\u0161in\u011b \u010d\u00e1st\u00ed zem\u011b. Slou\u017e\u00ed k \u0159ad\u011b funkc\u00ed a je nab\u00edzen pouze k prodeji pro v\u00fdzkumn\u00e9 \u00fa\u010dely. M\u016f\u017ee b\u00fdt pou\u017eit pro diagnostiku in vivo velkoodb\u011brateli.<\/p>\n<p>Mimo jin\u00e9 dob\u0159e funguje ve farmacii, potravin\u00e1ch, l\u00e9c\u00edch, kosmetice a l\u00e9ka\u0159sk\u00e9m vybaven\u00ed. Ne\u017e budete pokra\u010dovat, ujist\u011bte se, \u017ee oblast, kterou pou\u017e\u00edv\u00e1te k prov\u00e1d\u011bn\u00ed online chemick\u00e9 objedn\u00e1vky EBK, m\u00e1 dostate\u010dn\u00e9 v\u011btr\u00e1n\u00ed.<\/p>\n<p>Proto\u017ee EBK krystal, n\u011bkdy ozna\u010dovan\u00fd jako stimulant a empatogenn\u00ed vlastnosti EBK krystalu, b\u011b\u017en\u011b ozna\u010dovan\u00fd jako ethylon, je v\u011bt\u0161inou prosp\u011b\u0161n\u00fd pro rekrea\u010dn\u00ed \u00fa\u010dely. N\u011bkte\u0159\u00ed u\u017eivatel\u00e9 jej mohou vyhled\u00e1vat kv\u016fli jeho schopnosti zlep\u0161it jejich n\u00e1ladu nebo proto\u017ee m\u016f\u017ee zv\u00fd\u0161it jejich dru\u017enost a empatii.<\/p>\n<p>Je v\u0161ak d\u016fle\u017eit\u00e9 m\u00edt na pam\u011bti, \u017ee u\u017e\u00edv\u00e1n\u00ed t\u011bchto l\u00e9k\u016f s sebou nese rizika pro zdrav\u00ed a pr\u00e1vn\u00ed postaven\u00ed. Nav\u00edc Ethylone nebyl schv\u00e1len pro \u017e\u00e1dn\u00e9 l\u00e9ka\u0159sk\u00e9 nebo terapeutick\u00e9 aplikace.<\/p>\n<h3>Kupte si EBK Crystal online.<\/h3>\n<p>Koupit EB-Bk online. Kdokoli star\u0161\u00ed osmn\u00e1cti let m\u016f\u017ee z\u00edskat speci\u00e1ln\u00ed stimula\u010dn\u00ed chemik\u00e1lii ebk online od spole\u010dnosti Buy Nembutal, renomovan\u00e9ho online dodavatele v\u00fdzkumn\u00fdch chemik\u00e1li\u00ed. Prod\u00e1v\u00e1 se jako n\u00e1hra\u017eka N-ethylpentylonu a je dostupn\u00fd ve velk\u00e9 krystalov\u00e9 form\u011b. Jin\u00fd n\u00e1zev pro n\u011bj je ephylon s bk-EBDP.<\/p>\n<h3>Kde se Ebk Chemical pou\u017e\u00edv\u00e1?<\/h3>\n<p>Vzhledem k tomu, \u017ee EBK Crystal je leg\u00e1ln\u00ed ve v\u011bt\u0161in\u011b zem\u011b, m\u016f\u017eete si jej bez probl\u00e9m\u016f zakoupit online. Prod\u00e1v\u00e1 se pouze pro v\u00fdzkumn\u00e9 \u00fa\u010dely a nepou\u017e\u00edv\u00e1 se k \u017e\u00e1dn\u00e9mu jin\u00e9mu \u00fa\u010delu. M\u016f\u017ee b\u00fdt pou\u017eit pro farmacii, potraviny, l\u00e9ky, l\u00e9ka\u0159sk\u00e9 vybaven\u00ed, kosmetiku a in vivo diagnostiku, mimo jin\u00e9. P\u0159ed vypln\u011bn\u00edm online objedn\u00e1vkov\u00e9ho formul\u00e1\u0159e chemik\u00e1li\u00ed EBK se pros\u00edm ujist\u011bte, \u017ee je ve va\u0161em okol\u00ed dostate\u010dn\u00e9 v\u011btr\u00e1n\u00ed.<\/p>\n<p>M\u00e1me solidn\u00ed pov\u011bst spolehliv\u00e9ho a d\u016fv\u011bryhodn\u00e9ho dodavatele v\u00fdzkumn\u00fdch chemik\u00e1li\u00ed. Vyz\u00fdv\u00e1me potenci\u00e1ln\u00ed spot\u0159ebitele, aby u n\u00e1s zadali objedn\u00e1vku t\u00edm, \u017ee na na\u0161ich webov\u00fdch str\u00e1nk\u00e1ch p\u0159edstav\u00edme skute\u010dn\u00e9 recenze od nov\u00fdch i vracej\u00edc\u00edch se z\u00e1kazn\u00edk\u016f.<\/p>\n<p>Nejlep\u0161\u00edm a nejspolehliv\u011bj\u0161\u00edm dodavatelem chemik\u00e1li\u00ed EBK za dostupn\u00e9 ceny je <a href=\"https:\/\/legitgrams.com\/cs\/\">LegitGrams<\/a>. Na\u0161e pr\u00e9miov\u00e9 chemik\u00e1lie eBK lze zas\u00edlat do jak\u00e9koli zem\u011b na sv\u011bt\u011b, v\u010detn\u011b USA, Evropy, Austr\u00e1lie a Kanady. D\u00edky v\u00fdjime\u010dn\u00e9 kvalit\u011b na\u0161ich produkt\u016f jsme nejlep\u0161\u00ed ve v\u00fdrob\u011b a dod\u00e1vk\u00e1ch v\u00fdzkumn\u00fdch chemik\u00e1li\u00ed.<\/p>\n<p>Pokud jde o ochranu soukrom\u00ed na\u0161ich klient\u016f, d\u00e1v\u00e1me si velk\u00fd pozor a nikdy ned\u011bl\u00e1me kompromisy. P\u0159i ka\u017ed\u00e9 transakci pou\u017e\u00edv\u00e1me nejnov\u011bj\u0161\u00ed bezpe\u010dnostn\u00ed technologie. Udr\u017een\u00ed spokojenosti klienta je z\u00e1sadn\u00ed.<\/p>\n<p>k \u00fasp\u011bchu na\u0161eho podnik\u00e1n\u00ed. Kupte si EBK Crystal online, kter\u00fd p\u0159ed uveden\u00edm na trh proch\u00e1z\u00ed p\u0159\u00edsn\u00fdm procesem hodnocen\u00ed a testov\u00e1n\u00ed. \u010cistota a kvalita produkt\u016f jsou na\u0161imi hlavn\u00edmi c\u00edli a nikdy na nich ne\u0161et\u0159\u00edme.<\/p>\n<p>Pokud ano, pou\u017eijte n\u00e1\u0161 port\u00e1l z\u00e1kaznick\u00fdch slu\u017eeb a kontaktujte n\u00e1s, pokud m\u00e1te n\u011bjak\u00e9 dotazy nebo probl\u00e9my. Zavazujeme se odpov\u011bd\u011bt na va\u0161i ot\u00e1zku co nejd\u0159\u00edve. Skute\u010dn\u00e9 gramy<\/p>\n<p>Z r\u016fzn\u00fdch d\u016fvod\u016f, v\u010detn\u011b na\u0161eho odborn\u00e9ho balen\u00ed, rychl\u00e9ho odesl\u00e1n\u00ed a dostupnosti v\u0161ech mno\u017estv\u00ed produkt\u016f, si lid\u00e9 vyb\u00edraj\u00ed na\u0161i zna\u010dku p\u0159ed ostatn\u00edmi. Jakmile bude Va\u0161e platba p\u0159ijata, Va\u0161e objedn\u00e1vka bude schv\u00e1lena.<\/p>\n<h3>Z r\u016fzn\u00fdch d\u016fvod\u016f, v\u010detn\u011b na\u0161eho odborn\u00e9ho balen\u00ed, rychl\u00e9ho odesl\u00e1n\u00ed a dostupnosti v\u0161ech mno\u017estv\u00ed produkt\u016f, si lid\u00e9 vyb\u00edraj\u00ed na\u0161i zna\u010dku p\u0159ed ostatn\u00edmi. Jakmile bude Va\u0161e platba p\u0159ijata, Va\u0161e objedn\u00e1vka bude schv\u00e1lena.<\/h3>\n<p>Pot\u00e9, co jste se dozv\u011bd\u011bli v\u0161e, co je o krystalech EBK v\u011bd\u011bt, mo\u017en\u00e1 v\u00e1s zaj\u00edm\u00e1, kde je koupit. Dobrou zpr\u00e1vou je, \u017ee si je m\u016f\u017eete koupit online ze spolehliv\u00fdch str\u00e1nek, jako je obchod LegitGrams.com.<\/p>\n<p>M\u016f\u017eete si b\u00fdt jisti, \u017ee z\u00edsk\u00e1v\u00e1te nejvy\u0161\u0161\u00ed kvalitu, proto\u017ee p\u0159i n\u00e1kupu laboratorn\u00edch chemik\u00e1li\u00ed a krystal\u016f od n\u00e1s obchodujeme pouze s nejlep\u0161\u00edmi produkty a dobrou hodnotou. Jsme d\u016fv\u011bryhodn\u00fd a bezpe\u010dn\u00fd zdroj. Kde mohu z\u00edskat krystaly online od EBK?<\/p>\n<p>Nezapome\u0148te vyu\u017e\u00edt na\u0161ich aktu\u00e1ln\u00edch slev a v\u00fdprodej\u016f je\u0161t\u011b p\u0159ed odesl\u00e1n\u00edm objedn\u00e1vky! 5C-18.<\/p>\n<p>&nbsp;<\/p>","protected":false},"excerpt":{"rendered":"<p>For sale: EBK Crystal From Top Suppliers Purchase EBK Crystal online, the most well-known research material. The new entactogen-cathinone stimulant. Other names for N-ethylpentylone include ethylene, bk-EBDP, and k-EBDP. The synthetic cathinone Ethylone, also known as 3,4-methylenedioxy-N-ethylcathinone or \u03b2k-MDEA, is associated with EBK crystal. The stimulant and empathogenic qualities of this psychoactive drug are widely &hellip;<\/p>\n<p class=\"read-more\"> <a class=\"\" href=\"https:\/\/legitgrams.com\/cs\/produkt\/eb-bk\/\"> <span class=\"screen-reader-text\">EB-BK<\/span> \u010c\u00edst d\u00e1l \"<\/a><\/p>","protected":false},"featured_media":3633,"comment_status":"open","ping_status":"closed","template":"","meta":{"_uag_custom_page_level_css":"","site-sidebar-layout":"default","site-content-layout":"default","ast-global-header-display":"","ast-main-header-display":"","ast-hfb-above-header-display":"","ast-hfb-below-header-display":"","ast-hfb-mobile-header-display":"","site-post-title":"","ast-breadcrumbs-content":"","ast-featured-img":"","footer-sml-layout":"","theme-transparent-header-meta":"default","adv-header-id-meta":"","stick-header-meta":"default","header-above-stick-meta":"","header-main-stick-meta":"","header-below-stick-meta":"","_joinchat":[]},"product_brand":[],"product_cat":[190],"product_tag":[319,320,321,322,311,312,313,314,315,316,317,318],"class_list":{"0":"post-3304","1":"product","2":"type-product","3":"status-publish","4":"has-post-thumbnail","6":"product_cat-cannabinoids","7":"product_tag-eb-bk-cannabinoids","8":"product_tag-eb-bk-cannabinoids-for-sale","9":"product_tag-eb-bk-cannabinoids-reddit","10":"product_tag-eb-bk-chemical","11":"product_tag-eb-bk-powder-australia","12":"product_tag-eb-bk-powder-canada","13":"product_tag-eb-bk-powder-greece","14":"product_tag-eb-bk-powder-kuwait","15":"product_tag-eb-bk-powder-review","16":"product_tag-eb-bk-powder-spain","17":"product_tag-eb-bk-powder-uk","18":"product_tag-eb-bk-powder-usa","19":"desktop-align-left","20":"tablet-align-left","21":"mobile-align-left","22":"ast-product-gallery-layout-horizontal","23":"ast-product-gallery-with-no-image","24":"ast-product-single-variable","25":"ast-product-tabs-layout-horizontal","26":"ast-qv-on-image","28":"first","29":"instock","30":"shipping-taxable","31":"purchasable","32":"product-type-variable"},"yoast_head":"<!-- This site is optimized with the Yoast SEO plugin v25.9 - https:\/\/yoast.com\/wordpress\/plugins\/seo\/ -->\n<title>EB-BK for Sale Online - Buy EB-BK with Fastest Shipping<\/title>\n<meta name=\"description\" content=\"Your order for EB-BK for sale is our responsibility. We will take your request to buy EB-BKonline into consideration and reach you in a short period. Place bulk orders now!\" \/>\n<meta name=\"robots\" content=\"index, follow, max-snippet:-1, max-image-preview:large, max-video-preview:-1\" \/>\n<link rel=\"canonical\" href=\"https:\/\/legitgrams.com\/cs\/produkt\/eb-bk\/\" \/>\n<meta property=\"og:locale\" content=\"cs_CZ\" \/>\n<meta property=\"og:type\" content=\"article\" \/>\n<meta property=\"og:title\" content=\"EB-BK for Sale Online - Buy EB-BK with Fastest Shipping\" \/>\n<meta property=\"og:description\" content=\"Your order for EB-BK for sale is our responsibility. We will take your request to buy EB-BKonline into consideration and reach you in a short period. Place bulk orders now!\" \/>\n<meta property=\"og:url\" content=\"https:\/\/legitgrams.com\/cs\/produkt\/eb-bk\/\" \/>\n<meta property=\"og:site_name\" content=\"Legit Grams\" \/>\n<meta property=\"article:modified_time\" content=\"2025-01-14T04:14:23+00:00\" \/>\n<meta property=\"og:image\" content=\"https:\/\/legitgrams.com\/wp-content\/uploads\/2024\/08\/EBK-Crysta.jpg\" \/>\n\t<meta property=\"og:image:width\" content=\"1055\" \/>\n\t<meta property=\"og:image:height\" content=\"1266\" \/>\n\t<meta property=\"og:image:type\" content=\"image\/jpeg\" \/>\n<meta name=\"twitter:card\" content=\"summary_large_image\" \/>\n<meta name=\"twitter:label1\" content=\"Odhadovan\u00e1 doba \u010dten\u00ed\" \/>\n\t<meta name=\"twitter:data1\" content=\"4 minuty\" \/>\n<script type=\"application\/ld+json\" class=\"yoast-schema-graph\">{\"@context\":\"https:\/\/schema.org\",\"@graph\":[{\"@type\":\"WebPage\",\"@id\":\"https:\/\/legitgrams.com\/product\/eb-bk\/\",\"url\":\"https:\/\/legitgrams.com\/product\/eb-bk\/\",\"name\":\"EB-BK for Sale Online - Buy EB-BK with Fastest Shipping\",\"isPartOf\":{\"@id\":\"https:\/\/legitgrams.com\/#website\"},\"primaryImageOfPage\":{\"@id\":\"https:\/\/legitgrams.com\/product\/eb-bk\/#primaryimage\"},\"image\":{\"@id\":\"https:\/\/legitgrams.com\/product\/eb-bk\/#primaryimage\"},\"thumbnailUrl\":\"https:\/\/legitgrams.com\/wp-content\/uploads\/2024\/08\/EBK-Crysta.jpg\",\"datePublished\":\"2024-08-03T05:48:50+00:00\",\"dateModified\":\"2025-01-14T04:14:23+00:00\",\"description\":\"Your order for EB-BK for sale is our responsibility. We will take your request to buy EB-BKonline into consideration and reach you in a short period. Place bulk orders now!\",\"breadcrumb\":{\"@id\":\"https:\/\/legitgrams.com\/product\/eb-bk\/#breadcrumb\"},\"inLanguage\":\"cs\",\"potentialAction\":[{\"@type\":\"ReadAction\",\"target\":[\"https:\/\/legitgrams.com\/product\/eb-bk\/\"]}]},{\"@type\":\"ImageObject\",\"inLanguage\":\"cs\",\"@id\":\"https:\/\/legitgrams.com\/product\/eb-bk\/#primaryimage\",\"url\":\"https:\/\/legitgrams.com\/wp-content\/uploads\/2024\/08\/EBK-Crysta.jpg\",\"contentUrl\":\"https:\/\/legitgrams.com\/wp-content\/uploads\/2024\/08\/EBK-Crysta.jpg\",\"width\":1055,\"height\":1266,\"caption\":\"EBK Crystal for sale\"},{\"@type\":\"BreadcrumbList\",\"@id\":\"https:\/\/legitgrams.com\/product\/eb-bk\/#breadcrumb\",\"itemListElement\":[{\"@type\":\"ListItem\",\"position\":1,\"name\":\"Home\",\"item\":\"https:\/\/legitgrams.com\/\"},{\"@type\":\"ListItem\",\"position\":2,\"name\":\"Shop\",\"item\":\"https:\/\/legitgrams.com\/shop\/\"},{\"@type\":\"ListItem\",\"position\":3,\"name\":\"EB-BK\"}]},{\"@type\":\"WebSite\",\"@id\":\"https:\/\/legitgrams.com\/#website\",\"url\":\"https:\/\/legitgrams.com\/\",\"name\":\"Legit Grams\",\"description\":\"My WordPress Blog\",\"publisher\":{\"@id\":\"https:\/\/legitgrams.com\/#organization\"},\"potentialAction\":[{\"@type\":\"SearchAction\",\"target\":{\"@type\":\"EntryPoint\",\"urlTemplate\":\"https:\/\/legitgrams.com\/?s={search_term_string}\"},\"query-input\":{\"@type\":\"PropertyValueSpecification\",\"valueRequired\":true,\"valueName\":\"search_term_string\"}}],\"inLanguage\":\"cs\"},{\"@type\":\"Organization\",\"@id\":\"https:\/\/legitgrams.com\/#organization\",\"name\":\"Legit Grams\",\"url\":\"https:\/\/legitgrams.com\/\",\"logo\":{\"@type\":\"ImageObject\",\"inLanguage\":\"cs\",\"@id\":\"https:\/\/legitgrams.com\/#\/schema\/logo\/image\/\",\"url\":\"https:\/\/legitgrams.com\/wp-content\/uploads\/2024\/09\/main-logo.png\",\"contentUrl\":\"https:\/\/legitgrams.com\/wp-content\/uploads\/2024\/09\/main-logo.png\",\"width\":270,\"height\":75,\"caption\":\"Legit Grams\"},\"image\":{\"@id\":\"https:\/\/legitgrams.com\/#\/schema\/logo\/image\/\"}}]}<\/script>\n<!-- \/ Yoast SEO plugin. -->","yoast_head_json":{"title":"EB-BK na prodej online - Kupte si EB-BK s nejrychlej\u0161\u00ed dopravou","description":"Za va\u0161i objedn\u00e1vku EB-BK na prodej neseme odpov\u011bdnost. Va\u0161i \u017e\u00e1dost o koupi EB-BKonline vezmeme v \u00favahu a v kr\u00e1tk\u00e9 dob\u011b se k v\u00e1m dostaneme. Objedn\u00e1vejte hromadn\u011b nyn\u00ed!","robots":{"index":"index","follow":"follow","max-snippet":"max-snippet:-1","max-image-preview":"max-image-preview:large","max-video-preview":"max-video-preview:-1"},"canonical":"https:\/\/legitgrams.com\/cs\/produkt\/eb-bk\/","og_locale":"cs_CZ","og_type":"article","og_title":"EB-BK for Sale Online - Buy EB-BK with Fastest Shipping","og_description":"Your order for EB-BK for sale is our responsibility. We will take your request to buy EB-BKonline into consideration and reach you in a short period. Place bulk orders now!","og_url":"https:\/\/legitgrams.com\/cs\/produkt\/eb-bk\/","og_site_name":"Legit Grams","article_modified_time":"2025-01-14T04:14:23+00:00","og_image":[{"width":1055,"height":1266,"url":"https:\/\/legitgrams.com\/wp-content\/uploads\/2024\/08\/EBK-Crysta.jpg","type":"image\/jpeg"}],"twitter_card":"summary_large_image","twitter_misc":{"Odhadovan\u00e1 doba \u010dten\u00ed":"4 minuty"},"schema":{"@context":"https:\/\/schema.org","@graph":[{"@type":"WebPage","@id":"https:\/\/legitgrams.com\/product\/eb-bk\/","url":"https:\/\/legitgrams.com\/product\/eb-bk\/","name":"EB-BK na prodej online - Kupte si EB-BK s nejrychlej\u0161\u00ed dopravou","isPartOf":{"@id":"https:\/\/legitgrams.com\/#website"},"primaryImageOfPage":{"@id":"https:\/\/legitgrams.com\/product\/eb-bk\/#primaryimage"},"image":{"@id":"https:\/\/legitgrams.com\/product\/eb-bk\/#primaryimage"},"thumbnailUrl":"https:\/\/legitgrams.com\/wp-content\/uploads\/2024\/08\/EBK-Crysta.jpg","datePublished":"2024-08-03T05:48:50+00:00","dateModified":"2025-01-14T04:14:23+00:00","description":"Za va\u0161i objedn\u00e1vku EB-BK na prodej neseme odpov\u011bdnost. Va\u0161i \u017e\u00e1dost o koupi EB-BKonline vezmeme v \u00favahu a v kr\u00e1tk\u00e9 dob\u011b se k v\u00e1m dostaneme. Objedn\u00e1vejte hromadn\u011b nyn\u00ed!","breadcrumb":{"@id":"https:\/\/legitgrams.com\/product\/eb-bk\/#breadcrumb"},"inLanguage":"cs","potentialAction":[{"@type":"ReadAction","target":["https:\/\/legitgrams.com\/product\/eb-bk\/"]}]},{"@type":"ImageObject","inLanguage":"cs","@id":"https:\/\/legitgrams.com\/product\/eb-bk\/#primaryimage","url":"https:\/\/legitgrams.com\/wp-content\/uploads\/2024\/08\/EBK-Crysta.jpg","contentUrl":"https:\/\/legitgrams.com\/wp-content\/uploads\/2024\/08\/EBK-Crysta.jpg","width":1055,"height":1266,"caption":"EBK Crystal for sale"},{"@type":"BreadcrumbList","@id":"https:\/\/legitgrams.com\/product\/eb-bk\/#breadcrumb","itemListElement":[{"@type":"ListItem","position":1,"name":"Home","item":"https:\/\/legitgrams.com\/"},{"@type":"ListItem","position":2,"name":"Shop","item":"https:\/\/legitgrams.com\/shop\/"},{"@type":"ListItem","position":3,"name":"EB-BK"}]},{"@type":"WebSite","@id":"https:\/\/legitgrams.com\/#website","url":"https:\/\/legitgrams.com\/","name":"Leg\u00e1ln\u00ed gramy","description":"M\u016fj blog WordPress","publisher":{"@id":"https:\/\/legitgrams.com\/#organization"},"potentialAction":[{"@type":"SearchAction","target":{"@type":"EntryPoint","urlTemplate":"https:\/\/legitgrams.com\/?s={search_term_string}"},"query-input":{"@type":"PropertyValueSpecification","valueRequired":true,"valueName":"search_term_string"}}],"inLanguage":"cs"},{"@type":"Organization","@id":"https:\/\/legitgrams.com\/#organization","name":"Leg\u00e1ln\u00ed gramy","url":"https:\/\/legitgrams.com\/","logo":{"@type":"ImageObject","inLanguage":"cs","@id":"https:\/\/legitgrams.com\/#\/schema\/logo\/image\/","url":"https:\/\/legitgrams.com\/wp-content\/uploads\/2024\/09\/main-logo.png","contentUrl":"https:\/\/legitgrams.com\/wp-content\/uploads\/2024\/09\/main-logo.png","width":270,"height":75,"caption":"Legit Grams"},"image":{"@id":"https:\/\/legitgrams.com\/#\/schema\/logo\/image\/"}}]}},"uagb_featured_image_src":{"full":["https:\/\/legitgrams.com\/wp-content\/uploads\/2024\/08\/EBK-Crysta.jpg",1055,1266,false],"thumbnail":["https:\/\/legitgrams.com\/wp-content\/uploads\/2024\/08\/EBK-Crysta-150x150.jpg",150,150,true],"medium":["https:\/\/legitgrams.com\/wp-content\/uploads\/2024\/08\/EBK-Crysta-250x300.jpg",250,300,true],"medium_large":["https:\/\/legitgrams.com\/wp-content\/uploads\/2024\/08\/EBK-Crysta-768x922.jpg",768,922,true],"large":["https:\/\/legitgrams.com\/wp-content\/uploads\/2024\/08\/EBK-Crysta-853x1024.jpg",853,1024,true],"1536x1536":["https:\/\/legitgrams.com\/wp-content\/uploads\/2024\/08\/EBK-Crysta.jpg",1055,1266,false],"2048x2048":["https:\/\/legitgrams.com\/wp-content\/uploads\/2024\/08\/EBK-Crysta.jpg",1055,1266,false],"trp-custom-language-flag":["https:\/\/legitgrams.com\/wp-content\/uploads\/2024\/08\/EBK-Crysta-10x12.jpg",10,12,true],"woocommerce_thumbnail":["https:\/\/legitgrams.com\/wp-content\/uploads\/2024\/08\/EBK-Crysta-300x300.jpg",300,300,true],"woocommerce_single":["https:\/\/legitgrams.com\/wp-content\/uploads\/2024\/08\/EBK-Crysta-600x720.jpg",600,720,true],"woocommerce_gallery_thumbnail":["https:\/\/legitgrams.com\/wp-content\/uploads\/2024\/08\/EBK-Crysta-100x100.jpg",100,100,true]},"uagb_author_info":{"display_name":"cokeblog18","author_link":"https:\/\/legitgrams.com\/cs\/author\/"},"uagb_comment_info":0,"uagb_excerpt":"For sale: EBK Crystal From Top Suppliers Purchase EBK Crystal online, the most well-known research material. The new entactogen-cathinone stimulant. Other names for N-ethylpentylone include ethylene, bk-EBDP, and k-EBDP. The synthetic cathinone Ethylone, also known as 3,4-methylenedioxy-N-ethylcathinone or \u03b2k-MDEA, is associated with EBK crystal. The stimulant and empathogenic qualities of this psychoactive drug are widely&hellip;","_links":{"self":[{"href":"https:\/\/legitgrams.com\/cs\/wp-json\/wp\/v2\/product\/3304","targetHints":{"allow":["GET"]}}],"collection":[{"href":"https:\/\/legitgrams.com\/cs\/wp-json\/wp\/v2\/product"}],"about":[{"href":"https:\/\/legitgrams.com\/cs\/wp-json\/wp\/v2\/types\/product"}],"replies":[{"embeddable":true,"href":"https:\/\/legitgrams.com\/cs\/wp-json\/wp\/v2\/comments?post=3304"}],"wp:featuredmedia":[{"embeddable":true,"href":"https:\/\/legitgrams.com\/cs\/wp-json\/wp\/v2\/media\/3633"}],"wp:attachment":[{"href":"https:\/\/legitgrams.com\/cs\/wp-json\/wp\/v2\/media?parent=3304"}],"wp:term":[{"taxonomy":"product_brand","embeddable":true,"href":"https:\/\/legitgrams.com\/cs\/wp-json\/wp\/v2\/product_brand?post=3304"},{"taxonomy":"product_cat","embeddable":true,"href":"https:\/\/legitgrams.com\/cs\/wp-json\/wp\/v2\/product_cat?post=3304"},{"taxonomy":"product_tag","embeddable":true,"href":"https:\/\/legitgrams.com\/cs\/wp-json\/wp\/v2\/product_tag?post=3304"}],"curies":[{"name":"wp","href":"https:\/\/api.w.org\/{rel}","templated":true}]}}