{"id":3305,"date":"2024-08-03T05:48:54","date_gmt":"2024-08-03T05:48:54","guid":{"rendered":"https:\/\/cokebricks.com\/?post_type=product&#038;p=3305"},"modified":"2025-01-13T10:13:56","modified_gmt":"2025-01-13T10:13:56","slug":"bmdp","status":"publish","type":"product","link":"https:\/\/legitgrams.com\/cs\/produkt\/bmdp\/","title":{"rendered":"BMDP"},"content":{"rendered":"<h2>Na prodej: BMDP pr\u00e1\u0161ek<\/h2>\n<p>Substituovan\u00fd katinon se strukturou podobnou methylonu se naz\u00fdv\u00e1 BMDP. P\u0159id\u00e1n\u00ed fenylov\u00e9 rodiny k aminomethylov\u00e9 skupin\u011b <a href=\"https:\/\/legitgrams.com\/cs\/produkt\/bmdp\/\">BMDP<\/a> molekula v\u00fdrazn\u011b sni\u017euje jej\u00ed rozpustnost v kapaln\u00fdch roztoc\u00edch. V sou\u010dasn\u00e9 dob\u011b nejsou k dispozici \u017e\u00e1dn\u00e9 informace o fyziologick\u00fdch a toxikologick\u00fdch vlastnostech BMDP. BMDP je ur\u010deno pouze pro pou\u017eit\u00ed p\u0159i forenzn\u00edch vy\u0161et\u0159ov\u00e1n\u00edch a aplikac\u00edch.<\/p>\n<p>Prvn\u00ed [amino (fenylmethyl)] je ofici\u00e1ln\u00ed n\u00e1zev. 2,3-(1,3-benzodioxol-5-yl)monohydrochlorid 1,3-propanonu<\/p>\n<p>Alternativn\u00ed term\u00edny pro: BMDP<\/p>\n<p>Hmotnost ve vzorci: 319,8<\/p>\n<p>99% \u010dist\u00fd<\/p>\n<h3>Formulace: Pevn\u00e1 l\u00e1tka obsahuj\u00edc\u00ed krystaly<\/h3>\n<p>N\u011bkter\u00e9 stimulanty a entaktogeny jsou p\u0159\u00edklady substituovan\u00fdch kathinon\u016f, kter\u00e9 se vyr\u00e1b\u011bj\u00ed z katinonu. Krom\u011b jin\u00fdch substituc\u00ed maj\u00ed fenetylaminov\u00e9 j\u00e1dro s ketonovou skupinou nav\u00e1zanou na beta uhl\u00edk a alkylovou skupinou nav\u00e1zanou na alfa uhl\u00edku. Rostlina khat, kter\u00e1 ze sv\u00fdch list\u016f vyr\u00e1b\u00ed pr\u00e1\u0161ek BMDP, je substituovan\u00fd katinon, kter\u00fd svou strukturou p\u0159ipom\u00edn\u00e1 methylon. P\u0159id\u00e1n\u00edm fenylov\u00e9 skupiny k aminomethylov\u00e9 skupin\u011b molekuly pr\u00e1\u0161ku BMDP se v\u00fdrazn\u011b sn\u00ed\u017e\u00ed rozpustnost molekuly v kapaln\u00fdch roztoc\u00edch. V\u011bt\u0161ina z <a href=\"https:\/\/en.wikipedia.org\/wiki\/BMDP\">BMDP<\/a> Fyziologick\u00e9 a toxikologick\u00e9 vlastnosti pr\u00e1\u0161ku nejsou v sou\u010dasn\u00e9 dob\u011b zn\u00e1my. Pr\u00e1\u0161ek BMDP se pou\u017e\u00edv\u00e1 pouze ve v\u011bdeck\u00fdch a forenzn\u00edch podm\u00ednk\u00e1ch. <a href=\"https:\/\/legitgrams.com\/cs\/\">LegitGrams<\/a><\/p>\n<h3>Co je BDMP?<\/h3>\n<p>Chemick\u00fd v\u00fdzkum BMDP pat\u0159\u00ed do t\u0159\u00eddy syntetick\u00fdch kathinon\u016f. Tato v\u00fdzkumn\u00e1 chemik\u00e1lie je velmi podobn\u00e1 methylonu. V sou\u010dasn\u00e9 dob\u011b je k dispozici m\u00e1lo testovac\u00edch zpr\u00e1v a experiment\u00e1ln\u00edch dat pro BDMP, proto\u017ee jde o relativn\u011b novou v\u00fdzkumnou slou\u010deninu. Nicm\u00e9n\u011b, podle prvn\u00edch zpr\u00e1v, experiment p\u0159inesl v\u00fdsledky, jako je zv\u00fd\u0161en\u00e1 empatie, motivace, disinhibice, sn\u00ed\u017een\u00ed \u00fazkosti, rychlej\u0161\u00ed ment\u00e1ln\u00ed zpracov\u00e1n\u00ed, spont\u00e1nn\u00ed fyzick\u00e9 vjemy, hmatov\u00e9 vylep\u0161en\u00ed a lep\u0161\u00ed porozum\u011bn\u00ed hudb\u011b. P\u0159i prov\u00e1d\u011bn\u00ed studi\u00ed BDMP v\u017edy pou\u017e\u00edvejte ochrann\u00e9 br\u00fdle a dodr\u017eujte spr\u00e1vn\u00e9 laboratorn\u00ed bezpe\u010dnostn\u00ed postupy. Nepou\u017e\u00edvejte ho p\u0159\u00edli\u0161 mnoho kv\u016fli jeho obrovsk\u00e9 s\u00edle.<\/p>","protected":false},"excerpt":{"rendered":"<p>For Sale: BMDP Powder A substituted cathinone with structural similarities to methylone is called BMDP. The addition of a phenyl family to the aminomethyl group of the BMDP molecule significantly reduces its solubility in liquid solutions. There is currently no information available regarding the physiological and toxicological properties of BMDP. BMDP is only intended for &hellip;<\/p>\n<p class=\"read-more\"> <a class=\"\" href=\"https:\/\/legitgrams.com\/cs\/produkt\/bmdp\/\"> <span class=\"screen-reader-text\">BMDP<\/span> \u010c\u00edst d\u00e1l \"<\/a><\/p>","protected":false},"featured_media":3319,"comment_status":"open","ping_status":"closed","template":"","meta":{"_uag_custom_page_level_css":"","site-sidebar-layout":"default","site-content-layout":"default","ast-global-header-display":"","ast-main-header-display":"","ast-hfb-above-header-display":"","ast-hfb-below-header-display":"","ast-hfb-mobile-header-display":"","site-post-title":"","ast-breadcrumbs-content":"","ast-featured-img":"","footer-sml-layout":"","theme-transparent-header-meta":"default","adv-header-id-meta":"","stick-header-meta":"default","header-above-stick-meta":"","header-main-stick-meta":"","header-below-stick-meta":"","_joinchat":[]},"product_brand":[],"product_cat":[190],"product_tag":[307,308,309,310,299,300,301,302,303,304,305,306],"class_list":{"0":"post-3305","1":"product","2":"type-product","3":"status-publish","4":"has-post-thumbnail","6":"product_cat-cannabinoids","7":"product_tag-bmdp-cannabinoids","8":"product_tag-bmdp-cannabinoids-for-sale","9":"product_tag-bmdp-cannabinoids-reddit","10":"product_tag-bmdp-chemical","11":"product_tag-bmdp-powder-australia","12":"product_tag-bmdp-powder-canada","13":"product_tag-bmdp-powder-greece","14":"product_tag-bmdp-powder-kuwait","15":"product_tag-bmdp-powder-review","16":"product_tag-bmdp-powder-spain","17":"product_tag-bmdp-powder-uk","18":"product_tag-bmdp-powder-usa","19":"desktop-align-left","20":"tablet-align-left","21":"mobile-align-left","22":"ast-product-gallery-layout-horizontal","23":"ast-product-gallery-with-no-image","24":"ast-product-single-variable","25":"ast-product-tabs-layout-horizontal","26":"ast-qv-on-image","28":"first","29":"instock","30":"shipping-taxable","31":"purchasable","32":"product-type-variable"},"yoast_head":"<!-- This site is optimized with the Yoast SEO plugin v25.9 - https:\/\/yoast.com\/wordpress\/plugins\/seo\/ -->\n<title>BMDP for Sale Online - Buy BMDP Powder with Discreet Shipping<\/title>\n<meta name=\"description\" content=\"Get BMDP for sale online from our Legitgrams at affordable rates. Our team will help you buy BMDP powder online. Order Today with fast and secure delivery service!\" \/>\n<meta name=\"robots\" content=\"index, follow, max-snippet:-1, max-image-preview:large, max-video-preview:-1\" \/>\n<link rel=\"canonical\" href=\"https:\/\/legitgrams.com\/cs\/produkt\/bmdp\/\" \/>\n<meta property=\"og:locale\" content=\"cs_CZ\" \/>\n<meta property=\"og:type\" content=\"article\" \/>\n<meta property=\"og:title\" content=\"BMDP for Sale Online - Buy BMDP Powder with Discreet Shipping\" \/>\n<meta property=\"og:description\" content=\"Get BMDP for sale online from our Legitgrams at affordable rates. Our team will help you buy BMDP powder online. Order Today with fast and secure delivery service!\" \/>\n<meta property=\"og:url\" content=\"https:\/\/legitgrams.com\/cs\/produkt\/bmdp\/\" \/>\n<meta property=\"og:site_name\" content=\"Legit Grams\" \/>\n<meta property=\"article:modified_time\" content=\"2025-01-13T10:13:56+00:00\" \/>\n<meta property=\"og:image\" content=\"https:\/\/legitgrams.com\/wp-content\/uploads\/2024\/08\/BMDP.gif\" \/>\n\t<meta property=\"og:image:width\" content=\"600\" \/>\n\t<meta property=\"og:image:height\" content=\"600\" \/>\n\t<meta property=\"og:image:type\" content=\"image\/gif\" \/>\n<meta name=\"twitter:card\" content=\"summary_large_image\" \/>\n<meta name=\"twitter:label1\" content=\"Odhadovan\u00e1 doba \u010dten\u00ed\" \/>\n\t<meta name=\"twitter:data1\" content=\"2 minuty\" \/>\n<script type=\"application\/ld+json\" class=\"yoast-schema-graph\">{\"@context\":\"https:\/\/schema.org\",\"@graph\":[{\"@type\":\"WebPage\",\"@id\":\"https:\/\/legitgrams.com\/product\/bmdp\/\",\"url\":\"https:\/\/legitgrams.com\/product\/bmdp\/\",\"name\":\"BMDP for Sale Online - Buy BMDP Powder with Discreet Shipping\",\"isPartOf\":{\"@id\":\"https:\/\/legitgrams.com\/#website\"},\"primaryImageOfPage\":{\"@id\":\"https:\/\/legitgrams.com\/product\/bmdp\/#primaryimage\"},\"image\":{\"@id\":\"https:\/\/legitgrams.com\/product\/bmdp\/#primaryimage\"},\"thumbnailUrl\":\"https:\/\/legitgrams.com\/wp-content\/uploads\/2024\/08\/BMDP.gif\",\"datePublished\":\"2024-08-03T05:48:54+00:00\",\"dateModified\":\"2025-01-13T10:13:56+00:00\",\"description\":\"Get BMDP for sale online from our Legitgrams at affordable rates. Our team will help you buy BMDP powder online. Order Today with fast and secure delivery service!\",\"breadcrumb\":{\"@id\":\"https:\/\/legitgrams.com\/product\/bmdp\/#breadcrumb\"},\"inLanguage\":\"cs\",\"potentialAction\":[{\"@type\":\"ReadAction\",\"target\":[\"https:\/\/legitgrams.com\/product\/bmdp\/\"]}]},{\"@type\":\"ImageObject\",\"inLanguage\":\"cs\",\"@id\":\"https:\/\/legitgrams.com\/product\/bmdp\/#primaryimage\",\"url\":\"https:\/\/legitgrams.com\/wp-content\/uploads\/2024\/08\/BMDP.gif\",\"contentUrl\":\"https:\/\/legitgrams.com\/wp-content\/uploads\/2024\/08\/BMDP.gif\",\"width\":600,\"height\":600,\"caption\":\"BMDP for Sale\"},{\"@type\":\"BreadcrumbList\",\"@id\":\"https:\/\/legitgrams.com\/product\/bmdp\/#breadcrumb\",\"itemListElement\":[{\"@type\":\"ListItem\",\"position\":1,\"name\":\"Home\",\"item\":\"https:\/\/legitgrams.com\/\"},{\"@type\":\"ListItem\",\"position\":2,\"name\":\"Shop\",\"item\":\"https:\/\/legitgrams.com\/shop\/\"},{\"@type\":\"ListItem\",\"position\":3,\"name\":\"BMDP\"}]},{\"@type\":\"WebSite\",\"@id\":\"https:\/\/legitgrams.com\/#website\",\"url\":\"https:\/\/legitgrams.com\/\",\"name\":\"Legit Grams\",\"description\":\"My WordPress Blog\",\"publisher\":{\"@id\":\"https:\/\/legitgrams.com\/#organization\"},\"potentialAction\":[{\"@type\":\"SearchAction\",\"target\":{\"@type\":\"EntryPoint\",\"urlTemplate\":\"https:\/\/legitgrams.com\/?s={search_term_string}\"},\"query-input\":{\"@type\":\"PropertyValueSpecification\",\"valueRequired\":true,\"valueName\":\"search_term_string\"}}],\"inLanguage\":\"cs\"},{\"@type\":\"Organization\",\"@id\":\"https:\/\/legitgrams.com\/#organization\",\"name\":\"Legit Grams\",\"url\":\"https:\/\/legitgrams.com\/\",\"logo\":{\"@type\":\"ImageObject\",\"inLanguage\":\"cs\",\"@id\":\"https:\/\/legitgrams.com\/#\/schema\/logo\/image\/\",\"url\":\"https:\/\/legitgrams.com\/wp-content\/uploads\/2024\/09\/main-logo.png\",\"contentUrl\":\"https:\/\/legitgrams.com\/wp-content\/uploads\/2024\/09\/main-logo.png\",\"width\":270,\"height\":75,\"caption\":\"Legit Grams\"},\"image\":{\"@id\":\"https:\/\/legitgrams.com\/#\/schema\/logo\/image\/\"}}]}<\/script>\n<!-- \/ Yoast SEO plugin. -->","yoast_head_json":{"title":"BMDP na prodej online - Koupit BMDP pr\u00e1\u0161ek s diskr\u00e9tn\u00ed dopravou","description":"Z\u00edskejte BMDP na prodej online z na\u0161ich Legitgrams za p\u0159ijateln\u00e9 ceny. N\u00e1\u0161 t\u00fdm v\u00e1m pom\u016f\u017ee koupit BMDP pr\u00e1\u0161ek online. Objednejte si dnes s rychlou a bezpe\u010dnou dodac\u00ed slu\u017ebou!","robots":{"index":"index","follow":"follow","max-snippet":"max-snippet:-1","max-image-preview":"max-image-preview:large","max-video-preview":"max-video-preview:-1"},"canonical":"https:\/\/legitgrams.com\/cs\/produkt\/bmdp\/","og_locale":"cs_CZ","og_type":"article","og_title":"BMDP for Sale Online - Buy BMDP Powder with Discreet Shipping","og_description":"Get BMDP for sale online from our Legitgrams at affordable rates. Our team will help you buy BMDP powder online. Order Today with fast and secure delivery service!","og_url":"https:\/\/legitgrams.com\/cs\/produkt\/bmdp\/","og_site_name":"Legit Grams","article_modified_time":"2025-01-13T10:13:56+00:00","og_image":[{"width":600,"height":600,"url":"https:\/\/legitgrams.com\/wp-content\/uploads\/2024\/08\/BMDP.gif","type":"image\/gif"}],"twitter_card":"summary_large_image","twitter_misc":{"Odhadovan\u00e1 doba \u010dten\u00ed":"2 minuty"},"schema":{"@context":"https:\/\/schema.org","@graph":[{"@type":"WebPage","@id":"https:\/\/legitgrams.com\/product\/bmdp\/","url":"https:\/\/legitgrams.com\/product\/bmdp\/","name":"BMDP na prodej online - Koupit BMDP pr\u00e1\u0161ek s diskr\u00e9tn\u00ed dopravou","isPartOf":{"@id":"https:\/\/legitgrams.com\/#website"},"primaryImageOfPage":{"@id":"https:\/\/legitgrams.com\/product\/bmdp\/#primaryimage"},"image":{"@id":"https:\/\/legitgrams.com\/product\/bmdp\/#primaryimage"},"thumbnailUrl":"https:\/\/legitgrams.com\/wp-content\/uploads\/2024\/08\/BMDP.gif","datePublished":"2024-08-03T05:48:54+00:00","dateModified":"2025-01-13T10:13:56+00:00","description":"Z\u00edskejte BMDP na prodej online z na\u0161ich Legitgrams za p\u0159ijateln\u00e9 ceny. N\u00e1\u0161 t\u00fdm v\u00e1m pom\u016f\u017ee koupit BMDP pr\u00e1\u0161ek online. Objednejte si dnes s rychlou a bezpe\u010dnou dodac\u00ed slu\u017ebou!","breadcrumb":{"@id":"https:\/\/legitgrams.com\/product\/bmdp\/#breadcrumb"},"inLanguage":"cs","potentialAction":[{"@type":"ReadAction","target":["https:\/\/legitgrams.com\/product\/bmdp\/"]}]},{"@type":"ImageObject","inLanguage":"cs","@id":"https:\/\/legitgrams.com\/product\/bmdp\/#primaryimage","url":"https:\/\/legitgrams.com\/wp-content\/uploads\/2024\/08\/BMDP.gif","contentUrl":"https:\/\/legitgrams.com\/wp-content\/uploads\/2024\/08\/BMDP.gif","width":600,"height":600,"caption":"BMDP for Sale"},{"@type":"BreadcrumbList","@id":"https:\/\/legitgrams.com\/product\/bmdp\/#breadcrumb","itemListElement":[{"@type":"ListItem","position":1,"name":"Home","item":"https:\/\/legitgrams.com\/"},{"@type":"ListItem","position":2,"name":"Shop","item":"https:\/\/legitgrams.com\/shop\/"},{"@type":"ListItem","position":3,"name":"BMDP"}]},{"@type":"WebSite","@id":"https:\/\/legitgrams.com\/#website","url":"https:\/\/legitgrams.com\/","name":"Leg\u00e1ln\u00ed gramy","description":"M\u016fj blog WordPress","publisher":{"@id":"https:\/\/legitgrams.com\/#organization"},"potentialAction":[{"@type":"SearchAction","target":{"@type":"EntryPoint","urlTemplate":"https:\/\/legitgrams.com\/?s={search_term_string}"},"query-input":{"@type":"PropertyValueSpecification","valueRequired":true,"valueName":"search_term_string"}}],"inLanguage":"cs"},{"@type":"Organization","@id":"https:\/\/legitgrams.com\/#organization","name":"Leg\u00e1ln\u00ed gramy","url":"https:\/\/legitgrams.com\/","logo":{"@type":"ImageObject","inLanguage":"cs","@id":"https:\/\/legitgrams.com\/#\/schema\/logo\/image\/","url":"https:\/\/legitgrams.com\/wp-content\/uploads\/2024\/09\/main-logo.png","contentUrl":"https:\/\/legitgrams.com\/wp-content\/uploads\/2024\/09\/main-logo.png","width":270,"height":75,"caption":"Legit Grams"},"image":{"@id":"https:\/\/legitgrams.com\/#\/schema\/logo\/image\/"}}]}},"uagb_featured_image_src":{"full":["https:\/\/legitgrams.com\/wp-content\/uploads\/2024\/08\/BMDP.gif",600,600,false],"thumbnail":["https:\/\/legitgrams.com\/wp-content\/uploads\/2024\/08\/BMDP-150x150.gif",150,150,true],"medium":["https:\/\/legitgrams.com\/wp-content\/uploads\/2024\/08\/BMDP-300x300.gif",300,300,true],"medium_large":["https:\/\/legitgrams.com\/wp-content\/uploads\/2024\/08\/BMDP.gif",600,600,false],"large":["https:\/\/legitgrams.com\/wp-content\/uploads\/2024\/08\/BMDP.gif",600,600,false],"1536x1536":["https:\/\/legitgrams.com\/wp-content\/uploads\/2024\/08\/BMDP.gif",600,600,false],"2048x2048":["https:\/\/legitgrams.com\/wp-content\/uploads\/2024\/08\/BMDP.gif",600,600,false],"trp-custom-language-flag":["https:\/\/legitgrams.com\/wp-content\/uploads\/2024\/08\/BMDP-12x12.gif",12,12,true],"woocommerce_thumbnail":["https:\/\/legitgrams.com\/wp-content\/uploads\/2024\/08\/BMDP-300x300.gif",300,300,true],"woocommerce_single":["https:\/\/legitgrams.com\/wp-content\/uploads\/2024\/08\/BMDP.gif",600,600,false],"woocommerce_gallery_thumbnail":["https:\/\/legitgrams.com\/wp-content\/uploads\/2024\/08\/BMDP-100x100.gif",100,100,true]},"uagb_author_info":{"display_name":"cokeblog18","author_link":"https:\/\/legitgrams.com\/cs\/author\/"},"uagb_comment_info":0,"uagb_excerpt":"For Sale: BMDP Powder A substituted cathinone with structural similarities to methylone is called BMDP. The addition of a phenyl family to the aminomethyl group of the BMDP molecule significantly reduces its solubility in liquid solutions. There is currently no information available regarding the physiological and toxicological properties of BMDP. BMDP is only intended for&hellip;","_links":{"self":[{"href":"https:\/\/legitgrams.com\/cs\/wp-json\/wp\/v2\/product\/3305","targetHints":{"allow":["GET"]}}],"collection":[{"href":"https:\/\/legitgrams.com\/cs\/wp-json\/wp\/v2\/product"}],"about":[{"href":"https:\/\/legitgrams.com\/cs\/wp-json\/wp\/v2\/types\/product"}],"replies":[{"embeddable":true,"href":"https:\/\/legitgrams.com\/cs\/wp-json\/wp\/v2\/comments?post=3305"}],"wp:featuredmedia":[{"embeddable":true,"href":"https:\/\/legitgrams.com\/cs\/wp-json\/wp\/v2\/media\/3319"}],"wp:attachment":[{"href":"https:\/\/legitgrams.com\/cs\/wp-json\/wp\/v2\/media?parent=3305"}],"wp:term":[{"taxonomy":"product_brand","embeddable":true,"href":"https:\/\/legitgrams.com\/cs\/wp-json\/wp\/v2\/product_brand?post=3305"},{"taxonomy":"product_cat","embeddable":true,"href":"https:\/\/legitgrams.com\/cs\/wp-json\/wp\/v2\/product_cat?post=3305"},{"taxonomy":"product_tag","embeddable":true,"href":"https:\/\/legitgrams.com\/cs\/wp-json\/wp\/v2\/product_tag?post=3305"}],"curies":[{"name":"wp","href":"https:\/\/api.w.org\/{rel}","templated":true}]}}