{"id":3310,"date":"2024-08-03T05:49:56","date_gmt":"2024-08-03T05:49:56","guid":{"rendered":"https:\/\/cokebricks.com\/?post_type=product&#038;p=3310"},"modified":"2025-03-08T05:52:58","modified_gmt":"2025-03-08T05:52:58","slug":"adbb","status":"publish","type":"product","link":"https:\/\/legitgrams.com\/cs\/produkt\/adbb\/","title":{"rendered":"Koupit ADBB online"},"content":{"rendered":"<h2>ADBB pr\u00e1\u0161ek na prodej<\/h2>\n<p><a href=\"https:\/\/en.wikipedia.org\/wiki\/ADB\">Koupit ADBB online<\/a> N\u011bkter\u00e9 syntetick\u00e9 konopn\u00e9 produkty obsahuj\u00ed slo\u017eky nov\u011b vyvinut\u00e9 syntetick\u00e9 narkotiky zvan\u00e9 <a href=\"https:\/\/www.bing.com\/search?q=Buy%20ADBB%20Online&amp;qs=n&amp;form=QBRE&amp;sp=-1&amp;lq=0&amp;pq=buy%20adbb%20online&amp;sc=10-15&amp;sk=&amp;cvid=E242E5DB1CF647E7817D78DD43004610&amp;ghsh=0&amp;ghacc=0&amp;ghpl=\">ADBB<\/a>Jsou to siln\u00ed agonist\u00e9 s hodnotami EC50 0,52 nM a 0,88 nM.<\/p>\n<p>receptor\u016f pro CB1 a CB2. O fyziologick\u00fdch a toxikologick\u00fdch vlastnostech t\u00e9to slou\u010deniny v\u0161ak nen\u00ed nic zn\u00e1mo.<\/p>\n<p>K \u010demu slou\u017e\u00ed ADBB?<\/p>\n<p>It is not appropriate for humans to consume the <a href=\"https:\/\/www.bing.com\/search?q=Buy%20ADBB%20Online&amp;qs=n&amp;form=QBRE&amp;sp=-1&amp;lq=0&amp;pq=buy%20adbb%20online&amp;sc=10-15&amp;sk=&amp;cvid=E242E5DB1CF647E7817D78DD43004610&amp;ghsh=0&amp;ghacc=0&amp;ghpl=\">ADBB<\/a> medication. Researchers at forensic labs utilize this substance as a study chemical.<\/p>\n<h3>Jak\u00e9 nep\u0159\u00edzniv\u00e9 d\u016fsledky m\u00e1 ADBB?<\/h3>\n<p>The following adverse consequences could result from using <a href=\"https:\/\/www.google.com\/search?q=Buy+ADBB+Online&amp;num=10&amp;sca_esv=1a2a07081c7891bb&amp;rlz=1C1RXQR_enIN1098IN1098&amp;sxsrf=AHTn8zr-KHxTTLzGR5g6z-5wgoi7gWgkjA%3A1741412995864&amp;ei=g9rLZ7u2NMTg1e8P4ve-qQE&amp;ved=0ahUKEwj7g5r45PmLAxVEcPUHHeK7LxUQ4dUDCBI&amp;uact=5&amp;oq=Buy+ADBB+Online&amp;gs_lp=Egxnd3Mtd2l6LXNlcnAiD0J1eSBBREJCIE9ubGluZTIHEAAYgAQYDTILEAAYFhjHAxgKGB4yCBAAGAgYDRgeMggQABgIGA0YHjIIEAAYCBgNGB4yCBAAGAgYDRgeMggQABgIGA0YHjIIEAAYCBgNGB4yCBAAGAgYDRgeMggQABgIGA0YHkiICFCCBFiCBHACeACQAQCYAZ4BoAGeAaoBAzAuMbgBA8gBAPgBAvgBAZgCAaACrgGYAwCIBgGSBwMwLjGgB-gG&amp;sclient=gws-wiz-serp\">ADBB powder<\/a> over time:<\/p>\n<p>o halucinace<\/p>\n<p>o Kardiotoxicita<\/p>\n<p>o K\u0159e\u010de<\/p>\n<p>o N\u00edzk\u00e1 t\u011blesn\u00e1 teplota<\/p>\n<h4>Jak jste se dozv\u011bd\u011bli o spole\u010dnosti Butinaca ADB?<\/h4>\n<p>Without rational testing, <a href=\"https:\/\/www.google.com\/search?q=Buy+ADBB+Online&amp;num=10&amp;sca_esv=1a2a07081c7891bb&amp;rlz=1C1RXQR_enIN1098IN1098&amp;sxsrf=AHTn8zr-KHxTTLzGR5g6z-5wgoi7gWgkjA%3A1741412995864&amp;ei=g9rLZ7u2NMTg1e8P4ve-qQE&amp;ved=0ahUKEwj7g5r45PmLAxVEcPUHHeK7LxUQ4dUDCBI&amp;uact=5&amp;oq=Buy+ADBB+Online&amp;gs_lp=Egxnd3Mtd2l6LXNlcnAiD0J1eSBBREJCIE9ubGluZTIHEAAYgAQYDTILEAAYFhjHAxgKGB4yCBAAGAgYDRgeMggQABgIGA0YHjIIEAAYCBgNGB4yCBAAGAgYDRgeMggQABgIGA0YHjIIEAAYCBgNGB4yCBAAGAgYDRgeMggQABgIGA0YHkiICFCCBFiCBHACeACQAQCYAZ4BoAGeAaoBAzAuMbgBA8gBAPgBAvgBAZgCAaACrgGYAwCIBgGSBwMwLjGgB-gG&amp;sclient=gws-wiz-serp\">ADB Butinaca<\/a> Bez racion\u00e1ln\u00edho testov\u00e1n\u00ed je ADB Butinaca t\u011b\u017eko rozpoznateln\u00e1. R\u00e1d se m\u00eds\u00ed s jin\u00fdmi ADB Butinaca, kter\u00e9 jsou uv\u00e1d\u011bny na trh a p\u0159irozen\u011b se vyskytuj\u00ed jako sv\u011btle hn\u011bd\u00e9 nebo na\u017eloutl\u00e9 \u010d\u00e1stice. Identifikace se st\u00e1v\u00e1 obt\u00ed\u017enou, pokud je v ochutn\u00e1va\u010di p\u0159\u00edtomno mal\u00e9 mno\u017estv\u00ed ADB Butinaca, proto\u017ee r\u016fzn\u00e1 za\u0159\u00edzen\u00ed mohou pou\u017e\u00edvat fas\u00e1dn\u00ed identifik\u00e1tory v\u010detn\u011b barvy, v\u016fn\u011b a chuti. Krom\u011b toho mohou b\u00fdt vysloveny nebo vamp\u00edrov\u00e1ny. Lid\u00e9 vkl\u00e1daj\u00ed obsa\u017een\u00e9 vzorky, kter\u00e9 se prod\u00e1vaj\u00ed jako pouli\u010dn\u00ed droga ADB Butinaca. Recenze z\u00e1kazn\u00edk\u016f na ADB Butinaca byly p\u0159ev\u00e1\u017en\u011b pozitivn\u00ed a\u017e pot\u00e9, co ji pou\u017eili. V\u011bdci a milovn\u00edci chemie maj\u00ed fantastickou p\u0159\u00edle\u017eitost prov\u00e1d\u011bt fascinuj\u00edc\u00ed experimenty a dl\u00e1\u017edit cestu p\u0159i objevov\u00e1n\u00ed chemick\u00fdch vlastnost\u00ed tohoto materi\u00e1lu, proto\u017ee se o n\u011bm v\u00ed tak m\u00e1lo. <a href=\"https:\/\/www.google.com\/search?q=Buy+ADBB+Online&amp;num=10&amp;sca_esv=1a2a07081c7891bb&amp;rlz=1C1RXQR_enIN1098IN1098&amp;sxsrf=AHTn8zr-KHxTTLzGR5g6z-5wgoi7gWgkjA%3A1741412995864&amp;ei=g9rLZ7u2NMTg1e8P4ve-qQE&amp;ved=0ahUKEwj7g5r45PmLAxVEcPUHHeK7LxUQ4dUDCBI&amp;uact=5&amp;oq=Buy+ADBB+Online&amp;gs_lp=Egxnd3Mtd2l6LXNlcnAiD0J1eSBBREJCIE9ubGluZTIHEAAYgAQYDTILEAAYFhjHAxgKGB4yCBAAGAgYDRgeMggQABgIGA0YHjIIEAAYCBgNGB4yCBAAGAgYDRgeMggQABgIGA0YHjIIEAAYCBgNGB4yCBAAGAgYDRgeMggQABgIGA0YHkiICFCCBFiCBHACeACQAQCYAZ4BoAGeAaoBAzAuMbgBA8gBAPgBAvgBAZgCAaACrgGYAwCIBgGSBwMwLjGgB-gG&amp;sclient=gws-wiz-serp\">ADB Butinaca<\/a>. Customers&#8217; reviews of ADB Butinaca were largely positive only after they had used the company. Researchers and chemistry lovers have a fantastic opportunity to conduct fascinating experiments and pave the way in discovering the chemical characteristics of this material because so little is known about it.<\/p>\n<h4>Pro\u010d si lid\u00e9 kupuj\u00ed ADB Butinaca?<\/h4>\n<p>Najdete ho v n\u011bkter\u00fdch produktech z um\u011bl\u00e9ho konop\u00ed. Zn\u00e1m\u00e1 americk\u00e1 farmaceutick\u00e1 korporace Pfizer vytvo\u0159ila tento designov\u00fd l\u00e9k se z\u00e1m\u011brem pou\u017e\u00edt jej jako potenci\u00e1ln\u00ed l\u00e9k proti bolesti. Pokud jste v\u00fdzkumn\u00fd pracovn\u00edk a chcete jej pou\u017e\u00edt pro v\u00fdzkum, m\u011bli byste si b\u00fdt v\u011bdomi mo\u017en\u00fdch rizik a ne\u017e\u00e1douc\u00edch \u00fa\u010dink\u016f. M\u00e1 psychotropn\u00ed vlastnosti stejn\u011b jako ostatn\u00ed syntetick\u00e9 kanabinoidy. Krom\u011b toho je s touto drogou spojena \u0159ada ne\u017e\u00e1douc\u00edch d\u016fsledk\u016f. Tento l\u00e9k si m\u016f\u017eete zakoupit, abyste z\u00edskali ADB Butinaca online od Orange Hems, spolehliv\u00e9ho online prodejce. <a href=\"https:\/\/duckduckgo.com\/?q=Buy+ADBB+Online&amp;t=h_&amp;ia=web\">ADB Butinaca online<\/a> from Orange Hems, a reliable online retailer.<\/p>\n<h4>Jak\u00e9 d\u016fsledky m\u00e1 ADB Butinaca?<\/h4>\n<p><a href=\"https:\/\/legitgrams.com\/cs\/produkt\/adbb\/\">ADB-BUTINACA<\/a> je nov\u00fd, \u00fa\u010dinn\u00fd materi\u00e1l, kter\u00fd se obvykle pou\u017e\u00edv\u00e1 ve v\u00fdzkumu. Tyto nov\u00e9 syntetick\u00e9 kanabinoidy se v t\u011ble v\u00e1\u017eou na receptory CB1 a CB2. Jedn\u00e1 se o um\u011bl\u00e9 chemick\u00e9 l\u00e1tky.<\/p>\n<p>Kanabinoidn\u00ed receptory CB1 a CB2 se pod\u00edlej\u00ed na cel\u00e9 \u0159ad\u011b fyziologick\u00fdch funkc\u00ed.<\/p>\n<p>V mozku a m\u00ed\u0161e se nach\u00e1z\u00ed CB1, co\u017e je sou\u010d\u00e1st na\u0161eho centr\u00e1ln\u00edho nervov\u00e9ho syst\u00e9mu, kter\u00e1 pom\u00e1h\u00e1 zprost\u0159edkovat omamn\u00e9 \u00fa\u010dinky konop\u00ed.<a href=\"https:\/\/legitgrams.com\/cs\/\">Legitgramy<\/a><\/p>\n<p>Receptory CB2 na b\u00edl\u00fdch krvink\u00e1ch \u0159\u00edd\u00ed fungov\u00e1n\u00ed imunitn\u00edch bun\u011bk.<\/p>\n<p>Nav\u00edc je vyslovov\u00e1n na ni\u017e\u0161\u00ed kognitivn\u00ed \u00farovni. N\u00e1kup ADB Butinaca je neleg\u00e1ln\u00ed a v\u00fdrobky ADB-BIANCA jsou \u0161patn\u011b zdokumentovan\u00e9. Proto\u017ee p\u016fsob\u00ed na stejn\u00fd clearingov\u00fd akceptor v mozku, jsou synteticky dopaminergn\u00ed.<\/p>\n<p>jako TCH, psychoaktivn\u00ed slo\u017eka konop\u00ed, a n\u00e1kup <a href=\"https:\/\/legitgrams.com\/cs\/produkt\/adbb\/\">ADB Butinaca<\/a>. Nep\u0159eb\u00edr\u00e1te \u017e\u00e1dnou odpov\u011bdnost za jak\u00e9koli v\u00fddaje nebo \u00fakony, kter\u00e9 vzniknou v souvislosti s online objedn\u00e1vkou ADB Butinaca. <a href=\"https:\/\/duckduckgo.com\/?q=Buy+ADBB+Online&amp;t=h_&amp;ia=web\">order for ADB Butinaca<\/a>.<\/p>\n<p>Je butinaca adb regulov\u00e1na? n\u00e1kup adb butinaca dea, n\u00e1kup adb butinaca cayman, n\u00e1kup adb butinaca na prodej<\/p>\n<p>Kde mohu koupit adb butinaca, jak mohu koupit kvalitn\u00ed adb butinaca, kde mohu koupit adb butinaca a kde mohu z\u00edskat 5f-adb?<\/p>\n<p>7-adb, trrcshop, 5f-adb-33n, adb-butinaca psychonaut, pou\u017eit\u00ed, vedlej\u0161\u00ed \u00fa\u010dinky a pr\u00e1vn\u00ed zdroje pro n\u00e1kup adb butinaca<\/p>\n<p>&nbsp;<\/p>\n<p>&nbsp;<\/p>","protected":false},"excerpt":{"rendered":"<p>ADBB Powder for Sale Buy ADBB Online Certain synthetic cannabis products contain components of a newly developed synthetic narcotic called ADBB. They are the strong agonists with EC50 values of 0.52 nM and 0.88 nM, respectively. of receptors for CB1 and CB2. Nevertheless, nothing is known about this compound&#8217;s physiological or toxicological characteristics. What is &hellip;<\/p>\n<p class=\"read-more\"> <a class=\"\" href=\"https:\/\/legitgrams.com\/cs\/produkt\/adbb\/\"> <span class=\"screen-reader-text\">Koupit ADBB online<\/span> \u010c\u00edst d\u00e1l \"<\/a><\/p>","protected":false},"featured_media":3326,"comment_status":"open","ping_status":"closed","template":"","meta":{"_uag_custom_page_level_css":"","site-sidebar-layout":"default","site-content-layout":"default","ast-global-header-display":"","ast-main-header-display":"","ast-hfb-above-header-display":"","ast-hfb-below-header-display":"","ast-hfb-mobile-header-display":"","site-post-title":"","ast-breadcrumbs-content":"","ast-featured-img":"","footer-sml-layout":"","theme-transparent-header-meta":"default","adv-header-id-meta":"","stick-header-meta":"default","header-above-stick-meta":"","header-main-stick-meta":"","header-below-stick-meta":"","_joinchat":[]},"product_brand":[],"product_cat":[190],"product_tag":[191,192,193,194],"class_list":{"0":"post-3310","1":"product","2":"type-product","3":"status-publish","4":"has-post-thumbnail","6":"product_cat-cannabinoids","7":"product_tag-adb-powder-for-sale","8":"product_tag-buy-adbb","9":"product_tag-buy-adbb-powder-online","10":"product_tag-pure-adbb-powder-online-for-sale","11":"desktop-align-left","12":"tablet-align-left","13":"mobile-align-left","14":"ast-product-gallery-layout-horizontal","15":"ast-product-gallery-with-no-image","16":"ast-product-single-variable","17":"ast-product-tabs-layout-horizontal","18":"ast-qv-on-image","20":"first","21":"instock","22":"shipping-taxable","23":"purchasable","24":"product-type-variable"},"yoast_head":"<!-- This site is optimized with the Yoast SEO plugin v25.9 - https:\/\/yoast.com\/wordpress\/plugins\/seo\/ -->\n<title>ADBB for Sale - Order ADBB Online - Buy ADBB Powder Online<\/title>\n<meta name=\"description\" content=\"Where to buy adbb online at the best price? Find high-quality adbb for sale at our secure online store, catering to your research requirements. Order Now\" \/>\n<meta name=\"robots\" content=\"index, follow, max-snippet:-1, max-image-preview:large, max-video-preview:-1\" \/>\n<link rel=\"canonical\" href=\"https:\/\/legitgrams.com\/cs\/produkt\/adbb\/\" \/>\n<meta property=\"og:locale\" content=\"cs_CZ\" \/>\n<meta property=\"og:type\" content=\"article\" \/>\n<meta property=\"og:title\" content=\"ADBB for Sale - Order ADBB Online - Buy ADBB Powder Online\" \/>\n<meta property=\"og:description\" content=\"Where to buy adbb online at the best price? Find high-quality adbb for sale at our secure online store, catering to your research requirements. Order Now\" \/>\n<meta property=\"og:url\" content=\"https:\/\/legitgrams.com\/cs\/produkt\/adbb\/\" \/>\n<meta property=\"og:site_name\" content=\"Legit Grams\" \/>\n<meta property=\"article:modified_time\" content=\"2025-03-08T05:52:58+00:00\" \/>\n<meta property=\"og:image\" content=\"https:\/\/legitgrams.com\/wp-content\/uploads\/2024\/08\/ADBB.gif\" \/>\n\t<meta property=\"og:image:width\" content=\"600\" \/>\n\t<meta property=\"og:image:height\" content=\"600\" \/>\n\t<meta property=\"og:image:type\" content=\"image\/gif\" \/>\n<meta name=\"twitter:card\" content=\"summary_large_image\" \/>\n<meta name=\"twitter:label1\" content=\"Odhadovan\u00e1 doba \u010dten\u00ed\" \/>\n\t<meta name=\"twitter:data1\" content=\"3 minuty\" \/>\n<script type=\"application\/ld+json\" class=\"yoast-schema-graph\">{\"@context\":\"https:\/\/schema.org\",\"@graph\":[{\"@type\":\"WebPage\",\"@id\":\"https:\/\/legitgrams.com\/product\/adbb\/\",\"url\":\"https:\/\/legitgrams.com\/product\/adbb\/\",\"name\":\"ADBB for Sale - Order ADBB Online - Buy ADBB Powder Online\",\"isPartOf\":{\"@id\":\"https:\/\/legitgrams.com\/#website\"},\"primaryImageOfPage\":{\"@id\":\"https:\/\/legitgrams.com\/product\/adbb\/#primaryimage\"},\"image\":{\"@id\":\"https:\/\/legitgrams.com\/product\/adbb\/#primaryimage\"},\"thumbnailUrl\":\"https:\/\/legitgrams.com\/wp-content\/uploads\/2024\/08\/ADBB.gif\",\"datePublished\":\"2024-08-03T05:49:56+00:00\",\"dateModified\":\"2025-03-08T05:52:58+00:00\",\"description\":\"Where to buy adbb online at the best price? Find high-quality adbb for sale at our secure online store, catering to your research requirements. Order Now\",\"breadcrumb\":{\"@id\":\"https:\/\/legitgrams.com\/product\/adbb\/#breadcrumb\"},\"inLanguage\":\"cs\",\"potentialAction\":[{\"@type\":\"ReadAction\",\"target\":[\"https:\/\/legitgrams.com\/product\/adbb\/\"]}]},{\"@type\":\"ImageObject\",\"inLanguage\":\"cs\",\"@id\":\"https:\/\/legitgrams.com\/product\/adbb\/#primaryimage\",\"url\":\"https:\/\/legitgrams.com\/wp-content\/uploads\/2024\/08\/ADBB.gif\",\"contentUrl\":\"https:\/\/legitgrams.com\/wp-content\/uploads\/2024\/08\/ADBB.gif\",\"width\":600,\"height\":600,\"caption\":\"ADBB Powder for Sale\"},{\"@type\":\"BreadcrumbList\",\"@id\":\"https:\/\/legitgrams.com\/product\/adbb\/#breadcrumb\",\"itemListElement\":[{\"@type\":\"ListItem\",\"position\":1,\"name\":\"Home\",\"item\":\"https:\/\/legitgrams.com\/\"},{\"@type\":\"ListItem\",\"position\":2,\"name\":\"Shop\",\"item\":\"https:\/\/legitgrams.com\/shop\/\"},{\"@type\":\"ListItem\",\"position\":3,\"name\":\"Buy ADBB Online\"}]},{\"@type\":\"WebSite\",\"@id\":\"https:\/\/legitgrams.com\/#website\",\"url\":\"https:\/\/legitgrams.com\/\",\"name\":\"Legit Grams\",\"description\":\"My WordPress Blog\",\"publisher\":{\"@id\":\"https:\/\/legitgrams.com\/#organization\"},\"potentialAction\":[{\"@type\":\"SearchAction\",\"target\":{\"@type\":\"EntryPoint\",\"urlTemplate\":\"https:\/\/legitgrams.com\/?s={search_term_string}\"},\"query-input\":{\"@type\":\"PropertyValueSpecification\",\"valueRequired\":true,\"valueName\":\"search_term_string\"}}],\"inLanguage\":\"cs\"},{\"@type\":\"Organization\",\"@id\":\"https:\/\/legitgrams.com\/#organization\",\"name\":\"Legit Grams\",\"url\":\"https:\/\/legitgrams.com\/\",\"logo\":{\"@type\":\"ImageObject\",\"inLanguage\":\"cs\",\"@id\":\"https:\/\/legitgrams.com\/#\/schema\/logo\/image\/\",\"url\":\"https:\/\/legitgrams.com\/wp-content\/uploads\/2024\/09\/main-logo.png\",\"contentUrl\":\"https:\/\/legitgrams.com\/wp-content\/uploads\/2024\/09\/main-logo.png\",\"width\":270,\"height\":75,\"caption\":\"Legit Grams\"},\"image\":{\"@id\":\"https:\/\/legitgrams.com\/#\/schema\/logo\/image\/\"}}]}<\/script>\n<!-- \/ Yoast SEO plugin. -->","yoast_head_json":{"title":"ADBB na prodej - Objednat ADBB online - Koupit ADBB pr\u00e1\u0161ek online","description":"Kde koupit adbb online za nejlep\u0161\u00ed cenu? Najd\u011bte vysoce kvalitn\u00ed adbb na prodej v na\u0161em bezpe\u010dn\u00e9m internetov\u00e9m obchod\u011b, kter\u00fd vyhov\u00ed va\u0161im po\u017eadavk\u016fm na v\u00fdzkum. Objednejte si nyn\u00ed","robots":{"index":"index","follow":"follow","max-snippet":"max-snippet:-1","max-image-preview":"max-image-preview:large","max-video-preview":"max-video-preview:-1"},"canonical":"https:\/\/legitgrams.com\/cs\/produkt\/adbb\/","og_locale":"cs_CZ","og_type":"article","og_title":"ADBB for Sale - Order ADBB Online - Buy ADBB Powder Online","og_description":"Where to buy adbb online at the best price? Find high-quality adbb for sale at our secure online store, catering to your research requirements. Order Now","og_url":"https:\/\/legitgrams.com\/cs\/produkt\/adbb\/","og_site_name":"Legit Grams","article_modified_time":"2025-03-08T05:52:58+00:00","og_image":[{"width":600,"height":600,"url":"https:\/\/legitgrams.com\/wp-content\/uploads\/2024\/08\/ADBB.gif","type":"image\/gif"}],"twitter_card":"summary_large_image","twitter_misc":{"Odhadovan\u00e1 doba \u010dten\u00ed":"3 minuty"},"schema":{"@context":"https:\/\/schema.org","@graph":[{"@type":"WebPage","@id":"https:\/\/legitgrams.com\/product\/adbb\/","url":"https:\/\/legitgrams.com\/product\/adbb\/","name":"ADBB na prodej - Objednat ADBB online - Koupit ADBB pr\u00e1\u0161ek online","isPartOf":{"@id":"https:\/\/legitgrams.com\/#website"},"primaryImageOfPage":{"@id":"https:\/\/legitgrams.com\/product\/adbb\/#primaryimage"},"image":{"@id":"https:\/\/legitgrams.com\/product\/adbb\/#primaryimage"},"thumbnailUrl":"https:\/\/legitgrams.com\/wp-content\/uploads\/2024\/08\/ADBB.gif","datePublished":"2024-08-03T05:49:56+00:00","dateModified":"2025-03-08T05:52:58+00:00","description":"Kde koupit adbb online za nejlep\u0161\u00ed cenu? Najd\u011bte vysoce kvalitn\u00ed adbb na prodej v na\u0161em bezpe\u010dn\u00e9m internetov\u00e9m obchod\u011b, kter\u00fd vyhov\u00ed va\u0161im po\u017eadavk\u016fm na v\u00fdzkum. Objednejte si nyn\u00ed","breadcrumb":{"@id":"https:\/\/legitgrams.com\/product\/adbb\/#breadcrumb"},"inLanguage":"cs","potentialAction":[{"@type":"ReadAction","target":["https:\/\/legitgrams.com\/product\/adbb\/"]}]},{"@type":"ImageObject","inLanguage":"cs","@id":"https:\/\/legitgrams.com\/product\/adbb\/#primaryimage","url":"https:\/\/legitgrams.com\/wp-content\/uploads\/2024\/08\/ADBB.gif","contentUrl":"https:\/\/legitgrams.com\/wp-content\/uploads\/2024\/08\/ADBB.gif","width":600,"height":600,"caption":"ADBB Powder for Sale"},{"@type":"BreadcrumbList","@id":"https:\/\/legitgrams.com\/product\/adbb\/#breadcrumb","itemListElement":[{"@type":"ListItem","position":1,"name":"Home","item":"https:\/\/legitgrams.com\/"},{"@type":"ListItem","position":2,"name":"Shop","item":"https:\/\/legitgrams.com\/shop\/"},{"@type":"ListItem","position":3,"name":"Buy ADBB Online"}]},{"@type":"WebSite","@id":"https:\/\/legitgrams.com\/#website","url":"https:\/\/legitgrams.com\/","name":"Leg\u00e1ln\u00ed gramy","description":"M\u016fj blog WordPress","publisher":{"@id":"https:\/\/legitgrams.com\/#organization"},"potentialAction":[{"@type":"SearchAction","target":{"@type":"EntryPoint","urlTemplate":"https:\/\/legitgrams.com\/?s={search_term_string}"},"query-input":{"@type":"PropertyValueSpecification","valueRequired":true,"valueName":"search_term_string"}}],"inLanguage":"cs"},{"@type":"Organization","@id":"https:\/\/legitgrams.com\/#organization","name":"Leg\u00e1ln\u00ed gramy","url":"https:\/\/legitgrams.com\/","logo":{"@type":"ImageObject","inLanguage":"cs","@id":"https:\/\/legitgrams.com\/#\/schema\/logo\/image\/","url":"https:\/\/legitgrams.com\/wp-content\/uploads\/2024\/09\/main-logo.png","contentUrl":"https:\/\/legitgrams.com\/wp-content\/uploads\/2024\/09\/main-logo.png","width":270,"height":75,"caption":"Legit Grams"},"image":{"@id":"https:\/\/legitgrams.com\/#\/schema\/logo\/image\/"}}]}},"uagb_featured_image_src":{"full":["https:\/\/legitgrams.com\/wp-content\/uploads\/2024\/08\/ADBB.gif",600,600,false],"thumbnail":["https:\/\/legitgrams.com\/wp-content\/uploads\/2024\/08\/ADBB-150x150.gif",150,150,true],"medium":["https:\/\/legitgrams.com\/wp-content\/uploads\/2024\/08\/ADBB-300x300.gif",300,300,true],"medium_large":["https:\/\/legitgrams.com\/wp-content\/uploads\/2024\/08\/ADBB.gif",600,600,false],"large":["https:\/\/legitgrams.com\/wp-content\/uploads\/2024\/08\/ADBB.gif",600,600,false],"1536x1536":["https:\/\/legitgrams.com\/wp-content\/uploads\/2024\/08\/ADBB.gif",600,600,false],"2048x2048":["https:\/\/legitgrams.com\/wp-content\/uploads\/2024\/08\/ADBB.gif",600,600,false],"trp-custom-language-flag":["https:\/\/legitgrams.com\/wp-content\/uploads\/2024\/08\/ADBB-12x12.gif",12,12,true],"woocommerce_thumbnail":["https:\/\/legitgrams.com\/wp-content\/uploads\/2024\/08\/ADBB-300x300.gif",300,300,true],"woocommerce_single":["https:\/\/legitgrams.com\/wp-content\/uploads\/2024\/08\/ADBB.gif",600,600,false],"woocommerce_gallery_thumbnail":["https:\/\/legitgrams.com\/wp-content\/uploads\/2024\/08\/ADBB-100x100.gif",100,100,true]},"uagb_author_info":{"display_name":"cokeblog18","author_link":"https:\/\/legitgrams.com\/cs\/author\/"},"uagb_comment_info":0,"uagb_excerpt":"ADBB Powder for Sale Buy ADBB Online Certain synthetic cannabis products contain components of a newly developed synthetic narcotic called ADBB. They are the strong agonists with EC50 values of 0.52 nM and 0.88 nM, respectively. of receptors for CB1 and CB2. Nevertheless, nothing is known about this compound&#8217;s physiological or toxicological characteristics. What is&hellip;","_links":{"self":[{"href":"https:\/\/legitgrams.com\/cs\/wp-json\/wp\/v2\/product\/3310","targetHints":{"allow":["GET"]}}],"collection":[{"href":"https:\/\/legitgrams.com\/cs\/wp-json\/wp\/v2\/product"}],"about":[{"href":"https:\/\/legitgrams.com\/cs\/wp-json\/wp\/v2\/types\/product"}],"replies":[{"embeddable":true,"href":"https:\/\/legitgrams.com\/cs\/wp-json\/wp\/v2\/comments?post=3310"}],"wp:featuredmedia":[{"embeddable":true,"href":"https:\/\/legitgrams.com\/cs\/wp-json\/wp\/v2\/media\/3326"}],"wp:attachment":[{"href":"https:\/\/legitgrams.com\/cs\/wp-json\/wp\/v2\/media?parent=3310"}],"wp:term":[{"taxonomy":"product_brand","embeddable":true,"href":"https:\/\/legitgrams.com\/cs\/wp-json\/wp\/v2\/product_brand?post=3310"},{"taxonomy":"product_cat","embeddable":true,"href":"https:\/\/legitgrams.com\/cs\/wp-json\/wp\/v2\/product_cat?post=3310"},{"taxonomy":"product_tag","embeddable":true,"href":"https:\/\/legitgrams.com\/cs\/wp-json\/wp\/v2\/product_tag?post=3310"}],"curies":[{"name":"wp","href":"https:\/\/api.w.org\/{rel}","templated":true}]}}