{"id":3311,"date":"2024-08-03T05:49:32","date_gmt":"2024-08-03T05:49:32","guid":{"rendered":"https:\/\/cokebricks.com\/?post_type=product&#038;p=3311"},"modified":"2025-01-13T09:15:28","modified_gmt":"2025-01-13T09:15:28","slug":"alprazolam","status":"publish","type":"product","link":"https:\/\/legitgrams.com\/cs\/produkt\/alprazolam\/","title":{"rendered":"Alprazolam"},"content":{"rendered":"<h2>Na prodej: Alprazolam pr\u00e1\u0161ek<\/h2>\n<p><a href=\"https:\/\/en.wikipedia.org\/wiki\/Alprazolam\">Alprazolam<\/a> \u662f\u4e00\u79cd\u5f3a\u6548\u3001\u5feb\u901f\u8d77\u6548\u7684\u82ef\u4e8c\u6c2e\u5353\u7c7b\u836f\u7269\uff0c\u53ef\u653e\u677e\u4e2d\u67a2\u795e\u7ecf\u7cfb\u7edf\u3002\u60a8\u53ef\u4ee5\u5728\u7ebf\u8d2d\u4e70\u3002\u5982\u679c\u60a8\u60f3\u8d2d\u4e70 <a href=\"https:\/\/legitgrams.com\/cs\/produkt\/alprazolam\/\">alprazolam pr\u00e1\u0161ek online<\/a> a chcete m\u00edt jistotu, \u017ee z\u00edsk\u00e1v\u00e1te vysoce kvalitn\u00ed pr\u00e1\u0161ek, nepokra\u010dujte d\u00e1le ne\u017e Shenchulab.<\/p>\n<p>Krom\u011b toho je trh s pr\u00e1\u0161kem Alprazolam segmentov\u00e1n na z\u00e1klad\u011b geografie, koncov\u00e9ho u\u017eivatele a aplikace.<\/p>\n<p>V d\u016fsledku toho se v z\u00e1vislosti na aplikaci mohou \u00fazkost, deprese, nespavost a panick\u00e9 poruchy li\u0161it.<\/p>\n<p>D\u00e1le se d\u011bl\u00ed na v\u00fdzkumn\u00e9 \u00fastavy, farmaceutick\u00e9 spole\u010dnosti a dal\u0161\u00ed organizace (kliniky a nemocnice) podle koncov\u00e9ho u\u017eivatele. Alprazolam pr\u00e1\u0161ek na prodej.<\/p>\n<p>Nicm\u00e9n\u011b je studov\u00e1n v n\u00e1sleduj\u00edc\u00edch geografick\u00fdch oblastech: Severn\u00ed Amerika, Evropa, Asie a Tichomo\u0159\u00ed a LAMEA.<br \/>\n\u2022 F\u0151 el\u0151nyei: Ennek ellen\u00e9re a kutat\u00e1s<\/p>\n<p>\u2022 Kl\u00ed\u010dov\u00e9 v\u00fdhody: Navzdory tomu studie nab\u00edz\u00ed d\u016fkladnou anal\u00fdzu celosv\u011btov\u00e9ho trhu s alprazolamov\u00fdm pr\u00e1\u0161kem, p\u0159i\u010dem\u017e bere v \u00favahu sou\u010dasn\u00e9 a p\u0159edpokl\u00e1dan\u00e9 trendy i budouc\u00ed projekce s c\u00edlem identifikovat potenci\u00e1ln\u00ed investi\u010dn\u00ed p\u0159\u00edle\u017eitosti.<\/p>\n<p>V\u00fdsledkem je d\u016fkladn\u00e9 prozkoum\u00e1n\u00ed prvk\u016f, kter\u00e9 usnad\u0148uj\u00ed a brzd\u00ed r\u016fst trhu. <a href=\"https:\/\/legitgrams.com\/cs\/\">LegitGrams<\/a><\/p>\n<p>\u2022 Studie tak\u00e9 nab\u00edz\u00ed kvantitativn\u00ed anal\u00fdzu, aby pomohla z\u00fa\u010dastn\u011bn\u00fdm stran\u00e1m vyu\u017e\u00edt sou\u010dasn\u00e9 tr\u017en\u00ed p\u0159\u00edle\u017eitosti.<\/p>\n<p>Proto je snaz\u0161\u00ed porozum\u011bt nab\u00eddce nab\u00eddky, kdy\u017e je pe\u010dliv\u011b zv\u00e1\u017eeno n\u011bkolik skupin trhu.<\/p>\n<p>\u2022 Aby v\u0161ak bylo mo\u017en\u00e9 p\u0159edpov\u011bd\u011bt konkuren\u010dn\u00ed klima na trhu, prov\u00e1d\u00ed se podrobn\u00e9 zkoum\u00e1n\u00ed taktiky pou\u017e\u00edvan\u00e9 hlavn\u00edmi konkurenty. N\u00e1kup pr\u00e1\u0161ku Alprazolam online<\/p>\n<h3>Kl\u00ed\u010dov\u00e9 segmenty trhu pro pr\u00e1\u0161kov\u00fd alprazolam:<\/h3>\n<p>Vyu\u017eit\u00ed aplika\u010dn\u00edch poruch k l\u00e9\u010db\u011b \u00fazkosti a paniky<\/p>\n<p>\u6291\u90c1\u548c\u5931\u7720<\/p>\n<p>Legitgramy, v\u00fdzkumn\u00e9 \u00fastavy pro koncov\u00e9 u\u017eivatele a dal\u0161\u00ed relevantn\u00ed strany (kliniky a nemocnice) prod\u00e1vaj\u00ed alprazolam online.<\/p>","protected":false},"excerpt":{"rendered":"<p>For Sale: Alprazolam Powder Alprazolam is a potent, fast-acting benzodiazepine that relaxes the central nervous system. You can buy it online. If you want to buy alprazolam powder online and want to be certain that you&#8217;re getting a high-quality powder, go no further than Shenchulab. Furthermore, the Alprazolam Powder market is segmented based on geography, &hellip;<\/p>\n<p class=\"read-more\"> <a class=\"\" href=\"https:\/\/legitgrams.com\/cs\/produkt\/alprazolam\/\"> <span class=\"screen-reader-text\">Alprazolam<\/span> \u010c\u00edst d\u00e1l \"<\/a><\/p>","protected":false},"featured_media":3327,"comment_status":"open","ping_status":"closed","template":"","meta":{"_uag_custom_page_level_css":"","site-sidebar-layout":"default","site-content-layout":"default","ast-global-header-display":"","ast-main-header-display":"","ast-hfb-above-header-display":"","ast-hfb-below-header-display":"","ast-hfb-mobile-header-display":"","site-post-title":"","ast-breadcrumbs-content":"","ast-featured-img":"","footer-sml-layout":"","theme-transparent-header-meta":"default","adv-header-id-meta":"","stick-header-meta":"default","header-above-stick-meta":"","header-main-stick-meta":"","header-below-stick-meta":"","_joinchat":[]},"product_brand":[],"product_cat":[190],"product_tag":[195,196,197,198,199,200,201,202,203,204,205,206,207,208,209,210,211,212,213,214,215,216,217,218,219,220],"class_list":{"0":"post-3311","1":"product","2":"type-product","3":"status-publish","4":"has-post-thumbnail","6":"product_cat-cannabinoids","7":"product_tag-alprazolam-brazil","8":"product_tag-alprazolam-for-sale-australia","9":"product_tag-alprazolam-for-sale-canada","10":"product_tag-alprazolam-for-sale-near-me","11":"product_tag-alprazolam-for-sale-uk","12":"product_tag-alprazolam-for-sale-usa","13":"product_tag-alprazolam-germany","14":"product_tag-alprazolam-powder-online","15":"product_tag-buy-alprazolam","16":"product_tag-buy-alprazolam-2mg","17":"product_tag-buy-alprazolam-near-me","18":"product_tag-buy-alprazolam-online","19":"product_tag-buy-alprazolam-powder","20":"product_tag-buy-alprazolam-powder-online","21":"product_tag-buy-alprazolam-powder-online-safely","22":"product_tag-buy-alprazolam-powder-usa","23":"product_tag-buy-xanax-2mg","24":"product_tag-buy-xanax-powder","25":"product_tag-hjow-to-buy-alprazolam-online-safe","26":"product_tag-how-can-i-order-alprazolam-xanax","27":"product_tag-legit-alprazolam-supplier","28":"product_tag-legit-alprazolam-vendiors","29":"product_tag-where-can-you-buy-alprazolam-powder-online","30":"product_tag-where-to-buy-alprazolam-online-usa","31":"product_tag-xanax-2mg-australia","32":"product_tag-you-can-purchase-alprazolam-xanax-powder","33":"desktop-align-left","34":"tablet-align-left","35":"mobile-align-left","36":"ast-product-gallery-layout-horizontal","37":"ast-product-gallery-with-no-image","38":"ast-product-single-variable","39":"ast-product-tabs-layout-horizontal","40":"ast-qv-on-image","42":"first","43":"instock","44":"shipping-taxable","45":"purchasable","46":"product-type-variable"},"yoast_head":"<!-- This site is optimized with the Yoast SEO plugin v25.9 - https:\/\/yoast.com\/wordpress\/plugins\/seo\/ -->\n<title>Alprazolam Powder for Sale - Buy Alprazolam Online | LegitGrams<\/title>\n<meta name=\"description\" content=\"Are you looking for alprazolam powder for sale online? LegitGrams is a leading store where you can buy alprazolam online at the best price. Order Now with Discreet Shipping!\" \/>\n<meta name=\"robots\" content=\"index, follow, max-snippet:-1, max-image-preview:large, max-video-preview:-1\" \/>\n<link rel=\"canonical\" href=\"https:\/\/legitgrams.com\/cs\/produkt\/alprazolam\/\" \/>\n<meta property=\"og:locale\" content=\"cs_CZ\" \/>\n<meta property=\"og:type\" content=\"article\" \/>\n<meta property=\"og:title\" content=\"Alprazolam Powder for Sale - Buy Alprazolam Online | LegitGrams\" \/>\n<meta property=\"og:description\" content=\"Are you looking for alprazolam powder for sale online? LegitGrams is a leading store where you can buy alprazolam online at the best price. Order Now with Discreet Shipping!\" \/>\n<meta property=\"og:url\" content=\"https:\/\/legitgrams.com\/cs\/produkt\/alprazolam\/\" \/>\n<meta property=\"og:site_name\" content=\"Legit Grams\" \/>\n<meta property=\"article:modified_time\" content=\"2025-01-13T09:15:28+00:00\" \/>\n<meta property=\"og:image\" content=\"https:\/\/legitgrams.com\/wp-content\/uploads\/2024\/08\/Alprazolam.gif\" \/>\n\t<meta property=\"og:image:width\" content=\"600\" \/>\n\t<meta property=\"og:image:height\" content=\"600\" \/>\n\t<meta property=\"og:image:type\" content=\"image\/gif\" \/>\n<meta name=\"twitter:card\" content=\"summary_large_image\" \/>\n<meta name=\"twitter:label1\" content=\"Odhadovan\u00e1 doba \u010dten\u00ed\" \/>\n\t<meta name=\"twitter:data1\" content=\"2 minuty\" \/>\n<script type=\"application\/ld+json\" class=\"yoast-schema-graph\">{\"@context\":\"https:\/\/schema.org\",\"@graph\":[{\"@type\":\"WebPage\",\"@id\":\"https:\/\/legitgrams.com\/product\/alprazolam\/\",\"url\":\"https:\/\/legitgrams.com\/product\/alprazolam\/\",\"name\":\"Alprazolam Powder for Sale - Buy Alprazolam Online | LegitGrams\",\"isPartOf\":{\"@id\":\"https:\/\/legitgrams.com\/#website\"},\"primaryImageOfPage\":{\"@id\":\"https:\/\/legitgrams.com\/product\/alprazolam\/#primaryimage\"},\"image\":{\"@id\":\"https:\/\/legitgrams.com\/product\/alprazolam\/#primaryimage\"},\"thumbnailUrl\":\"https:\/\/legitgrams.com\/wp-content\/uploads\/2024\/08\/Alprazolam.gif\",\"datePublished\":\"2024-08-03T05:49:32+00:00\",\"dateModified\":\"2025-01-13T09:15:28+00:00\",\"description\":\"Are you looking for alprazolam powder for sale online? LegitGrams is a leading store where you can buy alprazolam online at the best price. Order Now with Discreet Shipping!\",\"breadcrumb\":{\"@id\":\"https:\/\/legitgrams.com\/product\/alprazolam\/#breadcrumb\"},\"inLanguage\":\"cs\",\"potentialAction\":[{\"@type\":\"ReadAction\",\"target\":[\"https:\/\/legitgrams.com\/product\/alprazolam\/\"]}]},{\"@type\":\"ImageObject\",\"inLanguage\":\"cs\",\"@id\":\"https:\/\/legitgrams.com\/product\/alprazolam\/#primaryimage\",\"url\":\"https:\/\/legitgrams.com\/wp-content\/uploads\/2024\/08\/Alprazolam.gif\",\"contentUrl\":\"https:\/\/legitgrams.com\/wp-content\/uploads\/2024\/08\/Alprazolam.gif\",\"width\":600,\"height\":600,\"caption\":\"Alprazolam Powder for Sale\"},{\"@type\":\"BreadcrumbList\",\"@id\":\"https:\/\/legitgrams.com\/product\/alprazolam\/#breadcrumb\",\"itemListElement\":[{\"@type\":\"ListItem\",\"position\":1,\"name\":\"Home\",\"item\":\"https:\/\/legitgrams.com\/\"},{\"@type\":\"ListItem\",\"position\":2,\"name\":\"Shop\",\"item\":\"https:\/\/legitgrams.com\/shop\/\"},{\"@type\":\"ListItem\",\"position\":3,\"name\":\"Alprazolam\"}]},{\"@type\":\"WebSite\",\"@id\":\"https:\/\/legitgrams.com\/#website\",\"url\":\"https:\/\/legitgrams.com\/\",\"name\":\"Legit Grams\",\"description\":\"My WordPress Blog\",\"publisher\":{\"@id\":\"https:\/\/legitgrams.com\/#organization\"},\"potentialAction\":[{\"@type\":\"SearchAction\",\"target\":{\"@type\":\"EntryPoint\",\"urlTemplate\":\"https:\/\/legitgrams.com\/?s={search_term_string}\"},\"query-input\":{\"@type\":\"PropertyValueSpecification\",\"valueRequired\":true,\"valueName\":\"search_term_string\"}}],\"inLanguage\":\"cs\"},{\"@type\":\"Organization\",\"@id\":\"https:\/\/legitgrams.com\/#organization\",\"name\":\"Legit Grams\",\"url\":\"https:\/\/legitgrams.com\/\",\"logo\":{\"@type\":\"ImageObject\",\"inLanguage\":\"cs\",\"@id\":\"https:\/\/legitgrams.com\/#\/schema\/logo\/image\/\",\"url\":\"https:\/\/legitgrams.com\/wp-content\/uploads\/2024\/09\/main-logo.png\",\"contentUrl\":\"https:\/\/legitgrams.com\/wp-content\/uploads\/2024\/09\/main-logo.png\",\"width\":270,\"height\":75,\"caption\":\"Legit Grams\"},\"image\":{\"@id\":\"https:\/\/legitgrams.com\/#\/schema\/logo\/image\/\"}}]}<\/script>\n<!-- \/ Yoast SEO plugin. -->","yoast_head_json":{"title":"Alprazolamov\u00fd pr\u00e1\u0161ek na prodej - Koupit Alprazolam online | LegitGrams","description":"Hled\u00e1te alprazolamov\u00fd pr\u00e1\u0161ek na prodej online? LegitGrams je p\u0159edn\u00ed obchod, kde si m\u016f\u017eete koupit alprazolam online za nejlep\u0161\u00ed cenu. Objednejte si nyn\u00ed s diskr\u00e9tn\u00ed dopravou!","robots":{"index":"index","follow":"follow","max-snippet":"max-snippet:-1","max-image-preview":"max-image-preview:large","max-video-preview":"max-video-preview:-1"},"canonical":"https:\/\/legitgrams.com\/cs\/produkt\/alprazolam\/","og_locale":"cs_CZ","og_type":"article","og_title":"Alprazolam Powder for Sale - Buy Alprazolam Online | LegitGrams","og_description":"Are you looking for alprazolam powder for sale online? LegitGrams is a leading store where you can buy alprazolam online at the best price. Order Now with Discreet Shipping!","og_url":"https:\/\/legitgrams.com\/cs\/produkt\/alprazolam\/","og_site_name":"Legit Grams","article_modified_time":"2025-01-13T09:15:28+00:00","og_image":[{"width":600,"height":600,"url":"https:\/\/legitgrams.com\/wp-content\/uploads\/2024\/08\/Alprazolam.gif","type":"image\/gif"}],"twitter_card":"summary_large_image","twitter_misc":{"Odhadovan\u00e1 doba \u010dten\u00ed":"2 minuty"},"schema":{"@context":"https:\/\/schema.org","@graph":[{"@type":"WebPage","@id":"https:\/\/legitgrams.com\/product\/alprazolam\/","url":"https:\/\/legitgrams.com\/product\/alprazolam\/","name":"Alprazolamov\u00fd pr\u00e1\u0161ek na prodej - Koupit Alprazolam online | LegitGrams","isPartOf":{"@id":"https:\/\/legitgrams.com\/#website"},"primaryImageOfPage":{"@id":"https:\/\/legitgrams.com\/product\/alprazolam\/#primaryimage"},"image":{"@id":"https:\/\/legitgrams.com\/product\/alprazolam\/#primaryimage"},"thumbnailUrl":"https:\/\/legitgrams.com\/wp-content\/uploads\/2024\/08\/Alprazolam.gif","datePublished":"2024-08-03T05:49:32+00:00","dateModified":"2025-01-13T09:15:28+00:00","description":"Hled\u00e1te alprazolamov\u00fd pr\u00e1\u0161ek na prodej online? LegitGrams je p\u0159edn\u00ed obchod, kde si m\u016f\u017eete koupit alprazolam online za nejlep\u0161\u00ed cenu. Objednejte si nyn\u00ed s diskr\u00e9tn\u00ed dopravou!","breadcrumb":{"@id":"https:\/\/legitgrams.com\/product\/alprazolam\/#breadcrumb"},"inLanguage":"cs","potentialAction":[{"@type":"ReadAction","target":["https:\/\/legitgrams.com\/product\/alprazolam\/"]}]},{"@type":"ImageObject","inLanguage":"cs","@id":"https:\/\/legitgrams.com\/product\/alprazolam\/#primaryimage","url":"https:\/\/legitgrams.com\/wp-content\/uploads\/2024\/08\/Alprazolam.gif","contentUrl":"https:\/\/legitgrams.com\/wp-content\/uploads\/2024\/08\/Alprazolam.gif","width":600,"height":600,"caption":"Alprazolam Powder for Sale"},{"@type":"BreadcrumbList","@id":"https:\/\/legitgrams.com\/product\/alprazolam\/#breadcrumb","itemListElement":[{"@type":"ListItem","position":1,"name":"Home","item":"https:\/\/legitgrams.com\/"},{"@type":"ListItem","position":2,"name":"Shop","item":"https:\/\/legitgrams.com\/shop\/"},{"@type":"ListItem","position":3,"name":"Alprazolam"}]},{"@type":"WebSite","@id":"https:\/\/legitgrams.com\/#website","url":"https:\/\/legitgrams.com\/","name":"Leg\u00e1ln\u00ed gramy","description":"M\u016fj blog WordPress","publisher":{"@id":"https:\/\/legitgrams.com\/#organization"},"potentialAction":[{"@type":"SearchAction","target":{"@type":"EntryPoint","urlTemplate":"https:\/\/legitgrams.com\/?s={search_term_string}"},"query-input":{"@type":"PropertyValueSpecification","valueRequired":true,"valueName":"search_term_string"}}],"inLanguage":"cs"},{"@type":"Organization","@id":"https:\/\/legitgrams.com\/#organization","name":"Leg\u00e1ln\u00ed gramy","url":"https:\/\/legitgrams.com\/","logo":{"@type":"ImageObject","inLanguage":"cs","@id":"https:\/\/legitgrams.com\/#\/schema\/logo\/image\/","url":"https:\/\/legitgrams.com\/wp-content\/uploads\/2024\/09\/main-logo.png","contentUrl":"https:\/\/legitgrams.com\/wp-content\/uploads\/2024\/09\/main-logo.png","width":270,"height":75,"caption":"Legit Grams"},"image":{"@id":"https:\/\/legitgrams.com\/#\/schema\/logo\/image\/"}}]}},"uagb_featured_image_src":{"full":["https:\/\/legitgrams.com\/wp-content\/uploads\/2024\/08\/Alprazolam.gif",600,600,false],"thumbnail":["https:\/\/legitgrams.com\/wp-content\/uploads\/2024\/08\/Alprazolam-150x150.gif",150,150,true],"medium":["https:\/\/legitgrams.com\/wp-content\/uploads\/2024\/08\/Alprazolam-300x300.gif",300,300,true],"medium_large":["https:\/\/legitgrams.com\/wp-content\/uploads\/2024\/08\/Alprazolam.gif",600,600,false],"large":["https:\/\/legitgrams.com\/wp-content\/uploads\/2024\/08\/Alprazolam.gif",600,600,false],"1536x1536":["https:\/\/legitgrams.com\/wp-content\/uploads\/2024\/08\/Alprazolam.gif",600,600,false],"2048x2048":["https:\/\/legitgrams.com\/wp-content\/uploads\/2024\/08\/Alprazolam.gif",600,600,false],"trp-custom-language-flag":["https:\/\/legitgrams.com\/wp-content\/uploads\/2024\/08\/Alprazolam-12x12.gif",12,12,true],"woocommerce_thumbnail":["https:\/\/legitgrams.com\/wp-content\/uploads\/2024\/08\/Alprazolam-300x300.gif",300,300,true],"woocommerce_single":["https:\/\/legitgrams.com\/wp-content\/uploads\/2024\/08\/Alprazolam.gif",600,600,false],"woocommerce_gallery_thumbnail":["https:\/\/legitgrams.com\/wp-content\/uploads\/2024\/08\/Alprazolam-100x100.gif",100,100,true]},"uagb_author_info":{"display_name":"cokeblog18","author_link":"https:\/\/legitgrams.com\/cs\/author\/"},"uagb_comment_info":4,"uagb_excerpt":"For Sale: Alprazolam Powder Alprazolam is a potent, fast-acting benzodiazepine that relaxes the central nervous system. You can buy it online. If you want to buy alprazolam powder online and want to be certain that you&#8217;re getting a high-quality powder, go no further than Shenchulab. Furthermore, the Alprazolam Powder market is segmented based on geography,&hellip;","_links":{"self":[{"href":"https:\/\/legitgrams.com\/cs\/wp-json\/wp\/v2\/product\/3311","targetHints":{"allow":["GET"]}}],"collection":[{"href":"https:\/\/legitgrams.com\/cs\/wp-json\/wp\/v2\/product"}],"about":[{"href":"https:\/\/legitgrams.com\/cs\/wp-json\/wp\/v2\/types\/product"}],"replies":[{"embeddable":true,"href":"https:\/\/legitgrams.com\/cs\/wp-json\/wp\/v2\/comments?post=3311"}],"wp:featuredmedia":[{"embeddable":true,"href":"https:\/\/legitgrams.com\/cs\/wp-json\/wp\/v2\/media\/3327"}],"wp:attachment":[{"href":"https:\/\/legitgrams.com\/cs\/wp-json\/wp\/v2\/media?parent=3311"}],"wp:term":[{"taxonomy":"product_brand","embeddable":true,"href":"https:\/\/legitgrams.com\/cs\/wp-json\/wp\/v2\/product_brand?post=3311"},{"taxonomy":"product_cat","embeddable":true,"href":"https:\/\/legitgrams.com\/cs\/wp-json\/wp\/v2\/product_cat?post=3311"},{"taxonomy":"product_tag","embeddable":true,"href":"https:\/\/legitgrams.com\/cs\/wp-json\/wp\/v2\/product_tag?post=3311"}],"curies":[{"name":"wp","href":"https:\/\/api.w.org\/{rel}","templated":true}]}}