{"id":3312,"date":"2024-08-03T05:49:15","date_gmt":"2024-08-03T05:49:15","guid":{"rendered":"https:\/\/cokebricks.com\/?post_type=product&#038;p=3312"},"modified":"2025-01-11T11:05:33","modified_gmt":"2025-01-11T11:05:33","slug":"4fbca","status":"publish","type":"product","link":"https:\/\/legitgrams.com\/cs\/produkt\/4fbca\/","title":{"rendered":"4F-BCA"},"content":{"rendered":"<h2>4F-BCA na prodej od renomovan\u00fdch odborn\u00edk\u016f na kanabinoidy<\/h2>\n<p><a href=\"https:\/\/legitgrams.com\/cs\/produkt\/4fbca\/\">4F-BCA<\/a> je jedn\u00edm z nejnov\u011bj\u0161\u00edch dostupn\u00fdch leg\u00e1ln\u00edch produkt\u016f z konop\u00ed. Studovan\u00e1 chemik\u00e1lie je \u017elut\u00e1 a m\u00e1 \u010distotu 99,6 %. Chemik\u00e1lie mus\u00ed b\u00fdt skladov\u00e1na na chladn\u00e9m a such\u00e9m m\u00edst\u011b. L\u00e9k funguje podobn\u011b jako l\u00e9ky 4adb a 5adb.<\/p>\n<p>Jakmile byl 4f-adb v \u010c\u00edn\u011b zak\u00e1z\u00e1n, byl vyvinut 4f-BCA, aby zaujal jeho m\u00edsto. Nejnov\u011bj\u0161\u00ed experiment\u00e1ln\u00ed syntetizovan\u00e9 molekuly t\u0159\u00eddy konop\u00ed, kter\u00e9 jsou na trhu, jsou 4f-BCA a 5f-aeb-2201. Ka\u017ed\u00fd z nich nahrazuje p\u016fvodn\u00ed 4f-adb a 5f-mdm-2201 za 4f-adb a 5f-mdm-2201.<\/p>\n<p>Dal\u0161\u00ed <a href=\"https:\/\/en.wikipedia.org\/\">LegitGrams<\/a> pro logick\u00e9 testov\u00e1n\u00ed je 4fbca. <a href=\"https:\/\/en.wikipedia.org\/wiki\/BCA\">4FBCA<\/a> je dob\u0159e zn\u00e1m\u00fd, ned\u00e1vno objeven\u00fd kanabinoid se siln\u00fdmi zku\u0161enostmi. Mohou odborn\u00edci s pot\u0159ebnou kvalifikac\u00ed, kte\u0159\u00ed se v posledn\u00ed dob\u011b zab\u00fdvali siln\u00fdm syntetick\u00fdm konop\u00edm<\/p>\n<h3>Renomovan\u00ed odborn\u00edci na kanabinoidy prod\u00e1vaj\u00ed 4F-BCA<\/h3>\n<p>z\u00edskat 4FBCA. Podobn\u011b jako 4f-adb a 5f-adb funguje podobn\u011b. 4fbca je k dispozici online od renomovan\u00fdch prodejc\u016f, jako je LegitGrams.<\/p>\n<p>Investujte do 4F-BCA s hodnocen\u00edm 99,7 %. Usilovn\u011b pracujeme na tom, abychom udr\u017eeli v\u0161echny na\u0161e produkty, v\u010detn\u011b konop\u00ed, kter\u00e9 u n\u00e1s koup\u00edte, na nejvy\u0161\u0161\u00ed mo\u017en\u00e9 \u00farovni. Jin\u00fdmi slovy, v\u0161e, co mus\u00edte ud\u011blat, je po\u017e\u00e1dat Legit Cannabis o 99,7% \u010distou l\u00e9ka\u0159skou marihuanu.<\/p>\n<p>Jak\u00fd je nejlep\u0161\u00ed obchod pro 4F-BCA? 4F-BCA nab\u00edz\u00ed leg\u00e1ln\u00ed kanabinoidy za rozumnou cenu online. Na\u0161e rozs\u00e1hl\u00e9 zku\u0161enosti v t\u00e9to oblasti n\u00e1m umo\u017e\u0148uj\u00ed porozum\u011bt tomu, co si klienti mysl\u00ed. N\u00e1\u0161 t\u00fdm oddan\u00fdch a pe\u010dliv\u00fdch profesion\u00e1l\u016f chce nab\u00eddnout na\u0161e slu\u017eby a produkty ka\u017ed\u00e9mu a zajistit, aby kvalita kone\u010dn\u00e9ho produktu odpov\u00eddala va\u0161\u00ed spokojenosti. Ve v\u00fdsledku z toho nikdy ned\u011bl\u00e1me kompromisy. Kdekoli na sv\u011bt\u011b m\u016f\u017eeme odeslat jak\u00fdkoli z na\u0161ich origin\u00e1ln\u00edch produkt\u016f. Mezi funkce, kter\u00e9 na\u0161i spole\u010dnost odli\u0161uj\u00ed od konkurence, pat\u0159\u00ed na\u0161e diskr\u00e9tn\u00ed balen\u00ed, spr\u00e1vn\u00e9 d\u00e1vkov\u00e1n\u00ed, v\u010dasn\u00e9 dod\u00e1n\u00ed, pr\u00e9miov\u00fd 4F-BCA na prodej a bezpe\u010dn\u00e1 doprava.<\/p>\n<p>Na na\u0161ich webov\u00fdch str\u00e1nk\u00e1ch poskytujeme Legit Grams pro bezpe\u010dn\u00fd a jednoduch\u00fd online n\u00e1kup. Usilovn\u011b pracujeme na ochran\u011b v\u0161ech dat na\u0161ich z\u00e1kazn\u00edk\u016f v na\u0161em syst\u00e9mu. Krom\u011b toho jsou v\u0161echny na\u0161e finan\u010dn\u00ed transakce bezpe\u010dn\u00e9.<\/p>\n<h3>Technika pou\u017eit\u00ed<\/h3>\n<p>P\u0159esn\u011bji \u0159e\u010deno, v sou\u010dasn\u00e9 dob\u011b nejsou k dispozici \u017e\u00e1dn\u00e9 informace o pou\u017eit\u00ed 4F-BCA na prodej. N\u011bkdy se lid\u00e9, kte\u0159\u00ed jsou bez domova nebo trp\u00ed silnou \u00fazkost\u00ed, obracej\u00ed na drogy jako na uklid\u0148uj\u00edc\u00ed proces. Kou\u0159en\u00ed je nejobl\u00edben\u011bj\u0161\u00ed zp\u016fsob po\u017eit\u00ed, i kdy\u017e jej lze u\u017e\u00edvat i or\u00e1ln\u011b. D\u016fle\u017eit\u011bj\u0161\u00ed ne\u017e zp\u016fsob pod\u00e1n\u00ed je p\u0159esn\u00e9 mno\u017estv\u00ed a mno\u017estv\u00ed pod\u00e1van\u00e9ho l\u00e9ku.<\/p>\n<p>V\u011bt\u0161ina lid\u00ed si neuv\u011bdomuje p\u0159esn\u00e9 mno\u017estv\u00ed nebo slo\u017eku, kterou konzumuj\u00ed. Podle zji\u0161t\u011bn\u00ed l\u00e9ka\u0159sk\u00fdch pr\u016fzkum\u016f nemaj\u00ed tyto l\u00e9ky pou\u017eit\u00ed v obchod\u011b, pr\u016fmyslu ani medic\u00edn\u011b.<\/p>\n<h3>Jak\u00e9 je pou\u017eit\u00ed pr\u00e1\u0161ku 4F-BCA?<\/h3>\n<p>Investujte do nejkvalitn\u011bj\u0161\u00edho pr\u00e1\u0161ku 4F-BCA, kter\u00fd je dostupn\u00fd. Koupit v r\u016fzn\u00fdch mno\u017estv\u00edch (10g, 50g, 100g, 500g, 1000g). Uchov\u00e1vejte pr\u00e1\u0161ek n\u011bkde v chladu a suchu, abyste prodlou\u017eili jeho trvanlivost. P\u0159i manipulaci s v\u00fdzkumn\u00fdmi chemik\u00e1liemi v laborato\u0159i v\u017edy nezapome\u0148te p\u0159ijmout po\u017eadovan\u00e1 bezpe\u010dnostn\u00ed opat\u0159en\u00ed, jako je no\u0161en\u00ed rukavic, masky, ochrann\u00e9ho od\u011bvu a \u010di\u0161t\u011bn\u00ed povrchu. Z\u00edskejte origin\u00e1ln\u00ed gramy 4F-BCA online. Chcete-li zadat online objedn\u00e1vku 4F-BCA, kontaktujte legitgrams!<\/p>\n<p>&nbsp;<\/p>","protected":false},"excerpt":{"rendered":"<p>4F-MDMB-BINACA, \u010dasto ozna\u010dovan\u00fd jako MDMB-4F-BINACA, 4F-MDMB-BUTINACA nebo 4F-ADB, je syntetick\u00fd kanabinoid odvozen\u00fd od indazol\u016f a pat\u0159\u00edc\u00ed do skupiny indazol-3-karboxamid\u016f. Od konce roku 2018 je uv\u00e1d\u011bn na trh jako designov\u00fd l\u00e9k a pou\u017e\u00edv\u00e1 se jako aktivn\u00ed slo\u017eka v syntetick\u00fdch konopn\u00fdch produktech. Nen\u00ed zn\u00e1mo, zda je 4F-MDMB-BINACA selektivn\u00ed pro receptor CB1, je v\u0161ak agonistou tohoto receptoru (EC50 = 7,39 nM). \u00da\u0159ad OSN pro drogy a kriminalitu (UNODC) zve\u0159ejnil v prosinci 2019 doporu\u010den\u00ed pro za\u0159azen\u00ed do seznamu, podle kter\u00e9ho je 4F-MDMB-BINACA celosv\u011btov\u011b za\u0159azen do seznamu II.<\/p>","protected":false},"featured_media":5527,"comment_status":"open","ping_status":"closed","template":"","meta":{"_uag_custom_page_level_css":"","site-sidebar-layout":"default","site-content-layout":"default","ast-global-header-display":"","ast-main-header-display":"","ast-hfb-above-header-display":"","ast-hfb-below-header-display":"","ast-hfb-mobile-header-display":"","site-post-title":"","ast-breadcrumbs-content":"","ast-featured-img":"","footer-sml-layout":"","theme-transparent-header-meta":"default","adv-header-id-meta":"","stick-header-meta":"default","header-above-stick-meta":"","header-main-stick-meta":"","header-below-stick-meta":"","_joinchat":[]},"product_brand":[],"product_cat":[190],"product_tag":[233,234,235,236,237,238,239,240,241,242,243,244,245,246,247,248,249,250,251],"class_list":{"0":"post-3312","1":"product","2":"type-product","3":"status-publish","4":"has-post-thumbnail","6":"product_cat-cannabinoids","7":"product_tag-4f-adb-experience","8":"product_tag-4f-adb-reddit","9":"product_tag-4f-adb-review","10":"product_tag-4fadb-dosage-4f-adb-psychonaut","11":"product_tag-5f-mdmb-2201","12":"product_tag-5f-mdmb-2201-dosage","13":"product_tag-5f-mdmb-2201-opinie","14":"product_tag-5f-mdmb-2201-reddit","15":"product_tag-5f-mdmb-2201-review","16":"product_tag-5f-mdmb-2201-wiki","17":"product_tag-5f-mdmb2201-cannabinoid","18":"product_tag-5f-mdmbcayman","19":"product_tag-5fadb-cbf","20":"product_tag-5fadb-dosage","21":"product_tag-5fadb-toxicity","22":"product_tag-5fmbmb-2201","23":"product_tag-5fmdmb-2201-psychonaut","24":"product_tag-5fmdmb2201-5f-mdmb-2201-kannabinoid","25":"product_tag-buy-4f-adb","26":"desktop-align-left","27":"tablet-align-left","28":"mobile-align-left","29":"ast-product-gallery-layout-horizontal","30":"ast-product-gallery-with-no-image","31":"ast-product-single-variable","32":"ast-product-tabs-layout-horizontal","33":"ast-qv-on-image","35":"first","36":"instock","37":"shipping-taxable","38":"purchasable","39":"product-type-variable"},"yoast_head":"<!-- This site is optimized with the Yoast SEO plugin v25.9 - https:\/\/yoast.com\/wordpress\/plugins\/seo\/ -->\n<title>4F-BCA for Sale - Buy 4F-BCA Powder Online @ Best Price<\/title>\n<meta name=\"description\" content=\"Explore our online store for 4F-BCA powder for sale, offering high-quality 4F-BCA. Buy 4F-BCA online securely and embark on your research journey with confidence. Order Now!\" \/>\n<meta name=\"robots\" content=\"index, follow, max-snippet:-1, max-image-preview:large, max-video-preview:-1\" \/>\n<link rel=\"canonical\" href=\"https:\/\/legitgrams.com\/cs\/produkt\/4fbca\/\" \/>\n<meta property=\"og:locale\" content=\"cs_CZ\" \/>\n<meta property=\"og:type\" content=\"article\" \/>\n<meta property=\"og:title\" content=\"4F-BCA for Sale - Buy 4F-BCA Powder Online @ Best Price\" \/>\n<meta property=\"og:description\" content=\"Explore our online store for 4F-BCA powder for sale, offering high-quality 4F-BCA. Buy 4F-BCA online securely and embark on your research journey with confidence. Order Now!\" \/>\n<meta property=\"og:url\" content=\"https:\/\/legitgrams.com\/cs\/produkt\/4fbca\/\" \/>\n<meta property=\"og:site_name\" content=\"Legit Grams\" \/>\n<meta property=\"article:modified_time\" content=\"2025-01-11T11:05:33+00:00\" \/>\n<meta property=\"og:image\" content=\"https:\/\/legitgrams.com\/wp-content\/uploads\/2024\/08\/4f-bca-1.gif\" \/>\n\t<meta property=\"og:image:width\" content=\"300\" \/>\n\t<meta property=\"og:image:height\" content=\"300\" \/>\n\t<meta property=\"og:image:type\" content=\"image\/gif\" \/>\n<meta name=\"twitter:card\" content=\"summary_large_image\" \/>\n<meta name=\"twitter:label1\" content=\"Odhadovan\u00e1 doba \u010dten\u00ed\" \/>\n\t<meta name=\"twitter:data1\" content=\"3 minuty\" \/>\n<script type=\"application\/ld+json\" class=\"yoast-schema-graph\">{\"@context\":\"https:\/\/schema.org\",\"@graph\":[{\"@type\":\"WebPage\",\"@id\":\"https:\/\/legitgrams.com\/product\/4fbca\/\",\"url\":\"https:\/\/legitgrams.com\/product\/4fbca\/\",\"name\":\"4F-BCA for Sale - Buy 4F-BCA Powder Online @ Best Price\",\"isPartOf\":{\"@id\":\"https:\/\/legitgrams.com\/#website\"},\"primaryImageOfPage\":{\"@id\":\"https:\/\/legitgrams.com\/product\/4fbca\/#primaryimage\"},\"image\":{\"@id\":\"https:\/\/legitgrams.com\/product\/4fbca\/#primaryimage\"},\"thumbnailUrl\":\"https:\/\/legitgrams.com\/wp-content\/uploads\/2024\/08\/4f-bca-1.gif\",\"datePublished\":\"2024-08-03T05:49:15+00:00\",\"dateModified\":\"2025-01-11T11:05:33+00:00\",\"description\":\"Explore our online store for 4F-BCA powder for sale, offering high-quality 4F-BCA. Buy 4F-BCA online securely and embark on your research journey with confidence. Order Now!\",\"breadcrumb\":{\"@id\":\"https:\/\/legitgrams.com\/product\/4fbca\/#breadcrumb\"},\"inLanguage\":\"cs\",\"potentialAction\":[{\"@type\":\"ReadAction\",\"target\":[\"https:\/\/legitgrams.com\/product\/4fbca\/\"]}]},{\"@type\":\"ImageObject\",\"inLanguage\":\"cs\",\"@id\":\"https:\/\/legitgrams.com\/product\/4fbca\/#primaryimage\",\"url\":\"https:\/\/legitgrams.com\/wp-content\/uploads\/2024\/08\/4f-bca-1.gif\",\"contentUrl\":\"https:\/\/legitgrams.com\/wp-content\/uploads\/2024\/08\/4f-bca-1.gif\",\"width\":300,\"height\":300,\"caption\":\"4F-BCA for Sale\"},{\"@type\":\"BreadcrumbList\",\"@id\":\"https:\/\/legitgrams.com\/product\/4fbca\/#breadcrumb\",\"itemListElement\":[{\"@type\":\"ListItem\",\"position\":1,\"name\":\"Home\",\"item\":\"https:\/\/legitgrams.com\/\"},{\"@type\":\"ListItem\",\"position\":2,\"name\":\"Shop\",\"item\":\"https:\/\/legitgrams.com\/shop\/\"},{\"@type\":\"ListItem\",\"position\":3,\"name\":\"4F-BCA\"}]},{\"@type\":\"WebSite\",\"@id\":\"https:\/\/legitgrams.com\/#website\",\"url\":\"https:\/\/legitgrams.com\/\",\"name\":\"Legit Grams\",\"description\":\"My WordPress Blog\",\"publisher\":{\"@id\":\"https:\/\/legitgrams.com\/#organization\"},\"potentialAction\":[{\"@type\":\"SearchAction\",\"target\":{\"@type\":\"EntryPoint\",\"urlTemplate\":\"https:\/\/legitgrams.com\/?s={search_term_string}\"},\"query-input\":{\"@type\":\"PropertyValueSpecification\",\"valueRequired\":true,\"valueName\":\"search_term_string\"}}],\"inLanguage\":\"cs\"},{\"@type\":\"Organization\",\"@id\":\"https:\/\/legitgrams.com\/#organization\",\"name\":\"Legit Grams\",\"url\":\"https:\/\/legitgrams.com\/\",\"logo\":{\"@type\":\"ImageObject\",\"inLanguage\":\"cs\",\"@id\":\"https:\/\/legitgrams.com\/#\/schema\/logo\/image\/\",\"url\":\"https:\/\/legitgrams.com\/wp-content\/uploads\/2024\/09\/main-logo.png\",\"contentUrl\":\"https:\/\/legitgrams.com\/wp-content\/uploads\/2024\/09\/main-logo.png\",\"width\":270,\"height\":75,\"caption\":\"Legit Grams\"},\"image\":{\"@id\":\"https:\/\/legitgrams.com\/#\/schema\/logo\/image\/\"}}]}<\/script>\n<!-- \/ Yoast SEO plugin. -->","yoast_head_json":{"title":"4F-BCA na prodej - koupit 4F-BCA pr\u00e1\u0161ek online @ Nejlep\u0161\u00ed cena","description":"Prozkoumejte n\u00e1\u0161 internetov\u00fd obchod pro prodej pr\u00e1\u0161ku 4F-BCA, kter\u00fd nab\u00edz\u00ed vysoce kvalitn\u00ed 4F-BCA. Kupte si 4F-BCA bezpe\u010dn\u011b online a vydejte se s d\u016fv\u011brou na svou v\u00fdzkumnou cestu. Objednejte si nyn\u00ed!","robots":{"index":"index","follow":"follow","max-snippet":"max-snippet:-1","max-image-preview":"max-image-preview:large","max-video-preview":"max-video-preview:-1"},"canonical":"https:\/\/legitgrams.com\/cs\/produkt\/4fbca\/","og_locale":"cs_CZ","og_type":"article","og_title":"4F-BCA for Sale - Buy 4F-BCA Powder Online @ Best Price","og_description":"Explore our online store for 4F-BCA powder for sale, offering high-quality 4F-BCA. Buy 4F-BCA online securely and embark on your research journey with confidence. Order Now!","og_url":"https:\/\/legitgrams.com\/cs\/produkt\/4fbca\/","og_site_name":"Legit Grams","article_modified_time":"2025-01-11T11:05:33+00:00","og_image":[{"width":300,"height":300,"url":"https:\/\/legitgrams.com\/wp-content\/uploads\/2024\/08\/4f-bca-1.gif","type":"image\/gif"}],"twitter_card":"summary_large_image","twitter_misc":{"Odhadovan\u00e1 doba \u010dten\u00ed":"3 minuty"},"schema":{"@context":"https:\/\/schema.org","@graph":[{"@type":"WebPage","@id":"https:\/\/legitgrams.com\/product\/4fbca\/","url":"https:\/\/legitgrams.com\/product\/4fbca\/","name":"4F-BCA na prodej - koupit 4F-BCA pr\u00e1\u0161ek online @ Nejlep\u0161\u00ed cena","isPartOf":{"@id":"https:\/\/legitgrams.com\/#website"},"primaryImageOfPage":{"@id":"https:\/\/legitgrams.com\/product\/4fbca\/#primaryimage"},"image":{"@id":"https:\/\/legitgrams.com\/product\/4fbca\/#primaryimage"},"thumbnailUrl":"https:\/\/legitgrams.com\/wp-content\/uploads\/2024\/08\/4f-bca-1.gif","datePublished":"2024-08-03T05:49:15+00:00","dateModified":"2025-01-11T11:05:33+00:00","description":"Prozkoumejte n\u00e1\u0161 internetov\u00fd obchod pro prodej pr\u00e1\u0161ku 4F-BCA, kter\u00fd nab\u00edz\u00ed vysoce kvalitn\u00ed 4F-BCA. Kupte si 4F-BCA bezpe\u010dn\u011b online a vydejte se s d\u016fv\u011brou na svou v\u00fdzkumnou cestu. Objednejte si nyn\u00ed!","breadcrumb":{"@id":"https:\/\/legitgrams.com\/product\/4fbca\/#breadcrumb"},"inLanguage":"cs","potentialAction":[{"@type":"ReadAction","target":["https:\/\/legitgrams.com\/product\/4fbca\/"]}]},{"@type":"ImageObject","inLanguage":"cs","@id":"https:\/\/legitgrams.com\/product\/4fbca\/#primaryimage","url":"https:\/\/legitgrams.com\/wp-content\/uploads\/2024\/08\/4f-bca-1.gif","contentUrl":"https:\/\/legitgrams.com\/wp-content\/uploads\/2024\/08\/4f-bca-1.gif","width":300,"height":300,"caption":"4F-BCA for Sale"},{"@type":"BreadcrumbList","@id":"https:\/\/legitgrams.com\/product\/4fbca\/#breadcrumb","itemListElement":[{"@type":"ListItem","position":1,"name":"Home","item":"https:\/\/legitgrams.com\/"},{"@type":"ListItem","position":2,"name":"Shop","item":"https:\/\/legitgrams.com\/shop\/"},{"@type":"ListItem","position":3,"name":"4F-BCA"}]},{"@type":"WebSite","@id":"https:\/\/legitgrams.com\/#website","url":"https:\/\/legitgrams.com\/","name":"Leg\u00e1ln\u00ed gramy","description":"M\u016fj blog WordPress","publisher":{"@id":"https:\/\/legitgrams.com\/#organization"},"potentialAction":[{"@type":"SearchAction","target":{"@type":"EntryPoint","urlTemplate":"https:\/\/legitgrams.com\/?s={search_term_string}"},"query-input":{"@type":"PropertyValueSpecification","valueRequired":true,"valueName":"search_term_string"}}],"inLanguage":"cs"},{"@type":"Organization","@id":"https:\/\/legitgrams.com\/#organization","name":"Leg\u00e1ln\u00ed gramy","url":"https:\/\/legitgrams.com\/","logo":{"@type":"ImageObject","inLanguage":"cs","@id":"https:\/\/legitgrams.com\/#\/schema\/logo\/image\/","url":"https:\/\/legitgrams.com\/wp-content\/uploads\/2024\/09\/main-logo.png","contentUrl":"https:\/\/legitgrams.com\/wp-content\/uploads\/2024\/09\/main-logo.png","width":270,"height":75,"caption":"Legit Grams"},"image":{"@id":"https:\/\/legitgrams.com\/#\/schema\/logo\/image\/"}}]}},"uagb_featured_image_src":{"full":["https:\/\/legitgrams.com\/wp-content\/uploads\/2024\/08\/4f-bca-1.gif",300,300,false],"thumbnail":["https:\/\/legitgrams.com\/wp-content\/uploads\/2024\/08\/4f-bca-1-150x150.gif",150,150,true],"medium":["https:\/\/legitgrams.com\/wp-content\/uploads\/2024\/08\/4f-bca-1.gif",300,300,false],"medium_large":["https:\/\/legitgrams.com\/wp-content\/uploads\/2024\/08\/4f-bca-1.gif",300,300,false],"large":["https:\/\/legitgrams.com\/wp-content\/uploads\/2024\/08\/4f-bca-1.gif",300,300,false],"1536x1536":["https:\/\/legitgrams.com\/wp-content\/uploads\/2024\/08\/4f-bca-1.gif",300,300,false],"2048x2048":["https:\/\/legitgrams.com\/wp-content\/uploads\/2024\/08\/4f-bca-1.gif",300,300,false],"trp-custom-language-flag":["https:\/\/legitgrams.com\/wp-content\/uploads\/2024\/08\/4f-bca-1-12x12.gif",12,12,true],"woocommerce_thumbnail":["https:\/\/legitgrams.com\/wp-content\/uploads\/2024\/08\/4f-bca-1.gif",300,300,false],"woocommerce_single":["https:\/\/legitgrams.com\/wp-content\/uploads\/2024\/08\/4f-bca-1.gif",300,300,false],"woocommerce_gallery_thumbnail":["https:\/\/legitgrams.com\/wp-content\/uploads\/2024\/08\/4f-bca-1-100x100.gif",100,100,true]},"uagb_author_info":{"display_name":"cokeblog18","author_link":"https:\/\/legitgrams.com\/cs\/author\/"},"uagb_comment_info":0,"uagb_excerpt":"4F-MDMB-BINACA, often referred to as MDMB-4F-BINACA, 4F-MDMB-BUTINACA, or 4F-ADB, is a synthetic cannabinoid derived from indazoles and a member of the indazole-3-carboxamide family. It has been marketed as a designer medication since late 2018 and used as an active component in synthetic cannabis products. It is unknown if 4F-MDMB-BINACA is selective for the CB1 receptor,&hellip;","_links":{"self":[{"href":"https:\/\/legitgrams.com\/cs\/wp-json\/wp\/v2\/product\/3312","targetHints":{"allow":["GET"]}}],"collection":[{"href":"https:\/\/legitgrams.com\/cs\/wp-json\/wp\/v2\/product"}],"about":[{"href":"https:\/\/legitgrams.com\/cs\/wp-json\/wp\/v2\/types\/product"}],"replies":[{"embeddable":true,"href":"https:\/\/legitgrams.com\/cs\/wp-json\/wp\/v2\/comments?post=3312"}],"wp:featuredmedia":[{"embeddable":true,"href":"https:\/\/legitgrams.com\/cs\/wp-json\/wp\/v2\/media\/5527"}],"wp:attachment":[{"href":"https:\/\/legitgrams.com\/cs\/wp-json\/wp\/v2\/media?parent=3312"}],"wp:term":[{"taxonomy":"product_brand","embeddable":true,"href":"https:\/\/legitgrams.com\/cs\/wp-json\/wp\/v2\/product_brand?post=3312"},{"taxonomy":"product_cat","embeddable":true,"href":"https:\/\/legitgrams.com\/cs\/wp-json\/wp\/v2\/product_cat?post=3312"},{"taxonomy":"product_tag","embeddable":true,"href":"https:\/\/legitgrams.com\/cs\/wp-json\/wp\/v2\/product_tag?post=3312"}],"curies":[{"name":"wp","href":"https:\/\/api.w.org\/{rel}","templated":true}]}}