{"id":3313,"date":"2024-08-03T05:49:11","date_gmt":"2024-08-03T05:49:11","guid":{"rendered":"https:\/\/cokebricks.com\/?post_type=product&#038;p=3313"},"modified":"2025-03-08T06:04:40","modified_gmt":"2025-03-08T06:04:40","slug":"isotonitazen","status":"publish","type":"product","link":"https:\/\/legitgrams.com\/cs\/produkt\/isotonitazen\/","title":{"rendered":"Koupit Isotonitazene online"},"content":{"rendered":"<h2>Koupit online Isotonitazen<\/h2>\n<p><a href=\"https:\/\/legitgrams.com\/cs\/produkt\/isotonitazen\/\">Koupit Isotonitazene<\/a> je speci\u00e1ln\u00ed droga, kter\u00e1 zat\u00edm nen\u00ed neleg\u00e1ln\u00ed. Po\u010det ob\u011bt\u00ed se v\u0161ak zv\u00fd\u0161il. Mnoho \u00famrt\u00ed ve Spojen\u00fdch st\u00e1tech bylo spojeno s nov\u00fdm, leg\u00e1ln\u00edm syntetick\u00fdm opioidem, kter\u00fd je stejn\u011b smrt\u00edc\u00ed jako fentanyl. Zd\u00e1 se, \u017ee objev isotonitazenu v severoamerick\u00e9m potravinov\u00e9m \u0159et\u011bzci potvrzuje obavy vznesen\u00e9 p\u0159ed rokem ohledn\u011b mo\u017enosti, \u017ee laboratorn\u00ed l\u00e9ky zp\u016fsobuj\u00edc\u00ed opioidn\u00ed krizi v zemi nebudou zastaveny. <a href=\"https:\/\/www.bing.com\/search?q=Buy%20Isotonitazene%20Online&amp;qs=n&amp;form=QBRE&amp;sp=-1&amp;lq=0&amp;pq=buy%20isotonitazene%20online&amp;sc=0-24&amp;sk=&amp;cvid=C8773ECBD1FF437F900CC7D38DE1EDBA&amp;ghsh=0&amp;ghacc=0&amp;ghpl=\">isotonitazen<\/a> Zd\u00e1 se, \u017ee pokles potravin v Severn\u00ed Americe potvrzuje obavy vznesen\u00e9 p\u0159ed rokem, \u017ee laboratorn\u011b vyroben\u00e9 drogy, kter\u00e9 zp\u016fsobuj\u00ed opioidn\u00ed krizi v zemi, nebudou zastaveny.<\/p>\n<h3>Kde mohu z\u00edskat Iso Powder online?<\/h3>\n<p>Podle ned\u00e1vn\u00e9ho ozn\u00e1men\u00ed Barryho K. Logana, hlavn\u00edho v\u011bdce NMS Laboratories a glob\u00e1ln\u00edho odborn\u00edka na forenzn\u00ed toxikologii, na\u0161li jeho kolegov\u00e9 isotonitazen, stejnou molekulu jako fentanyl, ve vzorc\u00edch od v\u00edce ne\u017e 200 u\u017eivatel\u016f drog, kte\u0159\u00ed zem\u0159eli na St\u0159edoz\u00e1pad\u011b a severov\u00fdchod\u011b. . <a href=\"https:\/\/www.bing.com\/search?q=Buy%20Isotonitazene%20Online&amp;qs=n&amp;form=QBRE&amp;sp=-1&amp;lq=0&amp;pq=buy%20isotonitazene%20online&amp;sc=0-24&amp;sk=&amp;cvid=C8773ECBD1FF437F900CC7D38DE1EDBA&amp;ghsh=0&amp;ghacc=0&amp;ghpl=\">isotonitazen<\/a>, the same molecule as fentanyl, in samples from more than 200 drug users died in the Midwest and Northeast. <a href=\"https:\/\/legitgrams.com\/cs\/\">LegitGrams<\/a><\/p>\n<p>Logan \u0159ekl: \"Nejb\u011b\u017en\u011bj\u0161\u00edm a nejroz\u0161\u00ed\u0159en\u011bj\u0161\u00edm nov\u00fdm prost\u0159edkem ve Spojen\u00fdch st\u00e1tech je isotonitazen.\" <a href=\"https:\/\/duckduckgo.com\/?q=Buy+Isotonitazene+Online&amp;t=h_&amp;ia=web\">isotonitazen<\/a>.&#8221;<\/p>\n<p>indicates that the number of deaths in the US from <a href=\"https:\/\/duckduckgo.com\/?q=Buy+Isotonitazene+Online&amp;t=h_&amp;ia=web\">isotonitazen<\/a> has increased from about six during the summer to 40 to 50 every month.<\/p>\n<h3>Nakupujte d\u016fv\u011bryhodn\u00e9 syntetick\u00e9 opioidy online.<\/h3>\n<p>Logan\u016fv t\u00fdm loni v USA objevil pouze 12 nov\u00fdch opioid\u016f, ale isotonitazen se rychle stal zn\u00e1m\u00fdm. \u201eL\u00e1tka, kter\u00e1 se st\u00e1v\u00e1 popul\u00e1rn\u011bj\u0161\u00ed, je isotonitazen; s nov\u00fdmi se setk\u00e1v\u00e1me jen jednou nebo dvakr\u00e1t.<\/p>\n<p>Podle Logana je \u201enejb\u011b\u017en\u011bj\u0161\u00edm a nejroz\u0161\u00ed\u0159en\u011bj\u0161\u00edm nov\u00fdm prost\u0159edkem ve Spojen\u00fdch st\u00e1tech isotonitazen\u201c.<\/p>\n<p>indicates that the number of deaths in the US from <a href=\"https:\/\/www.google.com\/search?q=Buy+Isotonitazene+Online&amp;num=10&amp;sca_esv=1a2a07081c7891bb&amp;rlz=1C1RXQR_enIN1098IN1098&amp;sxsrf=AHTn8zqRnNcZtkQEK_gLmxgthNuOExdFTw%3A1741413766389&amp;ei=ht3LZ5uqF6qeseMP4Yn5-Ak&amp;ved=0ahUKEwibhc_n5_mLAxUqT2wGHeFEHp8Q4dUDCBI&amp;uact=5&amp;oq=Buy+Isotonitazene+Online&amp;gs_lp=Egxnd3Mtd2l6LXNlcnAiGEJ1eSBJc290b25pdGF6ZW5lIE9ubGluZUilClCkBlikBnADeACQAQCYAagBoAGoAaoBAzAuMbgBA8gBAPgBAvgBAZgCAKACAJgDAIgGAZIHAKAHTA&amp;sclient=gws-wiz-serp\">isotonitazen<\/a> has increased from about six during the summer to 40 to 50 every month.<\/p>\n<h3>Nakupujte d\u016fv\u011bryhodn\u00e9 syntetick\u00e9 opioidy online.<\/h3>\n<p>Logan\u016fv t\u00fdm loni v USA objevil pouze 12 nov\u00fdch opioid\u016f <a href=\"https:\/\/en.wikipedia.org\/wiki\/Isotonitazene\">isotonitazen<\/a> se rychle stal zn\u00e1m\u00fdm. \u201eIsotonitazen je nej\u010dast\u011bji pozorovanou l\u00e1tkou; v\u011bt\u0161ina nov\u00fdch se objev\u00ed pouze jednou nebo dvakr\u00e1t.<\/p>\n<p>The largest synthetic opioid sold online in Canada is also impacted. In March, <a href=\"https:\/\/www.google.com\/search?q=Buy+Isotonitazene+Online&amp;num=10&amp;sca_esv=1a2a07081c7891bb&amp;rlz=1C1RXQR_enIN1098IN1098&amp;sxsrf=AHTn8zqRnNcZtkQEK_gLmxgthNuOExdFTw%3A1741413766389&amp;ei=ht3LZ5uqF6qeseMP4Yn5-Ak&amp;ved=0ahUKEwibhc_n5_mLAxUqT2wGHeFEHp8Q4dUDCBI&amp;uact=5&amp;oq=Buy+Isotonitazene+Online&amp;gs_lp=Egxnd3Mtd2l6LXNlcnAiGEJ1eSBJc290b25pdGF6ZW5lIE9ubGluZUilClCkBlikBnADeACQAQCYAagBoAGoAaoBAzAuMbgBA8gBAPgBAvgBAZgCAKACAJgDAIgGAZIHAKAHTA&amp;sclient=gws-wiz-serp\">isotonitazen<\/a> Ovlivn\u011bn je tak\u00e9 nejv\u011bt\u0161\u00ed syntetick\u00fd opioid prod\u00e1van\u00fd online v Kanad\u011b. V b\u0159eznu byl isotonitazen objeven v 1900 pad\u011blan\u00fdch l\u00e9c\u00edch na p\u0159edpis v Newfoundlandu a Nov\u00e9m Skotsku. L\u00e9k byl formulov\u00e1n jako tablety podobn\u00e9 hydromorfonu. Dilaudid, n\u011bkdy zn\u00e1m\u00fd jako Oxycontin, je velmi vyhled\u00e1van\u00fd syntetick\u00fd opioid.<\/p>\n<h2><\/h2>\n<h2><\/h2>\n<h2><\/h2>\n<p>&nbsp;<\/p>","protected":false},"excerpt":{"rendered":"<p>Purchase Online Isotonitazene Buy Isotonitazene is a special drug that isn&#8217;t yet illegal. However, the number of fatalities has increased. Many deaths in the United States have been linked to a new, legal synthetic opioid that is equally deadly as fentanyl. The discovery of isotonitazene in North America&#8217;s food chain seems to confirm concerns raised &hellip;<\/p>\n<p class=\"read-more\"> <a class=\"\" href=\"https:\/\/legitgrams.com\/cs\/produkt\/isotonitazen\/\"> <span class=\"screen-reader-text\">Koupit Isotonitazene online<\/span> \u010c\u00edst d\u00e1l \"<\/a><\/p>","protected":false},"featured_media":3322,"comment_status":"open","ping_status":"closed","template":"","meta":{"_uag_custom_page_level_css":"","site-sidebar-layout":"default","site-content-layout":"default","ast-global-header-display":"","ast-main-header-display":"","ast-hfb-above-header-display":"","ast-hfb-below-header-display":"","ast-hfb-mobile-header-display":"","site-post-title":"","ast-breadcrumbs-content":"","ast-featured-img":"","footer-sml-layout":"","theme-transparent-header-meta":"default","adv-header-id-meta":"","stick-header-meta":"default","header-above-stick-meta":"","header-main-stick-meta":"","header-below-stick-meta":"","_joinchat":[]},"product_brand":[],"product_cat":[190],"product_tag":[252,253,254,255,256,257,258,259,260,261,262],"class_list":{"0":"post-3313","1":"product","2":"type-product","3":"status-publish","4":"has-post-thumbnail","6":"product_cat-cannabinoids","7":"product_tag-buy-isotodesnitazene","8":"product_tag-buy-isotodesnitazene-usa","9":"product_tag-for-sale-isotodesnitazene","10":"product_tag-isotodesnitazene","11":"product_tag-isotodesnitazene-for-sale","12":"product_tag-isotodesnitazene-for-sale-online","13":"product_tag-isotodesnitazene-supplier","14":"product_tag-isotodesnitazene-suppliers","15":"product_tag-isotodesnitazene-vendor","16":"product_tag-order-isotodesnitazene-canada","17":"product_tag-where-to-buy-isotodesnitazene-australia","18":"desktop-align-left","19":"tablet-align-left","20":"mobile-align-left","21":"ast-product-gallery-layout-horizontal","22":"ast-product-gallery-with-no-image","23":"ast-product-single-variable","24":"ast-product-tabs-layout-horizontal","25":"ast-qv-on-image","27":"first","28":"instock","29":"shipping-taxable","30":"purchasable","31":"product-type-variable"},"yoast_head":"<!-- This site is optimized with the Yoast SEO plugin v25.9 - https:\/\/yoast.com\/wordpress\/plugins\/seo\/ -->\n<title>Isotonitazene for Sale - Order Isotonitazene Online | LegitGrams<\/title>\n<meta name=\"description\" content=\"You can get in touch with our Legitgrams store and buy Isotonitazen online. We have Isotonitazen for sale at cheap prices. Get yours at your place right away!\" \/>\n<meta name=\"robots\" content=\"index, follow, max-snippet:-1, max-image-preview:large, max-video-preview:-1\" \/>\n<link rel=\"canonical\" href=\"https:\/\/legitgrams.com\/cs\/produkt\/isotonitazen\/\" \/>\n<meta property=\"og:locale\" content=\"cs_CZ\" \/>\n<meta property=\"og:type\" content=\"article\" \/>\n<meta property=\"og:title\" content=\"Isotonitazene for Sale - Order Isotonitazene Online | LegitGrams\" \/>\n<meta property=\"og:description\" content=\"You can get in touch with our Legitgrams store and buy Isotonitazen online. We have Isotonitazen for sale at cheap prices. Get yours at your place right away!\" \/>\n<meta property=\"og:url\" content=\"https:\/\/legitgrams.com\/cs\/produkt\/isotonitazen\/\" \/>\n<meta property=\"og:site_name\" content=\"Legit Grams\" \/>\n<meta property=\"article:modified_time\" content=\"2025-03-08T06:04:40+00:00\" \/>\n<meta property=\"og:image\" content=\"https:\/\/legitgrams.com\/wp-content\/uploads\/2024\/08\/Isotonitazene.gif\" \/>\n\t<meta property=\"og:image:width\" content=\"600\" \/>\n\t<meta property=\"og:image:height\" content=\"600\" \/>\n\t<meta property=\"og:image:type\" content=\"image\/gif\" \/>\n<meta name=\"twitter:card\" content=\"summary_large_image\" \/>\n<meta name=\"twitter:label1\" content=\"Odhadovan\u00e1 doba \u010dten\u00ed\" \/>\n\t<meta name=\"twitter:data1\" content=\"2 minuty\" \/>\n<script type=\"application\/ld+json\" class=\"yoast-schema-graph\">{\"@context\":\"https:\/\/schema.org\",\"@graph\":[{\"@type\":\"WebPage\",\"@id\":\"https:\/\/legitgrams.com\/product\/isotonitazene\/\",\"url\":\"https:\/\/legitgrams.com\/product\/isotonitazene\/\",\"name\":\"Isotonitazene for Sale - Order Isotonitazene Online | LegitGrams\",\"isPartOf\":{\"@id\":\"https:\/\/legitgrams.com\/#website\"},\"primaryImageOfPage\":{\"@id\":\"https:\/\/legitgrams.com\/product\/isotonitazene\/#primaryimage\"},\"image\":{\"@id\":\"https:\/\/legitgrams.com\/product\/isotonitazene\/#primaryimage\"},\"thumbnailUrl\":\"https:\/\/legitgrams.com\/wp-content\/uploads\/2024\/08\/Isotonitazene.gif\",\"datePublished\":\"2024-08-03T05:49:11+00:00\",\"dateModified\":\"2025-03-08T06:04:40+00:00\",\"description\":\"You can get in touch with our Legitgrams store and buy Isotonitazen online. We have Isotonitazen for sale at cheap prices. Get yours at your place right away!\",\"breadcrumb\":{\"@id\":\"https:\/\/legitgrams.com\/product\/isotonitazene\/#breadcrumb\"},\"inLanguage\":\"cs\",\"potentialAction\":[{\"@type\":\"ReadAction\",\"target\":[\"https:\/\/legitgrams.com\/product\/isotonitazene\/\"]}]},{\"@type\":\"ImageObject\",\"inLanguage\":\"cs\",\"@id\":\"https:\/\/legitgrams.com\/product\/isotonitazene\/#primaryimage\",\"url\":\"https:\/\/legitgrams.com\/wp-content\/uploads\/2024\/08\/Isotonitazene.gif\",\"contentUrl\":\"https:\/\/legitgrams.com\/wp-content\/uploads\/2024\/08\/Isotonitazene.gif\",\"width\":600,\"height\":600,\"caption\":\"Isotonitazene for Sale\"},{\"@type\":\"BreadcrumbList\",\"@id\":\"https:\/\/legitgrams.com\/product\/isotonitazene\/#breadcrumb\",\"itemListElement\":[{\"@type\":\"ListItem\",\"position\":1,\"name\":\"Home\",\"item\":\"https:\/\/legitgrams.com\/\"},{\"@type\":\"ListItem\",\"position\":2,\"name\":\"Shop\",\"item\":\"https:\/\/legitgrams.com\/shop\/\"},{\"@type\":\"ListItem\",\"position\":3,\"name\":\"Buy Isotonitazene Online\"}]},{\"@type\":\"WebSite\",\"@id\":\"https:\/\/legitgrams.com\/#website\",\"url\":\"https:\/\/legitgrams.com\/\",\"name\":\"Legit Grams\",\"description\":\"My WordPress Blog\",\"publisher\":{\"@id\":\"https:\/\/legitgrams.com\/#organization\"},\"potentialAction\":[{\"@type\":\"SearchAction\",\"target\":{\"@type\":\"EntryPoint\",\"urlTemplate\":\"https:\/\/legitgrams.com\/?s={search_term_string}\"},\"query-input\":{\"@type\":\"PropertyValueSpecification\",\"valueRequired\":true,\"valueName\":\"search_term_string\"}}],\"inLanguage\":\"cs\"},{\"@type\":\"Organization\",\"@id\":\"https:\/\/legitgrams.com\/#organization\",\"name\":\"Legit Grams\",\"url\":\"https:\/\/legitgrams.com\/\",\"logo\":{\"@type\":\"ImageObject\",\"inLanguage\":\"cs\",\"@id\":\"https:\/\/legitgrams.com\/#\/schema\/logo\/image\/\",\"url\":\"https:\/\/legitgrams.com\/wp-content\/uploads\/2024\/09\/main-logo.png\",\"contentUrl\":\"https:\/\/legitgrams.com\/wp-content\/uploads\/2024\/09\/main-logo.png\",\"width\":270,\"height\":75,\"caption\":\"Legit Grams\"},\"image\":{\"@id\":\"https:\/\/legitgrams.com\/#\/schema\/logo\/image\/\"}}]}<\/script>\n<!-- \/ Yoast SEO plugin. -->","yoast_head_json":{"title":"Isotonitazene na prodej - objednat isotonitazene online | LegitGrams","description":"M\u016f\u017eete se spojit s na\u0161\u00edm obchodem Legitgrams a koupit Isotonitazen online. M\u00e1me Isotonitazen na prodej za n\u00edzk\u00e9 ceny. Z\u00edskejte sv\u016fj u v\u00e1s ihned!","robots":{"index":"index","follow":"follow","max-snippet":"max-snippet:-1","max-image-preview":"max-image-preview:large","max-video-preview":"max-video-preview:-1"},"canonical":"https:\/\/legitgrams.com\/cs\/produkt\/isotonitazen\/","og_locale":"cs_CZ","og_type":"article","og_title":"Isotonitazene for Sale - Order Isotonitazene Online | LegitGrams","og_description":"You can get in touch with our Legitgrams store and buy Isotonitazen online. We have Isotonitazen for sale at cheap prices. Get yours at your place right away!","og_url":"https:\/\/legitgrams.com\/cs\/produkt\/isotonitazen\/","og_site_name":"Legit Grams","article_modified_time":"2025-03-08T06:04:40+00:00","og_image":[{"width":600,"height":600,"url":"https:\/\/legitgrams.com\/wp-content\/uploads\/2024\/08\/Isotonitazene.gif","type":"image\/gif"}],"twitter_card":"summary_large_image","twitter_misc":{"Odhadovan\u00e1 doba \u010dten\u00ed":"2 minuty"},"schema":{"@context":"https:\/\/schema.org","@graph":[{"@type":"WebPage","@id":"https:\/\/legitgrams.com\/product\/isotonitazene\/","url":"https:\/\/legitgrams.com\/product\/isotonitazene\/","name":"Isotonitazene na prodej - objednat isotonitazene online | LegitGrams","isPartOf":{"@id":"https:\/\/legitgrams.com\/#website"},"primaryImageOfPage":{"@id":"https:\/\/legitgrams.com\/product\/isotonitazene\/#primaryimage"},"image":{"@id":"https:\/\/legitgrams.com\/product\/isotonitazene\/#primaryimage"},"thumbnailUrl":"https:\/\/legitgrams.com\/wp-content\/uploads\/2024\/08\/Isotonitazene.gif","datePublished":"2024-08-03T05:49:11+00:00","dateModified":"2025-03-08T06:04:40+00:00","description":"M\u016f\u017eete se spojit s na\u0161\u00edm obchodem Legitgrams a koupit Isotonitazen online. M\u00e1me Isotonitazen na prodej za n\u00edzk\u00e9 ceny. Z\u00edskejte sv\u016fj u v\u00e1s ihned!","breadcrumb":{"@id":"https:\/\/legitgrams.com\/product\/isotonitazene\/#breadcrumb"},"inLanguage":"cs","potentialAction":[{"@type":"ReadAction","target":["https:\/\/legitgrams.com\/product\/isotonitazene\/"]}]},{"@type":"ImageObject","inLanguage":"cs","@id":"https:\/\/legitgrams.com\/product\/isotonitazene\/#primaryimage","url":"https:\/\/legitgrams.com\/wp-content\/uploads\/2024\/08\/Isotonitazene.gif","contentUrl":"https:\/\/legitgrams.com\/wp-content\/uploads\/2024\/08\/Isotonitazene.gif","width":600,"height":600,"caption":"Isotonitazene for Sale"},{"@type":"BreadcrumbList","@id":"https:\/\/legitgrams.com\/product\/isotonitazene\/#breadcrumb","itemListElement":[{"@type":"ListItem","position":1,"name":"Home","item":"https:\/\/legitgrams.com\/"},{"@type":"ListItem","position":2,"name":"Shop","item":"https:\/\/legitgrams.com\/shop\/"},{"@type":"ListItem","position":3,"name":"Buy Isotonitazene Online"}]},{"@type":"WebSite","@id":"https:\/\/legitgrams.com\/#website","url":"https:\/\/legitgrams.com\/","name":"Leg\u00e1ln\u00ed gramy","description":"M\u016fj blog WordPress","publisher":{"@id":"https:\/\/legitgrams.com\/#organization"},"potentialAction":[{"@type":"SearchAction","target":{"@type":"EntryPoint","urlTemplate":"https:\/\/legitgrams.com\/?s={search_term_string}"},"query-input":{"@type":"PropertyValueSpecification","valueRequired":true,"valueName":"search_term_string"}}],"inLanguage":"cs"},{"@type":"Organization","@id":"https:\/\/legitgrams.com\/#organization","name":"Leg\u00e1ln\u00ed gramy","url":"https:\/\/legitgrams.com\/","logo":{"@type":"ImageObject","inLanguage":"cs","@id":"https:\/\/legitgrams.com\/#\/schema\/logo\/image\/","url":"https:\/\/legitgrams.com\/wp-content\/uploads\/2024\/09\/main-logo.png","contentUrl":"https:\/\/legitgrams.com\/wp-content\/uploads\/2024\/09\/main-logo.png","width":270,"height":75,"caption":"Legit Grams"},"image":{"@id":"https:\/\/legitgrams.com\/#\/schema\/logo\/image\/"}}]}},"uagb_featured_image_src":{"full":["https:\/\/legitgrams.com\/wp-content\/uploads\/2024\/08\/Isotonitazene.gif",600,600,false],"thumbnail":["https:\/\/legitgrams.com\/wp-content\/uploads\/2024\/08\/Isotonitazene-150x150.gif",150,150,true],"medium":["https:\/\/legitgrams.com\/wp-content\/uploads\/2024\/08\/Isotonitazene-300x300.gif",300,300,true],"medium_large":["https:\/\/legitgrams.com\/wp-content\/uploads\/2024\/08\/Isotonitazene.gif",600,600,false],"large":["https:\/\/legitgrams.com\/wp-content\/uploads\/2024\/08\/Isotonitazene.gif",600,600,false],"1536x1536":["https:\/\/legitgrams.com\/wp-content\/uploads\/2024\/08\/Isotonitazene.gif",600,600,false],"2048x2048":["https:\/\/legitgrams.com\/wp-content\/uploads\/2024\/08\/Isotonitazene.gif",600,600,false],"trp-custom-language-flag":["https:\/\/legitgrams.com\/wp-content\/uploads\/2024\/08\/Isotonitazene-12x12.gif",12,12,true],"woocommerce_thumbnail":["https:\/\/legitgrams.com\/wp-content\/uploads\/2024\/08\/Isotonitazene-300x300.gif",300,300,true],"woocommerce_single":["https:\/\/legitgrams.com\/wp-content\/uploads\/2024\/08\/Isotonitazene.gif",600,600,false],"woocommerce_gallery_thumbnail":["https:\/\/legitgrams.com\/wp-content\/uploads\/2024\/08\/Isotonitazene-100x100.gif",100,100,true]},"uagb_author_info":{"display_name":"cokeblog18","author_link":"https:\/\/legitgrams.com\/cs\/author\/"},"uagb_comment_info":0,"uagb_excerpt":"Purchase Online Isotonitazene Buy Isotonitazene is a special drug that isn&#8217;t yet illegal. However, the number of fatalities has increased. Many deaths in the United States have been linked to a new, legal synthetic opioid that is equally deadly as fentanyl. The discovery of isotonitazene in North America&#8217;s food chain seems to confirm concerns raised&hellip;","_links":{"self":[{"href":"https:\/\/legitgrams.com\/cs\/wp-json\/wp\/v2\/product\/3313","targetHints":{"allow":["GET"]}}],"collection":[{"href":"https:\/\/legitgrams.com\/cs\/wp-json\/wp\/v2\/product"}],"about":[{"href":"https:\/\/legitgrams.com\/cs\/wp-json\/wp\/v2\/types\/product"}],"replies":[{"embeddable":true,"href":"https:\/\/legitgrams.com\/cs\/wp-json\/wp\/v2\/comments?post=3313"}],"wp:featuredmedia":[{"embeddable":true,"href":"https:\/\/legitgrams.com\/cs\/wp-json\/wp\/v2\/media\/3322"}],"wp:attachment":[{"href":"https:\/\/legitgrams.com\/cs\/wp-json\/wp\/v2\/media?parent=3313"}],"wp:term":[{"taxonomy":"product_brand","embeddable":true,"href":"https:\/\/legitgrams.com\/cs\/wp-json\/wp\/v2\/product_brand?post=3313"},{"taxonomy":"product_cat","embeddable":true,"href":"https:\/\/legitgrams.com\/cs\/wp-json\/wp\/v2\/product_cat?post=3313"},{"taxonomy":"product_tag","embeddable":true,"href":"https:\/\/legitgrams.com\/cs\/wp-json\/wp\/v2\/product_tag?post=3313"}],"curies":[{"name":"wp","href":"https:\/\/api.w.org\/{rel}","templated":true}]}}