{"id":3645,"date":"2024-09-19T09:23:16","date_gmt":"2024-09-19T09:23:16","guid":{"rendered":"https:\/\/legitgrams.com\/?post_type=product&#038;p=3645"},"modified":"2025-01-13T08:11:06","modified_gmt":"2025-01-13T08:11:06","slug":"ak-47-marihuana-sativa-kmen","status":"publish","type":"product","link":"https:\/\/legitgrams.com\/cs\/produkt\/ak-47-marihuana-sativa-kmen\/","title":{"rendered":"AK-47 Marihuana Sativa Strain"},"content":{"rendered":"<h2>Na prodej: AK-47 Cannabis Sativa kmen<\/h2>\n<p>Na str\u00e1nk\u00e1ch <a href=\"https:\/\/legitgrams.com\/cs\/produkt\/ak-47-marihuana-sativa-kmen\/\">AK-47 Konop\u00ed<\/a> je hybrid, skl\u00e1daj\u00edc\u00ed se z 35 % hybridu a 65 % sativy. \u00da\u010dinky indica jsou 1 % pro CBN, 1 % pro THC a 1 % pro CBD.<\/p>\n<p>kreativn\u00ed, povzbuzuj\u00edc\u00ed, radostn\u00fd, m\u016f\u017ee pomoci s chronickou bolest\u00ed, depres\u00ed, PTSD, bipol\u00e1rn\u00ed poruchou, bolestmi hlavy, nespavost\u00ed, ztr\u00e1tou chuti k j\u00eddlu a p\u0159\u00edchut\u011bmi stresu.<br \/>\nSladk\u00e9, skunky a d\u0159evit\u00e9 v\u016fn\u011b<br \/>\nSlu\u0161iv\u00e9, \u0161tiplav\u00e9, zemit\u00e9, ko\u0159en\u011bn\u00e9 a kysel\u00e9<br \/>\nKoupit AK-47 Marihuana Sativa kmen online: Koupit Marihuana Sativa kmen, Koupit AK-47 Marihuana Sativa kmen, Koupit Marihuana Sativa kmen online, Kde koupit AK-47 Marihuana Sativa kmen, <a href=\"https:\/\/en.wikipedia.org\/wiki\/AK-47\">AK-47<\/a> Marihuana Sativa Kmen na prodej, Koupit Marihuana Sativa Online, Kde koupit AK-47 Marihuana Sativa Kmen. Online nakupov\u00e1n\u00ed, prodejci, bezpe\u010dn\u00e9 doru\u010den\u00ed, AK-47 kmen Cannabis Sativa je st\u00e1le dostupn\u00fd.<\/p>\n<p>Je ve Spojen\u00fdch st\u00e1tech leg\u00e1ln\u00ed kupovat kmen AK-47 Marihuana Sativa? Jak lze objednat kmen AK-47 Marihuana Sativa? Je leg\u00e1ln\u00ed koupit kmen AK-47 Marihuana Sativa v Kanad\u011b? <a href=\"https:\/\/legitgrams.com\/cs\/\">LegitGrams<\/a><\/p>\n<p>&nbsp;<\/p>","protected":false},"excerpt":{"rendered":"<p>For Sale: AK-47 Cannabis Sativa Strain The AK-47 Cannabis is a hybrid, consisting of 35% hybrid and 65% sativa. The effects of indica are 1% for CBN, 1% for THC, and 1% for CBD. creative, invigorating, joyful, may help with chronic pain, depression, PTSD, bipolar disorder, headaches, sleeplessness, appetite loss, and stress flavors. Sweet, skunky, &hellip;<\/p>\n<p class=\"read-more\"> <a class=\"\" href=\"https:\/\/legitgrams.com\/cs\/produkt\/ak-47-marihuana-sativa-kmen\/\"> <span class=\"screen-reader-text\">AK-47 Marihuana Sativa Strain<\/span> \u010c\u00edst d\u00e1l \"<\/a><\/p>","protected":false},"featured_media":5395,"comment_status":"open","ping_status":"closed","template":"","meta":{"_uag_custom_page_level_css":"","site-sidebar-layout":"default","site-content-layout":"default","ast-global-header-display":"","ast-main-header-display":"","ast-hfb-above-header-display":"","ast-hfb-below-header-display":"","ast-hfb-mobile-header-display":"","site-post-title":"","ast-breadcrumbs-content":"","ast-featured-img":"","footer-sml-layout":"","theme-transparent-header-meta":"default","adv-header-id-meta":"","stick-header-meta":"default","header-above-stick-meta":"","header-main-stick-meta":"","header-below-stick-meta":"","_joinchat":[]},"product_brand":[],"product_cat":[607],"product_tag":[5618,5622,5621,5629,5620,5630,5632,5639,5640,5638,5635,5637,5627,617,5619,5634,5631,5626,5624,5636,5633,625,5625,5628,5623],"class_list":{"0":"post-3645","1":"product","2":"type-product","3":"status-publish","4":"has-post-thumbnail","6":"product_cat-marijuana-cannabis","7":"product_tag-ak-47-marijuana-sativa-strain","8":"product_tag-ak-47-marijuana-sativa-strain-ak-47-marijuana-sativa-strain-supplier","9":"product_tag-ak-47-marijuana-sativa-strain-for-sale","10":"product_tag-ak-47-marijuana-sativa-strain-legally","11":"product_tag-ak-47-marijuana-sativa-strain-online","12":"product_tag-ak-47-marijuana-sativa-strain-price","13":"product_tag-ak-47-marijuana-sativa-strain-store","14":"product_tag-ak-47-marijuana-sativa-strain-use","15":"product_tag-ak-47-marijuana-sativa-strain-wiki","16":"product_tag-ak-47-marijuana-sativa-strain-worldwide","17":"product_tag-ak-47-marijuana-sativa-strains","18":"product_tag-best-cheap-price-ak-47-marijuana-sativa-strain","19":"product_tag-best-place-to-buy-ak-47-marijuana-sativa-strain","20":"product_tag-bulk-online","21":"product_tag-buy-ak-47-marijuana-sativa-strain","22":"product_tag-cheap-ak-47-marijuana-sativa-strain","23":"product_tag-high-quality-ak-47-marijuana-sativa-strain","24":"product_tag-how-to-buy-ak-47-marijuana-sativa-strain","25":"product_tag-order-ak-47-marijuana-sativa-strain","26":"product_tag-purcharse-ak-47-marijuana-sativa-strain","27":"product_tag-shop-ak-47-marijuana-sativa-strain","28":"product_tag-top-quality","29":"product_tag-where-to-buy-ak-47-marijuana-sativa-strain","30":"product_tag-where-to-order-ak-47-marijuana-sativa-strain","31":"product_tag-wholesale-ak-47-marijuana-sativa-strain","32":"desktop-align-left","33":"tablet-align-left","34":"mobile-align-left","35":"ast-product-gallery-layout-horizontal","36":"ast-product-gallery-with-no-image","37":"ast-product-single-variable","38":"ast-product-tabs-layout-horizontal","39":"ast-qv-on-image","41":"first","42":"instock","43":"shipping-taxable","44":"purchasable","45":"product-type-variable"},"yoast_head":"<!-- This site is optimized with the Yoast SEO plugin v25.9 - https:\/\/yoast.com\/wordpress\/plugins\/seo\/ -->\n<title>AK-47 for Sale - Order AK-47 Marijuana Sativa Strain Online<\/title>\n<meta name=\"description\" content=\"If you are passionate about AK-47 marijuana, then our store is the best place to buy AK-47 online. You can have AK-47 marijuana strain for sale at lowest price. Order now and receive it shortly!\" \/>\n<meta name=\"robots\" content=\"index, follow, max-snippet:-1, max-image-preview:large, max-video-preview:-1\" \/>\n<link rel=\"canonical\" href=\"https:\/\/legitgrams.com\/cs\/produkt\/ak-47-marihuana-sativa-kmen\/\" \/>\n<meta property=\"og:locale\" content=\"cs_CZ\" \/>\n<meta property=\"og:type\" content=\"article\" \/>\n<meta property=\"og:title\" content=\"AK-47 for Sale - Order AK-47 Marijuana Sativa Strain Online\" \/>\n<meta property=\"og:description\" content=\"If you are passionate about AK-47 marijuana, then our store is the best place to buy AK-47 online. You can have AK-47 marijuana strain for sale at lowest price. Order now and receive it shortly!\" \/>\n<meta property=\"og:url\" content=\"https:\/\/legitgrams.com\/cs\/produkt\/ak-47-marihuana-sativa-kmen\/\" \/>\n<meta property=\"og:site_name\" content=\"Legit Grams\" \/>\n<meta property=\"article:modified_time\" content=\"2025-01-13T08:11:06+00:00\" \/>\n<meta property=\"og:image\" content=\"https:\/\/legitgrams.com\/wp-content\/uploads\/2024\/09\/Buy-AK-47-Marijuana-Sativa-Strain-online.jpg\" \/>\n\t<meta property=\"og:image:width\" content=\"600\" \/>\n\t<meta property=\"og:image:height\" content=\"600\" \/>\n\t<meta property=\"og:image:type\" content=\"image\/jpeg\" \/>\n<meta name=\"twitter:card\" content=\"summary_large_image\" \/>\n<meta name=\"twitter:label1\" content=\"Odhadovan\u00e1 doba \u010dten\u00ed\" \/>\n\t<meta name=\"twitter:data1\" content=\"1 minuta\" \/>\n<script type=\"application\/ld+json\" class=\"yoast-schema-graph\">{\"@context\":\"https:\/\/schema.org\",\"@graph\":[{\"@type\":\"WebPage\",\"@id\":\"https:\/\/legitgrams.com\/product\/ak-47-marijuana-sativa-strain\/\",\"url\":\"https:\/\/legitgrams.com\/product\/ak-47-marijuana-sativa-strain\/\",\"name\":\"AK-47 for Sale - Order AK-47 Marijuana Sativa Strain Online\",\"isPartOf\":{\"@id\":\"https:\/\/legitgrams.com\/#website\"},\"primaryImageOfPage\":{\"@id\":\"https:\/\/legitgrams.com\/product\/ak-47-marijuana-sativa-strain\/#primaryimage\"},\"image\":{\"@id\":\"https:\/\/legitgrams.com\/product\/ak-47-marijuana-sativa-strain\/#primaryimage\"},\"thumbnailUrl\":\"https:\/\/legitgrams.com\/wp-content\/uploads\/2024\/09\/Buy-AK-47-Marijuana-Sativa-Strain-online.jpg\",\"datePublished\":\"2024-09-19T09:23:16+00:00\",\"dateModified\":\"2025-01-13T08:11:06+00:00\",\"description\":\"If you are passionate about AK-47 marijuana, then our store is the best place to buy AK-47 online. You can have AK-47 marijuana strain for sale at lowest price. Order now and receive it shortly!\",\"breadcrumb\":{\"@id\":\"https:\/\/legitgrams.com\/product\/ak-47-marijuana-sativa-strain\/#breadcrumb\"},\"inLanguage\":\"cs\",\"potentialAction\":[{\"@type\":\"ReadAction\",\"target\":[\"https:\/\/legitgrams.com\/product\/ak-47-marijuana-sativa-strain\/\"]}]},{\"@type\":\"ImageObject\",\"inLanguage\":\"cs\",\"@id\":\"https:\/\/legitgrams.com\/product\/ak-47-marijuana-sativa-strain\/#primaryimage\",\"url\":\"https:\/\/legitgrams.com\/wp-content\/uploads\/2024\/09\/Buy-AK-47-Marijuana-Sativa-Strain-online.jpg\",\"contentUrl\":\"https:\/\/legitgrams.com\/wp-content\/uploads\/2024\/09\/Buy-AK-47-Marijuana-Sativa-Strain-online.jpg\",\"width\":600,\"height\":600,\"caption\":\"AK-47 Marijuana Sativa Strain for Sale\"},{\"@type\":\"BreadcrumbList\",\"@id\":\"https:\/\/legitgrams.com\/product\/ak-47-marijuana-sativa-strain\/#breadcrumb\",\"itemListElement\":[{\"@type\":\"ListItem\",\"position\":1,\"name\":\"Home\",\"item\":\"https:\/\/legitgrams.com\/\"},{\"@type\":\"ListItem\",\"position\":2,\"name\":\"Shop\",\"item\":\"https:\/\/legitgrams.com\/shop\/\"},{\"@type\":\"ListItem\",\"position\":3,\"name\":\"AK-47 Marijuana Sativa Strain\"}]},{\"@type\":\"WebSite\",\"@id\":\"https:\/\/legitgrams.com\/#website\",\"url\":\"https:\/\/legitgrams.com\/\",\"name\":\"Legit Grams\",\"description\":\"My WordPress Blog\",\"publisher\":{\"@id\":\"https:\/\/legitgrams.com\/#organization\"},\"potentialAction\":[{\"@type\":\"SearchAction\",\"target\":{\"@type\":\"EntryPoint\",\"urlTemplate\":\"https:\/\/legitgrams.com\/?s={search_term_string}\"},\"query-input\":{\"@type\":\"PropertyValueSpecification\",\"valueRequired\":true,\"valueName\":\"search_term_string\"}}],\"inLanguage\":\"cs\"},{\"@type\":\"Organization\",\"@id\":\"https:\/\/legitgrams.com\/#organization\",\"name\":\"Legit Grams\",\"url\":\"https:\/\/legitgrams.com\/\",\"logo\":{\"@type\":\"ImageObject\",\"inLanguage\":\"cs\",\"@id\":\"https:\/\/legitgrams.com\/#\/schema\/logo\/image\/\",\"url\":\"https:\/\/legitgrams.com\/wp-content\/uploads\/2024\/09\/main-logo.png\",\"contentUrl\":\"https:\/\/legitgrams.com\/wp-content\/uploads\/2024\/09\/main-logo.png\",\"width\":270,\"height\":75,\"caption\":\"Legit Grams\"},\"image\":{\"@id\":\"https:\/\/legitgrams.com\/#\/schema\/logo\/image\/\"}}]}<\/script>\n<!-- \/ Yoast SEO plugin. -->","yoast_head_json":{"title":"AK-47 na prodej - objednat AK-47 Marihuana Sativa Strain online","description":"Pokud jste v\u00e1\u0161niv\u00fdmi fanou\u0161ky marihuany AK-47, pak je n\u00e1\u0161 obchod nejlep\u0161\u00edm m\u00edstem pro n\u00e1kup AK-47 online. Kmen marihuany AK-47 m\u016f\u017eete m\u00edt na prodej za nejni\u017e\u0161\u00ed cenu. Objednejte si ji nyn\u00ed a brzy ji obdr\u017e\u00edte!","robots":{"index":"index","follow":"follow","max-snippet":"max-snippet:-1","max-image-preview":"max-image-preview:large","max-video-preview":"max-video-preview:-1"},"canonical":"https:\/\/legitgrams.com\/cs\/produkt\/ak-47-marihuana-sativa-kmen\/","og_locale":"cs_CZ","og_type":"article","og_title":"AK-47 for Sale - Order AK-47 Marijuana Sativa Strain Online","og_description":"If you are passionate about AK-47 marijuana, then our store is the best place to buy AK-47 online. You can have AK-47 marijuana strain for sale at lowest price. Order now and receive it shortly!","og_url":"https:\/\/legitgrams.com\/cs\/produkt\/ak-47-marihuana-sativa-kmen\/","og_site_name":"Legit Grams","article_modified_time":"2025-01-13T08:11:06+00:00","og_image":[{"width":600,"height":600,"url":"https:\/\/legitgrams.com\/wp-content\/uploads\/2024\/09\/Buy-AK-47-Marijuana-Sativa-Strain-online.jpg","type":"image\/jpeg"}],"twitter_card":"summary_large_image","twitter_misc":{"Odhadovan\u00e1 doba \u010dten\u00ed":"1 minuta"},"schema":{"@context":"https:\/\/schema.org","@graph":[{"@type":"WebPage","@id":"https:\/\/legitgrams.com\/product\/ak-47-marijuana-sativa-strain\/","url":"https:\/\/legitgrams.com\/product\/ak-47-marijuana-sativa-strain\/","name":"AK-47 na prodej - objednat AK-47 Marihuana Sativa Strain online","isPartOf":{"@id":"https:\/\/legitgrams.com\/#website"},"primaryImageOfPage":{"@id":"https:\/\/legitgrams.com\/product\/ak-47-marijuana-sativa-strain\/#primaryimage"},"image":{"@id":"https:\/\/legitgrams.com\/product\/ak-47-marijuana-sativa-strain\/#primaryimage"},"thumbnailUrl":"https:\/\/legitgrams.com\/wp-content\/uploads\/2024\/09\/Buy-AK-47-Marijuana-Sativa-Strain-online.jpg","datePublished":"2024-09-19T09:23:16+00:00","dateModified":"2025-01-13T08:11:06+00:00","description":"Pokud jste v\u00e1\u0161niv\u00fdmi fanou\u0161ky marihuany AK-47, pak je n\u00e1\u0161 obchod nejlep\u0161\u00edm m\u00edstem pro n\u00e1kup AK-47 online. Kmen marihuany AK-47 m\u016f\u017eete m\u00edt na prodej za nejni\u017e\u0161\u00ed cenu. Objednejte si ji nyn\u00ed a brzy ji obdr\u017e\u00edte!","breadcrumb":{"@id":"https:\/\/legitgrams.com\/product\/ak-47-marijuana-sativa-strain\/#breadcrumb"},"inLanguage":"cs","potentialAction":[{"@type":"ReadAction","target":["https:\/\/legitgrams.com\/product\/ak-47-marijuana-sativa-strain\/"]}]},{"@type":"ImageObject","inLanguage":"cs","@id":"https:\/\/legitgrams.com\/product\/ak-47-marijuana-sativa-strain\/#primaryimage","url":"https:\/\/legitgrams.com\/wp-content\/uploads\/2024\/09\/Buy-AK-47-Marijuana-Sativa-Strain-online.jpg","contentUrl":"https:\/\/legitgrams.com\/wp-content\/uploads\/2024\/09\/Buy-AK-47-Marijuana-Sativa-Strain-online.jpg","width":600,"height":600,"caption":"AK-47 Marijuana Sativa Strain for Sale"},{"@type":"BreadcrumbList","@id":"https:\/\/legitgrams.com\/product\/ak-47-marijuana-sativa-strain\/#breadcrumb","itemListElement":[{"@type":"ListItem","position":1,"name":"Home","item":"https:\/\/legitgrams.com\/"},{"@type":"ListItem","position":2,"name":"Shop","item":"https:\/\/legitgrams.com\/shop\/"},{"@type":"ListItem","position":3,"name":"AK-47 Marijuana Sativa Strain"}]},{"@type":"WebSite","@id":"https:\/\/legitgrams.com\/#website","url":"https:\/\/legitgrams.com\/","name":"Leg\u00e1ln\u00ed gramy","description":"M\u016fj blog WordPress","publisher":{"@id":"https:\/\/legitgrams.com\/#organization"},"potentialAction":[{"@type":"SearchAction","target":{"@type":"EntryPoint","urlTemplate":"https:\/\/legitgrams.com\/?s={search_term_string}"},"query-input":{"@type":"PropertyValueSpecification","valueRequired":true,"valueName":"search_term_string"}}],"inLanguage":"cs"},{"@type":"Organization","@id":"https:\/\/legitgrams.com\/#organization","name":"Leg\u00e1ln\u00ed gramy","url":"https:\/\/legitgrams.com\/","logo":{"@type":"ImageObject","inLanguage":"cs","@id":"https:\/\/legitgrams.com\/#\/schema\/logo\/image\/","url":"https:\/\/legitgrams.com\/wp-content\/uploads\/2024\/09\/main-logo.png","contentUrl":"https:\/\/legitgrams.com\/wp-content\/uploads\/2024\/09\/main-logo.png","width":270,"height":75,"caption":"Legit Grams"},"image":{"@id":"https:\/\/legitgrams.com\/#\/schema\/logo\/image\/"}}]}},"uagb_featured_image_src":{"full":["https:\/\/legitgrams.com\/wp-content\/uploads\/2024\/09\/Buy-AK-47-Marijuana-Sativa-Strain-online.jpg",600,600,false],"thumbnail":["https:\/\/legitgrams.com\/wp-content\/uploads\/2024\/09\/Buy-AK-47-Marijuana-Sativa-Strain-online-150x150.jpg",150,150,true],"medium":["https:\/\/legitgrams.com\/wp-content\/uploads\/2024\/09\/Buy-AK-47-Marijuana-Sativa-Strain-online-300x300.jpg",300,300,true],"medium_large":["https:\/\/legitgrams.com\/wp-content\/uploads\/2024\/09\/Buy-AK-47-Marijuana-Sativa-Strain-online.jpg",600,600,false],"large":["https:\/\/legitgrams.com\/wp-content\/uploads\/2024\/09\/Buy-AK-47-Marijuana-Sativa-Strain-online.jpg",600,600,false],"1536x1536":["https:\/\/legitgrams.com\/wp-content\/uploads\/2024\/09\/Buy-AK-47-Marijuana-Sativa-Strain-online.jpg",600,600,false],"2048x2048":["https:\/\/legitgrams.com\/wp-content\/uploads\/2024\/09\/Buy-AK-47-Marijuana-Sativa-Strain-online.jpg",600,600,false],"trp-custom-language-flag":["https:\/\/legitgrams.com\/wp-content\/uploads\/2024\/09\/Buy-AK-47-Marijuana-Sativa-Strain-online-12x12.jpg",12,12,true],"woocommerce_thumbnail":["https:\/\/legitgrams.com\/wp-content\/uploads\/2024\/09\/Buy-AK-47-Marijuana-Sativa-Strain-online-300x300.jpg",300,300,true],"woocommerce_single":["https:\/\/legitgrams.com\/wp-content\/uploads\/2024\/09\/Buy-AK-47-Marijuana-Sativa-Strain-online.jpg",600,600,false],"woocommerce_gallery_thumbnail":["https:\/\/legitgrams.com\/wp-content\/uploads\/2024\/09\/Buy-AK-47-Marijuana-Sativa-Strain-online-100x100.jpg",100,100,true]},"uagb_author_info":{"display_name":"cokeblog18","author_link":"https:\/\/legitgrams.com\/cs\/author\/"},"uagb_comment_info":0,"uagb_excerpt":"For Sale: AK-47 Cannabis Sativa Strain The AK-47 Cannabis is a hybrid, consisting of 35% hybrid and 65% sativa. The effects of indica are 1% for CBN, 1% for THC, and 1% for CBD. creative, invigorating, joyful, may help with chronic pain, depression, PTSD, bipolar disorder, headaches, sleeplessness, appetite loss, and stress flavors. Sweet, skunky,&hellip;","_links":{"self":[{"href":"https:\/\/legitgrams.com\/cs\/wp-json\/wp\/v2\/product\/3645","targetHints":{"allow":["GET"]}}],"collection":[{"href":"https:\/\/legitgrams.com\/cs\/wp-json\/wp\/v2\/product"}],"about":[{"href":"https:\/\/legitgrams.com\/cs\/wp-json\/wp\/v2\/types\/product"}],"replies":[{"embeddable":true,"href":"https:\/\/legitgrams.com\/cs\/wp-json\/wp\/v2\/comments?post=3645"}],"wp:featuredmedia":[{"embeddable":true,"href":"https:\/\/legitgrams.com\/cs\/wp-json\/wp\/v2\/media\/5395"}],"wp:attachment":[{"href":"https:\/\/legitgrams.com\/cs\/wp-json\/wp\/v2\/media?parent=3645"}],"wp:term":[{"taxonomy":"product_brand","embeddable":true,"href":"https:\/\/legitgrams.com\/cs\/wp-json\/wp\/v2\/product_brand?post=3645"},{"taxonomy":"product_cat","embeddable":true,"href":"https:\/\/legitgrams.com\/cs\/wp-json\/wp\/v2\/product_cat?post=3645"},{"taxonomy":"product_tag","embeddable":true,"href":"https:\/\/legitgrams.com\/cs\/wp-json\/wp\/v2\/product_tag?post=3645"}],"curies":[{"name":"wp","href":"https:\/\/api.w.org\/{rel}","templated":true}]}}