{"id":3668,"date":"2024-09-19T10:02:28","date_gmt":"2024-09-19T10:02:28","guid":{"rendered":"https:\/\/legitgrams.com\/?post_type=product&#038;p=3668"},"modified":"2025-01-13T09:45:44","modified_gmt":"2025-01-13T09:45:44","slug":"kmen-marihuany-black-cherry-soda","status":"publish","type":"product","link":"https:\/\/legitgrams.com\/cs\/produkt\/kmen-marihuany-black-cherry-soda\/","title":{"rendered":"Kmen marihuany Black Cherry Soda"},"content":{"rendered":"<h2>Kupte si Black Cherry Soda Cannabis Strain online<\/h2>\n<p>Objevte lahodn\u011b sladkou a ovocnou chu\u0165 <a href=\"https:\/\/legitgrams.com\/cs\/produkt\/kmen-marihuany-black-cherry-soda\/\">\u010cern\u00e1 t\u0159e\u0161\u0148ov\u00e1 limon\u00e1da<\/a> variace. U\u017eijte si n\u00e1dhern\u00e9 v\u016fn\u011b citrusov\u00fdch plod\u016f, mlet\u00e9 \u200b\u200bborovice a ohniv\u00fdch bylinn\u00fdch terpen\u016f poka\u017ed\u00e9, kdy\u017e kou\u0159\u00edte. Respektov\u00e1no pro sv\u016fj 30% obsah THC, \u00fa\u017easn\u00fd vzhled a vynikaj\u00edc\u00ed genetiku. Nejlep\u0161\u00ed aspekty Airborne G13, Cherry AK-47, Ortega a Blackberry byly zachov\u00e1ny. Black Cherry Soda m\u00e1 jasn\u011b zelen\u00e9 v\u00fdhonky s fialov\u00fdmi podt\u00f3ny a tenk\u00e9 mandlov\u00e9 vlasy. D\u00edky sv\u00fdm relaxa\u010dn\u00edm vlastnostem je to fantastick\u00e1 volba pro kou\u0159en\u00ed marihuany b\u011bhem dne nebo pro ven\u010den\u00ed s p\u0159\u00e1teli. <a href=\"https:\/\/legitgrams.com\/cs\/\">LegitGrams<\/a><\/p>\n<p>Koupit Cannabis Strain Black Cherry Soda online: Koupit Cherry Soda Cannabis, koupit Black Cherry Soda Cannabis Kmen, koupit Black Cherry Soda Cannabis online Kde naj\u00edt Black Cherry Marihuana Soda Strain?<\/p>\n<p>\u010cern\u00e1 t\u0159e\u0161\u0148ov\u00e1 limon\u00e1da <a href=\"https:\/\/en.wikipedia.org\/wiki\/Cannabis_strain\">Konopn\u00fd kmen<\/a> je k dispozici ke koupi, kde jej lze zakoupit online a kde jej lze zakoupit v USA, Kanad\u011b a Spojen\u00e9m kr\u00e1lovstv\u00ed. Lze jej zakoupit online, od poskytovatel\u016f a bude bezpe\u010dn\u011b doru\u010den. Black Cherry Soda Marihuana Strain je st\u00e1le k dispozici. Krom\u011b toho se m\u016f\u017eete dozv\u011bd\u011bt, jak si jej objednat online, zda je leg\u00e1ln\u00ed v Kanad\u011b a zda je leg\u00e1ln\u00ed v USA.<\/p>","protected":false},"excerpt":{"rendered":"<p>Purchase Black Cherry Soda Cannabis Strain Online Discover the deliciously sweet and fruity flavor of the Black Cherry Soda variation. Enjoy the wonderful scents of citrus fruits, ground pine, and fiery herbal terpenes each time you smoke. Respected for its 30% THC content, stunning look, and superior genetics. The best aspects of the Airborne G13, &hellip;<\/p>\n<p class=\"read-more\"> <a class=\"\" href=\"https:\/\/legitgrams.com\/cs\/produkt\/kmen-marihuany-black-cherry-soda\/\"> <span class=\"screen-reader-text\">Kmen marihuany Black Cherry Soda<\/span> \u010c\u00edst d\u00e1l \"<\/a><\/p>","protected":false},"featured_media":5397,"comment_status":"open","ping_status":"closed","template":"","meta":{"_uag_custom_page_level_css":"","site-sidebar-layout":"default","site-content-layout":"default","ast-global-header-display":"","ast-main-header-display":"","ast-hfb-above-header-display":"","ast-hfb-below-header-display":"","ast-hfb-mobile-header-display":"","site-post-title":"","ast-breadcrumbs-content":"","ast-featured-img":"","footer-sml-layout":"","theme-transparent-header-meta":"default","adv-header-id-meta":"","stick-header-meta":"default","header-above-stick-meta":"","header-main-stick-meta":"","header-below-stick-meta":"","_joinchat":[]},"product_brand":[],"product_cat":[607],"product_tag":[5591,5581,5572,5576,5575,5583,5574,5584,5586,5593,5594,5592,5589,617,5573,5588,5585,5580,5578,5590,5587,625,5579,5582,5577],"class_list":{"0":"post-3668","1":"product","2":"type-product","3":"status-publish","4":"has-post-thumbnail","6":"product_cat-marijuana-cannabis","7":"product_tag-best-cheap-price-black-cherry-soda-marijuana-strain","8":"product_tag-best-place-to-buy-black-cherry-soda-marijuana-strain","9":"product_tag-black-cherry-soda-marijuana-strain","10":"product_tag-black-cherry-soda-marijuana-strain-black-cherry-soda-marijuana-strain-supplier","11":"product_tag-black-cherry-soda-marijuana-strain-for-sale","12":"product_tag-black-cherry-soda-marijuana-strain-legally","13":"product_tag-black-cherry-soda-marijuana-strain-online","14":"product_tag-black-cherry-soda-marijuana-strain-price","15":"product_tag-black-cherry-soda-marijuana-strain-store","16":"product_tag-black-cherry-soda-marijuana-strain-use","17":"product_tag-black-cherry-soda-marijuana-strain-wiki","18":"product_tag-black-cherry-soda-marijuana-strain-worldwide","19":"product_tag-black-cherry-soda-marijuana-strains","20":"product_tag-bulk-online","21":"product_tag-buy-black-cherry-soda-marijuana-strain","22":"product_tag-cheap-black-cherry-soda-marijuana-strain","23":"product_tag-high-quality-black-cherry-soda-marijuana-strain","24":"product_tag-how-to-buy-black-cherry-soda-marijuana-strain","25":"product_tag-order-black-cherry-soda-marijuana-strain","26":"product_tag-purcharse-black-cherry-soda-marijuana-strain","27":"product_tag-shop-black-cherry-soda-marijuana-strain","28":"product_tag-top-quality","29":"product_tag-where-to-buy-black-cherry-soda-marijuana-strain","30":"product_tag-where-to-order-black-cherry-soda-marijuana-strain","31":"product_tag-wholesale-black-cherry-soda-marijuana-strain","32":"desktop-align-left","33":"tablet-align-left","34":"mobile-align-left","35":"ast-product-gallery-layout-horizontal","36":"ast-product-gallery-with-no-image","37":"ast-product-single-variable","38":"ast-product-tabs-layout-horizontal","39":"ast-qv-on-image","41":"first","42":"instock","43":"shipping-taxable","44":"purchasable","45":"product-type-variable"},"yoast_head":"<!-- This site is optimized with the Yoast SEO plugin v25.9 - https:\/\/yoast.com\/wordpress\/plugins\/seo\/ -->\n<title>Get Black Cherry Soda Marijuana Strain for Sale Online<\/title>\n<meta name=\"description\" content=\"If you wish to buy black cherry soda marijuana online, our online Legitgrams store can help. We have black cherry soda marijuana strain for sale at the best price here. Order Now!\" \/>\n<meta name=\"robots\" content=\"index, follow, max-snippet:-1, max-image-preview:large, max-video-preview:-1\" \/>\n<link rel=\"canonical\" href=\"https:\/\/legitgrams.com\/cs\/produkt\/kmen-marihuany-black-cherry-soda\/\" \/>\n<meta property=\"og:locale\" content=\"cs_CZ\" \/>\n<meta property=\"og:type\" content=\"article\" \/>\n<meta property=\"og:title\" content=\"Get Black Cherry Soda Marijuana Strain for Sale Online\" \/>\n<meta property=\"og:description\" content=\"If you wish to buy black cherry soda marijuana online, our online Legitgrams store can help. We have black cherry soda marijuana strain for sale at the best price here. Order Now!\" \/>\n<meta property=\"og:url\" content=\"https:\/\/legitgrams.com\/cs\/produkt\/kmen-marihuany-black-cherry-soda\/\" \/>\n<meta property=\"og:site_name\" content=\"Legit Grams\" \/>\n<meta property=\"article:modified_time\" content=\"2025-01-13T09:45:44+00:00\" \/>\n<meta property=\"og:image\" content=\"https:\/\/legitgrams.com\/wp-content\/uploads\/2024\/09\/Buy-Black-Cherry-Soda-Marijuana-Strain-Online.jpg\" \/>\n\t<meta property=\"og:image:width\" content=\"600\" \/>\n\t<meta property=\"og:image:height\" content=\"600\" \/>\n\t<meta property=\"og:image:type\" content=\"image\/jpeg\" \/>\n<meta name=\"twitter:card\" content=\"summary_large_image\" \/>\n<meta name=\"twitter:label1\" content=\"Odhadovan\u00e1 doba \u010dten\u00ed\" \/>\n\t<meta name=\"twitter:data1\" content=\"2 minuty\" \/>\n<script type=\"application\/ld+json\" class=\"yoast-schema-graph\">{\"@context\":\"https:\/\/schema.org\",\"@graph\":[{\"@type\":\"WebPage\",\"@id\":\"https:\/\/legitgrams.com\/product\/black-cherry-soda-marijuana-strain\/\",\"url\":\"https:\/\/legitgrams.com\/product\/black-cherry-soda-marijuana-strain\/\",\"name\":\"Get Black Cherry Soda Marijuana Strain for Sale Online\",\"isPartOf\":{\"@id\":\"https:\/\/legitgrams.com\/#website\"},\"primaryImageOfPage\":{\"@id\":\"https:\/\/legitgrams.com\/product\/black-cherry-soda-marijuana-strain\/#primaryimage\"},\"image\":{\"@id\":\"https:\/\/legitgrams.com\/product\/black-cherry-soda-marijuana-strain\/#primaryimage\"},\"thumbnailUrl\":\"https:\/\/legitgrams.com\/wp-content\/uploads\/2024\/09\/Buy-Black-Cherry-Soda-Marijuana-Strain-Online.jpg\",\"datePublished\":\"2024-09-19T10:02:28+00:00\",\"dateModified\":\"2025-01-13T09:45:44+00:00\",\"description\":\"If you wish to buy black cherry soda marijuana online, our online Legitgrams store can help. We have black cherry soda marijuana strain for sale at the best price here. Order Now!\",\"breadcrumb\":{\"@id\":\"https:\/\/legitgrams.com\/product\/black-cherry-soda-marijuana-strain\/#breadcrumb\"},\"inLanguage\":\"cs\",\"potentialAction\":[{\"@type\":\"ReadAction\",\"target\":[\"https:\/\/legitgrams.com\/product\/black-cherry-soda-marijuana-strain\/\"]}]},{\"@type\":\"ImageObject\",\"inLanguage\":\"cs\",\"@id\":\"https:\/\/legitgrams.com\/product\/black-cherry-soda-marijuana-strain\/#primaryimage\",\"url\":\"https:\/\/legitgrams.com\/wp-content\/uploads\/2024\/09\/Buy-Black-Cherry-Soda-Marijuana-Strain-Online.jpg\",\"contentUrl\":\"https:\/\/legitgrams.com\/wp-content\/uploads\/2024\/09\/Buy-Black-Cherry-Soda-Marijuana-Strain-Online.jpg\",\"width\":600,\"height\":600,\"caption\":\"Buy-Black-Cherry-Soda-Marijuana-Strain-Online\"},{\"@type\":\"BreadcrumbList\",\"@id\":\"https:\/\/legitgrams.com\/product\/black-cherry-soda-marijuana-strain\/#breadcrumb\",\"itemListElement\":[{\"@type\":\"ListItem\",\"position\":1,\"name\":\"Home\",\"item\":\"https:\/\/legitgrams.com\/\"},{\"@type\":\"ListItem\",\"position\":2,\"name\":\"Shop\",\"item\":\"https:\/\/legitgrams.com\/shop\/\"},{\"@type\":\"ListItem\",\"position\":3,\"name\":\"Black Cherry Soda Marijuana Strain\"}]},{\"@type\":\"WebSite\",\"@id\":\"https:\/\/legitgrams.com\/#website\",\"url\":\"https:\/\/legitgrams.com\/\",\"name\":\"Legit Grams\",\"description\":\"My WordPress Blog\",\"publisher\":{\"@id\":\"https:\/\/legitgrams.com\/#organization\"},\"potentialAction\":[{\"@type\":\"SearchAction\",\"target\":{\"@type\":\"EntryPoint\",\"urlTemplate\":\"https:\/\/legitgrams.com\/?s={search_term_string}\"},\"query-input\":{\"@type\":\"PropertyValueSpecification\",\"valueRequired\":true,\"valueName\":\"search_term_string\"}}],\"inLanguage\":\"cs\"},{\"@type\":\"Organization\",\"@id\":\"https:\/\/legitgrams.com\/#organization\",\"name\":\"Legit Grams\",\"url\":\"https:\/\/legitgrams.com\/\",\"logo\":{\"@type\":\"ImageObject\",\"inLanguage\":\"cs\",\"@id\":\"https:\/\/legitgrams.com\/#\/schema\/logo\/image\/\",\"url\":\"https:\/\/legitgrams.com\/wp-content\/uploads\/2024\/09\/main-logo.png\",\"contentUrl\":\"https:\/\/legitgrams.com\/wp-content\/uploads\/2024\/09\/main-logo.png\",\"width\":270,\"height\":75,\"caption\":\"Legit Grams\"},\"image\":{\"@id\":\"https:\/\/legitgrams.com\/#\/schema\/logo\/image\/\"}}]}<\/script>\n<!-- \/ Yoast SEO plugin. -->","yoast_head_json":{"title":"Z\u00edskat Black Cherry Soda Marihuana Strain na prodej online","description":"Pokud si chcete koupit black cherry soda marihuanu online, n\u00e1\u0161 online obchod Legitgrams v\u00e1m pom\u016f\u017ee. M\u00e1me zde na prodej kmen marihuany black cherry soda za nejlep\u0161\u00ed cenu. Objedn\u00e1vejte nyn\u00ed!","robots":{"index":"index","follow":"follow","max-snippet":"max-snippet:-1","max-image-preview":"max-image-preview:large","max-video-preview":"max-video-preview:-1"},"canonical":"https:\/\/legitgrams.com\/cs\/produkt\/kmen-marihuany-black-cherry-soda\/","og_locale":"cs_CZ","og_type":"article","og_title":"Get Black Cherry Soda Marijuana Strain for Sale Online","og_description":"If you wish to buy black cherry soda marijuana online, our online Legitgrams store can help. We have black cherry soda marijuana strain for sale at the best price here. Order Now!","og_url":"https:\/\/legitgrams.com\/cs\/produkt\/kmen-marihuany-black-cherry-soda\/","og_site_name":"Legit Grams","article_modified_time":"2025-01-13T09:45:44+00:00","og_image":[{"width":600,"height":600,"url":"https:\/\/legitgrams.com\/wp-content\/uploads\/2024\/09\/Buy-Black-Cherry-Soda-Marijuana-Strain-Online.jpg","type":"image\/jpeg"}],"twitter_card":"summary_large_image","twitter_misc":{"Odhadovan\u00e1 doba \u010dten\u00ed":"2 minuty"},"schema":{"@context":"https:\/\/schema.org","@graph":[{"@type":"WebPage","@id":"https:\/\/legitgrams.com\/product\/black-cherry-soda-marijuana-strain\/","url":"https:\/\/legitgrams.com\/product\/black-cherry-soda-marijuana-strain\/","name":"Z\u00edskat Black Cherry Soda Marihuana Strain na prodej online","isPartOf":{"@id":"https:\/\/legitgrams.com\/#website"},"primaryImageOfPage":{"@id":"https:\/\/legitgrams.com\/product\/black-cherry-soda-marijuana-strain\/#primaryimage"},"image":{"@id":"https:\/\/legitgrams.com\/product\/black-cherry-soda-marijuana-strain\/#primaryimage"},"thumbnailUrl":"https:\/\/legitgrams.com\/wp-content\/uploads\/2024\/09\/Buy-Black-Cherry-Soda-Marijuana-Strain-Online.jpg","datePublished":"2024-09-19T10:02:28+00:00","dateModified":"2025-01-13T09:45:44+00:00","description":"Pokud si chcete koupit black cherry soda marihuanu online, n\u00e1\u0161 online obchod Legitgrams v\u00e1m pom\u016f\u017ee. M\u00e1me zde na prodej kmen marihuany black cherry soda za nejlep\u0161\u00ed cenu. Objedn\u00e1vejte nyn\u00ed!","breadcrumb":{"@id":"https:\/\/legitgrams.com\/product\/black-cherry-soda-marijuana-strain\/#breadcrumb"},"inLanguage":"cs","potentialAction":[{"@type":"ReadAction","target":["https:\/\/legitgrams.com\/product\/black-cherry-soda-marijuana-strain\/"]}]},{"@type":"ImageObject","inLanguage":"cs","@id":"https:\/\/legitgrams.com\/product\/black-cherry-soda-marijuana-strain\/#primaryimage","url":"https:\/\/legitgrams.com\/wp-content\/uploads\/2024\/09\/Buy-Black-Cherry-Soda-Marijuana-Strain-Online.jpg","contentUrl":"https:\/\/legitgrams.com\/wp-content\/uploads\/2024\/09\/Buy-Black-Cherry-Soda-Marijuana-Strain-Online.jpg","width":600,"height":600,"caption":"Buy-Black-Cherry-Soda-Marijuana-Strain-Online"},{"@type":"BreadcrumbList","@id":"https:\/\/legitgrams.com\/product\/black-cherry-soda-marijuana-strain\/#breadcrumb","itemListElement":[{"@type":"ListItem","position":1,"name":"Home","item":"https:\/\/legitgrams.com\/"},{"@type":"ListItem","position":2,"name":"Shop","item":"https:\/\/legitgrams.com\/shop\/"},{"@type":"ListItem","position":3,"name":"Black Cherry Soda Marijuana Strain"}]},{"@type":"WebSite","@id":"https:\/\/legitgrams.com\/#website","url":"https:\/\/legitgrams.com\/","name":"Leg\u00e1ln\u00ed gramy","description":"M\u016fj blog WordPress","publisher":{"@id":"https:\/\/legitgrams.com\/#organization"},"potentialAction":[{"@type":"SearchAction","target":{"@type":"EntryPoint","urlTemplate":"https:\/\/legitgrams.com\/?s={search_term_string}"},"query-input":{"@type":"PropertyValueSpecification","valueRequired":true,"valueName":"search_term_string"}}],"inLanguage":"cs"},{"@type":"Organization","@id":"https:\/\/legitgrams.com\/#organization","name":"Leg\u00e1ln\u00ed gramy","url":"https:\/\/legitgrams.com\/","logo":{"@type":"ImageObject","inLanguage":"cs","@id":"https:\/\/legitgrams.com\/#\/schema\/logo\/image\/","url":"https:\/\/legitgrams.com\/wp-content\/uploads\/2024\/09\/main-logo.png","contentUrl":"https:\/\/legitgrams.com\/wp-content\/uploads\/2024\/09\/main-logo.png","width":270,"height":75,"caption":"Legit Grams"},"image":{"@id":"https:\/\/legitgrams.com\/#\/schema\/logo\/image\/"}}]}},"uagb_featured_image_src":{"full":["https:\/\/legitgrams.com\/wp-content\/uploads\/2024\/09\/Buy-Black-Cherry-Soda-Marijuana-Strain-Online.jpg",600,600,false],"thumbnail":["https:\/\/legitgrams.com\/wp-content\/uploads\/2024\/09\/Buy-Black-Cherry-Soda-Marijuana-Strain-Online-150x150.jpg",150,150,true],"medium":["https:\/\/legitgrams.com\/wp-content\/uploads\/2024\/09\/Buy-Black-Cherry-Soda-Marijuana-Strain-Online-300x300.jpg",300,300,true],"medium_large":["https:\/\/legitgrams.com\/wp-content\/uploads\/2024\/09\/Buy-Black-Cherry-Soda-Marijuana-Strain-Online.jpg",600,600,false],"large":["https:\/\/legitgrams.com\/wp-content\/uploads\/2024\/09\/Buy-Black-Cherry-Soda-Marijuana-Strain-Online.jpg",600,600,false],"1536x1536":["https:\/\/legitgrams.com\/wp-content\/uploads\/2024\/09\/Buy-Black-Cherry-Soda-Marijuana-Strain-Online.jpg",600,600,false],"2048x2048":["https:\/\/legitgrams.com\/wp-content\/uploads\/2024\/09\/Buy-Black-Cherry-Soda-Marijuana-Strain-Online.jpg",600,600,false],"trp-custom-language-flag":["https:\/\/legitgrams.com\/wp-content\/uploads\/2024\/09\/Buy-Black-Cherry-Soda-Marijuana-Strain-Online-12x12.jpg",12,12,true],"woocommerce_thumbnail":["https:\/\/legitgrams.com\/wp-content\/uploads\/2024\/09\/Buy-Black-Cherry-Soda-Marijuana-Strain-Online-300x300.jpg",300,300,true],"woocommerce_single":["https:\/\/legitgrams.com\/wp-content\/uploads\/2024\/09\/Buy-Black-Cherry-Soda-Marijuana-Strain-Online.jpg",600,600,false],"woocommerce_gallery_thumbnail":["https:\/\/legitgrams.com\/wp-content\/uploads\/2024\/09\/Buy-Black-Cherry-Soda-Marijuana-Strain-Online-100x100.jpg",100,100,true]},"uagb_author_info":{"display_name":"cokeblog18","author_link":"https:\/\/legitgrams.com\/cs\/author\/"},"uagb_comment_info":0,"uagb_excerpt":"Purchase Black Cherry Soda Cannabis Strain Online Discover the deliciously sweet and fruity flavor of the Black Cherry Soda variation. Enjoy the wonderful scents of citrus fruits, ground pine, and fiery herbal terpenes each time you smoke. Respected for its 30% THC content, stunning look, and superior genetics. The best aspects of the Airborne G13,&hellip;","_links":{"self":[{"href":"https:\/\/legitgrams.com\/cs\/wp-json\/wp\/v2\/product\/3668","targetHints":{"allow":["GET"]}}],"collection":[{"href":"https:\/\/legitgrams.com\/cs\/wp-json\/wp\/v2\/product"}],"about":[{"href":"https:\/\/legitgrams.com\/cs\/wp-json\/wp\/v2\/types\/product"}],"replies":[{"embeddable":true,"href":"https:\/\/legitgrams.com\/cs\/wp-json\/wp\/v2\/comments?post=3668"}],"wp:featuredmedia":[{"embeddable":true,"href":"https:\/\/legitgrams.com\/cs\/wp-json\/wp\/v2\/media\/5397"}],"wp:attachment":[{"href":"https:\/\/legitgrams.com\/cs\/wp-json\/wp\/v2\/media?parent=3668"}],"wp:term":[{"taxonomy":"product_brand","embeddable":true,"href":"https:\/\/legitgrams.com\/cs\/wp-json\/wp\/v2\/product_brand?post=3668"},{"taxonomy":"product_cat","embeddable":true,"href":"https:\/\/legitgrams.com\/cs\/wp-json\/wp\/v2\/product_cat?post=3668"},{"taxonomy":"product_tag","embeddable":true,"href":"https:\/\/legitgrams.com\/cs\/wp-json\/wp\/v2\/product_tag?post=3668"}],"curies":[{"name":"wp","href":"https:\/\/api.w.org\/{rel}","templated":true}]}}