{"id":3675,"date":"2024-09-19T10:13:38","date_gmt":"2024-09-19T10:13:38","guid":{"rendered":"https:\/\/legitgrams.com\/?post_type=product&#038;p=3675"},"modified":"2025-01-13T09:46:39","modified_gmt":"2025-01-13T09:46:39","slug":"ostruzinovy-kes","status":"publish","type":"product","link":"https:\/\/legitgrams.com\/cs\/produkt\/ostruzinovy-kes\/","title":{"rendered":"Blackberry Kush"},"content":{"rendered":"<h2>Prod\u00e1m: Blackberry Kush<\/h2>\n<p>Na str\u00e1nk\u00e1ch <a href=\"https:\/\/legitgrams.com\/cs\/produkt\/ostruzinovy-kes\/\">Hybrid Blackberry Kush<\/a> je mnoh\u00fdmi pova\u017eov\u00e1n za nejlep\u0161\u00ed kmen, jak\u00fd kdy kou\u0159ili. \u017div\u00e1 zelen\u00e1 a fialov\u00e1 poupata tohoto hybridu indica jsou pota\u017eena krystaly. Na t\u00e9to stran\u011b kouzla trichomu kontrastuje n\u011bkolik tenk\u00fdch oran\u017eov\u00fdch chloupk\u016f se zbytkem pozoruhodn\u00e9 kv\u011btiny. S hlubok\u00fdm palivov\u00fdm t\u00f3nem a kombinac\u00ed bobul\u00ed, kter\u00e9 pohlad\u00ed nos, m\u00e1 toto delik\u00e1tn\u00ed pot\u011b\u0161en\u00ed sofistikovanou v\u016fni. Bohat\u00fd kou\u0159 Blackberry Kush vytv\u00e1\u0159\u00ed \u00fa\u017easnou postavu bez obvykl\u00fdch vedlej\u0161\u00edch \u00fa\u010dink\u016f \u00fanavy a mal\u00e1tnosti. Pokud si chcete kmen Blackberry Kush opravdu u\u017e\u00edt, vyzkou\u0161ejte jej z vaporiz\u00e9ru. <a href=\"https:\/\/legitgrams.com\/cs\/\">LegitGrams<\/a><\/p>\n<p>Koupit Blackberry Kush online: Koupit Kush, koupit Blackberry Kush, koupit Kush online, kde koupit Kush, jak koupit Kush na prodej, Koupit Blackberry online. Kde z\u00edskat ostru\u017einov\u00fd kush, kde jej koupit ve Spojen\u00fdch st\u00e1tech, Kanad\u011b a Spojen\u00e9m kr\u00e1lovstv\u00ed, kde jej koupit online, dodavatel\u00e9 a bezpe\u010dn\u00e9 doru\u010den\u00ed <a href=\"https:\/\/en.wikipedia.org\/wiki\/Blackberry\">Blackberry Kush<\/a> je st\u00e1le k dispozici ke koupi. Zjist\u011bte, zda je Blackberry Kush leg\u00e1ln\u00ed v USA, jak jej z\u00edskat a zda je leg\u00e1ln\u00ed v Kanad\u011b.<\/p>","protected":false},"excerpt":{"rendered":"<p>For Sale: Blackberry Kush The Blackberry Kush hybrid is regarded by many as the best strain they have ever smoked. The vivid green and purple buds of this indica hybrid are coated in crystals. On this side of the trichome&#8217;s charm, a few thin orange hairs contrast with the rest of the remarkable flower. With &hellip;<\/p>\n<p class=\"read-more\"> <a class=\"\" href=\"https:\/\/legitgrams.com\/cs\/produkt\/ostruzinovy-kes\/\"> <span class=\"screen-reader-text\">Blackberry Kush<\/span> \u010c\u00edst d\u00e1l \"<\/a><\/p>","protected":false},"featured_media":5398,"comment_status":"open","ping_status":"closed","template":"","meta":{"_uag_custom_page_level_css":"","site-sidebar-layout":"default","site-content-layout":"default","ast-global-header-display":"","ast-main-header-display":"","ast-hfb-above-header-display":"","ast-hfb-below-header-display":"","ast-hfb-mobile-header-display":"","site-post-title":"","ast-breadcrumbs-content":"","ast-featured-img":"","footer-sml-layout":"","theme-transparent-header-meta":"default","adv-header-id-meta":"","stick-header-meta":"default","header-above-stick-meta":"","header-main-stick-meta":"","header-below-stick-meta":"","_joinchat":[]},"product_brand":[],"product_cat":[607],"product_tag":[5568,5558,5549,5553,5552,5560,5551,5561,5563,5570,5571,5569,5566,617,5550,5565,5562,5557,5555,5567,5564,625,5556,5559,5554],"class_list":{"0":"post-3675","1":"product","2":"type-product","3":"status-publish","4":"has-post-thumbnail","6":"product_cat-marijuana-cannabis","7":"product_tag-best-cheap-price-blackberry-kush","8":"product_tag-best-place-to-buy-blackberry-kush","9":"product_tag-blackberry-kush","10":"product_tag-blackberry-kush-blackberry-kush-supplier","11":"product_tag-blackberry-kush-for-sale","12":"product_tag-blackberry-kush-legally","13":"product_tag-blackberry-kush-online","14":"product_tag-blackberry-kush-price","15":"product_tag-blackberry-kush-store","16":"product_tag-blackberry-kush-use","17":"product_tag-blackberry-kush-wiki","18":"product_tag-blackberry-kush-worldwide","19":"product_tag-blackberry-kushs","20":"product_tag-bulk-online","21":"product_tag-buy-blackberry-kush","22":"product_tag-cheap-blackberry-kush","23":"product_tag-high-quality-blackberry-kush","24":"product_tag-how-to-buy-blackberry-kush","25":"product_tag-order-blackberry-kush","26":"product_tag-purcharse-blackberry-kush","27":"product_tag-shop-blackberry-kush","28":"product_tag-top-quality","29":"product_tag-where-to-buy-blackberry-kush","30":"product_tag-where-to-order-blackberry-kush","31":"product_tag-wholesale-blackberry-kush","32":"desktop-align-left","33":"tablet-align-left","34":"mobile-align-left","35":"ast-product-gallery-layout-horizontal","36":"ast-product-gallery-with-no-image","37":"ast-product-single-variable","38":"ast-product-tabs-layout-horizontal","39":"ast-qv-on-image","41":"first","42":"instock","43":"featured","44":"shipping-taxable","45":"purchasable","46":"product-type-variable"},"yoast_head":"<!-- This site is optimized with the Yoast SEO plugin v25.9 - https:\/\/yoast.com\/wordpress\/plugins\/seo\/ -->\n<title>Blackberry Kush for Sale - Buy Blackberry Kush Online at LG<\/title>\n<meta name=\"description\" content=\"It is the best time to visit our online Legitgrams store and buy blackberry kush online. We have high-qualuty blackberry kush for sale here along with fast &amp; secure delivery service.\" \/>\n<meta name=\"robots\" content=\"index, follow, max-snippet:-1, max-image-preview:large, max-video-preview:-1\" \/>\n<link rel=\"canonical\" href=\"https:\/\/legitgrams.com\/cs\/produkt\/ostruzinovy-kes\/\" \/>\n<meta property=\"og:locale\" content=\"cs_CZ\" \/>\n<meta property=\"og:type\" content=\"article\" \/>\n<meta property=\"og:title\" content=\"Blackberry Kush for Sale - Buy Blackberry Kush Online at LG\" \/>\n<meta property=\"og:description\" content=\"It is the best time to visit our online Legitgrams store and buy blackberry kush online. We have high-qualuty blackberry kush for sale here along with fast &amp; secure delivery service.\" \/>\n<meta property=\"og:url\" content=\"https:\/\/legitgrams.com\/cs\/produkt\/ostruzinovy-kes\/\" \/>\n<meta property=\"og:site_name\" content=\"Legit Grams\" \/>\n<meta property=\"article:modified_time\" content=\"2025-01-13T09:46:39+00:00\" \/>\n<meta property=\"og:image\" content=\"https:\/\/legitgrams.com\/wp-content\/uploads\/2024\/09\/Buy-Blackberry-Kush.jpg\" \/>\n\t<meta property=\"og:image:width\" content=\"600\" \/>\n\t<meta property=\"og:image:height\" content=\"600\" \/>\n\t<meta property=\"og:image:type\" content=\"image\/jpeg\" \/>\n<meta name=\"twitter:card\" content=\"summary_large_image\" \/>\n<meta name=\"twitter:label1\" content=\"Odhadovan\u00e1 doba \u010dten\u00ed\" \/>\n\t<meta name=\"twitter:data1\" content=\"2 minuty\" \/>\n<script type=\"application\/ld+json\" class=\"yoast-schema-graph\">{\"@context\":\"https:\/\/schema.org\",\"@graph\":[{\"@type\":\"WebPage\",\"@id\":\"https:\/\/legitgrams.com\/product\/blackberry-kush\/\",\"url\":\"https:\/\/legitgrams.com\/product\/blackberry-kush\/\",\"name\":\"Blackberry Kush for Sale - Buy Blackberry Kush Online at LG\",\"isPartOf\":{\"@id\":\"https:\/\/legitgrams.com\/#website\"},\"primaryImageOfPage\":{\"@id\":\"https:\/\/legitgrams.com\/product\/blackberry-kush\/#primaryimage\"},\"image\":{\"@id\":\"https:\/\/legitgrams.com\/product\/blackberry-kush\/#primaryimage\"},\"thumbnailUrl\":\"https:\/\/legitgrams.com\/wp-content\/uploads\/2024\/09\/Buy-Blackberry-Kush.jpg\",\"datePublished\":\"2024-09-19T10:13:38+00:00\",\"dateModified\":\"2025-01-13T09:46:39+00:00\",\"description\":\"It is the best time to visit our online Legitgrams store and buy blackberry kush online. We have high-qualuty blackberry kush for sale here along with fast & secure delivery service.\",\"breadcrumb\":{\"@id\":\"https:\/\/legitgrams.com\/product\/blackberry-kush\/#breadcrumb\"},\"inLanguage\":\"cs\",\"potentialAction\":[{\"@type\":\"ReadAction\",\"target\":[\"https:\/\/legitgrams.com\/product\/blackberry-kush\/\"]}]},{\"@type\":\"ImageObject\",\"inLanguage\":\"cs\",\"@id\":\"https:\/\/legitgrams.com\/product\/blackberry-kush\/#primaryimage\",\"url\":\"https:\/\/legitgrams.com\/wp-content\/uploads\/2024\/09\/Buy-Blackberry-Kush.jpg\",\"contentUrl\":\"https:\/\/legitgrams.com\/wp-content\/uploads\/2024\/09\/Buy-Blackberry-Kush.jpg\",\"width\":600,\"height\":600,\"caption\":\"Blackberry Kush for Sale\"},{\"@type\":\"BreadcrumbList\",\"@id\":\"https:\/\/legitgrams.com\/product\/blackberry-kush\/#breadcrumb\",\"itemListElement\":[{\"@type\":\"ListItem\",\"position\":1,\"name\":\"Home\",\"item\":\"https:\/\/legitgrams.com\/\"},{\"@type\":\"ListItem\",\"position\":2,\"name\":\"Shop\",\"item\":\"https:\/\/legitgrams.com\/shop\/\"},{\"@type\":\"ListItem\",\"position\":3,\"name\":\"Blackberry Kush\"}]},{\"@type\":\"WebSite\",\"@id\":\"https:\/\/legitgrams.com\/#website\",\"url\":\"https:\/\/legitgrams.com\/\",\"name\":\"Legit Grams\",\"description\":\"My WordPress Blog\",\"publisher\":{\"@id\":\"https:\/\/legitgrams.com\/#organization\"},\"potentialAction\":[{\"@type\":\"SearchAction\",\"target\":{\"@type\":\"EntryPoint\",\"urlTemplate\":\"https:\/\/legitgrams.com\/?s={search_term_string}\"},\"query-input\":{\"@type\":\"PropertyValueSpecification\",\"valueRequired\":true,\"valueName\":\"search_term_string\"}}],\"inLanguage\":\"cs\"},{\"@type\":\"Organization\",\"@id\":\"https:\/\/legitgrams.com\/#organization\",\"name\":\"Legit Grams\",\"url\":\"https:\/\/legitgrams.com\/\",\"logo\":{\"@type\":\"ImageObject\",\"inLanguage\":\"cs\",\"@id\":\"https:\/\/legitgrams.com\/#\/schema\/logo\/image\/\",\"url\":\"https:\/\/legitgrams.com\/wp-content\/uploads\/2024\/09\/main-logo.png\",\"contentUrl\":\"https:\/\/legitgrams.com\/wp-content\/uploads\/2024\/09\/main-logo.png\",\"width\":270,\"height\":75,\"caption\":\"Legit Grams\"},\"image\":{\"@id\":\"https:\/\/legitgrams.com\/#\/schema\/logo\/image\/\"}}]}<\/script>\n<!-- \/ Yoast SEO plugin. -->","yoast_head_json":{"title":"Blackberry Kush na prodej - Koupit Blackberry Kush online u LG","description":"Je nejlep\u0161\u00ed \u010das nav\u0161t\u00edvit n\u00e1\u0161 online obchod Legitgrams a koupit si blackberry kush online. M\u00e1me zde na prodej vysoce kvalitn\u00ed ostru\u017einov\u00fd kush spolu s rychlou a bezpe\u010dnou dodac\u00ed slu\u017ebou.","robots":{"index":"index","follow":"follow","max-snippet":"max-snippet:-1","max-image-preview":"max-image-preview:large","max-video-preview":"max-video-preview:-1"},"canonical":"https:\/\/legitgrams.com\/cs\/produkt\/ostruzinovy-kes\/","og_locale":"cs_CZ","og_type":"article","og_title":"Blackberry Kush for Sale - Buy Blackberry Kush Online at LG","og_description":"It is the best time to visit our online Legitgrams store and buy blackberry kush online. We have high-qualuty blackberry kush for sale here along with fast & secure delivery service.","og_url":"https:\/\/legitgrams.com\/cs\/produkt\/ostruzinovy-kes\/","og_site_name":"Legit Grams","article_modified_time":"2025-01-13T09:46:39+00:00","og_image":[{"width":600,"height":600,"url":"https:\/\/legitgrams.com\/wp-content\/uploads\/2024\/09\/Buy-Blackberry-Kush.jpg","type":"image\/jpeg"}],"twitter_card":"summary_large_image","twitter_misc":{"Odhadovan\u00e1 doba \u010dten\u00ed":"2 minuty"},"schema":{"@context":"https:\/\/schema.org","@graph":[{"@type":"WebPage","@id":"https:\/\/legitgrams.com\/product\/blackberry-kush\/","url":"https:\/\/legitgrams.com\/product\/blackberry-kush\/","name":"Blackberry Kush na prodej - Koupit Blackberry Kush online u LG","isPartOf":{"@id":"https:\/\/legitgrams.com\/#website"},"primaryImageOfPage":{"@id":"https:\/\/legitgrams.com\/product\/blackberry-kush\/#primaryimage"},"image":{"@id":"https:\/\/legitgrams.com\/product\/blackberry-kush\/#primaryimage"},"thumbnailUrl":"https:\/\/legitgrams.com\/wp-content\/uploads\/2024\/09\/Buy-Blackberry-Kush.jpg","datePublished":"2024-09-19T10:13:38+00:00","dateModified":"2025-01-13T09:46:39+00:00","description":"Je nejlep\u0161\u00ed \u010das nav\u0161t\u00edvit n\u00e1\u0161 online obchod Legitgrams a koupit si blackberry kush online. M\u00e1me zde na prodej vysoce kvalitn\u00ed ostru\u017einov\u00fd kush spolu s rychlou a bezpe\u010dnou dodac\u00ed slu\u017ebou.","breadcrumb":{"@id":"https:\/\/legitgrams.com\/product\/blackberry-kush\/#breadcrumb"},"inLanguage":"cs","potentialAction":[{"@type":"ReadAction","target":["https:\/\/legitgrams.com\/product\/blackberry-kush\/"]}]},{"@type":"ImageObject","inLanguage":"cs","@id":"https:\/\/legitgrams.com\/product\/blackberry-kush\/#primaryimage","url":"https:\/\/legitgrams.com\/wp-content\/uploads\/2024\/09\/Buy-Blackberry-Kush.jpg","contentUrl":"https:\/\/legitgrams.com\/wp-content\/uploads\/2024\/09\/Buy-Blackberry-Kush.jpg","width":600,"height":600,"caption":"Blackberry Kush for Sale"},{"@type":"BreadcrumbList","@id":"https:\/\/legitgrams.com\/product\/blackberry-kush\/#breadcrumb","itemListElement":[{"@type":"ListItem","position":1,"name":"Home","item":"https:\/\/legitgrams.com\/"},{"@type":"ListItem","position":2,"name":"Shop","item":"https:\/\/legitgrams.com\/shop\/"},{"@type":"ListItem","position":3,"name":"Blackberry Kush"}]},{"@type":"WebSite","@id":"https:\/\/legitgrams.com\/#website","url":"https:\/\/legitgrams.com\/","name":"Leg\u00e1ln\u00ed gramy","description":"M\u016fj blog WordPress","publisher":{"@id":"https:\/\/legitgrams.com\/#organization"},"potentialAction":[{"@type":"SearchAction","target":{"@type":"EntryPoint","urlTemplate":"https:\/\/legitgrams.com\/?s={search_term_string}"},"query-input":{"@type":"PropertyValueSpecification","valueRequired":true,"valueName":"search_term_string"}}],"inLanguage":"cs"},{"@type":"Organization","@id":"https:\/\/legitgrams.com\/#organization","name":"Leg\u00e1ln\u00ed gramy","url":"https:\/\/legitgrams.com\/","logo":{"@type":"ImageObject","inLanguage":"cs","@id":"https:\/\/legitgrams.com\/#\/schema\/logo\/image\/","url":"https:\/\/legitgrams.com\/wp-content\/uploads\/2024\/09\/main-logo.png","contentUrl":"https:\/\/legitgrams.com\/wp-content\/uploads\/2024\/09\/main-logo.png","width":270,"height":75,"caption":"Legit Grams"},"image":{"@id":"https:\/\/legitgrams.com\/#\/schema\/logo\/image\/"}}]}},"uagb_featured_image_src":{"full":["https:\/\/legitgrams.com\/wp-content\/uploads\/2024\/09\/Buy-Blackberry-Kush.jpg",600,600,false],"thumbnail":["https:\/\/legitgrams.com\/wp-content\/uploads\/2024\/09\/Buy-Blackberry-Kush-150x150.jpg",150,150,true],"medium":["https:\/\/legitgrams.com\/wp-content\/uploads\/2024\/09\/Buy-Blackberry-Kush-300x300.jpg",300,300,true],"medium_large":["https:\/\/legitgrams.com\/wp-content\/uploads\/2024\/09\/Buy-Blackberry-Kush.jpg",600,600,false],"large":["https:\/\/legitgrams.com\/wp-content\/uploads\/2024\/09\/Buy-Blackberry-Kush.jpg",600,600,false],"1536x1536":["https:\/\/legitgrams.com\/wp-content\/uploads\/2024\/09\/Buy-Blackberry-Kush.jpg",600,600,false],"2048x2048":["https:\/\/legitgrams.com\/wp-content\/uploads\/2024\/09\/Buy-Blackberry-Kush.jpg",600,600,false],"trp-custom-language-flag":["https:\/\/legitgrams.com\/wp-content\/uploads\/2024\/09\/Buy-Blackberry-Kush-12x12.jpg",12,12,true],"woocommerce_thumbnail":["https:\/\/legitgrams.com\/wp-content\/uploads\/2024\/09\/Buy-Blackberry-Kush-300x300.jpg",300,300,true],"woocommerce_single":["https:\/\/legitgrams.com\/wp-content\/uploads\/2024\/09\/Buy-Blackberry-Kush.jpg",600,600,false],"woocommerce_gallery_thumbnail":["https:\/\/legitgrams.com\/wp-content\/uploads\/2024\/09\/Buy-Blackberry-Kush-100x100.jpg",100,100,true]},"uagb_author_info":{"display_name":"cokeblog18","author_link":"https:\/\/legitgrams.com\/cs\/author\/"},"uagb_comment_info":0,"uagb_excerpt":"For Sale: Blackberry Kush The Blackberry Kush hybrid is regarded by many as the best strain they have ever smoked. The vivid green and purple buds of this indica hybrid are coated in crystals. On this side of the trichome&#8217;s charm, a few thin orange hairs contrast with the rest of the remarkable flower. With&hellip;","_links":{"self":[{"href":"https:\/\/legitgrams.com\/cs\/wp-json\/wp\/v2\/product\/3675","targetHints":{"allow":["GET"]}}],"collection":[{"href":"https:\/\/legitgrams.com\/cs\/wp-json\/wp\/v2\/product"}],"about":[{"href":"https:\/\/legitgrams.com\/cs\/wp-json\/wp\/v2\/types\/product"}],"replies":[{"embeddable":true,"href":"https:\/\/legitgrams.com\/cs\/wp-json\/wp\/v2\/comments?post=3675"}],"wp:featuredmedia":[{"embeddable":true,"href":"https:\/\/legitgrams.com\/cs\/wp-json\/wp\/v2\/media\/5398"}],"wp:attachment":[{"href":"https:\/\/legitgrams.com\/cs\/wp-json\/wp\/v2\/media?parent=3675"}],"wp:term":[{"taxonomy":"product_brand","embeddable":true,"href":"https:\/\/legitgrams.com\/cs\/wp-json\/wp\/v2\/product_brand?post=3675"},{"taxonomy":"product_cat","embeddable":true,"href":"https:\/\/legitgrams.com\/cs\/wp-json\/wp\/v2\/product_cat?post=3675"},{"taxonomy":"product_tag","embeddable":true,"href":"https:\/\/legitgrams.com\/cs\/wp-json\/wp\/v2\/product_tag?post=3675"}],"curies":[{"name":"wp","href":"https:\/\/api.w.org\/{rel}","templated":true}]}}