{"id":3682,"date":"2024-09-19T10:21:02","date_gmt":"2024-09-19T10:21:02","guid":{"rendered":"https:\/\/legitgrams.com\/?post_type=product&#038;p=3682"},"modified":"2025-01-13T10:12:22","modified_gmt":"2025-01-13T10:12:22","slug":"modry-sen-sativa-kmen","status":"publish","type":"product","link":"https:\/\/legitgrams.com\/cs\/produkt\/modry-sen-sativa-kmen\/","title":{"rendered":"Blue Dream Sativa Strain"},"content":{"rendered":"<h2>Na prodej: Blue Dream Sativa Strain<br \/>\nBlue Dream Sativa lze zakoupit online.<\/h2>\n<p>60 % dominantn\u00ed Sativa Hybrid 40 % Indica Sativa<br \/>\nTHC: 17 %\u201324 %, CBD: 2 % a CBN: 1 %<\/p>\n<p>\u00da\u010dinky \u0160t\u011bst\u00ed, optimismus, euforie a kreativita Pom\u00e1h\u00e1 p\u0159i l\u00e9\u010db\u011b deprese, \u00fazkosti, chronick\u00e9 bolesti, bipol\u00e1rn\u00ed poruchy, \u00fanavy, bolest\u00ed hlavy a hyperaktivity<br \/>\nP\u0159\u00edchut\u011b<br \/>\nSladk\u00e1, ovocn\u00e1, bylinkov\u00e1, vanilkov\u00e1, lesn\u00ed a bor\u016fvkov\u00e1 v\u016fn\u011b<br \/>\nZemit\u00e9, ovocn\u00e9, sladk\u00e9 a vanilkov\u00e9 <a href=\"https:\/\/legitgrams.com\/cs\/\">LegitGrams<\/a><\/p>\n<p>Online <a href=\"https:\/\/legitgrams.com\/cs\/produkt\/modry-sen-sativa-kmen\/\">Blue Dream Sativa<\/a> N\u00e1kup: Online n\u00e1kup Sativa, online n\u00e1kup Blue Dream Sativa, Online n\u00e1kup Blue Sativa kmen online, prodejci, bezpe\u010dn\u00e9 doru\u010den\u00ed, kde koupit Blue Dream Sativa kmen online, Blue Dream Sativa kmen na prodej v USA, Kanad\u011b a Velk\u00e1 Brit\u00e1nie, st\u00e1le m\u016f\u017eete z\u00edskat kmen Blue Dream Sativa. Je mo\u017en\u00e9 zakoupit <a href=\"https:\/\/en.wikipedia.org\/wiki\/Blue_Dream\">Modr\u00fd sen<\/a> Sativa Strain online? Je Blue Dream Sativa Strain leg\u00e1ln\u00ed ve Spojen\u00fdch st\u00e1tech? Je Blue Dream Sativa Strain leg\u00e1ln\u00ed v Kanad\u011b?<\/p>","protected":false},"excerpt":{"rendered":"<p>For Sale: Blue Dream Sativa Strain Blue Dream Sativa can be bought online. 60% Dominant Sativa Hybrid 40% Indica Sativa THC: 17%\u201324%, CBD: 2%, and CBN: 1% Effects Happiness, optimism, euphoria, and creativity Aids in the treatment of depression, anxiety, chronic pain, bipolar disorder, fatigue, headaches, and hyperactivity Flavors Sweet, fruity, herbal, vanilla, berry, and &hellip;<\/p>\n<p class=\"read-more\"> <a class=\"\" href=\"https:\/\/legitgrams.com\/cs\/produkt\/modry-sen-sativa-kmen\/\"> <span class=\"screen-reader-text\">Blue Dream Sativa Strain<\/span> \u010c\u00edst d\u00e1l \"<\/a><\/p>","protected":false},"featured_media":5399,"comment_status":"open","ping_status":"closed","template":"","meta":{"_uag_custom_page_level_css":"","site-sidebar-layout":"default","site-content-layout":"default","ast-global-header-display":"","ast-main-header-display":"","ast-hfb-above-header-display":"","ast-hfb-below-header-display":"","ast-hfb-mobile-header-display":"","site-post-title":"","ast-breadcrumbs-content":"","ast-featured-img":"","footer-sml-layout":"","theme-transparent-header-meta":"default","adv-header-id-meta":"","stick-header-meta":"default","header-above-stick-meta":"","header-main-stick-meta":"","header-below-stick-meta":"","_joinchat":[]},"product_brand":[],"product_cat":[607],"product_tag":[5545,5535,5526,5530,5529,5537,5528,5538,5540,5547,5548,5546,5543,617,5527,5542,5539,5534,5532,5544,5541,625,5533,5536,5531],"class_list":{"0":"post-3682","1":"product","2":"type-product","3":"status-publish","4":"has-post-thumbnail","6":"product_cat-marijuana-cannabis","7":"product_tag-best-cheap-price-blue-dream-sativa-strain","8":"product_tag-best-place-to-buy-blue-dream-sativa-strain","9":"product_tag-blue-dream-sativa-strain","10":"product_tag-blue-dream-sativa-strain-blue-dream-sativa-strain-supplier","11":"product_tag-blue-dream-sativa-strain-for-sale","12":"product_tag-blue-dream-sativa-strain-legally","13":"product_tag-blue-dream-sativa-strain-online","14":"product_tag-blue-dream-sativa-strain-price","15":"product_tag-blue-dream-sativa-strain-store","16":"product_tag-blue-dream-sativa-strain-use","17":"product_tag-blue-dream-sativa-strain-wiki","18":"product_tag-blue-dream-sativa-strain-worldwide","19":"product_tag-blue-dream-sativa-strains","20":"product_tag-bulk-online","21":"product_tag-buy-blue-dream-sativa-strain","22":"product_tag-cheap-blue-dream-sativa-strain","23":"product_tag-high-quality-blue-dream-sativa-strain","24":"product_tag-how-to-buy-blue-dream-sativa-strain","25":"product_tag-order-blue-dream-sativa-strain","26":"product_tag-purcharse-blue-dream-sativa-strain","27":"product_tag-shop-blue-dream-sativa-strain","28":"product_tag-top-quality","29":"product_tag-where-to-buy-blue-dream-sativa-strain","30":"product_tag-where-to-order-blue-dream-sativa-strain","31":"product_tag-wholesale-blue-dream-sativa-strain","32":"desktop-align-left","33":"tablet-align-left","34":"mobile-align-left","35":"ast-product-gallery-layout-horizontal","36":"ast-product-gallery-with-no-image","37":"ast-product-single-variable","38":"ast-product-tabs-layout-horizontal","39":"ast-qv-on-image","41":"first","42":"instock","43":"shipping-taxable","44":"purchasable","45":"product-type-variable"},"yoast_head":"<!-- This site is optimized with the Yoast SEO plugin v25.9 - https:\/\/yoast.com\/wordpress\/plugins\/seo\/ -->\n<title>Blue Dream Sativa for Sale - Buy Blue Dream Sativa Online<\/title>\n<meta name=\"description\" content=\"If you wish to buy blue dream sativa online, our marijuana store can help. We have top-notch qualuty blue dream sativa for sale at the best rate. Place your order now!\" \/>\n<meta name=\"robots\" content=\"index, follow, max-snippet:-1, max-image-preview:large, max-video-preview:-1\" \/>\n<link rel=\"canonical\" href=\"https:\/\/legitgrams.com\/cs\/produkt\/modry-sen-sativa-kmen\/\" \/>\n<meta property=\"og:locale\" content=\"cs_CZ\" \/>\n<meta property=\"og:type\" content=\"article\" \/>\n<meta property=\"og:title\" content=\"Blue Dream Sativa for Sale - Buy Blue Dream Sativa Online\" \/>\n<meta property=\"og:description\" content=\"If you wish to buy blue dream sativa online, our marijuana store can help. We have top-notch qualuty blue dream sativa for sale at the best rate. Place your order now!\" \/>\n<meta property=\"og:url\" content=\"https:\/\/legitgrams.com\/cs\/produkt\/modry-sen-sativa-kmen\/\" \/>\n<meta property=\"og:site_name\" content=\"Legit Grams\" \/>\n<meta property=\"article:modified_time\" content=\"2025-01-13T10:12:22+00:00\" \/>\n<meta property=\"og:image\" content=\"https:\/\/legitgrams.com\/wp-content\/uploads\/2024\/09\/Buy-Blue-Dream-Sativa-Strain-Online.jpg\" \/>\n\t<meta property=\"og:image:width\" content=\"600\" \/>\n\t<meta property=\"og:image:height\" content=\"600\" \/>\n\t<meta property=\"og:image:type\" content=\"image\/jpeg\" \/>\n<meta name=\"twitter:card\" content=\"summary_large_image\" \/>\n<meta name=\"twitter:label1\" content=\"Odhadovan\u00e1 doba \u010dten\u00ed\" \/>\n\t<meta name=\"twitter:data1\" content=\"1 minuta\" \/>\n<script type=\"application\/ld+json\" class=\"yoast-schema-graph\">{\"@context\":\"https:\/\/schema.org\",\"@graph\":[{\"@type\":\"WebPage\",\"@id\":\"https:\/\/legitgrams.com\/product\/blue-dream-sativa-strain\/\",\"url\":\"https:\/\/legitgrams.com\/product\/blue-dream-sativa-strain\/\",\"name\":\"Blue Dream Sativa for Sale - Buy Blue Dream Sativa Online\",\"isPartOf\":{\"@id\":\"https:\/\/legitgrams.com\/#website\"},\"primaryImageOfPage\":{\"@id\":\"https:\/\/legitgrams.com\/product\/blue-dream-sativa-strain\/#primaryimage\"},\"image\":{\"@id\":\"https:\/\/legitgrams.com\/product\/blue-dream-sativa-strain\/#primaryimage\"},\"thumbnailUrl\":\"https:\/\/legitgrams.com\/wp-content\/uploads\/2024\/09\/Buy-Blue-Dream-Sativa-Strain-Online.jpg\",\"datePublished\":\"2024-09-19T10:21:02+00:00\",\"dateModified\":\"2025-01-13T10:12:22+00:00\",\"description\":\"If you wish to buy blue dream sativa online, our marijuana store can help. We have top-notch qualuty blue dream sativa for sale at the best rate. Place your order now!\",\"breadcrumb\":{\"@id\":\"https:\/\/legitgrams.com\/product\/blue-dream-sativa-strain\/#breadcrumb\"},\"inLanguage\":\"cs\",\"potentialAction\":[{\"@type\":\"ReadAction\",\"target\":[\"https:\/\/legitgrams.com\/product\/blue-dream-sativa-strain\/\"]}]},{\"@type\":\"ImageObject\",\"inLanguage\":\"cs\",\"@id\":\"https:\/\/legitgrams.com\/product\/blue-dream-sativa-strain\/#primaryimage\",\"url\":\"https:\/\/legitgrams.com\/wp-content\/uploads\/2024\/09\/Buy-Blue-Dream-Sativa-Strain-Online.jpg\",\"contentUrl\":\"https:\/\/legitgrams.com\/wp-content\/uploads\/2024\/09\/Buy-Blue-Dream-Sativa-Strain-Online.jpg\",\"width\":600,\"height\":600,\"caption\":\"Blue Dream Sativa Strain for Sale\"},{\"@type\":\"BreadcrumbList\",\"@id\":\"https:\/\/legitgrams.com\/product\/blue-dream-sativa-strain\/#breadcrumb\",\"itemListElement\":[{\"@type\":\"ListItem\",\"position\":1,\"name\":\"Home\",\"item\":\"https:\/\/legitgrams.com\/\"},{\"@type\":\"ListItem\",\"position\":2,\"name\":\"Shop\",\"item\":\"https:\/\/legitgrams.com\/shop\/\"},{\"@type\":\"ListItem\",\"position\":3,\"name\":\"Blue Dream Sativa Strain\"}]},{\"@type\":\"WebSite\",\"@id\":\"https:\/\/legitgrams.com\/#website\",\"url\":\"https:\/\/legitgrams.com\/\",\"name\":\"Legit Grams\",\"description\":\"My WordPress Blog\",\"publisher\":{\"@id\":\"https:\/\/legitgrams.com\/#organization\"},\"potentialAction\":[{\"@type\":\"SearchAction\",\"target\":{\"@type\":\"EntryPoint\",\"urlTemplate\":\"https:\/\/legitgrams.com\/?s={search_term_string}\"},\"query-input\":{\"@type\":\"PropertyValueSpecification\",\"valueRequired\":true,\"valueName\":\"search_term_string\"}}],\"inLanguage\":\"cs\"},{\"@type\":\"Organization\",\"@id\":\"https:\/\/legitgrams.com\/#organization\",\"name\":\"Legit Grams\",\"url\":\"https:\/\/legitgrams.com\/\",\"logo\":{\"@type\":\"ImageObject\",\"inLanguage\":\"cs\",\"@id\":\"https:\/\/legitgrams.com\/#\/schema\/logo\/image\/\",\"url\":\"https:\/\/legitgrams.com\/wp-content\/uploads\/2024\/09\/main-logo.png\",\"contentUrl\":\"https:\/\/legitgrams.com\/wp-content\/uploads\/2024\/09\/main-logo.png\",\"width\":270,\"height\":75,\"caption\":\"Legit Grams\"},\"image\":{\"@id\":\"https:\/\/legitgrams.com\/#\/schema\/logo\/image\/\"}}]}<\/script>\n<!-- \/ Yoast SEO plugin. -->","yoast_head_json":{"title":"Blue Dream Sativa na prodej - Kupte si Blue Dream Sativa online","description":"Pokud si chcete koupit blue dream sativa online, n\u00e1\u0161 obchod s marihuanou v\u00e1m pom\u016f\u017ee. M\u00e1me \u0161pi\u010dkovou kvalitu blue dream sativa na prodej za nejlep\u0161\u00ed cenu. Objednejte si ji nyn\u00ed!","robots":{"index":"index","follow":"follow","max-snippet":"max-snippet:-1","max-image-preview":"max-image-preview:large","max-video-preview":"max-video-preview:-1"},"canonical":"https:\/\/legitgrams.com\/cs\/produkt\/modry-sen-sativa-kmen\/","og_locale":"cs_CZ","og_type":"article","og_title":"Blue Dream Sativa for Sale - Buy Blue Dream Sativa Online","og_description":"If you wish to buy blue dream sativa online, our marijuana store can help. We have top-notch qualuty blue dream sativa for sale at the best rate. Place your order now!","og_url":"https:\/\/legitgrams.com\/cs\/produkt\/modry-sen-sativa-kmen\/","og_site_name":"Legit Grams","article_modified_time":"2025-01-13T10:12:22+00:00","og_image":[{"width":600,"height":600,"url":"https:\/\/legitgrams.com\/wp-content\/uploads\/2024\/09\/Buy-Blue-Dream-Sativa-Strain-Online.jpg","type":"image\/jpeg"}],"twitter_card":"summary_large_image","twitter_misc":{"Odhadovan\u00e1 doba \u010dten\u00ed":"1 minuta"},"schema":{"@context":"https:\/\/schema.org","@graph":[{"@type":"WebPage","@id":"https:\/\/legitgrams.com\/product\/blue-dream-sativa-strain\/","url":"https:\/\/legitgrams.com\/product\/blue-dream-sativa-strain\/","name":"Blue Dream Sativa na prodej - Kupte si Blue Dream Sativa online","isPartOf":{"@id":"https:\/\/legitgrams.com\/#website"},"primaryImageOfPage":{"@id":"https:\/\/legitgrams.com\/product\/blue-dream-sativa-strain\/#primaryimage"},"image":{"@id":"https:\/\/legitgrams.com\/product\/blue-dream-sativa-strain\/#primaryimage"},"thumbnailUrl":"https:\/\/legitgrams.com\/wp-content\/uploads\/2024\/09\/Buy-Blue-Dream-Sativa-Strain-Online.jpg","datePublished":"2024-09-19T10:21:02+00:00","dateModified":"2025-01-13T10:12:22+00:00","description":"Pokud si chcete koupit blue dream sativa online, n\u00e1\u0161 obchod s marihuanou v\u00e1m pom\u016f\u017ee. M\u00e1me \u0161pi\u010dkovou kvalitu blue dream sativa na prodej za nejlep\u0161\u00ed cenu. Objednejte si ji nyn\u00ed!","breadcrumb":{"@id":"https:\/\/legitgrams.com\/product\/blue-dream-sativa-strain\/#breadcrumb"},"inLanguage":"cs","potentialAction":[{"@type":"ReadAction","target":["https:\/\/legitgrams.com\/product\/blue-dream-sativa-strain\/"]}]},{"@type":"ImageObject","inLanguage":"cs","@id":"https:\/\/legitgrams.com\/product\/blue-dream-sativa-strain\/#primaryimage","url":"https:\/\/legitgrams.com\/wp-content\/uploads\/2024\/09\/Buy-Blue-Dream-Sativa-Strain-Online.jpg","contentUrl":"https:\/\/legitgrams.com\/wp-content\/uploads\/2024\/09\/Buy-Blue-Dream-Sativa-Strain-Online.jpg","width":600,"height":600,"caption":"Blue Dream Sativa Strain for Sale"},{"@type":"BreadcrumbList","@id":"https:\/\/legitgrams.com\/product\/blue-dream-sativa-strain\/#breadcrumb","itemListElement":[{"@type":"ListItem","position":1,"name":"Home","item":"https:\/\/legitgrams.com\/"},{"@type":"ListItem","position":2,"name":"Shop","item":"https:\/\/legitgrams.com\/shop\/"},{"@type":"ListItem","position":3,"name":"Blue Dream Sativa Strain"}]},{"@type":"WebSite","@id":"https:\/\/legitgrams.com\/#website","url":"https:\/\/legitgrams.com\/","name":"Leg\u00e1ln\u00ed gramy","description":"M\u016fj blog WordPress","publisher":{"@id":"https:\/\/legitgrams.com\/#organization"},"potentialAction":[{"@type":"SearchAction","target":{"@type":"EntryPoint","urlTemplate":"https:\/\/legitgrams.com\/?s={search_term_string}"},"query-input":{"@type":"PropertyValueSpecification","valueRequired":true,"valueName":"search_term_string"}}],"inLanguage":"cs"},{"@type":"Organization","@id":"https:\/\/legitgrams.com\/#organization","name":"Leg\u00e1ln\u00ed gramy","url":"https:\/\/legitgrams.com\/","logo":{"@type":"ImageObject","inLanguage":"cs","@id":"https:\/\/legitgrams.com\/#\/schema\/logo\/image\/","url":"https:\/\/legitgrams.com\/wp-content\/uploads\/2024\/09\/main-logo.png","contentUrl":"https:\/\/legitgrams.com\/wp-content\/uploads\/2024\/09\/main-logo.png","width":270,"height":75,"caption":"Legit Grams"},"image":{"@id":"https:\/\/legitgrams.com\/#\/schema\/logo\/image\/"}}]}},"uagb_featured_image_src":{"full":["https:\/\/legitgrams.com\/wp-content\/uploads\/2024\/09\/Buy-Blue-Dream-Sativa-Strain-Online.jpg",600,600,false],"thumbnail":["https:\/\/legitgrams.com\/wp-content\/uploads\/2024\/09\/Buy-Blue-Dream-Sativa-Strain-Online-150x150.jpg",150,150,true],"medium":["https:\/\/legitgrams.com\/wp-content\/uploads\/2024\/09\/Buy-Blue-Dream-Sativa-Strain-Online-300x300.jpg",300,300,true],"medium_large":["https:\/\/legitgrams.com\/wp-content\/uploads\/2024\/09\/Buy-Blue-Dream-Sativa-Strain-Online.jpg",600,600,false],"large":["https:\/\/legitgrams.com\/wp-content\/uploads\/2024\/09\/Buy-Blue-Dream-Sativa-Strain-Online.jpg",600,600,false],"1536x1536":["https:\/\/legitgrams.com\/wp-content\/uploads\/2024\/09\/Buy-Blue-Dream-Sativa-Strain-Online.jpg",600,600,false],"2048x2048":["https:\/\/legitgrams.com\/wp-content\/uploads\/2024\/09\/Buy-Blue-Dream-Sativa-Strain-Online.jpg",600,600,false],"trp-custom-language-flag":["https:\/\/legitgrams.com\/wp-content\/uploads\/2024\/09\/Buy-Blue-Dream-Sativa-Strain-Online-12x12.jpg",12,12,true],"woocommerce_thumbnail":["https:\/\/legitgrams.com\/wp-content\/uploads\/2024\/09\/Buy-Blue-Dream-Sativa-Strain-Online-300x300.jpg",300,300,true],"woocommerce_single":["https:\/\/legitgrams.com\/wp-content\/uploads\/2024\/09\/Buy-Blue-Dream-Sativa-Strain-Online.jpg",600,600,false],"woocommerce_gallery_thumbnail":["https:\/\/legitgrams.com\/wp-content\/uploads\/2024\/09\/Buy-Blue-Dream-Sativa-Strain-Online-100x100.jpg",100,100,true]},"uagb_author_info":{"display_name":"cokeblog18","author_link":"https:\/\/legitgrams.com\/cs\/author\/"},"uagb_comment_info":0,"uagb_excerpt":"For Sale: Blue Dream Sativa Strain Blue Dream Sativa can be bought online. 60% Dominant Sativa Hybrid 40% Indica Sativa THC: 17%\u201324%, CBD: 2%, and CBN: 1% Effects Happiness, optimism, euphoria, and creativity Aids in the treatment of depression, anxiety, chronic pain, bipolar disorder, fatigue, headaches, and hyperactivity Flavors Sweet, fruity, herbal, vanilla, berry, and&hellip;","_links":{"self":[{"href":"https:\/\/legitgrams.com\/cs\/wp-json\/wp\/v2\/product\/3682","targetHints":{"allow":["GET"]}}],"collection":[{"href":"https:\/\/legitgrams.com\/cs\/wp-json\/wp\/v2\/product"}],"about":[{"href":"https:\/\/legitgrams.com\/cs\/wp-json\/wp\/v2\/types\/product"}],"replies":[{"embeddable":true,"href":"https:\/\/legitgrams.com\/cs\/wp-json\/wp\/v2\/comments?post=3682"}],"wp:featuredmedia":[{"embeddable":true,"href":"https:\/\/legitgrams.com\/cs\/wp-json\/wp\/v2\/media\/5399"}],"wp:attachment":[{"href":"https:\/\/legitgrams.com\/cs\/wp-json\/wp\/v2\/media?parent=3682"}],"wp:term":[{"taxonomy":"product_brand","embeddable":true,"href":"https:\/\/legitgrams.com\/cs\/wp-json\/wp\/v2\/product_brand?post=3682"},{"taxonomy":"product_cat","embeddable":true,"href":"https:\/\/legitgrams.com\/cs\/wp-json\/wp\/v2\/product_cat?post=3682"},{"taxonomy":"product_tag","embeddable":true,"href":"https:\/\/legitgrams.com\/cs\/wp-json\/wp\/v2\/product_tag?post=3682"}],"curies":[{"name":"wp","href":"https:\/\/api.w.org\/{rel}","templated":true}]}}