{"id":3748,"date":"2024-09-19T12:02:00","date_gmt":"2024-09-19T12:02:00","guid":{"rendered":"https:\/\/legitgrams.com\/?post_type=product&#038;p=3748"},"modified":"2025-01-14T07:45:40","modified_gmt":"2025-01-14T07:45:40","slug":"citronova-trava-skunk","status":"publish","type":"product","link":"https:\/\/legitgrams.com\/cs\/produkt\/citronova-trava-skunk\/","title":{"rendered":"Lemon Skunk Weed"},"content":{"rendered":"<h2>N\u00e1kupy Lemon Skunk Weed online<\/h2>\n<p>Renomovan\u00fd t\u00fdm stoj\u00edc\u00ed za v\u00edce ne\u017e 125 dal\u0161\u00edmi kmeny, DNA Genetics, OG a <a href=\"https:\/\/legitgrams.com\/cs\/produkt\/citronova-trava-skunk\/\">Citronov\u00fd skunk<\/a>, vyvinul oce\u0148ovan\u00fd kmen sativa. I kdy\u017e se tato genetick\u00e1 historie m\u016f\u017ee zd\u00e1t nespecifick\u00e1, je zn\u00e1mo, \u017ee DNA Genetics vybrala dva odli\u0161n\u00e9 fenotypov\u00e9 kousky Skunk pro jejich silnou citrusovou chu\u0165 a chu\u0165, pak je zk\u0159\u00ed\u017eila, aby vytvo\u0159ila jeden nebo dva pruhy. Z\u00edskal \u0159adu ocen\u011bn\u00ed, v\u010detn\u011b prvn\u00edho m\u00edsta v Highlife Cup 2007 a Cannabis Cannabis Champions Cup 2008, za svou sladkou a o\u017eivuj\u00edc\u00ed citronovou chu\u0165. Stejn\u011b jako mnoho jin\u00fdch knockoutov\u00fdch kmen\u016f v minulosti, Lemon Skunk od DNA Genetics si vytvo\u0159il v\u011brn\u00e9 n\u00e1sledovn\u00edky a je dostupn\u00fd v mnoha l\u00e9k\u00e1rn\u00e1ch a kav\u00e1rn\u00e1ch. B\u00fdt sv\u011btov\u00fdm l\u00eddrem se st\u00e1v\u00e1 opravdu n\u00e1ro\u010dn\u00fdm. Je pozoruhodn\u00e9, \u017ee Lemon Skunk m\u00e1 v pr\u016fm\u011bru m\u00e9n\u011b ne\u017e 1 % CBD a pozoruhodn\u011b vysok\u00e9 procento sativalu THC, pohybuj\u00edc\u00ed se zhruba od 15 do 22 %. V\u00fd\u0161ka tohoto kmene je spot\u0159ebiteli \u010dasto srovn\u00e1v\u00e1na s v\u00fd\u0161kou Sm\u011bj\u00edc\u00edho se Buddhy a mnoha dal\u0161\u00edch \u0161\u0165astn\u00fdch a povzn\u00e1\u0161ej\u00edc\u00edch sativ. Typicky je charakterizov\u00e1n jako vysoce inteligentn\u00ed a opojn\u00fd. Proto\u017ee v\u00e1m d\u00e1v\u00e1 s\u00edlu, nad\u0161en\u00ed a motivaci, je Lemon Skunk skv\u011bl\u00fdm kmenem pro pou\u017eit\u00ed odpoledne nebo po pr\u00e1ci. Stejn\u011b jako ostatn\u00ed kv\u011bty sativy, citronov\u00fd skunk funguje nejl\u00e9pe, kdy\u017e se pou\u017e\u00edv\u00e1 k l\u00e9\u010db\u011b deprese, stresu, \u00fazkosti a \u00fanavy. Jedine\u010dn\u00e1 v\u016fn\u011b Lemon Skunk poch\u00e1z\u00ed ze siln\u00e9 nafty jeho p\u016fvodu Skunk, ale jeho lahodn\u00e1 chu\u0165 je definov\u00e1na kysel\u00fdmi a osv\u011b\u017euj\u00edc\u00edmi citrusov\u00fdmi t\u00f3ny. Kdy\u017e se spoj\u00ed, tyto dv\u011b p\u0159\u00edchut\u011b vytv\u00e1\u0159ej\u00ed jedine\u010dn\u00fd charakter terpen\u016f. <a href=\"https:\/\/legitgrams.com\/cs\/\">LegitGrams<\/a><\/p>\n<h3>aroma, kter\u00e9 je t\u00e9m\u011b\u0159 toto\u017en\u00e9 s v\u016fn\u00ed prav\u00e9ho citronu.<\/h3>\n<p>Koupit <a href=\"https:\/\/en.wikipedia.org\/wiki\/Skunk_weed\">Lemon Skunk Weed<\/a> Online online \u2013 kupte tr\u00e1vu Lemon skunk, kupte tr\u00e1vu Lemon skunk, kupte tr\u00e1vu skunk online, kde koupit tr\u00e1vu Lemon skunk, kupte tr\u00e1vu Lemon skunk, kupte tr\u00e1vu Lemon skunk v USA, Kanad\u011b, Velk\u00e9 Brit\u00e1nii, nakupujte, online, Dodavatel\u00e9, bezpe\u010dn\u00e9 doru\u010den\u00ed , St\u00e1le je mo\u017en\u00e9 zakoupit Lemon Skunk Weed online, zjistit, zda je leg\u00e1ln\u00ed v Kanad\u011b, a zjistit, zda je leg\u00e1ln\u00ed v USA.<\/p>\n<h2><\/h2>\n<h2><\/h2>\n<h2><\/h2>\n<h2><\/h2>\n<h2><\/h2>\n<h2><\/h2>\n<h2><\/h2>\n<p>&nbsp;<\/p>","protected":false},"excerpt":{"rendered":"<p>Purchases of Lemon Skunk Weed Online The renowned team behind more than 125 other strains, DNA Genetics, OG, and Lemon Skunk, developed the award-winning sativa strain. Even though this genetic history may seem non-specific, DNA Genetics has been known to select two distinct Skunk phenotypic pieces for their strong citrus flavor and taste, then cross &hellip;<\/p>\n<p class=\"read-more\"> <a class=\"\" href=\"https:\/\/legitgrams.com\/cs\/produkt\/citronova-trava-skunk\/\"> <span class=\"screen-reader-text\">Lemon Skunk Weed<\/span> \u010c\u00edst d\u00e1l \"<\/a><\/p>","protected":false},"featured_media":5411,"comment_status":"open","ping_status":"closed","template":"","meta":{"_uag_custom_page_level_css":"","site-sidebar-layout":"default","site-content-layout":"default","ast-global-header-display":"","ast-main-header-display":"","ast-hfb-above-header-display":"","ast-hfb-below-header-display":"","ast-hfb-mobile-header-display":"","site-post-title":"","ast-breadcrumbs-content":"","ast-featured-img":"","footer-sml-layout":"","theme-transparent-header-meta":"default","adv-header-id-meta":"","stick-header-meta":"default","header-above-stick-meta":"","header-main-stick-meta":"","header-below-stick-meta":"","_joinchat":[]},"product_brand":[],"product_cat":[607],"product_tag":[5361,5351,617,5343,5358,5355,5350,5342,5345,5353,5346,5344,5354,5356,5363,5364,5362,5359,5348,5360,5357,625,5349,5352,5347],"class_list":{"0":"post-3748","1":"product","2":"type-product","3":"status-publish","4":"has-post-thumbnail","6":"product_cat-marijuana-cannabis","7":"product_tag-best-cheap-price-lemon-skunk-weed","8":"product_tag-best-place-to-buy-lemon-skunk-weed","9":"product_tag-bulk-online","10":"product_tag-buy-lemon-skunk-weed","11":"product_tag-cheap-lemon-skunk-weed","12":"product_tag-high-quality-lemon-skunk-weed","13":"product_tag-how-to-buy-lemon-skunk-weed","14":"product_tag-lemon-skunk-weed","15":"product_tag-lemon-skunk-weed-for-sale","16":"product_tag-lemon-skunk-weed-legally","17":"product_tag-lemon-skunk-weed-lemon-skunk-weed-supplier","18":"product_tag-lemon-skunk-weed-online","19":"product_tag-lemon-skunk-weed-price","20":"product_tag-lemon-skunk-weed-store","21":"product_tag-lemon-skunk-weed-use","22":"product_tag-lemon-skunk-weed-wiki","23":"product_tag-lemon-skunk-weed-worldwide","24":"product_tag-lemon-skunk-weeds","25":"product_tag-order-lemon-skunk-weed","26":"product_tag-purcharse-lemon-skunk-weed","27":"product_tag-shop-lemon-skunk-weed","28":"product_tag-top-quality","29":"product_tag-where-to-buy-lemon-skunk-weed","30":"product_tag-where-to-order-lemon-skunk-weed","31":"product_tag-wholesale-lemon-skunk-weed","32":"desktop-align-left","33":"tablet-align-left","34":"mobile-align-left","35":"ast-product-gallery-layout-horizontal","36":"ast-product-gallery-with-no-image","37":"ast-product-single-variable","38":"ast-product-tabs-layout-horizontal","39":"ast-qv-on-image","41":"first","42":"instock","43":"shipping-taxable","44":"purchasable","45":"product-type-variable"},"yoast_head":"<!-- This site is optimized with the Yoast SEO plugin v25.9 - https:\/\/yoast.com\/wordpress\/plugins\/seo\/ -->\n<title>Lemon Skunk Weed for Sale - Order Lemon Skunk Weed Online<\/title>\n<meta name=\"description\" content=\"Find premium Lemon Skunk Weed for sale at our online store, providing a secure platform to buy Lemon Skunk Weed online with ease, catering to your research needs.\" \/>\n<meta name=\"robots\" content=\"index, follow, max-snippet:-1, max-image-preview:large, max-video-preview:-1\" \/>\n<link rel=\"canonical\" href=\"https:\/\/legitgrams.com\/cs\/produkt\/citronova-trava-skunk\/\" \/>\n<meta property=\"og:locale\" content=\"cs_CZ\" \/>\n<meta property=\"og:type\" content=\"article\" \/>\n<meta property=\"og:title\" content=\"Lemon Skunk Weed for Sale - Order Lemon Skunk Weed Online\" \/>\n<meta property=\"og:description\" content=\"Find premium Lemon Skunk Weed for sale at our online store, providing a secure platform to buy Lemon Skunk Weed online with ease, catering to your research needs.\" \/>\n<meta property=\"og:url\" content=\"https:\/\/legitgrams.com\/cs\/produkt\/citronova-trava-skunk\/\" \/>\n<meta property=\"og:site_name\" content=\"Legit Grams\" \/>\n<meta property=\"article:modified_time\" content=\"2025-01-14T07:45:40+00:00\" \/>\n<meta property=\"og:image\" content=\"https:\/\/legitgrams.com\/wp-content\/uploads\/2024\/09\/Buy-Lemon-Skunk-Weed-online.jpg\" \/>\n\t<meta property=\"og:image:width\" content=\"600\" \/>\n\t<meta property=\"og:image:height\" content=\"600\" \/>\n\t<meta property=\"og:image:type\" content=\"image\/jpeg\" \/>\n<meta name=\"twitter:card\" content=\"summary_large_image\" \/>\n<meta name=\"twitter:label1\" content=\"Odhadovan\u00e1 doba \u010dten\u00ed\" \/>\n\t<meta name=\"twitter:data1\" content=\"4 minuty\" \/>\n<script type=\"application\/ld+json\" class=\"yoast-schema-graph\">{\"@context\":\"https:\/\/schema.org\",\"@graph\":[{\"@type\":\"WebPage\",\"@id\":\"https:\/\/legitgrams.com\/product\/lemon-skunk-weed\/\",\"url\":\"https:\/\/legitgrams.com\/product\/lemon-skunk-weed\/\",\"name\":\"Lemon Skunk Weed for Sale - Order Lemon Skunk Weed Online\",\"isPartOf\":{\"@id\":\"https:\/\/legitgrams.com\/#website\"},\"primaryImageOfPage\":{\"@id\":\"https:\/\/legitgrams.com\/product\/lemon-skunk-weed\/#primaryimage\"},\"image\":{\"@id\":\"https:\/\/legitgrams.com\/product\/lemon-skunk-weed\/#primaryimage\"},\"thumbnailUrl\":\"https:\/\/legitgrams.com\/wp-content\/uploads\/2024\/09\/Buy-Lemon-Skunk-Weed-online.jpg\",\"datePublished\":\"2024-09-19T12:02:00+00:00\",\"dateModified\":\"2025-01-14T07:45:40+00:00\",\"description\":\"Find premium Lemon Skunk Weed for sale at our online store, providing a secure platform to buy Lemon Skunk Weed online with ease, catering to your research needs.\",\"breadcrumb\":{\"@id\":\"https:\/\/legitgrams.com\/product\/lemon-skunk-weed\/#breadcrumb\"},\"inLanguage\":\"cs\",\"potentialAction\":[{\"@type\":\"ReadAction\",\"target\":[\"https:\/\/legitgrams.com\/product\/lemon-skunk-weed\/\"]}]},{\"@type\":\"ImageObject\",\"inLanguage\":\"cs\",\"@id\":\"https:\/\/legitgrams.com\/product\/lemon-skunk-weed\/#primaryimage\",\"url\":\"https:\/\/legitgrams.com\/wp-content\/uploads\/2024\/09\/Buy-Lemon-Skunk-Weed-online.jpg\",\"contentUrl\":\"https:\/\/legitgrams.com\/wp-content\/uploads\/2024\/09\/Buy-Lemon-Skunk-Weed-online.jpg\",\"width\":600,\"height\":600,\"caption\":\"Lemon Skunk Weed for Sale\"},{\"@type\":\"BreadcrumbList\",\"@id\":\"https:\/\/legitgrams.com\/product\/lemon-skunk-weed\/#breadcrumb\",\"itemListElement\":[{\"@type\":\"ListItem\",\"position\":1,\"name\":\"Home\",\"item\":\"https:\/\/legitgrams.com\/\"},{\"@type\":\"ListItem\",\"position\":2,\"name\":\"Shop\",\"item\":\"https:\/\/legitgrams.com\/shop\/\"},{\"@type\":\"ListItem\",\"position\":3,\"name\":\"Lemon Skunk Weed\"}]},{\"@type\":\"WebSite\",\"@id\":\"https:\/\/legitgrams.com\/#website\",\"url\":\"https:\/\/legitgrams.com\/\",\"name\":\"Legit Grams\",\"description\":\"My WordPress Blog\",\"publisher\":{\"@id\":\"https:\/\/legitgrams.com\/#organization\"},\"potentialAction\":[{\"@type\":\"SearchAction\",\"target\":{\"@type\":\"EntryPoint\",\"urlTemplate\":\"https:\/\/legitgrams.com\/?s={search_term_string}\"},\"query-input\":{\"@type\":\"PropertyValueSpecification\",\"valueRequired\":true,\"valueName\":\"search_term_string\"}}],\"inLanguage\":\"cs\"},{\"@type\":\"Organization\",\"@id\":\"https:\/\/legitgrams.com\/#organization\",\"name\":\"Legit Grams\",\"url\":\"https:\/\/legitgrams.com\/\",\"logo\":{\"@type\":\"ImageObject\",\"inLanguage\":\"cs\",\"@id\":\"https:\/\/legitgrams.com\/#\/schema\/logo\/image\/\",\"url\":\"https:\/\/legitgrams.com\/wp-content\/uploads\/2024\/09\/main-logo.png\",\"contentUrl\":\"https:\/\/legitgrams.com\/wp-content\/uploads\/2024\/09\/main-logo.png\",\"width\":270,\"height\":75,\"caption\":\"Legit Grams\"},\"image\":{\"@id\":\"https:\/\/legitgrams.com\/#\/schema\/logo\/image\/\"}}]}<\/script>\n<!-- \/ Yoast SEO plugin. -->","yoast_head_json":{"title":"Lemon Skunk Weed na prodej - objednat Lemon Skunk Weed online","description":"Najd\u011bte pr\u00e9miovou tr\u00e1vu Lemon Skunk na prodej v na\u0161em internetov\u00e9m obchod\u011b, kter\u00fd poskytuje bezpe\u010dnou platformu pro snadn\u00fd n\u00e1kup tr\u00e1vy Lemon Skunk online a uspokoj\u00ed va\u0161e v\u00fdzkumn\u00e9 pot\u0159eby.","robots":{"index":"index","follow":"follow","max-snippet":"max-snippet:-1","max-image-preview":"max-image-preview:large","max-video-preview":"max-video-preview:-1"},"canonical":"https:\/\/legitgrams.com\/cs\/produkt\/citronova-trava-skunk\/","og_locale":"cs_CZ","og_type":"article","og_title":"Lemon Skunk Weed for Sale - Order Lemon Skunk Weed Online","og_description":"Find premium Lemon Skunk Weed for sale at our online store, providing a secure platform to buy Lemon Skunk Weed online with ease, catering to your research needs.","og_url":"https:\/\/legitgrams.com\/cs\/produkt\/citronova-trava-skunk\/","og_site_name":"Legit Grams","article_modified_time":"2025-01-14T07:45:40+00:00","og_image":[{"width":600,"height":600,"url":"https:\/\/legitgrams.com\/wp-content\/uploads\/2024\/09\/Buy-Lemon-Skunk-Weed-online.jpg","type":"image\/jpeg"}],"twitter_card":"summary_large_image","twitter_misc":{"Odhadovan\u00e1 doba \u010dten\u00ed":"4 minuty"},"schema":{"@context":"https:\/\/schema.org","@graph":[{"@type":"WebPage","@id":"https:\/\/legitgrams.com\/product\/lemon-skunk-weed\/","url":"https:\/\/legitgrams.com\/product\/lemon-skunk-weed\/","name":"Lemon Skunk Weed na prodej - objednat Lemon Skunk Weed online","isPartOf":{"@id":"https:\/\/legitgrams.com\/#website"},"primaryImageOfPage":{"@id":"https:\/\/legitgrams.com\/product\/lemon-skunk-weed\/#primaryimage"},"image":{"@id":"https:\/\/legitgrams.com\/product\/lemon-skunk-weed\/#primaryimage"},"thumbnailUrl":"https:\/\/legitgrams.com\/wp-content\/uploads\/2024\/09\/Buy-Lemon-Skunk-Weed-online.jpg","datePublished":"2024-09-19T12:02:00+00:00","dateModified":"2025-01-14T07:45:40+00:00","description":"Najd\u011bte pr\u00e9miovou tr\u00e1vu Lemon Skunk na prodej v na\u0161em internetov\u00e9m obchod\u011b, kter\u00fd poskytuje bezpe\u010dnou platformu pro snadn\u00fd n\u00e1kup tr\u00e1vy Lemon Skunk online a uspokoj\u00ed va\u0161e v\u00fdzkumn\u00e9 pot\u0159eby.","breadcrumb":{"@id":"https:\/\/legitgrams.com\/product\/lemon-skunk-weed\/#breadcrumb"},"inLanguage":"cs","potentialAction":[{"@type":"ReadAction","target":["https:\/\/legitgrams.com\/product\/lemon-skunk-weed\/"]}]},{"@type":"ImageObject","inLanguage":"cs","@id":"https:\/\/legitgrams.com\/product\/lemon-skunk-weed\/#primaryimage","url":"https:\/\/legitgrams.com\/wp-content\/uploads\/2024\/09\/Buy-Lemon-Skunk-Weed-online.jpg","contentUrl":"https:\/\/legitgrams.com\/wp-content\/uploads\/2024\/09\/Buy-Lemon-Skunk-Weed-online.jpg","width":600,"height":600,"caption":"Lemon Skunk Weed for Sale"},{"@type":"BreadcrumbList","@id":"https:\/\/legitgrams.com\/product\/lemon-skunk-weed\/#breadcrumb","itemListElement":[{"@type":"ListItem","position":1,"name":"Home","item":"https:\/\/legitgrams.com\/"},{"@type":"ListItem","position":2,"name":"Shop","item":"https:\/\/legitgrams.com\/shop\/"},{"@type":"ListItem","position":3,"name":"Lemon Skunk Weed"}]},{"@type":"WebSite","@id":"https:\/\/legitgrams.com\/#website","url":"https:\/\/legitgrams.com\/","name":"Leg\u00e1ln\u00ed gramy","description":"M\u016fj blog WordPress","publisher":{"@id":"https:\/\/legitgrams.com\/#organization"},"potentialAction":[{"@type":"SearchAction","target":{"@type":"EntryPoint","urlTemplate":"https:\/\/legitgrams.com\/?s={search_term_string}"},"query-input":{"@type":"PropertyValueSpecification","valueRequired":true,"valueName":"search_term_string"}}],"inLanguage":"cs"},{"@type":"Organization","@id":"https:\/\/legitgrams.com\/#organization","name":"Leg\u00e1ln\u00ed gramy","url":"https:\/\/legitgrams.com\/","logo":{"@type":"ImageObject","inLanguage":"cs","@id":"https:\/\/legitgrams.com\/#\/schema\/logo\/image\/","url":"https:\/\/legitgrams.com\/wp-content\/uploads\/2024\/09\/main-logo.png","contentUrl":"https:\/\/legitgrams.com\/wp-content\/uploads\/2024\/09\/main-logo.png","width":270,"height":75,"caption":"Legit Grams"},"image":{"@id":"https:\/\/legitgrams.com\/#\/schema\/logo\/image\/"}}]}},"uagb_featured_image_src":{"full":["https:\/\/legitgrams.com\/wp-content\/uploads\/2024\/09\/Buy-Lemon-Skunk-Weed-online.jpg",600,600,false],"thumbnail":["https:\/\/legitgrams.com\/wp-content\/uploads\/2024\/09\/Buy-Lemon-Skunk-Weed-online-150x150.jpg",150,150,true],"medium":["https:\/\/legitgrams.com\/wp-content\/uploads\/2024\/09\/Buy-Lemon-Skunk-Weed-online-300x300.jpg",300,300,true],"medium_large":["https:\/\/legitgrams.com\/wp-content\/uploads\/2024\/09\/Buy-Lemon-Skunk-Weed-online.jpg",600,600,false],"large":["https:\/\/legitgrams.com\/wp-content\/uploads\/2024\/09\/Buy-Lemon-Skunk-Weed-online.jpg",600,600,false],"1536x1536":["https:\/\/legitgrams.com\/wp-content\/uploads\/2024\/09\/Buy-Lemon-Skunk-Weed-online.jpg",600,600,false],"2048x2048":["https:\/\/legitgrams.com\/wp-content\/uploads\/2024\/09\/Buy-Lemon-Skunk-Weed-online.jpg",600,600,false],"trp-custom-language-flag":["https:\/\/legitgrams.com\/wp-content\/uploads\/2024\/09\/Buy-Lemon-Skunk-Weed-online-12x12.jpg",12,12,true],"woocommerce_thumbnail":["https:\/\/legitgrams.com\/wp-content\/uploads\/2024\/09\/Buy-Lemon-Skunk-Weed-online-300x300.jpg",300,300,true],"woocommerce_single":["https:\/\/legitgrams.com\/wp-content\/uploads\/2024\/09\/Buy-Lemon-Skunk-Weed-online.jpg",600,600,false],"woocommerce_gallery_thumbnail":["https:\/\/legitgrams.com\/wp-content\/uploads\/2024\/09\/Buy-Lemon-Skunk-Weed-online-100x100.jpg",100,100,true]},"uagb_author_info":{"display_name":"cokeblog18","author_link":"https:\/\/legitgrams.com\/cs\/author\/"},"uagb_comment_info":0,"uagb_excerpt":"Purchases of Lemon Skunk Weed Online The renowned team behind more than 125 other strains, DNA Genetics, OG, and Lemon Skunk, developed the award-winning sativa strain. Even though this genetic history may seem non-specific, DNA Genetics has been known to select two distinct Skunk phenotypic pieces for their strong citrus flavor and taste, then cross&hellip;","_links":{"self":[{"href":"https:\/\/legitgrams.com\/cs\/wp-json\/wp\/v2\/product\/3748","targetHints":{"allow":["GET"]}}],"collection":[{"href":"https:\/\/legitgrams.com\/cs\/wp-json\/wp\/v2\/product"}],"about":[{"href":"https:\/\/legitgrams.com\/cs\/wp-json\/wp\/v2\/types\/product"}],"replies":[{"embeddable":true,"href":"https:\/\/legitgrams.com\/cs\/wp-json\/wp\/v2\/comments?post=3748"}],"wp:featuredmedia":[{"embeddable":true,"href":"https:\/\/legitgrams.com\/cs\/wp-json\/wp\/v2\/media\/5411"}],"wp:attachment":[{"href":"https:\/\/legitgrams.com\/cs\/wp-json\/wp\/v2\/media?parent=3748"}],"wp:term":[{"taxonomy":"product_brand","embeddable":true,"href":"https:\/\/legitgrams.com\/cs\/wp-json\/wp\/v2\/product_brand?post=3748"},{"taxonomy":"product_cat","embeddable":true,"href":"https:\/\/legitgrams.com\/cs\/wp-json\/wp\/v2\/product_cat?post=3748"},{"taxonomy":"product_tag","embeddable":true,"href":"https:\/\/legitgrams.com\/cs\/wp-json\/wp\/v2\/product_tag?post=3748"}],"curies":[{"name":"wp","href":"https:\/\/api.w.org\/{rel}","templated":true}]}}