{"id":3774,"date":"2024-09-19T12:41:50","date_gmt":"2024-09-19T12:41:50","guid":{"rendered":"https:\/\/legitgrams.com\/?post_type=product&#038;p=3774"},"modified":"2025-01-14T10:38:06","modified_gmt":"2025-01-14T10:38:06","slug":"ananasovy-expresni-kmen-marihuany","status":"publish","type":"product","link":"https:\/\/legitgrams.com\/cs\/produkt\/ananasovy-expresni-kmen-marihuany\/","title":{"rendered":"Kmen marihuany Pineapple Express"},"content":{"rendered":"<h2>Kupte si Pineapple Express Marihuana Strain online<\/h2>\n<p>\u00da\u010dinky: povzbuzuj\u00edc\u00ed, euforick\u00fd a soust\u0159ed\u011bn\u00fd; m\u016f\u017ee zm\u00edrnit deprese, \u00fanavu, ztr\u00e1tu chuti k j\u00eddlu, bolesti hlavy, nevolnost a no\u010dn\u00ed m\u016fry; m\u016f\u017ee zm\u00edrnit chronickou bolest.<br \/>\nChutn\u00e1<br \/>\nV\u016fn\u011b citrus\u016f, borovice, ananasu, sladk\u00fdch a tropick\u00fdch plod\u016f.<br \/>\nBorovice, Ananas, Zemit\u00fd, Sladk\u00fd<\/p>\n<p>Mus\u00edte si v\u0161ak uv\u011bdomit, \u017ee nap\u011bt\u00ed nen\u00ed tak velk\u00e9, jak ho film l\u00ed\u010d\u00ed. Nicm\u00e9n\u011b, <a href=\"https:\/\/en.wikipedia.org\/wiki\/Pineapple_Express_(film)\">Ananasov\u00fd expres<\/a> je st\u00e1le schopen poskytnout p\u0159\u00edjemn\u00e9 a m\u00edrn\u00e9 znecitliv\u011bn\u00ed, tak\u017ee je na co se t\u011b\u0161it.<\/p>\n<p>Kmen se prod\u00e1v\u00e1 ve form\u011b p\u0159esn\u011b v\u00e1\u017een\u00fdch kuli\u010dek, kter\u00e9 p\u0159ipom\u00ednaj\u00ed popcorn z polystyrenu. Von\u00ed nep\u0159\u00edjemn\u011b s podt\u00f3ny citrus\u016f, ale nechutn\u00e1 sladce. P\u0159i n\u00e1dechu si v\u0161imnete \u00fa\u017easn\u00e9 chuti s n\u00e1dechem ananasu. Ananasov\u00fd expres se pou\u017e\u00edv\u00e1 k l\u00e9\u010db\u011b cel\u00e9 \u0159ady onemocn\u011bn\u00ed, v\u010detn\u011b \u00fazkosti. Na druhou stranu je v\u00fdrazn\u011b \u00fasp\u011b\u0161n\u011bj\u0161\u00ed p\u0159i sou\u010dasn\u00e9 l\u00e9\u010db\u011b p\u0159\u00edznak\u016f a symptom\u016f p\u0159etrv\u00e1vaj\u00edc\u00ed deprese. Pokud jsou va\u0161e bolesti m\u00edrn\u00e9, nemus\u00edte po n\u011bm v\u00edce p\u00e1trat. Pineapple Express je klidn\u00fd a z\u00e1rove\u0148 povzbuzuj\u00edc\u00ed, jak zjist\u00edte po jeho vykou\u0159en\u00ed. <a href=\"https:\/\/legitgrams.com\/cs\/\">LegitGrams<\/a><\/p>\n<p>N\u00e1kup <a href=\"https:\/\/legitgrams.com\/cs\/produkt\/ananasovy-expresni-kmen-marihuany\/\">Pineapple Express Cannabis<\/a> Kmen online: Koupit marihuanov\u00fd kmen, Koupit marihuanov\u00fd kmen Pineapple Express, Koupit marihuanov\u00fd kmen Pineapple Express online, Kde koupit marihuanov\u00fd kmen Pineapple Express online, Koupit marihuanov\u00fd kmen Pineapple Express online, Koupit, online, Dodavatel\u00e9, Bezpe\u010dn\u00e9 doru\u010den\u00ed, Marihuanov\u00fd kmen Pineapple na prodej, koupit marihuanov\u00fd kmen online, Marihuanov\u00fd kmen Pineapple Express je st\u00e1le k dispozici. Zjist\u011bte, zda je dostupn\u00fd v USA a kde ho koupit online. Jak\u00fd je leg\u00e1ln\u00ed status marihuanov\u00e9ho kmene Pineapple Express v Kanad\u011b a jak ho mohu z\u00edskat?<\/p>","protected":false},"excerpt":{"rendered":"<p>Purchase Pineapple Express Marijuana Strain Online Effects: energizing, euphoric, and focused; may alleviate depression, fatigue, loss of appetite, headaches, nausea, and nightmares; may relieve chronic pain Tastes Aromas of citrus, pine, pineapple, sweet, and tropical Pine, Pineapple, Earthy, Sweet You must remember, though, that the tension is not as great as the film portrays it &hellip;<\/p>\n<p class=\"read-more\"> <a class=\"\" href=\"https:\/\/legitgrams.com\/cs\/produkt\/ananasovy-expresni-kmen-marihuany\/\"> <span class=\"screen-reader-text\">Kmen marihuany Pineapple Express<\/span> \u010c\u00edst d\u00e1l \"<\/a><\/p>","protected":false},"featured_media":5416,"comment_status":"open","ping_status":"closed","template":"","meta":{"_uag_custom_page_level_css":"","site-sidebar-layout":"default","site-content-layout":"default","ast-global-header-display":"","ast-main-header-display":"","ast-hfb-above-header-display":"","ast-hfb-below-header-display":"","ast-hfb-mobile-header-display":"","site-post-title":"","ast-breadcrumbs-content":"","ast-featured-img":"","footer-sml-layout":"","theme-transparent-header-meta":"default","adv-header-id-meta":"","stick-header-meta":"default","header-above-stick-meta":"","header-main-stick-meta":"","header-below-stick-meta":"","_joinchat":[]},"product_brand":[],"product_cat":[607],"product_tag":[5292,5282,617,5274,5289,5286,5281,5279,5273,5276,5284,5275,5277,5285,5287,5294,5295,5293,5290,5291,5288,625,5280,5283,5278],"class_list":{"0":"post-3774","1":"product","2":"type-product","3":"status-publish","4":"has-post-thumbnail","6":"product_cat-marijuana-cannabis","7":"product_tag-best-cheap-price-pineapple-express-marijuana-strain","8":"product_tag-best-place-to-buy-pineapple-express-marijuana-strain","9":"product_tag-bulk-online","10":"product_tag-buy-pineapple-express-marijuana-strain","11":"product_tag-cheap-pineapple-express-marijuana-strain","12":"product_tag-high-quality-pineapple-express-marijuana-strain","13":"product_tag-how-to-buy-pineapple-express-marijuana-strain","14":"product_tag-order-pineapple-express-marijuana-strain","15":"product_tag-pineapple-express-marijuana-strain","16":"product_tag-pineapple-express-marijuana-strain-for-sale","17":"product_tag-pineapple-express-marijuana-strain-legally","18":"product_tag-pineapple-express-marijuana-strain-online","19":"product_tag-pineapple-express-marijuana-strain-pineapple-express-marijuana-strain-supplier","20":"product_tag-pineapple-express-marijuana-strain-price","21":"product_tag-pineapple-express-marijuana-strain-store","22":"product_tag-pineapple-express-marijuana-strain-use","23":"product_tag-pineapple-express-marijuana-strain-wiki","24":"product_tag-pineapple-express-marijuana-strain-worldwide","25":"product_tag-pineapple-express-marijuana-strains","26":"product_tag-purcharse-pineapple-express-marijuana-strain","27":"product_tag-shop-pineapple-express-marijuana-strain","28":"product_tag-top-quality","29":"product_tag-where-to-buy-pineapple-express-marijuana-strain","30":"product_tag-where-to-order-pineapple-express-marijuana-strain","31":"product_tag-wholesale-pineapple-express-marijuana-strain","32":"desktop-align-left","33":"tablet-align-left","34":"mobile-align-left","35":"ast-product-gallery-layout-horizontal","36":"ast-product-gallery-with-no-image","37":"ast-product-single-variable","38":"ast-product-tabs-layout-horizontal","39":"ast-qv-on-image","41":"first","42":"instock","43":"shipping-taxable","44":"purchasable","45":"product-type-variable"},"yoast_head":"<!-- This site is optimized with the Yoast SEO plugin v25.9 - https:\/\/yoast.com\/wordpress\/plugins\/seo\/ -->\n<title>Pineapple Express Marijuana Strain for Sale at LegitGrams<\/title>\n<meta name=\"description\" content=\"Find premium Pineapple Express for sale at our online store, providing a secure platform to buy Pineapple Express online with ease, catering to your research needs.\" \/>\n<meta name=\"robots\" content=\"index, follow, max-snippet:-1, max-image-preview:large, max-video-preview:-1\" \/>\n<link rel=\"canonical\" href=\"https:\/\/legitgrams.com\/cs\/produkt\/ananasovy-expresni-kmen-marihuany\/\" \/>\n<meta property=\"og:locale\" content=\"cs_CZ\" \/>\n<meta property=\"og:type\" content=\"article\" \/>\n<meta property=\"og:title\" content=\"Pineapple Express Marijuana Strain for Sale at LegitGrams\" \/>\n<meta property=\"og:description\" content=\"Find premium Pineapple Express for sale at our online store, providing a secure platform to buy Pineapple Express online with ease, catering to your research needs.\" \/>\n<meta property=\"og:url\" content=\"https:\/\/legitgrams.com\/cs\/produkt\/ananasovy-expresni-kmen-marihuany\/\" \/>\n<meta property=\"og:site_name\" content=\"Legit Grams\" \/>\n<meta property=\"article:modified_time\" content=\"2025-01-14T10:38:06+00:00\" \/>\n<meta property=\"og:image\" content=\"https:\/\/legitgrams.com\/wp-content\/uploads\/2024\/09\/Buy-Pineapple-Express-Marijuana-Strain-Online.jpg\" \/>\n\t<meta property=\"og:image:width\" content=\"600\" \/>\n\t<meta property=\"og:image:height\" content=\"600\" \/>\n\t<meta property=\"og:image:type\" content=\"image\/jpeg\" \/>\n<meta name=\"twitter:card\" content=\"summary_large_image\" \/>\n<meta name=\"twitter:label1\" content=\"Odhadovan\u00e1 doba \u010dten\u00ed\" \/>\n\t<meta name=\"twitter:data1\" content=\"2 minuty\" \/>\n<script type=\"application\/ld+json\" class=\"yoast-schema-graph\">{\"@context\":\"https:\/\/schema.org\",\"@graph\":[{\"@type\":\"WebPage\",\"@id\":\"https:\/\/legitgrams.com\/product\/pineapple-express-marijuana-strain\/\",\"url\":\"https:\/\/legitgrams.com\/product\/pineapple-express-marijuana-strain\/\",\"name\":\"Pineapple Express Marijuana Strain for Sale at LegitGrams\",\"isPartOf\":{\"@id\":\"https:\/\/legitgrams.com\/#website\"},\"primaryImageOfPage\":{\"@id\":\"https:\/\/legitgrams.com\/product\/pineapple-express-marijuana-strain\/#primaryimage\"},\"image\":{\"@id\":\"https:\/\/legitgrams.com\/product\/pineapple-express-marijuana-strain\/#primaryimage\"},\"thumbnailUrl\":\"https:\/\/legitgrams.com\/wp-content\/uploads\/2024\/09\/Buy-Pineapple-Express-Marijuana-Strain-Online.jpg\",\"datePublished\":\"2024-09-19T12:41:50+00:00\",\"dateModified\":\"2025-01-14T10:38:06+00:00\",\"description\":\"Find premium Pineapple Express for sale at our online store, providing a secure platform to buy Pineapple Express online with ease, catering to your research needs.\",\"breadcrumb\":{\"@id\":\"https:\/\/legitgrams.com\/product\/pineapple-express-marijuana-strain\/#breadcrumb\"},\"inLanguage\":\"cs\",\"potentialAction\":[{\"@type\":\"ReadAction\",\"target\":[\"https:\/\/legitgrams.com\/product\/pineapple-express-marijuana-strain\/\"]}]},{\"@type\":\"ImageObject\",\"inLanguage\":\"cs\",\"@id\":\"https:\/\/legitgrams.com\/product\/pineapple-express-marijuana-strain\/#primaryimage\",\"url\":\"https:\/\/legitgrams.com\/wp-content\/uploads\/2024\/09\/Buy-Pineapple-Express-Marijuana-Strain-Online.jpg\",\"contentUrl\":\"https:\/\/legitgrams.com\/wp-content\/uploads\/2024\/09\/Buy-Pineapple-Express-Marijuana-Strain-Online.jpg\",\"width\":600,\"height\":600,\"caption\":\"Pineapple Express Marijuana Strain for Sale\"},{\"@type\":\"BreadcrumbList\",\"@id\":\"https:\/\/legitgrams.com\/product\/pineapple-express-marijuana-strain\/#breadcrumb\",\"itemListElement\":[{\"@type\":\"ListItem\",\"position\":1,\"name\":\"Home\",\"item\":\"https:\/\/legitgrams.com\/\"},{\"@type\":\"ListItem\",\"position\":2,\"name\":\"Shop\",\"item\":\"https:\/\/legitgrams.com\/shop\/\"},{\"@type\":\"ListItem\",\"position\":3,\"name\":\"Pineapple Express Marijuana Strain\"}]},{\"@type\":\"WebSite\",\"@id\":\"https:\/\/legitgrams.com\/#website\",\"url\":\"https:\/\/legitgrams.com\/\",\"name\":\"Legit Grams\",\"description\":\"My WordPress Blog\",\"publisher\":{\"@id\":\"https:\/\/legitgrams.com\/#organization\"},\"potentialAction\":[{\"@type\":\"SearchAction\",\"target\":{\"@type\":\"EntryPoint\",\"urlTemplate\":\"https:\/\/legitgrams.com\/?s={search_term_string}\"},\"query-input\":{\"@type\":\"PropertyValueSpecification\",\"valueRequired\":true,\"valueName\":\"search_term_string\"}}],\"inLanguage\":\"cs\"},{\"@type\":\"Organization\",\"@id\":\"https:\/\/legitgrams.com\/#organization\",\"name\":\"Legit Grams\",\"url\":\"https:\/\/legitgrams.com\/\",\"logo\":{\"@type\":\"ImageObject\",\"inLanguage\":\"cs\",\"@id\":\"https:\/\/legitgrams.com\/#\/schema\/logo\/image\/\",\"url\":\"https:\/\/legitgrams.com\/wp-content\/uploads\/2024\/09\/main-logo.png\",\"contentUrl\":\"https:\/\/legitgrams.com\/wp-content\/uploads\/2024\/09\/main-logo.png\",\"width\":270,\"height\":75,\"caption\":\"Legit Grams\"},\"image\":{\"@id\":\"https:\/\/legitgrams.com\/#\/schema\/logo\/image\/\"}}]}<\/script>\n<!-- \/ Yoast SEO plugin. -->","yoast_head_json":{"title":"Pineapple Express Marihuana kmen na prodej u LegitGrams","description":"Najd\u011bte si pr\u00e9miov\u00fd Pineapple Express na prodej v na\u0161em internetov\u00e9m obchod\u011b, kter\u00fd poskytuje bezpe\u010dnou platformu pro snadn\u00fd n\u00e1kup Pineapple Express online a uspokoj\u00ed va\u0161e v\u00fdzkumn\u00e9 pot\u0159eby.","robots":{"index":"index","follow":"follow","max-snippet":"max-snippet:-1","max-image-preview":"max-image-preview:large","max-video-preview":"max-video-preview:-1"},"canonical":"https:\/\/legitgrams.com\/cs\/produkt\/ananasovy-expresni-kmen-marihuany\/","og_locale":"cs_CZ","og_type":"article","og_title":"Pineapple Express Marijuana Strain for Sale at LegitGrams","og_description":"Find premium Pineapple Express for sale at our online store, providing a secure platform to buy Pineapple Express online with ease, catering to your research needs.","og_url":"https:\/\/legitgrams.com\/cs\/produkt\/ananasovy-expresni-kmen-marihuany\/","og_site_name":"Legit Grams","article_modified_time":"2025-01-14T10:38:06+00:00","og_image":[{"width":600,"height":600,"url":"https:\/\/legitgrams.com\/wp-content\/uploads\/2024\/09\/Buy-Pineapple-Express-Marijuana-Strain-Online.jpg","type":"image\/jpeg"}],"twitter_card":"summary_large_image","twitter_misc":{"Odhadovan\u00e1 doba \u010dten\u00ed":"2 minuty"},"schema":{"@context":"https:\/\/schema.org","@graph":[{"@type":"WebPage","@id":"https:\/\/legitgrams.com\/product\/pineapple-express-marijuana-strain\/","url":"https:\/\/legitgrams.com\/product\/pineapple-express-marijuana-strain\/","name":"Pineapple Express Marihuana kmen na prodej u LegitGrams","isPartOf":{"@id":"https:\/\/legitgrams.com\/#website"},"primaryImageOfPage":{"@id":"https:\/\/legitgrams.com\/product\/pineapple-express-marijuana-strain\/#primaryimage"},"image":{"@id":"https:\/\/legitgrams.com\/product\/pineapple-express-marijuana-strain\/#primaryimage"},"thumbnailUrl":"https:\/\/legitgrams.com\/wp-content\/uploads\/2024\/09\/Buy-Pineapple-Express-Marijuana-Strain-Online.jpg","datePublished":"2024-09-19T12:41:50+00:00","dateModified":"2025-01-14T10:38:06+00:00","description":"Najd\u011bte si pr\u00e9miov\u00fd Pineapple Express na prodej v na\u0161em internetov\u00e9m obchod\u011b, kter\u00fd poskytuje bezpe\u010dnou platformu pro snadn\u00fd n\u00e1kup Pineapple Express online a uspokoj\u00ed va\u0161e v\u00fdzkumn\u00e9 pot\u0159eby.","breadcrumb":{"@id":"https:\/\/legitgrams.com\/product\/pineapple-express-marijuana-strain\/#breadcrumb"},"inLanguage":"cs","potentialAction":[{"@type":"ReadAction","target":["https:\/\/legitgrams.com\/product\/pineapple-express-marijuana-strain\/"]}]},{"@type":"ImageObject","inLanguage":"cs","@id":"https:\/\/legitgrams.com\/product\/pineapple-express-marijuana-strain\/#primaryimage","url":"https:\/\/legitgrams.com\/wp-content\/uploads\/2024\/09\/Buy-Pineapple-Express-Marijuana-Strain-Online.jpg","contentUrl":"https:\/\/legitgrams.com\/wp-content\/uploads\/2024\/09\/Buy-Pineapple-Express-Marijuana-Strain-Online.jpg","width":600,"height":600,"caption":"Pineapple Express Marijuana Strain for Sale"},{"@type":"BreadcrumbList","@id":"https:\/\/legitgrams.com\/product\/pineapple-express-marijuana-strain\/#breadcrumb","itemListElement":[{"@type":"ListItem","position":1,"name":"Home","item":"https:\/\/legitgrams.com\/"},{"@type":"ListItem","position":2,"name":"Shop","item":"https:\/\/legitgrams.com\/shop\/"},{"@type":"ListItem","position":3,"name":"Pineapple Express Marijuana Strain"}]},{"@type":"WebSite","@id":"https:\/\/legitgrams.com\/#website","url":"https:\/\/legitgrams.com\/","name":"Leg\u00e1ln\u00ed gramy","description":"M\u016fj blog WordPress","publisher":{"@id":"https:\/\/legitgrams.com\/#organization"},"potentialAction":[{"@type":"SearchAction","target":{"@type":"EntryPoint","urlTemplate":"https:\/\/legitgrams.com\/?s={search_term_string}"},"query-input":{"@type":"PropertyValueSpecification","valueRequired":true,"valueName":"search_term_string"}}],"inLanguage":"cs"},{"@type":"Organization","@id":"https:\/\/legitgrams.com\/#organization","name":"Leg\u00e1ln\u00ed gramy","url":"https:\/\/legitgrams.com\/","logo":{"@type":"ImageObject","inLanguage":"cs","@id":"https:\/\/legitgrams.com\/#\/schema\/logo\/image\/","url":"https:\/\/legitgrams.com\/wp-content\/uploads\/2024\/09\/main-logo.png","contentUrl":"https:\/\/legitgrams.com\/wp-content\/uploads\/2024\/09\/main-logo.png","width":270,"height":75,"caption":"Legit Grams"},"image":{"@id":"https:\/\/legitgrams.com\/#\/schema\/logo\/image\/"}}]}},"uagb_featured_image_src":{"full":["https:\/\/legitgrams.com\/wp-content\/uploads\/2024\/09\/Buy-Pineapple-Express-Marijuana-Strain-Online.jpg",600,600,false],"thumbnail":["https:\/\/legitgrams.com\/wp-content\/uploads\/2024\/09\/Buy-Pineapple-Express-Marijuana-Strain-Online-150x150.jpg",150,150,true],"medium":["https:\/\/legitgrams.com\/wp-content\/uploads\/2024\/09\/Buy-Pineapple-Express-Marijuana-Strain-Online-300x300.jpg",300,300,true],"medium_large":["https:\/\/legitgrams.com\/wp-content\/uploads\/2024\/09\/Buy-Pineapple-Express-Marijuana-Strain-Online.jpg",600,600,false],"large":["https:\/\/legitgrams.com\/wp-content\/uploads\/2024\/09\/Buy-Pineapple-Express-Marijuana-Strain-Online.jpg",600,600,false],"1536x1536":["https:\/\/legitgrams.com\/wp-content\/uploads\/2024\/09\/Buy-Pineapple-Express-Marijuana-Strain-Online.jpg",600,600,false],"2048x2048":["https:\/\/legitgrams.com\/wp-content\/uploads\/2024\/09\/Buy-Pineapple-Express-Marijuana-Strain-Online.jpg",600,600,false],"trp-custom-language-flag":["https:\/\/legitgrams.com\/wp-content\/uploads\/2024\/09\/Buy-Pineapple-Express-Marijuana-Strain-Online-12x12.jpg",12,12,true],"woocommerce_thumbnail":["https:\/\/legitgrams.com\/wp-content\/uploads\/2024\/09\/Buy-Pineapple-Express-Marijuana-Strain-Online-300x300.jpg",300,300,true],"woocommerce_single":["https:\/\/legitgrams.com\/wp-content\/uploads\/2024\/09\/Buy-Pineapple-Express-Marijuana-Strain-Online.jpg",600,600,false],"woocommerce_gallery_thumbnail":["https:\/\/legitgrams.com\/wp-content\/uploads\/2024\/09\/Buy-Pineapple-Express-Marijuana-Strain-Online-100x100.jpg",100,100,true]},"uagb_author_info":{"display_name":"cokeblog18","author_link":"https:\/\/legitgrams.com\/cs\/author\/"},"uagb_comment_info":0,"uagb_excerpt":"Purchase Pineapple Express Marijuana Strain Online Effects: energizing, euphoric, and focused; may alleviate depression, fatigue, loss of appetite, headaches, nausea, and nightmares; may relieve chronic pain Tastes Aromas of citrus, pine, pineapple, sweet, and tropical Pine, Pineapple, Earthy, Sweet You must remember, though, that the tension is not as great as the film portrays it&hellip;","_links":{"self":[{"href":"https:\/\/legitgrams.com\/cs\/wp-json\/wp\/v2\/product\/3774","targetHints":{"allow":["GET"]}}],"collection":[{"href":"https:\/\/legitgrams.com\/cs\/wp-json\/wp\/v2\/product"}],"about":[{"href":"https:\/\/legitgrams.com\/cs\/wp-json\/wp\/v2\/types\/product"}],"replies":[{"embeddable":true,"href":"https:\/\/legitgrams.com\/cs\/wp-json\/wp\/v2\/comments?post=3774"}],"wp:featuredmedia":[{"embeddable":true,"href":"https:\/\/legitgrams.com\/cs\/wp-json\/wp\/v2\/media\/5416"}],"wp:attachment":[{"href":"https:\/\/legitgrams.com\/cs\/wp-json\/wp\/v2\/media?parent=3774"}],"wp:term":[{"taxonomy":"product_brand","embeddable":true,"href":"https:\/\/legitgrams.com\/cs\/wp-json\/wp\/v2\/product_brand?post=3774"},{"taxonomy":"product_cat","embeddable":true,"href":"https:\/\/legitgrams.com\/cs\/wp-json\/wp\/v2\/product_cat?post=3774"},{"taxonomy":"product_tag","embeddable":true,"href":"https:\/\/legitgrams.com\/cs\/wp-json\/wp\/v2\/product_tag?post=3774"}],"curies":[{"name":"wp","href":"https:\/\/api.w.org\/{rel}","templated":true}]}}