{"id":3782,"date":"2024-09-20T05:04:07","date_gmt":"2024-09-20T05:04:07","guid":{"rendered":"https:\/\/legitgrams.com\/?post_type=product&#038;p=3782"},"modified":"2025-01-14T10:52:52","modified_gmt":"2025-01-14T10:52:52","slug":"purple-dragon-cannabis-aaaaa","status":"publish","type":"product","link":"https:\/\/legitgrams.com\/cs\/produkt\/purple-dragon-cannabis-aaaaa\/","title":{"rendered":"Konop\u00ed Purple Dragon (AAAAA)"},"content":{"rendered":"<h2>Koupit konop\u00ed Purple Dragon Online (AAAA)<\/h2>\n<p>Mix mezi Modr\u00fdm drakem a Purple Urkle, Purple Dragon je siln\u00fd hybrid s dominantn\u00ed indikou. Dob\u0159e vyv\u00e1\u017een\u00e1 v\u00fd\u0161ka, kterou Purple Dragon nab\u00edz\u00ed, uklid\u0148uje a uvol\u0148uje t\u011blo i mysl. Tento kmen m\u00e1 velmi p\u0159\u00edjemnou v\u016fni, kter\u00e1 kombinuje pi\u017emo a \u0161alv\u011bj s p\u0159etrv\u00e1vaj\u00edc\u00ed kv\u011btinovou chut\u00ed. Mysl je po vychutn\u00e1n\u00ed tohoto nap\u011bt\u00ed stimulov\u00e1na a \u0161\u0165astn\u00e1, co\u017e rychle zm\u00edr\u0148uje \u00fazkost a smutek. V\u00fdhody Purple Dragon zpo\u010d\u00e1tku poskytuj\u00ed u\u017eivateli pozitivn\u00ed a energizuj\u00edc\u00ed du\u0161evn\u00ed jasnost, ne\u017e postupn\u011b poskytuj\u00ed hodiny bolesti a zm\u00edrn\u011bn\u00ed sedace. Jakmile klient nakonec dos\u00e1hne uvoln\u011bn\u00e9ho stavu, kter\u00fd poci\u0165uje mysl i t\u011blo, fyzick\u00e9 bolesti obecn\u011b odezn\u00ed. \u010cetn\u00e9 nemoci, jako je Purpurov\u00fd drak, je vynikaj\u00edc\u00ed l\u00e9\u010dbou probl\u00e9m\u016f, jako je \u00fazkost, deprese, poruchy n\u00e1lady, fyzick\u00e1 \u00fanava, bolesti hlavy, migr\u00e9ny, chronick\u00e9 bolesti a ztr\u00e1ta chuti k j\u00eddlu.<\/p>\n<p>Na str\u00e1nk\u00e1ch <a href=\"https:\/\/legitgrams.com\/cs\/produkt\/purple-dragon-cannabis-aaaaa\/\">Fialov\u00fd drak<\/a> je siln\u00fd hybrid, kter\u00fd je prim\u00e1rn\u011b indick\u00fd a vznikl k\u0159\u00ed\u017een\u00edm odr\u016fd Blue Dragon a Purple Urkle. Purple Dragon poskytuje vyv\u00e1\u017een\u00e9 opojen\u00ed, kter\u00e9 uklid\u0148uje a uvol\u0148uje t\u011blo i mysl. Tento kmen m\u00e1 mimo\u0159\u00e1dn\u011b p\u0159\u00edjemnou v\u016fni, kter\u00e1 v sob\u011b m\u00eds\u00ed \u0161alv\u011bj a pi\u017emo s vytrvalou kv\u011btinovou p\u0159\u00edchut\u00ed. \u00dazkost a zoufalstv\u00ed se po vychutn\u00e1n\u00ed tohoto nap\u011bt\u00ed rychle zm\u00edrn\u00ed, co\u017e zanech\u00e1 mysl plnou energie a ext\u00e1ze. \u00da\u010dinky Purple Dragon postupn\u011b poskytuj\u00ed u\u017eivateli prost\u0159edek k \u00falev\u011b od bolesti, ale nejprve mu dod\u00e1vaj\u00ed povzn\u00e1\u0161ej\u00edc\u00ed a povzbuzuj\u00edc\u00ed du\u0161evn\u00ed jasnost. a hodiny zklidn\u011bn\u00ed. Jak se konzument postupn\u011b dost\u00e1v\u00e1 do stavu uvoln\u011bn\u00ed, kter\u00e9 p\u016fsob\u00ed na t\u011blo i psychiku, miz\u00ed celkov\u00e9 bolesti t\u011bla. Pomoc\u00ed fialov\u00e9ho draka lze \u00fa\u010dinn\u011b l\u00e9\u010dit mnoho pot\u00ed\u017e\u00ed, mimo jin\u00e9 jako \u00fazkost, smutek, poruchy n\u00e1lady, fyzick\u00e9 vy\u010derp\u00e1n\u00ed, migr\u00e9ny, bolesti hlavy, chronick\u00e9 bolesti a ztr\u00e1tu chuti k j\u00eddlu. <a href=\"https:\/\/legitgrams.com\/cs\/\">LegitGrams<\/a><\/p>\n<p>N\u00e1kup Dragon <a href=\"https:\/\/en.wikipedia.org\/wiki\/Cannabis_(drug)\">konop\u00ed<\/a>, koupit konop\u00ed Purple Dragon (AAAAA), koupit konop\u00ed Purple Dragon online, Kde mohu koupit konop\u00ed Purple Dragon (AAAAA) online? Kde lze koupit konop\u00ed Purple Dragon (AAAAA) online? Kde lze koupit konop\u00ed Purple Dragon (AAAAA) online? Purple Dragon cannabis (AAAAA) na prodej ve Spojen\u00fdch st\u00e1tech, Kanad\u011b a Velk\u00e9 Brit\u00e1nii? koupit, online, dodavatel\u00e9, bezpe\u010dn\u00e9 doru\u010den\u00ed, Purple Dragon cannabis (AAAAA) je st\u00e1le k dispozici. Je konop\u00ed Purple Dragon (AAAAA) leg\u00e1ln\u00ed v Kanad\u011b? Kde lze koupit Purple Dragon Cannabis (AAAAAA) online? Jak si mohu objednat konop\u00ed Purple Dragon Cannabis (AAAAAA)?<\/p>","protected":false},"excerpt":{"rendered":"<p>Purchase Purple Dragon Cannabis Online (AAAAA) A mix between the Blue Dragon and the Purple Urkle, the Purple Dragon is a strong indica-dominant hybrid. The well-balanced high that Purple Dragon offers calms and relaxes the body and mind. This strain has a very pleasant aroma that combines musk and sage with a lingering flowery taste. &hellip;<\/p>\n<p class=\"read-more\"> <a class=\"\" href=\"https:\/\/legitgrams.com\/cs\/produkt\/purple-dragon-cannabis-aaaaa\/\"> <span class=\"screen-reader-text\">Konop\u00ed Purple Dragon (AAAAA)<\/span> \u010c\u00edst d\u00e1l \"<\/a><\/p>","protected":false},"featured_media":5417,"comment_status":"open","ping_status":"closed","template":"","meta":{"_uag_custom_page_level_css":"","site-sidebar-layout":"default","site-content-layout":"default","ast-global-header-display":"","ast-main-header-display":"","ast-hfb-above-header-display":"","ast-hfb-below-header-display":"","ast-hfb-mobile-header-display":"","site-post-title":"","ast-breadcrumbs-content":"","ast-featured-img":"","footer-sml-layout":"","theme-transparent-header-meta":"default","adv-header-id-meta":"","stick-header-meta":"default","header-above-stick-meta":"","header-main-stick-meta":"","header-below-stick-meta":"","_joinchat":[]},"product_brand":[],"product_cat":[607],"product_tag":[5269,5259,617,5251,5266,5263,5258,5256,5268,5250,5253,5261,5252,5262,5254,5264,5271,5272,5270,5267,5265,625,5257,5260,5255],"class_list":{"0":"post-3782","1":"product","2":"type-product","3":"status-publish","4":"has-post-thumbnail","6":"product_cat-marijuana-cannabis","7":"product_tag-best-cheap-price-purple-dragon-cannabis-aaaaa","8":"product_tag-best-place-to-buy-purple-dragon-cannabis-aaaaa","9":"product_tag-bulk-online","10":"product_tag-buy-purple-dragon-cannabis-aaaaa","11":"product_tag-cheap-purple-dragon-cannabis-aaaaa","12":"product_tag-high-quality-purple-dragon-cannabis-aaaaa","13":"product_tag-how-to-buy-purple-dragon-cannabis-aaaaa","14":"product_tag-order-purple-dragon-cannabis-aaaaa","15":"product_tag-purcharse-purple-dragon-cannabis-aaaaa","16":"product_tag-purple-dragon-cannabis-aaaaa","17":"product_tag-purple-dragon-cannabis-aaaaa-for-sale","18":"product_tag-purple-dragon-cannabis-aaaaa-legally","19":"product_tag-purple-dragon-cannabis-aaaaa-online","20":"product_tag-purple-dragon-cannabis-aaaaa-price","21":"product_tag-purple-dragon-cannabis-aaaaa-purple-dragon-cannabis-aaaaa-supplier","22":"product_tag-purple-dragon-cannabis-aaaaa-store","23":"product_tag-purple-dragon-cannabis-aaaaa-use","24":"product_tag-purple-dragon-cannabis-aaaaa-wiki","25":"product_tag-purple-dragon-cannabis-aaaaa-worldwide","26":"product_tag-purple-dragon-cannabis-aaaaas","27":"product_tag-shop-purple-dragon-cannabis-aaaaa","28":"product_tag-top-quality","29":"product_tag-where-to-buy-purple-dragon-cannabis-aaaaa","30":"product_tag-where-to-order-purple-dragon-cannabis-aaaaa","31":"product_tag-wholesale-purple-dragon-cannabis-aaaaa","32":"desktop-align-left","33":"tablet-align-left","34":"mobile-align-left","35":"ast-product-gallery-layout-horizontal","36":"ast-product-gallery-with-no-image","37":"ast-product-single-variable","38":"ast-product-tabs-layout-horizontal","39":"ast-qv-on-image","41":"first","42":"instock","43":"shipping-taxable","44":"purchasable","45":"product-type-variable"},"yoast_head":"<!-- This site is optimized with the Yoast SEO plugin v25.9 - https:\/\/yoast.com\/wordpress\/plugins\/seo\/ -->\n<title>Purple Dragon cannabis (AAAAA) for Sale at LegitGrams<\/title>\n<meta name=\"description\" content=\"Find premium purple dragon cannabis (AAAAA) for sale at our online store, providing a secure platform to buy purple dragon cannabis (AAAAA) online with ease, catering to your research needs. Hit your order now!\" \/>\n<meta name=\"robots\" content=\"index, follow, max-snippet:-1, max-image-preview:large, max-video-preview:-1\" \/>\n<link rel=\"canonical\" href=\"https:\/\/legitgrams.com\/cs\/produkt\/purple-dragon-cannabis-aaaaa\/\" \/>\n<meta property=\"og:locale\" content=\"cs_CZ\" \/>\n<meta property=\"og:type\" content=\"article\" \/>\n<meta property=\"og:title\" content=\"Purple Dragon cannabis (AAAAA) for Sale at LegitGrams\" \/>\n<meta property=\"og:description\" content=\"Find premium purple dragon cannabis (AAAAA) for sale at our online store, providing a secure platform to buy purple dragon cannabis (AAAAA) online with ease, catering to your research needs. Hit your order now!\" \/>\n<meta property=\"og:url\" content=\"https:\/\/legitgrams.com\/cs\/produkt\/purple-dragon-cannabis-aaaaa\/\" \/>\n<meta property=\"og:site_name\" content=\"Legit Grams\" \/>\n<meta property=\"article:modified_time\" content=\"2025-01-14T10:52:52+00:00\" \/>\n<meta property=\"og:image\" content=\"https:\/\/legitgrams.com\/wp-content\/uploads\/2024\/09\/Buy-Purple-Dragon-cannabis-AAAAA.jpg\" \/>\n\t<meta property=\"og:image:width\" content=\"600\" \/>\n\t<meta property=\"og:image:height\" content=\"600\" \/>\n\t<meta property=\"og:image:type\" content=\"image\/jpeg\" \/>\n<meta name=\"twitter:card\" content=\"summary_large_image\" \/>\n<meta name=\"twitter:label1\" content=\"Odhadovan\u00e1 doba \u010dten\u00ed\" \/>\n\t<meta name=\"twitter:data1\" content=\"2 minuty\" \/>\n<script type=\"application\/ld+json\" class=\"yoast-schema-graph\">{\"@context\":\"https:\/\/schema.org\",\"@graph\":[{\"@type\":\"WebPage\",\"@id\":\"https:\/\/legitgrams.com\/product\/purple-dragon-cannabis-aaaaa\/\",\"url\":\"https:\/\/legitgrams.com\/product\/purple-dragon-cannabis-aaaaa\/\",\"name\":\"Purple Dragon cannabis (AAAAA) for Sale at LegitGrams\",\"isPartOf\":{\"@id\":\"https:\/\/legitgrams.com\/#website\"},\"primaryImageOfPage\":{\"@id\":\"https:\/\/legitgrams.com\/product\/purple-dragon-cannabis-aaaaa\/#primaryimage\"},\"image\":{\"@id\":\"https:\/\/legitgrams.com\/product\/purple-dragon-cannabis-aaaaa\/#primaryimage\"},\"thumbnailUrl\":\"https:\/\/legitgrams.com\/wp-content\/uploads\/2024\/09\/Buy-Purple-Dragon-cannabis-AAAAA.jpg\",\"datePublished\":\"2024-09-20T05:04:07+00:00\",\"dateModified\":\"2025-01-14T10:52:52+00:00\",\"description\":\"Find premium purple dragon cannabis (AAAAA) for sale at our online store, providing a secure platform to buy purple dragon cannabis (AAAAA) online with ease, catering to your research needs. Hit your order now!\",\"breadcrumb\":{\"@id\":\"https:\/\/legitgrams.com\/product\/purple-dragon-cannabis-aaaaa\/#breadcrumb\"},\"inLanguage\":\"cs\",\"potentialAction\":[{\"@type\":\"ReadAction\",\"target\":[\"https:\/\/legitgrams.com\/product\/purple-dragon-cannabis-aaaaa\/\"]}]},{\"@type\":\"ImageObject\",\"inLanguage\":\"cs\",\"@id\":\"https:\/\/legitgrams.com\/product\/purple-dragon-cannabis-aaaaa\/#primaryimage\",\"url\":\"https:\/\/legitgrams.com\/wp-content\/uploads\/2024\/09\/Buy-Purple-Dragon-cannabis-AAAAA.jpg\",\"contentUrl\":\"https:\/\/legitgrams.com\/wp-content\/uploads\/2024\/09\/Buy-Purple-Dragon-cannabis-AAAAA.jpg\",\"width\":600,\"height\":600,\"caption\":\"Purple Dragon cannabis (AAAAA) for sale\"},{\"@type\":\"BreadcrumbList\",\"@id\":\"https:\/\/legitgrams.com\/product\/purple-dragon-cannabis-aaaaa\/#breadcrumb\",\"itemListElement\":[{\"@type\":\"ListItem\",\"position\":1,\"name\":\"Home\",\"item\":\"https:\/\/legitgrams.com\/\"},{\"@type\":\"ListItem\",\"position\":2,\"name\":\"Shop\",\"item\":\"https:\/\/legitgrams.com\/shop\/\"},{\"@type\":\"ListItem\",\"position\":3,\"name\":\"Purple Dragon cannabis (AAAAA)\"}]},{\"@type\":\"WebSite\",\"@id\":\"https:\/\/legitgrams.com\/#website\",\"url\":\"https:\/\/legitgrams.com\/\",\"name\":\"Legit Grams\",\"description\":\"My WordPress Blog\",\"publisher\":{\"@id\":\"https:\/\/legitgrams.com\/#organization\"},\"potentialAction\":[{\"@type\":\"SearchAction\",\"target\":{\"@type\":\"EntryPoint\",\"urlTemplate\":\"https:\/\/legitgrams.com\/?s={search_term_string}\"},\"query-input\":{\"@type\":\"PropertyValueSpecification\",\"valueRequired\":true,\"valueName\":\"search_term_string\"}}],\"inLanguage\":\"cs\"},{\"@type\":\"Organization\",\"@id\":\"https:\/\/legitgrams.com\/#organization\",\"name\":\"Legit Grams\",\"url\":\"https:\/\/legitgrams.com\/\",\"logo\":{\"@type\":\"ImageObject\",\"inLanguage\":\"cs\",\"@id\":\"https:\/\/legitgrams.com\/#\/schema\/logo\/image\/\",\"url\":\"https:\/\/legitgrams.com\/wp-content\/uploads\/2024\/09\/main-logo.png\",\"contentUrl\":\"https:\/\/legitgrams.com\/wp-content\/uploads\/2024\/09\/main-logo.png\",\"width\":270,\"height\":75,\"caption\":\"Legit Grams\"},\"image\":{\"@id\":\"https:\/\/legitgrams.com\/#\/schema\/logo\/image\/\"}}]}<\/script>\n<!-- \/ Yoast SEO plugin. -->","yoast_head_json":{"title":"Purple Dragon cannabis (AAAAA) na prodej na LegitGrams","description":"Najd\u011bte si pr\u00e9miov\u00e9 konop\u00ed purple dragon (AAAAA) na prodej v na\u0161em internetov\u00e9m obchod\u011b, kter\u00fd poskytuje bezpe\u010dnou platformu pro snadn\u00fd n\u00e1kup konop\u00ed purple dragon (AAAAA) online a uspokoj\u00ed va\u0161e v\u00fdzkumn\u00e9 pot\u0159eby. Ude\u0159te na svou objedn\u00e1vku nyn\u00ed!","robots":{"index":"index","follow":"follow","max-snippet":"max-snippet:-1","max-image-preview":"max-image-preview:large","max-video-preview":"max-video-preview:-1"},"canonical":"https:\/\/legitgrams.com\/cs\/produkt\/purple-dragon-cannabis-aaaaa\/","og_locale":"cs_CZ","og_type":"article","og_title":"Purple Dragon cannabis (AAAAA) for Sale at LegitGrams","og_description":"Find premium purple dragon cannabis (AAAAA) for sale at our online store, providing a secure platform to buy purple dragon cannabis (AAAAA) online with ease, catering to your research needs. Hit your order now!","og_url":"https:\/\/legitgrams.com\/cs\/produkt\/purple-dragon-cannabis-aaaaa\/","og_site_name":"Legit Grams","article_modified_time":"2025-01-14T10:52:52+00:00","og_image":[{"width":600,"height":600,"url":"https:\/\/legitgrams.com\/wp-content\/uploads\/2024\/09\/Buy-Purple-Dragon-cannabis-AAAAA.jpg","type":"image\/jpeg"}],"twitter_card":"summary_large_image","twitter_misc":{"Odhadovan\u00e1 doba \u010dten\u00ed":"2 minuty"},"schema":{"@context":"https:\/\/schema.org","@graph":[{"@type":"WebPage","@id":"https:\/\/legitgrams.com\/product\/purple-dragon-cannabis-aaaaa\/","url":"https:\/\/legitgrams.com\/product\/purple-dragon-cannabis-aaaaa\/","name":"Purple Dragon cannabis (AAAAA) na prodej na LegitGrams","isPartOf":{"@id":"https:\/\/legitgrams.com\/#website"},"primaryImageOfPage":{"@id":"https:\/\/legitgrams.com\/product\/purple-dragon-cannabis-aaaaa\/#primaryimage"},"image":{"@id":"https:\/\/legitgrams.com\/product\/purple-dragon-cannabis-aaaaa\/#primaryimage"},"thumbnailUrl":"https:\/\/legitgrams.com\/wp-content\/uploads\/2024\/09\/Buy-Purple-Dragon-cannabis-AAAAA.jpg","datePublished":"2024-09-20T05:04:07+00:00","dateModified":"2025-01-14T10:52:52+00:00","description":"Najd\u011bte si pr\u00e9miov\u00e9 konop\u00ed purple dragon (AAAAA) na prodej v na\u0161em internetov\u00e9m obchod\u011b, kter\u00fd poskytuje bezpe\u010dnou platformu pro snadn\u00fd n\u00e1kup konop\u00ed purple dragon (AAAAA) online a uspokoj\u00ed va\u0161e v\u00fdzkumn\u00e9 pot\u0159eby. Ude\u0159te na svou objedn\u00e1vku nyn\u00ed!","breadcrumb":{"@id":"https:\/\/legitgrams.com\/product\/purple-dragon-cannabis-aaaaa\/#breadcrumb"},"inLanguage":"cs","potentialAction":[{"@type":"ReadAction","target":["https:\/\/legitgrams.com\/product\/purple-dragon-cannabis-aaaaa\/"]}]},{"@type":"ImageObject","inLanguage":"cs","@id":"https:\/\/legitgrams.com\/product\/purple-dragon-cannabis-aaaaa\/#primaryimage","url":"https:\/\/legitgrams.com\/wp-content\/uploads\/2024\/09\/Buy-Purple-Dragon-cannabis-AAAAA.jpg","contentUrl":"https:\/\/legitgrams.com\/wp-content\/uploads\/2024\/09\/Buy-Purple-Dragon-cannabis-AAAAA.jpg","width":600,"height":600,"caption":"Purple Dragon cannabis (AAAAA) for sale"},{"@type":"BreadcrumbList","@id":"https:\/\/legitgrams.com\/product\/purple-dragon-cannabis-aaaaa\/#breadcrumb","itemListElement":[{"@type":"ListItem","position":1,"name":"Home","item":"https:\/\/legitgrams.com\/"},{"@type":"ListItem","position":2,"name":"Shop","item":"https:\/\/legitgrams.com\/shop\/"},{"@type":"ListItem","position":3,"name":"Purple Dragon cannabis (AAAAA)"}]},{"@type":"WebSite","@id":"https:\/\/legitgrams.com\/#website","url":"https:\/\/legitgrams.com\/","name":"Leg\u00e1ln\u00ed gramy","description":"M\u016fj blog WordPress","publisher":{"@id":"https:\/\/legitgrams.com\/#organization"},"potentialAction":[{"@type":"SearchAction","target":{"@type":"EntryPoint","urlTemplate":"https:\/\/legitgrams.com\/?s={search_term_string}"},"query-input":{"@type":"PropertyValueSpecification","valueRequired":true,"valueName":"search_term_string"}}],"inLanguage":"cs"},{"@type":"Organization","@id":"https:\/\/legitgrams.com\/#organization","name":"Leg\u00e1ln\u00ed gramy","url":"https:\/\/legitgrams.com\/","logo":{"@type":"ImageObject","inLanguage":"cs","@id":"https:\/\/legitgrams.com\/#\/schema\/logo\/image\/","url":"https:\/\/legitgrams.com\/wp-content\/uploads\/2024\/09\/main-logo.png","contentUrl":"https:\/\/legitgrams.com\/wp-content\/uploads\/2024\/09\/main-logo.png","width":270,"height":75,"caption":"Legit Grams"},"image":{"@id":"https:\/\/legitgrams.com\/#\/schema\/logo\/image\/"}}]}},"uagb_featured_image_src":{"full":["https:\/\/legitgrams.com\/wp-content\/uploads\/2024\/09\/Buy-Purple-Dragon-cannabis-AAAAA.jpg",600,600,false],"thumbnail":["https:\/\/legitgrams.com\/wp-content\/uploads\/2024\/09\/Buy-Purple-Dragon-cannabis-AAAAA-150x150.jpg",150,150,true],"medium":["https:\/\/legitgrams.com\/wp-content\/uploads\/2024\/09\/Buy-Purple-Dragon-cannabis-AAAAA-300x300.jpg",300,300,true],"medium_large":["https:\/\/legitgrams.com\/wp-content\/uploads\/2024\/09\/Buy-Purple-Dragon-cannabis-AAAAA.jpg",600,600,false],"large":["https:\/\/legitgrams.com\/wp-content\/uploads\/2024\/09\/Buy-Purple-Dragon-cannabis-AAAAA.jpg",600,600,false],"1536x1536":["https:\/\/legitgrams.com\/wp-content\/uploads\/2024\/09\/Buy-Purple-Dragon-cannabis-AAAAA.jpg",600,600,false],"2048x2048":["https:\/\/legitgrams.com\/wp-content\/uploads\/2024\/09\/Buy-Purple-Dragon-cannabis-AAAAA.jpg",600,600,false],"trp-custom-language-flag":["https:\/\/legitgrams.com\/wp-content\/uploads\/2024\/09\/Buy-Purple-Dragon-cannabis-AAAAA-12x12.jpg",12,12,true],"woocommerce_thumbnail":["https:\/\/legitgrams.com\/wp-content\/uploads\/2024\/09\/Buy-Purple-Dragon-cannabis-AAAAA-300x300.jpg",300,300,true],"woocommerce_single":["https:\/\/legitgrams.com\/wp-content\/uploads\/2024\/09\/Buy-Purple-Dragon-cannabis-AAAAA.jpg",600,600,false],"woocommerce_gallery_thumbnail":["https:\/\/legitgrams.com\/wp-content\/uploads\/2024\/09\/Buy-Purple-Dragon-cannabis-AAAAA-100x100.jpg",100,100,true]},"uagb_author_info":{"display_name":"cokeblog18","author_link":"https:\/\/legitgrams.com\/cs\/author\/"},"uagb_comment_info":0,"uagb_excerpt":"Purchase Purple Dragon Cannabis Online (AAAAA) A mix between the Blue Dragon and the Purple Urkle, the Purple Dragon is a strong indica-dominant hybrid. The well-balanced high that Purple Dragon offers calms and relaxes the body and mind. This strain has a very pleasant aroma that combines musk and sage with a lingering flowery taste.&hellip;","_links":{"self":[{"href":"https:\/\/legitgrams.com\/cs\/wp-json\/wp\/v2\/product\/3782","targetHints":{"allow":["GET"]}}],"collection":[{"href":"https:\/\/legitgrams.com\/cs\/wp-json\/wp\/v2\/product"}],"about":[{"href":"https:\/\/legitgrams.com\/cs\/wp-json\/wp\/v2\/types\/product"}],"replies":[{"embeddable":true,"href":"https:\/\/legitgrams.com\/cs\/wp-json\/wp\/v2\/comments?post=3782"}],"wp:featuredmedia":[{"embeddable":true,"href":"https:\/\/legitgrams.com\/cs\/wp-json\/wp\/v2\/media\/5417"}],"wp:attachment":[{"href":"https:\/\/legitgrams.com\/cs\/wp-json\/wp\/v2\/media?parent=3782"}],"wp:term":[{"taxonomy":"product_brand","embeddable":true,"href":"https:\/\/legitgrams.com\/cs\/wp-json\/wp\/v2\/product_brand?post=3782"},{"taxonomy":"product_cat","embeddable":true,"href":"https:\/\/legitgrams.com\/cs\/wp-json\/wp\/v2\/product_cat?post=3782"},{"taxonomy":"product_tag","embeddable":true,"href":"https:\/\/legitgrams.com\/cs\/wp-json\/wp\/v2\/product_tag?post=3782"}],"curies":[{"name":"wp","href":"https:\/\/api.w.org\/{rel}","templated":true}]}}