{"id":3809,"date":"2024-09-20T05:34:15","date_gmt":"2024-09-20T05:34:15","guid":{"rendered":"https:\/\/legitgrams.com\/?post_type=product&#038;p=3809"},"modified":"2025-01-15T05:30:50","modified_gmt":"2025-01-15T05:30:50","slug":"boruvkovy-kmen-rocky-mountain","status":"publish","type":"product","link":"https:\/\/legitgrams.com\/cs\/produkt\/boruvkovy-kmen-rocky-mountain\/","title":{"rendered":"Kmen Rocky Mountain Blueberry"},"content":{"rendered":"<h2>Kupte si Rocky Mountain Blueberry Strain online<\/h2>\n<p>Bor\u016fvka Rocky Mountain Blueberry, limitovan\u00e1 odr\u016fda z farmy The Farm v Coloradu, m\u00e1 dobr\u00e9 jm\u00e9no podle oblasti, ve kter\u00e9 byla vyp\u011bstov\u00e1na. Tamn\u00ed t\u00fdm, kter\u00fd je uzn\u00e1van\u00fd pro p\u011bstov\u00e1n\u00ed \u0161pi\u010dkov\u00fdch pupen\u016f, vy\u0161lechtil Blueberry a Shishkaberry, aby vytvo\u0159il kmen s dominanc\u00ed indiky s vyv\u00e1\u017een\u00fdmi \u00fa\u010dinky a pozoruhodnou chut\u00ed.<\/p>\n<h3>Bor\u016fvky ze Skalist\u00fdch hor<\/h3>\n<p><a href=\"https:\/\/legitgrams.com\/cs\/produkt\/boruvkovy-kmen-rocky-mountain\/\">Bor\u016fvky Skalist\u00fdch hor<\/a> m\u00e1 neuv\u011b\u0159itelnou s\u00edlu 18% THC, tak\u017ee je ide\u00e1ln\u00ed jak pro nov\u00e9 a zku\u0161en\u00e9 u\u017eivatele konop\u00ed, kte\u0159\u00ed teprve pronikaj\u00ed do sv\u011bta marihuany, tak pro zku\u0161en\u00e9 u\u017eivatele, kte\u0159\u00ed vy\u017eaduj\u00ed n\u011bco jemn\u00e9ho. Trichomy na sv\u011btle fialov\u00e9 barv\u011b s olivov\u011b zelen\u00fdm z\u00e1kladn\u00edm t\u00f3nem a modr\u00fdm podt\u00f3nem dod\u00e1vaj\u00ed skute\u010dn\u011b hust\u00fdm hrudk\u00e1m \u00fa\u017easn\u00fd vzhled. Va\u0161e chu\u0165ov\u00e9 smysly ohrom\u00ed sladk\u00e1 bor\u016fvkov\u00e1 p\u0159\u00edchu\u0165, kter\u00e1 prostupuje vzduchem s t\u00f3ny m\u00e1ty, borovice a citronu.<\/p>\n<p>Je d\u016fle\u017eit\u00e9 spr\u00e1vn\u011b na\u010dasovat d\u00e1vku, proto\u017ee tento kmen p\u0159in\u00e1\u0161\u00ed intenzivn\u00ed horskou dr\u00e1hu \u00fa\u010dink\u016f. Jej\u00ed sativa strana se zpo\u010d\u00e1tku projev\u00ed p\u0159\u00edvalem euforie a tv\u016fr\u010d\u00ed energie, kter\u00e1 je ide\u00e1ln\u00ed pro dokon\u010den\u00ed \u00fakol\u016f v pr\u00e1ci nebo posezen\u00ed s p\u0159\u00e1teli. Mnoho lid\u00ed se rozhoduje pou\u017e\u00edvat tento strain venku p\u0159i venkovn\u00edch aktivit\u00e1ch, ale m\u011bjte na pam\u011bti, \u017ee se p\u0159i dlouh\u00e9m v\u00fdstupu pom\u011brn\u011b snadno unav\u00ed. Drsn\u00e1 horsk\u00e1 bor\u016fvka za\u010d\u00edn\u00e1 u svatyn\u011b a postupuje a\u017e k prst\u016fm na nohou, \u010d\u00edm\u017e zm\u00edr\u0148uje nep\u0159\u00edjemnou a sv\u00edravou zimnici.<\/p>\n<p>Pokud jde o terapeutickou \u00falevu, je tento pupen kouzeln\u00edk, kter\u00fd zlep\u0161uje n\u00e1ladu a bez n\u00e1mahy zah\u00e1n\u00ed stres a negativn\u00ed n\u00e1ladu. A\u010dkoli s n\u00edm va\u0161e probl\u00e9my nezmiz\u00ed nav\u017edy, p\u00e1r \u0161luk\u016f Rocky Mountain si m\u016f\u017eete dop\u0159\u00e1t. <a href=\"https:\/\/en.wikipedia.org\/wiki\/Blueberry\">Bor\u016fvky<\/a> v\u0161e se zd\u00e1 b\u00fdt o n\u011bco jasn\u011bj\u0161\u00ed. Kdy\u017e za\u010dne t\u0159esavka, ustoup\u00ed i chronick\u00e9 fyzick\u00e9 probl\u00e9my a n\u00e1hodn\u00e9 pocity, jako jsou bolesti hlavy nebo k\u0159e\u010de, co\u017e u n\u011bkter\u00fdch lid\u00ed vyvol\u00e1v\u00e1 tak\u00e9 vzru\u0161uj\u00edc\u00ed pocit.<\/p>\n<p>Tento druh vy\u017eaduje trochu v\u00edce p\u0159em\u00fd\u0161len\u00ed ne\u017e v\u011bt\u0161ina ostatn\u00edch, i kdy\u017e je vlastn\u011b pom\u011brn\u011b snadn\u00e9 ho p\u011bstovat doma. Rostliny jsou nakonec pom\u011brn\u011b rozv\u011btven\u00e9 a kr\u00e1tk\u00e9, co\u017e vy\u017eaduje, aby na n\u011b p\u011bstitel\u00e9 d\u00e1vali pozor a r\u016fzn\u011b je zast\u0159ih\u00e1vali. Dal\u0161\u00ed v\u011bc\u00ed, na kterou je t\u0159eba myslet, jsou v\u016fn\u011b. Vzhledem k tomu, \u017ee Rocky Mountain Blueberry lze p\u011bstovat jak v interi\u00e9ru, tak i venku, je jej\u00ed bor\u016fvkov\u00e1 v\u016fn\u011b dostate\u010dn\u011b siln\u00e1 na to, aby p\u0159it\u00e1hla ne\u017e\u00e1douc\u00ed pozornost.<\/p>\n<p>A\u017e budete p\u0159ipraveni doladit jej\u00ed \u010dasovou osu \u00fa\u010dink\u016f, stane se tento kmen nakonec spolehliv\u00fdm p\u0159\u00edtelem. Vyzkou\u0161ejte Rocky Mountain Blueberry na konci noci, abyste snadno bojovali s \u00fanavou a vyu\u017eili jej\u00ed podprahov\u00e9 motiva\u010dn\u00ed \u00fa\u010dinky. Odtud se vra\u0165te dom\u016f, usa\u010fte se do \u00fatuln\u00e9ho k\u0159esla l\u00e1sky nebo luxusn\u00ed postele s b\u00e1je\u010dn\u00fdm partnerem a u\u017eijte si zbytek ve\u010dera. <a href=\"https:\/\/legitgrams.com\/cs\/\">LegitGrams<\/a><\/p>\n<p>N\u00e1kup Blueberry Strain online: Kde si mohu koupit Blueberry Strain: N\u00e1kup Blueberry Strain online, N\u00e1kup Rocky Mountain Blueberry Strain, N\u00e1kup Blueberry Strain, Kde si mohu koupit Rocky Mountain Blueberry Strain? Kde si mohu koupit Rocky Mountain Blueberry Strain online? Kde si mohu koupit Rocky Mountain Blueberry Strain online? Kde si mohu koupit Rocky Mountain Blueberry Strain v USA, Kanad\u011b nebo Velk\u00e9 Brit\u00e1nii? Kde si mohu koupit Rocky Mountain Blueberry Strain online? dodavatel\u00e9? bezpe\u010dn\u00e9 doru\u010den\u00ed Ot\u00e1zky \"Je Rocky Mountain Blueberry Strain leg\u00e1ln\u00ed v Kanad\u011b?\" a \"Jak objednat Rocky Mountain Blueberry Strain?\" jsou st\u00e1le aktu\u00e1ln\u00ed. Rocky Mountain Blueberry Strain si st\u00e1le m\u016f\u017eete zakoupit online.<\/p>","protected":false},"excerpt":{"rendered":"<p>Purchase Rocky Mountain Blueberry Strain Online A limited variety from The Farm in Colorado, Rocky Mountain Blueberry is well called for the area in which she was grown. Recognized for cultivating top-notch buds, the team there bred Blueberry and Shishkaberry to create an indica-dominant strain with balanced effects and remarkable flavors. Blueberries from Rocky Mountain &hellip;<\/p>\n<p class=\"read-more\"> <a class=\"\" href=\"https:\/\/legitgrams.com\/cs\/produkt\/boruvkovy-kmen-rocky-mountain\/\"> <span class=\"screen-reader-text\">Kmen Rocky Mountain Blueberry<\/span> \u010c\u00edst d\u00e1l \"<\/a><\/p>","protected":false},"featured_media":5420,"comment_status":"open","ping_status":"closed","template":"","meta":{"_uag_custom_page_level_css":"","site-sidebar-layout":"default","site-content-layout":"default","ast-global-header-display":"","ast-main-header-display":"","ast-hfb-above-header-display":"","ast-hfb-below-header-display":"","ast-hfb-mobile-header-display":"","site-post-title":"","ast-breadcrumbs-content":"","ast-featured-img":"","footer-sml-layout":"","theme-transparent-header-meta":"default","adv-header-id-meta":"","stick-header-meta":"default","header-above-stick-meta":"","header-main-stick-meta":"","header-below-stick-meta":"","_joinchat":[]},"product_brand":[],"product_cat":[607],"product_tag":[5200,5190,617,5182,5197,5194,5189,5187,5199,5181,5184,5192,5183,5193,5185,5195,5202,5203,5201,5198,5196,625,5188,5191,5186],"class_list":{"0":"post-3809","1":"product","2":"type-product","3":"status-publish","4":"has-post-thumbnail","6":"product_cat-marijuana-cannabis","7":"product_tag-best-cheap-price-rocky-mountain-blueberry-strain","8":"product_tag-best-place-to-buy-rocky-mountain-blueberry-strain","9":"product_tag-bulk-online","10":"product_tag-buy-rocky-mountain-blueberry-strain","11":"product_tag-cheap-rocky-mountain-blueberry-strain","12":"product_tag-high-quality-rocky-mountain-blueberry-strain","13":"product_tag-how-to-buy-rocky-mountain-blueberry-strain","14":"product_tag-order-rocky-mountain-blueberry-strain","15":"product_tag-purcharse-rocky-mountain-blueberry-strain","16":"product_tag-rocky-mountain-blueberry-strain","17":"product_tag-rocky-mountain-blueberry-strain-for-sale","18":"product_tag-rocky-mountain-blueberry-strain-legally","19":"product_tag-rocky-mountain-blueberry-strain-online","20":"product_tag-rocky-mountain-blueberry-strain-price","21":"product_tag-rocky-mountain-blueberry-strain-rocky-mountain-blueberry-strain-supplier","22":"product_tag-rocky-mountain-blueberry-strain-store","23":"product_tag-rocky-mountain-blueberry-strain-use","24":"product_tag-rocky-mountain-blueberry-strain-wiki","25":"product_tag-rocky-mountain-blueberry-strain-worldwide","26":"product_tag-rocky-mountain-blueberry-strains","27":"product_tag-shop-rocky-mountain-blueberry-strain","28":"product_tag-top-quality","29":"product_tag-where-to-buy-rocky-mountain-blueberry-strain","30":"product_tag-where-to-order-rocky-mountain-blueberry-strain","31":"product_tag-wholesale-rocky-mountain-blueberry-strain","32":"desktop-align-left","33":"tablet-align-left","34":"mobile-align-left","35":"ast-product-gallery-layout-horizontal","36":"ast-product-gallery-with-no-image","37":"ast-product-single-variable","38":"ast-product-tabs-layout-horizontal","39":"ast-qv-on-image","41":"first","42":"instock","43":"shipping-taxable","44":"purchasable","45":"product-type-variable"},"yoast_head":"<!-- This site is optimized with the Yoast SEO plugin v25.9 - https:\/\/yoast.com\/wordpress\/plugins\/seo\/ -->\n<title>Rocky Mountain Blueberry Strain for Sale @ Best Price Online<\/title>\n<meta name=\"description\" content=\"Find premium rocky mountain blueberry strain for sale at our online store, providing a secure platform to buy rocky mountain blueberry strain online with ease, catering to your research needs.\" \/>\n<meta name=\"robots\" content=\"index, follow, max-snippet:-1, max-image-preview:large, max-video-preview:-1\" \/>\n<link rel=\"canonical\" href=\"https:\/\/legitgrams.com\/cs\/produkt\/boruvkovy-kmen-rocky-mountain\/\" \/>\n<meta property=\"og:locale\" content=\"cs_CZ\" \/>\n<meta property=\"og:type\" content=\"article\" \/>\n<meta property=\"og:title\" content=\"Rocky Mountain Blueberry Strain for Sale @ Best Price Online\" \/>\n<meta property=\"og:description\" content=\"Find premium rocky mountain blueberry strain for sale at our online store, providing a secure platform to buy rocky mountain blueberry strain online with ease, catering to your research needs.\" \/>\n<meta property=\"og:url\" content=\"https:\/\/legitgrams.com\/cs\/produkt\/boruvkovy-kmen-rocky-mountain\/\" \/>\n<meta property=\"og:site_name\" content=\"Legit Grams\" \/>\n<meta property=\"article:modified_time\" content=\"2025-01-15T05:30:50+00:00\" \/>\n<meta property=\"og:image\" content=\"https:\/\/legitgrams.com\/wp-content\/uploads\/2024\/09\/Buy-Rocky-Mountain-Blueberry-Strain-Online.jpg\" \/>\n\t<meta property=\"og:image:width\" content=\"600\" \/>\n\t<meta property=\"og:image:height\" content=\"600\" \/>\n\t<meta property=\"og:image:type\" content=\"image\/jpeg\" \/>\n<meta name=\"twitter:card\" content=\"summary_large_image\" \/>\n<meta name=\"twitter:label1\" content=\"Odhadovan\u00e1 doba \u010dten\u00ed\" \/>\n\t<meta name=\"twitter:data1\" content=\"3 minuty\" \/>\n<script type=\"application\/ld+json\" class=\"yoast-schema-graph\">{\"@context\":\"https:\/\/schema.org\",\"@graph\":[{\"@type\":\"WebPage\",\"@id\":\"https:\/\/legitgrams.com\/product\/rocky-mountain-blueberry-strain\/\",\"url\":\"https:\/\/legitgrams.com\/product\/rocky-mountain-blueberry-strain\/\",\"name\":\"Rocky Mountain Blueberry Strain for Sale @ Best Price Online\",\"isPartOf\":{\"@id\":\"https:\/\/legitgrams.com\/#website\"},\"primaryImageOfPage\":{\"@id\":\"https:\/\/legitgrams.com\/product\/rocky-mountain-blueberry-strain\/#primaryimage\"},\"image\":{\"@id\":\"https:\/\/legitgrams.com\/product\/rocky-mountain-blueberry-strain\/#primaryimage\"},\"thumbnailUrl\":\"https:\/\/legitgrams.com\/wp-content\/uploads\/2024\/09\/Buy-Rocky-Mountain-Blueberry-Strain-Online.jpg\",\"datePublished\":\"2024-09-20T05:34:15+00:00\",\"dateModified\":\"2025-01-15T05:30:50+00:00\",\"description\":\"Find premium rocky mountain blueberry strain for sale at our online store, providing a secure platform to buy rocky mountain blueberry strain online with ease, catering to your research needs.\",\"breadcrumb\":{\"@id\":\"https:\/\/legitgrams.com\/product\/rocky-mountain-blueberry-strain\/#breadcrumb\"},\"inLanguage\":\"cs\",\"potentialAction\":[{\"@type\":\"ReadAction\",\"target\":[\"https:\/\/legitgrams.com\/product\/rocky-mountain-blueberry-strain\/\"]}]},{\"@type\":\"ImageObject\",\"inLanguage\":\"cs\",\"@id\":\"https:\/\/legitgrams.com\/product\/rocky-mountain-blueberry-strain\/#primaryimage\",\"url\":\"https:\/\/legitgrams.com\/wp-content\/uploads\/2024\/09\/Buy-Rocky-Mountain-Blueberry-Strain-Online.jpg\",\"contentUrl\":\"https:\/\/legitgrams.com\/wp-content\/uploads\/2024\/09\/Buy-Rocky-Mountain-Blueberry-Strain-Online.jpg\",\"width\":600,\"height\":600,\"caption\":\"Rocky Mountain Blueberry Strain for Sale\"},{\"@type\":\"BreadcrumbList\",\"@id\":\"https:\/\/legitgrams.com\/product\/rocky-mountain-blueberry-strain\/#breadcrumb\",\"itemListElement\":[{\"@type\":\"ListItem\",\"position\":1,\"name\":\"Home\",\"item\":\"https:\/\/legitgrams.com\/\"},{\"@type\":\"ListItem\",\"position\":2,\"name\":\"Shop\",\"item\":\"https:\/\/legitgrams.com\/shop\/\"},{\"@type\":\"ListItem\",\"position\":3,\"name\":\"Rocky Mountain Blueberry Strain\"}]},{\"@type\":\"WebSite\",\"@id\":\"https:\/\/legitgrams.com\/#website\",\"url\":\"https:\/\/legitgrams.com\/\",\"name\":\"Legit Grams\",\"description\":\"My WordPress Blog\",\"publisher\":{\"@id\":\"https:\/\/legitgrams.com\/#organization\"},\"potentialAction\":[{\"@type\":\"SearchAction\",\"target\":{\"@type\":\"EntryPoint\",\"urlTemplate\":\"https:\/\/legitgrams.com\/?s={search_term_string}\"},\"query-input\":{\"@type\":\"PropertyValueSpecification\",\"valueRequired\":true,\"valueName\":\"search_term_string\"}}],\"inLanguage\":\"cs\"},{\"@type\":\"Organization\",\"@id\":\"https:\/\/legitgrams.com\/#organization\",\"name\":\"Legit Grams\",\"url\":\"https:\/\/legitgrams.com\/\",\"logo\":{\"@type\":\"ImageObject\",\"inLanguage\":\"cs\",\"@id\":\"https:\/\/legitgrams.com\/#\/schema\/logo\/image\/\",\"url\":\"https:\/\/legitgrams.com\/wp-content\/uploads\/2024\/09\/main-logo.png\",\"contentUrl\":\"https:\/\/legitgrams.com\/wp-content\/uploads\/2024\/09\/main-logo.png\",\"width\":270,\"height\":75,\"caption\":\"Legit Grams\"},\"image\":{\"@id\":\"https:\/\/legitgrams.com\/#\/schema\/logo\/image\/\"}}]}<\/script>\n<!-- \/ Yoast SEO plugin. -->","yoast_head_json":{"title":"Rocky Mountain Blueberry Strain na prodej @ Nejlep\u0161\u00ed cena online","description":"Najd\u011bte pr\u00e9miov\u00fd kmen rocky mountain blueberry na prodej v na\u0161em internetov\u00e9m obchod\u011b, kter\u00fd poskytuje bezpe\u010dnou platformu pro snadn\u00fd n\u00e1kup kmene rocky mountain blueberry online a uspokoj\u00ed va\u0161e v\u00fdzkumn\u00e9 pot\u0159eby.","robots":{"index":"index","follow":"follow","max-snippet":"max-snippet:-1","max-image-preview":"max-image-preview:large","max-video-preview":"max-video-preview:-1"},"canonical":"https:\/\/legitgrams.com\/cs\/produkt\/boruvkovy-kmen-rocky-mountain\/","og_locale":"cs_CZ","og_type":"article","og_title":"Rocky Mountain Blueberry Strain for Sale @ Best Price Online","og_description":"Find premium rocky mountain blueberry strain for sale at our online store, providing a secure platform to buy rocky mountain blueberry strain online with ease, catering to your research needs.","og_url":"https:\/\/legitgrams.com\/cs\/produkt\/boruvkovy-kmen-rocky-mountain\/","og_site_name":"Legit Grams","article_modified_time":"2025-01-15T05:30:50+00:00","og_image":[{"width":600,"height":600,"url":"https:\/\/legitgrams.com\/wp-content\/uploads\/2024\/09\/Buy-Rocky-Mountain-Blueberry-Strain-Online.jpg","type":"image\/jpeg"}],"twitter_card":"summary_large_image","twitter_misc":{"Odhadovan\u00e1 doba \u010dten\u00ed":"3 minuty"},"schema":{"@context":"https:\/\/schema.org","@graph":[{"@type":"WebPage","@id":"https:\/\/legitgrams.com\/product\/rocky-mountain-blueberry-strain\/","url":"https:\/\/legitgrams.com\/product\/rocky-mountain-blueberry-strain\/","name":"Rocky Mountain Blueberry Strain na prodej @ Nejlep\u0161\u00ed cena online","isPartOf":{"@id":"https:\/\/legitgrams.com\/#website"},"primaryImageOfPage":{"@id":"https:\/\/legitgrams.com\/product\/rocky-mountain-blueberry-strain\/#primaryimage"},"image":{"@id":"https:\/\/legitgrams.com\/product\/rocky-mountain-blueberry-strain\/#primaryimage"},"thumbnailUrl":"https:\/\/legitgrams.com\/wp-content\/uploads\/2024\/09\/Buy-Rocky-Mountain-Blueberry-Strain-Online.jpg","datePublished":"2024-09-20T05:34:15+00:00","dateModified":"2025-01-15T05:30:50+00:00","description":"Najd\u011bte pr\u00e9miov\u00fd kmen rocky mountain blueberry na prodej v na\u0161em internetov\u00e9m obchod\u011b, kter\u00fd poskytuje bezpe\u010dnou platformu pro snadn\u00fd n\u00e1kup kmene rocky mountain blueberry online a uspokoj\u00ed va\u0161e v\u00fdzkumn\u00e9 pot\u0159eby.","breadcrumb":{"@id":"https:\/\/legitgrams.com\/product\/rocky-mountain-blueberry-strain\/#breadcrumb"},"inLanguage":"cs","potentialAction":[{"@type":"ReadAction","target":["https:\/\/legitgrams.com\/product\/rocky-mountain-blueberry-strain\/"]}]},{"@type":"ImageObject","inLanguage":"cs","@id":"https:\/\/legitgrams.com\/product\/rocky-mountain-blueberry-strain\/#primaryimage","url":"https:\/\/legitgrams.com\/wp-content\/uploads\/2024\/09\/Buy-Rocky-Mountain-Blueberry-Strain-Online.jpg","contentUrl":"https:\/\/legitgrams.com\/wp-content\/uploads\/2024\/09\/Buy-Rocky-Mountain-Blueberry-Strain-Online.jpg","width":600,"height":600,"caption":"Rocky Mountain Blueberry Strain for Sale"},{"@type":"BreadcrumbList","@id":"https:\/\/legitgrams.com\/product\/rocky-mountain-blueberry-strain\/#breadcrumb","itemListElement":[{"@type":"ListItem","position":1,"name":"Home","item":"https:\/\/legitgrams.com\/"},{"@type":"ListItem","position":2,"name":"Shop","item":"https:\/\/legitgrams.com\/shop\/"},{"@type":"ListItem","position":3,"name":"Rocky Mountain Blueberry Strain"}]},{"@type":"WebSite","@id":"https:\/\/legitgrams.com\/#website","url":"https:\/\/legitgrams.com\/","name":"Leg\u00e1ln\u00ed gramy","description":"M\u016fj blog WordPress","publisher":{"@id":"https:\/\/legitgrams.com\/#organization"},"potentialAction":[{"@type":"SearchAction","target":{"@type":"EntryPoint","urlTemplate":"https:\/\/legitgrams.com\/?s={search_term_string}"},"query-input":{"@type":"PropertyValueSpecification","valueRequired":true,"valueName":"search_term_string"}}],"inLanguage":"cs"},{"@type":"Organization","@id":"https:\/\/legitgrams.com\/#organization","name":"Leg\u00e1ln\u00ed gramy","url":"https:\/\/legitgrams.com\/","logo":{"@type":"ImageObject","inLanguage":"cs","@id":"https:\/\/legitgrams.com\/#\/schema\/logo\/image\/","url":"https:\/\/legitgrams.com\/wp-content\/uploads\/2024\/09\/main-logo.png","contentUrl":"https:\/\/legitgrams.com\/wp-content\/uploads\/2024\/09\/main-logo.png","width":270,"height":75,"caption":"Legit Grams"},"image":{"@id":"https:\/\/legitgrams.com\/#\/schema\/logo\/image\/"}}]}},"uagb_featured_image_src":{"full":["https:\/\/legitgrams.com\/wp-content\/uploads\/2024\/09\/Buy-Rocky-Mountain-Blueberry-Strain-Online.jpg",600,600,false],"thumbnail":["https:\/\/legitgrams.com\/wp-content\/uploads\/2024\/09\/Buy-Rocky-Mountain-Blueberry-Strain-Online-150x150.jpg",150,150,true],"medium":["https:\/\/legitgrams.com\/wp-content\/uploads\/2024\/09\/Buy-Rocky-Mountain-Blueberry-Strain-Online-300x300.jpg",300,300,true],"medium_large":["https:\/\/legitgrams.com\/wp-content\/uploads\/2024\/09\/Buy-Rocky-Mountain-Blueberry-Strain-Online.jpg",600,600,false],"large":["https:\/\/legitgrams.com\/wp-content\/uploads\/2024\/09\/Buy-Rocky-Mountain-Blueberry-Strain-Online.jpg",600,600,false],"1536x1536":["https:\/\/legitgrams.com\/wp-content\/uploads\/2024\/09\/Buy-Rocky-Mountain-Blueberry-Strain-Online.jpg",600,600,false],"2048x2048":["https:\/\/legitgrams.com\/wp-content\/uploads\/2024\/09\/Buy-Rocky-Mountain-Blueberry-Strain-Online.jpg",600,600,false],"trp-custom-language-flag":["https:\/\/legitgrams.com\/wp-content\/uploads\/2024\/09\/Buy-Rocky-Mountain-Blueberry-Strain-Online-12x12.jpg",12,12,true],"woocommerce_thumbnail":["https:\/\/legitgrams.com\/wp-content\/uploads\/2024\/09\/Buy-Rocky-Mountain-Blueberry-Strain-Online-300x300.jpg",300,300,true],"woocommerce_single":["https:\/\/legitgrams.com\/wp-content\/uploads\/2024\/09\/Buy-Rocky-Mountain-Blueberry-Strain-Online.jpg",600,600,false],"woocommerce_gallery_thumbnail":["https:\/\/legitgrams.com\/wp-content\/uploads\/2024\/09\/Buy-Rocky-Mountain-Blueberry-Strain-Online-100x100.jpg",100,100,true]},"uagb_author_info":{"display_name":"cokeblog18","author_link":"https:\/\/legitgrams.com\/cs\/author\/"},"uagb_comment_info":0,"uagb_excerpt":"Purchase Rocky Mountain Blueberry Strain Online A limited variety from The Farm in Colorado, Rocky Mountain Blueberry is well called for the area in which she was grown. Recognized for cultivating top-notch buds, the team there bred Blueberry and Shishkaberry to create an indica-dominant strain with balanced effects and remarkable flavors. Blueberries from Rocky Mountain&hellip;","_links":{"self":[{"href":"https:\/\/legitgrams.com\/cs\/wp-json\/wp\/v2\/product\/3809","targetHints":{"allow":["GET"]}}],"collection":[{"href":"https:\/\/legitgrams.com\/cs\/wp-json\/wp\/v2\/product"}],"about":[{"href":"https:\/\/legitgrams.com\/cs\/wp-json\/wp\/v2\/types\/product"}],"replies":[{"embeddable":true,"href":"https:\/\/legitgrams.com\/cs\/wp-json\/wp\/v2\/comments?post=3809"}],"wp:featuredmedia":[{"embeddable":true,"href":"https:\/\/legitgrams.com\/cs\/wp-json\/wp\/v2\/media\/5420"}],"wp:attachment":[{"href":"https:\/\/legitgrams.com\/cs\/wp-json\/wp\/v2\/media?parent=3809"}],"wp:term":[{"taxonomy":"product_brand","embeddable":true,"href":"https:\/\/legitgrams.com\/cs\/wp-json\/wp\/v2\/product_brand?post=3809"},{"taxonomy":"product_cat","embeddable":true,"href":"https:\/\/legitgrams.com\/cs\/wp-json\/wp\/v2\/product_cat?post=3809"},{"taxonomy":"product_tag","embeddable":true,"href":"https:\/\/legitgrams.com\/cs\/wp-json\/wp\/v2\/product_tag?post=3809"}],"curies":[{"name":"wp","href":"https:\/\/api.w.org\/{rel}","templated":true}]}}