{"id":3812,"date":"2024-09-20T05:45:22","date_gmt":"2024-09-20T05:45:22","guid":{"rendered":"https:\/\/legitgrams.com\/?post_type=product&#038;p=3812"},"modified":"2025-01-15T05:43:47","modified_gmt":"2025-01-15T05:43:47","slug":"super-kysely-skunk-marihuana","status":"publish","type":"product","link":"https:\/\/legitgrams.com\/cs\/produkt\/super-kysely-skunk-marihuana\/","title":{"rendered":"Super Sour Skunk Marihuana"},"content":{"rendered":"<h2 class=\"product_title entry-title wd-entities-title\"><strong>Kupte si marihuanu Super Sour Skunk online<\/strong><\/h2>\n<p><a href=\"https:\/\/legitgrams.com\/cs\/produkt\/super-kysely-skunk-marihuana\/\">Super Sour Skunk konop\u00ed<\/a> je hybridem zn\u00e1m\u00fdch kmen\u016f East Coast Sour Diesel a Super Skunk. Hodn\u011b se diskutuje o p\u0159esn\u00e9m pom\u011bru indica k sativ\u011b. Je dob\u0159e zn\u00e1mo, \u017ee Super Sour Skunks maj\u00ed \u010dasto koncentrace THC mezi 10 % a 15 % spektra.<\/p>\n<p>N\u011bkdy jsou tyto plevele ozna\u010deny jako v\u011bt\u0161\u00ed. Nejzn\u00e1m\u011bj\u0161\u00edm rysem tohoto zit je jeho aroma, kter\u00e9 je pova\u017eov\u00e1no za ide\u00e1ln\u00ed sm\u011bs dvou mate\u0159sk\u00fdch v\u016fn\u00ed: zemit\u00fd skunkov\u00fd buket kombinovan\u00fd se silnou v\u016fn\u00ed citronu Diesel, kter\u00e1 se line, kdy\u017e zit kou\u0159\u00ed. Chu\u0165 je trochu zvl\u00e1\u0161tn\u00ed, s t\u00e9m\u011b\u0159 \u0161tiplav\u00fdm zemit\u00fdm citronov\u00fdm aroma a dochut\u00ed p\u0159ipom\u00ednaj\u00edc\u00ed skunkovou naftu, kter\u00e1 zpo\u010d\u00e1tku pom\u00e1h\u00e1 zjemnit hrudku citronu. Tyto pupeny pokr\u00fdvaj\u00ed hust\u00e9 hrudky a kousky jako olivov\u011b zelen\u00fd popcorn s chloupky a temn\u011b fialov\u00fdmi podt\u00f3ny, spolu s tenkou vrstvou krystalick\u00fdch b\u00edl\u00fdch trichom\u016f a lepkavou lahodnou prysky\u0159ic\u00ed. Ide\u00e1ln\u00ed kombinace mate\u0159sk\u00e9ho kmene, Super Sour Skunk High, vytv\u00e1\u0159\u00ed kr\u00e1tkodob\u00fd euforick\u00fd \u00fa\u010dinek, kter\u00fd je dob\u0159e zm\u00edrn\u011bn celkovou t\u011blesnou a du\u0161evn\u00ed relaxac\u00ed. <a href=\"https:\/\/legitgrams.com\/cs\/\">LegitGrams<\/a><\/p>\n<p>N\u00e1kup <a href=\"https:\/\/en.wikipedia.org\/wiki\/Skunk_weed\">Super Sour Skunk Marihuana<\/a> online \u2013 n\u00e1kup skunkov\u00e9 marihuany, n\u00e1kup super kysel\u00e9 skunkov\u00e9 marihuany, n\u00e1kup super kysel\u00e9 skunkov\u00e9 marihuany online, kde koupit super kyselou skunk marihuanu, super kyselou skunk marihuanu na prodej, kyselou skunk marihuanu na prodej, n\u00e1kup super kysel\u00e9 skunk marihuany online, dodavatel\u00e9, bezpe\u010dn\u00e9 Dod\u00e1vka, Super Sour Skunk Marihuana je st\u00e1le k dispozici. M\u016f\u017eete zjistit, zda je to leg\u00e1ln\u00ed v Kanad\u011b, kde to z\u00edskat, jak si to objednat a zda je to leg\u00e1ln\u00ed ve Spojen\u00fdch st\u00e1tech.<\/p>","protected":false},"excerpt":{"rendered":"<p>Purchase Super Sour Skunk Marijuana online Super Sour Skunk cannabis is a hybrid of the well-known East Coast Sour Diesel and Super Skunk strains. There has been much discussion on the precise ratio of indica to sativa. It is well known that Super Sour Skunks often have THC concentrations between 10% and 15% of the &hellip;<\/p>\n<p class=\"read-more\"> <a class=\"\" href=\"https:\/\/legitgrams.com\/cs\/produkt\/super-kysely-skunk-marihuana\/\"> <span class=\"screen-reader-text\">Super Sour Skunk Marihuana<\/span> \u010c\u00edst d\u00e1l \"<\/a><\/p>","protected":false},"featured_media":5427,"comment_status":"open","ping_status":"closed","template":"","meta":{"_uag_custom_page_level_css":"","site-sidebar-layout":"default","site-content-layout":"default","ast-global-header-display":"","ast-main-header-display":"","ast-hfb-above-header-display":"","ast-hfb-below-header-display":"","ast-hfb-mobile-header-display":"","site-post-title":"","ast-breadcrumbs-content":"","ast-featured-img":"","footer-sml-layout":"","theme-transparent-header-meta":"default","adv-header-id-meta":"","stick-header-meta":"default","header-above-stick-meta":"","header-main-stick-meta":"","header-below-stick-meta":"","_joinchat":[]},"product_brand":[],"product_cat":[607],"product_tag":[5131,5121,617,5113,5128,5125,5120,5118,5130,5127,5112,5115,5123,5114,5124,5126,5116,5133,5134,5132,5129,625,5119,5122,5117],"class_list":{"0":"post-3812","1":"product","2":"type-product","3":"status-publish","4":"has-post-thumbnail","6":"product_cat-marijuana-cannabis","7":"product_tag-best-cheap-price-super-sour-skunk-marijuana","8":"product_tag-best-place-to-buy-super-sour-skunk-marijuana","9":"product_tag-bulk-online","10":"product_tag-buy-super-sour-skunk-marijuana","11":"product_tag-cheap-super-sour-skunk-marijuana","12":"product_tag-high-quality-super-sour-skunk-marijuana","13":"product_tag-how-to-buy-super-sour-skunk-marijuana","14":"product_tag-order-super-sour-skunk-marijuana","15":"product_tag-purcharse-super-sour-skunk-marijuana","16":"product_tag-shop-super-sour-skunk-marijuana","17":"product_tag-super-sour-skunk-marijuana","18":"product_tag-super-sour-skunk-marijuana-for-sale","19":"product_tag-super-sour-skunk-marijuana-legally","20":"product_tag-super-sour-skunk-marijuana-online","21":"product_tag-super-sour-skunk-marijuana-price","22":"product_tag-super-sour-skunk-marijuana-store","23":"product_tag-super-sour-skunk-marijuana-super-sour-skunk-marijuana-supplier","24":"product_tag-super-sour-skunk-marijuana-use","25":"product_tag-super-sour-skunk-marijuana-wiki","26":"product_tag-super-sour-skunk-marijuana-worldwide","27":"product_tag-super-sour-skunk-marijuanas","28":"product_tag-top-quality","29":"product_tag-where-to-buy-super-sour-skunk-marijuana","30":"product_tag-where-to-order-super-sour-skunk-marijuana","31":"product_tag-wholesale-super-sour-skunk-marijuana","32":"desktop-align-left","33":"tablet-align-left","34":"mobile-align-left","35":"ast-product-gallery-layout-horizontal","36":"ast-product-gallery-with-no-image","37":"ast-product-single-variable","38":"ast-product-tabs-layout-horizontal","39":"ast-qv-on-image","41":"first","42":"instock","43":"shipping-taxable","44":"purchasable","45":"product-type-variable"},"yoast_head":"<!-- This site is optimized with the Yoast SEO plugin v25.9 - https:\/\/yoast.com\/wordpress\/plugins\/seo\/ -->\n<title>Super Sour Skunk Marijuana for Sale at affordable price | LG<\/title>\n<meta name=\"description\" content=\"If you want to buy super sour skunk marijuana online and looking for a reliable online shop, then buy here. We offer only high-quality super sour skunk marijuana for sale at an affordable price. Order super sour skunk marijuana Now!\" \/>\n<meta name=\"robots\" content=\"index, follow, max-snippet:-1, max-image-preview:large, max-video-preview:-1\" \/>\n<link rel=\"canonical\" href=\"https:\/\/legitgrams.com\/cs\/produkt\/super-kysely-skunk-marihuana\/\" \/>\n<meta property=\"og:locale\" content=\"cs_CZ\" \/>\n<meta property=\"og:type\" content=\"article\" \/>\n<meta property=\"og:title\" content=\"Super Sour Skunk Marijuana for Sale at affordable price | LG\" \/>\n<meta property=\"og:description\" content=\"If you want to buy super sour skunk marijuana online and looking for a reliable online shop, then buy here. We offer only high-quality super sour skunk marijuana for sale at an affordable price. Order super sour skunk marijuana Now!\" \/>\n<meta property=\"og:url\" content=\"https:\/\/legitgrams.com\/cs\/produkt\/super-kysely-skunk-marihuana\/\" \/>\n<meta property=\"og:site_name\" content=\"Legit Grams\" \/>\n<meta property=\"article:modified_time\" content=\"2025-01-15T05:43:47+00:00\" \/>\n<meta property=\"og:image\" content=\"https:\/\/legitgrams.com\/wp-content\/uploads\/2024\/09\/Buy-Super-Sour-Skunk-Marijuana-online.jpg\" \/>\n\t<meta property=\"og:image:width\" content=\"600\" \/>\n\t<meta property=\"og:image:height\" content=\"600\" \/>\n\t<meta property=\"og:image:type\" content=\"image\/jpeg\" \/>\n<meta name=\"twitter:card\" content=\"summary_large_image\" \/>\n<meta name=\"twitter:label1\" content=\"Odhadovan\u00e1 doba \u010dten\u00ed\" \/>\n\t<meta name=\"twitter:data1\" content=\"2 minuty\" \/>\n<script type=\"application\/ld+json\" class=\"yoast-schema-graph\">{\"@context\":\"https:\/\/schema.org\",\"@graph\":[{\"@type\":\"WebPage\",\"@id\":\"https:\/\/legitgrams.com\/product\/super-sour-skunk-marijuana\/\",\"url\":\"https:\/\/legitgrams.com\/product\/super-sour-skunk-marijuana\/\",\"name\":\"Super Sour Skunk Marijuana for Sale at affordable price | LG\",\"isPartOf\":{\"@id\":\"https:\/\/legitgrams.com\/#website\"},\"primaryImageOfPage\":{\"@id\":\"https:\/\/legitgrams.com\/product\/super-sour-skunk-marijuana\/#primaryimage\"},\"image\":{\"@id\":\"https:\/\/legitgrams.com\/product\/super-sour-skunk-marijuana\/#primaryimage\"},\"thumbnailUrl\":\"https:\/\/legitgrams.com\/wp-content\/uploads\/2024\/09\/Buy-Super-Sour-Skunk-Marijuana-online.jpg\",\"datePublished\":\"2024-09-20T05:45:22+00:00\",\"dateModified\":\"2025-01-15T05:43:47+00:00\",\"description\":\"If you want to buy super sour skunk marijuana online and looking for a reliable online shop, then buy here. We offer only high-quality super sour skunk marijuana for sale at an affordable price. Order super sour skunk marijuana Now!\",\"breadcrumb\":{\"@id\":\"https:\/\/legitgrams.com\/product\/super-sour-skunk-marijuana\/#breadcrumb\"},\"inLanguage\":\"cs\",\"potentialAction\":[{\"@type\":\"ReadAction\",\"target\":[\"https:\/\/legitgrams.com\/product\/super-sour-skunk-marijuana\/\"]}]},{\"@type\":\"ImageObject\",\"inLanguage\":\"cs\",\"@id\":\"https:\/\/legitgrams.com\/product\/super-sour-skunk-marijuana\/#primaryimage\",\"url\":\"https:\/\/legitgrams.com\/wp-content\/uploads\/2024\/09\/Buy-Super-Sour-Skunk-Marijuana-online.jpg\",\"contentUrl\":\"https:\/\/legitgrams.com\/wp-content\/uploads\/2024\/09\/Buy-Super-Sour-Skunk-Marijuana-online.jpg\",\"width\":600,\"height\":600,\"caption\":\"Super Sour Skunk Marijuana for Sale\"},{\"@type\":\"BreadcrumbList\",\"@id\":\"https:\/\/legitgrams.com\/product\/super-sour-skunk-marijuana\/#breadcrumb\",\"itemListElement\":[{\"@type\":\"ListItem\",\"position\":1,\"name\":\"Home\",\"item\":\"https:\/\/legitgrams.com\/\"},{\"@type\":\"ListItem\",\"position\":2,\"name\":\"Shop\",\"item\":\"https:\/\/legitgrams.com\/shop\/\"},{\"@type\":\"ListItem\",\"position\":3,\"name\":\"Super Sour Skunk Marijuana\"}]},{\"@type\":\"WebSite\",\"@id\":\"https:\/\/legitgrams.com\/#website\",\"url\":\"https:\/\/legitgrams.com\/\",\"name\":\"Legit Grams\",\"description\":\"My WordPress Blog\",\"publisher\":{\"@id\":\"https:\/\/legitgrams.com\/#organization\"},\"potentialAction\":[{\"@type\":\"SearchAction\",\"target\":{\"@type\":\"EntryPoint\",\"urlTemplate\":\"https:\/\/legitgrams.com\/?s={search_term_string}\"},\"query-input\":{\"@type\":\"PropertyValueSpecification\",\"valueRequired\":true,\"valueName\":\"search_term_string\"}}],\"inLanguage\":\"cs\"},{\"@type\":\"Organization\",\"@id\":\"https:\/\/legitgrams.com\/#organization\",\"name\":\"Legit Grams\",\"url\":\"https:\/\/legitgrams.com\/\",\"logo\":{\"@type\":\"ImageObject\",\"inLanguage\":\"cs\",\"@id\":\"https:\/\/legitgrams.com\/#\/schema\/logo\/image\/\",\"url\":\"https:\/\/legitgrams.com\/wp-content\/uploads\/2024\/09\/main-logo.png\",\"contentUrl\":\"https:\/\/legitgrams.com\/wp-content\/uploads\/2024\/09\/main-logo.png\",\"width\":270,\"height\":75,\"caption\":\"Legit Grams\"},\"image\":{\"@id\":\"https:\/\/legitgrams.com\/#\/schema\/logo\/image\/\"}}]}<\/script>\n<!-- \/ Yoast SEO plugin. -->","yoast_head_json":{"title":"Super Sour Skunk Marihuana na prodej za p\u0159ijatelnou cenu | LG","description":"Pokud si chcete koupit super kyselou skunk marihuanu online a hled\u00e1te spolehliv\u00fd internetov\u00fd obchod, pak nakupujte zde. Nab\u00edz\u00edme k prodeji pouze vysoce kvalitn\u00ed marihuanu super sour skunk za p\u0159ijatelnou cenu. Objednejte si super sour skunk marihuanu hned te\u010f!","robots":{"index":"index","follow":"follow","max-snippet":"max-snippet:-1","max-image-preview":"max-image-preview:large","max-video-preview":"max-video-preview:-1"},"canonical":"https:\/\/legitgrams.com\/cs\/produkt\/super-kysely-skunk-marihuana\/","og_locale":"cs_CZ","og_type":"article","og_title":"Super Sour Skunk Marijuana for Sale at affordable price | LG","og_description":"If you want to buy super sour skunk marijuana online and looking for a reliable online shop, then buy here. We offer only high-quality super sour skunk marijuana for sale at an affordable price. Order super sour skunk marijuana Now!","og_url":"https:\/\/legitgrams.com\/cs\/produkt\/super-kysely-skunk-marihuana\/","og_site_name":"Legit Grams","article_modified_time":"2025-01-15T05:43:47+00:00","og_image":[{"width":600,"height":600,"url":"https:\/\/legitgrams.com\/wp-content\/uploads\/2024\/09\/Buy-Super-Sour-Skunk-Marijuana-online.jpg","type":"image\/jpeg"}],"twitter_card":"summary_large_image","twitter_misc":{"Odhadovan\u00e1 doba \u010dten\u00ed":"2 minuty"},"schema":{"@context":"https:\/\/schema.org","@graph":[{"@type":"WebPage","@id":"https:\/\/legitgrams.com\/product\/super-sour-skunk-marijuana\/","url":"https:\/\/legitgrams.com\/product\/super-sour-skunk-marijuana\/","name":"Super Sour Skunk Marihuana na prodej za p\u0159ijatelnou cenu | LG","isPartOf":{"@id":"https:\/\/legitgrams.com\/#website"},"primaryImageOfPage":{"@id":"https:\/\/legitgrams.com\/product\/super-sour-skunk-marijuana\/#primaryimage"},"image":{"@id":"https:\/\/legitgrams.com\/product\/super-sour-skunk-marijuana\/#primaryimage"},"thumbnailUrl":"https:\/\/legitgrams.com\/wp-content\/uploads\/2024\/09\/Buy-Super-Sour-Skunk-Marijuana-online.jpg","datePublished":"2024-09-20T05:45:22+00:00","dateModified":"2025-01-15T05:43:47+00:00","description":"Pokud si chcete koupit super kyselou skunk marihuanu online a hled\u00e1te spolehliv\u00fd internetov\u00fd obchod, pak nakupujte zde. Nab\u00edz\u00edme k prodeji pouze vysoce kvalitn\u00ed marihuanu super sour skunk za p\u0159ijatelnou cenu. Objednejte si super sour skunk marihuanu hned te\u010f!","breadcrumb":{"@id":"https:\/\/legitgrams.com\/product\/super-sour-skunk-marijuana\/#breadcrumb"},"inLanguage":"cs","potentialAction":[{"@type":"ReadAction","target":["https:\/\/legitgrams.com\/product\/super-sour-skunk-marijuana\/"]}]},{"@type":"ImageObject","inLanguage":"cs","@id":"https:\/\/legitgrams.com\/product\/super-sour-skunk-marijuana\/#primaryimage","url":"https:\/\/legitgrams.com\/wp-content\/uploads\/2024\/09\/Buy-Super-Sour-Skunk-Marijuana-online.jpg","contentUrl":"https:\/\/legitgrams.com\/wp-content\/uploads\/2024\/09\/Buy-Super-Sour-Skunk-Marijuana-online.jpg","width":600,"height":600,"caption":"Super Sour Skunk Marijuana for Sale"},{"@type":"BreadcrumbList","@id":"https:\/\/legitgrams.com\/product\/super-sour-skunk-marijuana\/#breadcrumb","itemListElement":[{"@type":"ListItem","position":1,"name":"Home","item":"https:\/\/legitgrams.com\/"},{"@type":"ListItem","position":2,"name":"Shop","item":"https:\/\/legitgrams.com\/shop\/"},{"@type":"ListItem","position":3,"name":"Super Sour Skunk Marijuana"}]},{"@type":"WebSite","@id":"https:\/\/legitgrams.com\/#website","url":"https:\/\/legitgrams.com\/","name":"Leg\u00e1ln\u00ed gramy","description":"M\u016fj blog WordPress","publisher":{"@id":"https:\/\/legitgrams.com\/#organization"},"potentialAction":[{"@type":"SearchAction","target":{"@type":"EntryPoint","urlTemplate":"https:\/\/legitgrams.com\/?s={search_term_string}"},"query-input":{"@type":"PropertyValueSpecification","valueRequired":true,"valueName":"search_term_string"}}],"inLanguage":"cs"},{"@type":"Organization","@id":"https:\/\/legitgrams.com\/#organization","name":"Leg\u00e1ln\u00ed gramy","url":"https:\/\/legitgrams.com\/","logo":{"@type":"ImageObject","inLanguage":"cs","@id":"https:\/\/legitgrams.com\/#\/schema\/logo\/image\/","url":"https:\/\/legitgrams.com\/wp-content\/uploads\/2024\/09\/main-logo.png","contentUrl":"https:\/\/legitgrams.com\/wp-content\/uploads\/2024\/09\/main-logo.png","width":270,"height":75,"caption":"Legit Grams"},"image":{"@id":"https:\/\/legitgrams.com\/#\/schema\/logo\/image\/"}}]}},"uagb_featured_image_src":{"full":["https:\/\/legitgrams.com\/wp-content\/uploads\/2024\/09\/Buy-Super-Sour-Skunk-Marijuana-online.jpg",600,600,false],"thumbnail":["https:\/\/legitgrams.com\/wp-content\/uploads\/2024\/09\/Buy-Super-Sour-Skunk-Marijuana-online-150x150.jpg",150,150,true],"medium":["https:\/\/legitgrams.com\/wp-content\/uploads\/2024\/09\/Buy-Super-Sour-Skunk-Marijuana-online-300x300.jpg",300,300,true],"medium_large":["https:\/\/legitgrams.com\/wp-content\/uploads\/2024\/09\/Buy-Super-Sour-Skunk-Marijuana-online.jpg",600,600,false],"large":["https:\/\/legitgrams.com\/wp-content\/uploads\/2024\/09\/Buy-Super-Sour-Skunk-Marijuana-online.jpg",600,600,false],"1536x1536":["https:\/\/legitgrams.com\/wp-content\/uploads\/2024\/09\/Buy-Super-Sour-Skunk-Marijuana-online.jpg",600,600,false],"2048x2048":["https:\/\/legitgrams.com\/wp-content\/uploads\/2024\/09\/Buy-Super-Sour-Skunk-Marijuana-online.jpg",600,600,false],"trp-custom-language-flag":["https:\/\/legitgrams.com\/wp-content\/uploads\/2024\/09\/Buy-Super-Sour-Skunk-Marijuana-online-12x12.jpg",12,12,true],"woocommerce_thumbnail":["https:\/\/legitgrams.com\/wp-content\/uploads\/2024\/09\/Buy-Super-Sour-Skunk-Marijuana-online-300x300.jpg",300,300,true],"woocommerce_single":["https:\/\/legitgrams.com\/wp-content\/uploads\/2024\/09\/Buy-Super-Sour-Skunk-Marijuana-online.jpg",600,600,false],"woocommerce_gallery_thumbnail":["https:\/\/legitgrams.com\/wp-content\/uploads\/2024\/09\/Buy-Super-Sour-Skunk-Marijuana-online-100x100.jpg",100,100,true]},"uagb_author_info":{"display_name":"cokeblog18","author_link":"https:\/\/legitgrams.com\/cs\/author\/"},"uagb_comment_info":0,"uagb_excerpt":"Purchase Super Sour Skunk Marijuana online Super Sour Skunk cannabis is a hybrid of the well-known East Coast Sour Diesel and Super Skunk strains. There has been much discussion on the precise ratio of indica to sativa. It is well known that Super Sour Skunks often have THC concentrations between 10% and 15% of the&hellip;","_links":{"self":[{"href":"https:\/\/legitgrams.com\/cs\/wp-json\/wp\/v2\/product\/3812","targetHints":{"allow":["GET"]}}],"collection":[{"href":"https:\/\/legitgrams.com\/cs\/wp-json\/wp\/v2\/product"}],"about":[{"href":"https:\/\/legitgrams.com\/cs\/wp-json\/wp\/v2\/types\/product"}],"replies":[{"embeddable":true,"href":"https:\/\/legitgrams.com\/cs\/wp-json\/wp\/v2\/comments?post=3812"}],"wp:featuredmedia":[{"embeddable":true,"href":"https:\/\/legitgrams.com\/cs\/wp-json\/wp\/v2\/media\/5427"}],"wp:attachment":[{"href":"https:\/\/legitgrams.com\/cs\/wp-json\/wp\/v2\/media?parent=3812"}],"wp:term":[{"taxonomy":"product_brand","embeddable":true,"href":"https:\/\/legitgrams.com\/cs\/wp-json\/wp\/v2\/product_brand?post=3812"},{"taxonomy":"product_cat","embeddable":true,"href":"https:\/\/legitgrams.com\/cs\/wp-json\/wp\/v2\/product_cat?post=3812"},{"taxonomy":"product_tag","embeddable":true,"href":"https:\/\/legitgrams.com\/cs\/wp-json\/wp\/v2\/product_tag?post=3812"}],"curies":[{"name":"wp","href":"https:\/\/api.w.org\/{rel}","templated":true}]}}