{"id":3819,"date":"2024-09-20T06:04:44","date_gmt":"2024-09-20T06:04:44","guid":{"rendered":"https:\/\/legitgrams.com\/?post_type=product&#038;p=3819"},"modified":"2025-03-07T04:40:48","modified_gmt":"2025-03-07T04:40:48","slug":"marihuanovy-kmen-gorilla-biscuit","status":"publish","type":"product","link":"https:\/\/legitgrams.com\/cs\/produkt\/marihuanovy-kmen-gorilla-biscuit\/","title":{"rendered":"Koupit Gorilla Biscuit Marihuana kmen online"},"content":{"rendered":"<h2>Koupit Gorilla Biscuit Marihuana kmen online<\/h2>\n<p><a href=\"https:\/\/www.bing.com\/search?q=Buy%20Gorilla%20Biscuit%20Marijuana%20Strain%20Online&amp;qs=n&amp;form=QBRE&amp;sp=-1&amp;lq=0&amp;pq=buy%20gorilla%20biscuit%20marijuana%20strain%20online&amp;sc=0-43&amp;sk=&amp;cvid=62714AE386A64CE2A4975889B677C2C8&amp;ghsh=0&amp;ghacc=0&amp;ghpl=\">Konopn\u00e1 su\u0161enka Gorilla<\/a> Cannabis Gorilla Biscuit je indika. 60% Indica \/ 40% Hybridn\u00ed dominantn\u00ed kmen THC v sativ\u011b: 15%-20%<\/p>\n<h3>Efekty:<\/h3>\n<p>vzru\u0161en\u00ed, euforie, hlad, uvoln\u011bn\u00ed a ospalost<\/p>\n<p>Mo\u017en\u00e1 \u00faleva od nechutenstv\u00ed, k\u0159e\u010d\u00ed, deprese, nespavosti a stresu Chu\u0165<br \/>\nv\u016fn\u011b k\u00e1vy, citronu a borovice<br \/>\nzemit\u00e1, ostr\u00e1, ko\u0159en\u011bn\u00e1 k\u00e1va<\/p>\n<p>Terpent\u00fdnov\u00fd fenotyp <a href=\"https:\/\/legitgrams.com\/cs\/produkt\/marihuanovy-kmen-gorilla-biscuit\/\">Gorila su\u0161enka<\/a>\u00a0 Sensi Star a Stardawg IX byly zk\u0159\u00ed\u017eeny, aby vznikl kmen s dominantn\u00edm indikou ze Seeds of Compassion. Droga metakvalon, b\u011b\u017en\u011b ozna\u010dovan\u00e1 jako quaaludes, m\u00e1 na t\u011blo uvol\u0148uj\u00edc\u00ed a zvl\u00e1\u0161tn\u00ed \u00fa\u010dinek, proto tato zvl\u00e1\u0161tn\u00ed a sp\u00ed\u0161e retro sm\u011bs dostala sv\u016fj n\u00e1zev. Jeho obsah prob\u00edh\u00e1 stejn\u011b uklid\u0148uj\u00edc\u00edm zp\u016fsobem, nech\u00e1v\u00e1 p\u0159\u00edv\u011bsky \u0161irok\u00e9 a voln\u00e9. Gorilla Biscuit m\u00e1 siln\u00fd terpenov\u00fd profil s bohatou v\u016fn\u00ed k\u00e1vov\u00fdch zrn a borovicov\u00e9ho soli. <a href=\"https:\/\/www.bing.com\/search?q=Buy%20Gorilla%20Biscuit%20Marijuana%20Strain%20Online&amp;qs=n&amp;form=QBRE&amp;sp=-1&amp;lq=0&amp;pq=buy%20gorilla%20biscuit%20marijuana%20strain%20online&amp;sc=0-43&amp;sk=&amp;cvid=62714AE386A64CE2A4975889B677C2C8&amp;ghsh=0&amp;ghacc=0&amp;ghpl=\">Gorila su\u0161enka<\/a> m\u00e1 siln\u00fd terpenov\u00fd profil s bohatou v\u016fn\u00ed k\u00e1vov\u00fdch zrn a borovicov\u00e9ho soli.<\/p>\n<p>\u00da\u010dinky <a href=\"https:\/\/www.google.com\/search?q=Buy+Gorilla+Biscuit+Marijuana+Strain+Online&amp;num=10&amp;sca_esv=1a2a07081c7891bb&amp;rlz=1C1RXQR_enIN1098IN1098&amp;sxsrf=AHTn8zomW-uuMH0jJoOn4XBTLnRZ9mOEmA%3A1741320715540&amp;ei=C3LKZ5fRIK-tseMP0JKg4Ao&amp;ved=0ahUKEwjXgsKVjfeLAxWvVmwGHVAJCKwQ4dUDCBA&amp;uact=5&amp;oq=Buy+Gorilla+Biscuit+Marijuana+Strain+Online&amp;gs_lp=Egxnd3Mtd2l6LXNlcnAiK0J1eSBHb3JpbGxhIEJpc2N1aXQgTWFyaWp1YW5hIFN0cmFpbiBPbmxpbmUyBRAhGKABMgUQIRigATIFECEYoAFI4AhQrwVYrwVwAngAkAEAmAHJAaAByQGqAQMyLTG4AQPIAQD4AQL4AQGYAgGgAtoBmAMAiAYBkgcDMi0xoAfCAw&amp;sclient=gws-wiz-serp\">Gorila su\u0161enky kmen<\/a>, skute\u010dn\u00fd stoner kmen, trv\u00e1 d\u00e9le, ne\u017e za\u010dnete, ale vyroste do p\u0159etrv\u00e1vaj\u00edc\u00edho pocitu euforie. Va\u0161e t\u011blo a mysl budou z\u00e1vodit, jak se jej\u00ed v\u011bci naplno zmocn\u00ed, a mo\u017en\u00e1 zjist\u00edte, \u017ee va\u0161e p\u0159edstavy nejsou tak jasn\u00e9, jako byly jen p\u0159ed p\u00e1r hodinami. Nejpam\u00e1tn\u011bj\u0161\u00edm aspektem va\u0161eho setk\u00e1n\u00ed bude <a href=\"https:\/\/www.google.com\/search?q=Buy+Gorilla+Biscuit+Marijuana+Strain+Online&amp;num=10&amp;sca_esv=1a2a07081c7891bb&amp;rlz=1C1RXQR_enIN1098IN1098&amp;sxsrf=AHTn8zomW-uuMH0jJoOn4XBTLnRZ9mOEmA%3A1741320715540&amp;ei=C3LKZ5fRIK-tseMP0JKg4Ao&amp;ved=0ahUKEwjXgsKVjfeLAxWvVmwGHVAJCKwQ4dUDCBA&amp;uact=5&amp;oq=Buy+Gorilla+Biscuit+Marijuana+Strain+Online&amp;gs_lp=Egxnd3Mtd2l6LXNlcnAiK0J1eSBHb3JpbGxhIEJpc2N1aXQgTWFyaWp1YW5hIFN0cmFpbiBPbmxpbmUyBRAhGKABMgUQIRigATIFECEYoAFI4AhQrwVYrwVwAngAkAEAmAHJAaAByQGqAQMyLTG4AQPIAQD4AQL4AQGYAgGgAtoBmAMAiAYBkgcDMi0xoAfCAw&amp;sclient=gws-wiz-serp\">solidn\u00ed<\/a> \u00da\u010dinky Gorilla Biscuits Strain, prav\u00e9ho stoner kmene, trvaj\u00ed d\u00e9le, ne\u017e se spust\u00ed, ale postupn\u011b se rozvinou do p\u0159etrv\u00e1vaj\u00edc\u00edho pocitu euforie. Va\u0161e t\u011blo a mysl budou z\u00e1vodit, jak se jej\u00ed v\u011bci naplno zmocn\u00ed, a mo\u017en\u00e1 zjist\u00edte, \u017ee va\u0161e p\u0159edstavy nejsou tak jasn\u00e9, jako byly jen p\u0159ed p\u00e1r hodinami. Nejpam\u00e1tn\u011bj\u0161\u00edm aspektem va\u0161eho setk\u00e1n\u00ed bude solidn\u00ed dojem z\u00e1mku sedadel l\u00e1sky, d\u00edky kter\u00e9mu je n\u00e1ro\u010dn\u00e9 ukojit jakoukoli p\u0159etrv\u00e1vaj\u00edc\u00ed bolest z hladu. Doporu\u010dujeme tla\u010dit p\u0159edem s podlo\u017ekou, zameta\u010dem a dostatkem j\u00eddla v bl\u00edzkosti. L\u00e9k je n\u00e1zev tohoto jedine\u010dn\u00e9ho a trochu vintage mixu. Droga metakvalon, n\u011bkdy ozna\u010dovan\u00e1 jako quaaludes, m\u00e1 na t\u011blo zvl\u00e1\u0161tn\u00ed sedativn\u00ed \u00fa\u010dinek. Jeho informace pokra\u010duj\u00ed stejn\u00fdm uklid\u0148uj\u00edc\u00edm zp\u016fsobem, tak\u017ee p\u0159\u00edv\u011bsky jsou flexibiln\u00ed a podstatn\u00e9. Gorilla Biscuit m\u00e1 siln\u00fd terpenov\u00fd profil s bohatou v\u016fn\u00ed k\u00e1vov\u00fdch zrn a borovicov\u00e9ho soli. <a href=\"https:\/\/duckduckgo.com\/?q=Buy+Gorilla+Biscuit+Marijuana+Strain+Online&amp;t=h_&amp;ia=web\">profil<\/a> m\u00e1 siln\u00fd terpenov\u00fd profil s bohatou v\u016fn\u00ed k\u00e1vov\u00fdch zrn a borovicov\u00e9ho soli. <a href=\"https:\/\/legitgrams.com\/cs\/\">LegitGrams\u00a0<\/a><\/p>\n<p>Koupit <a href=\"https:\/\/en.wikipedia.org\/wiki\/Gorilla_Biscuits\">Gorila su\u0161enka<\/a> Konopn\u00fd kmen online: Koupit kmen konop\u00ed Gorilla Biscuit, Koupit Konop\u00ed Biscuit, Koupit Kmen konop\u00ed Gorilla Biscuit A. Kde koupit Kmen konop\u00ed Gorilla Biscuit: USA, Kanada, Velk\u00e1 Brit\u00e1nie, online, dodavatel\u00e9, zabezpe\u010den\u00e1 doprava, Kmen gorilla Biscuit Cannabis na prodej, Marihuana Kmen na prodej, online n\u00e1kup a online um\u00edst\u011bn\u00ed pro Gorilla Biscuit Cannabis Strain Gorilla Biscuit Marihuana Strain je st\u00e1le k dispozici a lid\u00e9 se st\u00e1le mohou pt\u00e1t na jej\u00ed leg\u00e1lnost v USA, jak si ji objednat a zda ji lze koupit online. <a href=\"https:\/\/duckduckgo.com\/?q=Buy+Gorilla+Biscuit+Marijuana+Strain+Online&amp;t=h_&amp;ia=web\">Gorilla su\u0161enka Cannabis kmen Gorilla<\/a> Biscuit Marihuana Strain je st\u00e1le k dispozici a lid\u00e9 se mohou st\u00e1le pt\u00e1t na jeho leg\u00e1lnost v USA, jak si ho objednat a zda je mo\u017en\u00e9 jej koupit online.<\/p>","protected":false},"excerpt":{"rendered":"<p>Buy Gorilla Biscuit Marijuana Strain Online Cannabis Gorilla Biscuit is an Indica. 60% Indica \/ 40% Hybrid dominating strain THC in sativa: 15%\u201320% Effects: Arousal, euphoria, hunger, relaxation, and drowsiness Potentially Alleviate Anorexia, Cramps, Depression, Sleeplessness, and Stress Tastes Aromas of coffee, lemon, and pine earthy, pungent, spicy coffee The Turpentine phenotype of Gorilla Biscuit\u00a0 &hellip;<\/p>\n<p class=\"read-more\"> <a class=\"\" href=\"https:\/\/legitgrams.com\/cs\/produkt\/marihuanovy-kmen-gorilla-biscuit\/\"> <span class=\"screen-reader-text\">Koupit Gorilla Biscuit Marihuana kmen online<\/span> \u010c\u00edst d\u00e1l \"<\/a><\/p>","protected":false},"featured_media":5425,"comment_status":"open","ping_status":"closed","template":"","meta":{"_uag_custom_page_level_css":"","site-sidebar-layout":"default","site-content-layout":"default","ast-global-header-display":"","ast-main-header-display":"","ast-hfb-above-header-display":"","ast-hfb-below-header-display":"","ast-hfb-mobile-header-display":"","site-post-title":"","ast-breadcrumbs-content":"","ast-featured-img":"","footer-sml-layout":"","theme-transparent-header-meta":"default","adv-header-id-meta":"","stick-header-meta":"default","header-above-stick-meta":"","header-main-stick-meta":"","header-below-stick-meta":"","_joinchat":[]},"product_brand":[],"product_cat":[607],"product_tag":[5016,5006,617,4998,5013,4997,5000,5001,5008,4999,5009,5011,5018,5019,5017,5014,5010,5005,5003,5015,5012,625,5004,5007,5002],"class_list":{"0":"post-3819","1":"product","2":"type-product","3":"status-publish","4":"has-post-thumbnail","6":"product_cat-marijuana-cannabis","7":"product_tag-best-cheap-price-gorilla-biscuit-marijuana-strain","8":"product_tag-best-place-to-buy-gorilla-biscuit-marijuana-strain","9":"product_tag-bulk-online","10":"product_tag-buy-gorilla-biscuit-marijuana-strain","11":"product_tag-cheap-gorilla-biscuit-marijuana-strain","12":"product_tag-gorilla-biscuit-marijuana-strain","13":"product_tag-gorilla-biscuit-marijuana-strain-for-sale","14":"product_tag-gorilla-biscuit-marijuana-strain-gorilla-biscuit-marijuana-strain-supplier","15":"product_tag-gorilla-biscuit-marijuana-strain-legally","16":"product_tag-gorilla-biscuit-marijuana-strain-online","17":"product_tag-gorilla-biscuit-marijuana-strain-price","18":"product_tag-gorilla-biscuit-marijuana-strain-store","19":"product_tag-gorilla-biscuit-marijuana-strain-use","20":"product_tag-gorilla-biscuit-marijuana-strain-wiki","21":"product_tag-gorilla-biscuit-marijuana-strain-worldwide","22":"product_tag-gorilla-biscuit-marijuana-strains","23":"product_tag-high-quality-gorilla-biscuit-marijuana-strain","24":"product_tag-how-to-buy-gorilla-biscuit-marijuana-strain","25":"product_tag-order-gorilla-biscuit-marijuana-strain","26":"product_tag-purcharse-gorilla-biscuit-marijuana-strain","27":"product_tag-shop-gorilla-biscuit-marijuana-strain","28":"product_tag-top-quality","29":"product_tag-where-to-buy-gorilla-biscuit-marijuana-strain","30":"product_tag-where-to-order-gorilla-biscuit-marijuana-strain","31":"product_tag-wholesale-gorilla-biscuit-marijuana-strain","32":"desktop-align-left","33":"tablet-align-left","34":"mobile-align-left","35":"ast-product-gallery-layout-horizontal","36":"ast-product-gallery-with-no-image","37":"ast-product-single-variable","38":"ast-product-tabs-layout-horizontal","39":"ast-qv-on-image","41":"first","42":"instock","43":"shipping-taxable","44":"purchasable","45":"product-type-variable"},"yoast_head":"<!-- This site is optimized with the Yoast SEO plugin v25.9 - https:\/\/yoast.com\/wordpress\/plugins\/seo\/ -->\n<title>Gorilla Biscuit for Sale - Buy Gorilla Biscuit Online at Low Price<\/title>\n<meta name=\"description\" content=\"Your order for Gorilla Biscuit for sale is our responsibility. We will take your order to buy Gorilla Biscuit into consideration and reach you in a short period. Place bulk orders now!\" \/>\n<meta name=\"robots\" content=\"index, follow, max-snippet:-1, max-image-preview:large, max-video-preview:-1\" \/>\n<link rel=\"canonical\" href=\"https:\/\/legitgrams.com\/cs\/produkt\/marihuanovy-kmen-gorilla-biscuit\/\" \/>\n<meta property=\"og:locale\" content=\"cs_CZ\" \/>\n<meta property=\"og:type\" content=\"article\" \/>\n<meta property=\"og:title\" content=\"Gorilla Biscuit for Sale - Buy Gorilla Biscuit Online at Low Price\" \/>\n<meta property=\"og:description\" content=\"Your order for Gorilla Biscuit for sale is our responsibility. We will take your order to buy Gorilla Biscuit into consideration and reach you in a short period. Place bulk orders now!\" \/>\n<meta property=\"og:url\" content=\"https:\/\/legitgrams.com\/cs\/produkt\/marihuanovy-kmen-gorilla-biscuit\/\" \/>\n<meta property=\"og:site_name\" content=\"Legit Grams\" \/>\n<meta property=\"article:modified_time\" content=\"2025-03-07T04:40:48+00:00\" \/>\n<meta property=\"og:image\" content=\"https:\/\/legitgrams.com\/wp-content\/uploads\/2024\/09\/Buy-Gorilla-Biscuit-Marijuana-Strain-Online.jpg\" \/>\n\t<meta property=\"og:image:width\" content=\"600\" \/>\n\t<meta property=\"og:image:height\" content=\"600\" \/>\n\t<meta property=\"og:image:type\" content=\"image\/jpeg\" \/>\n<meta name=\"twitter:card\" content=\"summary_large_image\" \/>\n<meta name=\"twitter:label1\" content=\"Odhadovan\u00e1 doba \u010dten\u00ed\" \/>\n\t<meta name=\"twitter:data1\" content=\"2 minuty\" \/>\n<script type=\"application\/ld+json\" class=\"yoast-schema-graph\">{\"@context\":\"https:\/\/schema.org\",\"@graph\":[{\"@type\":\"WebPage\",\"@id\":\"https:\/\/legitgrams.com\/product\/gorilla-biscuit-marijuana-strain\/\",\"url\":\"https:\/\/legitgrams.com\/product\/gorilla-biscuit-marijuana-strain\/\",\"name\":\"Gorilla Biscuit for Sale - Buy Gorilla Biscuit Online at Low Price\",\"isPartOf\":{\"@id\":\"https:\/\/legitgrams.com\/#website\"},\"primaryImageOfPage\":{\"@id\":\"https:\/\/legitgrams.com\/product\/gorilla-biscuit-marijuana-strain\/#primaryimage\"},\"image\":{\"@id\":\"https:\/\/legitgrams.com\/product\/gorilla-biscuit-marijuana-strain\/#primaryimage\"},\"thumbnailUrl\":\"https:\/\/legitgrams.com\/wp-content\/uploads\/2024\/09\/Buy-Gorilla-Biscuit-Marijuana-Strain-Online.jpg\",\"datePublished\":\"2024-09-20T06:04:44+00:00\",\"dateModified\":\"2025-03-07T04:40:48+00:00\",\"description\":\"Your order for Gorilla Biscuit for sale is our responsibility. We will take your order to buy Gorilla Biscuit into consideration and reach you in a short period. Place bulk orders now!\",\"breadcrumb\":{\"@id\":\"https:\/\/legitgrams.com\/product\/gorilla-biscuit-marijuana-strain\/#breadcrumb\"},\"inLanguage\":\"cs\",\"potentialAction\":[{\"@type\":\"ReadAction\",\"target\":[\"https:\/\/legitgrams.com\/product\/gorilla-biscuit-marijuana-strain\/\"]}]},{\"@type\":\"ImageObject\",\"inLanguage\":\"cs\",\"@id\":\"https:\/\/legitgrams.com\/product\/gorilla-biscuit-marijuana-strain\/#primaryimage\",\"url\":\"https:\/\/legitgrams.com\/wp-content\/uploads\/2024\/09\/Buy-Gorilla-Biscuit-Marijuana-Strain-Online.jpg\",\"contentUrl\":\"https:\/\/legitgrams.com\/wp-content\/uploads\/2024\/09\/Buy-Gorilla-Biscuit-Marijuana-Strain-Online.jpg\",\"width\":600,\"height\":600,\"caption\":\"Gorilla Biscuit for Sale\"},{\"@type\":\"BreadcrumbList\",\"@id\":\"https:\/\/legitgrams.com\/product\/gorilla-biscuit-marijuana-strain\/#breadcrumb\",\"itemListElement\":[{\"@type\":\"ListItem\",\"position\":1,\"name\":\"Home\",\"item\":\"https:\/\/legitgrams.com\/\"},{\"@type\":\"ListItem\",\"position\":2,\"name\":\"Shop\",\"item\":\"https:\/\/legitgrams.com\/shop\/\"},{\"@type\":\"ListItem\",\"position\":3,\"name\":\"Buy Gorilla Biscuit Marijuana Strain Online\"}]},{\"@type\":\"WebSite\",\"@id\":\"https:\/\/legitgrams.com\/#website\",\"url\":\"https:\/\/legitgrams.com\/\",\"name\":\"Legit Grams\",\"description\":\"My WordPress Blog\",\"publisher\":{\"@id\":\"https:\/\/legitgrams.com\/#organization\"},\"potentialAction\":[{\"@type\":\"SearchAction\",\"target\":{\"@type\":\"EntryPoint\",\"urlTemplate\":\"https:\/\/legitgrams.com\/?s={search_term_string}\"},\"query-input\":{\"@type\":\"PropertyValueSpecification\",\"valueRequired\":true,\"valueName\":\"search_term_string\"}}],\"inLanguage\":\"cs\"},{\"@type\":\"Organization\",\"@id\":\"https:\/\/legitgrams.com\/#organization\",\"name\":\"Legit Grams\",\"url\":\"https:\/\/legitgrams.com\/\",\"logo\":{\"@type\":\"ImageObject\",\"inLanguage\":\"cs\",\"@id\":\"https:\/\/legitgrams.com\/#\/schema\/logo\/image\/\",\"url\":\"https:\/\/legitgrams.com\/wp-content\/uploads\/2024\/09\/main-logo.png\",\"contentUrl\":\"https:\/\/legitgrams.com\/wp-content\/uploads\/2024\/09\/main-logo.png\",\"width\":270,\"height\":75,\"caption\":\"Legit Grams\"},\"image\":{\"@id\":\"https:\/\/legitgrams.com\/#\/schema\/logo\/image\/\"}}]}<\/script>\n<!-- \/ Yoast SEO plugin. -->","yoast_head_json":{"title":"Gorilla Biscuit na prodej \u2013 Kupte Gorilla Biscuit online za n\u00edzkou cenu","description":"Za va\u0161i objedn\u00e1vku su\u0161enek Gorilla Biscuit na prodej neseme odpov\u011bdnost. Va\u0161i objedn\u00e1vku na n\u00e1kup Gorilla Biscuit vezmeme v \u00favahu a v kr\u00e1tk\u00e9 dob\u011b se k v\u00e1m dostaneme. Objedn\u00e1vejte hromadn\u011b nyn\u00ed!","robots":{"index":"index","follow":"follow","max-snippet":"max-snippet:-1","max-image-preview":"max-image-preview:large","max-video-preview":"max-video-preview:-1"},"canonical":"https:\/\/legitgrams.com\/cs\/produkt\/marihuanovy-kmen-gorilla-biscuit\/","og_locale":"cs_CZ","og_type":"article","og_title":"Gorilla Biscuit for Sale - Buy Gorilla Biscuit Online at Low Price","og_description":"Your order for Gorilla Biscuit for sale is our responsibility. We will take your order to buy Gorilla Biscuit into consideration and reach you in a short period. Place bulk orders now!","og_url":"https:\/\/legitgrams.com\/cs\/produkt\/marihuanovy-kmen-gorilla-biscuit\/","og_site_name":"Legit Grams","article_modified_time":"2025-03-07T04:40:48+00:00","og_image":[{"width":600,"height":600,"url":"https:\/\/legitgrams.com\/wp-content\/uploads\/2024\/09\/Buy-Gorilla-Biscuit-Marijuana-Strain-Online.jpg","type":"image\/jpeg"}],"twitter_card":"summary_large_image","twitter_misc":{"Odhadovan\u00e1 doba \u010dten\u00ed":"2 minuty"},"schema":{"@context":"https:\/\/schema.org","@graph":[{"@type":"WebPage","@id":"https:\/\/legitgrams.com\/product\/gorilla-biscuit-marijuana-strain\/","url":"https:\/\/legitgrams.com\/product\/gorilla-biscuit-marijuana-strain\/","name":"Gorilla Biscuit na prodej \u2013 Kupte Gorilla Biscuit online za n\u00edzkou cenu","isPartOf":{"@id":"https:\/\/legitgrams.com\/#website"},"primaryImageOfPage":{"@id":"https:\/\/legitgrams.com\/product\/gorilla-biscuit-marijuana-strain\/#primaryimage"},"image":{"@id":"https:\/\/legitgrams.com\/product\/gorilla-biscuit-marijuana-strain\/#primaryimage"},"thumbnailUrl":"https:\/\/legitgrams.com\/wp-content\/uploads\/2024\/09\/Buy-Gorilla-Biscuit-Marijuana-Strain-Online.jpg","datePublished":"2024-09-20T06:04:44+00:00","dateModified":"2025-03-07T04:40:48+00:00","description":"Za va\u0161i objedn\u00e1vku su\u0161enek Gorilla Biscuit na prodej neseme odpov\u011bdnost. Va\u0161i objedn\u00e1vku na n\u00e1kup Gorilla Biscuit vezmeme v \u00favahu a v kr\u00e1tk\u00e9 dob\u011b se k v\u00e1m dostaneme. Objedn\u00e1vejte hromadn\u011b nyn\u00ed!","breadcrumb":{"@id":"https:\/\/legitgrams.com\/product\/gorilla-biscuit-marijuana-strain\/#breadcrumb"},"inLanguage":"cs","potentialAction":[{"@type":"ReadAction","target":["https:\/\/legitgrams.com\/product\/gorilla-biscuit-marijuana-strain\/"]}]},{"@type":"ImageObject","inLanguage":"cs","@id":"https:\/\/legitgrams.com\/product\/gorilla-biscuit-marijuana-strain\/#primaryimage","url":"https:\/\/legitgrams.com\/wp-content\/uploads\/2024\/09\/Buy-Gorilla-Biscuit-Marijuana-Strain-Online.jpg","contentUrl":"https:\/\/legitgrams.com\/wp-content\/uploads\/2024\/09\/Buy-Gorilla-Biscuit-Marijuana-Strain-Online.jpg","width":600,"height":600,"caption":"Gorilla Biscuit for Sale"},{"@type":"BreadcrumbList","@id":"https:\/\/legitgrams.com\/product\/gorilla-biscuit-marijuana-strain\/#breadcrumb","itemListElement":[{"@type":"ListItem","position":1,"name":"Home","item":"https:\/\/legitgrams.com\/"},{"@type":"ListItem","position":2,"name":"Shop","item":"https:\/\/legitgrams.com\/shop\/"},{"@type":"ListItem","position":3,"name":"Buy Gorilla Biscuit Marijuana Strain Online"}]},{"@type":"WebSite","@id":"https:\/\/legitgrams.com\/#website","url":"https:\/\/legitgrams.com\/","name":"Leg\u00e1ln\u00ed gramy","description":"M\u016fj blog WordPress","publisher":{"@id":"https:\/\/legitgrams.com\/#organization"},"potentialAction":[{"@type":"SearchAction","target":{"@type":"EntryPoint","urlTemplate":"https:\/\/legitgrams.com\/?s={search_term_string}"},"query-input":{"@type":"PropertyValueSpecification","valueRequired":true,"valueName":"search_term_string"}}],"inLanguage":"cs"},{"@type":"Organization","@id":"https:\/\/legitgrams.com\/#organization","name":"Leg\u00e1ln\u00ed gramy","url":"https:\/\/legitgrams.com\/","logo":{"@type":"ImageObject","inLanguage":"cs","@id":"https:\/\/legitgrams.com\/#\/schema\/logo\/image\/","url":"https:\/\/legitgrams.com\/wp-content\/uploads\/2024\/09\/main-logo.png","contentUrl":"https:\/\/legitgrams.com\/wp-content\/uploads\/2024\/09\/main-logo.png","width":270,"height":75,"caption":"Legit Grams"},"image":{"@id":"https:\/\/legitgrams.com\/#\/schema\/logo\/image\/"}}]}},"uagb_featured_image_src":{"full":["https:\/\/legitgrams.com\/wp-content\/uploads\/2024\/09\/Buy-Gorilla-Biscuit-Marijuana-Strain-Online.jpg",600,600,false],"thumbnail":["https:\/\/legitgrams.com\/wp-content\/uploads\/2024\/09\/Buy-Gorilla-Biscuit-Marijuana-Strain-Online-150x150.jpg",150,150,true],"medium":["https:\/\/legitgrams.com\/wp-content\/uploads\/2024\/09\/Buy-Gorilla-Biscuit-Marijuana-Strain-Online-300x300.jpg",300,300,true],"medium_large":["https:\/\/legitgrams.com\/wp-content\/uploads\/2024\/09\/Buy-Gorilla-Biscuit-Marijuana-Strain-Online.jpg",600,600,false],"large":["https:\/\/legitgrams.com\/wp-content\/uploads\/2024\/09\/Buy-Gorilla-Biscuit-Marijuana-Strain-Online.jpg",600,600,false],"1536x1536":["https:\/\/legitgrams.com\/wp-content\/uploads\/2024\/09\/Buy-Gorilla-Biscuit-Marijuana-Strain-Online.jpg",600,600,false],"2048x2048":["https:\/\/legitgrams.com\/wp-content\/uploads\/2024\/09\/Buy-Gorilla-Biscuit-Marijuana-Strain-Online.jpg",600,600,false],"trp-custom-language-flag":["https:\/\/legitgrams.com\/wp-content\/uploads\/2024\/09\/Buy-Gorilla-Biscuit-Marijuana-Strain-Online-12x12.jpg",12,12,true],"woocommerce_thumbnail":["https:\/\/legitgrams.com\/wp-content\/uploads\/2024\/09\/Buy-Gorilla-Biscuit-Marijuana-Strain-Online-300x300.jpg",300,300,true],"woocommerce_single":["https:\/\/legitgrams.com\/wp-content\/uploads\/2024\/09\/Buy-Gorilla-Biscuit-Marijuana-Strain-Online.jpg",600,600,false],"woocommerce_gallery_thumbnail":["https:\/\/legitgrams.com\/wp-content\/uploads\/2024\/09\/Buy-Gorilla-Biscuit-Marijuana-Strain-Online-100x100.jpg",100,100,true]},"uagb_author_info":{"display_name":"cokeblog18","author_link":"https:\/\/legitgrams.com\/cs\/author\/"},"uagb_comment_info":0,"uagb_excerpt":"Buy Gorilla Biscuit Marijuana Strain Online Cannabis Gorilla Biscuit is an Indica. 60% Indica \/ 40% Hybrid dominating strain THC in sativa: 15%\u201320% Effects: Arousal, euphoria, hunger, relaxation, and drowsiness Potentially Alleviate Anorexia, Cramps, Depression, Sleeplessness, and Stress Tastes Aromas of coffee, lemon, and pine earthy, pungent, spicy coffee The Turpentine phenotype of Gorilla Biscuit\u00a0&hellip;","_links":{"self":[{"href":"https:\/\/legitgrams.com\/cs\/wp-json\/wp\/v2\/product\/3819","targetHints":{"allow":["GET"]}}],"collection":[{"href":"https:\/\/legitgrams.com\/cs\/wp-json\/wp\/v2\/product"}],"about":[{"href":"https:\/\/legitgrams.com\/cs\/wp-json\/wp\/v2\/types\/product"}],"replies":[{"embeddable":true,"href":"https:\/\/legitgrams.com\/cs\/wp-json\/wp\/v2\/comments?post=3819"}],"wp:featuredmedia":[{"embeddable":true,"href":"https:\/\/legitgrams.com\/cs\/wp-json\/wp\/v2\/media\/5425"}],"wp:attachment":[{"href":"https:\/\/legitgrams.com\/cs\/wp-json\/wp\/v2\/media?parent=3819"}],"wp:term":[{"taxonomy":"product_brand","embeddable":true,"href":"https:\/\/legitgrams.com\/cs\/wp-json\/wp\/v2\/product_brand?post=3819"},{"taxonomy":"product_cat","embeddable":true,"href":"https:\/\/legitgrams.com\/cs\/wp-json\/wp\/v2\/product_cat?post=3819"},{"taxonomy":"product_tag","embeddable":true,"href":"https:\/\/legitgrams.com\/cs\/wp-json\/wp\/v2\/product_tag?post=3819"}],"curies":[{"name":"wp","href":"https:\/\/api.w.org\/{rel}","templated":true}]}}