{"id":3829,"date":"2024-09-20T06:29:13","date_gmt":"2024-09-20T06:29:13","guid":{"rendered":"https:\/\/legitgrams.com\/?post_type=product&#038;p=3829"},"modified":"2025-03-11T05:25:39","modified_gmt":"2025-03-11T05:25:39","slug":"oxykodon-80-mg-pilulky","status":"publish","type":"product","link":"https:\/\/legitgrams.com\/cs\/produkt\/oxykodon-80-mg-pilulky\/","title":{"rendered":"Koupit Oxycodon 80mg tablety online"},"content":{"rendered":"<h2>Koupit Oxycodone 80mg pilulky online<\/h2>\n<p>Objednat 80mg tablety<a href=\"https:\/\/legitgrams.com\/cs\/produkt\/oxykodon-80-mg-pilulky\/\"> Oxycodone online<\/a>. Also available are <a href=\"https:\/\/www.bing.com\/search?q=Buy%20Oxycodone%2080mg%20Pills%20Online&amp;qs=n&amp;form=QBRE&amp;sp=-1&amp;lq=0&amp;pq=buy%20oxycodone%2080mg%20pills%20online&amp;sc=0-31&amp;sk=&amp;cvid=ABF1333A78C945679B738877EF751369&amp;ghsh=0&amp;ghacc=0&amp;ghpl=\">40 mg pilulky oxykodonu<\/a>. Purchase top-notch medications from us.<\/p>\n<p>L\u00e9\u010dba st\u0159edn\u011b siln\u00e9 a\u017e siln\u00e9 bolesti se doporu\u010duje o <a href=\"https:\/\/www.bing.com\/search?q=Buy%20Oxycodone%2080mg%20Pills%20Online&amp;qs=n&amp;form=QBRE&amp;sp=-1&amp;lq=0&amp;pq=buy%20oxycodone%2080mg%20pills%20online&amp;sc=0-31&amp;sk=&amp;cvid=ABF1333A78C945679B738877EF751369&amp;ghsh=0&amp;ghacc=0&amp;ghpl=\">oxykodon<\/a>L\u00e9\u010dba st\u0159edn\u011b siln\u00e9 a\u017e siln\u00e9 bolesti se doporu\u010duje oxykodonem. Ozna\u010den\u00ed Pro st\u0159edn\u011b silnou a\u017e silnou chronickou bolest, kter\u00e1 vy\u017eaduje dlouhodob\u011b p\u016fsob\u00edc\u00ed opioidn\u00ed analgetika, jsou k dispozici tak\u00e9 p\u0159\u00edpravky s prodlou\u017een\u00fdm uvol\u0148ov\u00e1n\u00edm. <a href=\"https:\/\/legitgrams.com\/cs\/\">LegitGrams<\/a><\/p>\n<p><a href=\"https:\/\/www.google.de\/search?q=Buy+Oxycodone+80mg+Pills+Online&amp;sca_esv=1a2a07081c7891bb&amp;rlz=1C1RXQR_enIN1098IN1098&amp;ei=bMjPZ4SgBomk1e8P4rjBwQo&amp;ved=0ahUKEwiEhs6fpIGMAxUJUvUHHWJcMKgQ4dUDCBA&amp;uact=5&amp;oq=Buy+Oxycodone+80mg+Pills+Online&amp;gs_lp=Egxnd3Mtd2l6LXNlcnAiH0J1eSBPeHljb2RvbmUgODBtZyBQaWxscyBPbmxpbmVIvQdQhgNYhgNwAngBkAEAmAHdAaAB3QGqAQMyLTG4AQPIAQD4AQL4AQGYAgKgAhTCAgoQABiwAxjWBBhHmAMAiAYBkAYIkgcBMqAHUw&amp;sclient=gws-wiz-serp\">Koupit 80 mg Oxykodonu online<\/a> \u2013 koupit Oxykodon, koupit 80 mg pilulek Oxykodonu, zakoupit pilulky Oxykodonu online, Kde koupit pilulky Oxykodonu 80 mg: USA, Kanada, Spojen\u00e9 kr\u00e1lovstv\u00ed, koupit, online, dodavatel\u00e9, bezpe\u010dn\u00e9 doru\u010den\u00ed, <a href=\"https:\/\/www.google.de\/search?q=Buy+Oxycodone+80mg+Pills+Online&amp;sca_esv=1a2a07081c7891bb&amp;rlz=1C1RXQR_enIN1098IN1098&amp;ei=bMjPZ4SgBomk1e8P4rjBwQo&amp;ved=0ahUKEwiEhs6fpIGMAxUJUvUHHWJcMKgQ4dUDCBA&amp;uact=5&amp;oq=Buy+Oxycodone+80mg+Pills+Online&amp;gs_lp=Egxnd3Mtd2l6LXNlcnAiH0J1eSBPeHljb2RvbmUgODBtZyBQaWxscyBPbmxpbmVIvQdQhgNYhgNwAngBkAEAmAHdAaAB3QGqAQMyLTG4AQPIAQD4AQL4AQGYAgKgAhTCAgoQABiwAxjWBBhHmAMAiAYBkAYIkgcBMqAHUw&amp;sclient=gws-wiz-serp\">Oxycodone 80mg pilulky na prodej<\/a>, Oxycodone pills for sale, buy <a href=\"https:\/\/en.wikipedia.org\/wiki\/Oxycodone\">Oxykodon<\/a> 80mg online, where to <a href=\"https:\/\/duckduckgo.com\/?q=Buy+Oxycodone+80mg+Pills+Online&amp;t=h_&amp;ia=web\">Koupit Oxycodone 80mg pilulky online<\/a> Oxykodon 80 mg pilulky jsou st\u00e1le dostupn\u00e9. M\u016f\u017eete zjistit, zda jsou ve Spojen\u00fdch st\u00e1tech leg\u00e1ln\u00ed, jak z\u00edskat pilulky Oxycodone 80 mg a kde je koupit online. jsou <a href=\"https:\/\/duckduckgo.com\/?q=Buy+Oxycodone+80mg+Pills+Online&amp;t=h_&amp;ia=web\">80 mg Oxycodone pills<\/a> pilulky povoleny v Kanad\u011b?<\/p>","protected":false},"excerpt":{"rendered":"<p>Purchase Oxycodone 80mg pills online Order 80mg tablets of Oxycodone online. Also available are 40 mg pills of oxycodone. Purchase top-notch medications from us. Treatment for moderate to severe pain is recommended by oxycodone. Labeling For moderate to severe chronic pain that calls for long-acting opioid analgesics, there are also sustained-release formulations available. LegitGrams Purchase &hellip;<\/p>\n<p class=\"read-more\"> <a class=\"\" href=\"https:\/\/legitgrams.com\/cs\/produkt\/oxykodon-80-mg-pilulky\/\"> <span class=\"screen-reader-text\">Koupit Oxycodon 80mg tablety online<\/span> \u010c\u00edst d\u00e1l \"<\/a><\/p>","protected":false},"featured_media":5219,"comment_status":"open","ping_status":"closed","template":"","meta":{"_uag_custom_page_level_css":"","site-sidebar-layout":"default","site-content-layout":"default","ast-global-header-display":"","ast-main-header-display":"","ast-hfb-above-header-display":"","ast-hfb-below-header-display":"","ast-hfb-mobile-header-display":"","site-post-title":"","ast-breadcrumbs-content":"","ast-featured-img":"","footer-sml-layout":"","theme-transparent-header-meta":"default","adv-header-id-meta":"","stick-header-meta":"default","header-above-stick-meta":"","header-main-stick-meta":"","header-below-stick-meta":"","_joinchat":[]},"product_brand":[],"product_cat":[608,597],"product_tag":[4924,4914,617,4906,4921,4918,4913,4911,4905,4908,4916,4907,4909,4917,4919,4926,4927,4925,4922,4923,4920,625,4912,4915,4910],"class_list":{"0":"post-3829","1":"product","2":"type-product","3":"status-publish","4":"has-post-thumbnail","6":"product_cat-pain-pills","7":"product_cat-pain-sleeping-sex-pills","8":"product_tag-best-cheap-price-oxycodone-80mg-pills","9":"product_tag-best-place-to-buy-oxycodone-80mg-pills","10":"product_tag-bulk-online","11":"product_tag-buy-oxycodone-80mg-pills","12":"product_tag-cheap-oxycodone-80mg-pills","13":"product_tag-high-quality-oxycodone-80mg-pills","14":"product_tag-how-to-buy-oxycodone-80mg-pills","15":"product_tag-order-oxycodone-80mg-pills","16":"product_tag-oxycodone-80mg-pills","17":"product_tag-oxycodone-80mg-pills-for-sale","18":"product_tag-oxycodone-80mg-pills-legally","19":"product_tag-oxycodone-80mg-pills-online","20":"product_tag-oxycodone-80mg-pills-oxycodone-80mg-pills-supplier","21":"product_tag-oxycodone-80mg-pills-price","22":"product_tag-oxycodone-80mg-pills-store","23":"product_tag-oxycodone-80mg-pills-use","24":"product_tag-oxycodone-80mg-pills-wiki","25":"product_tag-oxycodone-80mg-pills-worldwide","26":"product_tag-oxycodone-80mg-pillss","27":"product_tag-purcharse-oxycodone-80mg-pills","28":"product_tag-shop-oxycodone-80mg-pills","29":"product_tag-top-quality","30":"product_tag-where-to-buy-oxycodone-80mg-pills","31":"product_tag-where-to-order-oxycodone-80mg-pills","32":"product_tag-wholesale-oxycodone-80mg-pills","33":"desktop-align-left","34":"tablet-align-left","35":"mobile-align-left","36":"ast-product-gallery-layout-horizontal","37":"ast-product-gallery-with-no-image","38":"ast-product-single-variable","39":"ast-product-tabs-layout-horizontal","40":"ast-qv-on-image","42":"first","43":"instock","44":"shipping-taxable","45":"purchasable","46":"product-type-variable"},"yoast_head":"<!-- This site is optimized with the Yoast SEO plugin v25.9 - https:\/\/yoast.com\/wordpress\/plugins\/seo\/ -->\n<title>Oxycodone 80mg Pills for Sale - Buy Oxycodone 80mg Pills Online<\/title>\n<meta name=\"description\" content=\"If you want to buy Oxycodone 80mg pills online and looking for a reliable online shop, then buy here. We offer only high-quality Oxycodone 80mg pills for sale at an affordable price. Order Oxycodone 80mg pills h Now!\" \/>\n<meta name=\"robots\" content=\"index, follow, max-snippet:-1, max-image-preview:large, max-video-preview:-1\" \/>\n<link rel=\"canonical\" href=\"https:\/\/legitgrams.com\/cs\/produkt\/oxykodon-80-mg-pilulky\/\" \/>\n<meta property=\"og:locale\" content=\"cs_CZ\" \/>\n<meta property=\"og:type\" content=\"article\" \/>\n<meta property=\"og:title\" content=\"Oxycodone 80mg Pills for Sale - Buy Oxycodone 80mg Pills Online\" \/>\n<meta property=\"og:description\" content=\"If you want to buy Oxycodone 80mg pills online and looking for a reliable online shop, then buy here. We offer only high-quality Oxycodone 80mg pills for sale at an affordable price. Order Oxycodone 80mg pills h Now!\" \/>\n<meta property=\"og:url\" content=\"https:\/\/legitgrams.com\/cs\/produkt\/oxykodon-80-mg-pilulky\/\" \/>\n<meta property=\"og:site_name\" content=\"Legit Grams\" \/>\n<meta property=\"article:modified_time\" content=\"2025-03-11T05:25:39+00:00\" \/>\n<meta property=\"og:image\" content=\"https:\/\/legitgrams.com\/wp-content\/uploads\/2024\/09\/buy-oxycodone-80mg-pills-online.jpg\" \/>\n\t<meta property=\"og:image:width\" content=\"600\" \/>\n\t<meta property=\"og:image:height\" content=\"600\" \/>\n\t<meta property=\"og:image:type\" content=\"image\/jpeg\" \/>\n<meta name=\"twitter:card\" content=\"summary_large_image\" \/>\n<meta name=\"twitter:label1\" content=\"Odhadovan\u00e1 doba \u010dten\u00ed\" \/>\n\t<meta name=\"twitter:data1\" content=\"1 minuta\" \/>\n<script type=\"application\/ld+json\" class=\"yoast-schema-graph\">{\"@context\":\"https:\/\/schema.org\",\"@graph\":[{\"@type\":\"WebPage\",\"@id\":\"https:\/\/legitgrams.com\/product\/oxycodone-80mg-pills\/\",\"url\":\"https:\/\/legitgrams.com\/product\/oxycodone-80mg-pills\/\",\"name\":\"Oxycodone 80mg Pills for Sale - Buy Oxycodone 80mg Pills Online\",\"isPartOf\":{\"@id\":\"https:\/\/legitgrams.com\/#website\"},\"primaryImageOfPage\":{\"@id\":\"https:\/\/legitgrams.com\/product\/oxycodone-80mg-pills\/#primaryimage\"},\"image\":{\"@id\":\"https:\/\/legitgrams.com\/product\/oxycodone-80mg-pills\/#primaryimage\"},\"thumbnailUrl\":\"https:\/\/legitgrams.com\/wp-content\/uploads\/2024\/09\/buy-oxycodone-80mg-pills-online.jpg\",\"datePublished\":\"2024-09-20T06:29:13+00:00\",\"dateModified\":\"2025-03-11T05:25:39+00:00\",\"description\":\"If you want to buy Oxycodone 80mg pills online and looking for a reliable online shop, then buy here. We offer only high-quality Oxycodone 80mg pills for sale at an affordable price. Order Oxycodone 80mg pills h Now!\",\"breadcrumb\":{\"@id\":\"https:\/\/legitgrams.com\/product\/oxycodone-80mg-pills\/#breadcrumb\"},\"inLanguage\":\"cs\",\"potentialAction\":[{\"@type\":\"ReadAction\",\"target\":[\"https:\/\/legitgrams.com\/product\/oxycodone-80mg-pills\/\"]}]},{\"@type\":\"ImageObject\",\"inLanguage\":\"cs\",\"@id\":\"https:\/\/legitgrams.com\/product\/oxycodone-80mg-pills\/#primaryimage\",\"url\":\"https:\/\/legitgrams.com\/wp-content\/uploads\/2024\/09\/buy-oxycodone-80mg-pills-online.jpg\",\"contentUrl\":\"https:\/\/legitgrams.com\/wp-content\/uploads\/2024\/09\/buy-oxycodone-80mg-pills-online.jpg\",\"width\":600,\"height\":600,\"caption\":\"Oxycodone 80mg Pills for Sale\"},{\"@type\":\"BreadcrumbList\",\"@id\":\"https:\/\/legitgrams.com\/product\/oxycodone-80mg-pills\/#breadcrumb\",\"itemListElement\":[{\"@type\":\"ListItem\",\"position\":1,\"name\":\"Home\",\"item\":\"https:\/\/legitgrams.com\/\"},{\"@type\":\"ListItem\",\"position\":2,\"name\":\"Shop\",\"item\":\"https:\/\/legitgrams.com\/shop\/\"},{\"@type\":\"ListItem\",\"position\":3,\"name\":\"Buy Oxycodone 80mg Pills Online\"}]},{\"@type\":\"WebSite\",\"@id\":\"https:\/\/legitgrams.com\/#website\",\"url\":\"https:\/\/legitgrams.com\/\",\"name\":\"Legit Grams\",\"description\":\"My WordPress Blog\",\"publisher\":{\"@id\":\"https:\/\/legitgrams.com\/#organization\"},\"potentialAction\":[{\"@type\":\"SearchAction\",\"target\":{\"@type\":\"EntryPoint\",\"urlTemplate\":\"https:\/\/legitgrams.com\/?s={search_term_string}\"},\"query-input\":{\"@type\":\"PropertyValueSpecification\",\"valueRequired\":true,\"valueName\":\"search_term_string\"}}],\"inLanguage\":\"cs\"},{\"@type\":\"Organization\",\"@id\":\"https:\/\/legitgrams.com\/#organization\",\"name\":\"Legit Grams\",\"url\":\"https:\/\/legitgrams.com\/\",\"logo\":{\"@type\":\"ImageObject\",\"inLanguage\":\"cs\",\"@id\":\"https:\/\/legitgrams.com\/#\/schema\/logo\/image\/\",\"url\":\"https:\/\/legitgrams.com\/wp-content\/uploads\/2024\/09\/main-logo.png\",\"contentUrl\":\"https:\/\/legitgrams.com\/wp-content\/uploads\/2024\/09\/main-logo.png\",\"width\":270,\"height\":75,\"caption\":\"Legit Grams\"},\"image\":{\"@id\":\"https:\/\/legitgrams.com\/#\/schema\/logo\/image\/\"}}]}<\/script>\n<!-- \/ Yoast SEO plugin. -->","yoast_head_json":{"title":"Oxycodone 80mg pilulky na prodej \u2013 kupte si Oxycodone 80mg pilulky online","description":"Pokud si chcete koupit Oxycodone 80mg pilulky online a hled\u00e1te spolehliv\u00fd internetov\u00fd obchod, pak si kupte zde. Nab\u00edz\u00edme k prodeji pouze vysoce kvalitn\u00ed pilulky Oxycodone 80mg za p\u0159ijatelnou cenu. Objednejte si Oxycodone 80mg pilulky h hned!","robots":{"index":"index","follow":"follow","max-snippet":"max-snippet:-1","max-image-preview":"max-image-preview:large","max-video-preview":"max-video-preview:-1"},"canonical":"https:\/\/legitgrams.com\/cs\/produkt\/oxykodon-80-mg-pilulky\/","og_locale":"cs_CZ","og_type":"article","og_title":"Oxycodone 80mg Pills for Sale - Buy Oxycodone 80mg Pills Online","og_description":"If you want to buy Oxycodone 80mg pills online and looking for a reliable online shop, then buy here. We offer only high-quality Oxycodone 80mg pills for sale at an affordable price. Order Oxycodone 80mg pills h Now!","og_url":"https:\/\/legitgrams.com\/cs\/produkt\/oxykodon-80-mg-pilulky\/","og_site_name":"Legit Grams","article_modified_time":"2025-03-11T05:25:39+00:00","og_image":[{"width":600,"height":600,"url":"https:\/\/legitgrams.com\/wp-content\/uploads\/2024\/09\/buy-oxycodone-80mg-pills-online.jpg","type":"image\/jpeg"}],"twitter_card":"summary_large_image","twitter_misc":{"Odhadovan\u00e1 doba \u010dten\u00ed":"1 minuta"},"schema":{"@context":"https:\/\/schema.org","@graph":[{"@type":"WebPage","@id":"https:\/\/legitgrams.com\/product\/oxycodone-80mg-pills\/","url":"https:\/\/legitgrams.com\/product\/oxycodone-80mg-pills\/","name":"Oxycodone 80mg pilulky na prodej \u2013 kupte si Oxycodone 80mg pilulky online","isPartOf":{"@id":"https:\/\/legitgrams.com\/#website"},"primaryImageOfPage":{"@id":"https:\/\/legitgrams.com\/product\/oxycodone-80mg-pills\/#primaryimage"},"image":{"@id":"https:\/\/legitgrams.com\/product\/oxycodone-80mg-pills\/#primaryimage"},"thumbnailUrl":"https:\/\/legitgrams.com\/wp-content\/uploads\/2024\/09\/buy-oxycodone-80mg-pills-online.jpg","datePublished":"2024-09-20T06:29:13+00:00","dateModified":"2025-03-11T05:25:39+00:00","description":"Pokud si chcete koupit Oxycodone 80mg pilulky online a hled\u00e1te spolehliv\u00fd internetov\u00fd obchod, pak si kupte zde. Nab\u00edz\u00edme k prodeji pouze vysoce kvalitn\u00ed pilulky Oxycodone 80mg za p\u0159ijatelnou cenu. Objednejte si Oxycodone 80mg pilulky h hned!","breadcrumb":{"@id":"https:\/\/legitgrams.com\/product\/oxycodone-80mg-pills\/#breadcrumb"},"inLanguage":"cs","potentialAction":[{"@type":"ReadAction","target":["https:\/\/legitgrams.com\/product\/oxycodone-80mg-pills\/"]}]},{"@type":"ImageObject","inLanguage":"cs","@id":"https:\/\/legitgrams.com\/product\/oxycodone-80mg-pills\/#primaryimage","url":"https:\/\/legitgrams.com\/wp-content\/uploads\/2024\/09\/buy-oxycodone-80mg-pills-online.jpg","contentUrl":"https:\/\/legitgrams.com\/wp-content\/uploads\/2024\/09\/buy-oxycodone-80mg-pills-online.jpg","width":600,"height":600,"caption":"Oxycodone 80mg Pills for Sale"},{"@type":"BreadcrumbList","@id":"https:\/\/legitgrams.com\/product\/oxycodone-80mg-pills\/#breadcrumb","itemListElement":[{"@type":"ListItem","position":1,"name":"Home","item":"https:\/\/legitgrams.com\/"},{"@type":"ListItem","position":2,"name":"Shop","item":"https:\/\/legitgrams.com\/shop\/"},{"@type":"ListItem","position":3,"name":"Buy Oxycodone 80mg Pills Online"}]},{"@type":"WebSite","@id":"https:\/\/legitgrams.com\/#website","url":"https:\/\/legitgrams.com\/","name":"Leg\u00e1ln\u00ed gramy","description":"M\u016fj blog WordPress","publisher":{"@id":"https:\/\/legitgrams.com\/#organization"},"potentialAction":[{"@type":"SearchAction","target":{"@type":"EntryPoint","urlTemplate":"https:\/\/legitgrams.com\/?s={search_term_string}"},"query-input":{"@type":"PropertyValueSpecification","valueRequired":true,"valueName":"search_term_string"}}],"inLanguage":"cs"},{"@type":"Organization","@id":"https:\/\/legitgrams.com\/#organization","name":"Leg\u00e1ln\u00ed gramy","url":"https:\/\/legitgrams.com\/","logo":{"@type":"ImageObject","inLanguage":"cs","@id":"https:\/\/legitgrams.com\/#\/schema\/logo\/image\/","url":"https:\/\/legitgrams.com\/wp-content\/uploads\/2024\/09\/main-logo.png","contentUrl":"https:\/\/legitgrams.com\/wp-content\/uploads\/2024\/09\/main-logo.png","width":270,"height":75,"caption":"Legit Grams"},"image":{"@id":"https:\/\/legitgrams.com\/#\/schema\/logo\/image\/"}}]}},"uagb_featured_image_src":{"full":["https:\/\/legitgrams.com\/wp-content\/uploads\/2024\/09\/buy-oxycodone-80mg-pills-online.jpg",600,600,false],"thumbnail":["https:\/\/legitgrams.com\/wp-content\/uploads\/2024\/09\/buy-oxycodone-80mg-pills-online-150x150.jpg",150,150,true],"medium":["https:\/\/legitgrams.com\/wp-content\/uploads\/2024\/09\/buy-oxycodone-80mg-pills-online-300x300.jpg",300,300,true],"medium_large":["https:\/\/legitgrams.com\/wp-content\/uploads\/2024\/09\/buy-oxycodone-80mg-pills-online.jpg",600,600,false],"large":["https:\/\/legitgrams.com\/wp-content\/uploads\/2024\/09\/buy-oxycodone-80mg-pills-online.jpg",600,600,false],"1536x1536":["https:\/\/legitgrams.com\/wp-content\/uploads\/2024\/09\/buy-oxycodone-80mg-pills-online.jpg",600,600,false],"2048x2048":["https:\/\/legitgrams.com\/wp-content\/uploads\/2024\/09\/buy-oxycodone-80mg-pills-online.jpg",600,600,false],"trp-custom-language-flag":["https:\/\/legitgrams.com\/wp-content\/uploads\/2024\/09\/buy-oxycodone-80mg-pills-online-12x12.jpg",12,12,true],"woocommerce_thumbnail":["https:\/\/legitgrams.com\/wp-content\/uploads\/2024\/09\/buy-oxycodone-80mg-pills-online-300x300.jpg",300,300,true],"woocommerce_single":["https:\/\/legitgrams.com\/wp-content\/uploads\/2024\/09\/buy-oxycodone-80mg-pills-online.jpg",600,600,false],"woocommerce_gallery_thumbnail":["https:\/\/legitgrams.com\/wp-content\/uploads\/2024\/09\/buy-oxycodone-80mg-pills-online-100x100.jpg",100,100,true]},"uagb_author_info":{"display_name":"cokeblog18","author_link":"https:\/\/legitgrams.com\/cs\/author\/"},"uagb_comment_info":0,"uagb_excerpt":"Purchase Oxycodone 80mg pills online Order 80mg tablets of Oxycodone online. Also available are 40 mg pills of oxycodone. Purchase top-notch medications from us. Treatment for moderate to severe pain is recommended by oxycodone. Labeling For moderate to severe chronic pain that calls for long-acting opioid analgesics, there are also sustained-release formulations available. LegitGrams Purchase&hellip;","_links":{"self":[{"href":"https:\/\/legitgrams.com\/cs\/wp-json\/wp\/v2\/product\/3829","targetHints":{"allow":["GET"]}}],"collection":[{"href":"https:\/\/legitgrams.com\/cs\/wp-json\/wp\/v2\/product"}],"about":[{"href":"https:\/\/legitgrams.com\/cs\/wp-json\/wp\/v2\/types\/product"}],"replies":[{"embeddable":true,"href":"https:\/\/legitgrams.com\/cs\/wp-json\/wp\/v2\/comments?post=3829"}],"wp:featuredmedia":[{"embeddable":true,"href":"https:\/\/legitgrams.com\/cs\/wp-json\/wp\/v2\/media\/5219"}],"wp:attachment":[{"href":"https:\/\/legitgrams.com\/cs\/wp-json\/wp\/v2\/media?parent=3829"}],"wp:term":[{"taxonomy":"product_brand","embeddable":true,"href":"https:\/\/legitgrams.com\/cs\/wp-json\/wp\/v2\/product_brand?post=3829"},{"taxonomy":"product_cat","embeddable":true,"href":"https:\/\/legitgrams.com\/cs\/wp-json\/wp\/v2\/product_cat?post=3829"},{"taxonomy":"product_tag","embeddable":true,"href":"https:\/\/legitgrams.com\/cs\/wp-json\/wp\/v2\/product_tag?post=3829"}],"curies":[{"name":"wp","href":"https:\/\/api.w.org\/{rel}","templated":true}]}}