{"id":3833,"date":"2024-09-20T07:04:59","date_gmt":"2024-09-20T07:04:59","guid":{"rendered":"https:\/\/legitgrams.com\/?post_type=product&#038;p=3833"},"modified":"2025-01-15T05:29:38","modified_gmt":"2025-01-15T05:29:38","slug":"restoril-30mg-temazepam","status":"publish","type":"product","link":"https:\/\/legitgrams.com\/cs\/produkt\/restoril-30mg-temazepam\/","title":{"rendered":"Restoril 30mg Temazepam pilulky"},"content":{"rendered":"<h2 class=\"product_title entry-title wd-entities-title\">Koupit Restoril 30mg Temazepam pilulky online<\/h2>\n<p>Temazepam - Restoril 30mg - N\u00e1kup <a href=\"https:\/\/legitgrams.com\/cs\/produkt\/restoril-30mg-temazepam\/\">Restoril<\/a> online bez l\u00e9ka\u0159sk\u00e9ho p\u0159edpisu.<br \/>\nBenzodiazepin je Restoril (Temazepam) (ben-Zoe-dye-AZE-eh-peen). Temazepam upravuje chemick\u00e9 slo\u017een\u00ed mozku, kter\u00e9 m\u016f\u017ee b\u00fdt u osob, je\u017e se pot\u00fdkaj\u00ed s nespavost\u00ed, v nerovnov\u00e1ze. L\u00e9k Restoril se pou\u017e\u00edv\u00e1 k l\u00e9\u010db\u011b p\u0159\u00edznak\u016f nespavosti, v\u010detn\u011b pot\u00ed\u017e\u00ed s us\u00edn\u00e1n\u00edm nebo udr\u017een\u00edm sp\u00e1nku. Restoril zm\u00edr\u0148uje ospalost a usnad\u0148uje us\u00edn\u00e1n\u00ed t\u00edm, \u017ee zpomaluje centr\u00e1ln\u00ed nervov\u00fd syst\u00e9m neboli mozek.<\/p>\n<h3>APLIKACE RESTORILU:<\/h3>\n<p>Tento l\u00e9k se pou\u017e\u00edv\u00e1 k l\u00e9\u010db\u011b nespavosti, specifick\u00e9ho typu poruchy sp\u00e1nku. Pom\u016f\u017ee V\u00e1m l\u00e9pe sp\u00e1t, m\u016f\u017ee V\u00e1m umo\u017enit usnout d\u0159\u00edve, z\u016fstat sp\u00e1t d\u00e9le a budit se m\u00e9n\u011b \u010dasto. Temazepam pat\u0159\u00ed do skupiny sedativ a hypnotik. Sv\u00fdm p\u016fsoben\u00edm m\u00e1 na v\u00e1\u0161 mozek relaxa\u010dn\u00ed \u00fa\u010dinek.<\/p>\n<p>Obvykle se tento l\u00e9k pou\u017e\u00edv\u00e1 pouze pro kr\u00e1tkodobou l\u00e9\u010dbu, kter\u00e1 netrv\u00e1 d\u00e9le ne\u017e jeden nebo dva t\u00fddny. Pokud pot\u0159ebujete dal\u0161\u00ed l\u00e9\u010dbu, nav\u0161tivte sv\u00e9ho l\u00e9ka\u0159e, pokud va\u0161e nespavost p\u0159etrv\u00e1v\u00e1 del\u0161\u00ed dobu.<\/p>\n<h3>Jak pou\u017e\u00edvat Restoril:<\/h3>\n<p>P\u0159ed zah\u00e1jen\u00edm u\u017e\u00edv\u00e1n\u00ed temazepamu a p\u0159i ka\u017ed\u00e9m dopln\u011bn\u00ed l\u00e9ku si p\u0159e\u010dt\u011bte L\u00e9kovou p\u0159\u00edru\u010dku, kterou V\u00e1m dodal l\u00e9k\u00e1rn\u00edk. V p\u0159\u00edpad\u011b jak\u00fdchkoli dotaz\u016f se obra\u0165te na sv\u00e9ho l\u00e9ka\u0159e nebo l\u00e9k\u00e1rn\u00edka.<br \/>\nPodle pokyn\u016f l\u00e9ka\u0159e u\u017e\u00edvejte tento l\u00e9k peror\u00e1ln\u011b, bu\u010f s j\u00eddlem, nebo bez j\u00eddla, nejl\u00e9pe t\u011bsn\u011b p\u0159ed span\u00edm. D\u00e1vkov\u00e1n\u00ed ur\u010duje V\u00e1\u0161 v\u011bk, zdravotn\u00ed stav a reakce na l\u00e9\u010dbu.<\/p>\n<p>Tento l\u00e9k z\u0159\u00eddka zp\u016fsobuje p\u0159echodnou ztr\u00e1tu kr\u00e1tkodob\u00e9 pam\u011bti, p\u0159esto\u017ee je to mo\u017en\u00e9. Neu\u017e\u00edvejte d\u00e1vku tohoto l\u00e9ku, dokud nebudete m\u00edt \u010das na plnohodnotn\u00fd sp\u00e1nek trvaj\u00edc\u00ed alespo\u0148 7 a\u017e 8 hodin, abyste sn\u00ed\u017eili pravd\u011bpodobnost tohoto jevu. Pokud se budete muset probudit d\u0159\u00edve, m\u016f\u017ee u V\u00e1s doj\u00edt k men\u0161\u00ed ztr\u00e1t\u011b pam\u011bti. <a href=\"https:\/\/legitgrams.com\/cs\/\">LegitGrams<\/a><\/p>\n<p>V n\u011bkter\u00fdch situac\u00edch m\u016f\u017ee n\u00e1hl\u00e9 vysazen\u00ed tohoto l\u00e9ku v\u00e9st k abstinen\u010dn\u00edm p\u0159\u00edznak\u016fm (jako je nevolnost, zvracen\u00ed, n\u00e1valy, \u017ealude\u010dn\u00ed k\u0159e\u010de, \u00fazkost a t\u0159es). V\u00e1\u0161 l\u00e9ka\u0159 m\u016f\u017ee d\u00e1vku postupn\u011b sni\u017eovat, aby se zabr\u00e1nilo abstinen\u010dn\u00edm p\u0159\u00edznak\u016fm. Dal\u0161\u00ed informace z\u00edsk\u00e1te od sv\u00e9ho l\u00e9ka\u0159e nebo l\u00e9k\u00e1rn\u00edka. Rovn\u011b\u017e co nejd\u0159\u00edve nahlaste jak\u00e9koliv abstinen\u010dn\u00ed p\u0159\u00edznaky.<br \/>\nJak se p\u0159ihl\u00e1sit<\/p>\n<h3>Pokud p\u0159estanete poci\u0165ovat \u00fa\u010dinky tohoto l\u00e9ku, pora\u010fte se se sv\u00fdm l\u00e9ka\u0159em.<\/h3>\n<p>I kdy\u017e je tento l\u00e9k pro mnoho lid\u00ed prosp\u011b\u0161n\u00fd, m\u016f\u017ee ob\u010das v\u00e9st k z\u00e1vislosti. Pokud trp\u00edte poruchou u\u017e\u00edv\u00e1n\u00ed n\u00e1vykov\u00fdch l\u00e1tek, nap\u0159\u00edklad z\u00e1vislost\u00ed na drog\u00e1ch nebo alkoholu, m\u016f\u017ee b\u00fdt va\u0161e riziko zv\u00fd\u0161en\u00e9. Abyste sn\u00ed\u017eili mo\u017enost vzniku z\u00e1vislosti, u\u017e\u00edvejte tento l\u00e9k podle pokyn\u016f sv\u00e9ho l\u00e9ka\u0159e. Dal\u0161\u00ed informace z\u00edsk\u00e1te od sv\u00e9ho l\u00e9k\u00e1rn\u00edka nebo l\u00e9ka\u0159e.<\/p>\n<p>Pokud po sedmi a\u017e deseti dnech v\u00e1\u0161 stav nezmiz\u00ed nebo se zhor\u0161\u00ed, informujte o tom sv\u00e9ho l\u00e9ka\u0159e.<br \/>\nN\u011bkolik prvn\u00edch noc\u00ed po vysazen\u00ed tohoto p\u0159\u00edpravku m\u016f\u017eete m\u00edt probl\u00e9my s us\u00edn\u00e1n\u00edm. Obvykle to b\u011bhem jedn\u00e9 nebo dvou noc\u00ed odezn\u00ed. Pokud tento \u00fa\u010dinek p\u0159etrv\u00e1v\u00e1, obra\u0165te se na sv\u00e9ho l\u00e9ka\u0159e.<br \/>\nKde z\u00edskat <a href=\"https:\/\/en.wikipedia.org\/wiki\/Temazepam\">Restoril 30 mg<\/a> Online bez l\u00e9ka\u0159sk\u00e9ho p\u0159edpisu | Renomovan\u00e9 internetov\u00e9 obchody prod\u00e1vaj\u00edc\u00ed Restoril 30 mg<\/p>\n<p>Zde je k dispozici pro bezpe\u010dn\u00fd n\u00e1kup online bez l\u00e9ka\u0159sk\u00e9ho p\u0159edpisu. Produkty jsou schv\u00e1leny FDA, nejvy\u0161\u0161\u00ed kvality a p\u0159ibli\u017en\u011b 98,98% \u010dist\u00e9. Dod\u00e1vka je provedena rychle, s 100% diskr\u00e9tn\u00ed p\u0159epravou a bezpe\u010dn\u00fdm balen\u00edm. Prozat\u00edm zas\u00edl\u00e1me prost\u0159ednictv\u00edm spole\u010dnost\u00ed UPS, FedEx a DHL.<\/p>\n<p>Pro objedn\u00e1n\u00ed u n\u00e1s NEN\u00cd nutn\u00fd l\u00e9ka\u0159sk\u00fd p\u0159edpis. Objednejte si nyn\u00ed a my v\u00e1m diskr\u00e9tn\u011b za\u0161leme z\u00e1silku kamkoli na sv\u011bt\u011b.<\/p>\n<p>&nbsp;<\/p>","protected":false},"excerpt":{"rendered":"<p>Purchase Restoril 30mg Temazepam pills Online Temazepam &#8211; Restoril 30mg &#8211; Purchase Restoril online without a prescription. A benzodiazepine is Restoril (Temazepam) (ben-Zoe-dye-AZE-eh-peen). Temazepam modifies brain chemistry that may be out of equilibrium in those who struggle with insomnia. The medication Restoril is used to treat symptoms of insomnia, including difficulty falling or staying asleep. &hellip;<\/p>\n<p class=\"read-more\"> <a class=\"\" href=\"https:\/\/legitgrams.com\/cs\/produkt\/restoril-30mg-temazepam\/\"> <span class=\"screen-reader-text\">Restoril 30mg Temazepam pilulky<\/span> \u010c\u00edst d\u00e1l \"<\/a><\/p>","protected":false},"featured_media":5223,"comment_status":"open","ping_status":"closed","template":"","meta":{"_uag_custom_page_level_css":"","site-sidebar-layout":"default","site-content-layout":"default","ast-global-header-display":"","ast-main-header-display":"","ast-hfb-above-header-display":"","ast-hfb-below-header-display":"","ast-hfb-mobile-header-display":"","site-post-title":"","ast-breadcrumbs-content":"","ast-featured-img":"","footer-sml-layout":"","theme-transparent-header-meta":"default","adv-header-id-meta":"","stick-header-meta":"default","header-above-stick-meta":"","header-main-stick-meta":"","header-below-stick-meta":"","_joinchat":[]},"product_brand":[],"product_cat":[597,610],"product_tag":[3751,3741,617,3733,3748,3745,3740,3738,3750,3732,3735,3743,3734,3744,3736,3746,3753,3754,3752,3749,3747,625,3739,3742,3737],"class_list":{"0":"post-3833","1":"product","2":"type-product","3":"status-publish","4":"has-post-thumbnail","6":"product_cat-pain-sleeping-sex-pills","7":"product_cat-sleeping-pills","8":"product_tag-best-cheap-price-restoril-30mg-temazepam-pills","9":"product_tag-best-place-to-buy-restoril-30mg-temazepam-pills","10":"product_tag-bulk-online","11":"product_tag-buy-restoril-30mg-temazepam-pills","12":"product_tag-cheap-restoril-30mg-temazepam-pills","13":"product_tag-high-quality-restoril-30mg-temazepam-pills","14":"product_tag-how-to-buy-restoril-30mg-temazepam-pills","15":"product_tag-order-restoril-30mg-temazepam-pills","16":"product_tag-purcharse-restoril-30mg-temazepam-pills","17":"product_tag-restoril-30mg-temazepam-pills","18":"product_tag-restoril-30mg-temazepam-pills-for-sale","19":"product_tag-restoril-30mg-temazepam-pills-legally","20":"product_tag-restoril-30mg-temazepam-pills-online","21":"product_tag-restoril-30mg-temazepam-pills-price","22":"product_tag-restoril-30mg-temazepam-pills-restoril-30mg-temazepam-pills-supplier","23":"product_tag-restoril-30mg-temazepam-pills-store","24":"product_tag-restoril-30mg-temazepam-pills-use","25":"product_tag-restoril-30mg-temazepam-pills-wiki","26":"product_tag-restoril-30mg-temazepam-pills-worldwide","27":"product_tag-restoril-30mg-temazepam-pillss","28":"product_tag-shop-restoril-30mg-temazepam-pills","29":"product_tag-top-quality","30":"product_tag-where-to-buy-restoril-30mg-temazepam-pills","31":"product_tag-where-to-order-restoril-30mg-temazepam-pills","32":"product_tag-wholesale-restoril-30mg-temazepam-pills","33":"desktop-align-left","34":"tablet-align-left","35":"mobile-align-left","36":"ast-product-gallery-layout-horizontal","37":"ast-product-gallery-with-no-image","38":"ast-product-single-variable","39":"ast-product-tabs-layout-horizontal","40":"ast-qv-on-image","42":"first","43":"instock","44":"shipping-taxable","45":"purchasable","46":"product-type-variable"},"yoast_head":"<!-- This site is optimized with the Yoast SEO plugin v25.9 - https:\/\/yoast.com\/wordpress\/plugins\/seo\/ -->\n<title>Restoril 30mg Temazepam Pills for Sale Online | LegitGrams<\/title>\n<meta name=\"description\" content=\"Find premium restoril 30mg temazepam pills for sale at our online store, providing a secure platform to buy restoril 30mg temazepam pills online with ease, catering to your research needs. Hit your order now!\" \/>\n<meta name=\"robots\" content=\"index, follow, max-snippet:-1, max-image-preview:large, max-video-preview:-1\" \/>\n<link rel=\"canonical\" href=\"https:\/\/legitgrams.com\/cs\/produkt\/restoril-30mg-temazepam\/\" \/>\n<meta property=\"og:locale\" content=\"cs_CZ\" \/>\n<meta property=\"og:type\" content=\"article\" \/>\n<meta property=\"og:title\" content=\"Restoril 30mg Temazepam Pills for Sale Online | LegitGrams\" \/>\n<meta property=\"og:description\" content=\"Find premium restoril 30mg temazepam pills for sale at our online store, providing a secure platform to buy restoril 30mg temazepam pills online with ease, catering to your research needs. Hit your order now!\" \/>\n<meta property=\"og:url\" content=\"https:\/\/legitgrams.com\/cs\/produkt\/restoril-30mg-temazepam\/\" \/>\n<meta property=\"og:site_name\" content=\"Legit Grams\" \/>\n<meta property=\"article:modified_time\" content=\"2025-01-15T05:29:38+00:00\" \/>\n<meta property=\"og:image\" content=\"https:\/\/legitgrams.com\/wp-content\/uploads\/2024\/09\/Buy-Restoril-30mg-Temezepam-pills-online.jpg\" \/>\n\t<meta property=\"og:image:width\" content=\"600\" \/>\n\t<meta property=\"og:image:height\" content=\"600\" \/>\n\t<meta property=\"og:image:type\" content=\"image\/jpeg\" \/>\n<meta name=\"twitter:card\" content=\"summary_large_image\" \/>\n<meta name=\"twitter:label1\" content=\"Odhadovan\u00e1 doba \u010dten\u00ed\" \/>\n\t<meta name=\"twitter:data1\" content=\"3 minuty\" \/>\n<script type=\"application\/ld+json\" class=\"yoast-schema-graph\">{\"@context\":\"https:\/\/schema.org\",\"@graph\":[{\"@type\":\"WebPage\",\"@id\":\"https:\/\/legitgrams.com\/product\/restoril-30mg-temazepam\/\",\"url\":\"https:\/\/legitgrams.com\/product\/restoril-30mg-temazepam\/\",\"name\":\"Restoril 30mg Temazepam Pills for Sale Online | LegitGrams\",\"isPartOf\":{\"@id\":\"https:\/\/legitgrams.com\/#website\"},\"primaryImageOfPage\":{\"@id\":\"https:\/\/legitgrams.com\/product\/restoril-30mg-temazepam\/#primaryimage\"},\"image\":{\"@id\":\"https:\/\/legitgrams.com\/product\/restoril-30mg-temazepam\/#primaryimage\"},\"thumbnailUrl\":\"https:\/\/legitgrams.com\/wp-content\/uploads\/2024\/09\/Buy-Restoril-30mg-Temezepam-pills-online.jpg\",\"datePublished\":\"2024-09-20T07:04:59+00:00\",\"dateModified\":\"2025-01-15T05:29:38+00:00\",\"description\":\"Find premium restoril 30mg temazepam pills for sale at our online store, providing a secure platform to buy restoril 30mg temazepam pills online with ease, catering to your research needs. Hit your order now!\",\"breadcrumb\":{\"@id\":\"https:\/\/legitgrams.com\/product\/restoril-30mg-temazepam\/#breadcrumb\"},\"inLanguage\":\"cs\",\"potentialAction\":[{\"@type\":\"ReadAction\",\"target\":[\"https:\/\/legitgrams.com\/product\/restoril-30mg-temazepam\/\"]}]},{\"@type\":\"ImageObject\",\"inLanguage\":\"cs\",\"@id\":\"https:\/\/legitgrams.com\/product\/restoril-30mg-temazepam\/#primaryimage\",\"url\":\"https:\/\/legitgrams.com\/wp-content\/uploads\/2024\/09\/Buy-Restoril-30mg-Temezepam-pills-online.jpg\",\"contentUrl\":\"https:\/\/legitgrams.com\/wp-content\/uploads\/2024\/09\/Buy-Restoril-30mg-Temezepam-pills-online.jpg\",\"width\":600,\"height\":600,\"caption\":\"Restoril 30mg Temazepam Pills for Sale\"},{\"@type\":\"BreadcrumbList\",\"@id\":\"https:\/\/legitgrams.com\/product\/restoril-30mg-temazepam\/#breadcrumb\",\"itemListElement\":[{\"@type\":\"ListItem\",\"position\":1,\"name\":\"Home\",\"item\":\"https:\/\/legitgrams.com\/\"},{\"@type\":\"ListItem\",\"position\":2,\"name\":\"Shop\",\"item\":\"https:\/\/legitgrams.com\/shop\/\"},{\"@type\":\"ListItem\",\"position\":3,\"name\":\"Restoril 30mg Temazepam pills\"}]},{\"@type\":\"WebSite\",\"@id\":\"https:\/\/legitgrams.com\/#website\",\"url\":\"https:\/\/legitgrams.com\/\",\"name\":\"Legit Grams\",\"description\":\"My WordPress Blog\",\"publisher\":{\"@id\":\"https:\/\/legitgrams.com\/#organization\"},\"potentialAction\":[{\"@type\":\"SearchAction\",\"target\":{\"@type\":\"EntryPoint\",\"urlTemplate\":\"https:\/\/legitgrams.com\/?s={search_term_string}\"},\"query-input\":{\"@type\":\"PropertyValueSpecification\",\"valueRequired\":true,\"valueName\":\"search_term_string\"}}],\"inLanguage\":\"cs\"},{\"@type\":\"Organization\",\"@id\":\"https:\/\/legitgrams.com\/#organization\",\"name\":\"Legit Grams\",\"url\":\"https:\/\/legitgrams.com\/\",\"logo\":{\"@type\":\"ImageObject\",\"inLanguage\":\"cs\",\"@id\":\"https:\/\/legitgrams.com\/#\/schema\/logo\/image\/\",\"url\":\"https:\/\/legitgrams.com\/wp-content\/uploads\/2024\/09\/main-logo.png\",\"contentUrl\":\"https:\/\/legitgrams.com\/wp-content\/uploads\/2024\/09\/main-logo.png\",\"width\":270,\"height\":75,\"caption\":\"Legit Grams\"},\"image\":{\"@id\":\"https:\/\/legitgrams.com\/#\/schema\/logo\/image\/\"}}]}<\/script>\n<!-- \/ Yoast SEO plugin. -->","yoast_head_json":{"title":"Restoril 30mg Temazepam Pills na prodej online | LegitGrams","description":"Najd\u011bte pr\u00e9miov\u00e9 restoril 30mg temazepam pilulky na prodej v na\u0161em internetov\u00e9m obchod\u011b, kter\u00fd poskytuje bezpe\u010dnou platformu pro snadn\u00fd n\u00e1kup restoril 30mg temazepam pilulky online a uspokoj\u00ed va\u0161e v\u00fdzkumn\u00e9 pot\u0159eby. Ude\u0159te na svou objedn\u00e1vku nyn\u00ed!","robots":{"index":"index","follow":"follow","max-snippet":"max-snippet:-1","max-image-preview":"max-image-preview:large","max-video-preview":"max-video-preview:-1"},"canonical":"https:\/\/legitgrams.com\/cs\/produkt\/restoril-30mg-temazepam\/","og_locale":"cs_CZ","og_type":"article","og_title":"Restoril 30mg Temazepam Pills for Sale Online | LegitGrams","og_description":"Find premium restoril 30mg temazepam pills for sale at our online store, providing a secure platform to buy restoril 30mg temazepam pills online with ease, catering to your research needs. Hit your order now!","og_url":"https:\/\/legitgrams.com\/cs\/produkt\/restoril-30mg-temazepam\/","og_site_name":"Legit Grams","article_modified_time":"2025-01-15T05:29:38+00:00","og_image":[{"width":600,"height":600,"url":"https:\/\/legitgrams.com\/wp-content\/uploads\/2024\/09\/Buy-Restoril-30mg-Temezepam-pills-online.jpg","type":"image\/jpeg"}],"twitter_card":"summary_large_image","twitter_misc":{"Odhadovan\u00e1 doba \u010dten\u00ed":"3 minuty"},"schema":{"@context":"https:\/\/schema.org","@graph":[{"@type":"WebPage","@id":"https:\/\/legitgrams.com\/product\/restoril-30mg-temazepam\/","url":"https:\/\/legitgrams.com\/product\/restoril-30mg-temazepam\/","name":"Restoril 30mg Temazepam Pills na prodej online | LegitGrams","isPartOf":{"@id":"https:\/\/legitgrams.com\/#website"},"primaryImageOfPage":{"@id":"https:\/\/legitgrams.com\/product\/restoril-30mg-temazepam\/#primaryimage"},"image":{"@id":"https:\/\/legitgrams.com\/product\/restoril-30mg-temazepam\/#primaryimage"},"thumbnailUrl":"https:\/\/legitgrams.com\/wp-content\/uploads\/2024\/09\/Buy-Restoril-30mg-Temezepam-pills-online.jpg","datePublished":"2024-09-20T07:04:59+00:00","dateModified":"2025-01-15T05:29:38+00:00","description":"Najd\u011bte pr\u00e9miov\u00e9 restoril 30mg temazepam pilulky na prodej v na\u0161em internetov\u00e9m obchod\u011b, kter\u00fd poskytuje bezpe\u010dnou platformu pro snadn\u00fd n\u00e1kup restoril 30mg temazepam pilulky online a uspokoj\u00ed va\u0161e v\u00fdzkumn\u00e9 pot\u0159eby. Ude\u0159te na svou objedn\u00e1vku nyn\u00ed!","breadcrumb":{"@id":"https:\/\/legitgrams.com\/product\/restoril-30mg-temazepam\/#breadcrumb"},"inLanguage":"cs","potentialAction":[{"@type":"ReadAction","target":["https:\/\/legitgrams.com\/product\/restoril-30mg-temazepam\/"]}]},{"@type":"ImageObject","inLanguage":"cs","@id":"https:\/\/legitgrams.com\/product\/restoril-30mg-temazepam\/#primaryimage","url":"https:\/\/legitgrams.com\/wp-content\/uploads\/2024\/09\/Buy-Restoril-30mg-Temezepam-pills-online.jpg","contentUrl":"https:\/\/legitgrams.com\/wp-content\/uploads\/2024\/09\/Buy-Restoril-30mg-Temezepam-pills-online.jpg","width":600,"height":600,"caption":"Restoril 30mg Temazepam Pills for Sale"},{"@type":"BreadcrumbList","@id":"https:\/\/legitgrams.com\/product\/restoril-30mg-temazepam\/#breadcrumb","itemListElement":[{"@type":"ListItem","position":1,"name":"Home","item":"https:\/\/legitgrams.com\/"},{"@type":"ListItem","position":2,"name":"Shop","item":"https:\/\/legitgrams.com\/shop\/"},{"@type":"ListItem","position":3,"name":"Restoril 30mg Temazepam pills"}]},{"@type":"WebSite","@id":"https:\/\/legitgrams.com\/#website","url":"https:\/\/legitgrams.com\/","name":"Leg\u00e1ln\u00ed gramy","description":"M\u016fj blog WordPress","publisher":{"@id":"https:\/\/legitgrams.com\/#organization"},"potentialAction":[{"@type":"SearchAction","target":{"@type":"EntryPoint","urlTemplate":"https:\/\/legitgrams.com\/?s={search_term_string}"},"query-input":{"@type":"PropertyValueSpecification","valueRequired":true,"valueName":"search_term_string"}}],"inLanguage":"cs"},{"@type":"Organization","@id":"https:\/\/legitgrams.com\/#organization","name":"Leg\u00e1ln\u00ed gramy","url":"https:\/\/legitgrams.com\/","logo":{"@type":"ImageObject","inLanguage":"cs","@id":"https:\/\/legitgrams.com\/#\/schema\/logo\/image\/","url":"https:\/\/legitgrams.com\/wp-content\/uploads\/2024\/09\/main-logo.png","contentUrl":"https:\/\/legitgrams.com\/wp-content\/uploads\/2024\/09\/main-logo.png","width":270,"height":75,"caption":"Legit Grams"},"image":{"@id":"https:\/\/legitgrams.com\/#\/schema\/logo\/image\/"}}]}},"uagb_featured_image_src":{"full":["https:\/\/legitgrams.com\/wp-content\/uploads\/2024\/09\/Buy-Restoril-30mg-Temezepam-pills-online.jpg",600,600,false],"thumbnail":["https:\/\/legitgrams.com\/wp-content\/uploads\/2024\/09\/Buy-Restoril-30mg-Temezepam-pills-online-150x150.jpg",150,150,true],"medium":["https:\/\/legitgrams.com\/wp-content\/uploads\/2024\/09\/Buy-Restoril-30mg-Temezepam-pills-online-300x300.jpg",300,300,true],"medium_large":["https:\/\/legitgrams.com\/wp-content\/uploads\/2024\/09\/Buy-Restoril-30mg-Temezepam-pills-online.jpg",600,600,false],"large":["https:\/\/legitgrams.com\/wp-content\/uploads\/2024\/09\/Buy-Restoril-30mg-Temezepam-pills-online.jpg",600,600,false],"1536x1536":["https:\/\/legitgrams.com\/wp-content\/uploads\/2024\/09\/Buy-Restoril-30mg-Temezepam-pills-online.jpg",600,600,false],"2048x2048":["https:\/\/legitgrams.com\/wp-content\/uploads\/2024\/09\/Buy-Restoril-30mg-Temezepam-pills-online.jpg",600,600,false],"trp-custom-language-flag":["https:\/\/legitgrams.com\/wp-content\/uploads\/2024\/09\/Buy-Restoril-30mg-Temezepam-pills-online-12x12.jpg",12,12,true],"woocommerce_thumbnail":["https:\/\/legitgrams.com\/wp-content\/uploads\/2024\/09\/Buy-Restoril-30mg-Temezepam-pills-online-300x300.jpg",300,300,true],"woocommerce_single":["https:\/\/legitgrams.com\/wp-content\/uploads\/2024\/09\/Buy-Restoril-30mg-Temezepam-pills-online.jpg",600,600,false],"woocommerce_gallery_thumbnail":["https:\/\/legitgrams.com\/wp-content\/uploads\/2024\/09\/Buy-Restoril-30mg-Temezepam-pills-online-100x100.jpg",100,100,true]},"uagb_author_info":{"display_name":"cokeblog18","author_link":"https:\/\/legitgrams.com\/cs\/author\/"},"uagb_comment_info":0,"uagb_excerpt":"Purchase Restoril 30mg Temazepam pills Online Temazepam &#8211; Restoril 30mg &#8211; Purchase Restoril online without a prescription. A benzodiazepine is Restoril (Temazepam) (ben-Zoe-dye-AZE-eh-peen). Temazepam modifies brain chemistry that may be out of equilibrium in those who struggle with insomnia. The medication Restoril is used to treat symptoms of insomnia, including difficulty falling or staying asleep.&hellip;","_links":{"self":[{"href":"https:\/\/legitgrams.com\/cs\/wp-json\/wp\/v2\/product\/3833","targetHints":{"allow":["GET"]}}],"collection":[{"href":"https:\/\/legitgrams.com\/cs\/wp-json\/wp\/v2\/product"}],"about":[{"href":"https:\/\/legitgrams.com\/cs\/wp-json\/wp\/v2\/types\/product"}],"replies":[{"embeddable":true,"href":"https:\/\/legitgrams.com\/cs\/wp-json\/wp\/v2\/comments?post=3833"}],"wp:featuredmedia":[{"embeddable":true,"href":"https:\/\/legitgrams.com\/cs\/wp-json\/wp\/v2\/media\/5223"}],"wp:attachment":[{"href":"https:\/\/legitgrams.com\/cs\/wp-json\/wp\/v2\/media?parent=3833"}],"wp:term":[{"taxonomy":"product_brand","embeddable":true,"href":"https:\/\/legitgrams.com\/cs\/wp-json\/wp\/v2\/product_brand?post=3833"},{"taxonomy":"product_cat","embeddable":true,"href":"https:\/\/legitgrams.com\/cs\/wp-json\/wp\/v2\/product_cat?post=3833"},{"taxonomy":"product_tag","embeddable":true,"href":"https:\/\/legitgrams.com\/cs\/wp-json\/wp\/v2\/product_tag?post=3833"}],"curies":[{"name":"wp","href":"https:\/\/api.w.org\/{rel}","templated":true}]}}