{"id":3834,"date":"2024-09-20T06:32:23","date_gmt":"2024-09-20T06:32:23","guid":{"rendered":"https:\/\/legitgrams.com\/?post_type=product&#038;p=3834"},"modified":"2025-03-07T04:57:10","modified_gmt":"2025-03-07T04:57:10","slug":"1p-lsd-100mcg-blotters-levne","status":"publish","type":"product","link":"https:\/\/legitgrams.com\/cs\/produkt\/1p-lsd-100mcg-blotters-levne\/","title":{"rendered":"Koupit 1P-LSD 100mcg Blotters levn\u011b online\u5728\u7ebf\u8d2d\u4e70\u4fbf\u5b9c\u7684 1P-LSD 100mcg \u5438\u58a8\u7eb8"},"content":{"rendered":"<h2>Levn\u00e9 blottery 100mcg 1P-LSD na prodej<\/h2>\n<p>Dominantn\u00ed kmen Indica <a href=\"https:\/\/legitgrams.com\/cs\/produkt\/1p-lsd-100mcg-blotters-levne\/\">L.S.D<\/a>. recebeu o nome de uma forte subst\u00e2ncia alucinog\u00e9nia por causa da sua incr\u00edvel intelectualidade e <a href=\"https:\/\/www.bing.com\/search?q=Buy%201P-LSD%20100mcg%20Blotters%20cheap%20Online&amp;qs=n&amp;form=QBRE&amp;sp=-1&amp;lq=0&amp;pq=buy%201p-lsd%20100mcg%20blotters%20cheap%20online&amp;sc=0-39&amp;sk=&amp;cvid=CB9D41D5B6F844BEAAD6316CF564FD0F&amp;ghsh=0&amp;ghacc=0&amp;ghpl=\">psychedelic<\/a> high. Before the strain, there is a high-energy, joyful feeling that can induce psychological fog, leaving some people entirely confused and &#8220;intellectually stuck.&#8221; Several clients report that using <a href=\"https:\/\/www.bing.com\/search?q=Buy%201P-LSD%20100mcg%20Blotters%20cheap%20Online&amp;qs=n&amp;form=QBRE&amp;sp=-1&amp;lq=0&amp;pq=buy%201p-lsd%20100mcg%20blotters%20cheap%20online&amp;sc=0-39&amp;sk=&amp;cvid=CB9D41D5B6F844BEAAD6316CF564FD0F&amp;ghsh=0&amp;ghacc=0&amp;ghpl=\">LSD<\/a> c\u00edt\u00ed se kreativn\u011bj\u0161\u00ed nebo spole\u010den\u0161t\u011bj\u0161\u00ed navzdory intenzivn\u00ed mozkov\u00e9 stimulaci.<\/p>\n<h3>N\u00e1kup 1P-LSD levn\u011b 100mcg Blotters online<\/h3>\n<p>Pro indiku je takov\u00fd stupe\u0148 ment\u00e1ln\u00ed stimulace opravdu neobvykl\u00fd. <a href=\"https:\/\/www.google.com\/search?q=Buy+1P-LSD+100mcg+Blotters+cheap+Online&amp;num=10&amp;sca_esv=1a2a07081c7891bb&amp;rlz=1C1RXQR_enIN1098IN1098&amp;sxsrf=AHTn8zr4KiQqQMeBWxMyIh4N-_SnSv1Bvg%3A1741323239722&amp;ei=53vKZ8jnK-3jseMP8MuJuQ8&amp;ved=0ahUKEwiI95HJlveLAxXtcWwGHfBlIvcQ4dUDCBA&amp;uact=5&amp;oq=Buy+1P-LSD+100mcg+Blotters+cheap+Online&amp;gs_lp=Egxnd3Mtd2l6LXNlcnAiJ0J1eSAxUC1MU0QgMTAwbWNnIEJsb3R0ZXJzIGNoZWFwIE9ubGluZUjTBlCMA1iMA3ACeACQAQCYAfsBoAH7AaoBAzItMbgBA8gBAPgBAvgBAZgCAKACAJgDAIgGAZIHAKAH8gE&amp;sclient=gws-wiz-serp\">L.S.D<\/a>Tento druh ment\u00e1ln\u00ed stimulace je pro Indicu opravdu neobvykl\u00fd. Jak se d\u00e1 o\u010dek\u00e1vat, L.S.D. m\u00e1 tak\u00e9 obvykl\u00e9 fyzik\u00e1ln\u00ed \u00fa\u010dinky zalo\u017een\u00e9 na indik\u00e1ch. Revolu\u010dn\u00ed desenzibiliza\u010dn\u00ed \u00fa\u010dinky na organismus klienti \u010dasto poci\u0165uj\u00ed jednu a\u017e dv\u011b hodiny po po\u017eit\u00ed, po odezn\u011bn\u00ed v\u011bt\u0161iny mozkov\u00fdch \u00fa\u010dink\u016f. Bavlna m\u016f\u017ee b\u00fdt mezi \u0161kodliv\u00fdmi d\u016fsledky, jako jsou bolesti hlavy, ospalost, such\u00e9 o\u010di, rty a m\u00edrn\u00e9 podez\u0159en\u00ed.<\/p>\n<p>V\u011bt\u0161in\u011b lid\u00ed m\u016f\u017ee tento kmen pomoci zm\u00edrnit chronickou pulzuj\u00edc\u00ed bolest kdykoli b\u011bhem dne. <a href=\"https:\/\/www.google.com\/search?q=Buy+1P-LSD+100mcg+Blotters+cheap+Online&amp;num=10&amp;sca_esv=1a2a07081c7891bb&amp;rlz=1C1RXQR_enIN1098IN1098&amp;sxsrf=AHTn8zr4KiQqQMeBWxMyIh4N-_SnSv1Bvg%3A1741323239722&amp;ei=53vKZ8jnK-3jseMP8MuJuQ8&amp;ved=0ahUKEwiI95HJlveLAxXtcWwGHfBlIvcQ4dUDCBA&amp;uact=5&amp;oq=Buy+1P-LSD+100mcg+Blotters+cheap+Online&amp;gs_lp=Egxnd3Mtd2l6LXNlcnAiJ0J1eSAxUC1MU0QgMTAwbWNnIEJsb3R0ZXJzIGNoZWFwIE9ubGluZUjTBlCMA1iMA3ACeACQAQCYAfsBoAH7AaoBAzItMbgBA8gBAPgBAvgBAZgCAKACAJgDAIgGAZIHAKAH8gE&amp;sclient=gws-wiz-serp\">LSD<\/a> Para a maioria das pessoas, essa cepa pode ajudar a aliviar dores cr\u00f4nicas latejantes a qualquer hora do dia. O LSD \u00e9 frequentemente recomendado para tratar melancolia, ansiedade ou tens\u00e3o. A cepa \u00e9 usada por algumas pessoas para tratar dores de cabe\u00e7a, enquanto outras a usam para tratar problemas de sono.<\/p>\n<p><a href=\"https:\/\/en.wikipedia.org\/wiki\/1P-LSD\">L.S.D.<\/a> je hybrid mezi Mazarem a Skunkem #1, starov\u011bk\u00fdm skunkov\u00fdm plemenem Barney\u2019s Farm. Vzhledem k tomu, \u017ee se d\u00e1 p\u011bstovat uvnit\u0159 i venku a je odoln\u00fd v\u016f\u010di mnoha chorob\u00e1m, lze tento kmen velmi snadno p\u011bstovat, i kdy\u017e se nedoporu\u010duje pro nezku\u0161en\u00e9 zahradn\u00edky. Kv\u011btiny s dlouhou dobou kv\u011btu 65\u201378 dn\u00ed m\u016f\u017ee vyr\u00e1b\u011bt L.S.D. nejm\u00e9n\u011b 650 gram\u016f na metr \u010dtvere\u010dn\u00ed. Nap\u011bt\u00ed se obvykle zastav\u00ed v \u0159\u00edjnu v arktick\u00e9 oblasti a v dubnu v tropick\u00e9 oblasti, z\u0159\u00eddka p\u0159esahuje 60 centimetr\u016f. Tento kmen m\u00e1 koncentraci THC a\u017e 24 %. <a href=\"https:\/\/duckduckgo.com\/?q=Buy+1P-LSD+100mcg+Blotters+cheap+Online&amp;t=h_&amp;ia=web\">L.S.D.<\/a> nejm\u00e9n\u011b 650 gram\u016f na metr \u010dtvere\u010dn\u00ed. Nap\u011bt\u00ed se obvykle zastav\u00ed v \u0159\u00edjnu v arktick\u00e9 oblasti a v dubnu v tropick\u00e9 oblasti, z\u0159\u00eddka p\u0159esahuje 60 centimetr\u016f. Tento kmen m\u00e1 koncentraci THC a\u017e 24 %.<\/p>\n<p>Kupte si levn\u00e9 100mcg blottery 1P-LSD online \u2013 kupte si 1P-LSD, kupte levn\u00e9 100mcg blottery, <a href=\"https:\/\/duckduckgo.com\/?q=Buy+1P-LSD+100mcg+Blotters+cheap+Online&amp;t=h_&amp;ia=web\">Kupte si blottery 1P-LSD online<\/a>Kupte si levn\u00e9 100mcg blottery 1P-LSD online \u2013 kupte 1P-LSD, kupte levn\u00e9 100mcg blottery, kupte si 1P-LSD blottery online, kde koupit levn\u00e9 100mcg blottery, kupte levn\u00e9 100mcg blottery, kupte levn\u00e9 100mcg blottery, kupte levn\u00e9 100mcg blottery Blottery00 mcg Blottery0 USA, Kanada, Spojen\u00e9 kr\u00e1lovstv\u00ed, Koupit online, Dodavatel\u00e9, Bezpe\u010dn\u00e9 doru\u010den\u00ed, Zjist\u011bte, zda jsou levn\u00e9 100mcg blottery 1P-LSD v USA leg\u00e1ln\u00ed, jak je z\u00edskat, zda jsou leg\u00e1ln\u00ed v Kanad\u011b a zda jsou st\u00e1le dostupn\u00e9 pro n\u00e1kup online .s<\/p>","protected":false},"excerpt":{"rendered":"<p>Cheap 100mcg 1P-LSD Blotters for Sale The Indica dominating strain L.S.D. was named after a strong hallucinogenic substance because of its incredibly intellectual and psychedelic high. Before the strain, there is a high-energy, joyful feeling that can induce psychological fog, leaving some people entirely confused and &#8220;intellectually stuck.&#8221; Several clients report that using LSD makes &hellip;<\/p>\n<p class=\"read-more\"> <a class=\"\" href=\"https:\/\/legitgrams.com\/cs\/produkt\/1p-lsd-100mcg-blotters-levne\/\"> <span class=\"screen-reader-text\">Koupit 1P-LSD 100mcg Blotters levn\u011b online\u5728\u7ebf\u8d2d\u4e70\u4fbf\u5b9c\u7684 1P-LSD 100mcg \u5438\u58a8\u7eb8<\/span> \u010c\u00edst d\u00e1l \"<\/a><\/p>","protected":false},"featured_media":5177,"comment_status":"open","ping_status":"closed","template":"","meta":{"_uag_custom_page_level_css":"","site-sidebar-layout":"default","site-content-layout":"default","ast-global-header-display":"","ast-main-header-display":"","ast-hfb-above-header-display":"","ast-hfb-below-header-display":"","ast-hfb-mobile-header-display":"","site-post-title":"","ast-breadcrumbs-content":"","ast-featured-img":"","footer-sml-layout":"","theme-transparent-header-meta":"default","adv-header-id-meta":"","stick-header-meta":"default","header-above-stick-meta":"","header-main-stick-meta":"","header-below-stick-meta":"","_joinchat":[]},"product_brand":[],"product_cat":[595],"product_tag":[4882,4886,4885,4893,4884,4894,4896,4903,4904,4902,4899,4901,4891,617,4883,4898,4895,4890,4888,4900,4897,625,4889,4892,4887],"class_list":{"0":"post-3834","1":"product","2":"type-product","3":"status-publish","4":"has-post-thumbnail","6":"product_cat-psychedelic-drugs","7":"product_tag-1p-lsd-100mcg-blotters-cheap","8":"product_tag-1p-lsd-100mcg-blotters-cheap-1p-lsd-100mcg-blotters-cheap-supplier","9":"product_tag-1p-lsd-100mcg-blotters-cheap-for-sale","10":"product_tag-1p-lsd-100mcg-blotters-cheap-legally","11":"product_tag-1p-lsd-100mcg-blotters-cheap-online","12":"product_tag-1p-lsd-100mcg-blotters-cheap-price","13":"product_tag-1p-lsd-100mcg-blotters-cheap-store","14":"product_tag-1p-lsd-100mcg-blotters-cheap-use","15":"product_tag-1p-lsd-100mcg-blotters-cheap-wiki","16":"product_tag-1p-lsd-100mcg-blotters-cheap-worldwide","17":"product_tag-1p-lsd-100mcg-blotters-cheaps","18":"product_tag-best-cheap-price-1p-lsd-100mcg-blotters-cheap","19":"product_tag-best-place-to-buy-1p-lsd-100mcg-blotters-cheap","20":"product_tag-bulk-online","21":"product_tag-buy-1p-lsd-100mcg-blotters-cheap","22":"product_tag-cheap-1p-lsd-100mcg-blotters-cheap","23":"product_tag-high-quality-1p-lsd-100mcg-blotters-cheap","24":"product_tag-how-to-buy-1p-lsd-100mcg-blotters-cheap","25":"product_tag-order-1p-lsd-100mcg-blotters-cheap","26":"product_tag-purcharse-1p-lsd-100mcg-blotters-cheap","27":"product_tag-shop-1p-lsd-100mcg-blotters-cheap","28":"product_tag-top-quality","29":"product_tag-where-to-buy-1p-lsd-100mcg-blotters-cheap","30":"product_tag-where-to-order-1p-lsd-100mcg-blotters-cheap","31":"product_tag-wholesale-1p-lsd-100mcg-blotters-cheap","32":"desktop-align-left","33":"tablet-align-left","34":"mobile-align-left","35":"ast-product-gallery-layout-horizontal","36":"ast-product-gallery-with-no-image","37":"ast-product-single-variable","38":"ast-product-tabs-layout-horizontal","39":"ast-qv-on-image","41":"first","42":"instock","43":"shipping-taxable","44":"purchasable","45":"product-type-variable"},"yoast_head":"<!-- This site is optimized with the Yoast SEO plugin v25.9 - https:\/\/yoast.com\/wordpress\/plugins\/seo\/ -->\n<title>1P-LSD 100mcg Blotters for Sale - Buy 1P-LSD 100mcg Online<\/title>\n<meta name=\"description\" content=\"Looking for a reliable source to buy 1P-LSD 100mcg Blotters online? Your search ends here. Order 1P-LSD 100mcg Blotters for sale today and receive up to 50% off on selected items. Grab the deals Now!\" \/>\n<meta name=\"robots\" content=\"index, follow, max-snippet:-1, max-image-preview:large, max-video-preview:-1\" \/>\n<link rel=\"canonical\" href=\"https:\/\/legitgrams.com\/cs\/produkt\/1p-lsd-100mcg-blotters-levne\/\" \/>\n<meta property=\"og:locale\" content=\"cs_CZ\" \/>\n<meta property=\"og:type\" content=\"article\" \/>\n<meta property=\"og:title\" content=\"1P-LSD 100mcg Blotters for Sale - Buy 1P-LSD 100mcg Online\" \/>\n<meta property=\"og:description\" content=\"Looking for a reliable source to buy 1P-LSD 100mcg Blotters online? Your search ends here. Order 1P-LSD 100mcg Blotters for sale today and receive up to 50% off on selected items. Grab the deals Now!\" \/>\n<meta property=\"og:url\" content=\"https:\/\/legitgrams.com\/cs\/produkt\/1p-lsd-100mcg-blotters-levne\/\" \/>\n<meta property=\"og:site_name\" content=\"Legit Grams\" \/>\n<meta property=\"article:modified_time\" content=\"2025-03-07T04:57:10+00:00\" \/>\n<meta property=\"og:image\" content=\"https:\/\/legitgrams.com\/wp-content\/uploads\/2024\/09\/Buy-1P-LSD-100mcg-Blotters-cheap-online.jpg\" \/>\n\t<meta property=\"og:image:width\" content=\"600\" \/>\n\t<meta property=\"og:image:height\" content=\"600\" \/>\n\t<meta property=\"og:image:type\" content=\"image\/jpeg\" \/>\n<meta name=\"twitter:card\" content=\"summary_large_image\" \/>\n<meta name=\"twitter:label1\" content=\"Odhadovan\u00e1 doba \u010dten\u00ed\" \/>\n\t<meta name=\"twitter:data1\" content=\"2 minuty\" \/>\n<script type=\"application\/ld+json\" class=\"yoast-schema-graph\">{\"@context\":\"https:\/\/schema.org\",\"@graph\":[{\"@type\":\"WebPage\",\"@id\":\"https:\/\/legitgrams.com\/product\/1p-lsd-100mcg-blotters-cheap\/\",\"url\":\"https:\/\/legitgrams.com\/product\/1p-lsd-100mcg-blotters-cheap\/\",\"name\":\"1P-LSD 100mcg Blotters for Sale - Buy 1P-LSD 100mcg Online\",\"isPartOf\":{\"@id\":\"https:\/\/legitgrams.com\/#website\"},\"primaryImageOfPage\":{\"@id\":\"https:\/\/legitgrams.com\/product\/1p-lsd-100mcg-blotters-cheap\/#primaryimage\"},\"image\":{\"@id\":\"https:\/\/legitgrams.com\/product\/1p-lsd-100mcg-blotters-cheap\/#primaryimage\"},\"thumbnailUrl\":\"https:\/\/legitgrams.com\/wp-content\/uploads\/2024\/09\/Buy-1P-LSD-100mcg-Blotters-cheap-online.jpg\",\"datePublished\":\"2024-09-20T06:32:23+00:00\",\"dateModified\":\"2025-03-07T04:57:10+00:00\",\"description\":\"Looking for a reliable source to buy 1P-LSD 100mcg Blotters online? Your search ends here. Order 1P-LSD 100mcg Blotters for sale today and receive up to 50% off on selected items. Grab the deals Now!\",\"breadcrumb\":{\"@id\":\"https:\/\/legitgrams.com\/product\/1p-lsd-100mcg-blotters-cheap\/#breadcrumb\"},\"inLanguage\":\"cs\",\"potentialAction\":[{\"@type\":\"ReadAction\",\"target\":[\"https:\/\/legitgrams.com\/product\/1p-lsd-100mcg-blotters-cheap\/\"]}]},{\"@type\":\"ImageObject\",\"inLanguage\":\"cs\",\"@id\":\"https:\/\/legitgrams.com\/product\/1p-lsd-100mcg-blotters-cheap\/#primaryimage\",\"url\":\"https:\/\/legitgrams.com\/wp-content\/uploads\/2024\/09\/Buy-1P-LSD-100mcg-Blotters-cheap-online.jpg\",\"contentUrl\":\"https:\/\/legitgrams.com\/wp-content\/uploads\/2024\/09\/Buy-1P-LSD-100mcg-Blotters-cheap-online.jpg\",\"width\":600,\"height\":600,\"caption\":\"1P-LSD 100mcg Blotters cheap for Sale\"},{\"@type\":\"BreadcrumbList\",\"@id\":\"https:\/\/legitgrams.com\/product\/1p-lsd-100mcg-blotters-cheap\/#breadcrumb\",\"itemListElement\":[{\"@type\":\"ListItem\",\"position\":1,\"name\":\"Home\",\"item\":\"https:\/\/legitgrams.com\/\"},{\"@type\":\"ListItem\",\"position\":2,\"name\":\"Shop\",\"item\":\"https:\/\/legitgrams.com\/shop\/\"},{\"@type\":\"ListItem\",\"position\":3,\"name\":\"Buy 1P-LSD 100mcg Blotters cheap Online\"}]},{\"@type\":\"WebSite\",\"@id\":\"https:\/\/legitgrams.com\/#website\",\"url\":\"https:\/\/legitgrams.com\/\",\"name\":\"Legit Grams\",\"description\":\"My WordPress Blog\",\"publisher\":{\"@id\":\"https:\/\/legitgrams.com\/#organization\"},\"potentialAction\":[{\"@type\":\"SearchAction\",\"target\":{\"@type\":\"EntryPoint\",\"urlTemplate\":\"https:\/\/legitgrams.com\/?s={search_term_string}\"},\"query-input\":{\"@type\":\"PropertyValueSpecification\",\"valueRequired\":true,\"valueName\":\"search_term_string\"}}],\"inLanguage\":\"cs\"},{\"@type\":\"Organization\",\"@id\":\"https:\/\/legitgrams.com\/#organization\",\"name\":\"Legit Grams\",\"url\":\"https:\/\/legitgrams.com\/\",\"logo\":{\"@type\":\"ImageObject\",\"inLanguage\":\"cs\",\"@id\":\"https:\/\/legitgrams.com\/#\/schema\/logo\/image\/\",\"url\":\"https:\/\/legitgrams.com\/wp-content\/uploads\/2024\/09\/main-logo.png\",\"contentUrl\":\"https:\/\/legitgrams.com\/wp-content\/uploads\/2024\/09\/main-logo.png\",\"width\":270,\"height\":75,\"caption\":\"Legit Grams\"},\"image\":{\"@id\":\"https:\/\/legitgrams.com\/#\/schema\/logo\/image\/\"}}]}<\/script>\n<!-- \/ Yoast SEO plugin. -->","yoast_head_json":{"title":"1P-LSD 100mcg Blotters na prodej - Koupit 1P-LSD 100mcg online","description":"Hled\u00e1te spolehliv\u00fd zdroj pro n\u00e1kup 1P-LSD 100mcg Blotters online? Va\u0161e hled\u00e1n\u00ed kon\u010d\u00ed zde. Objednejte si 1P-LSD 100mcg Blotters na prodej je\u0161t\u011b dnes a z\u00edskejte slevu a\u017e 50% na vybran\u00e9 polo\u017eky. Vyu\u017eijte nab\u00eddky nyn\u00ed!","robots":{"index":"index","follow":"follow","max-snippet":"max-snippet:-1","max-image-preview":"max-image-preview:large","max-video-preview":"max-video-preview:-1"},"canonical":"https:\/\/legitgrams.com\/cs\/produkt\/1p-lsd-100mcg-blotters-levne\/","og_locale":"cs_CZ","og_type":"article","og_title":"1P-LSD 100mcg Blotters for Sale - Buy 1P-LSD 100mcg Online","og_description":"Looking for a reliable source to buy 1P-LSD 100mcg Blotters online? Your search ends here. Order 1P-LSD 100mcg Blotters for sale today and receive up to 50% off on selected items. Grab the deals Now!","og_url":"https:\/\/legitgrams.com\/cs\/produkt\/1p-lsd-100mcg-blotters-levne\/","og_site_name":"Legit Grams","article_modified_time":"2025-03-07T04:57:10+00:00","og_image":[{"width":600,"height":600,"url":"https:\/\/legitgrams.com\/wp-content\/uploads\/2024\/09\/Buy-1P-LSD-100mcg-Blotters-cheap-online.jpg","type":"image\/jpeg"}],"twitter_card":"summary_large_image","twitter_misc":{"Odhadovan\u00e1 doba \u010dten\u00ed":"2 minuty"},"schema":{"@context":"https:\/\/schema.org","@graph":[{"@type":"WebPage","@id":"https:\/\/legitgrams.com\/product\/1p-lsd-100mcg-blotters-cheap\/","url":"https:\/\/legitgrams.com\/product\/1p-lsd-100mcg-blotters-cheap\/","name":"1P-LSD 100mcg Blotters na prodej - Koupit 1P-LSD 100mcg online","isPartOf":{"@id":"https:\/\/legitgrams.com\/#website"},"primaryImageOfPage":{"@id":"https:\/\/legitgrams.com\/product\/1p-lsd-100mcg-blotters-cheap\/#primaryimage"},"image":{"@id":"https:\/\/legitgrams.com\/product\/1p-lsd-100mcg-blotters-cheap\/#primaryimage"},"thumbnailUrl":"https:\/\/legitgrams.com\/wp-content\/uploads\/2024\/09\/Buy-1P-LSD-100mcg-Blotters-cheap-online.jpg","datePublished":"2024-09-20T06:32:23+00:00","dateModified":"2025-03-07T04:57:10+00:00","description":"Hled\u00e1te spolehliv\u00fd zdroj pro n\u00e1kup 1P-LSD 100mcg Blotters online? Va\u0161e hled\u00e1n\u00ed kon\u010d\u00ed zde. Objednejte si 1P-LSD 100mcg Blotters na prodej je\u0161t\u011b dnes a z\u00edskejte slevu a\u017e 50% na vybran\u00e9 polo\u017eky. Vyu\u017eijte nab\u00eddky nyn\u00ed!","breadcrumb":{"@id":"https:\/\/legitgrams.com\/product\/1p-lsd-100mcg-blotters-cheap\/#breadcrumb"},"inLanguage":"cs","potentialAction":[{"@type":"ReadAction","target":["https:\/\/legitgrams.com\/product\/1p-lsd-100mcg-blotters-cheap\/"]}]},{"@type":"ImageObject","inLanguage":"cs","@id":"https:\/\/legitgrams.com\/product\/1p-lsd-100mcg-blotters-cheap\/#primaryimage","url":"https:\/\/legitgrams.com\/wp-content\/uploads\/2024\/09\/Buy-1P-LSD-100mcg-Blotters-cheap-online.jpg","contentUrl":"https:\/\/legitgrams.com\/wp-content\/uploads\/2024\/09\/Buy-1P-LSD-100mcg-Blotters-cheap-online.jpg","width":600,"height":600,"caption":"1P-LSD 100mcg Blotters cheap for Sale"},{"@type":"BreadcrumbList","@id":"https:\/\/legitgrams.com\/product\/1p-lsd-100mcg-blotters-cheap\/#breadcrumb","itemListElement":[{"@type":"ListItem","position":1,"name":"Home","item":"https:\/\/legitgrams.com\/"},{"@type":"ListItem","position":2,"name":"Shop","item":"https:\/\/legitgrams.com\/shop\/"},{"@type":"ListItem","position":3,"name":"Buy 1P-LSD 100mcg Blotters cheap Online"}]},{"@type":"WebSite","@id":"https:\/\/legitgrams.com\/#website","url":"https:\/\/legitgrams.com\/","name":"Leg\u00e1ln\u00ed gramy","description":"M\u016fj blog WordPress","publisher":{"@id":"https:\/\/legitgrams.com\/#organization"},"potentialAction":[{"@type":"SearchAction","target":{"@type":"EntryPoint","urlTemplate":"https:\/\/legitgrams.com\/?s={search_term_string}"},"query-input":{"@type":"PropertyValueSpecification","valueRequired":true,"valueName":"search_term_string"}}],"inLanguage":"cs"},{"@type":"Organization","@id":"https:\/\/legitgrams.com\/#organization","name":"Leg\u00e1ln\u00ed gramy","url":"https:\/\/legitgrams.com\/","logo":{"@type":"ImageObject","inLanguage":"cs","@id":"https:\/\/legitgrams.com\/#\/schema\/logo\/image\/","url":"https:\/\/legitgrams.com\/wp-content\/uploads\/2024\/09\/main-logo.png","contentUrl":"https:\/\/legitgrams.com\/wp-content\/uploads\/2024\/09\/main-logo.png","width":270,"height":75,"caption":"Legit Grams"},"image":{"@id":"https:\/\/legitgrams.com\/#\/schema\/logo\/image\/"}}]}},"uagb_featured_image_src":{"full":["https:\/\/legitgrams.com\/wp-content\/uploads\/2024\/09\/Buy-1P-LSD-100mcg-Blotters-cheap-online.jpg",600,600,false],"thumbnail":["https:\/\/legitgrams.com\/wp-content\/uploads\/2024\/09\/Buy-1P-LSD-100mcg-Blotters-cheap-online-150x150.jpg",150,150,true],"medium":["https:\/\/legitgrams.com\/wp-content\/uploads\/2024\/09\/Buy-1P-LSD-100mcg-Blotters-cheap-online-300x300.jpg",300,300,true],"medium_large":["https:\/\/legitgrams.com\/wp-content\/uploads\/2024\/09\/Buy-1P-LSD-100mcg-Blotters-cheap-online.jpg",600,600,false],"large":["https:\/\/legitgrams.com\/wp-content\/uploads\/2024\/09\/Buy-1P-LSD-100mcg-Blotters-cheap-online.jpg",600,600,false],"1536x1536":["https:\/\/legitgrams.com\/wp-content\/uploads\/2024\/09\/Buy-1P-LSD-100mcg-Blotters-cheap-online.jpg",600,600,false],"2048x2048":["https:\/\/legitgrams.com\/wp-content\/uploads\/2024\/09\/Buy-1P-LSD-100mcg-Blotters-cheap-online.jpg",600,600,false],"trp-custom-language-flag":["https:\/\/legitgrams.com\/wp-content\/uploads\/2024\/09\/Buy-1P-LSD-100mcg-Blotters-cheap-online-12x12.jpg",12,12,true],"woocommerce_thumbnail":["https:\/\/legitgrams.com\/wp-content\/uploads\/2024\/09\/Buy-1P-LSD-100mcg-Blotters-cheap-online-300x300.jpg",300,300,true],"woocommerce_single":["https:\/\/legitgrams.com\/wp-content\/uploads\/2024\/09\/Buy-1P-LSD-100mcg-Blotters-cheap-online.jpg",600,600,false],"woocommerce_gallery_thumbnail":["https:\/\/legitgrams.com\/wp-content\/uploads\/2024\/09\/Buy-1P-LSD-100mcg-Blotters-cheap-online-100x100.jpg",100,100,true]},"uagb_author_info":{"display_name":"cokeblog18","author_link":"https:\/\/legitgrams.com\/cs\/author\/"},"uagb_comment_info":0,"uagb_excerpt":"Cheap 100mcg 1P-LSD Blotters for Sale The Indica dominating strain L.S.D. was named after a strong hallucinogenic substance because of its incredibly intellectual and psychedelic high. Before the strain, there is a high-energy, joyful feeling that can induce psychological fog, leaving some people entirely confused and &#8220;intellectually stuck.&#8221; Several clients report that using LSD makes&hellip;","_links":{"self":[{"href":"https:\/\/legitgrams.com\/cs\/wp-json\/wp\/v2\/product\/3834","targetHints":{"allow":["GET"]}}],"collection":[{"href":"https:\/\/legitgrams.com\/cs\/wp-json\/wp\/v2\/product"}],"about":[{"href":"https:\/\/legitgrams.com\/cs\/wp-json\/wp\/v2\/types\/product"}],"replies":[{"embeddable":true,"href":"https:\/\/legitgrams.com\/cs\/wp-json\/wp\/v2\/comments?post=3834"}],"wp:featuredmedia":[{"embeddable":true,"href":"https:\/\/legitgrams.com\/cs\/wp-json\/wp\/v2\/media\/5177"}],"wp:attachment":[{"href":"https:\/\/legitgrams.com\/cs\/wp-json\/wp\/v2\/media?parent=3834"}],"wp:term":[{"taxonomy":"product_brand","embeddable":true,"href":"https:\/\/legitgrams.com\/cs\/wp-json\/wp\/v2\/product_brand?post=3834"},{"taxonomy":"product_cat","embeddable":true,"href":"https:\/\/legitgrams.com\/cs\/wp-json\/wp\/v2\/product_cat?post=3834"},{"taxonomy":"product_tag","embeddable":true,"href":"https:\/\/legitgrams.com\/cs\/wp-json\/wp\/v2\/product_tag?post=3834"}],"curies":[{"name":"wp","href":"https:\/\/api.w.org\/{rel}","templated":true}]}}