{"id":3841,"date":"2024-09-20T06:49:33","date_gmt":"2024-09-20T06:49:33","guid":{"rendered":"https:\/\/legitgrams.com\/?post_type=product&#038;p=3841"},"modified":"2025-01-14T10:15:15","modified_gmt":"2025-01-14T10:15:15","slug":"naze-2mg-clonazepam-pills","status":"publish","type":"product","link":"https:\/\/legitgrams.com\/cs\/produkt\/naze-2mg-clonazepam-pills\/","title":{"rendered":"Naze 2mg Clonazepam pills"},"content":{"rendered":"<h2>Koupit online tablety Naze 2 mg Clonazepam.<\/h2>\n<p><a href=\"https:\/\/legitgrams.com\/cs\/produkt\/naze-2mg-clonazepam-pills\/\">Naze tablety 2 mg<\/a> je l\u00e9k na p\u0159edpis pou\u017e\u00edvan\u00fd k l\u00e9\u010db\u011b epilepsie (z\u00e1chvat\u016f) a \u00fazkostn\u00fdch poruch. pom\u00e1h\u00e1 zklidnit mozek a sn\u00ed\u017eit nadm\u011brnou a abnorm\u00e1ln\u00ed aktivitu nervov\u00fdch bun\u011bk.<\/p>\n<p>Dv\u011b miligramov\u00e9 tablety naze lze u\u017e\u00edvat s j\u00eddlem nebo bez j\u00eddla. U\u017e\u00edvejte l\u00e9ky ka\u017ed\u00fd den ve stejnou dobu, abyste pomohli udr\u017eet stabiln\u00ed hladinu l\u00e9ku v t\u011ble. U\u017e\u00edvejte tento l\u00e9k p\u0159esn\u011b podle pokyn\u016f sv\u00e9ho l\u00e9ka\u0159e, v\u010detn\u011b d\u00e1vkov\u00e1n\u00ed a trv\u00e1n\u00ed, proto\u017ee m\u00e1 vysok\u00fd potenci\u00e1l pro vytv\u00e1\u0159en\u00ed n\u00e1vyk\u016f. Pokud si zapomenete vz\u00edt d\u00e1vku, vezm\u011bte si ji, jakmile si vzpomenete, a p\u0159esta\u0148te l\u00e9k u\u017e\u00edvat na cel\u00e9 obdob\u00ed, i kdy\u017e se budete c\u00edtit l\u00e9pe. Nen\u00ed dobr\u00fd n\u00e1pad, abyste p\u0159estali u\u017e\u00edvat tento l\u00e9k n\u00e1hle, ani\u017e byste se nejprve poradili se sv\u00fdm l\u00e9ka\u0159em, proto\u017ee m\u016f\u017ee zp\u016fsobit p\u0159\u00edznaky podobn\u00e9 ch\u0159ipce, bolesti sval\u016f, nevolnost, \u00fazkost a zv\u00fd\u0161en\u00ed frekvence k\u0159e\u010d\u00ed. <a href=\"https:\/\/legitgrams.com\/cs\/\">LegitGrams<\/a><\/p>\n<p>Koupit Naze 2 mg online: koupit <a href=\"https:\/\/en.wikipedia.org\/wiki\/Nitrazepam\">Naze<\/a> 2 mg, koupit pilulky Clonazepam, koupit pilulky Clonazepam online, Kde mohu z\u00edskat online pilulky 2 mg klonazepamu? Kde si mohu koupit 2 mg pilulky klonazepamu online? Kde si mohu koupit 2 mg pilulky klonazepamu online? Kde si mohu koupit 2 mg pilulky klonazepamu online? Kde si mohu koupit 2 mg pilulky klonazepamu online? USA, Kanada, Velk\u00e1 Brit\u00e1nie, online nakupov\u00e1n\u00ed, prodejci, bezpe\u010dn\u00e1 doprava, St\u00e1le jsou k dispozici tablety Naze 2 mg Clonazepam. Krom\u011b toho m\u016f\u017eete ur\u010dit, zda jsou pilulky Naze 2 mg Clonazepam leg\u00e1ln\u00ed, pokud jsou tablety Naze 2 mg Clonazepam povoleny v Kanad\u011b, a jak je z\u00edskat v USA.<\/p>\n<h2><\/h2>\n<p>&nbsp;<\/p>","protected":false},"excerpt":{"rendered":"<p>Purchase online Naze 2mg Clonazepam tablets. Naze tablet 2 mg is a prescription medication used to treat epilepsy (seizures) and anxiety disorders. helps to calm the brain and lessen excessive and abnormal nerve cell activity. Two milligram naze tablets can be taken with or without food. Take the medication at the same time each day &hellip;<\/p>\n<p class=\"read-more\"> <a class=\"\" href=\"https:\/\/legitgrams.com\/cs\/produkt\/naze-2mg-clonazepam-pills\/\"> <span class=\"screen-reader-text\">Naze 2mg Clonazepam pills<\/span> \u010c\u00edst d\u00e1l \"<\/a><\/p>","protected":false},"featured_media":5216,"comment_status":"open","ping_status":"closed","template":"","meta":{"_uag_custom_page_level_css":"","site-sidebar-layout":"default","site-content-layout":"default","ast-global-header-display":"","ast-main-header-display":"","ast-hfb-above-header-display":"","ast-hfb-below-header-display":"","ast-hfb-mobile-header-display":"","site-post-title":"","ast-breadcrumbs-content":"","ast-featured-img":"","footer-sml-layout":"","theme-transparent-header-meta":"default","adv-header-id-meta":"","stick-header-meta":"default","header-above-stick-meta":"","header-main-stick-meta":"","header-below-stick-meta":"","_joinchat":[]},"product_brand":[],"product_cat":[608,597,609,610],"product_tag":[4786,4776,617,4768,4783,4780,4775,4767,4770,4778,4771,4769,4779,4781,4788,4789,4787,4784,4773,4785,4782,625,4774,4777,4772],"class_list":{"0":"post-3841","1":"product","2":"type-product","3":"status-publish","4":"has-post-thumbnail","6":"product_cat-pain-pills","7":"product_cat-pain-sleeping-sex-pills","8":"product_cat-sex-pills","9":"product_cat-sleeping-pills","10":"product_tag-best-cheap-price-naze-2mg-clonazepam-pills","11":"product_tag-best-place-to-buy-naze-2mg-clonazepam-pills","12":"product_tag-bulk-online","13":"product_tag-buy-naze-2mg-clonazepam-pills","14":"product_tag-cheap-naze-2mg-clonazepam-pills","15":"product_tag-high-quality-naze-2mg-clonazepam-pills","16":"product_tag-how-to-buy-naze-2mg-clonazepam-pills","17":"product_tag-naze-2mg-clonazepam-pills","18":"product_tag-naze-2mg-clonazepam-pills-for-sale","19":"product_tag-naze-2mg-clonazepam-pills-legally","20":"product_tag-naze-2mg-clonazepam-pills-naze-2mg-clonazepam-pills-supplier","21":"product_tag-naze-2mg-clonazepam-pills-online","22":"product_tag-naze-2mg-clonazepam-pills-price","23":"product_tag-naze-2mg-clonazepam-pills-store","24":"product_tag-naze-2mg-clonazepam-pills-use","25":"product_tag-naze-2mg-clonazepam-pills-wiki","26":"product_tag-naze-2mg-clonazepam-pills-worldwide","27":"product_tag-naze-2mg-clonazepam-pillss","28":"product_tag-order-naze-2mg-clonazepam-pills","29":"product_tag-purcharse-naze-2mg-clonazepam-pills","30":"product_tag-shop-naze-2mg-clonazepam-pills","31":"product_tag-top-quality","32":"product_tag-where-to-buy-naze-2mg-clonazepam-pills","33":"product_tag-where-to-order-naze-2mg-clonazepam-pills","34":"product_tag-wholesale-naze-2mg-clonazepam-pills","35":"desktop-align-left","36":"tablet-align-left","37":"mobile-align-left","38":"ast-product-gallery-layout-horizontal","39":"ast-product-gallery-with-no-image","40":"ast-product-single-variable","41":"ast-product-tabs-layout-horizontal","42":"ast-qv-on-image","44":"first","45":"instock","46":"shipping-taxable","47":"purchasable","48":"product-type-variable"},"yoast_head":"<!-- This site is optimized with the Yoast SEO plugin v25.9 - https:\/\/yoast.com\/wordpress\/plugins\/seo\/ -->\n<title>Naze 2mg Clonazepam Pills for Sale @ Best Price | LegitGrams<\/title>\n<meta name=\"description\" content=\"Find premium Naze 2mg Clonazepam pills for sale at our online store, providing a secure platform to buy Naze 2mg Clonazepam pills online with ease, catering to your research needs.\" \/>\n<meta name=\"robots\" content=\"index, follow, max-snippet:-1, max-image-preview:large, max-video-preview:-1\" \/>\n<link rel=\"canonical\" href=\"https:\/\/legitgrams.com\/cs\/produkt\/naze-2mg-clonazepam-pills\/\" \/>\n<meta property=\"og:locale\" content=\"cs_CZ\" \/>\n<meta property=\"og:type\" content=\"article\" \/>\n<meta property=\"og:title\" content=\"Naze 2mg Clonazepam Pills for Sale @ Best Price | LegitGrams\" \/>\n<meta property=\"og:description\" content=\"Find premium Naze 2mg Clonazepam pills for sale at our online store, providing a secure platform to buy Naze 2mg Clonazepam pills online with ease, catering to your research needs.\" \/>\n<meta property=\"og:url\" content=\"https:\/\/legitgrams.com\/cs\/produkt\/naze-2mg-clonazepam-pills\/\" \/>\n<meta property=\"og:site_name\" content=\"Legit Grams\" \/>\n<meta property=\"article:modified_time\" content=\"2025-01-14T10:15:15+00:00\" \/>\n<meta property=\"og:image\" content=\"https:\/\/legitgrams.com\/wp-content\/uploads\/2024\/09\/buy-naze-2mg-clonazepam-pills-online.jpg\" \/>\n\t<meta property=\"og:image:width\" content=\"600\" \/>\n\t<meta property=\"og:image:height\" content=\"600\" \/>\n\t<meta property=\"og:image:type\" content=\"image\/jpeg\" \/>\n<meta name=\"twitter:card\" content=\"summary_large_image\" \/>\n<meta name=\"twitter:label1\" content=\"Odhadovan\u00e1 doba \u010dten\u00ed\" \/>\n\t<meta name=\"twitter:data1\" content=\"3 minuty\" \/>\n<script type=\"application\/ld+json\" class=\"yoast-schema-graph\">{\"@context\":\"https:\/\/schema.org\",\"@graph\":[{\"@type\":\"WebPage\",\"@id\":\"https:\/\/legitgrams.com\/product\/naze-2mg-clonazepam-pills\/\",\"url\":\"https:\/\/legitgrams.com\/product\/naze-2mg-clonazepam-pills\/\",\"name\":\"Naze 2mg Clonazepam Pills for Sale @ Best Price | LegitGrams\",\"isPartOf\":{\"@id\":\"https:\/\/legitgrams.com\/#website\"},\"primaryImageOfPage\":{\"@id\":\"https:\/\/legitgrams.com\/product\/naze-2mg-clonazepam-pills\/#primaryimage\"},\"image\":{\"@id\":\"https:\/\/legitgrams.com\/product\/naze-2mg-clonazepam-pills\/#primaryimage\"},\"thumbnailUrl\":\"https:\/\/legitgrams.com\/wp-content\/uploads\/2024\/09\/buy-naze-2mg-clonazepam-pills-online.jpg\",\"datePublished\":\"2024-09-20T06:49:33+00:00\",\"dateModified\":\"2025-01-14T10:15:15+00:00\",\"description\":\"Find premium Naze 2mg Clonazepam pills for sale at our online store, providing a secure platform to buy Naze 2mg Clonazepam pills online with ease, catering to your research needs.\",\"breadcrumb\":{\"@id\":\"https:\/\/legitgrams.com\/product\/naze-2mg-clonazepam-pills\/#breadcrumb\"},\"inLanguage\":\"cs\",\"potentialAction\":[{\"@type\":\"ReadAction\",\"target\":[\"https:\/\/legitgrams.com\/product\/naze-2mg-clonazepam-pills\/\"]}]},{\"@type\":\"ImageObject\",\"inLanguage\":\"cs\",\"@id\":\"https:\/\/legitgrams.com\/product\/naze-2mg-clonazepam-pills\/#primaryimage\",\"url\":\"https:\/\/legitgrams.com\/wp-content\/uploads\/2024\/09\/buy-naze-2mg-clonazepam-pills-online.jpg\",\"contentUrl\":\"https:\/\/legitgrams.com\/wp-content\/uploads\/2024\/09\/buy-naze-2mg-clonazepam-pills-online.jpg\",\"width\":600,\"height\":600,\"caption\":\"Naze 2mg Clonazepam Pills for Sale\"},{\"@type\":\"BreadcrumbList\",\"@id\":\"https:\/\/legitgrams.com\/product\/naze-2mg-clonazepam-pills\/#breadcrumb\",\"itemListElement\":[{\"@type\":\"ListItem\",\"position\":1,\"name\":\"Home\",\"item\":\"https:\/\/legitgrams.com\/\"},{\"@type\":\"ListItem\",\"position\":2,\"name\":\"Shop\",\"item\":\"https:\/\/legitgrams.com\/shop\/\"},{\"@type\":\"ListItem\",\"position\":3,\"name\":\"Naze 2mg Clonazepam pills\"}]},{\"@type\":\"WebSite\",\"@id\":\"https:\/\/legitgrams.com\/#website\",\"url\":\"https:\/\/legitgrams.com\/\",\"name\":\"Legit Grams\",\"description\":\"My WordPress Blog\",\"publisher\":{\"@id\":\"https:\/\/legitgrams.com\/#organization\"},\"potentialAction\":[{\"@type\":\"SearchAction\",\"target\":{\"@type\":\"EntryPoint\",\"urlTemplate\":\"https:\/\/legitgrams.com\/?s={search_term_string}\"},\"query-input\":{\"@type\":\"PropertyValueSpecification\",\"valueRequired\":true,\"valueName\":\"search_term_string\"}}],\"inLanguage\":\"cs\"},{\"@type\":\"Organization\",\"@id\":\"https:\/\/legitgrams.com\/#organization\",\"name\":\"Legit Grams\",\"url\":\"https:\/\/legitgrams.com\/\",\"logo\":{\"@type\":\"ImageObject\",\"inLanguage\":\"cs\",\"@id\":\"https:\/\/legitgrams.com\/#\/schema\/logo\/image\/\",\"url\":\"https:\/\/legitgrams.com\/wp-content\/uploads\/2024\/09\/main-logo.png\",\"contentUrl\":\"https:\/\/legitgrams.com\/wp-content\/uploads\/2024\/09\/main-logo.png\",\"width\":270,\"height\":75,\"caption\":\"Legit Grams\"},\"image\":{\"@id\":\"https:\/\/legitgrams.com\/#\/schema\/logo\/image\/\"}}]}<\/script>\n<!-- \/ Yoast SEO plugin. -->","yoast_head_json":{"title":"Naze 2mg Clonazepam pilulky na prodej za nejlep\u0161\u00ed cenu | LegitGrams","description":"Najd\u011bte pr\u00e9miov\u00e9 pilulky Naze 2mg Clonazepam na prodej v na\u0161em internetov\u00e9m obchod\u011b, kter\u00fd poskytuje bezpe\u010dnou platformu pro snadn\u00fd n\u00e1kup pilulek Naze 2mg Clonazepam online a uspokoj\u00ed va\u0161e v\u00fdzkumn\u00e9 pot\u0159eby.","robots":{"index":"index","follow":"follow","max-snippet":"max-snippet:-1","max-image-preview":"max-image-preview:large","max-video-preview":"max-video-preview:-1"},"canonical":"https:\/\/legitgrams.com\/cs\/produkt\/naze-2mg-clonazepam-pills\/","og_locale":"cs_CZ","og_type":"article","og_title":"Naze 2mg Clonazepam Pills for Sale @ Best Price | LegitGrams","og_description":"Find premium Naze 2mg Clonazepam pills for sale at our online store, providing a secure platform to buy Naze 2mg Clonazepam pills online with ease, catering to your research needs.","og_url":"https:\/\/legitgrams.com\/cs\/produkt\/naze-2mg-clonazepam-pills\/","og_site_name":"Legit Grams","article_modified_time":"2025-01-14T10:15:15+00:00","og_image":[{"width":600,"height":600,"url":"https:\/\/legitgrams.com\/wp-content\/uploads\/2024\/09\/buy-naze-2mg-clonazepam-pills-online.jpg","type":"image\/jpeg"}],"twitter_card":"summary_large_image","twitter_misc":{"Odhadovan\u00e1 doba \u010dten\u00ed":"3 minuty"},"schema":{"@context":"https:\/\/schema.org","@graph":[{"@type":"WebPage","@id":"https:\/\/legitgrams.com\/product\/naze-2mg-clonazepam-pills\/","url":"https:\/\/legitgrams.com\/product\/naze-2mg-clonazepam-pills\/","name":"Naze 2mg Clonazepam pilulky na prodej za nejlep\u0161\u00ed cenu | LegitGrams","isPartOf":{"@id":"https:\/\/legitgrams.com\/#website"},"primaryImageOfPage":{"@id":"https:\/\/legitgrams.com\/product\/naze-2mg-clonazepam-pills\/#primaryimage"},"image":{"@id":"https:\/\/legitgrams.com\/product\/naze-2mg-clonazepam-pills\/#primaryimage"},"thumbnailUrl":"https:\/\/legitgrams.com\/wp-content\/uploads\/2024\/09\/buy-naze-2mg-clonazepam-pills-online.jpg","datePublished":"2024-09-20T06:49:33+00:00","dateModified":"2025-01-14T10:15:15+00:00","description":"Najd\u011bte pr\u00e9miov\u00e9 pilulky Naze 2mg Clonazepam na prodej v na\u0161em internetov\u00e9m obchod\u011b, kter\u00fd poskytuje bezpe\u010dnou platformu pro snadn\u00fd n\u00e1kup pilulek Naze 2mg Clonazepam online a uspokoj\u00ed va\u0161e v\u00fdzkumn\u00e9 pot\u0159eby.","breadcrumb":{"@id":"https:\/\/legitgrams.com\/product\/naze-2mg-clonazepam-pills\/#breadcrumb"},"inLanguage":"cs","potentialAction":[{"@type":"ReadAction","target":["https:\/\/legitgrams.com\/product\/naze-2mg-clonazepam-pills\/"]}]},{"@type":"ImageObject","inLanguage":"cs","@id":"https:\/\/legitgrams.com\/product\/naze-2mg-clonazepam-pills\/#primaryimage","url":"https:\/\/legitgrams.com\/wp-content\/uploads\/2024\/09\/buy-naze-2mg-clonazepam-pills-online.jpg","contentUrl":"https:\/\/legitgrams.com\/wp-content\/uploads\/2024\/09\/buy-naze-2mg-clonazepam-pills-online.jpg","width":600,"height":600,"caption":"Naze 2mg Clonazepam Pills for Sale"},{"@type":"BreadcrumbList","@id":"https:\/\/legitgrams.com\/product\/naze-2mg-clonazepam-pills\/#breadcrumb","itemListElement":[{"@type":"ListItem","position":1,"name":"Home","item":"https:\/\/legitgrams.com\/"},{"@type":"ListItem","position":2,"name":"Shop","item":"https:\/\/legitgrams.com\/shop\/"},{"@type":"ListItem","position":3,"name":"Naze 2mg Clonazepam pills"}]},{"@type":"WebSite","@id":"https:\/\/legitgrams.com\/#website","url":"https:\/\/legitgrams.com\/","name":"Leg\u00e1ln\u00ed gramy","description":"M\u016fj blog WordPress","publisher":{"@id":"https:\/\/legitgrams.com\/#organization"},"potentialAction":[{"@type":"SearchAction","target":{"@type":"EntryPoint","urlTemplate":"https:\/\/legitgrams.com\/?s={search_term_string}"},"query-input":{"@type":"PropertyValueSpecification","valueRequired":true,"valueName":"search_term_string"}}],"inLanguage":"cs"},{"@type":"Organization","@id":"https:\/\/legitgrams.com\/#organization","name":"Leg\u00e1ln\u00ed gramy","url":"https:\/\/legitgrams.com\/","logo":{"@type":"ImageObject","inLanguage":"cs","@id":"https:\/\/legitgrams.com\/#\/schema\/logo\/image\/","url":"https:\/\/legitgrams.com\/wp-content\/uploads\/2024\/09\/main-logo.png","contentUrl":"https:\/\/legitgrams.com\/wp-content\/uploads\/2024\/09\/main-logo.png","width":270,"height":75,"caption":"Legit Grams"},"image":{"@id":"https:\/\/legitgrams.com\/#\/schema\/logo\/image\/"}}]}},"uagb_featured_image_src":{"full":["https:\/\/legitgrams.com\/wp-content\/uploads\/2024\/09\/buy-naze-2mg-clonazepam-pills-online.jpg",600,600,false],"thumbnail":["https:\/\/legitgrams.com\/wp-content\/uploads\/2024\/09\/buy-naze-2mg-clonazepam-pills-online-150x150.jpg",150,150,true],"medium":["https:\/\/legitgrams.com\/wp-content\/uploads\/2024\/09\/buy-naze-2mg-clonazepam-pills-online-300x300.jpg",300,300,true],"medium_large":["https:\/\/legitgrams.com\/wp-content\/uploads\/2024\/09\/buy-naze-2mg-clonazepam-pills-online.jpg",600,600,false],"large":["https:\/\/legitgrams.com\/wp-content\/uploads\/2024\/09\/buy-naze-2mg-clonazepam-pills-online.jpg",600,600,false],"1536x1536":["https:\/\/legitgrams.com\/wp-content\/uploads\/2024\/09\/buy-naze-2mg-clonazepam-pills-online.jpg",600,600,false],"2048x2048":["https:\/\/legitgrams.com\/wp-content\/uploads\/2024\/09\/buy-naze-2mg-clonazepam-pills-online.jpg",600,600,false],"trp-custom-language-flag":["https:\/\/legitgrams.com\/wp-content\/uploads\/2024\/09\/buy-naze-2mg-clonazepam-pills-online-12x12.jpg",12,12,true],"woocommerce_thumbnail":["https:\/\/legitgrams.com\/wp-content\/uploads\/2024\/09\/buy-naze-2mg-clonazepam-pills-online-300x300.jpg",300,300,true],"woocommerce_single":["https:\/\/legitgrams.com\/wp-content\/uploads\/2024\/09\/buy-naze-2mg-clonazepam-pills-online.jpg",600,600,false],"woocommerce_gallery_thumbnail":["https:\/\/legitgrams.com\/wp-content\/uploads\/2024\/09\/buy-naze-2mg-clonazepam-pills-online-100x100.jpg",100,100,true]},"uagb_author_info":{"display_name":"cokeblog18","author_link":"https:\/\/legitgrams.com\/cs\/author\/"},"uagb_comment_info":0,"uagb_excerpt":"Purchase online Naze 2mg Clonazepam tablets. Naze tablet 2 mg is a prescription medication used to treat epilepsy (seizures) and anxiety disorders. helps to calm the brain and lessen excessive and abnormal nerve cell activity. Two milligram naze tablets can be taken with or without food. Take the medication at the same time each day&hellip;","_links":{"self":[{"href":"https:\/\/legitgrams.com\/cs\/wp-json\/wp\/v2\/product\/3841","targetHints":{"allow":["GET"]}}],"collection":[{"href":"https:\/\/legitgrams.com\/cs\/wp-json\/wp\/v2\/product"}],"about":[{"href":"https:\/\/legitgrams.com\/cs\/wp-json\/wp\/v2\/types\/product"}],"replies":[{"embeddable":true,"href":"https:\/\/legitgrams.com\/cs\/wp-json\/wp\/v2\/comments?post=3841"}],"wp:featuredmedia":[{"embeddable":true,"href":"https:\/\/legitgrams.com\/cs\/wp-json\/wp\/v2\/media\/5216"}],"wp:attachment":[{"href":"https:\/\/legitgrams.com\/cs\/wp-json\/wp\/v2\/media?parent=3841"}],"wp:term":[{"taxonomy":"product_brand","embeddable":true,"href":"https:\/\/legitgrams.com\/cs\/wp-json\/wp\/v2\/product_brand?post=3841"},{"taxonomy":"product_cat","embeddable":true,"href":"https:\/\/legitgrams.com\/cs\/wp-json\/wp\/v2\/product_cat?post=3841"},{"taxonomy":"product_tag","embeddable":true,"href":"https:\/\/legitgrams.com\/cs\/wp-json\/wp\/v2\/product_tag?post=3841"}],"curies":[{"name":"wp","href":"https:\/\/api.w.org\/{rel}","templated":true}]}}