{"id":3842,"date":"2024-09-20T06:53:03","date_gmt":"2024-09-20T06:53:03","guid":{"rendered":"https:\/\/legitgrams.com\/?post_type=product&#038;p=3842"},"modified":"2025-01-14T10:26:23","modified_gmt":"2025-01-14T10:26:23","slug":"onax-20mg-alprazolam-pills","status":"publish","type":"product","link":"https:\/\/legitgrams.com\/cs\/produkt\/onax-20mg-alprazolam-pills\/","title":{"rendered":"Onax 20mg Alprazolam pilulky"},"content":{"rendered":"<h2>Kupte si pilulky Alprazolam a Onax 20 mg online.<\/h2>\n<p>Siln\u00e9 l\u00e9ky <a href=\"https:\/\/legitgrams.com\/cs\/produkt\/onax-20mg-alprazolam-pills\/\">alprazolam<\/a> je \u010dasto prod\u00e1v\u00e1n pod obchodn\u00edm n\u00e1zvem Onax. Psychiatrick\u00e9 stavy Anxiolytick\u00e9 poruchy, p\u0159i kter\u00fdch \u010dlov\u011bk poci\u0165uje extr\u00e9mn\u00ed \u00fazkost, jsou dal\u0161\u00edm stavem, p\u0159i kter\u00e9m je p\u0159\u00edpravek Onax 2 mg p\u0159edepisov\u00e1n. Pokud chcete m\u00edt \u00faplnou kontrolu nad sv\u00fdm \u017eivotem, m\u016f\u017eete si Onax 2 mg zakoupit tak\u00e9 u n\u00e1s online. Panick\u00e1 porucha, kter\u00e1 u nemocn\u00fdch zp\u016fsobuje panick\u00e9 epizody, je dal\u0161\u00ed n\u00e1zev pro psychiatrick\u00e9 onemocn\u011bn\u00ed. Tyto z\u00e1chvaty za\u010d\u00ednaj\u00ed neopodstatn\u011bn\u00fdm pocitem zastra\u0161en\u00ed a strachu. M\u016f\u017eeme b\u00fdt vyd\u011b\u0161eni z nezn\u00e1m\u00fdch d\u016fvod\u016f nebo z \u00fapln\u011b jin\u00fdch d\u016fvod\u016f. Tito jedinci se domn\u00edvaj\u00ed, \u017ee vn\u011bj\u0161\u00ed okolnosti ani jejich vlastn\u00ed \u010diny nejsou jejich vinou. Koupit Onax 20mg online. Mezi tyto p\u0159\u00edznaky pat\u0159\u00ed zrychlen\u00fd tep, brn\u011bn\u00ed rukou, pocit chladu nebo horka, pocen\u00ed, z\u00e1vrat\u011b, nevolnost nebo probl\u00e9my s d\u00fdch\u00e1n\u00edm, bolest na hrudi atd. U\u017e\u00edv\u00e1n\u00edm p\u0159\u00edpravku ONAX se m\u016f\u017eete v\u0161em t\u011bmto onemocn\u011bn\u00edm vyhnout. <a href=\"https:\/\/legitgrams.com\/cs\/\">LegitGrams<\/a><\/p>\n<p>Alprazolam pilulky online - koupit Onax 2mg, koupit Onax 2mg Alprazolam pilulky, koupit Alprazolam pilulky online, Where to Purchase Onax 2mg <a href=\"https:\/\/en.wikipedia.org\/wiki\/Alprazolam\">Alprazolam pilulky<\/a>, Onax 2mg Alprazolam pilulky na prodej, Alprazolam pilulky na prodej, koupit Onax Alprazolam pilulky online, kde koupit Onax 2mg Alprazolam pilulky, Onax 2mg Alprazolam pilulky na prodej v USA, Kanad\u011b, Velk\u00e9 Brit\u00e1nii, koupit, online, dodavatel\u00e9, bezpe\u010dn\u00e9 doru\u010den\u00ed, St\u00e1le m\u016f\u017eete z\u00edskat Onax 2 mg Alprazolam pilulky. M\u016f\u017eete tak\u00e9 zjistit, zda jsou leg\u00e1ln\u00ed ve Spojen\u00fdch st\u00e1tech, jak objednat Onax 2 mg Alprazolam pills a zda jsou leg\u00e1ln\u00ed v Kanad\u011b.<\/p>","protected":false},"excerpt":{"rendered":"<p>Purchase Alprazolam pills and Onax 20mg online. Strong medication alprazolam is often marketed under the brand name Onax. Psychiatric Conditions Anxiolytic disorders, in which a person experiences extreme anxiety, are another condition for which Onax 2 mg is prescribed. If you want total control over your life, you can also purchase Onax 2mg online from &hellip;<\/p>\n<p class=\"read-more\"> <a class=\"\" href=\"https:\/\/legitgrams.com\/cs\/produkt\/onax-20mg-alprazolam-pills\/\"> <span class=\"screen-reader-text\">Onax 20mg Alprazolam pilulky<\/span> \u010c\u00edst d\u00e1l \"<\/a><\/p>","protected":false},"featured_media":5217,"comment_status":"open","ping_status":"closed","template":"","meta":{"_uag_custom_page_level_css":"","site-sidebar-layout":"default","site-content-layout":"default","ast-global-header-display":"","ast-main-header-display":"","ast-hfb-above-header-display":"","ast-hfb-below-header-display":"","ast-hfb-mobile-header-display":"","site-post-title":"","ast-breadcrumbs-content":"","ast-featured-img":"","footer-sml-layout":"","theme-transparent-header-meta":"default","adv-header-id-meta":"","stick-header-meta":"default","header-above-stick-meta":"","header-main-stick-meta":"","header-below-stick-meta":"","_joinchat":[]},"product_brand":[],"product_cat":[608,597,609,610],"product_tag":[4763,4753,617,4745,4760,4757,4752,4744,4747,4755,4748,4746,4756,4758,4765,4766,4764,4761,4750,4762,4759,625,4751,4754,4749],"class_list":{"0":"post-3842","1":"product","2":"type-product","3":"status-publish","4":"has-post-thumbnail","6":"product_cat-pain-pills","7":"product_cat-pain-sleeping-sex-pills","8":"product_cat-sex-pills","9":"product_cat-sleeping-pills","10":"product_tag-best-cheap-price-onax-20mg-alprazolam-pills","11":"product_tag-best-place-to-buy-onax-20mg-alprazolam-pills","12":"product_tag-bulk-online","13":"product_tag-buy-onax-20mg-alprazolam-pills","14":"product_tag-cheap-onax-20mg-alprazolam-pills","15":"product_tag-high-quality-onax-20mg-alprazolam-pills","16":"product_tag-how-to-buy-onax-20mg-alprazolam-pills","17":"product_tag-onax-20mg-alprazolam-pills","18":"product_tag-onax-20mg-alprazolam-pills-for-sale","19":"product_tag-onax-20mg-alprazolam-pills-legally","20":"product_tag-onax-20mg-alprazolam-pills-onax-20mg-alprazolam-pills-supplier","21":"product_tag-onax-20mg-alprazolam-pills-online","22":"product_tag-onax-20mg-alprazolam-pills-price","23":"product_tag-onax-20mg-alprazolam-pills-store","24":"product_tag-onax-20mg-alprazolam-pills-use","25":"product_tag-onax-20mg-alprazolam-pills-wiki","26":"product_tag-onax-20mg-alprazolam-pills-worldwide","27":"product_tag-onax-20mg-alprazolam-pillss","28":"product_tag-order-onax-20mg-alprazolam-pills","29":"product_tag-purcharse-onax-20mg-alprazolam-pills","30":"product_tag-shop-onax-20mg-alprazolam-pills","31":"product_tag-top-quality","32":"product_tag-where-to-buy-onax-20mg-alprazolam-pills","33":"product_tag-where-to-order-onax-20mg-alprazolam-pills","34":"product_tag-wholesale-onax-20mg-alprazolam-pills","35":"desktop-align-left","36":"tablet-align-left","37":"mobile-align-left","38":"ast-product-gallery-layout-horizontal","39":"ast-product-gallery-with-no-image","40":"ast-product-single-variable","41":"ast-product-tabs-layout-horizontal","42":"ast-qv-on-image","44":"first","45":"instock","46":"shipping-taxable","47":"purchasable","48":"product-type-variable"},"yoast_head":"<!-- This site is optimized with the Yoast SEO plugin v25.9 - https:\/\/yoast.com\/wordpress\/plugins\/seo\/ -->\n<title>Onax 20mg Alprazolam Pills for Sale - Buy Onax 20mg Alprazolam<\/title>\n<meta name=\"description\" content=\"Looking to further your research? Buy Onax 20mg Alprazolam pills conveniently and securely online, with a straightforward ordering process for Onax 20mg Alprazolam pills for sale. Order Now!\" \/>\n<meta name=\"robots\" content=\"index, follow, max-snippet:-1, max-image-preview:large, max-video-preview:-1\" \/>\n<link rel=\"canonical\" href=\"https:\/\/legitgrams.com\/cs\/produkt\/onax-20mg-alprazolam-pills\/\" \/>\n<meta property=\"og:locale\" content=\"cs_CZ\" \/>\n<meta property=\"og:type\" content=\"article\" \/>\n<meta property=\"og:title\" content=\"Onax 20mg Alprazolam Pills for Sale - Buy Onax 20mg Alprazolam\" \/>\n<meta property=\"og:description\" content=\"Looking to further your research? Buy Onax 20mg Alprazolam pills conveniently and securely online, with a straightforward ordering process for Onax 20mg Alprazolam pills for sale. Order Now!\" \/>\n<meta property=\"og:url\" content=\"https:\/\/legitgrams.com\/cs\/produkt\/onax-20mg-alprazolam-pills\/\" \/>\n<meta property=\"og:site_name\" content=\"Legit Grams\" \/>\n<meta property=\"article:modified_time\" content=\"2025-01-14T10:26:23+00:00\" \/>\n<meta property=\"og:image\" content=\"https:\/\/legitgrams.com\/wp-content\/uploads\/2024\/09\/buy-onax-2mg-alprazolam-pills-online.jpg\" \/>\n\t<meta property=\"og:image:width\" content=\"600\" \/>\n\t<meta property=\"og:image:height\" content=\"600\" \/>\n\t<meta property=\"og:image:type\" content=\"image\/jpeg\" \/>\n<meta name=\"twitter:card\" content=\"summary_large_image\" \/>\n<meta name=\"twitter:label1\" content=\"Odhadovan\u00e1 doba \u010dten\u00ed\" \/>\n\t<meta name=\"twitter:data1\" content=\"2 minuty\" \/>\n<script type=\"application\/ld+json\" class=\"yoast-schema-graph\">{\"@context\":\"https:\/\/schema.org\",\"@graph\":[{\"@type\":\"WebPage\",\"@id\":\"https:\/\/legitgrams.com\/product\/onax-20mg-alprazolam-pills\/\",\"url\":\"https:\/\/legitgrams.com\/product\/onax-20mg-alprazolam-pills\/\",\"name\":\"Onax 20mg Alprazolam Pills for Sale - Buy Onax 20mg Alprazolam\",\"isPartOf\":{\"@id\":\"https:\/\/legitgrams.com\/#website\"},\"primaryImageOfPage\":{\"@id\":\"https:\/\/legitgrams.com\/product\/onax-20mg-alprazolam-pills\/#primaryimage\"},\"image\":{\"@id\":\"https:\/\/legitgrams.com\/product\/onax-20mg-alprazolam-pills\/#primaryimage\"},\"thumbnailUrl\":\"https:\/\/legitgrams.com\/wp-content\/uploads\/2024\/09\/buy-onax-2mg-alprazolam-pills-online.jpg\",\"datePublished\":\"2024-09-20T06:53:03+00:00\",\"dateModified\":\"2025-01-14T10:26:23+00:00\",\"description\":\"Looking to further your research? Buy Onax 20mg Alprazolam pills conveniently and securely online, with a straightforward ordering process for Onax 20mg Alprazolam pills for sale. Order Now!\",\"breadcrumb\":{\"@id\":\"https:\/\/legitgrams.com\/product\/onax-20mg-alprazolam-pills\/#breadcrumb\"},\"inLanguage\":\"cs\",\"potentialAction\":[{\"@type\":\"ReadAction\",\"target\":[\"https:\/\/legitgrams.com\/product\/onax-20mg-alprazolam-pills\/\"]}]},{\"@type\":\"ImageObject\",\"inLanguage\":\"cs\",\"@id\":\"https:\/\/legitgrams.com\/product\/onax-20mg-alprazolam-pills\/#primaryimage\",\"url\":\"https:\/\/legitgrams.com\/wp-content\/uploads\/2024\/09\/buy-onax-2mg-alprazolam-pills-online.jpg\",\"contentUrl\":\"https:\/\/legitgrams.com\/wp-content\/uploads\/2024\/09\/buy-onax-2mg-alprazolam-pills-online.jpg\",\"width\":600,\"height\":600,\"caption\":\"Onax 20mg Alprazolam Pills for Sale\"},{\"@type\":\"BreadcrumbList\",\"@id\":\"https:\/\/legitgrams.com\/product\/onax-20mg-alprazolam-pills\/#breadcrumb\",\"itemListElement\":[{\"@type\":\"ListItem\",\"position\":1,\"name\":\"Home\",\"item\":\"https:\/\/legitgrams.com\/\"},{\"@type\":\"ListItem\",\"position\":2,\"name\":\"Shop\",\"item\":\"https:\/\/legitgrams.com\/shop\/\"},{\"@type\":\"ListItem\",\"position\":3,\"name\":\"Onax 20mg Alprazolam pills\"}]},{\"@type\":\"WebSite\",\"@id\":\"https:\/\/legitgrams.com\/#website\",\"url\":\"https:\/\/legitgrams.com\/\",\"name\":\"Legit Grams\",\"description\":\"My WordPress Blog\",\"publisher\":{\"@id\":\"https:\/\/legitgrams.com\/#organization\"},\"potentialAction\":[{\"@type\":\"SearchAction\",\"target\":{\"@type\":\"EntryPoint\",\"urlTemplate\":\"https:\/\/legitgrams.com\/?s={search_term_string}\"},\"query-input\":{\"@type\":\"PropertyValueSpecification\",\"valueRequired\":true,\"valueName\":\"search_term_string\"}}],\"inLanguage\":\"cs\"},{\"@type\":\"Organization\",\"@id\":\"https:\/\/legitgrams.com\/#organization\",\"name\":\"Legit Grams\",\"url\":\"https:\/\/legitgrams.com\/\",\"logo\":{\"@type\":\"ImageObject\",\"inLanguage\":\"cs\",\"@id\":\"https:\/\/legitgrams.com\/#\/schema\/logo\/image\/\",\"url\":\"https:\/\/legitgrams.com\/wp-content\/uploads\/2024\/09\/main-logo.png\",\"contentUrl\":\"https:\/\/legitgrams.com\/wp-content\/uploads\/2024\/09\/main-logo.png\",\"width\":270,\"height\":75,\"caption\":\"Legit Grams\"},\"image\":{\"@id\":\"https:\/\/legitgrams.com\/#\/schema\/logo\/image\/\"}}]}<\/script>\n<!-- \/ Yoast SEO plugin. -->","yoast_head_json":{"title":"Onax 20mg Alprazolam Pilulky na prodej - Kupte Onax 20mg Alprazolam","description":"Chcete pokra\u010dovat ve v\u00fdzkumu? Kupte si pilulky Onax 20mg Alprazolam pohodln\u011b a bezpe\u010dn\u011b online s jednoduch\u00fdm procesem objedn\u00e1v\u00e1n\u00ed tablet Onax 20mg Alprazolam na prodej. Objednejte si nyn\u00ed!","robots":{"index":"index","follow":"follow","max-snippet":"max-snippet:-1","max-image-preview":"max-image-preview:large","max-video-preview":"max-video-preview:-1"},"canonical":"https:\/\/legitgrams.com\/cs\/produkt\/onax-20mg-alprazolam-pills\/","og_locale":"cs_CZ","og_type":"article","og_title":"Onax 20mg Alprazolam Pills for Sale - Buy Onax 20mg Alprazolam","og_description":"Looking to further your research? Buy Onax 20mg Alprazolam pills conveniently and securely online, with a straightforward ordering process for Onax 20mg Alprazolam pills for sale. Order Now!","og_url":"https:\/\/legitgrams.com\/cs\/produkt\/onax-20mg-alprazolam-pills\/","og_site_name":"Legit Grams","article_modified_time":"2025-01-14T10:26:23+00:00","og_image":[{"width":600,"height":600,"url":"https:\/\/legitgrams.com\/wp-content\/uploads\/2024\/09\/buy-onax-2mg-alprazolam-pills-online.jpg","type":"image\/jpeg"}],"twitter_card":"summary_large_image","twitter_misc":{"Odhadovan\u00e1 doba \u010dten\u00ed":"2 minuty"},"schema":{"@context":"https:\/\/schema.org","@graph":[{"@type":"WebPage","@id":"https:\/\/legitgrams.com\/product\/onax-20mg-alprazolam-pills\/","url":"https:\/\/legitgrams.com\/product\/onax-20mg-alprazolam-pills\/","name":"Onax 20mg Alprazolam Pilulky na prodej - Kupte Onax 20mg Alprazolam","isPartOf":{"@id":"https:\/\/legitgrams.com\/#website"},"primaryImageOfPage":{"@id":"https:\/\/legitgrams.com\/product\/onax-20mg-alprazolam-pills\/#primaryimage"},"image":{"@id":"https:\/\/legitgrams.com\/product\/onax-20mg-alprazolam-pills\/#primaryimage"},"thumbnailUrl":"https:\/\/legitgrams.com\/wp-content\/uploads\/2024\/09\/buy-onax-2mg-alprazolam-pills-online.jpg","datePublished":"2024-09-20T06:53:03+00:00","dateModified":"2025-01-14T10:26:23+00:00","description":"Chcete pokra\u010dovat ve v\u00fdzkumu? Kupte si pilulky Onax 20mg Alprazolam pohodln\u011b a bezpe\u010dn\u011b online s jednoduch\u00fdm procesem objedn\u00e1v\u00e1n\u00ed tablet Onax 20mg Alprazolam na prodej. Objednejte si nyn\u00ed!","breadcrumb":{"@id":"https:\/\/legitgrams.com\/product\/onax-20mg-alprazolam-pills\/#breadcrumb"},"inLanguage":"cs","potentialAction":[{"@type":"ReadAction","target":["https:\/\/legitgrams.com\/product\/onax-20mg-alprazolam-pills\/"]}]},{"@type":"ImageObject","inLanguage":"cs","@id":"https:\/\/legitgrams.com\/product\/onax-20mg-alprazolam-pills\/#primaryimage","url":"https:\/\/legitgrams.com\/wp-content\/uploads\/2024\/09\/buy-onax-2mg-alprazolam-pills-online.jpg","contentUrl":"https:\/\/legitgrams.com\/wp-content\/uploads\/2024\/09\/buy-onax-2mg-alprazolam-pills-online.jpg","width":600,"height":600,"caption":"Onax 20mg Alprazolam Pills for Sale"},{"@type":"BreadcrumbList","@id":"https:\/\/legitgrams.com\/product\/onax-20mg-alprazolam-pills\/#breadcrumb","itemListElement":[{"@type":"ListItem","position":1,"name":"Home","item":"https:\/\/legitgrams.com\/"},{"@type":"ListItem","position":2,"name":"Shop","item":"https:\/\/legitgrams.com\/shop\/"},{"@type":"ListItem","position":3,"name":"Onax 20mg Alprazolam pills"}]},{"@type":"WebSite","@id":"https:\/\/legitgrams.com\/#website","url":"https:\/\/legitgrams.com\/","name":"Leg\u00e1ln\u00ed gramy","description":"M\u016fj blog WordPress","publisher":{"@id":"https:\/\/legitgrams.com\/#organization"},"potentialAction":[{"@type":"SearchAction","target":{"@type":"EntryPoint","urlTemplate":"https:\/\/legitgrams.com\/?s={search_term_string}"},"query-input":{"@type":"PropertyValueSpecification","valueRequired":true,"valueName":"search_term_string"}}],"inLanguage":"cs"},{"@type":"Organization","@id":"https:\/\/legitgrams.com\/#organization","name":"Leg\u00e1ln\u00ed gramy","url":"https:\/\/legitgrams.com\/","logo":{"@type":"ImageObject","inLanguage":"cs","@id":"https:\/\/legitgrams.com\/#\/schema\/logo\/image\/","url":"https:\/\/legitgrams.com\/wp-content\/uploads\/2024\/09\/main-logo.png","contentUrl":"https:\/\/legitgrams.com\/wp-content\/uploads\/2024\/09\/main-logo.png","width":270,"height":75,"caption":"Legit Grams"},"image":{"@id":"https:\/\/legitgrams.com\/#\/schema\/logo\/image\/"}}]}},"uagb_featured_image_src":{"full":["https:\/\/legitgrams.com\/wp-content\/uploads\/2024\/09\/buy-onax-2mg-alprazolam-pills-online.jpg",600,600,false],"thumbnail":["https:\/\/legitgrams.com\/wp-content\/uploads\/2024\/09\/buy-onax-2mg-alprazolam-pills-online-150x150.jpg",150,150,true],"medium":["https:\/\/legitgrams.com\/wp-content\/uploads\/2024\/09\/buy-onax-2mg-alprazolam-pills-online-300x300.jpg",300,300,true],"medium_large":["https:\/\/legitgrams.com\/wp-content\/uploads\/2024\/09\/buy-onax-2mg-alprazolam-pills-online.jpg",600,600,false],"large":["https:\/\/legitgrams.com\/wp-content\/uploads\/2024\/09\/buy-onax-2mg-alprazolam-pills-online.jpg",600,600,false],"1536x1536":["https:\/\/legitgrams.com\/wp-content\/uploads\/2024\/09\/buy-onax-2mg-alprazolam-pills-online.jpg",600,600,false],"2048x2048":["https:\/\/legitgrams.com\/wp-content\/uploads\/2024\/09\/buy-onax-2mg-alprazolam-pills-online.jpg",600,600,false],"trp-custom-language-flag":["https:\/\/legitgrams.com\/wp-content\/uploads\/2024\/09\/buy-onax-2mg-alprazolam-pills-online-12x12.jpg",12,12,true],"woocommerce_thumbnail":["https:\/\/legitgrams.com\/wp-content\/uploads\/2024\/09\/buy-onax-2mg-alprazolam-pills-online-300x300.jpg",300,300,true],"woocommerce_single":["https:\/\/legitgrams.com\/wp-content\/uploads\/2024\/09\/buy-onax-2mg-alprazolam-pills-online.jpg",600,600,false],"woocommerce_gallery_thumbnail":["https:\/\/legitgrams.com\/wp-content\/uploads\/2024\/09\/buy-onax-2mg-alprazolam-pills-online-100x100.jpg",100,100,true]},"uagb_author_info":{"display_name":"cokeblog18","author_link":"https:\/\/legitgrams.com\/cs\/author\/"},"uagb_comment_info":0,"uagb_excerpt":"Purchase Alprazolam pills and Onax 20mg online. Strong medication alprazolam is often marketed under the brand name Onax. Psychiatric Conditions Anxiolytic disorders, in which a person experiences extreme anxiety, are another condition for which Onax 2 mg is prescribed. If you want total control over your life, you can also purchase Onax 2mg online from&hellip;","_links":{"self":[{"href":"https:\/\/legitgrams.com\/cs\/wp-json\/wp\/v2\/product\/3842","targetHints":{"allow":["GET"]}}],"collection":[{"href":"https:\/\/legitgrams.com\/cs\/wp-json\/wp\/v2\/product"}],"about":[{"href":"https:\/\/legitgrams.com\/cs\/wp-json\/wp\/v2\/types\/product"}],"replies":[{"embeddable":true,"href":"https:\/\/legitgrams.com\/cs\/wp-json\/wp\/v2\/comments?post=3842"}],"wp:featuredmedia":[{"embeddable":true,"href":"https:\/\/legitgrams.com\/cs\/wp-json\/wp\/v2\/media\/5217"}],"wp:attachment":[{"href":"https:\/\/legitgrams.com\/cs\/wp-json\/wp\/v2\/media?parent=3842"}],"wp:term":[{"taxonomy":"product_brand","embeddable":true,"href":"https:\/\/legitgrams.com\/cs\/wp-json\/wp\/v2\/product_brand?post=3842"},{"taxonomy":"product_cat","embeddable":true,"href":"https:\/\/legitgrams.com\/cs\/wp-json\/wp\/v2\/product_cat?post=3842"},{"taxonomy":"product_tag","embeddable":true,"href":"https:\/\/legitgrams.com\/cs\/wp-json\/wp\/v2\/product_tag?post=3842"}],"curies":[{"name":"wp","href":"https:\/\/api.w.org\/{rel}","templated":true}]}}