{"id":3843,"date":"2024-09-20T06:55:22","date_gmt":"2024-09-20T06:55:22","guid":{"rendered":"https:\/\/legitgrams.com\/?post_type=product&#038;p=3843"},"modified":"2025-01-14T10:31:05","modified_gmt":"2025-01-14T10:31:05","slug":"oxykodon-40-mg-pilulky","status":"publish","type":"product","link":"https:\/\/legitgrams.com\/cs\/produkt\/oxykodon-40-mg-pilulky\/","title":{"rendered":"OxyCodone 40mg pilulky"},"content":{"rendered":"<h2>Koupit OxyCodone 40mg pilulky online<\/h2>\n<p>Objednat 40 mg tablety <a href=\"https:\/\/legitgrams.com\/cs\/produkt\/oxykodon-40-mg-pilulky\/\">OxyCodone online<\/a>. Prod\u00e1v\u00e1me tak\u00e9 kodein. L\u00e9ky, v\u010detn\u011b l\u00e9k\u016f proti bolesti, se pou\u017e\u00edvaj\u00ed celosv\u011btov\u011b.<\/p>\n<p>L\u00e9\u010dba st\u0159edn\u011b siln\u00e9 a\u017e siln\u00e9 bolesti se doporu\u010duje oxykodonem. Ozna\u010den\u00ed Pro st\u0159edn\u011b silnou a\u017e silnou chronickou bolest, kter\u00e1 vy\u017eaduje dlouhodob\u011b p\u016fsob\u00edc\u00ed opioidn\u00ed analgetika, jsou k dispozici tak\u00e9 p\u0159\u00edpravky s prodlou\u017een\u00fdm uvol\u0148ov\u00e1n\u00edm. <a href=\"https:\/\/legitgrams.com\/cs\/\">LegitGrams<\/a><\/p>\n<p>N\u00e1kup 40 mg pilulky OxyCodone online - n\u00e1kup OxyCodone, n\u00e1kup OxyCodone 40 mg pilulky, n\u00e1kup OxyCodone pilulky online, Kde koupit OxyCodone 40 mg pilulky: OxyCodone 40mg pills, OxyCodone for sale, koupit, USA, Kanada, Velk\u00e1 Brit\u00e1nie, n\u00e1kup, online, dodavatel\u00e9, bezpe\u010dn\u00e9 doru\u010den\u00ed, OxyCodone 40mg pills, OxyCodone for sale, koupit <a href=\"https:\/\/en.wikipedia.org\/wiki\/Oxycodone\">OxyCodone<\/a> 40mg online, kde koupit OxyCodone 40mg pilulky online St\u00e1le je k dispozici OxyCodone 40mg pilulky. M\u016f\u017eete zjistit, zda jsou pilulky OxyCodone 40mg leg\u00e1ln\u00ed ve Spojen\u00fdch st\u00e1tech, jak z\u00edskat pilulky OxyCodone 40mg a zda jsou leg\u00e1ln\u00ed v Kanad\u011b.<\/p>","protected":false},"excerpt":{"rendered":"<p>Purchase OxyCodone 40mg pills online Order 40 mg tablets of OxyCodone online. We are also selling codeine. Medications, including painkillers, are used globally. Treatment for moderate to severe pain is recommended by oxycodone. Labeling For moderate to severe chronic pain that calls for long-acting opioid analgesics, there are also sustained-release formulations available. LegitGrams Purchase 40 &hellip;<\/p>\n<p class=\"read-more\"> <a class=\"\" href=\"https:\/\/legitgrams.com\/cs\/produkt\/oxykodon-40-mg-pilulky\/\"> <span class=\"screen-reader-text\">OxyCodone 40mg pilulky<\/span> \u010c\u00edst d\u00e1l \"<\/a><\/p>","protected":false},"featured_media":5218,"comment_status":"open","ping_status":"closed","template":"","meta":{"_uag_custom_page_level_css":"","site-sidebar-layout":"default","site-content-layout":"default","ast-global-header-display":"","ast-main-header-display":"","ast-hfb-above-header-display":"","ast-hfb-below-header-display":"","ast-hfb-mobile-header-display":"","site-post-title":"","ast-breadcrumbs-content":"","ast-featured-img":"","footer-sml-layout":"","theme-transparent-header-meta":"default","adv-header-id-meta":"","stick-header-meta":"default","header-above-stick-meta":"","header-main-stick-meta":"","header-below-stick-meta":"","_joinchat":[]},"product_brand":[],"product_cat":[608,597],"product_tag":[4740,4730,617,4722,4737,4734,4729,4727,4721,4724,4732,4723,4725,4733,4735,4742,4743,4741,4738,4739,4736,625,4728,4731,4726],"class_list":{"0":"post-3843","1":"product","2":"type-product","3":"status-publish","4":"has-post-thumbnail","6":"product_cat-pain-pills","7":"product_cat-pain-sleeping-sex-pills","8":"product_tag-best-cheap-price-oxycodone-40mg-pills","9":"product_tag-best-place-to-buy-oxycodone-40mg-pills","10":"product_tag-bulk-online","11":"product_tag-buy-oxycodone-40mg-pills","12":"product_tag-cheap-oxycodone-40mg-pills","13":"product_tag-high-quality-oxycodone-40mg-pills","14":"product_tag-how-to-buy-oxycodone-40mg-pills","15":"product_tag-order-oxycodone-40mg-pills","16":"product_tag-oxycodone-40mg-pills","17":"product_tag-oxycodone-40mg-pills-for-sale","18":"product_tag-oxycodone-40mg-pills-legally","19":"product_tag-oxycodone-40mg-pills-online","20":"product_tag-oxycodone-40mg-pills-oxycodone-40mg-pills-supplier","21":"product_tag-oxycodone-40mg-pills-price","22":"product_tag-oxycodone-40mg-pills-store","23":"product_tag-oxycodone-40mg-pills-use","24":"product_tag-oxycodone-40mg-pills-wiki","25":"product_tag-oxycodone-40mg-pills-worldwide","26":"product_tag-oxycodone-40mg-pillss","27":"product_tag-purcharse-oxycodone-40mg-pills","28":"product_tag-shop-oxycodone-40mg-pills","29":"product_tag-top-quality","30":"product_tag-where-to-buy-oxycodone-40mg-pills","31":"product_tag-where-to-order-oxycodone-40mg-pills","32":"product_tag-wholesale-oxycodone-40mg-pills","33":"desktop-align-left","34":"tablet-align-left","35":"mobile-align-left","36":"ast-product-gallery-layout-horizontal","37":"ast-product-gallery-with-no-image","38":"ast-product-single-variable","39":"ast-product-tabs-layout-horizontal","40":"ast-qv-on-image","42":"first","43":"instock","44":"shipping-taxable","45":"purchasable","46":"product-type-variable"},"yoast_head":"<!-- This site is optimized with the Yoast SEO plugin v25.9 - https:\/\/yoast.com\/wordpress\/plugins\/seo\/ -->\n<title>OxyCodone 40mg Pills for Sale - Buy OxyCodone Pills Online<\/title>\n<meta name=\"description\" content=\"Looking to Buy OxyCodone 40mg pills Online? Discover a seamless platform at our online store where you can buy LOxyCodone 40mg pills , ensuring top-grade quality for your research needs.\" \/>\n<meta name=\"robots\" content=\"index, follow, max-snippet:-1, max-image-preview:large, max-video-preview:-1\" \/>\n<link rel=\"canonical\" href=\"https:\/\/legitgrams.com\/cs\/produkt\/oxykodon-40-mg-pilulky\/\" \/>\n<meta property=\"og:locale\" content=\"cs_CZ\" \/>\n<meta property=\"og:type\" content=\"article\" \/>\n<meta property=\"og:title\" content=\"OxyCodone 40mg Pills for Sale - Buy OxyCodone Pills Online\" \/>\n<meta property=\"og:description\" content=\"Looking to Buy OxyCodone 40mg pills Online? Discover a seamless platform at our online store where you can buy LOxyCodone 40mg pills , ensuring top-grade quality for your research needs.\" \/>\n<meta property=\"og:url\" content=\"https:\/\/legitgrams.com\/cs\/produkt\/oxykodon-40-mg-pilulky\/\" \/>\n<meta property=\"og:site_name\" content=\"Legit Grams\" \/>\n<meta property=\"article:modified_time\" content=\"2025-01-14T10:31:05+00:00\" \/>\n<meta property=\"og:image\" content=\"https:\/\/legitgrams.com\/wp-content\/uploads\/2024\/09\/buy-oxycodone-40mg-pills-online.jpg\" \/>\n\t<meta property=\"og:image:width\" content=\"600\" \/>\n\t<meta property=\"og:image:height\" content=\"600\" \/>\n\t<meta property=\"og:image:type\" content=\"image\/jpeg\" \/>\n<meta name=\"twitter:card\" content=\"summary_large_image\" \/>\n<meta name=\"twitter:label1\" content=\"Odhadovan\u00e1 doba \u010dten\u00ed\" \/>\n\t<meta name=\"twitter:data1\" content=\"1 minuta\" \/>\n<script type=\"application\/ld+json\" class=\"yoast-schema-graph\">{\"@context\":\"https:\/\/schema.org\",\"@graph\":[{\"@type\":\"WebPage\",\"@id\":\"https:\/\/legitgrams.com\/product\/oxycodone-40mg-pills\/\",\"url\":\"https:\/\/legitgrams.com\/product\/oxycodone-40mg-pills\/\",\"name\":\"OxyCodone 40mg Pills for Sale - Buy OxyCodone Pills Online\",\"isPartOf\":{\"@id\":\"https:\/\/legitgrams.com\/#website\"},\"primaryImageOfPage\":{\"@id\":\"https:\/\/legitgrams.com\/product\/oxycodone-40mg-pills\/#primaryimage\"},\"image\":{\"@id\":\"https:\/\/legitgrams.com\/product\/oxycodone-40mg-pills\/#primaryimage\"},\"thumbnailUrl\":\"https:\/\/legitgrams.com\/wp-content\/uploads\/2024\/09\/buy-oxycodone-40mg-pills-online.jpg\",\"datePublished\":\"2024-09-20T06:55:22+00:00\",\"dateModified\":\"2025-01-14T10:31:05+00:00\",\"description\":\"Looking to Buy OxyCodone 40mg pills Online? Discover a seamless platform at our online store where you can buy LOxyCodone 40mg pills , ensuring top-grade quality for your research needs.\",\"breadcrumb\":{\"@id\":\"https:\/\/legitgrams.com\/product\/oxycodone-40mg-pills\/#breadcrumb\"},\"inLanguage\":\"cs\",\"potentialAction\":[{\"@type\":\"ReadAction\",\"target\":[\"https:\/\/legitgrams.com\/product\/oxycodone-40mg-pills\/\"]}]},{\"@type\":\"ImageObject\",\"inLanguage\":\"cs\",\"@id\":\"https:\/\/legitgrams.com\/product\/oxycodone-40mg-pills\/#primaryimage\",\"url\":\"https:\/\/legitgrams.com\/wp-content\/uploads\/2024\/09\/buy-oxycodone-40mg-pills-online.jpg\",\"contentUrl\":\"https:\/\/legitgrams.com\/wp-content\/uploads\/2024\/09\/buy-oxycodone-40mg-pills-online.jpg\",\"width\":600,\"height\":600,\"caption\":\"OxyCodone 40mg Pills for Sale\"},{\"@type\":\"BreadcrumbList\",\"@id\":\"https:\/\/legitgrams.com\/product\/oxycodone-40mg-pills\/#breadcrumb\",\"itemListElement\":[{\"@type\":\"ListItem\",\"position\":1,\"name\":\"Home\",\"item\":\"https:\/\/legitgrams.com\/\"},{\"@type\":\"ListItem\",\"position\":2,\"name\":\"Shop\",\"item\":\"https:\/\/legitgrams.com\/shop\/\"},{\"@type\":\"ListItem\",\"position\":3,\"name\":\"OxyCodone 40mg pills\"}]},{\"@type\":\"WebSite\",\"@id\":\"https:\/\/legitgrams.com\/#website\",\"url\":\"https:\/\/legitgrams.com\/\",\"name\":\"Legit Grams\",\"description\":\"My WordPress Blog\",\"publisher\":{\"@id\":\"https:\/\/legitgrams.com\/#organization\"},\"potentialAction\":[{\"@type\":\"SearchAction\",\"target\":{\"@type\":\"EntryPoint\",\"urlTemplate\":\"https:\/\/legitgrams.com\/?s={search_term_string}\"},\"query-input\":{\"@type\":\"PropertyValueSpecification\",\"valueRequired\":true,\"valueName\":\"search_term_string\"}}],\"inLanguage\":\"cs\"},{\"@type\":\"Organization\",\"@id\":\"https:\/\/legitgrams.com\/#organization\",\"name\":\"Legit Grams\",\"url\":\"https:\/\/legitgrams.com\/\",\"logo\":{\"@type\":\"ImageObject\",\"inLanguage\":\"cs\",\"@id\":\"https:\/\/legitgrams.com\/#\/schema\/logo\/image\/\",\"url\":\"https:\/\/legitgrams.com\/wp-content\/uploads\/2024\/09\/main-logo.png\",\"contentUrl\":\"https:\/\/legitgrams.com\/wp-content\/uploads\/2024\/09\/main-logo.png\",\"width\":270,\"height\":75,\"caption\":\"Legit Grams\"},\"image\":{\"@id\":\"https:\/\/legitgrams.com\/#\/schema\/logo\/image\/\"}}]}<\/script>\n<!-- \/ Yoast SEO plugin. -->","yoast_head_json":{"title":"OxyCodone 40mg pilulky na prodej \u2013 koupit OxyCodone pilulky online","description":"Hled\u00e1te koupit OxyCodone 40 mg pilulky online? Objevte bezprobl\u00e9movou platformu v na\u0161em internetov\u00e9m obchod\u011b, kde si m\u016f\u017eete koupit LOxyCodone 40mg pilulky , co\u017e zaji\u0161\u0165uje \u0161pi\u010dkovou kvalitu pro va\u0161e v\u00fdzkumn\u00e9 pot\u0159eby.","robots":{"index":"index","follow":"follow","max-snippet":"max-snippet:-1","max-image-preview":"max-image-preview:large","max-video-preview":"max-video-preview:-1"},"canonical":"https:\/\/legitgrams.com\/cs\/produkt\/oxykodon-40-mg-pilulky\/","og_locale":"cs_CZ","og_type":"article","og_title":"OxyCodone 40mg Pills for Sale - Buy OxyCodone Pills Online","og_description":"Looking to Buy OxyCodone 40mg pills Online? Discover a seamless platform at our online store where you can buy LOxyCodone 40mg pills , ensuring top-grade quality for your research needs.","og_url":"https:\/\/legitgrams.com\/cs\/produkt\/oxykodon-40-mg-pilulky\/","og_site_name":"Legit Grams","article_modified_time":"2025-01-14T10:31:05+00:00","og_image":[{"width":600,"height":600,"url":"https:\/\/legitgrams.com\/wp-content\/uploads\/2024\/09\/buy-oxycodone-40mg-pills-online.jpg","type":"image\/jpeg"}],"twitter_card":"summary_large_image","twitter_misc":{"Odhadovan\u00e1 doba \u010dten\u00ed":"1 minuta"},"schema":{"@context":"https:\/\/schema.org","@graph":[{"@type":"WebPage","@id":"https:\/\/legitgrams.com\/product\/oxycodone-40mg-pills\/","url":"https:\/\/legitgrams.com\/product\/oxycodone-40mg-pills\/","name":"OxyCodone 40mg pilulky na prodej \u2013 koupit OxyCodone pilulky online","isPartOf":{"@id":"https:\/\/legitgrams.com\/#website"},"primaryImageOfPage":{"@id":"https:\/\/legitgrams.com\/product\/oxycodone-40mg-pills\/#primaryimage"},"image":{"@id":"https:\/\/legitgrams.com\/product\/oxycodone-40mg-pills\/#primaryimage"},"thumbnailUrl":"https:\/\/legitgrams.com\/wp-content\/uploads\/2024\/09\/buy-oxycodone-40mg-pills-online.jpg","datePublished":"2024-09-20T06:55:22+00:00","dateModified":"2025-01-14T10:31:05+00:00","description":"Hled\u00e1te koupit OxyCodone 40 mg pilulky online? Objevte bezprobl\u00e9movou platformu v na\u0161em internetov\u00e9m obchod\u011b, kde si m\u016f\u017eete koupit LOxyCodone 40mg pilulky , co\u017e zaji\u0161\u0165uje \u0161pi\u010dkovou kvalitu pro va\u0161e v\u00fdzkumn\u00e9 pot\u0159eby.","breadcrumb":{"@id":"https:\/\/legitgrams.com\/product\/oxycodone-40mg-pills\/#breadcrumb"},"inLanguage":"cs","potentialAction":[{"@type":"ReadAction","target":["https:\/\/legitgrams.com\/product\/oxycodone-40mg-pills\/"]}]},{"@type":"ImageObject","inLanguage":"cs","@id":"https:\/\/legitgrams.com\/product\/oxycodone-40mg-pills\/#primaryimage","url":"https:\/\/legitgrams.com\/wp-content\/uploads\/2024\/09\/buy-oxycodone-40mg-pills-online.jpg","contentUrl":"https:\/\/legitgrams.com\/wp-content\/uploads\/2024\/09\/buy-oxycodone-40mg-pills-online.jpg","width":600,"height":600,"caption":"OxyCodone 40mg Pills for Sale"},{"@type":"BreadcrumbList","@id":"https:\/\/legitgrams.com\/product\/oxycodone-40mg-pills\/#breadcrumb","itemListElement":[{"@type":"ListItem","position":1,"name":"Home","item":"https:\/\/legitgrams.com\/"},{"@type":"ListItem","position":2,"name":"Shop","item":"https:\/\/legitgrams.com\/shop\/"},{"@type":"ListItem","position":3,"name":"OxyCodone 40mg pills"}]},{"@type":"WebSite","@id":"https:\/\/legitgrams.com\/#website","url":"https:\/\/legitgrams.com\/","name":"Leg\u00e1ln\u00ed gramy","description":"M\u016fj blog WordPress","publisher":{"@id":"https:\/\/legitgrams.com\/#organization"},"potentialAction":[{"@type":"SearchAction","target":{"@type":"EntryPoint","urlTemplate":"https:\/\/legitgrams.com\/?s={search_term_string}"},"query-input":{"@type":"PropertyValueSpecification","valueRequired":true,"valueName":"search_term_string"}}],"inLanguage":"cs"},{"@type":"Organization","@id":"https:\/\/legitgrams.com\/#organization","name":"Leg\u00e1ln\u00ed gramy","url":"https:\/\/legitgrams.com\/","logo":{"@type":"ImageObject","inLanguage":"cs","@id":"https:\/\/legitgrams.com\/#\/schema\/logo\/image\/","url":"https:\/\/legitgrams.com\/wp-content\/uploads\/2024\/09\/main-logo.png","contentUrl":"https:\/\/legitgrams.com\/wp-content\/uploads\/2024\/09\/main-logo.png","width":270,"height":75,"caption":"Legit Grams"},"image":{"@id":"https:\/\/legitgrams.com\/#\/schema\/logo\/image\/"}}]}},"uagb_featured_image_src":{"full":["https:\/\/legitgrams.com\/wp-content\/uploads\/2024\/09\/buy-oxycodone-40mg-pills-online.jpg",600,600,false],"thumbnail":["https:\/\/legitgrams.com\/wp-content\/uploads\/2024\/09\/buy-oxycodone-40mg-pills-online-150x150.jpg",150,150,true],"medium":["https:\/\/legitgrams.com\/wp-content\/uploads\/2024\/09\/buy-oxycodone-40mg-pills-online-300x300.jpg",300,300,true],"medium_large":["https:\/\/legitgrams.com\/wp-content\/uploads\/2024\/09\/buy-oxycodone-40mg-pills-online.jpg",600,600,false],"large":["https:\/\/legitgrams.com\/wp-content\/uploads\/2024\/09\/buy-oxycodone-40mg-pills-online.jpg",600,600,false],"1536x1536":["https:\/\/legitgrams.com\/wp-content\/uploads\/2024\/09\/buy-oxycodone-40mg-pills-online.jpg",600,600,false],"2048x2048":["https:\/\/legitgrams.com\/wp-content\/uploads\/2024\/09\/buy-oxycodone-40mg-pills-online.jpg",600,600,false],"trp-custom-language-flag":["https:\/\/legitgrams.com\/wp-content\/uploads\/2024\/09\/buy-oxycodone-40mg-pills-online-12x12.jpg",12,12,true],"woocommerce_thumbnail":["https:\/\/legitgrams.com\/wp-content\/uploads\/2024\/09\/buy-oxycodone-40mg-pills-online-300x300.jpg",300,300,true],"woocommerce_single":["https:\/\/legitgrams.com\/wp-content\/uploads\/2024\/09\/buy-oxycodone-40mg-pills-online.jpg",600,600,false],"woocommerce_gallery_thumbnail":["https:\/\/legitgrams.com\/wp-content\/uploads\/2024\/09\/buy-oxycodone-40mg-pills-online-100x100.jpg",100,100,true]},"uagb_author_info":{"display_name":"cokeblog18","author_link":"https:\/\/legitgrams.com\/cs\/author\/"},"uagb_comment_info":0,"uagb_excerpt":"Purchase OxyCodone 40mg pills online Order 40 mg tablets of OxyCodone online. We are also selling codeine. Medications, including painkillers, are used globally. Treatment for moderate to severe pain is recommended by oxycodone. Labeling For moderate to severe chronic pain that calls for long-acting opioid analgesics, there are also sustained-release formulations available. LegitGrams Purchase 40&hellip;","_links":{"self":[{"href":"https:\/\/legitgrams.com\/cs\/wp-json\/wp\/v2\/product\/3843","targetHints":{"allow":["GET"]}}],"collection":[{"href":"https:\/\/legitgrams.com\/cs\/wp-json\/wp\/v2\/product"}],"about":[{"href":"https:\/\/legitgrams.com\/cs\/wp-json\/wp\/v2\/types\/product"}],"replies":[{"embeddable":true,"href":"https:\/\/legitgrams.com\/cs\/wp-json\/wp\/v2\/comments?post=3843"}],"wp:featuredmedia":[{"embeddable":true,"href":"https:\/\/legitgrams.com\/cs\/wp-json\/wp\/v2\/media\/5218"}],"wp:attachment":[{"href":"https:\/\/legitgrams.com\/cs\/wp-json\/wp\/v2\/media?parent=3843"}],"wp:term":[{"taxonomy":"product_brand","embeddable":true,"href":"https:\/\/legitgrams.com\/cs\/wp-json\/wp\/v2\/product_brand?post=3843"},{"taxonomy":"product_cat","embeddable":true,"href":"https:\/\/legitgrams.com\/cs\/wp-json\/wp\/v2\/product_cat?post=3843"},{"taxonomy":"product_tag","embeddable":true,"href":"https:\/\/legitgrams.com\/cs\/wp-json\/wp\/v2\/product_tag?post=3843"}],"curies":[{"name":"wp","href":"https:\/\/api.w.org\/{rel}","templated":true}]}}