{"id":3858,"date":"2024-09-20T08:18:34","date_gmt":"2024-09-20T08:18:34","guid":{"rendered":"https:\/\/legitgrams.com\/?post_type=product&#038;p=3858"},"modified":"2025-03-08T06:03:18","modified_gmt":"2025-03-08T06:03:18","slug":"vicodin","status":"publish","type":"product","link":"https:\/\/legitgrams.com\/cs\/produkt\/vicodin\/","title":{"rendered":"Koupit Vicodin online"},"content":{"rendered":"<h2>Koupit Vicodin online<\/h2>\n<p>N\u00e1kup <a href=\"https:\/\/en.wikipedia.org\/?title=Vicodin&amp;redirect=no\">Vicodin<\/a> online. Pro st\u0159edn\u011b silnou a\u017e silnou bolest se pou\u017e\u00edv\u00e1 hydrokodon. zahrnuje jak neopioidn\u00ed analgetikum (<a href=\"https:\/\/www.bing.com\/search?q=Buy%20Vicodin%20Online&amp;qs=n&amp;form=QBRE&amp;sp=-1&amp;lq=0&amp;pq=buy%20vicodin%20online&amp;sc=0-18&amp;sk=&amp;cvid=212465863F0C43C49B9E2B6C93743453&amp;ghsh=0&amp;ghacc=0&amp;ghpl=\">paracetamol<\/a>) a opioidn\u00ed analgetikum (hydrokodon). Zp\u016fsob, jak\u00fdm va\u0161e t\u011blo vn\u00edm\u00e1 a reaguje na bolest, je ovlivn\u011bn p\u016fsoben\u00edm hydrokodonu na mozek. Teplotu lze tak\u00e9 sn\u00ed\u017eit pomoc\u00ed paracetamolu. Kupte si analgetika a sedativa.<\/p>\n<p>N\u00e1kup <a href=\"https:\/\/legitgrams.com\/cs\/produkt\/vicodin\/\">Vicodin hydrokodonov\u00e9 pilulky<\/a> online &#8211; purchase Vicodin hydrocodone pills online &#8211; <a href=\"https:\/\/www.google.com\/search?q=Buy+Vicodin+Online&amp;num=10&amp;sca_esv=1a2a07081c7891bb&amp;rlz=1C1RXQR_enIN1098IN1098&amp;sxsrf=AHTn8zqYIO3tsa4sPL9PSiZSZmrTzDtFLg%3A1741413704378&amp;ei=SN3LZ9HsFpmKnesPvIqTiAE&amp;ved=0ahUKEwjRsIbK5_mLAxUZRWcHHTzFBBEQ4dUDCBI&amp;uact=5&amp;oq=Buy+Vicodin+Online&amp;gs_lp=Egxnd3Mtd2l6LXNlcnAiEkJ1eSBWaWNvZGluIE9ubGluZUjdB1DjA1jjA3ADeACQAQCYAbgBoAG4AaoBAzAuMbgBA8gBAPgBAvgBAZgCAKACAJgDAIgGAZIHAKAHRg&amp;sclient=gws-wiz-serp\">koupit hydrokodonov\u00e9 pilulky online<\/a>, Kde koupit Vicodin Hydrocodone Pills: USA, Kanada, Spojen\u00e9 kr\u00e1lovstv\u00ed, koupit, online, dodavatel\u00e9, bezpe\u010dn\u00e9 doru\u010den\u00ed, Vicodin hydrokodonov\u00e9 pilulky na prodej, hydrokodonov\u00e9 pilulky na prodej, koupit Vicodinov\u00e9 pilulky online, kde <a href=\"https:\/\/duckduckgo.com\/?q=Koupit+Vicodin+online&amp;t=h_\">Koupit Vicodin hydrokodonov\u00e9 pilulky online<\/a> Vicodin hydrocodone tablets are still available. You can find out if they are legal in Canada, if they are available in the United States, where to get them online, and how to order them. <a href=\"https:\/\/legitgrams.com\/cs\/\">LegitGrams<\/a><\/p>","protected":false},"excerpt":{"rendered":"<p>Purchase Vicodin Online Purchase Vicodin online. For moderate to severe pain, hydrocodone is utilized. includes both a non-opioid analgesic (paracetamol) and an opioid analgesic (hydrocodone). The way your body perceives and reacts to pain is altered by hydrocodone&#8217;s action on the brain. The temperature can also be lowered using acetaminophen. Purchase analgesics and sedatives. Purchase &hellip;<\/p>\n<p class=\"read-more\"> <a class=\"\" href=\"https:\/\/legitgrams.com\/cs\/produkt\/vicodin\/\"> <span class=\"screen-reader-text\">Koupit Vicodin online<\/span> \u010c\u00edst d\u00e1l \"<\/a><\/p>","protected":false},"featured_media":5226,"comment_status":"open","ping_status":"closed","template":"","meta":{"_uag_custom_page_level_css":"","site-sidebar-layout":"default","site-content-layout":"default","ast-global-header-display":"","ast-main-header-display":"","ast-hfb-above-header-display":"","ast-hfb-below-header-display":"","ast-hfb-mobile-header-display":"","site-post-title":"","ast-breadcrumbs-content":"","ast-featured-img":"","footer-sml-layout":"","theme-transparent-header-meta":"default","adv-header-id-meta":"","stick-header-meta":"default","header-above-stick-meta":"","header-main-stick-meta":"","header-below-stick-meta":"","_joinchat":[]},"product_brand":[],"product_cat":[608,597],"product_tag":[4625,4615,617,4607,4622,4619,4614,4612,4624,4621,625,4606,4609,4617,4608,4618,4620,4627,4610,4628,4626,4623,4613,4616,4611],"class_list":{"0":"post-3858","1":"product","2":"type-product","3":"status-publish","4":"has-post-thumbnail","6":"product_cat-pain-pills","7":"product_cat-pain-sleeping-sex-pills","8":"product_tag-best-cheap-price-vicodin","9":"product_tag-best-place-to-buy-vicodin","10":"product_tag-bulk-online","11":"product_tag-buy-vicodin","12":"product_tag-cheap-vicodin","13":"product_tag-high-quality-vicodin","14":"product_tag-how-to-buy-vicodin","15":"product_tag-order-vicodin","16":"product_tag-purcharse-vicodin","17":"product_tag-shop-vicodin","18":"product_tag-top-quality","19":"product_tag-vicodin","20":"product_tag-vicodin-for-sale","21":"product_tag-vicodin-legally","22":"product_tag-vicodin-online","23":"product_tag-vicodin-price","24":"product_tag-vicodin-store","25":"product_tag-vicodin-use","26":"product_tag-vicodin-vicodin-supplier","27":"product_tag-vicodin-wiki","28":"product_tag-vicodin-worldwide","29":"product_tag-vicodins","30":"product_tag-where-to-buy-vicodin","31":"product_tag-where-to-order-vicodin","32":"product_tag-wholesale-vicodin","33":"desktop-align-left","34":"tablet-align-left","35":"mobile-align-left","36":"ast-product-gallery-layout-horizontal","37":"ast-product-gallery-with-no-image","38":"ast-product-single-variable","39":"ast-product-tabs-layout-horizontal","40":"ast-qv-on-image","42":"first","43":"instock","44":"featured","45":"shipping-taxable","46":"purchasable","47":"product-type-variable"},"yoast_head":"<!-- This site is optimized with the Yoast SEO plugin v25.9 - https:\/\/yoast.com\/wordpress\/plugins\/seo\/ -->\n<title>Vicodin Pills for Sale - Order Vicodin Online | LegitGrams<\/title>\n<meta name=\"description\" content=\"If you want to buy vicodin pills online and looking for a reliable online store, then buy here. We offer only high-quality vicodin for sale at affordable price. Order Vicodin Now!\" \/>\n<meta name=\"robots\" content=\"index, follow, max-snippet:-1, max-image-preview:large, max-video-preview:-1\" \/>\n<link rel=\"canonical\" href=\"https:\/\/legitgrams.com\/cs\/produkt\/vicodin\/\" \/>\n<meta property=\"og:locale\" content=\"cs_CZ\" \/>\n<meta property=\"og:type\" content=\"article\" \/>\n<meta property=\"og:title\" content=\"Vicodin Pills for Sale - Order Vicodin Online | LegitGrams\" \/>\n<meta property=\"og:description\" content=\"If you want to buy vicodin pills online and looking for a reliable online store, then buy here. We offer only high-quality vicodin for sale at affordable price. Order Vicodin Now!\" \/>\n<meta property=\"og:url\" content=\"https:\/\/legitgrams.com\/cs\/produkt\/vicodin\/\" \/>\n<meta property=\"og:site_name\" content=\"Legit Grams\" \/>\n<meta property=\"article:modified_time\" content=\"2025-03-08T06:03:18+00:00\" \/>\n<meta property=\"og:image\" content=\"https:\/\/legitgrams.com\/wp-content\/uploads\/2024\/09\/buy-vicodin-hydrocodone-pills-online.jpg\" \/>\n\t<meta property=\"og:image:width\" content=\"600\" \/>\n\t<meta property=\"og:image:height\" content=\"600\" \/>\n\t<meta property=\"og:image:type\" content=\"image\/jpeg\" \/>\n<meta name=\"twitter:card\" content=\"summary_large_image\" \/>\n<meta name=\"twitter:label1\" content=\"Odhadovan\u00e1 doba \u010dten\u00ed\" \/>\n\t<meta name=\"twitter:data1\" content=\"1 minuta\" \/>\n<script type=\"application\/ld+json\" class=\"yoast-schema-graph\">{\"@context\":\"https:\/\/schema.org\",\"@graph\":[{\"@type\":\"WebPage\",\"@id\":\"https:\/\/legitgrams.com\/product\/vicodin\/\",\"url\":\"https:\/\/legitgrams.com\/product\/vicodin\/\",\"name\":\"Vicodin Pills for Sale - Order Vicodin Online | LegitGrams\",\"isPartOf\":{\"@id\":\"https:\/\/legitgrams.com\/#website\"},\"primaryImageOfPage\":{\"@id\":\"https:\/\/legitgrams.com\/product\/vicodin\/#primaryimage\"},\"image\":{\"@id\":\"https:\/\/legitgrams.com\/product\/vicodin\/#primaryimage\"},\"thumbnailUrl\":\"https:\/\/legitgrams.com\/wp-content\/uploads\/2024\/09\/buy-vicodin-hydrocodone-pills-online.jpg\",\"datePublished\":\"2024-09-20T08:18:34+00:00\",\"dateModified\":\"2025-03-08T06:03:18+00:00\",\"description\":\"If you want to buy vicodin pills online and looking for a reliable online store, then buy here. We offer only high-quality vicodin for sale at affordable price. Order Vicodin Now!\",\"breadcrumb\":{\"@id\":\"https:\/\/legitgrams.com\/product\/vicodin\/#breadcrumb\"},\"inLanguage\":\"cs\",\"potentialAction\":[{\"@type\":\"ReadAction\",\"target\":[\"https:\/\/legitgrams.com\/product\/vicodin\/\"]}]},{\"@type\":\"ImageObject\",\"inLanguage\":\"cs\",\"@id\":\"https:\/\/legitgrams.com\/product\/vicodin\/#primaryimage\",\"url\":\"https:\/\/legitgrams.com\/wp-content\/uploads\/2024\/09\/buy-vicodin-hydrocodone-pills-online.jpg\",\"contentUrl\":\"https:\/\/legitgrams.com\/wp-content\/uploads\/2024\/09\/buy-vicodin-hydrocodone-pills-online.jpg\",\"width\":600,\"height\":600,\"caption\":\"Vicodin Pills for Sale\"},{\"@type\":\"BreadcrumbList\",\"@id\":\"https:\/\/legitgrams.com\/product\/vicodin\/#breadcrumb\",\"itemListElement\":[{\"@type\":\"ListItem\",\"position\":1,\"name\":\"Home\",\"item\":\"https:\/\/legitgrams.com\/\"},{\"@type\":\"ListItem\",\"position\":2,\"name\":\"Shop\",\"item\":\"https:\/\/legitgrams.com\/shop\/\"},{\"@type\":\"ListItem\",\"position\":3,\"name\":\"Buy Vicodin Online\"}]},{\"@type\":\"WebSite\",\"@id\":\"https:\/\/legitgrams.com\/#website\",\"url\":\"https:\/\/legitgrams.com\/\",\"name\":\"Legit Grams\",\"description\":\"My WordPress Blog\",\"publisher\":{\"@id\":\"https:\/\/legitgrams.com\/#organization\"},\"potentialAction\":[{\"@type\":\"SearchAction\",\"target\":{\"@type\":\"EntryPoint\",\"urlTemplate\":\"https:\/\/legitgrams.com\/?s={search_term_string}\"},\"query-input\":{\"@type\":\"PropertyValueSpecification\",\"valueRequired\":true,\"valueName\":\"search_term_string\"}}],\"inLanguage\":\"cs\"},{\"@type\":\"Organization\",\"@id\":\"https:\/\/legitgrams.com\/#organization\",\"name\":\"Legit Grams\",\"url\":\"https:\/\/legitgrams.com\/\",\"logo\":{\"@type\":\"ImageObject\",\"inLanguage\":\"cs\",\"@id\":\"https:\/\/legitgrams.com\/#\/schema\/logo\/image\/\",\"url\":\"https:\/\/legitgrams.com\/wp-content\/uploads\/2024\/09\/main-logo.png\",\"contentUrl\":\"https:\/\/legitgrams.com\/wp-content\/uploads\/2024\/09\/main-logo.png\",\"width\":270,\"height\":75,\"caption\":\"Legit Grams\"},\"image\":{\"@id\":\"https:\/\/legitgrams.com\/#\/schema\/logo\/image\/\"}}]}<\/script>\n<!-- \/ Yoast SEO plugin. -->","yoast_head_json":{"title":"Vicodin pilulky na prodej - objednat Vicodin online | LegitGrams","description":"Pokud si chcete koupit vicodin pilulky online a hled\u00e1te spolehliv\u00fd internetov\u00fd obchod, pak si kupte zde. Nab\u00edz\u00edme pouze vysoce kvalitn\u00ed vicodin na prodej za p\u0159ijatelnou cenu. Objednejte si Vicodin nyn\u00ed!","robots":{"index":"index","follow":"follow","max-snippet":"max-snippet:-1","max-image-preview":"max-image-preview:large","max-video-preview":"max-video-preview:-1"},"canonical":"https:\/\/legitgrams.com\/cs\/produkt\/vicodin\/","og_locale":"cs_CZ","og_type":"article","og_title":"Vicodin Pills for Sale - Order Vicodin Online | LegitGrams","og_description":"If you want to buy vicodin pills online and looking for a reliable online store, then buy here. We offer only high-quality vicodin for sale at affordable price. Order Vicodin Now!","og_url":"https:\/\/legitgrams.com\/cs\/produkt\/vicodin\/","og_site_name":"Legit Grams","article_modified_time":"2025-03-08T06:03:18+00:00","og_image":[{"width":600,"height":600,"url":"https:\/\/legitgrams.com\/wp-content\/uploads\/2024\/09\/buy-vicodin-hydrocodone-pills-online.jpg","type":"image\/jpeg"}],"twitter_card":"summary_large_image","twitter_misc":{"Odhadovan\u00e1 doba \u010dten\u00ed":"1 minuta"},"schema":{"@context":"https:\/\/schema.org","@graph":[{"@type":"WebPage","@id":"https:\/\/legitgrams.com\/product\/vicodin\/","url":"https:\/\/legitgrams.com\/product\/vicodin\/","name":"Vicodin pilulky na prodej - objednat Vicodin online | LegitGrams","isPartOf":{"@id":"https:\/\/legitgrams.com\/#website"},"primaryImageOfPage":{"@id":"https:\/\/legitgrams.com\/product\/vicodin\/#primaryimage"},"image":{"@id":"https:\/\/legitgrams.com\/product\/vicodin\/#primaryimage"},"thumbnailUrl":"https:\/\/legitgrams.com\/wp-content\/uploads\/2024\/09\/buy-vicodin-hydrocodone-pills-online.jpg","datePublished":"2024-09-20T08:18:34+00:00","dateModified":"2025-03-08T06:03:18+00:00","description":"Pokud si chcete koupit vicodin pilulky online a hled\u00e1te spolehliv\u00fd internetov\u00fd obchod, pak si kupte zde. Nab\u00edz\u00edme pouze vysoce kvalitn\u00ed vicodin na prodej za p\u0159ijatelnou cenu. Objednejte si Vicodin nyn\u00ed!","breadcrumb":{"@id":"https:\/\/legitgrams.com\/product\/vicodin\/#breadcrumb"},"inLanguage":"cs","potentialAction":[{"@type":"ReadAction","target":["https:\/\/legitgrams.com\/product\/vicodin\/"]}]},{"@type":"ImageObject","inLanguage":"cs","@id":"https:\/\/legitgrams.com\/product\/vicodin\/#primaryimage","url":"https:\/\/legitgrams.com\/wp-content\/uploads\/2024\/09\/buy-vicodin-hydrocodone-pills-online.jpg","contentUrl":"https:\/\/legitgrams.com\/wp-content\/uploads\/2024\/09\/buy-vicodin-hydrocodone-pills-online.jpg","width":600,"height":600,"caption":"Vicodin Pills for Sale"},{"@type":"BreadcrumbList","@id":"https:\/\/legitgrams.com\/product\/vicodin\/#breadcrumb","itemListElement":[{"@type":"ListItem","position":1,"name":"Home","item":"https:\/\/legitgrams.com\/"},{"@type":"ListItem","position":2,"name":"Shop","item":"https:\/\/legitgrams.com\/shop\/"},{"@type":"ListItem","position":3,"name":"Buy Vicodin Online"}]},{"@type":"WebSite","@id":"https:\/\/legitgrams.com\/#website","url":"https:\/\/legitgrams.com\/","name":"Leg\u00e1ln\u00ed gramy","description":"M\u016fj blog WordPress","publisher":{"@id":"https:\/\/legitgrams.com\/#organization"},"potentialAction":[{"@type":"SearchAction","target":{"@type":"EntryPoint","urlTemplate":"https:\/\/legitgrams.com\/?s={search_term_string}"},"query-input":{"@type":"PropertyValueSpecification","valueRequired":true,"valueName":"search_term_string"}}],"inLanguage":"cs"},{"@type":"Organization","@id":"https:\/\/legitgrams.com\/#organization","name":"Leg\u00e1ln\u00ed gramy","url":"https:\/\/legitgrams.com\/","logo":{"@type":"ImageObject","inLanguage":"cs","@id":"https:\/\/legitgrams.com\/#\/schema\/logo\/image\/","url":"https:\/\/legitgrams.com\/wp-content\/uploads\/2024\/09\/main-logo.png","contentUrl":"https:\/\/legitgrams.com\/wp-content\/uploads\/2024\/09\/main-logo.png","width":270,"height":75,"caption":"Legit Grams"},"image":{"@id":"https:\/\/legitgrams.com\/#\/schema\/logo\/image\/"}}]}},"uagb_featured_image_src":{"full":["https:\/\/legitgrams.com\/wp-content\/uploads\/2024\/09\/buy-vicodin-hydrocodone-pills-online.jpg",600,600,false],"thumbnail":["https:\/\/legitgrams.com\/wp-content\/uploads\/2024\/09\/buy-vicodin-hydrocodone-pills-online-150x150.jpg",150,150,true],"medium":["https:\/\/legitgrams.com\/wp-content\/uploads\/2024\/09\/buy-vicodin-hydrocodone-pills-online-300x300.jpg",300,300,true],"medium_large":["https:\/\/legitgrams.com\/wp-content\/uploads\/2024\/09\/buy-vicodin-hydrocodone-pills-online.jpg",600,600,false],"large":["https:\/\/legitgrams.com\/wp-content\/uploads\/2024\/09\/buy-vicodin-hydrocodone-pills-online.jpg",600,600,false],"1536x1536":["https:\/\/legitgrams.com\/wp-content\/uploads\/2024\/09\/buy-vicodin-hydrocodone-pills-online.jpg",600,600,false],"2048x2048":["https:\/\/legitgrams.com\/wp-content\/uploads\/2024\/09\/buy-vicodin-hydrocodone-pills-online.jpg",600,600,false],"trp-custom-language-flag":["https:\/\/legitgrams.com\/wp-content\/uploads\/2024\/09\/buy-vicodin-hydrocodone-pills-online-12x12.jpg",12,12,true],"woocommerce_thumbnail":["https:\/\/legitgrams.com\/wp-content\/uploads\/2024\/09\/buy-vicodin-hydrocodone-pills-online-300x300.jpg",300,300,true],"woocommerce_single":["https:\/\/legitgrams.com\/wp-content\/uploads\/2024\/09\/buy-vicodin-hydrocodone-pills-online.jpg",600,600,false],"woocommerce_gallery_thumbnail":["https:\/\/legitgrams.com\/wp-content\/uploads\/2024\/09\/buy-vicodin-hydrocodone-pills-online-100x100.jpg",100,100,true]},"uagb_author_info":{"display_name":"cokeblog18","author_link":"https:\/\/legitgrams.com\/cs\/author\/"},"uagb_comment_info":0,"uagb_excerpt":"Purchase Vicodin Online Purchase Vicodin online. For moderate to severe pain, hydrocodone is utilized. includes both a non-opioid analgesic (paracetamol) and an opioid analgesic (hydrocodone). The way your body perceives and reacts to pain is altered by hydrocodone&#8217;s action on the brain. The temperature can also be lowered using acetaminophen. Purchase analgesics and sedatives. Purchase&hellip;","_links":{"self":[{"href":"https:\/\/legitgrams.com\/cs\/wp-json\/wp\/v2\/product\/3858","targetHints":{"allow":["GET"]}}],"collection":[{"href":"https:\/\/legitgrams.com\/cs\/wp-json\/wp\/v2\/product"}],"about":[{"href":"https:\/\/legitgrams.com\/cs\/wp-json\/wp\/v2\/types\/product"}],"replies":[{"embeddable":true,"href":"https:\/\/legitgrams.com\/cs\/wp-json\/wp\/v2\/comments?post=3858"}],"wp:featuredmedia":[{"embeddable":true,"href":"https:\/\/legitgrams.com\/cs\/wp-json\/wp\/v2\/media\/5226"}],"wp:attachment":[{"href":"https:\/\/legitgrams.com\/cs\/wp-json\/wp\/v2\/media?parent=3858"}],"wp:term":[{"taxonomy":"product_brand","embeddable":true,"href":"https:\/\/legitgrams.com\/cs\/wp-json\/wp\/v2\/product_brand?post=3858"},{"taxonomy":"product_cat","embeddable":true,"href":"https:\/\/legitgrams.com\/cs\/wp-json\/wp\/v2\/product_cat?post=3858"},{"taxonomy":"product_tag","embeddable":true,"href":"https:\/\/legitgrams.com\/cs\/wp-json\/wp\/v2\/product_tag?post=3858"}],"curies":[{"name":"wp","href":"https:\/\/api.w.org\/{rel}","templated":true}]}}