{"id":3870,"date":"2024-09-20T09:31:11","date_gmt":"2024-09-20T09:31:11","guid":{"rendered":"https:\/\/legitgrams.com\/?post_type=product&#038;p=3870"},"modified":"2025-01-14T06:20:00","modified_gmt":"2025-01-14T06:20:00","slug":"imitrex-sumatriptan-100mg-pills","status":"publish","type":"product","link":"https:\/\/legitgrams.com\/cs\/produkt\/imitrex-sumatriptan-100mg-pills\/","title":{"rendered":"imitrex Sumatriptan 100mg pills"},"content":{"rendered":"<h2>Kupte si 100 mg tablety imitrex sumatriptan online.<\/h2>\n<p>Sna\u017e\u00edte se naj\u00edt rychlej\u0161\u00ed a \u00fa\u010dinn\u011bj\u0161\u00ed techniku, jak se zbavit migr\u00e9ny? M\u016f\u017eete zakoupit <a href=\"https:\/\/legitgrams.com\/cs\/produkt\/imitrex-sumatriptan-100mg-pills\/\">Sumatriptan<\/a> tablety z na\u0161\u00ed online l\u00e9k\u00e1rny se s\u00eddlem ve Spojen\u00e9m kr\u00e1lovstv\u00ed hned a dal\u0161\u00ed den si je nechte doru\u010dit samostatnou l\u00e9k\u00e1rnou. Sumatriptanov\u00e9 pilulky, generick\u00e1 verze zna\u010dkov\u00e9ho l\u00e9ku Immigrant, jsou nej\u010dast\u011bji p\u0159edepisovanou terapi\u00ed migr\u00e9ny ve Spojen\u00e9m kr\u00e1lovstv\u00ed.<\/p>\n<p>Po bezplatn\u00e9 konzultaci poskytujeme 50 mg a 100 mg tablety sumatriptanu k online n\u00e1kupu. P\u0159i spr\u00e1vn\u00e9m u\u017e\u00edv\u00e1n\u00ed s l\u00e9ky proti bolesti nebo l\u00e9ky proti nemocem v\u00e1m sumatriptan m\u016f\u017ee pomoci zvl\u00e1dnout migr\u00e9ny rychle a efektivn\u011b, tak\u017ee m\u016f\u017eete pokra\u010dovat ve sv\u00e9m dni. <a href=\"https:\/\/legitgrams.com\/cs\/\">LegitGrams<\/a><\/p>\n<p>Koupit 100 mg pilulky imitrex online: koupit 100 mg <a href=\"https:\/\/en.wikipedia.org\/wiki\/Sumatriptan\">imitrex<\/a> pilulky, koupit imitrex, Koupit pilulky imitrex 100 mg online \u2013 koupit pilulky imitrex 100 mg, koupit pilulky imitrex 100 mg, koupit pilulky imitrex 100 mg, Kde koupit pilulky imitrex 100 mg, Kde zakoupit imitrex 100 mg pilulky Imitrip0 mg na prodej, Imitriptan na prodej, Koupit Sumatriptan 100 mg pilulky, Kde koupit imitrex 100 mg pilulky, Imitriptan 100 mg pilulky na prodej ve Spojen\u00fdch st\u00e1tech, Kanad\u011b, Spojen\u00e9m kr\u00e1lovstv\u00ed, N\u00e1kup, Online, Dodavatel\u00e9, Bezpe\u010dn\u00e9 doru\u010den\u00ed, St\u00e1le m\u016f\u017eete z\u00edskat 100 mg imitrex pilulky. Informace o tom, zda je imitrex 100 mg v Kanad\u011b leg\u00e1ln\u00ed, kde lze v USA zakoupit pilulky imitrex 100 mg online a jak si objednat pilulky imitrex 100 mg, lze tak\u00e9 nal\u00e9zt.<\/p>\n<h2><\/h2>\n<p>&nbsp;<\/p>","protected":false},"excerpt":{"rendered":"<p>Purchase 100 mg tablets of imitrex sumatriptan online. Are you trying to find a quicker and more effective technique to get rid of migraines? You can purchase Sumatriptan tablets from our UK-based online pharmacy now and have them delivered by a separate pharmacy the next day. Sumatriptan pills, the generic version of the Immigrant brand-name &hellip;<\/p>\n<p class=\"read-more\"> <a class=\"\" href=\"https:\/\/legitgrams.com\/cs\/produkt\/imitrex-sumatriptan-100mg-pills\/\"> <span class=\"screen-reader-text\">imitrex Sumatriptan 100mg pills<\/span> \u010c\u00edst d\u00e1l \"<\/a><\/p>","protected":false},"featured_media":5213,"comment_status":"open","ping_status":"closed","template":"","meta":{"_uag_custom_page_level_css":"","site-sidebar-layout":"default","site-content-layout":"default","ast-global-header-display":"","ast-main-header-display":"","ast-hfb-above-header-display":"","ast-hfb-below-header-display":"","ast-hfb-mobile-header-display":"","site-post-title":"","ast-breadcrumbs-content":"","ast-featured-img":"","footer-sml-layout":"","theme-transparent-header-meta":"default","adv-header-id-meta":"","stick-header-meta":"default","header-above-stick-meta":"","header-main-stick-meta":"","header-below-stick-meta":"","_joinchat":[]},"product_brand":[],"product_cat":[608,597],"product_tag":[4464,4454,617,4446,4461,4458,4453,4445,4448,4449,4456,4447,4457,4459,4466,4467,4465,4462,4451,4463,4460,625,4452,4455,4450],"class_list":{"0":"post-3870","1":"product","2":"type-product","3":"status-publish","4":"has-post-thumbnail","6":"product_cat-pain-pills","7":"product_cat-pain-sleeping-sex-pills","8":"product_tag-best-cheap-price-imitrex-sumatriptan-100mg-pills","9":"product_tag-best-place-to-buy-imitrex-sumatriptan-100mg-pills","10":"product_tag-bulk-online","11":"product_tag-buy-imitrex-sumatriptan-100mg-pills","12":"product_tag-cheap-imitrex-sumatriptan-100mg-pills","13":"product_tag-high-quality-imitrex-sumatriptan-100mg-pills","14":"product_tag-how-to-buy-imitrex-sumatriptan-100mg-pills","15":"product_tag-imitrex-sumatriptan-100mg-pills","16":"product_tag-imitrex-sumatriptan-100mg-pills-for-sale","17":"product_tag-imitrex-sumatriptan-100mg-pills-imitrex-sumatriptan-100mg-pills-supplier","18":"product_tag-imitrex-sumatriptan-100mg-pills-legally","19":"product_tag-imitrex-sumatriptan-100mg-pills-online","20":"product_tag-imitrex-sumatriptan-100mg-pills-price","21":"product_tag-imitrex-sumatriptan-100mg-pills-store","22":"product_tag-imitrex-sumatriptan-100mg-pills-use","23":"product_tag-imitrex-sumatriptan-100mg-pills-wiki","24":"product_tag-imitrex-sumatriptan-100mg-pills-worldwide","25":"product_tag-imitrex-sumatriptan-100mg-pillss","26":"product_tag-order-imitrex-sumatriptan-100mg-pills","27":"product_tag-purcharse-imitrex-sumatriptan-100mg-pills","28":"product_tag-shop-imitrex-sumatriptan-100mg-pills","29":"product_tag-top-quality","30":"product_tag-where-to-buy-imitrex-sumatriptan-100mg-pills","31":"product_tag-where-to-order-imitrex-sumatriptan-100mg-pills","32":"product_tag-wholesale-imitrex-sumatriptan-100mg-pills","33":"desktop-align-left","34":"tablet-align-left","35":"mobile-align-left","36":"ast-product-gallery-layout-horizontal","37":"ast-product-gallery-with-no-image","38":"ast-product-single-variable","39":"ast-product-tabs-layout-horizontal","40":"ast-qv-on-image","42":"first","43":"instock","44":"shipping-taxable","45":"purchasable","46":"product-type-variable"},"yoast_head":"<!-- This site is optimized with the Yoast SEO plugin v25.9 - https:\/\/yoast.com\/wordpress\/plugins\/seo\/ -->\n<title>Imitrex Sumatriptan 100mg Pills for Sale @ Best Price | LegitGrams<\/title>\n<meta name=\"description\" content=\"You can get in touch with our Legitgrams store and buy Imitrex Sumatriptan online. We have Imitrex Sumatriptan for sale at cheap prices. Get yours at your place right away!\" \/>\n<meta name=\"robots\" content=\"index, follow, max-snippet:-1, max-image-preview:large, max-video-preview:-1\" \/>\n<link rel=\"canonical\" href=\"https:\/\/legitgrams.com\/cs\/produkt\/imitrex-sumatriptan-100mg-pills\/\" \/>\n<meta property=\"og:locale\" content=\"cs_CZ\" \/>\n<meta property=\"og:type\" content=\"article\" \/>\n<meta property=\"og:title\" content=\"Imitrex Sumatriptan 100mg Pills for Sale @ Best Price | LegitGrams\" \/>\n<meta property=\"og:description\" content=\"You can get in touch with our Legitgrams store and buy Imitrex Sumatriptan online. We have Imitrex Sumatriptan for sale at cheap prices. Get yours at your place right away!\" \/>\n<meta property=\"og:url\" content=\"https:\/\/legitgrams.com\/cs\/produkt\/imitrex-sumatriptan-100mg-pills\/\" \/>\n<meta property=\"og:site_name\" content=\"Legit Grams\" \/>\n<meta property=\"article:modified_time\" content=\"2025-01-14T06:20:00+00:00\" \/>\n<meta property=\"og:image\" content=\"https:\/\/legitgrams.com\/wp-content\/uploads\/2024\/09\/buy-imitrex-sumatriptan-100mg-pills-online.jpg\" \/>\n\t<meta property=\"og:image:width\" content=\"600\" \/>\n\t<meta property=\"og:image:height\" content=\"600\" \/>\n\t<meta property=\"og:image:type\" content=\"image\/jpeg\" \/>\n<meta name=\"twitter:card\" content=\"summary_large_image\" \/>\n<meta name=\"twitter:label1\" content=\"Odhadovan\u00e1 doba \u010dten\u00ed\" \/>\n\t<meta name=\"twitter:data1\" content=\"3 minuty\" \/>\n<script type=\"application\/ld+json\" class=\"yoast-schema-graph\">{\"@context\":\"https:\/\/schema.org\",\"@graph\":[{\"@type\":\"WebPage\",\"@id\":\"https:\/\/legitgrams.com\/product\/imitrex-sumatriptan-100mg-pills\/\",\"url\":\"https:\/\/legitgrams.com\/product\/imitrex-sumatriptan-100mg-pills\/\",\"name\":\"Imitrex Sumatriptan 100mg Pills for Sale @ Best Price | LegitGrams\",\"isPartOf\":{\"@id\":\"https:\/\/legitgrams.com\/#website\"},\"primaryImageOfPage\":{\"@id\":\"https:\/\/legitgrams.com\/product\/imitrex-sumatriptan-100mg-pills\/#primaryimage\"},\"image\":{\"@id\":\"https:\/\/legitgrams.com\/product\/imitrex-sumatriptan-100mg-pills\/#primaryimage\"},\"thumbnailUrl\":\"https:\/\/legitgrams.com\/wp-content\/uploads\/2024\/09\/buy-imitrex-sumatriptan-100mg-pills-online.jpg\",\"datePublished\":\"2024-09-20T09:31:11+00:00\",\"dateModified\":\"2025-01-14T06:20:00+00:00\",\"description\":\"You can get in touch with our Legitgrams store and buy Imitrex Sumatriptan online. We have Imitrex Sumatriptan for sale at cheap prices. Get yours at your place right away!\",\"breadcrumb\":{\"@id\":\"https:\/\/legitgrams.com\/product\/imitrex-sumatriptan-100mg-pills\/#breadcrumb\"},\"inLanguage\":\"cs\",\"potentialAction\":[{\"@type\":\"ReadAction\",\"target\":[\"https:\/\/legitgrams.com\/product\/imitrex-sumatriptan-100mg-pills\/\"]}]},{\"@type\":\"ImageObject\",\"inLanguage\":\"cs\",\"@id\":\"https:\/\/legitgrams.com\/product\/imitrex-sumatriptan-100mg-pills\/#primaryimage\",\"url\":\"https:\/\/legitgrams.com\/wp-content\/uploads\/2024\/09\/buy-imitrex-sumatriptan-100mg-pills-online.jpg\",\"contentUrl\":\"https:\/\/legitgrams.com\/wp-content\/uploads\/2024\/09\/buy-imitrex-sumatriptan-100mg-pills-online.jpg\",\"width\":600,\"height\":600,\"caption\":\"Imitrex Sumatriptan 100mg Pills for Sale\"},{\"@type\":\"BreadcrumbList\",\"@id\":\"https:\/\/legitgrams.com\/product\/imitrex-sumatriptan-100mg-pills\/#breadcrumb\",\"itemListElement\":[{\"@type\":\"ListItem\",\"position\":1,\"name\":\"Home\",\"item\":\"https:\/\/legitgrams.com\/\"},{\"@type\":\"ListItem\",\"position\":2,\"name\":\"Shop\",\"item\":\"https:\/\/legitgrams.com\/shop\/\"},{\"@type\":\"ListItem\",\"position\":3,\"name\":\"imitrex Sumatriptan 100mg pills\"}]},{\"@type\":\"WebSite\",\"@id\":\"https:\/\/legitgrams.com\/#website\",\"url\":\"https:\/\/legitgrams.com\/\",\"name\":\"Legit Grams\",\"description\":\"My WordPress Blog\",\"publisher\":{\"@id\":\"https:\/\/legitgrams.com\/#organization\"},\"potentialAction\":[{\"@type\":\"SearchAction\",\"target\":{\"@type\":\"EntryPoint\",\"urlTemplate\":\"https:\/\/legitgrams.com\/?s={search_term_string}\"},\"query-input\":{\"@type\":\"PropertyValueSpecification\",\"valueRequired\":true,\"valueName\":\"search_term_string\"}}],\"inLanguage\":\"cs\"},{\"@type\":\"Organization\",\"@id\":\"https:\/\/legitgrams.com\/#organization\",\"name\":\"Legit Grams\",\"url\":\"https:\/\/legitgrams.com\/\",\"logo\":{\"@type\":\"ImageObject\",\"inLanguage\":\"cs\",\"@id\":\"https:\/\/legitgrams.com\/#\/schema\/logo\/image\/\",\"url\":\"https:\/\/legitgrams.com\/wp-content\/uploads\/2024\/09\/main-logo.png\",\"contentUrl\":\"https:\/\/legitgrams.com\/wp-content\/uploads\/2024\/09\/main-logo.png\",\"width\":270,\"height\":75,\"caption\":\"Legit Grams\"},\"image\":{\"@id\":\"https:\/\/legitgrams.com\/#\/schema\/logo\/image\/\"}}]}<\/script>\n<!-- \/ Yoast SEO plugin. -->","yoast_head_json":{"title":"Imitrex Sumatriptan 100mg pilulky na prodej za nejlep\u0161\u00ed cenu | LegitGrams","description":"M\u016f\u017eete se spojit s na\u0161\u00edm obchodem Legitgrams a koupit Imitrex Sumatriptan online. M\u00e1me Imitrex Sumatriptan na prodej za n\u00edzk\u00e9 ceny. Po\u0159i\u010fte si ho u v\u00e1s ihned!","robots":{"index":"index","follow":"follow","max-snippet":"max-snippet:-1","max-image-preview":"max-image-preview:large","max-video-preview":"max-video-preview:-1"},"canonical":"https:\/\/legitgrams.com\/cs\/produkt\/imitrex-sumatriptan-100mg-pills\/","og_locale":"cs_CZ","og_type":"article","og_title":"Imitrex Sumatriptan 100mg Pills for Sale @ Best Price | LegitGrams","og_description":"You can get in touch with our Legitgrams store and buy Imitrex Sumatriptan online. We have Imitrex Sumatriptan for sale at cheap prices. Get yours at your place right away!","og_url":"https:\/\/legitgrams.com\/cs\/produkt\/imitrex-sumatriptan-100mg-pills\/","og_site_name":"Legit Grams","article_modified_time":"2025-01-14T06:20:00+00:00","og_image":[{"width":600,"height":600,"url":"https:\/\/legitgrams.com\/wp-content\/uploads\/2024\/09\/buy-imitrex-sumatriptan-100mg-pills-online.jpg","type":"image\/jpeg"}],"twitter_card":"summary_large_image","twitter_misc":{"Odhadovan\u00e1 doba \u010dten\u00ed":"3 minuty"},"schema":{"@context":"https:\/\/schema.org","@graph":[{"@type":"WebPage","@id":"https:\/\/legitgrams.com\/product\/imitrex-sumatriptan-100mg-pills\/","url":"https:\/\/legitgrams.com\/product\/imitrex-sumatriptan-100mg-pills\/","name":"Imitrex Sumatriptan 100mg pilulky na prodej za nejlep\u0161\u00ed cenu | LegitGrams","isPartOf":{"@id":"https:\/\/legitgrams.com\/#website"},"primaryImageOfPage":{"@id":"https:\/\/legitgrams.com\/product\/imitrex-sumatriptan-100mg-pills\/#primaryimage"},"image":{"@id":"https:\/\/legitgrams.com\/product\/imitrex-sumatriptan-100mg-pills\/#primaryimage"},"thumbnailUrl":"https:\/\/legitgrams.com\/wp-content\/uploads\/2024\/09\/buy-imitrex-sumatriptan-100mg-pills-online.jpg","datePublished":"2024-09-20T09:31:11+00:00","dateModified":"2025-01-14T06:20:00+00:00","description":"M\u016f\u017eete se spojit s na\u0161\u00edm obchodem Legitgrams a koupit Imitrex Sumatriptan online. M\u00e1me Imitrex Sumatriptan na prodej za n\u00edzk\u00e9 ceny. Po\u0159i\u010fte si ho u v\u00e1s ihned!","breadcrumb":{"@id":"https:\/\/legitgrams.com\/product\/imitrex-sumatriptan-100mg-pills\/#breadcrumb"},"inLanguage":"cs","potentialAction":[{"@type":"ReadAction","target":["https:\/\/legitgrams.com\/product\/imitrex-sumatriptan-100mg-pills\/"]}]},{"@type":"ImageObject","inLanguage":"cs","@id":"https:\/\/legitgrams.com\/product\/imitrex-sumatriptan-100mg-pills\/#primaryimage","url":"https:\/\/legitgrams.com\/wp-content\/uploads\/2024\/09\/buy-imitrex-sumatriptan-100mg-pills-online.jpg","contentUrl":"https:\/\/legitgrams.com\/wp-content\/uploads\/2024\/09\/buy-imitrex-sumatriptan-100mg-pills-online.jpg","width":600,"height":600,"caption":"Imitrex Sumatriptan 100mg Pills for Sale"},{"@type":"BreadcrumbList","@id":"https:\/\/legitgrams.com\/product\/imitrex-sumatriptan-100mg-pills\/#breadcrumb","itemListElement":[{"@type":"ListItem","position":1,"name":"Home","item":"https:\/\/legitgrams.com\/"},{"@type":"ListItem","position":2,"name":"Shop","item":"https:\/\/legitgrams.com\/shop\/"},{"@type":"ListItem","position":3,"name":"imitrex Sumatriptan 100mg pills"}]},{"@type":"WebSite","@id":"https:\/\/legitgrams.com\/#website","url":"https:\/\/legitgrams.com\/","name":"Leg\u00e1ln\u00ed gramy","description":"M\u016fj blog WordPress","publisher":{"@id":"https:\/\/legitgrams.com\/#organization"},"potentialAction":[{"@type":"SearchAction","target":{"@type":"EntryPoint","urlTemplate":"https:\/\/legitgrams.com\/?s={search_term_string}"},"query-input":{"@type":"PropertyValueSpecification","valueRequired":true,"valueName":"search_term_string"}}],"inLanguage":"cs"},{"@type":"Organization","@id":"https:\/\/legitgrams.com\/#organization","name":"Leg\u00e1ln\u00ed gramy","url":"https:\/\/legitgrams.com\/","logo":{"@type":"ImageObject","inLanguage":"cs","@id":"https:\/\/legitgrams.com\/#\/schema\/logo\/image\/","url":"https:\/\/legitgrams.com\/wp-content\/uploads\/2024\/09\/main-logo.png","contentUrl":"https:\/\/legitgrams.com\/wp-content\/uploads\/2024\/09\/main-logo.png","width":270,"height":75,"caption":"Legit Grams"},"image":{"@id":"https:\/\/legitgrams.com\/#\/schema\/logo\/image\/"}}]}},"uagb_featured_image_src":{"full":["https:\/\/legitgrams.com\/wp-content\/uploads\/2024\/09\/buy-imitrex-sumatriptan-100mg-pills-online.jpg",600,600,false],"thumbnail":["https:\/\/legitgrams.com\/wp-content\/uploads\/2024\/09\/buy-imitrex-sumatriptan-100mg-pills-online-150x150.jpg",150,150,true],"medium":["https:\/\/legitgrams.com\/wp-content\/uploads\/2024\/09\/buy-imitrex-sumatriptan-100mg-pills-online-300x300.jpg",300,300,true],"medium_large":["https:\/\/legitgrams.com\/wp-content\/uploads\/2024\/09\/buy-imitrex-sumatriptan-100mg-pills-online.jpg",600,600,false],"large":["https:\/\/legitgrams.com\/wp-content\/uploads\/2024\/09\/buy-imitrex-sumatriptan-100mg-pills-online.jpg",600,600,false],"1536x1536":["https:\/\/legitgrams.com\/wp-content\/uploads\/2024\/09\/buy-imitrex-sumatriptan-100mg-pills-online.jpg",600,600,false],"2048x2048":["https:\/\/legitgrams.com\/wp-content\/uploads\/2024\/09\/buy-imitrex-sumatriptan-100mg-pills-online.jpg",600,600,false],"trp-custom-language-flag":["https:\/\/legitgrams.com\/wp-content\/uploads\/2024\/09\/buy-imitrex-sumatriptan-100mg-pills-online-12x12.jpg",12,12,true],"woocommerce_thumbnail":["https:\/\/legitgrams.com\/wp-content\/uploads\/2024\/09\/buy-imitrex-sumatriptan-100mg-pills-online-300x300.jpg",300,300,true],"woocommerce_single":["https:\/\/legitgrams.com\/wp-content\/uploads\/2024\/09\/buy-imitrex-sumatriptan-100mg-pills-online.jpg",600,600,false],"woocommerce_gallery_thumbnail":["https:\/\/legitgrams.com\/wp-content\/uploads\/2024\/09\/buy-imitrex-sumatriptan-100mg-pills-online-100x100.jpg",100,100,true]},"uagb_author_info":{"display_name":"cokeblog18","author_link":"https:\/\/legitgrams.com\/cs\/author\/"},"uagb_comment_info":0,"uagb_excerpt":"Purchase 100 mg tablets of imitrex sumatriptan online. Are you trying to find a quicker and more effective technique to get rid of migraines? You can purchase Sumatriptan tablets from our UK-based online pharmacy now and have them delivered by a separate pharmacy the next day. Sumatriptan pills, the generic version of the Immigrant brand-name&hellip;","_links":{"self":[{"href":"https:\/\/legitgrams.com\/cs\/wp-json\/wp\/v2\/product\/3870","targetHints":{"allow":["GET"]}}],"collection":[{"href":"https:\/\/legitgrams.com\/cs\/wp-json\/wp\/v2\/product"}],"about":[{"href":"https:\/\/legitgrams.com\/cs\/wp-json\/wp\/v2\/types\/product"}],"replies":[{"embeddable":true,"href":"https:\/\/legitgrams.com\/cs\/wp-json\/wp\/v2\/comments?post=3870"}],"wp:featuredmedia":[{"embeddable":true,"href":"https:\/\/legitgrams.com\/cs\/wp-json\/wp\/v2\/media\/5213"}],"wp:attachment":[{"href":"https:\/\/legitgrams.com\/cs\/wp-json\/wp\/v2\/media?parent=3870"}],"wp:term":[{"taxonomy":"product_brand","embeddable":true,"href":"https:\/\/legitgrams.com\/cs\/wp-json\/wp\/v2\/product_brand?post=3870"},{"taxonomy":"product_cat","embeddable":true,"href":"https:\/\/legitgrams.com\/cs\/wp-json\/wp\/v2\/product_cat?post=3870"},{"taxonomy":"product_tag","embeddable":true,"href":"https:\/\/legitgrams.com\/cs\/wp-json\/wp\/v2\/product_tag?post=3870"}],"curies":[{"name":"wp","href":"https:\/\/api.w.org\/{rel}","templated":true}]}}