{"id":3871,"date":"2024-09-20T09:25:11","date_gmt":"2024-09-20T09:25:11","guid":{"rendered":"https:\/\/legitgrams.com\/?post_type=product&#038;p=3871"},"modified":"2025-01-14T06:12:57","modified_gmt":"2025-01-14T06:12:57","slug":"hydrocodone-10-500mg-pills","status":"publish","type":"product","link":"https:\/\/legitgrams.com\/cs\/produkt\/hydrocodone-10-500mg-pills\/","title":{"rendered":"Hydrokodon 10\/500 mg tablety"},"content":{"rendered":"<h2>Kupte si 500 mg nebo 10 miligram\u016f hydrokodonu online.<\/h2>\n<p>Hydrokodon bitartr\u00e1t Acetaminofen Koupit <a href=\"https:\/\/en.wikipedia.org\/wiki\/Hydrocodone\">Hydrokodon<\/a> online Zeptejte se sv\u00e9ho l\u00e9ka\u0159e na naloxon, b\u011b\u017en\u00fd l\u00e9k, kter\u00fd v\u00e1m m\u016f\u017ee zachr\u00e1nit \u017eivot, kdy\u017e je u\u017e\u00edv\u00e1n s hydrokodonem (nap\u0159\u00edklad doma nebo v pr\u00e1ci). Naloxon m\u016f\u017ee zvr\u00e1tit potenci\u00e1ln\u011b smrteln\u00e9 p\u0159ed\u00e1vkov\u00e1n\u00ed. T\u00edm, \u017ee zabra\u0148uje \u00fa\u010dink\u016fm opi\u00e1t\u016f, sni\u017euje nep\u0159\u00edjemn\u00e9 pocity zp\u016fsoben\u00e9 vysokou hladinou opi\u00e1t\u016f v krvi. V\u00e1\u0161 l\u00e9ka\u0159 by tak\u00e9 mohl doporu\u010dit naloxon, pokud jste v minulosti zneu\u017e\u00edvali l\u00e9ky na p\u0159edpis nebo neleg\u00e1ln\u00ed l\u00e1tky nebo pokud \u017eijete s mal\u00fdmi d\u011btmi. Ujist\u011bte se, \u017ee ka\u017ed\u00fd, s k\u00fdm komunikujete, v\u010detn\u011b va\u0161ich bl\u00edzk\u00fdch, pe\u010dovatel\u016f a p\u0159\u00e1tel, v\u011bd\u011bl, jak poskytnout naloxon, jak rozpoznat p\u0159ed\u00e1vkov\u00e1n\u00ed a co d\u011blat, dokud nep\u0159ijde pomoc. Vy a va\u0161e rodina v\u00e1m l\u00e9ka\u0159 nebo l\u00e9k\u00e1rn\u00edk porad\u00ed, jak tento l\u00e9k pou\u017e\u00edvat. Pokyny najdete u sv\u00e9ho l\u00e9k\u00e1rn\u00edka nebo na webu v\u00fdrobce. P\u0159\u00edtel nebo \u010dlen rodiny by v\u00e1m m\u011bl pomoci podat prvn\u00ed d\u00e1vku naloxonu, pokud trp\u00edte p\u0159\u00edznaky p\u0159ed\u00e1vkov\u00e1n\u00ed. M\u011bli by v\u00e1s tak\u00e9 pe\u010dliv\u011b sledovat, dokud nep\u0159ijede sanitka. B\u011bhem n\u011bkolika minut po pou\u017eit\u00ed naloxonu se va\u0161e p\u0159\u00edznaky mohou vr\u00e1tit. Pokud se va\u0161e p\u0159\u00edznaky zhor\u0161\u00ed, m\u011bl by v\u00e1m v\u00e1\u0161 pe\u010dovatel podat dal\u0161\u00ed d\u00e1vku naloxonu. Dal\u0161\u00ed d\u00e1vky mohou b\u00fdt pod\u00e1v\u00e1ny ka\u017ed\u00e9 dv\u011b a\u017e t\u0159i minuty, pokud se symptomy znovu objev\u00ed p\u0159ed p\u0159\u00edchodem nouzov\u00e9 pomoci. <a href=\"https:\/\/legitgrams.com\/cs\/\">LegitGrams<\/a><\/p>\n<p>Koupit 10\/500 mg hydrokodonov\u00e9 pilulky online: koupit hydrokodon, koupit <a href=\"https:\/\/legitgrams.com\/cs\/produkt\/hydrocodone-10-500mg-pills\/\">Hydrokodon, koupit 10\/500mg<\/a> pilulky, kupte si pilulky Hydrocodone online, kde mohu z\u00edskat 10\/500 mg Hydrocodone Pills? Na prodej jsou tablety hydrokodonu 10\/500 mg. Hydrokodon 10\/500 mg je dostupn\u00fd online. Spojen\u00e9 st\u00e1ty, Kanada, Spojen\u00e9 kr\u00e1lovstv\u00ed a dal\u0161\u00ed zem\u011b prod\u00e1vaj\u00ed pilulky hydrokodonu 10\/500 mg. Bezpe\u010dn\u00e9 doru\u010den\u00ed je zaru\u010deno online prodejci. Pilulky 10\/500 mg hydrokodonu jsou st\u00e1le dostupn\u00e9. Krom\u011b toho se m\u016f\u017eete dozv\u011bd\u011bt, jak z\u00edskat pilulky Hydrocodone 10\/500 mg, zda jsou leg\u00e1ln\u00ed v Kanad\u011b a zda jsou leg\u00e1ln\u00ed ve Spojen\u00fdch st\u00e1tech.<\/p>\n<h2><\/h2>\n<p>&nbsp;<\/p>","protected":false},"excerpt":{"rendered":"<p>Purchase 500 mg or 10 milligrams of hydrocodone online. Hydrocodone Bitartrate Acetaminophen Buy Hydrocodone online Ask your doctor about naloxone, a common drug that can save your life when taken with hydrocodone (for example, at home or at work). Naloxone can reverse a potentially lethal overdose. By preventing the effects of opiates, it reduces the &hellip;<\/p>\n<p class=\"read-more\"> <a class=\"\" href=\"https:\/\/legitgrams.com\/cs\/produkt\/hydrocodone-10-500mg-pills\/\"> <span class=\"screen-reader-text\">Hydrokodon 10\/500 mg tablety<\/span> \u010c\u00edst d\u00e1l \"<\/a><\/p>","protected":false},"featured_media":5212,"comment_status":"open","ping_status":"closed","template":"","meta":{"_uag_custom_page_level_css":"","site-sidebar-layout":"default","site-content-layout":"default","ast-global-header-display":"","ast-main-header-display":"","ast-hfb-above-header-display":"","ast-hfb-below-header-display":"","ast-hfb-mobile-header-display":"","site-post-title":"","ast-breadcrumbs-content":"","ast-featured-img":"","footer-sml-layout":"","theme-transparent-header-meta":"default","adv-header-id-meta":"","stick-header-meta":"default","header-above-stick-meta":"","header-main-stick-meta":"","header-below-stick-meta":"","_joinchat":[]},"product_brand":[],"product_cat":[608,597],"product_tag":[4487,4477,617,4469,4484,4481,4476,4468,4471,4472,4479,4470,4480,4482,4489,4490,4488,4485,4474,4486,4483,625,4475,4478,4473],"class_list":{"0":"post-3871","1":"product","2":"type-product","3":"status-publish","4":"has-post-thumbnail","6":"product_cat-pain-pills","7":"product_cat-pain-sleeping-sex-pills","8":"product_tag-best-cheap-price-hydrocodone-10-500mg-pills","9":"product_tag-best-place-to-buy-hydrocodone-10-500mg-pills","10":"product_tag-bulk-online","11":"product_tag-buy-hydrocodone-10-500mg-pills","12":"product_tag-cheap-hydrocodone-10-500mg-pills","13":"product_tag-high-quality-hydrocodone-10-500mg-pills","14":"product_tag-how-to-buy-hydrocodone-10-500mg-pills","15":"product_tag-hydrocodone-10-500mg-pills","16":"product_tag-hydrocodone-10-500mg-pills-for-sale","17":"product_tag-hydrocodone-10-500mg-pills-hydrocodone-10-500mg-pills-supplier","18":"product_tag-hydrocodone-10-500mg-pills-legally","19":"product_tag-hydrocodone-10-500mg-pills-online","20":"product_tag-hydrocodone-10-500mg-pills-price","21":"product_tag-hydrocodone-10-500mg-pills-store","22":"product_tag-hydrocodone-10-500mg-pills-use","23":"product_tag-hydrocodone-10-500mg-pills-wiki","24":"product_tag-hydrocodone-10-500mg-pills-worldwide","25":"product_tag-hydrocodone-10-500mg-pillss","26":"product_tag-order-hydrocodone-10-500mg-pills","27":"product_tag-purcharse-hydrocodone-10-500mg-pills","28":"product_tag-shop-hydrocodone-10-500mg-pills","29":"product_tag-top-quality","30":"product_tag-where-to-buy-hydrocodone-10-500mg-pills","31":"product_tag-where-to-order-hydrocodone-10-500mg-pills","32":"product_tag-wholesale-hydrocodone-10-500mg-pills","33":"desktop-align-left","34":"tablet-align-left","35":"mobile-align-left","36":"ast-product-gallery-layout-horizontal","37":"ast-product-gallery-with-no-image","38":"ast-product-single-variable","39":"ast-product-tabs-layout-horizontal","40":"ast-qv-on-image","42":"first","43":"instock","44":"shipping-taxable","45":"purchasable","46":"product-type-variable"},"yoast_head":"<!-- This site is optimized with the Yoast SEO plugin v25.9 - https:\/\/yoast.com\/wordpress\/plugins\/seo\/ -->\n<title>Hydrocodone 10\/500mg Pills for Sale @ Best Price | LegitGrams<\/title>\n<meta name=\"description\" content=\"You can buy Hydrocodone 10\/500mg Pills online at the best prices from our online store. We have cheap and high-quality Hydrocodone 10\/500mg Pills for sale and provide worldwide delivery. You can order from anywhere, anytime.\" \/>\n<meta name=\"robots\" content=\"index, follow, max-snippet:-1, max-image-preview:large, max-video-preview:-1\" \/>\n<link rel=\"canonical\" href=\"https:\/\/legitgrams.com\/cs\/produkt\/hydrocodone-10-500mg-pills\/\" \/>\n<meta property=\"og:locale\" content=\"cs_CZ\" \/>\n<meta property=\"og:type\" content=\"article\" \/>\n<meta property=\"og:title\" content=\"Hydrocodone 10\/500mg Pills for Sale @ Best Price | LegitGrams\" \/>\n<meta property=\"og:description\" content=\"You can buy Hydrocodone 10\/500mg Pills online at the best prices from our online store. We have cheap and high-quality Hydrocodone 10\/500mg Pills for sale and provide worldwide delivery. You can order from anywhere, anytime.\" \/>\n<meta property=\"og:url\" content=\"https:\/\/legitgrams.com\/cs\/produkt\/hydrocodone-10-500mg-pills\/\" \/>\n<meta property=\"og:site_name\" content=\"Legit Grams\" \/>\n<meta property=\"article:modified_time\" content=\"2025-01-14T06:12:57+00:00\" \/>\n<meta property=\"og:image\" content=\"https:\/\/legitgrams.com\/wp-content\/uploads\/2024\/09\/buy-hydrocodone-10-500mg-pills-online.jpg\" \/>\n\t<meta property=\"og:image:width\" content=\"600\" \/>\n\t<meta property=\"og:image:height\" content=\"600\" \/>\n\t<meta property=\"og:image:type\" content=\"image\/jpeg\" \/>\n<meta name=\"twitter:card\" content=\"summary_large_image\" \/>\n<meta name=\"twitter:label1\" content=\"Odhadovan\u00e1 doba \u010dten\u00ed\" \/>\n\t<meta name=\"twitter:data1\" content=\"3 minuty\" \/>\n<script type=\"application\/ld+json\" class=\"yoast-schema-graph\">{\"@context\":\"https:\/\/schema.org\",\"@graph\":[{\"@type\":\"WebPage\",\"@id\":\"https:\/\/legitgrams.com\/product\/hydrocodone-10-500mg-pills\/\",\"url\":\"https:\/\/legitgrams.com\/product\/hydrocodone-10-500mg-pills\/\",\"name\":\"Hydrocodone 10\/500mg Pills for Sale @ Best Price | LegitGrams\",\"isPartOf\":{\"@id\":\"https:\/\/legitgrams.com\/#website\"},\"primaryImageOfPage\":{\"@id\":\"https:\/\/legitgrams.com\/product\/hydrocodone-10-500mg-pills\/#primaryimage\"},\"image\":{\"@id\":\"https:\/\/legitgrams.com\/product\/hydrocodone-10-500mg-pills\/#primaryimage\"},\"thumbnailUrl\":\"https:\/\/legitgrams.com\/wp-content\/uploads\/2024\/09\/buy-hydrocodone-10-500mg-pills-online.jpg\",\"datePublished\":\"2024-09-20T09:25:11+00:00\",\"dateModified\":\"2025-01-14T06:12:57+00:00\",\"description\":\"You can buy Hydrocodone 10\/500mg Pills online at the best prices from our online store. We have cheap and high-quality Hydrocodone 10\/500mg Pills for sale and provide worldwide delivery. You can order from anywhere, anytime.\",\"breadcrumb\":{\"@id\":\"https:\/\/legitgrams.com\/product\/hydrocodone-10-500mg-pills\/#breadcrumb\"},\"inLanguage\":\"cs\",\"potentialAction\":[{\"@type\":\"ReadAction\",\"target\":[\"https:\/\/legitgrams.com\/product\/hydrocodone-10-500mg-pills\/\"]}]},{\"@type\":\"ImageObject\",\"inLanguage\":\"cs\",\"@id\":\"https:\/\/legitgrams.com\/product\/hydrocodone-10-500mg-pills\/#primaryimage\",\"url\":\"https:\/\/legitgrams.com\/wp-content\/uploads\/2024\/09\/buy-hydrocodone-10-500mg-pills-online.jpg\",\"contentUrl\":\"https:\/\/legitgrams.com\/wp-content\/uploads\/2024\/09\/buy-hydrocodone-10-500mg-pills-online.jpg\",\"width\":600,\"height\":600,\"caption\":\"Hydrocodone 10\/500mg Pills for Sale\"},{\"@type\":\"BreadcrumbList\",\"@id\":\"https:\/\/legitgrams.com\/product\/hydrocodone-10-500mg-pills\/#breadcrumb\",\"itemListElement\":[{\"@type\":\"ListItem\",\"position\":1,\"name\":\"Home\",\"item\":\"https:\/\/legitgrams.com\/\"},{\"@type\":\"ListItem\",\"position\":2,\"name\":\"Shop\",\"item\":\"https:\/\/legitgrams.com\/shop\/\"},{\"@type\":\"ListItem\",\"position\":3,\"name\":\"Hydrocodone 10\/500mg pills\"}]},{\"@type\":\"WebSite\",\"@id\":\"https:\/\/legitgrams.com\/#website\",\"url\":\"https:\/\/legitgrams.com\/\",\"name\":\"Legit Grams\",\"description\":\"My WordPress Blog\",\"publisher\":{\"@id\":\"https:\/\/legitgrams.com\/#organization\"},\"potentialAction\":[{\"@type\":\"SearchAction\",\"target\":{\"@type\":\"EntryPoint\",\"urlTemplate\":\"https:\/\/legitgrams.com\/?s={search_term_string}\"},\"query-input\":{\"@type\":\"PropertyValueSpecification\",\"valueRequired\":true,\"valueName\":\"search_term_string\"}}],\"inLanguage\":\"cs\"},{\"@type\":\"Organization\",\"@id\":\"https:\/\/legitgrams.com\/#organization\",\"name\":\"Legit Grams\",\"url\":\"https:\/\/legitgrams.com\/\",\"logo\":{\"@type\":\"ImageObject\",\"inLanguage\":\"cs\",\"@id\":\"https:\/\/legitgrams.com\/#\/schema\/logo\/image\/\",\"url\":\"https:\/\/legitgrams.com\/wp-content\/uploads\/2024\/09\/main-logo.png\",\"contentUrl\":\"https:\/\/legitgrams.com\/wp-content\/uploads\/2024\/09\/main-logo.png\",\"width\":270,\"height\":75,\"caption\":\"Legit Grams\"},\"image\":{\"@id\":\"https:\/\/legitgrams.com\/#\/schema\/logo\/image\/\"}}]}<\/script>\n<!-- \/ Yoast SEO plugin. -->","yoast_head_json":{"title":"Hydrocodone 10\/500mg pilulky na prodej za nejlep\u0161\u00ed cenu | LegitGrams","description":"Hydrocodone 10\/500mg Pills si m\u016f\u017eete koupit online za nejlep\u0161\u00ed ceny z na\u0161eho internetov\u00e9ho obchodu. M\u00e1me levn\u00e9 a vysoce kvalitn\u00ed Hydrocodone 10\/500mg Pills na prodej a poskytujeme doru\u010den\u00ed po cel\u00e9m sv\u011bt\u011b. Objedn\u00e1vat m\u016f\u017eete odkudkoli a kdykoli.","robots":{"index":"index","follow":"follow","max-snippet":"max-snippet:-1","max-image-preview":"max-image-preview:large","max-video-preview":"max-video-preview:-1"},"canonical":"https:\/\/legitgrams.com\/cs\/produkt\/hydrocodone-10-500mg-pills\/","og_locale":"cs_CZ","og_type":"article","og_title":"Hydrocodone 10\/500mg Pills for Sale @ Best Price | LegitGrams","og_description":"You can buy Hydrocodone 10\/500mg Pills online at the best prices from our online store. We have cheap and high-quality Hydrocodone 10\/500mg Pills for sale and provide worldwide delivery. You can order from anywhere, anytime.","og_url":"https:\/\/legitgrams.com\/cs\/produkt\/hydrocodone-10-500mg-pills\/","og_site_name":"Legit Grams","article_modified_time":"2025-01-14T06:12:57+00:00","og_image":[{"width":600,"height":600,"url":"https:\/\/legitgrams.com\/wp-content\/uploads\/2024\/09\/buy-hydrocodone-10-500mg-pills-online.jpg","type":"image\/jpeg"}],"twitter_card":"summary_large_image","twitter_misc":{"Odhadovan\u00e1 doba \u010dten\u00ed":"3 minuty"},"schema":{"@context":"https:\/\/schema.org","@graph":[{"@type":"WebPage","@id":"https:\/\/legitgrams.com\/product\/hydrocodone-10-500mg-pills\/","url":"https:\/\/legitgrams.com\/product\/hydrocodone-10-500mg-pills\/","name":"Hydrocodone 10\/500mg pilulky na prodej za nejlep\u0161\u00ed cenu | LegitGrams","isPartOf":{"@id":"https:\/\/legitgrams.com\/#website"},"primaryImageOfPage":{"@id":"https:\/\/legitgrams.com\/product\/hydrocodone-10-500mg-pills\/#primaryimage"},"image":{"@id":"https:\/\/legitgrams.com\/product\/hydrocodone-10-500mg-pills\/#primaryimage"},"thumbnailUrl":"https:\/\/legitgrams.com\/wp-content\/uploads\/2024\/09\/buy-hydrocodone-10-500mg-pills-online.jpg","datePublished":"2024-09-20T09:25:11+00:00","dateModified":"2025-01-14T06:12:57+00:00","description":"Hydrocodone 10\/500mg Pills si m\u016f\u017eete koupit online za nejlep\u0161\u00ed ceny z na\u0161eho internetov\u00e9ho obchodu. M\u00e1me levn\u00e9 a vysoce kvalitn\u00ed Hydrocodone 10\/500mg Pills na prodej a poskytujeme doru\u010den\u00ed po cel\u00e9m sv\u011bt\u011b. Objedn\u00e1vat m\u016f\u017eete odkudkoli a kdykoli.","breadcrumb":{"@id":"https:\/\/legitgrams.com\/product\/hydrocodone-10-500mg-pills\/#breadcrumb"},"inLanguage":"cs","potentialAction":[{"@type":"ReadAction","target":["https:\/\/legitgrams.com\/product\/hydrocodone-10-500mg-pills\/"]}]},{"@type":"ImageObject","inLanguage":"cs","@id":"https:\/\/legitgrams.com\/product\/hydrocodone-10-500mg-pills\/#primaryimage","url":"https:\/\/legitgrams.com\/wp-content\/uploads\/2024\/09\/buy-hydrocodone-10-500mg-pills-online.jpg","contentUrl":"https:\/\/legitgrams.com\/wp-content\/uploads\/2024\/09\/buy-hydrocodone-10-500mg-pills-online.jpg","width":600,"height":600,"caption":"Hydrocodone 10\/500mg Pills for Sale"},{"@type":"BreadcrumbList","@id":"https:\/\/legitgrams.com\/product\/hydrocodone-10-500mg-pills\/#breadcrumb","itemListElement":[{"@type":"ListItem","position":1,"name":"Home","item":"https:\/\/legitgrams.com\/"},{"@type":"ListItem","position":2,"name":"Shop","item":"https:\/\/legitgrams.com\/shop\/"},{"@type":"ListItem","position":3,"name":"Hydrocodone 10\/500mg pills"}]},{"@type":"WebSite","@id":"https:\/\/legitgrams.com\/#website","url":"https:\/\/legitgrams.com\/","name":"Leg\u00e1ln\u00ed gramy","description":"M\u016fj blog WordPress","publisher":{"@id":"https:\/\/legitgrams.com\/#organization"},"potentialAction":[{"@type":"SearchAction","target":{"@type":"EntryPoint","urlTemplate":"https:\/\/legitgrams.com\/?s={search_term_string}"},"query-input":{"@type":"PropertyValueSpecification","valueRequired":true,"valueName":"search_term_string"}}],"inLanguage":"cs"},{"@type":"Organization","@id":"https:\/\/legitgrams.com\/#organization","name":"Leg\u00e1ln\u00ed gramy","url":"https:\/\/legitgrams.com\/","logo":{"@type":"ImageObject","inLanguage":"cs","@id":"https:\/\/legitgrams.com\/#\/schema\/logo\/image\/","url":"https:\/\/legitgrams.com\/wp-content\/uploads\/2024\/09\/main-logo.png","contentUrl":"https:\/\/legitgrams.com\/wp-content\/uploads\/2024\/09\/main-logo.png","width":270,"height":75,"caption":"Legit Grams"},"image":{"@id":"https:\/\/legitgrams.com\/#\/schema\/logo\/image\/"}}]}},"uagb_featured_image_src":{"full":["https:\/\/legitgrams.com\/wp-content\/uploads\/2024\/09\/buy-hydrocodone-10-500mg-pills-online.jpg",600,600,false],"thumbnail":["https:\/\/legitgrams.com\/wp-content\/uploads\/2024\/09\/buy-hydrocodone-10-500mg-pills-online-150x150.jpg",150,150,true],"medium":["https:\/\/legitgrams.com\/wp-content\/uploads\/2024\/09\/buy-hydrocodone-10-500mg-pills-online-300x300.jpg",300,300,true],"medium_large":["https:\/\/legitgrams.com\/wp-content\/uploads\/2024\/09\/buy-hydrocodone-10-500mg-pills-online.jpg",600,600,false],"large":["https:\/\/legitgrams.com\/wp-content\/uploads\/2024\/09\/buy-hydrocodone-10-500mg-pills-online.jpg",600,600,false],"1536x1536":["https:\/\/legitgrams.com\/wp-content\/uploads\/2024\/09\/buy-hydrocodone-10-500mg-pills-online.jpg",600,600,false],"2048x2048":["https:\/\/legitgrams.com\/wp-content\/uploads\/2024\/09\/buy-hydrocodone-10-500mg-pills-online.jpg",600,600,false],"trp-custom-language-flag":["https:\/\/legitgrams.com\/wp-content\/uploads\/2024\/09\/buy-hydrocodone-10-500mg-pills-online-12x12.jpg",12,12,true],"woocommerce_thumbnail":["https:\/\/legitgrams.com\/wp-content\/uploads\/2024\/09\/buy-hydrocodone-10-500mg-pills-online-300x300.jpg",300,300,true],"woocommerce_single":["https:\/\/legitgrams.com\/wp-content\/uploads\/2024\/09\/buy-hydrocodone-10-500mg-pills-online.jpg",600,600,false],"woocommerce_gallery_thumbnail":["https:\/\/legitgrams.com\/wp-content\/uploads\/2024\/09\/buy-hydrocodone-10-500mg-pills-online-100x100.jpg",100,100,true]},"uagb_author_info":{"display_name":"cokeblog18","author_link":"https:\/\/legitgrams.com\/cs\/author\/"},"uagb_comment_info":0,"uagb_excerpt":"Purchase 500 mg or 10 milligrams of hydrocodone online. Hydrocodone Bitartrate Acetaminophen Buy Hydrocodone online Ask your doctor about naloxone, a common drug that can save your life when taken with hydrocodone (for example, at home or at work). Naloxone can reverse a potentially lethal overdose. By preventing the effects of opiates, it reduces the&hellip;","_links":{"self":[{"href":"https:\/\/legitgrams.com\/cs\/wp-json\/wp\/v2\/product\/3871","targetHints":{"allow":["GET"]}}],"collection":[{"href":"https:\/\/legitgrams.com\/cs\/wp-json\/wp\/v2\/product"}],"about":[{"href":"https:\/\/legitgrams.com\/cs\/wp-json\/wp\/v2\/types\/product"}],"replies":[{"embeddable":true,"href":"https:\/\/legitgrams.com\/cs\/wp-json\/wp\/v2\/comments?post=3871"}],"wp:featuredmedia":[{"embeddable":true,"href":"https:\/\/legitgrams.com\/cs\/wp-json\/wp\/v2\/media\/5212"}],"wp:attachment":[{"href":"https:\/\/legitgrams.com\/cs\/wp-json\/wp\/v2\/media?parent=3871"}],"wp:term":[{"taxonomy":"product_brand","embeddable":true,"href":"https:\/\/legitgrams.com\/cs\/wp-json\/wp\/v2\/product_brand?post=3871"},{"taxonomy":"product_cat","embeddable":true,"href":"https:\/\/legitgrams.com\/cs\/wp-json\/wp\/v2\/product_cat?post=3871"},{"taxonomy":"product_tag","embeddable":true,"href":"https:\/\/legitgrams.com\/cs\/wp-json\/wp\/v2\/product_tag?post=3871"}],"curies":[{"name":"wp","href":"https:\/\/api.w.org\/{rel}","templated":true}]}}