{"id":3872,"date":"2024-09-20T09:20:55","date_gmt":"2024-09-20T09:20:55","guid":{"rendered":"https:\/\/legitgrams.com\/?post_type=product&#038;p=3872"},"modified":"2025-01-14T06:10:08","modified_gmt":"2025-01-14T06:10:08","slug":"hydrokodon-10-325-mg","status":"publish","type":"product","link":"https:\/\/legitgrams.com\/cs\/produkt\/hydrokodon-10-325-mg\/","title":{"rendered":"Hydrokodon 10\/325 mg"},"content":{"rendered":"<h2>Koupit 10\/325 mg hydrokodonu online.<\/h2>\n<p>Hydrokodon bitartr\u00e1t Acetaminofen Koupit <a href=\"https:\/\/legitgrams.com\/cs\/produkt\/hydrokodon-10-325-mg\/\">Hydrokodon<\/a> Online Zeptejte se sv\u00e9ho l\u00e9ka\u0159e na naloxon, b\u011b\u017en\u00fd l\u00e9k, kter\u00fd v\u00e1m m\u016f\u017ee zachr\u00e1nit \u017eivot, kdy\u017e je u\u017e\u00edv\u00e1n s n\u00edm <a href=\"https:\/\/en.wikipedia.org\/wiki\/Hydrocodone\">hydrokodon<\/a> (nap\u0159\u00edklad doma nebo v pr\u00e1ci). Naloxon m\u016f\u017ee zvr\u00e1tit potenci\u00e1ln\u011b smrteln\u00e9 p\u0159ed\u00e1vkov\u00e1n\u00ed. T\u00edm, \u017ee zabra\u0148uje \u00fa\u010dink\u016fm opi\u00e1t\u016f, sni\u017euje nep\u0159\u00edjemn\u00e9 pocity zp\u016fsoben\u00e9 vysokou hladinou opi\u00e1t\u016f v krvi. V\u00e1\u0161 l\u00e9ka\u0159 by tak\u00e9 mohl doporu\u010dit naloxon, pokud jste v minulosti zneu\u017e\u00edvali l\u00e9ky na p\u0159edpis nebo neleg\u00e1ln\u00ed l\u00e1tky nebo pokud \u017eijete s mal\u00fdmi d\u011btmi. Ujist\u011bte se, \u017ee ka\u017ed\u00fd, s k\u00fdm komunikujete, v\u010detn\u011b va\u0161ich bl\u00edzk\u00fdch, pe\u010dovatel\u016f a p\u0159\u00e1tel, v\u011bd\u011bl, jak poskytnout naloxon, jak rozpoznat p\u0159ed\u00e1vkov\u00e1n\u00ed a co d\u011blat, dokud nep\u0159ijde pomoc. <a href=\"https:\/\/legitgrams.com\/cs\/\">LegitGrams<\/a><\/p>\n<p>Vy a Va\u0161e rodina V\u00e1\u0161 l\u00e9ka\u0159 nebo l\u00e9k\u00e1rn\u00edk poskytne V\u00e1m a Va\u0161\u00ed rodin\u011b pokyny, jak tento l\u00e9k u\u017e\u00edvat. Pokyny najdete u sv\u00e9ho l\u00e9k\u00e1rn\u00edka nebo na webu v\u00fdrobce. P\u0159\u00edtel nebo \u010dlen rodiny by v\u00e1m m\u011bl pomoci podat prvn\u00ed d\u00e1vku naloxonu, pokud trp\u00edte p\u0159\u00edznaky p\u0159ed\u00e1vkov\u00e1n\u00ed. M\u011bli by v\u00e1s tak\u00e9 pe\u010dliv\u011b sledovat, dokud nep\u0159ijede sanitka. B\u011bhem n\u011bkolika minut po pou\u017eit\u00ed naloxonu se va\u0161e p\u0159\u00edznaky mohou vr\u00e1tit. Pokud se va\u0161e p\u0159\u00edznaky zhor\u0161\u00ed, m\u011bl by v\u00e1m v\u00e1\u0161 pe\u010dovatel podat dal\u0161\u00ed d\u00e1vku naloxonu. Dal\u0161\u00ed d\u00e1vky mohou b\u00fdt pod\u00e1v\u00e1ny ka\u017ed\u00e9 dv\u011b a\u017e t\u0159i minuty, pokud se symptomy znovu objev\u00ed p\u0159ed p\u0159\u00edchodem nouzov\u00e9 pomoci.<\/p>\n<h2><\/h2>\n<p>&nbsp;<\/p>","protected":false},"excerpt":{"rendered":"<p>Purchase 10\/325 mg of hydrocodone online. Hydrocodone Bitartrate Acetaminophen Buy Hydrocodone Online Ask your doctor about naloxone, a common drug that can save your life when taken with hydrocodone (for example, at home or at work). Naloxone can reverse a potentially lethal overdose. By preventing the effects of opiates, it reduces the unpleasant sensations caused &hellip;<\/p>\n<p class=\"read-more\"> <a class=\"\" href=\"https:\/\/legitgrams.com\/cs\/produkt\/hydrokodon-10-325-mg\/\"> <span class=\"screen-reader-text\">Hydrokodon 10\/325 mg<\/span> \u010c\u00edst d\u00e1l \"<\/a><\/p>","protected":false},"featured_media":5211,"comment_status":"open","ping_status":"closed","template":"","meta":{"_uag_custom_page_level_css":"","site-sidebar-layout":"default","site-content-layout":"default","ast-global-header-display":"","ast-main-header-display":"","ast-hfb-above-header-display":"","ast-hfb-below-header-display":"","ast-hfb-mobile-header-display":"","site-post-title":"","ast-breadcrumbs-content":"","ast-featured-img":"","footer-sml-layout":"","theme-transparent-header-meta":"default","adv-header-id-meta":"","stick-header-meta":"default","header-above-stick-meta":"","header-main-stick-meta":"","header-below-stick-meta":"","_joinchat":[]},"product_brand":[],"product_cat":[608,597],"product_tag":[4510,4500,617,4492,4507,4504,4499,4491,4494,4495,4502,4493,4503,4505,4512,4513,4511,4508,4497,4509,4506,625,4498,4501,4496],"class_list":{"0":"post-3872","1":"product","2":"type-product","3":"status-publish","4":"has-post-thumbnail","6":"product_cat-pain-pills","7":"product_cat-pain-sleeping-sex-pills","8":"product_tag-best-cheap-price-hydrocodone-10-325mg","9":"product_tag-best-place-to-buy-hydrocodone-10-325mg","10":"product_tag-bulk-online","11":"product_tag-buy-hydrocodone-10-325mg","12":"product_tag-cheap-hydrocodone-10-325mg","13":"product_tag-high-quality-hydrocodone-10-325mg","14":"product_tag-how-to-buy-hydrocodone-10-325mg","15":"product_tag-hydrocodone-10-325mg","16":"product_tag-hydrocodone-10-325mg-for-sale","17":"product_tag-hydrocodone-10-325mg-hydrocodone-10-325mg-supplier","18":"product_tag-hydrocodone-10-325mg-legally","19":"product_tag-hydrocodone-10-325mg-online","20":"product_tag-hydrocodone-10-325mg-price","21":"product_tag-hydrocodone-10-325mg-store","22":"product_tag-hydrocodone-10-325mg-use","23":"product_tag-hydrocodone-10-325mg-wiki","24":"product_tag-hydrocodone-10-325mg-worldwide","25":"product_tag-hydrocodone-10-325mgs","26":"product_tag-order-hydrocodone-10-325mg","27":"product_tag-purcharse-hydrocodone-10-325mg","28":"product_tag-shop-hydrocodone-10-325mg","29":"product_tag-top-quality","30":"product_tag-where-to-buy-hydrocodone-10-325mg","31":"product_tag-where-to-order-hydrocodone-10-325mg","32":"product_tag-wholesale-hydrocodone-10-325mg","33":"desktop-align-left","34":"tablet-align-left","35":"mobile-align-left","36":"ast-product-gallery-layout-horizontal","37":"ast-product-gallery-with-no-image","38":"ast-product-single-variable","39":"ast-product-tabs-layout-horizontal","40":"ast-qv-on-image","42":"first","43":"instock","44":"shipping-taxable","45":"purchasable","46":"product-type-variable"},"yoast_head":"<!-- This site is optimized with the Yoast SEO plugin v25.9 - https:\/\/yoast.com\/wordpress\/plugins\/seo\/ -->\n<title>Hydrocodone 10\/325mg for Sale Online @ Best Price | LegitGrams<\/title>\n<meta name=\"description\" content=\"Our Legitgrams online store has high-quality Hydrocodone 10\/325mg for sale. If you are willing to buy Hydrocodone 10\/325mg online, then let us know. We will complete your requirements soon!\" \/>\n<meta name=\"robots\" content=\"index, follow, max-snippet:-1, max-image-preview:large, max-video-preview:-1\" \/>\n<link rel=\"canonical\" href=\"https:\/\/legitgrams.com\/cs\/produkt\/hydrokodon-10-325-mg\/\" \/>\n<meta property=\"og:locale\" content=\"cs_CZ\" \/>\n<meta property=\"og:type\" content=\"article\" \/>\n<meta property=\"og:title\" content=\"Hydrocodone 10\/325mg for Sale Online @ Best Price | LegitGrams\" \/>\n<meta property=\"og:description\" content=\"Our Legitgrams online store has high-quality Hydrocodone 10\/325mg for sale. If you are willing to buy Hydrocodone 10\/325mg online, then let us know. We will complete your requirements soon!\" \/>\n<meta property=\"og:url\" content=\"https:\/\/legitgrams.com\/cs\/produkt\/hydrokodon-10-325-mg\/\" \/>\n<meta property=\"og:site_name\" content=\"Legit Grams\" \/>\n<meta property=\"article:modified_time\" content=\"2025-01-14T06:10:08+00:00\" \/>\n<meta property=\"og:image\" content=\"https:\/\/legitgrams.com\/wp-content\/uploads\/2024\/09\/buy-hydrocodone-10-325mg-online.jpg\" \/>\n\t<meta property=\"og:image:width\" content=\"600\" \/>\n\t<meta property=\"og:image:height\" content=\"600\" \/>\n\t<meta property=\"og:image:type\" content=\"image\/jpeg\" \/>\n<meta name=\"twitter:card\" content=\"summary_large_image\" \/>\n<meta name=\"twitter:label1\" content=\"Odhadovan\u00e1 doba \u010dten\u00ed\" \/>\n\t<meta name=\"twitter:data1\" content=\"3 minuty\" \/>\n<script type=\"application\/ld+json\" class=\"yoast-schema-graph\">{\"@context\":\"https:\/\/schema.org\",\"@graph\":[{\"@type\":\"WebPage\",\"@id\":\"https:\/\/legitgrams.com\/product\/hydrocodone-10-325mg\/\",\"url\":\"https:\/\/legitgrams.com\/product\/hydrocodone-10-325mg\/\",\"name\":\"Hydrocodone 10\/325mg for Sale Online @ Best Price | LegitGrams\",\"isPartOf\":{\"@id\":\"https:\/\/legitgrams.com\/#website\"},\"primaryImageOfPage\":{\"@id\":\"https:\/\/legitgrams.com\/product\/hydrocodone-10-325mg\/#primaryimage\"},\"image\":{\"@id\":\"https:\/\/legitgrams.com\/product\/hydrocodone-10-325mg\/#primaryimage\"},\"thumbnailUrl\":\"https:\/\/legitgrams.com\/wp-content\/uploads\/2024\/09\/buy-hydrocodone-10-325mg-online.jpg\",\"datePublished\":\"2024-09-20T09:20:55+00:00\",\"dateModified\":\"2025-01-14T06:10:08+00:00\",\"description\":\"Our Legitgrams online store has high-quality Hydrocodone 10\/325mg for sale. If you are willing to buy Hydrocodone 10\/325mg online, then let us know. We will complete your requirements soon!\",\"breadcrumb\":{\"@id\":\"https:\/\/legitgrams.com\/product\/hydrocodone-10-325mg\/#breadcrumb\"},\"inLanguage\":\"cs\",\"potentialAction\":[{\"@type\":\"ReadAction\",\"target\":[\"https:\/\/legitgrams.com\/product\/hydrocodone-10-325mg\/\"]}]},{\"@type\":\"ImageObject\",\"inLanguage\":\"cs\",\"@id\":\"https:\/\/legitgrams.com\/product\/hydrocodone-10-325mg\/#primaryimage\",\"url\":\"https:\/\/legitgrams.com\/wp-content\/uploads\/2024\/09\/buy-hydrocodone-10-325mg-online.jpg\",\"contentUrl\":\"https:\/\/legitgrams.com\/wp-content\/uploads\/2024\/09\/buy-hydrocodone-10-325mg-online.jpg\",\"width\":600,\"height\":600,\"caption\":\"Hydrocodone 10\/325mg for Sale\"},{\"@type\":\"BreadcrumbList\",\"@id\":\"https:\/\/legitgrams.com\/product\/hydrocodone-10-325mg\/#breadcrumb\",\"itemListElement\":[{\"@type\":\"ListItem\",\"position\":1,\"name\":\"Home\",\"item\":\"https:\/\/legitgrams.com\/\"},{\"@type\":\"ListItem\",\"position\":2,\"name\":\"Shop\",\"item\":\"https:\/\/legitgrams.com\/shop\/\"},{\"@type\":\"ListItem\",\"position\":3,\"name\":\"Hydrocodone 10\/325mg\"}]},{\"@type\":\"WebSite\",\"@id\":\"https:\/\/legitgrams.com\/#website\",\"url\":\"https:\/\/legitgrams.com\/\",\"name\":\"Legit Grams\",\"description\":\"My WordPress Blog\",\"publisher\":{\"@id\":\"https:\/\/legitgrams.com\/#organization\"},\"potentialAction\":[{\"@type\":\"SearchAction\",\"target\":{\"@type\":\"EntryPoint\",\"urlTemplate\":\"https:\/\/legitgrams.com\/?s={search_term_string}\"},\"query-input\":{\"@type\":\"PropertyValueSpecification\",\"valueRequired\":true,\"valueName\":\"search_term_string\"}}],\"inLanguage\":\"cs\"},{\"@type\":\"Organization\",\"@id\":\"https:\/\/legitgrams.com\/#organization\",\"name\":\"Legit Grams\",\"url\":\"https:\/\/legitgrams.com\/\",\"logo\":{\"@type\":\"ImageObject\",\"inLanguage\":\"cs\",\"@id\":\"https:\/\/legitgrams.com\/#\/schema\/logo\/image\/\",\"url\":\"https:\/\/legitgrams.com\/wp-content\/uploads\/2024\/09\/main-logo.png\",\"contentUrl\":\"https:\/\/legitgrams.com\/wp-content\/uploads\/2024\/09\/main-logo.png\",\"width\":270,\"height\":75,\"caption\":\"Legit Grams\"},\"image\":{\"@id\":\"https:\/\/legitgrams.com\/#\/schema\/logo\/image\/\"}}]}<\/script>\n<!-- \/ Yoast SEO plugin. -->","yoast_head_json":{"title":"Hydrokodon 10\/325 mg na prodej online za nejlep\u0161\u00ed cenu | LegitGrams","description":"N\u00e1\u0161 internetov\u00fd obchod Legitgrams m\u00e1 na prodej vysoce kvalitn\u00ed Hydrocodone 10\/325mg. Pokud si chcete koupit Hydrocodone 10\/325mg online, dejte n\u00e1m v\u011bd\u011bt. Va\u0161e po\u017eadavky brzy spln\u00edme!","robots":{"index":"index","follow":"follow","max-snippet":"max-snippet:-1","max-image-preview":"max-image-preview:large","max-video-preview":"max-video-preview:-1"},"canonical":"https:\/\/legitgrams.com\/cs\/produkt\/hydrokodon-10-325-mg\/","og_locale":"cs_CZ","og_type":"article","og_title":"Hydrocodone 10\/325mg for Sale Online @ Best Price | LegitGrams","og_description":"Our Legitgrams online store has high-quality Hydrocodone 10\/325mg for sale. If you are willing to buy Hydrocodone 10\/325mg online, then let us know. We will complete your requirements soon!","og_url":"https:\/\/legitgrams.com\/cs\/produkt\/hydrokodon-10-325-mg\/","og_site_name":"Legit Grams","article_modified_time":"2025-01-14T06:10:08+00:00","og_image":[{"width":600,"height":600,"url":"https:\/\/legitgrams.com\/wp-content\/uploads\/2024\/09\/buy-hydrocodone-10-325mg-online.jpg","type":"image\/jpeg"}],"twitter_card":"summary_large_image","twitter_misc":{"Odhadovan\u00e1 doba \u010dten\u00ed":"3 minuty"},"schema":{"@context":"https:\/\/schema.org","@graph":[{"@type":"WebPage","@id":"https:\/\/legitgrams.com\/product\/hydrocodone-10-325mg\/","url":"https:\/\/legitgrams.com\/product\/hydrocodone-10-325mg\/","name":"Hydrokodon 10\/325 mg na prodej online za nejlep\u0161\u00ed cenu | LegitGrams","isPartOf":{"@id":"https:\/\/legitgrams.com\/#website"},"primaryImageOfPage":{"@id":"https:\/\/legitgrams.com\/product\/hydrocodone-10-325mg\/#primaryimage"},"image":{"@id":"https:\/\/legitgrams.com\/product\/hydrocodone-10-325mg\/#primaryimage"},"thumbnailUrl":"https:\/\/legitgrams.com\/wp-content\/uploads\/2024\/09\/buy-hydrocodone-10-325mg-online.jpg","datePublished":"2024-09-20T09:20:55+00:00","dateModified":"2025-01-14T06:10:08+00:00","description":"N\u00e1\u0161 internetov\u00fd obchod Legitgrams m\u00e1 na prodej vysoce kvalitn\u00ed Hydrocodone 10\/325mg. Pokud si chcete koupit Hydrocodone 10\/325mg online, dejte n\u00e1m v\u011bd\u011bt. Va\u0161e po\u017eadavky brzy spln\u00edme!","breadcrumb":{"@id":"https:\/\/legitgrams.com\/product\/hydrocodone-10-325mg\/#breadcrumb"},"inLanguage":"cs","potentialAction":[{"@type":"ReadAction","target":["https:\/\/legitgrams.com\/product\/hydrocodone-10-325mg\/"]}]},{"@type":"ImageObject","inLanguage":"cs","@id":"https:\/\/legitgrams.com\/product\/hydrocodone-10-325mg\/#primaryimage","url":"https:\/\/legitgrams.com\/wp-content\/uploads\/2024\/09\/buy-hydrocodone-10-325mg-online.jpg","contentUrl":"https:\/\/legitgrams.com\/wp-content\/uploads\/2024\/09\/buy-hydrocodone-10-325mg-online.jpg","width":600,"height":600,"caption":"Hydrocodone 10\/325mg for Sale"},{"@type":"BreadcrumbList","@id":"https:\/\/legitgrams.com\/product\/hydrocodone-10-325mg\/#breadcrumb","itemListElement":[{"@type":"ListItem","position":1,"name":"Home","item":"https:\/\/legitgrams.com\/"},{"@type":"ListItem","position":2,"name":"Shop","item":"https:\/\/legitgrams.com\/shop\/"},{"@type":"ListItem","position":3,"name":"Hydrocodone 10\/325mg"}]},{"@type":"WebSite","@id":"https:\/\/legitgrams.com\/#website","url":"https:\/\/legitgrams.com\/","name":"Leg\u00e1ln\u00ed gramy","description":"M\u016fj blog WordPress","publisher":{"@id":"https:\/\/legitgrams.com\/#organization"},"potentialAction":[{"@type":"SearchAction","target":{"@type":"EntryPoint","urlTemplate":"https:\/\/legitgrams.com\/?s={search_term_string}"},"query-input":{"@type":"PropertyValueSpecification","valueRequired":true,"valueName":"search_term_string"}}],"inLanguage":"cs"},{"@type":"Organization","@id":"https:\/\/legitgrams.com\/#organization","name":"Leg\u00e1ln\u00ed gramy","url":"https:\/\/legitgrams.com\/","logo":{"@type":"ImageObject","inLanguage":"cs","@id":"https:\/\/legitgrams.com\/#\/schema\/logo\/image\/","url":"https:\/\/legitgrams.com\/wp-content\/uploads\/2024\/09\/main-logo.png","contentUrl":"https:\/\/legitgrams.com\/wp-content\/uploads\/2024\/09\/main-logo.png","width":270,"height":75,"caption":"Legit Grams"},"image":{"@id":"https:\/\/legitgrams.com\/#\/schema\/logo\/image\/"}}]}},"uagb_featured_image_src":{"full":["https:\/\/legitgrams.com\/wp-content\/uploads\/2024\/09\/buy-hydrocodone-10-325mg-online.jpg",600,600,false],"thumbnail":["https:\/\/legitgrams.com\/wp-content\/uploads\/2024\/09\/buy-hydrocodone-10-325mg-online-150x150.jpg",150,150,true],"medium":["https:\/\/legitgrams.com\/wp-content\/uploads\/2024\/09\/buy-hydrocodone-10-325mg-online-300x300.jpg",300,300,true],"medium_large":["https:\/\/legitgrams.com\/wp-content\/uploads\/2024\/09\/buy-hydrocodone-10-325mg-online.jpg",600,600,false],"large":["https:\/\/legitgrams.com\/wp-content\/uploads\/2024\/09\/buy-hydrocodone-10-325mg-online.jpg",600,600,false],"1536x1536":["https:\/\/legitgrams.com\/wp-content\/uploads\/2024\/09\/buy-hydrocodone-10-325mg-online.jpg",600,600,false],"2048x2048":["https:\/\/legitgrams.com\/wp-content\/uploads\/2024\/09\/buy-hydrocodone-10-325mg-online.jpg",600,600,false],"trp-custom-language-flag":["https:\/\/legitgrams.com\/wp-content\/uploads\/2024\/09\/buy-hydrocodone-10-325mg-online-12x12.jpg",12,12,true],"woocommerce_thumbnail":["https:\/\/legitgrams.com\/wp-content\/uploads\/2024\/09\/buy-hydrocodone-10-325mg-online-300x300.jpg",300,300,true],"woocommerce_single":["https:\/\/legitgrams.com\/wp-content\/uploads\/2024\/09\/buy-hydrocodone-10-325mg-online.jpg",600,600,false],"woocommerce_gallery_thumbnail":["https:\/\/legitgrams.com\/wp-content\/uploads\/2024\/09\/buy-hydrocodone-10-325mg-online-100x100.jpg",100,100,true]},"uagb_author_info":{"display_name":"cokeblog18","author_link":"https:\/\/legitgrams.com\/cs\/author\/"},"uagb_comment_info":0,"uagb_excerpt":"Purchase 10\/325 mg of hydrocodone online. Hydrocodone Bitartrate Acetaminophen Buy Hydrocodone Online Ask your doctor about naloxone, a common drug that can save your life when taken with hydrocodone (for example, at home or at work). Naloxone can reverse a potentially lethal overdose. By preventing the effects of opiates, it reduces the unpleasant sensations caused&hellip;","_links":{"self":[{"href":"https:\/\/legitgrams.com\/cs\/wp-json\/wp\/v2\/product\/3872","targetHints":{"allow":["GET"]}}],"collection":[{"href":"https:\/\/legitgrams.com\/cs\/wp-json\/wp\/v2\/product"}],"about":[{"href":"https:\/\/legitgrams.com\/cs\/wp-json\/wp\/v2\/types\/product"}],"replies":[{"embeddable":true,"href":"https:\/\/legitgrams.com\/cs\/wp-json\/wp\/v2\/comments?post=3872"}],"wp:featuredmedia":[{"embeddable":true,"href":"https:\/\/legitgrams.com\/cs\/wp-json\/wp\/v2\/media\/5211"}],"wp:attachment":[{"href":"https:\/\/legitgrams.com\/cs\/wp-json\/wp\/v2\/media?parent=3872"}],"wp:term":[{"taxonomy":"product_brand","embeddable":true,"href":"https:\/\/legitgrams.com\/cs\/wp-json\/wp\/v2\/product_brand?post=3872"},{"taxonomy":"product_cat","embeddable":true,"href":"https:\/\/legitgrams.com\/cs\/wp-json\/wp\/v2\/product_cat?post=3872"},{"taxonomy":"product_tag","embeddable":true,"href":"https:\/\/legitgrams.com\/cs\/wp-json\/wp\/v2\/product_tag?post=3872"}],"curies":[{"name":"wp","href":"https:\/\/api.w.org\/{rel}","templated":true}]}}