{"id":3877,"date":"2024-09-20T09:44:30","date_gmt":"2024-09-20T09:44:30","guid":{"rendered":"https:\/\/legitgrams.com\/?post_type=product&#038;p=3877"},"modified":"2025-01-14T08:15:55","modified_gmt":"2025-01-14T08:15:55","slug":"lortab-10-mg-pilulky","status":"publish","type":"product","link":"https:\/\/legitgrams.com\/cs\/produkt\/lortab-10-mg-pilulky\/","title":{"rendered":"Lortab 10\/325 mg tablet"},"content":{"rendered":"<h2>Kupte si 10\/325 mg tablety Lortab online.<\/h2>\n<p>St\u0159edn\u00ed a\u017e siln\u00e1 bolest se l\u00e9\u010d\u00ed l\u00e9kem Lortab. obsahuje jak opioidn\u00ed analgetikum (hydrokodon), tak neopioidn\u00ed analgetikum (paracetamol). \u00da\u010dinky hydrokodonu na mozek m\u011bn\u00ed zp\u016fsob, jak\u00fdm va\u0161e t\u011blo za\u017e\u00edv\u00e1 bolest a jak na ni reaguje. Ke sn\u00ed\u017een\u00ed teploty lze tak\u00e9 pou\u017e\u00edt acetaminofen. <a href=\"https:\/\/legitgrams.com\/cs\/\">LegitGrams<\/a><\/p>\n<p>Tablety Lortab 10 mg a 325 mg jsou dostupn\u00e9 v online l\u00e9k\u00e1rn\u011b; nakoupit <a href=\"https:\/\/en.wikipedia.org\/wiki\/Hydrocodone\">Lortab<\/a>, koupit Lortab 10\/325 mg pilulky, koupit Lortab pilulky, Kde mohu koupit 10\/325 mg Lortab pilulky online? Ve Spojen\u00fdch st\u00e1tech, Kanad\u011b a Spojen\u00e9m kr\u00e1lovstv\u00ed jsou tablety Lortab 10\/325 mg k dispozici k zakoupen\u00ed online od prodejc\u016f s bezpe\u010dn\u00fdm doru\u010den\u00edm. Pilulky Lortabu 10\/325 mg jsou st\u00e1le dostupn\u00e9. Krom\u011b toho m\u016f\u017eete zjistit, zda pou\u017e\u00edv\u00e1te <a href=\"https:\/\/legitgrams.com\/cs\/produkt\/lortab-10-mg-pilulky\/\">Lortab 10\/325 mg tablet<\/a> je povoleno ve Spojen\u00fdch st\u00e1tech, jak si objednat tabletky Lortab 10\/325 mg a zda jsou v Kanad\u011b leg\u00e1ln\u00ed.<\/p>\n<h2><\/h2>\n<p>&nbsp;<\/p>","protected":false},"excerpt":{"rendered":"<p>Purchase 10\/325 mg Lortab tablets online. Moderate to severe pain is treated with the drug Lortab. contains both an opioid analgesic (hydrocodone) and a non-opioid analgesic (paracetamol). The effects of hydrocodone on the brain change how your body experiences and responds to pain. Acetaminophen can also be used to reduce the temperature. LegitGrams Lortab 10mg &hellip;<\/p>\n<p class=\"read-more\"> <a class=\"\" href=\"https:\/\/legitgrams.com\/cs\/produkt\/lortab-10-mg-pilulky\/\"> <span class=\"screen-reader-text\">Lortab 10\/325 mg tablet<\/span> \u010c\u00edst d\u00e1l \"<\/a><\/p>","protected":false},"featured_media":5234,"comment_status":"open","ping_status":"closed","template":"","meta":{"_uag_custom_page_level_css":"","site-sidebar-layout":"default","site-content-layout":"default","ast-global-header-display":"","ast-main-header-display":"","ast-hfb-above-header-display":"","ast-hfb-below-header-display":"","ast-hfb-mobile-header-display":"","site-post-title":"","ast-breadcrumbs-content":"","ast-featured-img":"","footer-sml-layout":"","theme-transparent-header-meta":"default","adv-header-id-meta":"","stick-header-meta":"default","header-above-stick-meta":"","header-main-stick-meta":"","header-below-stick-meta":"","_joinchat":[]},"product_brand":[],"product_cat":[608,597],"product_tag":[4349,4339,617,4331,4346,4343,4338,4330,4333,4341,4334,4332,4342,4344,4351,4352,4350,4347,4336,4348,4345,625,4337,4340,4335],"class_list":{"0":"post-3877","1":"product","2":"type-product","3":"status-publish","4":"has-post-thumbnail","6":"product_cat-pain-pills","7":"product_cat-pain-sleeping-sex-pills","8":"product_tag-best-cheap-price-lortab-10-325mg-pills","9":"product_tag-best-place-to-buy-lortab-10-325mg-pills","10":"product_tag-bulk-online","11":"product_tag-buy-lortab-10-325mg-pills","12":"product_tag-cheap-lortab-10-325mg-pills","13":"product_tag-high-quality-lortab-10-325mg-pills","14":"product_tag-how-to-buy-lortab-10-325mg-pills","15":"product_tag-lortab-10-325mg-pills","16":"product_tag-lortab-10-325mg-pills-for-sale","17":"product_tag-lortab-10-325mg-pills-legally","18":"product_tag-lortab-10-325mg-pills-lortab-10-325mg-pills-supplier","19":"product_tag-lortab-10-325mg-pills-online","20":"product_tag-lortab-10-325mg-pills-price","21":"product_tag-lortab-10-325mg-pills-store","22":"product_tag-lortab-10-325mg-pills-use","23":"product_tag-lortab-10-325mg-pills-wiki","24":"product_tag-lortab-10-325mg-pills-worldwide","25":"product_tag-lortab-10-325mg-pillss","26":"product_tag-order-lortab-10-325mg-pills","27":"product_tag-purcharse-lortab-10-325mg-pills","28":"product_tag-shop-lortab-10-325mg-pills","29":"product_tag-top-quality","30":"product_tag-where-to-buy-lortab-10-325mg-pills","31":"product_tag-where-to-order-lortab-10-325mg-pills","32":"product_tag-wholesale-lortab-10-325mg-pills","33":"desktop-align-left","34":"tablet-align-left","35":"mobile-align-left","36":"ast-product-gallery-layout-horizontal","37":"ast-product-gallery-with-no-image","38":"ast-product-single-variable","39":"ast-product-tabs-layout-horizontal","40":"ast-qv-on-image","42":"first","43":"instock","44":"shipping-taxable","45":"purchasable","46":"product-type-variable"},"yoast_head":"<!-- This site is optimized with the Yoast SEO plugin v25.9 - https:\/\/yoast.com\/wordpress\/plugins\/seo\/ -->\n<title>Lortab 10\/325mg Pills for Sale - Order Lortab 10\/325mg Pills Online<\/title>\n<meta name=\"description\" content=\"Your requirement to buy Lortab 10\/325mg Pills can be fulfilled at our online Legitgrams store as we are having Lortab 10\/325mg Pills for sale here. Place your order and get affordable deals every day.\" \/>\n<meta name=\"robots\" content=\"index, follow, max-snippet:-1, max-image-preview:large, max-video-preview:-1\" \/>\n<link rel=\"canonical\" href=\"https:\/\/legitgrams.com\/cs\/produkt\/lortab-10-mg-pilulky\/\" \/>\n<meta property=\"og:locale\" content=\"cs_CZ\" \/>\n<meta property=\"og:type\" content=\"article\" \/>\n<meta property=\"og:title\" content=\"Lortab 10\/325mg Pills for Sale - Order Lortab 10\/325mg Pills Online\" \/>\n<meta property=\"og:description\" content=\"Your requirement to buy Lortab 10\/325mg Pills can be fulfilled at our online Legitgrams store as we are having Lortab 10\/325mg Pills for sale here. Place your order and get affordable deals every day.\" \/>\n<meta property=\"og:url\" content=\"https:\/\/legitgrams.com\/cs\/produkt\/lortab-10-mg-pilulky\/\" \/>\n<meta property=\"og:site_name\" content=\"Legit Grams\" \/>\n<meta property=\"article:modified_time\" content=\"2025-01-14T08:15:55+00:00\" \/>\n<meta property=\"og:image\" content=\"https:\/\/legitgrams.com\/wp-content\/uploads\/2024\/09\/buy-lortab-10-325mg-pills-online.jpg\" \/>\n\t<meta property=\"og:image:width\" content=\"600\" \/>\n\t<meta property=\"og:image:height\" content=\"600\" \/>\n\t<meta property=\"og:image:type\" content=\"image\/jpeg\" \/>\n<meta name=\"twitter:card\" content=\"summary_large_image\" \/>\n<meta name=\"twitter:label1\" content=\"Odhadovan\u00e1 doba \u010dten\u00ed\" \/>\n\t<meta name=\"twitter:data1\" content=\"2 minuty\" \/>\n<script type=\"application\/ld+json\" class=\"yoast-schema-graph\">{\"@context\":\"https:\/\/schema.org\",\"@graph\":[{\"@type\":\"WebPage\",\"@id\":\"https:\/\/legitgrams.com\/product\/lortab-10mg-pills\/\",\"url\":\"https:\/\/legitgrams.com\/product\/lortab-10mg-pills\/\",\"name\":\"Lortab 10\/325mg Pills for Sale - Order Lortab 10\/325mg Pills Online\",\"isPartOf\":{\"@id\":\"https:\/\/legitgrams.com\/#website\"},\"primaryImageOfPage\":{\"@id\":\"https:\/\/legitgrams.com\/product\/lortab-10mg-pills\/#primaryimage\"},\"image\":{\"@id\":\"https:\/\/legitgrams.com\/product\/lortab-10mg-pills\/#primaryimage\"},\"thumbnailUrl\":\"https:\/\/legitgrams.com\/wp-content\/uploads\/2024\/09\/buy-lortab-10-325mg-pills-online.jpg\",\"datePublished\":\"2024-09-20T09:44:30+00:00\",\"dateModified\":\"2025-01-14T08:15:55+00:00\",\"description\":\"Your requirement to buy Lortab 10\/325mg Pills can be fulfilled at our online Legitgrams store as we are having Lortab 10\/325mg Pills for sale here. Place your order and get affordable deals every day.\",\"breadcrumb\":{\"@id\":\"https:\/\/legitgrams.com\/product\/lortab-10mg-pills\/#breadcrumb\"},\"inLanguage\":\"cs\",\"potentialAction\":[{\"@type\":\"ReadAction\",\"target\":[\"https:\/\/legitgrams.com\/product\/lortab-10mg-pills\/\"]}]},{\"@type\":\"ImageObject\",\"inLanguage\":\"cs\",\"@id\":\"https:\/\/legitgrams.com\/product\/lortab-10mg-pills\/#primaryimage\",\"url\":\"https:\/\/legitgrams.com\/wp-content\/uploads\/2024\/09\/buy-lortab-10-325mg-pills-online.jpg\",\"contentUrl\":\"https:\/\/legitgrams.com\/wp-content\/uploads\/2024\/09\/buy-lortab-10-325mg-pills-online.jpg\",\"width\":600,\"height\":600,\"caption\":\"Lortab 10\/325mg Pills for Sale\"},{\"@type\":\"BreadcrumbList\",\"@id\":\"https:\/\/legitgrams.com\/product\/lortab-10mg-pills\/#breadcrumb\",\"itemListElement\":[{\"@type\":\"ListItem\",\"position\":1,\"name\":\"Home\",\"item\":\"https:\/\/legitgrams.com\/\"},{\"@type\":\"ListItem\",\"position\":2,\"name\":\"Shop\",\"item\":\"https:\/\/legitgrams.com\/shop\/\"},{\"@type\":\"ListItem\",\"position\":3,\"name\":\"Lortab 10\/325mg pills\"}]},{\"@type\":\"WebSite\",\"@id\":\"https:\/\/legitgrams.com\/#website\",\"url\":\"https:\/\/legitgrams.com\/\",\"name\":\"Legit Grams\",\"description\":\"My WordPress Blog\",\"publisher\":{\"@id\":\"https:\/\/legitgrams.com\/#organization\"},\"potentialAction\":[{\"@type\":\"SearchAction\",\"target\":{\"@type\":\"EntryPoint\",\"urlTemplate\":\"https:\/\/legitgrams.com\/?s={search_term_string}\"},\"query-input\":{\"@type\":\"PropertyValueSpecification\",\"valueRequired\":true,\"valueName\":\"search_term_string\"}}],\"inLanguage\":\"cs\"},{\"@type\":\"Organization\",\"@id\":\"https:\/\/legitgrams.com\/#organization\",\"name\":\"Legit Grams\",\"url\":\"https:\/\/legitgrams.com\/\",\"logo\":{\"@type\":\"ImageObject\",\"inLanguage\":\"cs\",\"@id\":\"https:\/\/legitgrams.com\/#\/schema\/logo\/image\/\",\"url\":\"https:\/\/legitgrams.com\/wp-content\/uploads\/2024\/09\/main-logo.png\",\"contentUrl\":\"https:\/\/legitgrams.com\/wp-content\/uploads\/2024\/09\/main-logo.png\",\"width\":270,\"height\":75,\"caption\":\"Legit Grams\"},\"image\":{\"@id\":\"https:\/\/legitgrams.com\/#\/schema\/logo\/image\/\"}}]}<\/script>\n<!-- \/ Yoast SEO plugin. -->","yoast_head_json":{"title":"Lortab 10\/325mg Pills for Sale - objednat Lortab 10\/325mg Pills online","description":"V\u00e1\u0161 po\u017eadavek na koupi Lortab 10\/325mg Pills m\u016f\u017ee b\u00fdt spln\u011bn v na\u0161em online obchod\u011b Legitgrams, proto\u017ee zde m\u00e1me Lortab 10\/325mg Pills na prodej. Objednejte si a z\u00edskejte cenov\u011b dostupn\u00e9 nab\u00eddky ka\u017ed\u00fd den.","robots":{"index":"index","follow":"follow","max-snippet":"max-snippet:-1","max-image-preview":"max-image-preview:large","max-video-preview":"max-video-preview:-1"},"canonical":"https:\/\/legitgrams.com\/cs\/produkt\/lortab-10-mg-pilulky\/","og_locale":"cs_CZ","og_type":"article","og_title":"Lortab 10\/325mg Pills for Sale - Order Lortab 10\/325mg Pills Online","og_description":"Your requirement to buy Lortab 10\/325mg Pills can be fulfilled at our online Legitgrams store as we are having Lortab 10\/325mg Pills for sale here. Place your order and get affordable deals every day.","og_url":"https:\/\/legitgrams.com\/cs\/produkt\/lortab-10-mg-pilulky\/","og_site_name":"Legit Grams","article_modified_time":"2025-01-14T08:15:55+00:00","og_image":[{"width":600,"height":600,"url":"https:\/\/legitgrams.com\/wp-content\/uploads\/2024\/09\/buy-lortab-10-325mg-pills-online.jpg","type":"image\/jpeg"}],"twitter_card":"summary_large_image","twitter_misc":{"Odhadovan\u00e1 doba \u010dten\u00ed":"2 minuty"},"schema":{"@context":"https:\/\/schema.org","@graph":[{"@type":"WebPage","@id":"https:\/\/legitgrams.com\/product\/lortab-10mg-pills\/","url":"https:\/\/legitgrams.com\/product\/lortab-10mg-pills\/","name":"Lortab 10\/325mg Pills for Sale - objednat Lortab 10\/325mg Pills online","isPartOf":{"@id":"https:\/\/legitgrams.com\/#website"},"primaryImageOfPage":{"@id":"https:\/\/legitgrams.com\/product\/lortab-10mg-pills\/#primaryimage"},"image":{"@id":"https:\/\/legitgrams.com\/product\/lortab-10mg-pills\/#primaryimage"},"thumbnailUrl":"https:\/\/legitgrams.com\/wp-content\/uploads\/2024\/09\/buy-lortab-10-325mg-pills-online.jpg","datePublished":"2024-09-20T09:44:30+00:00","dateModified":"2025-01-14T08:15:55+00:00","description":"V\u00e1\u0161 po\u017eadavek na koupi Lortab 10\/325mg Pills m\u016f\u017ee b\u00fdt spln\u011bn v na\u0161em online obchod\u011b Legitgrams, proto\u017ee zde m\u00e1me Lortab 10\/325mg Pills na prodej. Objednejte si a z\u00edskejte cenov\u011b dostupn\u00e9 nab\u00eddky ka\u017ed\u00fd den.","breadcrumb":{"@id":"https:\/\/legitgrams.com\/product\/lortab-10mg-pills\/#breadcrumb"},"inLanguage":"cs","potentialAction":[{"@type":"ReadAction","target":["https:\/\/legitgrams.com\/product\/lortab-10mg-pills\/"]}]},{"@type":"ImageObject","inLanguage":"cs","@id":"https:\/\/legitgrams.com\/product\/lortab-10mg-pills\/#primaryimage","url":"https:\/\/legitgrams.com\/wp-content\/uploads\/2024\/09\/buy-lortab-10-325mg-pills-online.jpg","contentUrl":"https:\/\/legitgrams.com\/wp-content\/uploads\/2024\/09\/buy-lortab-10-325mg-pills-online.jpg","width":600,"height":600,"caption":"Lortab 10\/325mg Pills for Sale"},{"@type":"BreadcrumbList","@id":"https:\/\/legitgrams.com\/product\/lortab-10mg-pills\/#breadcrumb","itemListElement":[{"@type":"ListItem","position":1,"name":"Home","item":"https:\/\/legitgrams.com\/"},{"@type":"ListItem","position":2,"name":"Shop","item":"https:\/\/legitgrams.com\/shop\/"},{"@type":"ListItem","position":3,"name":"Lortab 10\/325mg pills"}]},{"@type":"WebSite","@id":"https:\/\/legitgrams.com\/#website","url":"https:\/\/legitgrams.com\/","name":"Leg\u00e1ln\u00ed gramy","description":"M\u016fj blog WordPress","publisher":{"@id":"https:\/\/legitgrams.com\/#organization"},"potentialAction":[{"@type":"SearchAction","target":{"@type":"EntryPoint","urlTemplate":"https:\/\/legitgrams.com\/?s={search_term_string}"},"query-input":{"@type":"PropertyValueSpecification","valueRequired":true,"valueName":"search_term_string"}}],"inLanguage":"cs"},{"@type":"Organization","@id":"https:\/\/legitgrams.com\/#organization","name":"Leg\u00e1ln\u00ed gramy","url":"https:\/\/legitgrams.com\/","logo":{"@type":"ImageObject","inLanguage":"cs","@id":"https:\/\/legitgrams.com\/#\/schema\/logo\/image\/","url":"https:\/\/legitgrams.com\/wp-content\/uploads\/2024\/09\/main-logo.png","contentUrl":"https:\/\/legitgrams.com\/wp-content\/uploads\/2024\/09\/main-logo.png","width":270,"height":75,"caption":"Legit Grams"},"image":{"@id":"https:\/\/legitgrams.com\/#\/schema\/logo\/image\/"}}]}},"uagb_featured_image_src":{"full":["https:\/\/legitgrams.com\/wp-content\/uploads\/2024\/09\/buy-lortab-10-325mg-pills-online.jpg",600,600,false],"thumbnail":["https:\/\/legitgrams.com\/wp-content\/uploads\/2024\/09\/buy-lortab-10-325mg-pills-online-150x150.jpg",150,150,true],"medium":["https:\/\/legitgrams.com\/wp-content\/uploads\/2024\/09\/buy-lortab-10-325mg-pills-online-300x300.jpg",300,300,true],"medium_large":["https:\/\/legitgrams.com\/wp-content\/uploads\/2024\/09\/buy-lortab-10-325mg-pills-online.jpg",600,600,false],"large":["https:\/\/legitgrams.com\/wp-content\/uploads\/2024\/09\/buy-lortab-10-325mg-pills-online.jpg",600,600,false],"1536x1536":["https:\/\/legitgrams.com\/wp-content\/uploads\/2024\/09\/buy-lortab-10-325mg-pills-online.jpg",600,600,false],"2048x2048":["https:\/\/legitgrams.com\/wp-content\/uploads\/2024\/09\/buy-lortab-10-325mg-pills-online.jpg",600,600,false],"trp-custom-language-flag":["https:\/\/legitgrams.com\/wp-content\/uploads\/2024\/09\/buy-lortab-10-325mg-pills-online-12x12.jpg",12,12,true],"woocommerce_thumbnail":["https:\/\/legitgrams.com\/wp-content\/uploads\/2024\/09\/buy-lortab-10-325mg-pills-online-300x300.jpg",300,300,true],"woocommerce_single":["https:\/\/legitgrams.com\/wp-content\/uploads\/2024\/09\/buy-lortab-10-325mg-pills-online.jpg",600,600,false],"woocommerce_gallery_thumbnail":["https:\/\/legitgrams.com\/wp-content\/uploads\/2024\/09\/buy-lortab-10-325mg-pills-online-100x100.jpg",100,100,true]},"uagb_author_info":{"display_name":"cokeblog18","author_link":"https:\/\/legitgrams.com\/cs\/author\/"},"uagb_comment_info":0,"uagb_excerpt":"Purchase 10\/325 mg Lortab tablets online. Moderate to severe pain is treated with the drug Lortab. contains both an opioid analgesic (hydrocodone) and a non-opioid analgesic (paracetamol). The effects of hydrocodone on the brain change how your body experiences and responds to pain. Acetaminophen can also be used to reduce the temperature. LegitGrams Lortab 10mg&hellip;","_links":{"self":[{"href":"https:\/\/legitgrams.com\/cs\/wp-json\/wp\/v2\/product\/3877","targetHints":{"allow":["GET"]}}],"collection":[{"href":"https:\/\/legitgrams.com\/cs\/wp-json\/wp\/v2\/product"}],"about":[{"href":"https:\/\/legitgrams.com\/cs\/wp-json\/wp\/v2\/types\/product"}],"replies":[{"embeddable":true,"href":"https:\/\/legitgrams.com\/cs\/wp-json\/wp\/v2\/comments?post=3877"}],"wp:featuredmedia":[{"embeddable":true,"href":"https:\/\/legitgrams.com\/cs\/wp-json\/wp\/v2\/media\/5234"}],"wp:attachment":[{"href":"https:\/\/legitgrams.com\/cs\/wp-json\/wp\/v2\/media?parent=3877"}],"wp:term":[{"taxonomy":"product_brand","embeddable":true,"href":"https:\/\/legitgrams.com\/cs\/wp-json\/wp\/v2\/product_brand?post=3877"},{"taxonomy":"product_cat","embeddable":true,"href":"https:\/\/legitgrams.com\/cs\/wp-json\/wp\/v2\/product_cat?post=3877"},{"taxonomy":"product_tag","embeddable":true,"href":"https:\/\/legitgrams.com\/cs\/wp-json\/wp\/v2\/product_tag?post=3877"}],"curies":[{"name":"wp","href":"https:\/\/api.w.org\/{rel}","templated":true}]}}