{"id":3890,"date":"2024-09-20T10:09:25","date_gmt":"2024-09-20T10:09:25","guid":{"rendered":"https:\/\/legitgrams.com\/?post_type=product&#038;p=3890"},"modified":"2025-04-04T13:43:33","modified_gmt":"2025-04-04T13:43:33","slug":"zavist-penisu-houby","status":"publish","type":"product","link":"https:\/\/legitgrams.com\/cs\/produkt\/zavist-penisu-houby\/","title":{"rendered":"Koupit Penis Envy houby online"},"content":{"rendered":"<h2>Kupte si Penis Envy Mushrooms online: Penis Envy Cubensis na prodej<\/h2>\n<p>\"Co je to <a href=\"https:\/\/legitgrams.com\/cs\/produkt\/zavist-penisu-houby\/\">Z\u00e1vist penisu Cubensis<\/a>\u201eCo je to za divn\u00e9 jm\u00e9no?\u201c mo\u017en\u00e1 v\u00e1s napad\u00e1. Situace je opravdu jednoduch\u00e1. Ned\u00e1 se pop\u0159\u00edt fakt, \u017ee tato halucinogenn\u00ed houba p\u0159ipom\u00edn\u00e1 penis. Mo\u017en\u00e1 v\u00e1s p\u0159ekvap\u00ed, \u017ee tato houba m\u00e1 jeden z nejsiln\u011bj\u0161\u00edch psychedelick\u00fdch potenci\u00e1l\u016f ze v\u0161ech zn\u00e1m\u00fdch druh\u016f. \u0158\u00edk\u00e1 se, \u017ee konstrukt\u00e9rem byl Terence McKenna z Psychonauts. <a href=\"https:\/\/www.bing.com\/search?q=KuptesihoubyPenisEnvyOnline&amp;qs=n&amp;form=QBRE&amp;sp=-1&amp;lq=0&amp;pq=kuptesihoubypenisenvyonline&amp;sc=0-32&amp;sk=&amp;cvid=D1B9360250454DD09BC32066846C9461&amp;ghsh=0&amp;ghacc=0&amp;ghpl=\">Z\u00e1vist penisu Cubensis<\/a>.<\/p>\n<p>M\u00e1 masit\u00fd klobouk, tlust\u00fd ba\u0148at\u00fd d\u0159\u00edk a stonek, kter\u00fd i po otev\u0159en\u00ed klobouku st\u00e1le roste. Na rozd\u00edl od jin\u00fdch kmen\u016f Cubensis m\u00e1 tento velmi vysokou hustotu hub. P\u011bstov\u00e1n\u00ed tohoto druhu hub nen\u00ed snadn\u00e9. Pod mikroskopem se spory zdaj\u00ed identick\u00e9, p\u0159esto je proces generov\u00e1n\u00ed zcela odli\u0161n\u00fd od procesu u jin\u00fdch kmen\u016f. V podstat\u011b otisky sp\u00f3r nejsou mo\u017en\u00e9 a st\u0159\u00edka\u010dky sp\u00f3r jsou jedin\u00fdm zp\u016fsobem, jak je z\u00edskat <a href=\"https:\/\/www.google.com\/search?q=Kupte+si+houby+Penis+Envy+Online&amp;sca_esv=eddefdb7b92e7545&amp;sxsrf=AHTn8zog7LeB-u0Tvg4abNWPKsBYqOMMxQ1743774398970&amp;ei=vuLvZ4PrOrun2roP0sT40AU&amp;ved=0ahUKEwiDwvnswb6MAxW7k1YBHVIiHloQ4dUDCBA&amp;uact=5&amp;oq=Kupte+si+houby+Penis+Envy+Online&amp;gs_lp=Egxnd3Mtd2l6LXNlcnAiIEt1cHRlIHNpIGhvdWJ5IFBlbmlzIEVudnkgT25saW5lSMwGUNQCWNQCcAF4AJABAJgBiwKgAYsCqgEDMi0xuAEDyAEA-AEC-AEBmAIAoAIAmAMAiAYBkgcAoAdUsgcAuAcA&amp;sclient=gws-wiz-serp\">Z\u00e1vist penisu Cubensis<\/a> spores. <a href=\"https:\/\/legitgrams.com\/cs\/\">LegitGrams<\/a><\/p>\n<h3>Jak\u00e9 \u00fa\u010dinky v\u00e1m tato houba poskytuje?<\/h3>\n<p>Siln\u00e1 houba na b\u00e1zi psilocybinu je Penis Envy Cubensis Canada. \u00da\u010dinn\u00e1 l\u00e1tka se z\u0159ejm\u011b naz\u00fdv\u00e1 psilocybin a m\u00e1 \u0159adu fyziologick\u00fdch \u00fa\u010dink\u016f. V podstat\u011b za\u017eijete n\u011bco mystick\u00e9ho, a to se li\u0161\u00ed \u010dlov\u011bk od \u010dlov\u011bka. Druh z\u00e1\u017eitku, kter\u00fd budete m\u00edt, bude z\u00e1viset na mno\u017estv\u00ed d\u00e1vky, kterou u\u017eijete.<\/p>\n<p>Nap\u0159\u00edklad, <a href=\"https:\/\/en.wikipedia.org\/wiki\/Penis_envy\">Z\u00e1vist penisu<\/a> Cubensis m\u00e1 siln\u00e9 \u00fa\u010dinky, kter\u00e9 mohou b\u00fdt srovnateln\u00e9 s dv\u011bma a\u017e t\u0159emi gramy slab\u0161\u00edch hub na gram. Z tohoto d\u016fvodu doporu\u010dujeme za\u010d\u00edt s men\u0161\u00edmi d\u00e1vkami, zejm\u00e9na pokud s jeho u\u017e\u00edv\u00e1n\u00edm za\u010d\u00edn\u00e1te. Pro za\u010d\u00ednaj\u00edc\u00edho u\u017eivatele mohou b\u00fdt hlubok\u00e9 a zneklid\u0148uj\u00edc\u00ed \u00fa\u010dinky psilocybinov\u00fdch hub dosti znepokojiv\u00e9.<\/p>\n<h3>P\u0159i u\u017e\u00edv\u00e1n\u00ed v\u011bt\u0161\u00edch d\u00e1vek t\u00e9to houby mohou nastat n\u00e1sleduj\u00edc\u00ed mo\u017en\u00e9 v\u00fdsledky:<\/h3>\n<p>Vjemy dilatace \u010dasu<br \/>\nBludy<br \/>\nSynest\u00e9zie je schopnost vn\u00edmat zvuky a sly\u0161et barvy.<\/p>\n<p>Frakt\u00e1ln\u00ed surfov\u00e1n\u00ed<br \/>\nZ\u00e1blesky ud\u00e1lost\u00ed a incident\u016f, kter\u00e9 jsou tak \u017eiv\u00e9, \u017ee p\u0159evezmou va\u0161e my\u0161lenky, kdy\u017e se d\u00edv\u00e1te na nebesk\u00e1 t\u011blesa<br \/>\nSlovo \u201ezdrav\u00fd\u201c nejl\u00e9pe vystihuje turn\u00e9 s Penis Envy Cubensis. Je nepravd\u011bpodobn\u00e9, \u017ee se budete c\u00edtit unaven\u00ed nebo ospal\u00ed. Na druhou stranu rozmanitost zrakov\u00fdch a sluchov\u00fdch podn\u011bt\u016f, kter\u00e9 budete b\u011bhem cesty za\u017e\u00edvat, by ve v\u00e1s m\u011bla zp\u016fsobit, \u017ee se budete c\u00edtit nabit\u00ed energi\u00ed, eufori\u00ed a zv\u011bdavost\u00ed.<\/p>\n<h3>M\u00e1 to n\u011bjak\u00e9 zdravotn\u00ed v\u00fdhody?<\/h3>\n<p>Konzumace psilocybinu je \u010dasto spojov\u00e1na s antidepresivn\u00edmi, proti\u00fazkostn\u00fdmi a antistresov\u00fdmi \u00fa\u010dinky. Lid\u00e9 po cel\u00e9m sv\u011bt\u011b jej u\u017e\u00edvaj\u00ed k l\u00e9\u010db\u011b r\u016fzn\u00fdch probl\u00e9m\u016f, s nimi\u017e se pot\u00fdkaj\u00ed. Nejlep\u0161\u00ed je v\u0161ak konzumovat v r\u00e1mci sv\u00e9 komfortn\u00ed z\u00f3ny. P\u0159i nadm\u011brn\u00e9m u\u017e\u00edv\u00e1n\u00ed m\u016f\u017ee mnoho v\u011bc\u00ed, kter\u00e9 v\u00e1m mohou pomoci zvl\u00e1dat \u00fazkost, tak\u00e9 vyvolat pocit \u00fazkosti, zejm\u00e9na pokud jste houby nikdy p\u0159edt\u00edm neu\u017e\u00edvali. Mohlo by v\u00e1s k smrti vyd\u011bsit prodlou\u017een\u00ed \u010dasu, fenom\u00e9n smrti ega a n\u00e1sledky m\u011bn\u00edc\u00ed mysl.<\/p>\n<p>Psilocybin m\u016f\u017ee m\u00edt tak\u00e9 neuroprotektivn\u00ed \u00fa\u010dinky a \u00fa\u010dinky souvisej\u00edc\u00ed s neurogenez\u00ed, jak ukazuj\u00ed n\u011bkter\u00e9 studie. Jin\u00fdmi slovy, psilocybinov\u00e9 houby jsou podobn\u00e9 t\u011bm, o kter\u00fdch se hovo\u0159\u00ed v tomto p\u0159ehledu... <a href=\"https:\/\/duckduckgo.com\/?q=Kupte+si+houby+Penis+Envy+Online&amp;t=h_&amp;ia=web\">Z\u00e1vist penisu Cubensis<\/a> podpo\u0159\u00ed neurogenezi a zabr\u00e1n\u00ed poklesu mozkov\u00fdch funkc\u00ed. Tyto houby byste m\u011bli j\u00edst alespo\u0148 jednou za \u017eivot z r\u016fzn\u00fdch d\u016fvod\u016f. Je\u0161t\u011b lep\u0161\u00ed je, kdy\u017e v\u00e1m chutnaj\u00ed a pom\u00e1haj\u00ed v\u00e1m.<\/p>\n<p>Pokud si Penis Envy Cubensis online, budete ho milovat. A\u0165 u\u017e si chcete vz\u00edt v\u011bt\u0161\u00ed d\u00e1vku a \u0159e\u0161it nevy\u0159e\u0161en\u00e9 probl\u00e9my, se kter\u00fdmi se pot\u00fdk\u00e1te, nebo chcete mikrod\u00e1vky men\u0161\u00edho mno\u017estv\u00ed pro \u00fazkost a soust\u0159ed\u011bn\u00ed. M\u00edsto toho, abyste se zab\u00fdvali trivi\u00e1ln\u00edmi detaily a plnili si hlavu znepokojiv\u00fdmi dotazy, nechte sv\u00e9 n\u00e1pady plynout a dovolte sv\u00e9 kreativit\u011b p\u0159ekonat za\u017eit\u00e9 p\u0159edstavy. Mnoho lid\u00ed v\u011b\u0159\u00ed, \u017ee psilocybinov\u00e9 houby jsou nejlep\u0161\u00edm p\u0159\u00edstupem ke zm\u00edrn\u011bn\u00ed stresu a zoufalstv\u00ed.<\/p>\n<h3>Extr\u00e9mn\u011b siln\u00e1 houba<\/h3>\n<p>Penis Envy Cubensis je pr\u00e1vem pova\u017eov\u00e1n za jednu z nej\u00fa\u010dinn\u011bj\u0161\u00edch hub na sv\u011bt\u011b. Ze zv\u00fd\u0161en\u00e9 s\u00edly vypl\u00fdv\u00e1 jedine\u010dn\u00fd soubor psychoaktivn\u00edch \u00fa\u010dink\u016f. Tato houba roste mnohem pomaleji ne\u017e jin\u00e9 houby, co\u017e m\u00e1 p\u0159\u00edmo\u010dar\u00e9 fyziologick\u00e9 vysv\u011btlen\u00ed. To umo\u017e\u0148uje, aby se produkce psilocybinu zvy\u0161ovala od st\u00e1dia v\u00fdtrus\u016f a\u017e po st\u00e1dium dosp\u011blce.<\/p>\n<p>Halucinogenn\u00ed potenci\u00e1l Penis Envy Cubensis je vy\u0161\u0161\u00ed ne\u017e u v\u011bt\u0161iny ostatn\u00edch hub. Proto byste m\u011bli b\u00fdt opatrn\u00ed p\u0159i v\u00fdb\u011bru podm\u00ednek a doby, kdy tuto houbu pou\u017eijete. V\u011bt\u0161\u00ed d\u00e1vky nepochybn\u011b zp\u016fsob\u00ed zm\u011bnu v\u011bdom\u00ed, stejn\u011b jako halucinace a pocity zm\u011bny \u010dasu. Krom\u011b toho frakt\u00e1ln\u00ed vizu\u00e1ln\u00ed podn\u011bty na chv\u00edli omez\u00ed va\u0161e v\u011bdom\u00ed a schopnost rozhodovat se.<\/p>\n<h3>Spory z\u00e1visti penisu na prodej<\/h3>\n<p>Online Penis Envy Cubensis<br \/>\nPenis Envy Cubensis: Koupit online<\/p>\n<p>Penis Envy Cubensis: Koupit online<\/p>\n<p>N\u00e1kup Penis Envy<\/p>\n<p>Na prodej: alb\u00ednsk\u00fd penis envy<\/p>\n<p>&nbsp;<\/p>","protected":false},"excerpt":{"rendered":"<p>Purchase Penis Envy Mushrooms Online: Penis Envy Cubensis for Sale &#8220;What is the Penis Envy Cubensis? What&#8217;s with the weird name?&#8221; may be on your mind. The situation really is straightforward. There&#8217;s no getting around the fact that this hallucinogenic fungus resembles a penis. You may be surprised to learn that this mushroom has some &hellip;<\/p>\n<p class=\"read-more\"> <a class=\"\" href=\"https:\/\/legitgrams.com\/cs\/produkt\/zavist-penisu-houby\/\"> <span class=\"screen-reader-text\">Koupit Penis Envy houby online<\/span> \u010c\u00edst d\u00e1l \"<\/a><\/p>","protected":false},"featured_media":5241,"comment_status":"open","ping_status":"closed","template":"","meta":{"_uag_custom_page_level_css":"","site-sidebar-layout":"default","site-content-layout":"default","ast-global-header-display":"","ast-main-header-display":"","ast-hfb-above-header-display":"","ast-hfb-below-header-display":"","ast-hfb-mobile-header-display":"","site-post-title":"","ast-breadcrumbs-content":"","ast-featured-img":"","footer-sml-layout":"","theme-transparent-header-meta":"default","adv-header-id-meta":"","stick-header-meta":"default","header-above-stick-meta":"","header-main-stick-meta":"","header-below-stick-meta":"","_joinchat":[]},"product_brand":[],"product_cat":[599],"product_tag":[4234,4224,617,4216,4231,4228,4223,4221,4215,4218,4226,4217,4219,4227,4229,4236,4237,4235,4232,4233,4230,625,4222,4225,4220],"class_list":{"0":"post-3890","1":"product","2":"type-product","3":"status-publish","4":"has-post-thumbnail","6":"product_cat-psilocybin-or-magic-mushrooms","7":"product_tag-best-cheap-price-penis-envy-mushrooms","8":"product_tag-best-place-to-buy-penis-envy-mushrooms","9":"product_tag-bulk-online","10":"product_tag-buy-penis-envy-mushrooms","11":"product_tag-cheap-penis-envy-mushrooms","12":"product_tag-high-quality-penis-envy-mushrooms","13":"product_tag-how-to-buy-penis-envy-mushrooms","14":"product_tag-order-penis-envy-mushrooms","15":"product_tag-penis-envy-mushrooms","16":"product_tag-penis-envy-mushrooms-for-sale","17":"product_tag-penis-envy-mushrooms-legally","18":"product_tag-penis-envy-mushrooms-online","19":"product_tag-penis-envy-mushrooms-penis-envy-mushrooms-supplier","20":"product_tag-penis-envy-mushrooms-price","21":"product_tag-penis-envy-mushrooms-store","22":"product_tag-penis-envy-mushrooms-use","23":"product_tag-penis-envy-mushrooms-wiki","24":"product_tag-penis-envy-mushrooms-worldwide","25":"product_tag-penis-envy-mushroomss","26":"product_tag-purcharse-penis-envy-mushrooms","27":"product_tag-shop-penis-envy-mushrooms","28":"product_tag-top-quality","29":"product_tag-where-to-buy-penis-envy-mushrooms","30":"product_tag-where-to-order-penis-envy-mushrooms","31":"product_tag-wholesale-penis-envy-mushrooms","32":"desktop-align-left","33":"tablet-align-left","34":"mobile-align-left","35":"ast-product-gallery-layout-horizontal","36":"ast-product-gallery-with-no-image","37":"ast-product-single-variable","38":"ast-product-tabs-layout-horizontal","39":"ast-qv-on-image","41":"first","42":"instock","43":"featured","44":"shipping-taxable","45":"purchasable","46":"product-type-variable"},"yoast_head":"<!-- This site is optimized with the Yoast SEO plugin v25.9 - https:\/\/yoast.com\/wordpress\/plugins\/seo\/ -->\n<title>Penis Envy Mushrooms for Sale - Buy Penis Envy Mushrooms<\/title>\n<meta name=\"description\" content=\"Explore our online store for Penis Envy Mushrooms for sale, offering high-quality Penis Envy Mushrooms . Buy Penis Envy Mushrooms online securely and embark on your research journey with confidence. Place your order now!\" \/>\n<meta name=\"robots\" content=\"index, follow, max-snippet:-1, max-image-preview:large, max-video-preview:-1\" \/>\n<link rel=\"canonical\" href=\"https:\/\/legitgrams.com\/cs\/produkt\/zavist-penisu-houby\/\" \/>\n<meta property=\"og:locale\" content=\"cs_CZ\" \/>\n<meta property=\"og:type\" content=\"article\" \/>\n<meta property=\"og:title\" content=\"Penis Envy Mushrooms for Sale - Buy Penis Envy Mushrooms\" \/>\n<meta property=\"og:description\" content=\"Explore our online store for Penis Envy Mushrooms for sale, offering high-quality Penis Envy Mushrooms . Buy Penis Envy Mushrooms online securely and embark on your research journey with confidence. Place your order now!\" \/>\n<meta property=\"og:url\" content=\"https:\/\/legitgrams.com\/cs\/produkt\/zavist-penisu-houby\/\" \/>\n<meta property=\"og:site_name\" content=\"Legit Grams\" \/>\n<meta property=\"article:modified_time\" content=\"2025-04-04T13:43:33+00:00\" \/>\n<meta property=\"og:image\" content=\"https:\/\/legitgrams.com\/wp-content\/uploads\/2024\/09\/penis-envy-for-salepsilocybin-or-magic-mushrooms.jpg\" \/>\n\t<meta property=\"og:image:width\" content=\"430\" \/>\n\t<meta property=\"og:image:height\" content=\"430\" \/>\n\t<meta property=\"og:image:type\" content=\"image\/jpeg\" \/>\n<meta name=\"twitter:card\" content=\"summary_large_image\" \/>\n<meta name=\"twitter:label1\" content=\"Odhadovan\u00e1 doba \u010dten\u00ed\" \/>\n\t<meta name=\"twitter:data1\" content=\"4 minuty\" \/>\n<script type=\"application\/ld+json\" class=\"yoast-schema-graph\">{\"@context\":\"https:\/\/schema.org\",\"@graph\":[{\"@type\":\"WebPage\",\"@id\":\"https:\/\/legitgrams.com\/product\/penis-envy-mushrooms\/\",\"url\":\"https:\/\/legitgrams.com\/product\/penis-envy-mushrooms\/\",\"name\":\"Penis Envy Mushrooms for Sale - Buy Penis Envy Mushrooms\",\"isPartOf\":{\"@id\":\"https:\/\/legitgrams.com\/#website\"},\"primaryImageOfPage\":{\"@id\":\"https:\/\/legitgrams.com\/product\/penis-envy-mushrooms\/#primaryimage\"},\"image\":{\"@id\":\"https:\/\/legitgrams.com\/product\/penis-envy-mushrooms\/#primaryimage\"},\"thumbnailUrl\":\"https:\/\/legitgrams.com\/wp-content\/uploads\/2024\/09\/penis-envy-for-salepsilocybin-or-magic-mushrooms.jpg\",\"datePublished\":\"2024-09-20T10:09:25+00:00\",\"dateModified\":\"2025-04-04T13:43:33+00:00\",\"description\":\"Explore our online store for Penis Envy Mushrooms for sale, offering high-quality Penis Envy Mushrooms . Buy Penis Envy Mushrooms online securely and embark on your research journey with confidence. Place your order now!\",\"breadcrumb\":{\"@id\":\"https:\/\/legitgrams.com\/product\/penis-envy-mushrooms\/#breadcrumb\"},\"inLanguage\":\"cs\",\"potentialAction\":[{\"@type\":\"ReadAction\",\"target\":[\"https:\/\/legitgrams.com\/product\/penis-envy-mushrooms\/\"]}]},{\"@type\":\"ImageObject\",\"inLanguage\":\"cs\",\"@id\":\"https:\/\/legitgrams.com\/product\/penis-envy-mushrooms\/#primaryimage\",\"url\":\"https:\/\/legitgrams.com\/wp-content\/uploads\/2024\/09\/penis-envy-for-salepsilocybin-or-magic-mushrooms.jpg\",\"contentUrl\":\"https:\/\/legitgrams.com\/wp-content\/uploads\/2024\/09\/penis-envy-for-salepsilocybin-or-magic-mushrooms.jpg\",\"width\":430,\"height\":430,\"caption\":\"Penis Envy Mushrooms for Sale\"},{\"@type\":\"BreadcrumbList\",\"@id\":\"https:\/\/legitgrams.com\/product\/penis-envy-mushrooms\/#breadcrumb\",\"itemListElement\":[{\"@type\":\"ListItem\",\"position\":1,\"name\":\"Home\",\"item\":\"https:\/\/legitgrams.com\/\"},{\"@type\":\"ListItem\",\"position\":2,\"name\":\"Shop\",\"item\":\"https:\/\/legitgrams.com\/shop\/\"},{\"@type\":\"ListItem\",\"position\":3,\"name\":\"Buy Penis Envy Mushrooms Online\"}]},{\"@type\":\"WebSite\",\"@id\":\"https:\/\/legitgrams.com\/#website\",\"url\":\"https:\/\/legitgrams.com\/\",\"name\":\"Legit Grams\",\"description\":\"My WordPress Blog\",\"publisher\":{\"@id\":\"https:\/\/legitgrams.com\/#organization\"},\"potentialAction\":[{\"@type\":\"SearchAction\",\"target\":{\"@type\":\"EntryPoint\",\"urlTemplate\":\"https:\/\/legitgrams.com\/?s={search_term_string}\"},\"query-input\":{\"@type\":\"PropertyValueSpecification\",\"valueRequired\":true,\"valueName\":\"search_term_string\"}}],\"inLanguage\":\"cs\"},{\"@type\":\"Organization\",\"@id\":\"https:\/\/legitgrams.com\/#organization\",\"name\":\"Legit Grams\",\"url\":\"https:\/\/legitgrams.com\/\",\"logo\":{\"@type\":\"ImageObject\",\"inLanguage\":\"cs\",\"@id\":\"https:\/\/legitgrams.com\/#\/schema\/logo\/image\/\",\"url\":\"https:\/\/legitgrams.com\/wp-content\/uploads\/2024\/09\/main-logo.png\",\"contentUrl\":\"https:\/\/legitgrams.com\/wp-content\/uploads\/2024\/09\/main-logo.png\",\"width\":270,\"height\":75,\"caption\":\"Legit Grams\"},\"image\":{\"@id\":\"https:\/\/legitgrams.com\/#\/schema\/logo\/image\/\"}}]}<\/script>\n<!-- \/ Yoast SEO plugin. -->","yoast_head_json":{"title":"Penis Envy Houby na prodej - Kupte Penis Envy Houby","description":"Prozkoumejte n\u00e1\u0161 internetov\u00fd obchod s houbami Penis Envy na prodej, kter\u00fd nab\u00edz\u00ed vysoce kvalitn\u00ed houby Penis Envy . Nakupujte Penis Envy Mushrooms bezpe\u010dn\u011b online a vydejte se na cestu v\u00fdzkumu s d\u016fv\u011brou. Objednejte si nyn\u00ed!","robots":{"index":"index","follow":"follow","max-snippet":"max-snippet:-1","max-image-preview":"max-image-preview:large","max-video-preview":"max-video-preview:-1"},"canonical":"https:\/\/legitgrams.com\/cs\/produkt\/zavist-penisu-houby\/","og_locale":"cs_CZ","og_type":"article","og_title":"Penis Envy Mushrooms for Sale - Buy Penis Envy Mushrooms","og_description":"Explore our online store for Penis Envy Mushrooms for sale, offering high-quality Penis Envy Mushrooms . Buy Penis Envy Mushrooms online securely and embark on your research journey with confidence. Place your order now!","og_url":"https:\/\/legitgrams.com\/cs\/produkt\/zavist-penisu-houby\/","og_site_name":"Legit Grams","article_modified_time":"2025-04-04T13:43:33+00:00","og_image":[{"width":430,"height":430,"url":"https:\/\/legitgrams.com\/wp-content\/uploads\/2024\/09\/penis-envy-for-salepsilocybin-or-magic-mushrooms.jpg","type":"image\/jpeg"}],"twitter_card":"summary_large_image","twitter_misc":{"Odhadovan\u00e1 doba \u010dten\u00ed":"4 minuty"},"schema":{"@context":"https:\/\/schema.org","@graph":[{"@type":"WebPage","@id":"https:\/\/legitgrams.com\/product\/penis-envy-mushrooms\/","url":"https:\/\/legitgrams.com\/product\/penis-envy-mushrooms\/","name":"Penis Envy Houby na prodej - Kupte Penis Envy Houby","isPartOf":{"@id":"https:\/\/legitgrams.com\/#website"},"primaryImageOfPage":{"@id":"https:\/\/legitgrams.com\/product\/penis-envy-mushrooms\/#primaryimage"},"image":{"@id":"https:\/\/legitgrams.com\/product\/penis-envy-mushrooms\/#primaryimage"},"thumbnailUrl":"https:\/\/legitgrams.com\/wp-content\/uploads\/2024\/09\/penis-envy-for-salepsilocybin-or-magic-mushrooms.jpg","datePublished":"2024-09-20T10:09:25+00:00","dateModified":"2025-04-04T13:43:33+00:00","description":"Prozkoumejte n\u00e1\u0161 internetov\u00fd obchod s houbami Penis Envy na prodej, kter\u00fd nab\u00edz\u00ed vysoce kvalitn\u00ed houby Penis Envy . Nakupujte Penis Envy Mushrooms bezpe\u010dn\u011b online a vydejte se na cestu v\u00fdzkumu s d\u016fv\u011brou. Objednejte si nyn\u00ed!","breadcrumb":{"@id":"https:\/\/legitgrams.com\/product\/penis-envy-mushrooms\/#breadcrumb"},"inLanguage":"cs","potentialAction":[{"@type":"ReadAction","target":["https:\/\/legitgrams.com\/product\/penis-envy-mushrooms\/"]}]},{"@type":"ImageObject","inLanguage":"cs","@id":"https:\/\/legitgrams.com\/product\/penis-envy-mushrooms\/#primaryimage","url":"https:\/\/legitgrams.com\/wp-content\/uploads\/2024\/09\/penis-envy-for-salepsilocybin-or-magic-mushrooms.jpg","contentUrl":"https:\/\/legitgrams.com\/wp-content\/uploads\/2024\/09\/penis-envy-for-salepsilocybin-or-magic-mushrooms.jpg","width":430,"height":430,"caption":"Penis Envy Mushrooms for Sale"},{"@type":"BreadcrumbList","@id":"https:\/\/legitgrams.com\/product\/penis-envy-mushrooms\/#breadcrumb","itemListElement":[{"@type":"ListItem","position":1,"name":"Home","item":"https:\/\/legitgrams.com\/"},{"@type":"ListItem","position":2,"name":"Shop","item":"https:\/\/legitgrams.com\/shop\/"},{"@type":"ListItem","position":3,"name":"Buy Penis Envy Mushrooms Online"}]},{"@type":"WebSite","@id":"https:\/\/legitgrams.com\/#website","url":"https:\/\/legitgrams.com\/","name":"Leg\u00e1ln\u00ed gramy","description":"M\u016fj blog WordPress","publisher":{"@id":"https:\/\/legitgrams.com\/#organization"},"potentialAction":[{"@type":"SearchAction","target":{"@type":"EntryPoint","urlTemplate":"https:\/\/legitgrams.com\/?s={search_term_string}"},"query-input":{"@type":"PropertyValueSpecification","valueRequired":true,"valueName":"search_term_string"}}],"inLanguage":"cs"},{"@type":"Organization","@id":"https:\/\/legitgrams.com\/#organization","name":"Leg\u00e1ln\u00ed gramy","url":"https:\/\/legitgrams.com\/","logo":{"@type":"ImageObject","inLanguage":"cs","@id":"https:\/\/legitgrams.com\/#\/schema\/logo\/image\/","url":"https:\/\/legitgrams.com\/wp-content\/uploads\/2024\/09\/main-logo.png","contentUrl":"https:\/\/legitgrams.com\/wp-content\/uploads\/2024\/09\/main-logo.png","width":270,"height":75,"caption":"Legit Grams"},"image":{"@id":"https:\/\/legitgrams.com\/#\/schema\/logo\/image\/"}}]}},"uagb_featured_image_src":{"full":["https:\/\/legitgrams.com\/wp-content\/uploads\/2024\/09\/penis-envy-for-salepsilocybin-or-magic-mushrooms.jpg",430,430,false],"thumbnail":["https:\/\/legitgrams.com\/wp-content\/uploads\/2024\/09\/penis-envy-for-salepsilocybin-or-magic-mushrooms-150x150.jpg",150,150,true],"medium":["https:\/\/legitgrams.com\/wp-content\/uploads\/2024\/09\/penis-envy-for-salepsilocybin-or-magic-mushrooms-300x300.jpg",300,300,true],"medium_large":["https:\/\/legitgrams.com\/wp-content\/uploads\/2024\/09\/penis-envy-for-salepsilocybin-or-magic-mushrooms.jpg",430,430,false],"large":["https:\/\/legitgrams.com\/wp-content\/uploads\/2024\/09\/penis-envy-for-salepsilocybin-or-magic-mushrooms.jpg",430,430,false],"1536x1536":["https:\/\/legitgrams.com\/wp-content\/uploads\/2024\/09\/penis-envy-for-salepsilocybin-or-magic-mushrooms.jpg",430,430,false],"2048x2048":["https:\/\/legitgrams.com\/wp-content\/uploads\/2024\/09\/penis-envy-for-salepsilocybin-or-magic-mushrooms.jpg",430,430,false],"trp-custom-language-flag":["https:\/\/legitgrams.com\/wp-content\/uploads\/2024\/09\/penis-envy-for-salepsilocybin-or-magic-mushrooms-12x12.jpg",12,12,true],"woocommerce_thumbnail":["https:\/\/legitgrams.com\/wp-content\/uploads\/2024\/09\/penis-envy-for-salepsilocybin-or-magic-mushrooms-300x300.jpg",300,300,true],"woocommerce_single":["https:\/\/legitgrams.com\/wp-content\/uploads\/2024\/09\/penis-envy-for-salepsilocybin-or-magic-mushrooms.jpg",430,430,false],"woocommerce_gallery_thumbnail":["https:\/\/legitgrams.com\/wp-content\/uploads\/2024\/09\/penis-envy-for-salepsilocybin-or-magic-mushrooms-100x100.jpg",100,100,true]},"uagb_author_info":{"display_name":"cokeblog18","author_link":"https:\/\/legitgrams.com\/cs\/author\/"},"uagb_comment_info":0,"uagb_excerpt":"Purchase Penis Envy Mushrooms Online: Penis Envy Cubensis for Sale &#8220;What is the Penis Envy Cubensis? What&#8217;s with the weird name?&#8221; may be on your mind. The situation really is straightforward. There&#8217;s no getting around the fact that this hallucinogenic fungus resembles a penis. You may be surprised to learn that this mushroom has some&hellip;","_links":{"self":[{"href":"https:\/\/legitgrams.com\/cs\/wp-json\/wp\/v2\/product\/3890","targetHints":{"allow":["GET"]}}],"collection":[{"href":"https:\/\/legitgrams.com\/cs\/wp-json\/wp\/v2\/product"}],"about":[{"href":"https:\/\/legitgrams.com\/cs\/wp-json\/wp\/v2\/types\/product"}],"replies":[{"embeddable":true,"href":"https:\/\/legitgrams.com\/cs\/wp-json\/wp\/v2\/comments?post=3890"}],"wp:featuredmedia":[{"embeddable":true,"href":"https:\/\/legitgrams.com\/cs\/wp-json\/wp\/v2\/media\/5241"}],"wp:attachment":[{"href":"https:\/\/legitgrams.com\/cs\/wp-json\/wp\/v2\/media?parent=3890"}],"wp:term":[{"taxonomy":"product_brand","embeddable":true,"href":"https:\/\/legitgrams.com\/cs\/wp-json\/wp\/v2\/product_brand?post=3890"},{"taxonomy":"product_cat","embeddable":true,"href":"https:\/\/legitgrams.com\/cs\/wp-json\/wp\/v2\/product_cat?post=3890"},{"taxonomy":"product_tag","embeddable":true,"href":"https:\/\/legitgrams.com\/cs\/wp-json\/wp\/v2\/product_tag?post=3890"}],"curies":[{"name":"wp","href":"https:\/\/api.w.org\/{rel}","templated":true}]}}