{"id":3898,"date":"2024-09-20T10:27:39","date_gmt":"2024-09-20T10:27:39","guid":{"rendered":"https:\/\/legitgrams.com\/?post_type=product&#038;p=3898"},"modified":"2025-01-14T10:48:15","modified_gmt":"2025-01-14T10:48:15","slug":"psilocybe-semilanceata","status":"publish","type":"product","link":"https:\/\/legitgrams.com\/cs\/produkt\/psilocybe-semilanceata\/","title":{"rendered":"Psilocybe Semilanceata"},"content":{"rendered":"<h2>Koupit Psilocybe Semilanceata online<\/h2>\n<h3>Prodej magick\u00fdch hub: Psilocybe semilanceata.<\/h3>\n<p>Nej\u010dast\u011bj\u0161\u00ed m\u00edsta pro <a href=\"https:\/\/legitgrams.com\/cs\/produkt\/psilocybe-semilanceata\/\">Psilocybe semilanceata<\/a> jsou v Anglii a Irsku. V\u00fdrazy \"semi\" a \"lanceata\", kter\u00e9 znamenaj\u00ed \"polovi\u010dn\u00ed\", respektive \"kopinat\u00fd\", jsou etymologi\u00ed tohoto slova. Vzhledem k tomu, \u017ee houby p\u0159ipom\u00ednaj\u00ed kop\u00ed, n\u00e1zev se k druhu docela dob\u0159e hod\u00ed.<\/p>\n<p>Zn\u00e1m\u00fd \u0161v\u00e9dsk\u00fd mykolog Elias Magnus Fries u\u010dinil prvn\u00ed zn\u00e1m\u00fd z\u00e1znam o tomto zvl\u00e1\u0161tn\u00edm druhu. <a href=\"https:\/\/en.wikipedia.org\/wiki\/Psilocybe_semilanceata\">psilocybe<\/a> kolem roku 1838. Mykolog je \u010dlov\u011bk, kter\u00fd zkoum\u00e1 houby a podhoub\u00ed.<\/p>\n<h3>Jak byste poznali tohoto \u010darod\u011bjn\u00e9ho l\u00e9\u010ditele?<\/h3>\n<p>V surov\u00e9m stavu m\u00e1 kr\u00e9mov\u00e1 koruna pr\u016fm\u011br 0,5 a\u017e 2 cm. Nav\u00edc maj\u00ed na vrcholu velmi n\u00e1padnou bradavku. Dal\u0161\u00edm n\u00e1padn\u00fdm znakem jsou \u017e\u00e1bry, kter\u00e9 maj\u00ed olivov\u011b \u0161edou barvu a p\u0159i modr\u00e1n\u00ed nebo v\u00fdvoji v\u00fdtrus\u016f se m\u011bn\u00ed na fialov\u011b \u010dernou. V p\u0159\u00edpad\u011b, \u017ee se je rozhodnete hledat, ud\u011blejte to na podzim, od z\u00e1\u0159\u00ed do prosince. P\u0159\u00edpadn\u011b je nakupte u spolehliv\u00e9ho prodejce, nap\u0159\u00edklad na na\u0161em trhu. <a href=\"https:\/\/legitgrams.com\/cs\/\">LegitGrams<\/a><\/p>\n<p>Liberty Caps jsou jedinou houbou obsahuj\u00edc\u00ed psilocybin v Nizozemsku, co\u017e je dal\u0161\u00ed zaj\u00edmav\u00e1 informace.<\/p>\n<p>Nejl\u00e9pe lze \u00fa\u010dinky popsat jako docela p\u0159\u00edjemn\u00e9. Nez\u00e1le\u017e\u00ed na tom, jestli si vezmete rekrea\u010dn\u00ed d\u00e1vku nebo mikrod\u00e1vku; \u00farove\u0148 p\u0159\u00edv\u011btivosti se bude li\u0161it. V\u00edce konverzace, pot\u011b\u0161en\u00ed a nekontrolovateln\u00e9ho sm\u00edchu sv\u011bd\u010d\u00ed o v\u011bt\u0161\u00ed d\u00e1vce. Men\u0161\u00ed d\u00e1vka se rovn\u00e1 \u0161\u0165astn\u011bj\u0161\u00edmu, spole\u010densk\u011bj\u0161\u00edmu a jasn\u011bj\u0161\u00edmu my\u0161len\u00ed. Ide\u00e1ln\u00ed pro celou \u0159adu situac\u00ed.<\/p>\n<h3>USA online prodejce psilocybe semilanceata<\/h3>\n<p>V\u011bt\u0161ina lid\u00ed v Severn\u00ed Americe ji zn\u00e1 pod n\u00e1zvem \"Liberty Cap\", ale nej\u010dast\u011bji se vyskytuje v Evrop\u011b. V cel\u00e9 Evrop\u011b je zn\u00e1m\u00e1 jako \"kouzeln\u00e1 houba\".<\/p>","protected":false},"excerpt":{"rendered":"<p>Purchase Psilocybe Semilanceata Online Magic mushrooms for sale: Psilocybe semilanceata. The most common locations for Psilocybe semilanceata are in England and Ireland. The terms &#8220;semi&#8221; and &#8220;lanceata,&#8221; which imply &#8220;half&#8221; and &#8220;spear-shaped,&#8221; respectively, are the etymologies of the word. Since the mushrooms resemble spears, the name fits the species quite well. The renowned Swedish mycologist &hellip;<\/p>\n<p class=\"read-more\"> <a class=\"\" href=\"https:\/\/legitgrams.com\/cs\/produkt\/psilocybe-semilanceata\/\"> <span class=\"screen-reader-text\">Psilocybe Semilanceata<\/span> \u010c\u00edst d\u00e1l \"<\/a><\/p>","protected":false},"featured_media":5247,"comment_status":"open","ping_status":"closed","template":"","meta":{"_uag_custom_page_level_css":"","site-sidebar-layout":"default","site-content-layout":"default","ast-global-header-display":"","ast-main-header-display":"","ast-hfb-above-header-display":"","ast-hfb-below-header-display":"","ast-hfb-mobile-header-display":"","site-post-title":"","ast-breadcrumbs-content":"","ast-featured-img":"","footer-sml-layout":"","theme-transparent-header-meta":"default","adv-header-id-meta":"","stick-header-meta":"default","header-above-stick-meta":"","header-main-stick-meta":"","header-below-stick-meta":"","_joinchat":[]},"product_brand":[],"product_cat":[599],"product_tag":[4096,4086,617,4078,4093,4090,4085,4083,4077,4080,4088,4079,4089,4081,4091,4098,4099,4097,4094,4095,4092,625,4084,4087,4082],"class_list":{"0":"post-3898","1":"product","2":"type-product","3":"status-publish","4":"has-post-thumbnail","6":"product_cat-psilocybin-or-magic-mushrooms","7":"product_tag-best-cheap-price-psilocybe-semilanceata","8":"product_tag-best-place-to-buy-psilocybe-semilanceata","9":"product_tag-bulk-online","10":"product_tag-buy-psilocybe-semilanceata","11":"product_tag-cheap-psilocybe-semilanceata","12":"product_tag-high-quality-psilocybe-semilanceata","13":"product_tag-how-to-buy-psilocybe-semilanceata","14":"product_tag-order-psilocybe-semilanceata","15":"product_tag-psilocybe-semilanceata","16":"product_tag-psilocybe-semilanceata-for-sale","17":"product_tag-psilocybe-semilanceata-legally","18":"product_tag-psilocybe-semilanceata-online","19":"product_tag-psilocybe-semilanceata-price","20":"product_tag-psilocybe-semilanceata-psilocybe-semilanceata-supplier","21":"product_tag-psilocybe-semilanceata-store","22":"product_tag-psilocybe-semilanceata-use","23":"product_tag-psilocybe-semilanceata-wiki","24":"product_tag-psilocybe-semilanceata-worldwide","25":"product_tag-psilocybe-semilanceatas","26":"product_tag-purcharse-psilocybe-semilanceata","27":"product_tag-shop-psilocybe-semilanceata","28":"product_tag-top-quality","29":"product_tag-where-to-buy-psilocybe-semilanceata","30":"product_tag-where-to-order-psilocybe-semilanceata","31":"product_tag-wholesale-psilocybe-semilanceata","32":"desktop-align-left","33":"tablet-align-left","34":"mobile-align-left","35":"ast-product-gallery-layout-horizontal","36":"ast-product-gallery-with-no-image","37":"ast-product-single-variable","38":"ast-product-tabs-layout-horizontal","39":"ast-qv-on-image","41":"first","42":"instock","43":"shipping-taxable","44":"purchasable","45":"product-type-variable"},"yoast_head":"<!-- This site is optimized with the Yoast SEO plugin v25.9 - https:\/\/yoast.com\/wordpress\/plugins\/seo\/ -->\n<title>Psilocybe Semilanceata for Sale - Buy Psilocybe Semilanceata<\/title>\n<meta name=\"description\" content=\"Explore our online store for psilocybe semilanceata for sale, offering high-quality psilocybe semilanceata. Buy psilocybe semilanceata online securely and embark on your research journey with confidence.\" \/>\n<meta name=\"robots\" content=\"index, follow, max-snippet:-1, max-image-preview:large, max-video-preview:-1\" \/>\n<link rel=\"canonical\" href=\"https:\/\/legitgrams.com\/cs\/produkt\/psilocybe-semilanceata\/\" \/>\n<meta property=\"og:locale\" content=\"cs_CZ\" \/>\n<meta property=\"og:type\" content=\"article\" \/>\n<meta property=\"og:title\" content=\"Psilocybe Semilanceata for Sale - Buy Psilocybe Semilanceata\" \/>\n<meta property=\"og:description\" content=\"Explore our online store for psilocybe semilanceata for sale, offering high-quality psilocybe semilanceata. Buy psilocybe semilanceata online securely and embark on your research journey with confidence.\" \/>\n<meta property=\"og:url\" content=\"https:\/\/legitgrams.com\/cs\/produkt\/psilocybe-semilanceata\/\" \/>\n<meta property=\"og:site_name\" content=\"Legit Grams\" \/>\n<meta property=\"article:modified_time\" content=\"2025-01-14T10:48:15+00:00\" \/>\n<meta property=\"og:image\" content=\"https:\/\/legitgrams.com\/wp-content\/uploads\/2024\/09\/psilocybe-semilanceatahome.jpg\" \/>\n\t<meta property=\"og:image:width\" content=\"430\" \/>\n\t<meta property=\"og:image:height\" content=\"430\" \/>\n\t<meta property=\"og:image:type\" content=\"image\/jpeg\" \/>\n<meta name=\"twitter:card\" content=\"summary_large_image\" \/>\n<meta name=\"twitter:label1\" content=\"Odhadovan\u00e1 doba \u010dten\u00ed\" \/>\n\t<meta name=\"twitter:data1\" content=\"2 minuty\" \/>\n<script type=\"application\/ld+json\" class=\"yoast-schema-graph\">{\"@context\":\"https:\/\/schema.org\",\"@graph\":[{\"@type\":\"WebPage\",\"@id\":\"https:\/\/legitgrams.com\/product\/psilocybe-semilanceata\/\",\"url\":\"https:\/\/legitgrams.com\/product\/psilocybe-semilanceata\/\",\"name\":\"Psilocybe Semilanceata for Sale - Buy Psilocybe Semilanceata\",\"isPartOf\":{\"@id\":\"https:\/\/legitgrams.com\/#website\"},\"primaryImageOfPage\":{\"@id\":\"https:\/\/legitgrams.com\/product\/psilocybe-semilanceata\/#primaryimage\"},\"image\":{\"@id\":\"https:\/\/legitgrams.com\/product\/psilocybe-semilanceata\/#primaryimage\"},\"thumbnailUrl\":\"https:\/\/legitgrams.com\/wp-content\/uploads\/2024\/09\/psilocybe-semilanceatahome.jpg\",\"datePublished\":\"2024-09-20T10:27:39+00:00\",\"dateModified\":\"2025-01-14T10:48:15+00:00\",\"description\":\"Explore our online store for psilocybe semilanceata for sale, offering high-quality psilocybe semilanceata. Buy psilocybe semilanceata online securely and embark on your research journey with confidence.\",\"breadcrumb\":{\"@id\":\"https:\/\/legitgrams.com\/product\/psilocybe-semilanceata\/#breadcrumb\"},\"inLanguage\":\"cs\",\"potentialAction\":[{\"@type\":\"ReadAction\",\"target\":[\"https:\/\/legitgrams.com\/product\/psilocybe-semilanceata\/\"]}]},{\"@type\":\"ImageObject\",\"inLanguage\":\"cs\",\"@id\":\"https:\/\/legitgrams.com\/product\/psilocybe-semilanceata\/#primaryimage\",\"url\":\"https:\/\/legitgrams.com\/wp-content\/uploads\/2024\/09\/psilocybe-semilanceatahome.jpg\",\"contentUrl\":\"https:\/\/legitgrams.com\/wp-content\/uploads\/2024\/09\/psilocybe-semilanceatahome.jpg\",\"width\":430,\"height\":430,\"caption\":\"Psilocybe Semilanceata for Sale\"},{\"@type\":\"BreadcrumbList\",\"@id\":\"https:\/\/legitgrams.com\/product\/psilocybe-semilanceata\/#breadcrumb\",\"itemListElement\":[{\"@type\":\"ListItem\",\"position\":1,\"name\":\"Home\",\"item\":\"https:\/\/legitgrams.com\/\"},{\"@type\":\"ListItem\",\"position\":2,\"name\":\"Shop\",\"item\":\"https:\/\/legitgrams.com\/shop\/\"},{\"@type\":\"ListItem\",\"position\":3,\"name\":\"Psilocybe Semilanceata\"}]},{\"@type\":\"WebSite\",\"@id\":\"https:\/\/legitgrams.com\/#website\",\"url\":\"https:\/\/legitgrams.com\/\",\"name\":\"Legit Grams\",\"description\":\"My WordPress Blog\",\"publisher\":{\"@id\":\"https:\/\/legitgrams.com\/#organization\"},\"potentialAction\":[{\"@type\":\"SearchAction\",\"target\":{\"@type\":\"EntryPoint\",\"urlTemplate\":\"https:\/\/legitgrams.com\/?s={search_term_string}\"},\"query-input\":{\"@type\":\"PropertyValueSpecification\",\"valueRequired\":true,\"valueName\":\"search_term_string\"}}],\"inLanguage\":\"cs\"},{\"@type\":\"Organization\",\"@id\":\"https:\/\/legitgrams.com\/#organization\",\"name\":\"Legit Grams\",\"url\":\"https:\/\/legitgrams.com\/\",\"logo\":{\"@type\":\"ImageObject\",\"inLanguage\":\"cs\",\"@id\":\"https:\/\/legitgrams.com\/#\/schema\/logo\/image\/\",\"url\":\"https:\/\/legitgrams.com\/wp-content\/uploads\/2024\/09\/main-logo.png\",\"contentUrl\":\"https:\/\/legitgrams.com\/wp-content\/uploads\/2024\/09\/main-logo.png\",\"width\":270,\"height\":75,\"caption\":\"Legit Grams\"},\"image\":{\"@id\":\"https:\/\/legitgrams.com\/#\/schema\/logo\/image\/\"}}]}<\/script>\n<!-- \/ Yoast SEO plugin. -->","yoast_head_json":{"title":"Psilocybe Semilanceata na prodej - Prod\u00e1m Psilocybe Semilanceata","description":"Prohl\u00e9dn\u011bte si n\u00e1\u0161 internetov\u00fd obchod s psilocybe semilanceata na prodej, kter\u00fd nab\u00edz\u00ed vysoce kvalitn\u00ed psilocybe semilanceata. Kupte si psilocybe semilanceata bezpe\u010dn\u011b online a vydejte se na cestu v\u00fdzkumu s d\u016fv\u011brou.","robots":{"index":"index","follow":"follow","max-snippet":"max-snippet:-1","max-image-preview":"max-image-preview:large","max-video-preview":"max-video-preview:-1"},"canonical":"https:\/\/legitgrams.com\/cs\/produkt\/psilocybe-semilanceata\/","og_locale":"cs_CZ","og_type":"article","og_title":"Psilocybe Semilanceata for Sale - Buy Psilocybe Semilanceata","og_description":"Explore our online store for psilocybe semilanceata for sale, offering high-quality psilocybe semilanceata. Buy psilocybe semilanceata online securely and embark on your research journey with confidence.","og_url":"https:\/\/legitgrams.com\/cs\/produkt\/psilocybe-semilanceata\/","og_site_name":"Legit Grams","article_modified_time":"2025-01-14T10:48:15+00:00","og_image":[{"width":430,"height":430,"url":"https:\/\/legitgrams.com\/wp-content\/uploads\/2024\/09\/psilocybe-semilanceatahome.jpg","type":"image\/jpeg"}],"twitter_card":"summary_large_image","twitter_misc":{"Odhadovan\u00e1 doba \u010dten\u00ed":"2 minuty"},"schema":{"@context":"https:\/\/schema.org","@graph":[{"@type":"WebPage","@id":"https:\/\/legitgrams.com\/product\/psilocybe-semilanceata\/","url":"https:\/\/legitgrams.com\/product\/psilocybe-semilanceata\/","name":"Psilocybe Semilanceata na prodej - Prod\u00e1m Psilocybe Semilanceata","isPartOf":{"@id":"https:\/\/legitgrams.com\/#website"},"primaryImageOfPage":{"@id":"https:\/\/legitgrams.com\/product\/psilocybe-semilanceata\/#primaryimage"},"image":{"@id":"https:\/\/legitgrams.com\/product\/psilocybe-semilanceata\/#primaryimage"},"thumbnailUrl":"https:\/\/legitgrams.com\/wp-content\/uploads\/2024\/09\/psilocybe-semilanceatahome.jpg","datePublished":"2024-09-20T10:27:39+00:00","dateModified":"2025-01-14T10:48:15+00:00","description":"Prohl\u00e9dn\u011bte si n\u00e1\u0161 internetov\u00fd obchod s psilocybe semilanceata na prodej, kter\u00fd nab\u00edz\u00ed vysoce kvalitn\u00ed psilocybe semilanceata. Kupte si psilocybe semilanceata bezpe\u010dn\u011b online a vydejte se na cestu v\u00fdzkumu s d\u016fv\u011brou.","breadcrumb":{"@id":"https:\/\/legitgrams.com\/product\/psilocybe-semilanceata\/#breadcrumb"},"inLanguage":"cs","potentialAction":[{"@type":"ReadAction","target":["https:\/\/legitgrams.com\/product\/psilocybe-semilanceata\/"]}]},{"@type":"ImageObject","inLanguage":"cs","@id":"https:\/\/legitgrams.com\/product\/psilocybe-semilanceata\/#primaryimage","url":"https:\/\/legitgrams.com\/wp-content\/uploads\/2024\/09\/psilocybe-semilanceatahome.jpg","contentUrl":"https:\/\/legitgrams.com\/wp-content\/uploads\/2024\/09\/psilocybe-semilanceatahome.jpg","width":430,"height":430,"caption":"Psilocybe Semilanceata for Sale"},{"@type":"BreadcrumbList","@id":"https:\/\/legitgrams.com\/product\/psilocybe-semilanceata\/#breadcrumb","itemListElement":[{"@type":"ListItem","position":1,"name":"Home","item":"https:\/\/legitgrams.com\/"},{"@type":"ListItem","position":2,"name":"Shop","item":"https:\/\/legitgrams.com\/shop\/"},{"@type":"ListItem","position":3,"name":"Psilocybe Semilanceata"}]},{"@type":"WebSite","@id":"https:\/\/legitgrams.com\/#website","url":"https:\/\/legitgrams.com\/","name":"Leg\u00e1ln\u00ed gramy","description":"M\u016fj blog WordPress","publisher":{"@id":"https:\/\/legitgrams.com\/#organization"},"potentialAction":[{"@type":"SearchAction","target":{"@type":"EntryPoint","urlTemplate":"https:\/\/legitgrams.com\/?s={search_term_string}"},"query-input":{"@type":"PropertyValueSpecification","valueRequired":true,"valueName":"search_term_string"}}],"inLanguage":"cs"},{"@type":"Organization","@id":"https:\/\/legitgrams.com\/#organization","name":"Leg\u00e1ln\u00ed gramy","url":"https:\/\/legitgrams.com\/","logo":{"@type":"ImageObject","inLanguage":"cs","@id":"https:\/\/legitgrams.com\/#\/schema\/logo\/image\/","url":"https:\/\/legitgrams.com\/wp-content\/uploads\/2024\/09\/main-logo.png","contentUrl":"https:\/\/legitgrams.com\/wp-content\/uploads\/2024\/09\/main-logo.png","width":270,"height":75,"caption":"Legit Grams"},"image":{"@id":"https:\/\/legitgrams.com\/#\/schema\/logo\/image\/"}}]}},"uagb_featured_image_src":{"full":["https:\/\/legitgrams.com\/wp-content\/uploads\/2024\/09\/psilocybe-semilanceatahome.jpg",430,430,false],"thumbnail":["https:\/\/legitgrams.com\/wp-content\/uploads\/2024\/09\/psilocybe-semilanceatahome-150x150.jpg",150,150,true],"medium":["https:\/\/legitgrams.com\/wp-content\/uploads\/2024\/09\/psilocybe-semilanceatahome-300x300.jpg",300,300,true],"medium_large":["https:\/\/legitgrams.com\/wp-content\/uploads\/2024\/09\/psilocybe-semilanceatahome.jpg",430,430,false],"large":["https:\/\/legitgrams.com\/wp-content\/uploads\/2024\/09\/psilocybe-semilanceatahome.jpg",430,430,false],"1536x1536":["https:\/\/legitgrams.com\/wp-content\/uploads\/2024\/09\/psilocybe-semilanceatahome.jpg",430,430,false],"2048x2048":["https:\/\/legitgrams.com\/wp-content\/uploads\/2024\/09\/psilocybe-semilanceatahome.jpg",430,430,false],"trp-custom-language-flag":["https:\/\/legitgrams.com\/wp-content\/uploads\/2024\/09\/psilocybe-semilanceatahome-12x12.jpg",12,12,true],"woocommerce_thumbnail":["https:\/\/legitgrams.com\/wp-content\/uploads\/2024\/09\/psilocybe-semilanceatahome-300x300.jpg",300,300,true],"woocommerce_single":["https:\/\/legitgrams.com\/wp-content\/uploads\/2024\/09\/psilocybe-semilanceatahome.jpg",430,430,false],"woocommerce_gallery_thumbnail":["https:\/\/legitgrams.com\/wp-content\/uploads\/2024\/09\/psilocybe-semilanceatahome-100x100.jpg",100,100,true]},"uagb_author_info":{"display_name":"cokeblog18","author_link":"https:\/\/legitgrams.com\/cs\/author\/"},"uagb_comment_info":0,"uagb_excerpt":"Purchase Psilocybe Semilanceata Online Magic mushrooms for sale: Psilocybe semilanceata. The most common locations for Psilocybe semilanceata are in England and Ireland. The terms &#8220;semi&#8221; and &#8220;lanceata,&#8221; which imply &#8220;half&#8221; and &#8220;spear-shaped,&#8221; respectively, are the etymologies of the word. Since the mushrooms resemble spears, the name fits the species quite well. The renowned Swedish mycologist&hellip;","_links":{"self":[{"href":"https:\/\/legitgrams.com\/cs\/wp-json\/wp\/v2\/product\/3898","targetHints":{"allow":["GET"]}}],"collection":[{"href":"https:\/\/legitgrams.com\/cs\/wp-json\/wp\/v2\/product"}],"about":[{"href":"https:\/\/legitgrams.com\/cs\/wp-json\/wp\/v2\/types\/product"}],"replies":[{"embeddable":true,"href":"https:\/\/legitgrams.com\/cs\/wp-json\/wp\/v2\/comments?post=3898"}],"wp:featuredmedia":[{"embeddable":true,"href":"https:\/\/legitgrams.com\/cs\/wp-json\/wp\/v2\/media\/5247"}],"wp:attachment":[{"href":"https:\/\/legitgrams.com\/cs\/wp-json\/wp\/v2\/media?parent=3898"}],"wp:term":[{"taxonomy":"product_brand","embeddable":true,"href":"https:\/\/legitgrams.com\/cs\/wp-json\/wp\/v2\/product_brand?post=3898"},{"taxonomy":"product_cat","embeddable":true,"href":"https:\/\/legitgrams.com\/cs\/wp-json\/wp\/v2\/product_cat?post=3898"},{"taxonomy":"product_tag","embeddable":true,"href":"https:\/\/legitgrams.com\/cs\/wp-json\/wp\/v2\/product_tag?post=3898"}],"curies":[{"name":"wp","href":"https:\/\/api.w.org\/{rel}","templated":true}]}}