{"id":3915,"date":"2024-09-20T11:01:11","date_gmt":"2024-09-20T11:01:11","guid":{"rendered":"https:\/\/legitgrams.com\/?post_type=product&#038;p=3915"},"modified":"2025-01-14T08:50:05","modified_gmt":"2025-01-14T08:50:05","slug":"mdai-krystalovy-prasek","status":"publish","type":"product","link":"https:\/\/legitgrams.com\/cs\/produkt\/mdai-krystalovy-prasek\/","title":{"rendered":"MDAI Crystal &amp; Powder"},"content":{"rendered":"<h2>Kupte si MDAI Powder &amp; Crystal se slevou online<\/h2>\n<p>Na\u0161\u00edm prvo\u0159ad\u00fdm c\u00edlem je nab\u00edzet na\u0161im klient\u016fm nejmodern\u011bj\u0161\u00ed informace a prvot\u0159\u00eddn\u00ed slu\u017eby. LG lze nal\u00e9zt v mno\u017estv\u00ed a kvalit\u011b, kterou pot\u0159ebuj\u00ed plnohodnotn\u00e9 tvo\u0159iv\u00e9 a pr\u016fzkumn\u00e9 podniky. Zde najdete podrobn\u00fd p\u0159ehled spole\u010dnosti LG, kter\u00fd spln\u00ed v\u0161echny va\u0161e c\u00edle. N\u00e1\u0161 t\u00fdm doporu\u010duje, aby byly sv\u011btov\u00e9 hnac\u00ed prvky vytvo\u0159eny v souladu s nejnov\u011bj\u0161\u00edmi pokroky v technologii. Lidsk\u00e9 pou\u017eit\u00ed polo\u017eek na tomto seznamu se nep\u0159edpokl\u00e1d\u00e1.<\/p>\n<p>Pou\u017eit\u00ed l\u00e9\u010div pro v\u00fdzkumn\u00e9, v\u011bdeck\u00e9 a laboratorn\u00ed \u00fa\u010dely je p\u0159ijateln\u00e9. S pou\u017eit\u00edm uveden\u00fdch slou\u010denin lze prov\u00e1d\u011bt pouze vy\u0161et\u0159ov\u00e1n\u00ed, testov\u00e1n\u00ed a pokusy. Ned\u00e1vno vyroben\u00e9 bal\u00ed\u010dky poch\u00e1zej\u00ed z prim\u00e1rn\u00edch za\u0159\u00edzen\u00ed China Research na trhu RC.<\/p>\n<p>Pokud dnes provedete transakci, za\u0161leme v\u00e1\u0161 bal\u00ed\u010dek kamkoli do Spojen\u00fdch st\u00e1t\u016f, Evropy nebo sv\u011bta. P\u0159i v\u00fdvoji RC na\u0161e spole\u010dnost p\u0159\u00edmo spolupracuje s mnoha pulzuj\u00edc\u00edmi mezin\u00e1rodn\u00edmi laborato\u0159emi a jedn\u00edm z na\u0161ich hlavn\u00edch c\u00edl\u016f je z\u00edsk\u00e1v\u00e1n\u00ed \u0161pi\u010dkov\u00fdch objev\u016f. V\u00e1\u0161 po\u017eadavek je proto opravdu d\u016fle\u017eit\u00fd. N\u00e1\u0161 prodejce m\u00e1 s\u00eddlo v USA a podnik\u00e1 po cel\u00e9m sv\u011bt\u011b. Na internetu mohou z\u00e1kazn\u00edci rychle potvrdit dostupnost a odhad LG. Chcete-li zjistit, jak podat \u017e\u00e1dost, kontaktujte n\u00e1\u0161 u\u017eite\u010dn\u00fd a v\u00edcejazy\u010dn\u00fd z\u00e1kaznick\u00fd servis. Pros\u00edm kontaktujte n\u00e1s, pokud po\u017eadujete dal\u0161\u00ed informace nebo pokud si p\u0159ejete objednat sm\u00ed\u0161en\u00e9 l\u00e9ky ve velk\u00e9m mno\u017estv\u00ed. <a href=\"https:\/\/legitgrams.com\/cs\/\">LegitGrams<\/a><\/p>\n<p>V\u00e1\u017e\u00edme si na\u0161ich z\u00e1kazn\u00edk\u016f, tak\u017ee pokud pot\u0159ebujete pomoci s v\u00fdb\u011brem ide\u00e1ln\u00ed polo\u017eky, nebojte se n\u00e1s kontaktovat. P\u0159i z\u00edsk\u00e1v\u00e1n\u00ed chemik\u00e1li\u00ed pro v\u00fdzkum je kvalita z\u00e1sadn\u00ed. Ka\u017ed\u00fd den se seznam darovan\u00fdch v\u011bc\u00ed prodlu\u017euje. BUYRESEARCHCHEMICALSUSA se zam\u011b\u0159uje na to, aby klient\u016fm nab\u00eddla zlep\u0161ov\u00e1n\u00ed kvality, rozvoj a dlouhodob\u00e9 hodnocen\u00ed. Ka\u017ed\u00fd z\u00e1kazn\u00edk m\u00e1 maxim\u00e1ln\u00ed d\u016fv\u011bru ve v\u0161echny poskytnut\u00e9 materi\u00e1ly. U n\u00e1s si m\u016f\u017eete koupit RC a zjistit v\u0161e, co o nich, jejich v\u00fdhod\u00e1ch a spr\u00e1vn\u00fdch syntetick\u00fdch drog\u00e1ch pot\u0159ebujete v\u011bd\u011bt.<\/p>\n<p>Koupit <a href=\"https:\/\/en.wikipedia.org\/wiki\/MDAI\">MDAI<\/a> K\u0159i\u0161\u0165\u00e1l a pr\u00e1\u0161ek online se slevou \u2013 koupit <a href=\"https:\/\/legitgrams.com\/cs\/produkt\/mdai-krystalovy-prasek\/\">MDAI<\/a> K\u0159i\u0161\u0165\u00e1l a pr\u00e1\u0161ek online se slevou, koupit krystal a pr\u00e1\u0161ek MDAI online se slevou, kde koupit krystal a pr\u00e1\u0161ek MDAI se slevou, k\u0159i\u0161\u0165\u00e1l MDAI a levn\u011b k\u0159i\u0161\u0165\u00e1l a pr\u00e1\u0161ek MDAI na prodej, kde koupit krystal a pr\u00e1\u0161ek MDAI za n\u00edzk\u00e9 ceny , MDAI Crystal a pr\u00e1\u0161ek na prodej za n\u00edzk\u00e9 ceny v USA, Kanad\u011b a Spojen\u00e9m kr\u00e1lovstv\u00ed, nakupujte online, dodavatel\u00e9, bezpe\u010dn\u00e9 doru\u010den\u00ed, zjist\u011bte, zda MDAI Crystal &amp; Powder Cheap je leg\u00e1ln\u00ed v USA, jak si objednat MDAI Crystal &amp; Powder Cheap, zda je to leg\u00e1ln\u00ed v Kanad\u011b a jak koupit MDAI Crystal &amp; Powder Cheap online.<\/p>\n<h2><\/h2>\n<h2><\/h2>\n<p>&nbsp;<\/p>","protected":false},"excerpt":{"rendered":"<p>Purchase MDAI Powder &amp; Crystal at a Discount Online Our primary goal is to offer our clients state-of-the-art information and first-rate services. LG can be found in the quantity and quality needed by full-fledged creation curtesies and exploration enterprises. Here, you will discover a thorough synopsis of LG that satisfies all of your objectives. Our &hellip;<\/p>\n<p class=\"read-more\"> <a class=\"\" href=\"https:\/\/legitgrams.com\/cs\/produkt\/mdai-krystalovy-prasek\/\"> <span class=\"screen-reader-text\">MDAI Crystal &amp; Powder<\/span> \u010c\u00edst d\u00e1l \"<\/a><\/p>","protected":false},"featured_media":5286,"comment_status":"open","ping_status":"closed","template":"","meta":{"_uag_custom_page_level_css":"","site-sidebar-layout":"default","site-content-layout":"default","ast-global-header-display":"","ast-main-header-display":"","ast-hfb-above-header-display":"","ast-hfb-below-header-display":"","ast-hfb-mobile-header-display":"","site-post-title":"","ast-breadcrumbs-content":"","ast-featured-img":"","footer-sml-layout":"","theme-transparent-header-meta":"default","adv-header-id-meta":"","stick-header-meta":"default","header-above-stick-meta":"","header-main-stick-meta":"","header-below-stick-meta":"","_joinchat":[]},"product_brand":[],"product_cat":[600],"product_tag":[3935,3925,617,3917,3932,3929,3924,3916,3919,3927,3920,3918,3928,3930,3937,3938,3936,3933,3922,3934,3931,625,3923,3926,3921],"class_list":{"0":"post-3915","1":"product","2":"type-product","3":"status-publish","4":"has-post-thumbnail","6":"product_cat-research-chemicals-and-bath-salt","7":"product_tag-best-cheap-price-mdai-crystal-powder","8":"product_tag-best-place-to-buy-mdai-crystal-powder","9":"product_tag-bulk-online","10":"product_tag-buy-mdai-crystal-powder","11":"product_tag-cheap-mdai-crystal-powder","12":"product_tag-high-quality-mdai-crystal-powder","13":"product_tag-how-to-buy-mdai-crystal-powder","14":"product_tag-mdai-crystal-powder","15":"product_tag-mdai-crystal-powder-for-sale","16":"product_tag-mdai-crystal-powder-legally","17":"product_tag-mdai-crystal-powder-mdai-crystal-powder-supplier","18":"product_tag-mdai-crystal-powder-online","19":"product_tag-mdai-crystal-powder-price","20":"product_tag-mdai-crystal-powder-store","21":"product_tag-mdai-crystal-powder-use","22":"product_tag-mdai-crystal-powder-wiki","23":"product_tag-mdai-crystal-powder-worldwide","24":"product_tag-mdai-crystal-powders","25":"product_tag-order-mdai-crystal-powder","26":"product_tag-purcharse-mdai-crystal-powder","27":"product_tag-shop-mdai-crystal-powder","28":"product_tag-top-quality","29":"product_tag-where-to-buy-mdai-crystal-powder","30":"product_tag-where-to-order-mdai-crystal-powder","31":"product_tag-wholesale-mdai-crystal-powder","32":"desktop-align-left","33":"tablet-align-left","34":"mobile-align-left","35":"ast-product-gallery-layout-horizontal","36":"ast-product-gallery-with-no-image","37":"ast-product-single-variable","38":"ast-product-tabs-layout-horizontal","39":"ast-qv-on-image","41":"first","42":"instock","43":"shipping-taxable","44":"purchasable","45":"product-type-variable"},"yoast_head":"<!-- This site is optimized with the Yoast SEO plugin v25.9 - https:\/\/yoast.com\/wordpress\/plugins\/seo\/ -->\n<title>MDAI Crystal &amp; Powder for Sale - Buy MDAI Crystal Online<\/title>\n<meta name=\"description\" content=\"At our Legitgrams, you can get MDAI Crystal &amp; Powder for sale at cheap rates. We deal with A-grade quality products only. Buy MDAI Crystal &amp; Powder online from our store now with fast &amp; secure shipping service.\" \/>\n<meta name=\"robots\" content=\"index, follow, max-snippet:-1, max-image-preview:large, max-video-preview:-1\" \/>\n<link rel=\"canonical\" href=\"https:\/\/legitgrams.com\/cs\/produkt\/mdai-krystalovy-prasek\/\" \/>\n<meta property=\"og:locale\" content=\"cs_CZ\" \/>\n<meta property=\"og:type\" content=\"article\" \/>\n<meta property=\"og:title\" content=\"MDAI Crystal &amp; Powder for Sale - Buy MDAI Crystal Online\" \/>\n<meta property=\"og:description\" content=\"At our Legitgrams, you can get MDAI Crystal &amp; Powder for sale at cheap rates. We deal with A-grade quality products only. Buy MDAI Crystal &amp; Powder online from our store now with fast &amp; secure shipping service.\" \/>\n<meta property=\"og:url\" content=\"https:\/\/legitgrams.com\/cs\/produkt\/mdai-krystalovy-prasek\/\" \/>\n<meta property=\"og:site_name\" content=\"Legit Grams\" \/>\n<meta property=\"article:modified_time\" content=\"2025-01-14T08:50:05+00:00\" \/>\n<meta property=\"og:image\" content=\"https:\/\/legitgrams.com\/wp-content\/uploads\/2024\/09\/buy-mdai-crystal-powder-cheap-online.jpg\" \/>\n\t<meta property=\"og:image:width\" content=\"600\" \/>\n\t<meta property=\"og:image:height\" content=\"600\" \/>\n\t<meta property=\"og:image:type\" content=\"image\/jpeg\" \/>\n<meta name=\"twitter:card\" content=\"summary_large_image\" \/>\n<meta name=\"twitter:label1\" content=\"Odhadovan\u00e1 doba \u010dten\u00ed\" \/>\n\t<meta name=\"twitter:data1\" content=\"5 minut\" \/>\n<script type=\"application\/ld+json\" class=\"yoast-schema-graph\">{\"@context\":\"https:\/\/schema.org\",\"@graph\":[{\"@type\":\"WebPage\",\"@id\":\"https:\/\/legitgrams.com\/product\/mdai-crystal-powder\/\",\"url\":\"https:\/\/legitgrams.com\/product\/mdai-crystal-powder\/\",\"name\":\"MDAI Crystal & Powder for Sale - Buy MDAI Crystal Online\",\"isPartOf\":{\"@id\":\"https:\/\/legitgrams.com\/#website\"},\"primaryImageOfPage\":{\"@id\":\"https:\/\/legitgrams.com\/product\/mdai-crystal-powder\/#primaryimage\"},\"image\":{\"@id\":\"https:\/\/legitgrams.com\/product\/mdai-crystal-powder\/#primaryimage\"},\"thumbnailUrl\":\"https:\/\/legitgrams.com\/wp-content\/uploads\/2024\/09\/buy-mdai-crystal-powder-cheap-online.jpg\",\"datePublished\":\"2024-09-20T11:01:11+00:00\",\"dateModified\":\"2025-01-14T08:50:05+00:00\",\"description\":\"At our Legitgrams, you can get MDAI Crystal & Powder for sale at cheap rates. We deal with A-grade quality products only. Buy MDAI Crystal & Powder online from our store now with fast & secure shipping service.\",\"breadcrumb\":{\"@id\":\"https:\/\/legitgrams.com\/product\/mdai-crystal-powder\/#breadcrumb\"},\"inLanguage\":\"cs\",\"potentialAction\":[{\"@type\":\"ReadAction\",\"target\":[\"https:\/\/legitgrams.com\/product\/mdai-crystal-powder\/\"]}]},{\"@type\":\"ImageObject\",\"inLanguage\":\"cs\",\"@id\":\"https:\/\/legitgrams.com\/product\/mdai-crystal-powder\/#primaryimage\",\"url\":\"https:\/\/legitgrams.com\/wp-content\/uploads\/2024\/09\/buy-mdai-crystal-powder-cheap-online.jpg\",\"contentUrl\":\"https:\/\/legitgrams.com\/wp-content\/uploads\/2024\/09\/buy-mdai-crystal-powder-cheap-online.jpg\",\"width\":600,\"height\":600,\"caption\":\"MDAI Crystal & Powder for Sale\"},{\"@type\":\"BreadcrumbList\",\"@id\":\"https:\/\/legitgrams.com\/product\/mdai-crystal-powder\/#breadcrumb\",\"itemListElement\":[{\"@type\":\"ListItem\",\"position\":1,\"name\":\"Home\",\"item\":\"https:\/\/legitgrams.com\/\"},{\"@type\":\"ListItem\",\"position\":2,\"name\":\"Shop\",\"item\":\"https:\/\/legitgrams.com\/shop\/\"},{\"@type\":\"ListItem\",\"position\":3,\"name\":\"MDAI Crystal &#038; Powder\"}]},{\"@type\":\"WebSite\",\"@id\":\"https:\/\/legitgrams.com\/#website\",\"url\":\"https:\/\/legitgrams.com\/\",\"name\":\"Legit Grams\",\"description\":\"My WordPress Blog\",\"publisher\":{\"@id\":\"https:\/\/legitgrams.com\/#organization\"},\"potentialAction\":[{\"@type\":\"SearchAction\",\"target\":{\"@type\":\"EntryPoint\",\"urlTemplate\":\"https:\/\/legitgrams.com\/?s={search_term_string}\"},\"query-input\":{\"@type\":\"PropertyValueSpecification\",\"valueRequired\":true,\"valueName\":\"search_term_string\"}}],\"inLanguage\":\"cs\"},{\"@type\":\"Organization\",\"@id\":\"https:\/\/legitgrams.com\/#organization\",\"name\":\"Legit Grams\",\"url\":\"https:\/\/legitgrams.com\/\",\"logo\":{\"@type\":\"ImageObject\",\"inLanguage\":\"cs\",\"@id\":\"https:\/\/legitgrams.com\/#\/schema\/logo\/image\/\",\"url\":\"https:\/\/legitgrams.com\/wp-content\/uploads\/2024\/09\/main-logo.png\",\"contentUrl\":\"https:\/\/legitgrams.com\/wp-content\/uploads\/2024\/09\/main-logo.png\",\"width\":270,\"height\":75,\"caption\":\"Legit Grams\"},\"image\":{\"@id\":\"https:\/\/legitgrams.com\/#\/schema\/logo\/image\/\"}}]}<\/script>\n<!-- \/ Yoast SEO plugin. -->","yoast_head_json":{"title":"MDAI Crystal &amp; Powder na prodej - Kupte si MDAI Crystal online","description":"Na na\u0161ich Legitgramech m\u016f\u017eete z\u00edskat MDAI Crystal &amp; Powder na prodej za n\u00edzk\u00e9 ceny. Zab\u00fdv\u00e1me se pouze produkty kvality A. Kupte si MDAI Crystal &amp; Powder online z na\u0161eho obchodu nyn\u00ed s rychlou a bezpe\u010dnou p\u0159epravn\u00ed slu\u017ebou.","robots":{"index":"index","follow":"follow","max-snippet":"max-snippet:-1","max-image-preview":"max-image-preview:large","max-video-preview":"max-video-preview:-1"},"canonical":"https:\/\/legitgrams.com\/cs\/produkt\/mdai-krystalovy-prasek\/","og_locale":"cs_CZ","og_type":"article","og_title":"MDAI Crystal & Powder for Sale - Buy MDAI Crystal Online","og_description":"At our Legitgrams, you can get MDAI Crystal & Powder for sale at cheap rates. We deal with A-grade quality products only. Buy MDAI Crystal & Powder online from our store now with fast & secure shipping service.","og_url":"https:\/\/legitgrams.com\/cs\/produkt\/mdai-krystalovy-prasek\/","og_site_name":"Legit Grams","article_modified_time":"2025-01-14T08:50:05+00:00","og_image":[{"width":600,"height":600,"url":"https:\/\/legitgrams.com\/wp-content\/uploads\/2024\/09\/buy-mdai-crystal-powder-cheap-online.jpg","type":"image\/jpeg"}],"twitter_card":"summary_large_image","twitter_misc":{"Odhadovan\u00e1 doba \u010dten\u00ed":"5 minut"},"schema":{"@context":"https:\/\/schema.org","@graph":[{"@type":"WebPage","@id":"https:\/\/legitgrams.com\/product\/mdai-crystal-powder\/","url":"https:\/\/legitgrams.com\/product\/mdai-crystal-powder\/","name":"MDAI Crystal &amp; Powder na prodej - Kupte si MDAI Crystal online","isPartOf":{"@id":"https:\/\/legitgrams.com\/#website"},"primaryImageOfPage":{"@id":"https:\/\/legitgrams.com\/product\/mdai-crystal-powder\/#primaryimage"},"image":{"@id":"https:\/\/legitgrams.com\/product\/mdai-crystal-powder\/#primaryimage"},"thumbnailUrl":"https:\/\/legitgrams.com\/wp-content\/uploads\/2024\/09\/buy-mdai-crystal-powder-cheap-online.jpg","datePublished":"2024-09-20T11:01:11+00:00","dateModified":"2025-01-14T08:50:05+00:00","description":"Na na\u0161ich Legitgramech m\u016f\u017eete z\u00edskat MDAI Crystal &amp; Powder na prodej za n\u00edzk\u00e9 ceny. Zab\u00fdv\u00e1me se pouze produkty kvality A. Kupte si MDAI Crystal &amp; Powder online z na\u0161eho obchodu nyn\u00ed s rychlou a bezpe\u010dnou p\u0159epravn\u00ed slu\u017ebou.","breadcrumb":{"@id":"https:\/\/legitgrams.com\/product\/mdai-crystal-powder\/#breadcrumb"},"inLanguage":"cs","potentialAction":[{"@type":"ReadAction","target":["https:\/\/legitgrams.com\/product\/mdai-crystal-powder\/"]}]},{"@type":"ImageObject","inLanguage":"cs","@id":"https:\/\/legitgrams.com\/product\/mdai-crystal-powder\/#primaryimage","url":"https:\/\/legitgrams.com\/wp-content\/uploads\/2024\/09\/buy-mdai-crystal-powder-cheap-online.jpg","contentUrl":"https:\/\/legitgrams.com\/wp-content\/uploads\/2024\/09\/buy-mdai-crystal-powder-cheap-online.jpg","width":600,"height":600,"caption":"MDAI Crystal & Powder for Sale"},{"@type":"BreadcrumbList","@id":"https:\/\/legitgrams.com\/product\/mdai-crystal-powder\/#breadcrumb","itemListElement":[{"@type":"ListItem","position":1,"name":"Home","item":"https:\/\/legitgrams.com\/"},{"@type":"ListItem","position":2,"name":"Shop","item":"https:\/\/legitgrams.com\/shop\/"},{"@type":"ListItem","position":3,"name":"MDAI Crystal &#038; Powder"}]},{"@type":"WebSite","@id":"https:\/\/legitgrams.com\/#website","url":"https:\/\/legitgrams.com\/","name":"Leg\u00e1ln\u00ed gramy","description":"M\u016fj blog WordPress","publisher":{"@id":"https:\/\/legitgrams.com\/#organization"},"potentialAction":[{"@type":"SearchAction","target":{"@type":"EntryPoint","urlTemplate":"https:\/\/legitgrams.com\/?s={search_term_string}"},"query-input":{"@type":"PropertyValueSpecification","valueRequired":true,"valueName":"search_term_string"}}],"inLanguage":"cs"},{"@type":"Organization","@id":"https:\/\/legitgrams.com\/#organization","name":"Leg\u00e1ln\u00ed gramy","url":"https:\/\/legitgrams.com\/","logo":{"@type":"ImageObject","inLanguage":"cs","@id":"https:\/\/legitgrams.com\/#\/schema\/logo\/image\/","url":"https:\/\/legitgrams.com\/wp-content\/uploads\/2024\/09\/main-logo.png","contentUrl":"https:\/\/legitgrams.com\/wp-content\/uploads\/2024\/09\/main-logo.png","width":270,"height":75,"caption":"Legit Grams"},"image":{"@id":"https:\/\/legitgrams.com\/#\/schema\/logo\/image\/"}}]}},"uagb_featured_image_src":{"full":["https:\/\/legitgrams.com\/wp-content\/uploads\/2024\/09\/buy-mdai-crystal-powder-cheap-online.jpg",600,600,false],"thumbnail":["https:\/\/legitgrams.com\/wp-content\/uploads\/2024\/09\/buy-mdai-crystal-powder-cheap-online-150x150.jpg",150,150,true],"medium":["https:\/\/legitgrams.com\/wp-content\/uploads\/2024\/09\/buy-mdai-crystal-powder-cheap-online-300x300.jpg",300,300,true],"medium_large":["https:\/\/legitgrams.com\/wp-content\/uploads\/2024\/09\/buy-mdai-crystal-powder-cheap-online.jpg",600,600,false],"large":["https:\/\/legitgrams.com\/wp-content\/uploads\/2024\/09\/buy-mdai-crystal-powder-cheap-online.jpg",600,600,false],"1536x1536":["https:\/\/legitgrams.com\/wp-content\/uploads\/2024\/09\/buy-mdai-crystal-powder-cheap-online.jpg",600,600,false],"2048x2048":["https:\/\/legitgrams.com\/wp-content\/uploads\/2024\/09\/buy-mdai-crystal-powder-cheap-online.jpg",600,600,false],"trp-custom-language-flag":["https:\/\/legitgrams.com\/wp-content\/uploads\/2024\/09\/buy-mdai-crystal-powder-cheap-online-12x12.jpg",12,12,true],"woocommerce_thumbnail":["https:\/\/legitgrams.com\/wp-content\/uploads\/2024\/09\/buy-mdai-crystal-powder-cheap-online-300x300.jpg",300,300,true],"woocommerce_single":["https:\/\/legitgrams.com\/wp-content\/uploads\/2024\/09\/buy-mdai-crystal-powder-cheap-online.jpg",600,600,false],"woocommerce_gallery_thumbnail":["https:\/\/legitgrams.com\/wp-content\/uploads\/2024\/09\/buy-mdai-crystal-powder-cheap-online-100x100.jpg",100,100,true]},"uagb_author_info":{"display_name":"cokeblog18","author_link":"https:\/\/legitgrams.com\/cs\/author\/"},"uagb_comment_info":0,"uagb_excerpt":"Purchase MDAI Powder &amp; Crystal at a Discount Online Our primary goal is to offer our clients state-of-the-art information and first-rate services. LG can be found in the quantity and quality needed by full-fledged creation curtesies and exploration enterprises. Here, you will discover a thorough synopsis of LG that satisfies all of your objectives. Our&hellip;","_links":{"self":[{"href":"https:\/\/legitgrams.com\/cs\/wp-json\/wp\/v2\/product\/3915","targetHints":{"allow":["GET"]}}],"collection":[{"href":"https:\/\/legitgrams.com\/cs\/wp-json\/wp\/v2\/product"}],"about":[{"href":"https:\/\/legitgrams.com\/cs\/wp-json\/wp\/v2\/types\/product"}],"replies":[{"embeddable":true,"href":"https:\/\/legitgrams.com\/cs\/wp-json\/wp\/v2\/comments?post=3915"}],"wp:featuredmedia":[{"embeddable":true,"href":"https:\/\/legitgrams.com\/cs\/wp-json\/wp\/v2\/media\/5286"}],"wp:attachment":[{"href":"https:\/\/legitgrams.com\/cs\/wp-json\/wp\/v2\/media?parent=3915"}],"wp:term":[{"taxonomy":"product_brand","embeddable":true,"href":"https:\/\/legitgrams.com\/cs\/wp-json\/wp\/v2\/product_brand?post=3915"},{"taxonomy":"product_cat","embeddable":true,"href":"https:\/\/legitgrams.com\/cs\/wp-json\/wp\/v2\/product_cat?post=3915"},{"taxonomy":"product_tag","embeddable":true,"href":"https:\/\/legitgrams.com\/cs\/wp-json\/wp\/v2\/product_tag?post=3915"}],"curies":[{"name":"wp","href":"https:\/\/api.w.org\/{rel}","templated":true}]}}