{"id":3922,"date":"2024-09-20T11:22:33","date_gmt":"2024-09-20T11:22:33","guid":{"rendered":"https:\/\/legitgrams.com\/?post_type=product&#038;p=3922"},"modified":"2025-04-04T12:41:09","modified_gmt":"2025-04-04T12:41:09","slug":"metizolam-2mg-pelety","status":"publish","type":"product","link":"https:\/\/legitgrams.com\/cs\/produkt\/metizolam-2mg-pelety\/","title":{"rendered":"Koupit Metizolam 2 mg pelety online"},"content":{"rendered":"<h2>Kupte si pelety 2 mg Metizolam online.<\/h2>\n<p><a href=\"https:\/\/www.bing.com\/search?q=KoupitMetizolam2mgpeletyonline&amp;qs=n&amp;form=QBRE&amp;sp=-1&amp;lq=0&amp;pq=koupitmetizolam2mgpeletyonline&amp;sc=0-35&amp;sk=&amp;cvid=45DB409DE57B43FB918AD664D5373CF7&amp;ghsh=0&amp;ghacc=0&amp;ghpl=\">Metizolam<\/a>, b\u011b\u017en\u011b ozna\u010dovan\u00fd jako demethylethizolam, je thienodiazepin, kter\u00fd je siln\u011b spojen s rostouc\u00ed popularitou etizolamu. Proto\u017ee se m\u00edsto benzenov\u00e9ho kruhu pou\u017e\u00edv\u00e1 thiofenov\u00fd kruh, molekuly methizolamu se li\u0161\u00ed od benzodiazepin\u016f. M\u00e1me jen dv\u011b miligramov\u00e9 pelety metizolamu nebo, pro zku\u0161en\u011bj\u0161\u00ed badatele, pr\u00e1\u0161ku. Stejn\u011b jako u v\u0161ech na\u0161ich l\u00e9k\u016f se v\u00fdzkumn\u00edk\u016fm doporu\u010duje, aby p\u0159i pr\u00e1ci s nimi nosili vhodn\u00e9 ochrann\u00e9 pom\u016fcky <a href=\"https:\/\/legitgrams.com\/cs\/produkt\/metizolam-2mg-pelety\/\">metizolam<\/a>. Tento produkt je ur\u010den pouze pro pou\u017eit\u00ed v renomovan\u00fdch v\u00fdzkumn\u00fdch za\u0159\u00edzen\u00edch.<\/p>\n<p><a href=\"https:\/\/www.google.com\/search?q=Buy+Metizolam+2mg+Pellets+Online&amp;num=10&amp;sca_esv=1a2a07081c7891bb&amp;rlz=1C1RXQR_enIN1098IN1098&amp;sxsrf=AHTn8zppy7YL8I5spKvaAHy3EvUL5u1XLw%3A1741413821142&amp;ei=vd3LZ8-wCKeZseMPjNDjoAw&amp;ved=0ahUKEwiPg92B6PmLAxWnTGwGHQzoGMQQ4dUDCBI&amp;uact=5&amp;oq=Buy+Metizolam+2mg+Pellets+Online&amp;gs_lp=Egxnd3Mtd2l6LXNlcnAiIEJ1eSBNZXRpem9sYW0gMm1nIFBlbGxldHMgT25saW5lSNcGUPUCWPUCcAJ4AJABAJgB2wGgAdsBqgEDMi0xuAEDyAEA-AEC-AEBmAIAoAIAmAMAiAYBkgcAoAfeAQ&amp;sclient=gws-wiz-serp\">Koupit Metizolam 2 mg pelety online<\/a> &#8211; Purchase <a href=\"https:\/\/en.wikipedia.org\/wiki\/Metizolam\">Metizolam<\/a>, Koupit Metizolam 2 mg pelety USA, Koupit Metizolam 2 mg pelety online USA, Kde koupit Metizolam 2 mg pelety, Metizolam 2 mg pelety na prodej, Metizolam 2 mg pelety na prodej v m\u00e9 bl\u00edzkosti, Koupit Metizolam 2 mg pelety online v m\u00e9 bl\u00edzkosti, Kde koupit Metizolam 2 mg pelety online, Metizolam 2 mg pelety na prodej v USA, USA, Kanad\u011b, Velk\u00e9 Brit\u00e1nii, N\u00e1kup, Online, Dodavatel\u00e9, Bezpe\u010dn\u00e9 doru\u010den\u00ed, St\u00e1le jsou k dispozici Metizolam 2 mg pelety. Je leg\u00e1ln\u00ed koupit Metizolam 2 mg pelety ve Spojen\u00fdch st\u00e1tech? Jak mohu prov\u00e9st online objedn\u00e1vku <a href=\"https:\/\/duckduckgo.com\/?q=Buy+Metizolam+2mg+Pellets+Online&amp;t=h_&amp;ia=web\">Metizolam 2 mg pelety<\/a>? Are 2 mg Metizolam Pellets allowed in Canada? <a href=\"https:\/\/legitgrams.com\/cs\/\">LegitGrams<\/a><\/p>","protected":false},"excerpt":{"rendered":"<p>Purchase 2 mg Metizolam Pellets online. Metizolam, commonly referred to as demethylethizolam, is a thienodiazepine that is strongly associated with the increasing popularity of etizolam. Because a thiophene ring is used in place of the benzene ring, methizolam molecules differ from benzodiazepines. We only have two milligram pellets of metisolam or, for more seasoned researchers, &hellip;<\/p>\n<p class=\"read-more\"> <a class=\"\" href=\"https:\/\/legitgrams.com\/cs\/produkt\/metizolam-2mg-pelety\/\"> <span class=\"screen-reader-text\">Koupit Metizolam 2 mg pelety online<\/span> \u010c\u00edst d\u00e1l \"<\/a><\/p>","protected":false},"featured_media":5290,"comment_status":"open","ping_status":"closed","template":"","meta":{"_uag_custom_page_level_css":"","site-sidebar-layout":"default","site-content-layout":"default","ast-global-header-display":"","ast-main-header-display":"","ast-hfb-above-header-display":"","ast-hfb-below-header-display":"","ast-hfb-mobile-header-display":"","site-post-title":"","ast-breadcrumbs-content":"","ast-featured-img":"","footer-sml-layout":"","theme-transparent-header-meta":"default","adv-header-id-meta":"","stick-header-meta":"default","header-above-stick-meta":"","header-main-stick-meta":"","header-below-stick-meta":"","_joinchat":[]},"product_brand":[],"product_cat":[600],"product_tag":[3843,3833,617,3825,3840,3837,3832,3824,3827,3835,3828,3826,3836,3838,3845,3846,3844,3841,3830,3842,3839,625,3831,3834,3829],"class_list":{"0":"post-3922","1":"product","2":"type-product","3":"status-publish","4":"has-post-thumbnail","6":"product_cat-research-chemicals-and-bath-salt","7":"product_tag-best-cheap-price-metizolam-2mg-pellets","8":"product_tag-best-place-to-buy-metizolam-2mg-pellets","9":"product_tag-bulk-online","10":"product_tag-buy-metizolam-2mg-pellets","11":"product_tag-cheap-metizolam-2mg-pellets","12":"product_tag-high-quality-metizolam-2mg-pellets","13":"product_tag-how-to-buy-metizolam-2mg-pellets","14":"product_tag-metizolam-2mg-pellets","15":"product_tag-metizolam-2mg-pellets-for-sale","16":"product_tag-metizolam-2mg-pellets-legally","17":"product_tag-metizolam-2mg-pellets-metizolam-2mg-pellets-supplier","18":"product_tag-metizolam-2mg-pellets-online","19":"product_tag-metizolam-2mg-pellets-price","20":"product_tag-metizolam-2mg-pellets-store","21":"product_tag-metizolam-2mg-pellets-use","22":"product_tag-metizolam-2mg-pellets-wiki","23":"product_tag-metizolam-2mg-pellets-worldwide","24":"product_tag-metizolam-2mg-pelletss","25":"product_tag-order-metizolam-2mg-pellets","26":"product_tag-purcharse-metizolam-2mg-pellets","27":"product_tag-shop-metizolam-2mg-pellets","28":"product_tag-top-quality","29":"product_tag-where-to-buy-metizolam-2mg-pellets","30":"product_tag-where-to-order-metizolam-2mg-pellets","31":"product_tag-wholesale-metizolam-2mg-pellets","32":"desktop-align-left","33":"tablet-align-left","34":"mobile-align-left","35":"ast-product-gallery-layout-horizontal","36":"ast-product-gallery-with-no-image","37":"ast-product-single-variable","38":"ast-product-tabs-layout-horizontal","39":"ast-qv-on-image","41":"first","42":"instock","43":"shipping-taxable","44":"purchasable","45":"product-type-variable"},"yoast_head":"<!-- This site is optimized with the Yoast SEO plugin v25.9 - https:\/\/yoast.com\/wordpress\/plugins\/seo\/ -->\n<title>Metizolam 2mg Pellets for Sale - Buy Metizolam 2mg Pellets Online<\/title>\n<meta name=\"description\" content=\"Your order for Metizolam 2mg Pellets for sale is our responsibility. We will take your order to buy Metizolam 2mg Pellets into consideration and reach you in a short period. Place bulk orders now!\" \/>\n<meta name=\"robots\" content=\"index, follow, max-snippet:-1, max-image-preview:large, max-video-preview:-1\" \/>\n<link rel=\"canonical\" href=\"https:\/\/legitgrams.com\/cs\/produkt\/metizolam-2mg-pelety\/\" \/>\n<meta property=\"og:locale\" content=\"cs_CZ\" \/>\n<meta property=\"og:type\" content=\"article\" \/>\n<meta property=\"og:title\" content=\"Metizolam 2mg Pellets for Sale - Buy Metizolam 2mg Pellets Online\" \/>\n<meta property=\"og:description\" content=\"Your order for Metizolam 2mg Pellets for sale is our responsibility. We will take your order to buy Metizolam 2mg Pellets into consideration and reach you in a short period. Place bulk orders now!\" \/>\n<meta property=\"og:url\" content=\"https:\/\/legitgrams.com\/cs\/produkt\/metizolam-2mg-pelety\/\" \/>\n<meta property=\"og:site_name\" content=\"Legit Grams\" \/>\n<meta property=\"article:modified_time\" content=\"2025-04-04T12:41:09+00:00\" \/>\n<meta property=\"og:image\" content=\"https:\/\/legitgrams.com\/wp-content\/uploads\/2024\/09\/buy-metizolam-2mg-pellets-online.jpg\" \/>\n\t<meta property=\"og:image:width\" content=\"600\" \/>\n\t<meta property=\"og:image:height\" content=\"600\" \/>\n\t<meta property=\"og:image:type\" content=\"image\/jpeg\" \/>\n<meta name=\"twitter:card\" content=\"summary_large_image\" \/>\n<meta name=\"twitter:label1\" content=\"Odhadovan\u00e1 doba \u010dten\u00ed\" \/>\n\t<meta name=\"twitter:data1\" content=\"2 minuty\" \/>\n<script type=\"application\/ld+json\" class=\"yoast-schema-graph\">{\"@context\":\"https:\/\/schema.org\",\"@graph\":[{\"@type\":\"WebPage\",\"@id\":\"https:\/\/legitgrams.com\/product\/metizolam-2mg-pellets\/\",\"url\":\"https:\/\/legitgrams.com\/product\/metizolam-2mg-pellets\/\",\"name\":\"Metizolam 2mg Pellets for Sale - Buy Metizolam 2mg Pellets Online\",\"isPartOf\":{\"@id\":\"https:\/\/legitgrams.com\/#website\"},\"primaryImageOfPage\":{\"@id\":\"https:\/\/legitgrams.com\/product\/metizolam-2mg-pellets\/#primaryimage\"},\"image\":{\"@id\":\"https:\/\/legitgrams.com\/product\/metizolam-2mg-pellets\/#primaryimage\"},\"thumbnailUrl\":\"https:\/\/legitgrams.com\/wp-content\/uploads\/2024\/09\/buy-metizolam-2mg-pellets-online.jpg\",\"datePublished\":\"2024-09-20T11:22:33+00:00\",\"dateModified\":\"2025-04-04T12:41:09+00:00\",\"description\":\"Your order for Metizolam 2mg Pellets for sale is our responsibility. We will take your order to buy Metizolam 2mg Pellets into consideration and reach you in a short period. Place bulk orders now!\",\"breadcrumb\":{\"@id\":\"https:\/\/legitgrams.com\/product\/metizolam-2mg-pellets\/#breadcrumb\"},\"inLanguage\":\"cs\",\"potentialAction\":[{\"@type\":\"ReadAction\",\"target\":[\"https:\/\/legitgrams.com\/product\/metizolam-2mg-pellets\/\"]}]},{\"@type\":\"ImageObject\",\"inLanguage\":\"cs\",\"@id\":\"https:\/\/legitgrams.com\/product\/metizolam-2mg-pellets\/#primaryimage\",\"url\":\"https:\/\/legitgrams.com\/wp-content\/uploads\/2024\/09\/buy-metizolam-2mg-pellets-online.jpg\",\"contentUrl\":\"https:\/\/legitgrams.com\/wp-content\/uploads\/2024\/09\/buy-metizolam-2mg-pellets-online.jpg\",\"width\":600,\"height\":600,\"caption\":\"Metizolam 2mg Pellets for Sale\"},{\"@type\":\"BreadcrumbList\",\"@id\":\"https:\/\/legitgrams.com\/product\/metizolam-2mg-pellets\/#breadcrumb\",\"itemListElement\":[{\"@type\":\"ListItem\",\"position\":1,\"name\":\"Home\",\"item\":\"https:\/\/legitgrams.com\/\"},{\"@type\":\"ListItem\",\"position\":2,\"name\":\"Shop\",\"item\":\"https:\/\/legitgrams.com\/shop\/\"},{\"@type\":\"ListItem\",\"position\":3,\"name\":\"Buy Metizolam 2mg Pellets Online\"}]},{\"@type\":\"WebSite\",\"@id\":\"https:\/\/legitgrams.com\/#website\",\"url\":\"https:\/\/legitgrams.com\/\",\"name\":\"Legit Grams\",\"description\":\"My WordPress Blog\",\"publisher\":{\"@id\":\"https:\/\/legitgrams.com\/#organization\"},\"potentialAction\":[{\"@type\":\"SearchAction\",\"target\":{\"@type\":\"EntryPoint\",\"urlTemplate\":\"https:\/\/legitgrams.com\/?s={search_term_string}\"},\"query-input\":{\"@type\":\"PropertyValueSpecification\",\"valueRequired\":true,\"valueName\":\"search_term_string\"}}],\"inLanguage\":\"cs\"},{\"@type\":\"Organization\",\"@id\":\"https:\/\/legitgrams.com\/#organization\",\"name\":\"Legit Grams\",\"url\":\"https:\/\/legitgrams.com\/\",\"logo\":{\"@type\":\"ImageObject\",\"inLanguage\":\"cs\",\"@id\":\"https:\/\/legitgrams.com\/#\/schema\/logo\/image\/\",\"url\":\"https:\/\/legitgrams.com\/wp-content\/uploads\/2024\/09\/main-logo.png\",\"contentUrl\":\"https:\/\/legitgrams.com\/wp-content\/uploads\/2024\/09\/main-logo.png\",\"width\":270,\"height\":75,\"caption\":\"Legit Grams\"},\"image\":{\"@id\":\"https:\/\/legitgrams.com\/#\/schema\/logo\/image\/\"}}]}<\/script>\n<!-- \/ Yoast SEO plugin. -->","yoast_head_json":{"title":"Metizolam 2mg Pellets na prodej - Koupit Metizolam 2mg Pellets online","description":"Za va\u0161i objedn\u00e1vku p\u0159\u00edpravku Metizolam 2mg Pellets na prodej neseme odpov\u011bdnost. Va\u0161i objedn\u00e1vku na n\u00e1kup Metizolam 2mg Pellets vezmeme v \u00favahu a v kr\u00e1tk\u00e9 dob\u011b se k v\u00e1m dostaneme. Objedn\u00e1vejte hromadn\u011b nyn\u00ed!","robots":{"index":"index","follow":"follow","max-snippet":"max-snippet:-1","max-image-preview":"max-image-preview:large","max-video-preview":"max-video-preview:-1"},"canonical":"https:\/\/legitgrams.com\/cs\/produkt\/metizolam-2mg-pelety\/","og_locale":"cs_CZ","og_type":"article","og_title":"Metizolam 2mg Pellets for Sale - Buy Metizolam 2mg Pellets Online","og_description":"Your order for Metizolam 2mg Pellets for sale is our responsibility. We will take your order to buy Metizolam 2mg Pellets into consideration and reach you in a short period. Place bulk orders now!","og_url":"https:\/\/legitgrams.com\/cs\/produkt\/metizolam-2mg-pelety\/","og_site_name":"Legit Grams","article_modified_time":"2025-04-04T12:41:09+00:00","og_image":[{"width":600,"height":600,"url":"https:\/\/legitgrams.com\/wp-content\/uploads\/2024\/09\/buy-metizolam-2mg-pellets-online.jpg","type":"image\/jpeg"}],"twitter_card":"summary_large_image","twitter_misc":{"Odhadovan\u00e1 doba \u010dten\u00ed":"2 minuty"},"schema":{"@context":"https:\/\/schema.org","@graph":[{"@type":"WebPage","@id":"https:\/\/legitgrams.com\/product\/metizolam-2mg-pellets\/","url":"https:\/\/legitgrams.com\/product\/metizolam-2mg-pellets\/","name":"Metizolam 2mg Pellets na prodej - Koupit Metizolam 2mg Pellets online","isPartOf":{"@id":"https:\/\/legitgrams.com\/#website"},"primaryImageOfPage":{"@id":"https:\/\/legitgrams.com\/product\/metizolam-2mg-pellets\/#primaryimage"},"image":{"@id":"https:\/\/legitgrams.com\/product\/metizolam-2mg-pellets\/#primaryimage"},"thumbnailUrl":"https:\/\/legitgrams.com\/wp-content\/uploads\/2024\/09\/buy-metizolam-2mg-pellets-online.jpg","datePublished":"2024-09-20T11:22:33+00:00","dateModified":"2025-04-04T12:41:09+00:00","description":"Za va\u0161i objedn\u00e1vku p\u0159\u00edpravku Metizolam 2mg Pellets na prodej neseme odpov\u011bdnost. Va\u0161i objedn\u00e1vku na n\u00e1kup Metizolam 2mg Pellets vezmeme v \u00favahu a v kr\u00e1tk\u00e9 dob\u011b se k v\u00e1m dostaneme. Objedn\u00e1vejte hromadn\u011b nyn\u00ed!","breadcrumb":{"@id":"https:\/\/legitgrams.com\/product\/metizolam-2mg-pellets\/#breadcrumb"},"inLanguage":"cs","potentialAction":[{"@type":"ReadAction","target":["https:\/\/legitgrams.com\/product\/metizolam-2mg-pellets\/"]}]},{"@type":"ImageObject","inLanguage":"cs","@id":"https:\/\/legitgrams.com\/product\/metizolam-2mg-pellets\/#primaryimage","url":"https:\/\/legitgrams.com\/wp-content\/uploads\/2024\/09\/buy-metizolam-2mg-pellets-online.jpg","contentUrl":"https:\/\/legitgrams.com\/wp-content\/uploads\/2024\/09\/buy-metizolam-2mg-pellets-online.jpg","width":600,"height":600,"caption":"Metizolam 2mg Pellets for Sale"},{"@type":"BreadcrumbList","@id":"https:\/\/legitgrams.com\/product\/metizolam-2mg-pellets\/#breadcrumb","itemListElement":[{"@type":"ListItem","position":1,"name":"Home","item":"https:\/\/legitgrams.com\/"},{"@type":"ListItem","position":2,"name":"Shop","item":"https:\/\/legitgrams.com\/shop\/"},{"@type":"ListItem","position":3,"name":"Buy Metizolam 2mg Pellets Online"}]},{"@type":"WebSite","@id":"https:\/\/legitgrams.com\/#website","url":"https:\/\/legitgrams.com\/","name":"Leg\u00e1ln\u00ed gramy","description":"M\u016fj blog WordPress","publisher":{"@id":"https:\/\/legitgrams.com\/#organization"},"potentialAction":[{"@type":"SearchAction","target":{"@type":"EntryPoint","urlTemplate":"https:\/\/legitgrams.com\/?s={search_term_string}"},"query-input":{"@type":"PropertyValueSpecification","valueRequired":true,"valueName":"search_term_string"}}],"inLanguage":"cs"},{"@type":"Organization","@id":"https:\/\/legitgrams.com\/#organization","name":"Leg\u00e1ln\u00ed gramy","url":"https:\/\/legitgrams.com\/","logo":{"@type":"ImageObject","inLanguage":"cs","@id":"https:\/\/legitgrams.com\/#\/schema\/logo\/image\/","url":"https:\/\/legitgrams.com\/wp-content\/uploads\/2024\/09\/main-logo.png","contentUrl":"https:\/\/legitgrams.com\/wp-content\/uploads\/2024\/09\/main-logo.png","width":270,"height":75,"caption":"Legit Grams"},"image":{"@id":"https:\/\/legitgrams.com\/#\/schema\/logo\/image\/"}}]}},"uagb_featured_image_src":{"full":["https:\/\/legitgrams.com\/wp-content\/uploads\/2024\/09\/buy-metizolam-2mg-pellets-online.jpg",600,600,false],"thumbnail":["https:\/\/legitgrams.com\/wp-content\/uploads\/2024\/09\/buy-metizolam-2mg-pellets-online-150x150.jpg",150,150,true],"medium":["https:\/\/legitgrams.com\/wp-content\/uploads\/2024\/09\/buy-metizolam-2mg-pellets-online-300x300.jpg",300,300,true],"medium_large":["https:\/\/legitgrams.com\/wp-content\/uploads\/2024\/09\/buy-metizolam-2mg-pellets-online.jpg",600,600,false],"large":["https:\/\/legitgrams.com\/wp-content\/uploads\/2024\/09\/buy-metizolam-2mg-pellets-online.jpg",600,600,false],"1536x1536":["https:\/\/legitgrams.com\/wp-content\/uploads\/2024\/09\/buy-metizolam-2mg-pellets-online.jpg",600,600,false],"2048x2048":["https:\/\/legitgrams.com\/wp-content\/uploads\/2024\/09\/buy-metizolam-2mg-pellets-online.jpg",600,600,false],"trp-custom-language-flag":["https:\/\/legitgrams.com\/wp-content\/uploads\/2024\/09\/buy-metizolam-2mg-pellets-online-12x12.jpg",12,12,true],"woocommerce_thumbnail":["https:\/\/legitgrams.com\/wp-content\/uploads\/2024\/09\/buy-metizolam-2mg-pellets-online-300x300.jpg",300,300,true],"woocommerce_single":["https:\/\/legitgrams.com\/wp-content\/uploads\/2024\/09\/buy-metizolam-2mg-pellets-online.jpg",600,600,false],"woocommerce_gallery_thumbnail":["https:\/\/legitgrams.com\/wp-content\/uploads\/2024\/09\/buy-metizolam-2mg-pellets-online-100x100.jpg",100,100,true]},"uagb_author_info":{"display_name":"cokeblog18","author_link":"https:\/\/legitgrams.com\/cs\/author\/"},"uagb_comment_info":0,"uagb_excerpt":"Purchase 2 mg Metizolam Pellets online. Metizolam, commonly referred to as demethylethizolam, is a thienodiazepine that is strongly associated with the increasing popularity of etizolam. Because a thiophene ring is used in place of the benzene ring, methizolam molecules differ from benzodiazepines. We only have two milligram pellets of metisolam or, for more seasoned researchers,&hellip;","_links":{"self":[{"href":"https:\/\/legitgrams.com\/cs\/wp-json\/wp\/v2\/product\/3922","targetHints":{"allow":["GET"]}}],"collection":[{"href":"https:\/\/legitgrams.com\/cs\/wp-json\/wp\/v2\/product"}],"about":[{"href":"https:\/\/legitgrams.com\/cs\/wp-json\/wp\/v2\/types\/product"}],"replies":[{"embeddable":true,"href":"https:\/\/legitgrams.com\/cs\/wp-json\/wp\/v2\/comments?post=3922"}],"wp:featuredmedia":[{"embeddable":true,"href":"https:\/\/legitgrams.com\/cs\/wp-json\/wp\/v2\/media\/5290"}],"wp:attachment":[{"href":"https:\/\/legitgrams.com\/cs\/wp-json\/wp\/v2\/media?parent=3922"}],"wp:term":[{"taxonomy":"product_brand","embeddable":true,"href":"https:\/\/legitgrams.com\/cs\/wp-json\/wp\/v2\/product_brand?post=3922"},{"taxonomy":"product_cat","embeddable":true,"href":"https:\/\/legitgrams.com\/cs\/wp-json\/wp\/v2\/product_cat?post=3922"},{"taxonomy":"product_tag","embeddable":true,"href":"https:\/\/legitgrams.com\/cs\/wp-json\/wp\/v2\/product_tag?post=3922"}],"curies":[{"name":"wp","href":"https:\/\/api.w.org\/{rel}","templated":true}]}}