{"id":3927,"date":"2024-09-20T11:31:44","date_gmt":"2024-09-20T11:31:44","guid":{"rendered":"https:\/\/legitgrams.com\/?post_type=product&#038;p=3927"},"modified":"2025-01-14T05:04:05","modified_gmt":"2025-01-14T05:04:05","slug":"flubromazepam-4mg-pelety","status":"publish","type":"product","link":"https:\/\/legitgrams.com\/cs\/produkt\/flubromazepam-4mg-pelety\/","title":{"rendered":"Flubromazepam 4 mg pelety"},"content":{"rendered":"<h2>Kupte si pelety 4 mg flubromazepamu online.<br \/>\nJak se flubromazepam pod\u00e1v\u00e1?<\/h2>\n<p>Od sv\u00e9ho vzniku v roce 1960 <a href=\"https:\/\/legitgrams.com\/cs\/produkt\/flubromazepam-4mg-pelety\/\">flubromazepam<\/a>, deriv\u00e1t benzodiazepinu, byl pou\u017e\u00edv\u00e1n. Nikdy se neprod\u00e1val jako l\u00e9k a byl ignorov\u00e1n a\u017e do roku 2012, kdy se za\u010dal prod\u00e1vat jako l\u00e9k na zkou\u0161ku. Vzorec flubromazepamu byl pozm\u011bn\u011bn pouze jednou, i kdy\u017e je t\u00e9m\u011b\u0159 toto\u017en\u00fd se slo\u017een\u00edm fenazepamu, dal\u0161\u00edho p\u016fvodn\u00edho benzodiazepinu, kter\u00fd byl propagov\u00e1n farmaceutick\u00fdmi spole\u010dnostmi v \u0159ad\u011b zem\u00ed.<\/p>\n<p>Jako Xanax nebo Valium, <a href=\"https:\/\/en.wikipedia.org\/wiki\/Flubromazepam\">flubromazepam<\/a> je v sou\u010dasn\u00e9 dob\u011b zkoum\u00e1n pro sv\u00e9 vlastnosti a potenci\u00e1l jako narkotikum nebo l\u00e9k proti bolesti.<\/p>\n<p>A\u010dkoli jsou benzodiazepiny \u010dasto pod\u00e1v\u00e1ny jako sedativa, kter\u00e1 mohou l\u00e9ka\u0159i doporu\u010dit, jsou prim\u00e1rn\u011b vyu\u017e\u00edv\u00e1ny ve vy\u0161et\u0159ovac\u00ed s\u00edti pro v\u00fdzkum a testov\u00e1n\u00ed. Flubromazepam, deriv\u00e1t benzodiazepinu, p\u0159itahuje velk\u00fd z\u00e1jem v\u011bdeck\u00e9 komunity od sv\u00e9ho prvn\u00edho uveden\u00ed jako nov\u00e9ho l\u00e9ku v roce 2012. Jde pouze o fenazepam s molekulou chloru vym\u011bn\u011bnou za \u010d\u00e1stici fluoru. P\u016fvodn\u011b byl kombinov\u00e1n v roce 1960 a je ofici\u00e1ln\u011b zn\u00e1m\u00fd jako 7-brom-5-(2-fluorfenyl)-1,3-dihydro-1,4-benzodiazepin-2-on. N\u00e1zev flubromazepamu poch\u00e1z\u00ed z nahrazen\u00ed fluoru a bromu na jeho j\u00e1drov\u00e9 benzodiazepinov\u00e9 struktu\u0159e. Od sv\u00e9ho prvn\u00edho uveden\u00ed jako inov\u00e1tora v roce 2012 vyvolal benzodiazepinov\u00fd deriv\u00e1t flubromazepam velk\u00fd z\u00e1jem v\u011bdeck\u00e9 komunity.<\/p>\n<p>Je to jen fenazepam s molekulou chloru vym\u011bn\u011bnou za \u010d\u00e1stici fluoru. <a href=\"https:\/\/legitgrams.com\/cs\/\">LegitGrams<\/a><\/p>\n<p>Flubromazepam je nyn\u00ed zkoum\u00e1n pro sv\u00e9 vlastnosti a hodnotu jako narkotikum nebo l\u00e9k proti bolesti, srovnateln\u00e9 s n\u00e1kupem kokainu online s LegitGrams: Po\u010d\u00edtejte s vynikaj\u00edc\u00ed kvalitou a slu\u017ebami<\/p>\n<p>P\u0159i n\u00e1kupu kokainu online se m\u016f\u017eete spolehnout na nesrovnatelnou kvalitu a dokonalost LegitGrams. Jako hlavn\u00ed dodavatel kokainu Fishscale na prodej vynik\u00e1me svou oddanost\u00ed potenci, \u010distot\u011b a spokojenosti klient\u016f. Za\u017eijte rozd\u00edl s LegitGrams je\u0161t\u011b dnes<\/p>\n<p>Valium nebo Xanax. Stejn\u011b jako Xanax nebo Valium je flubromazepam v sou\u010dasn\u00e9 dob\u011b zkoum\u00e1n pro sv\u00e9 vlastnosti a potenci\u00e1l jako narkotikum nebo l\u00e9k proti bolesti.<\/p>\n<p>Koupit 4 mg pelety flubromazepamu online. Mus\u00edme se tak\u00e9 rozd\u011blit online.<\/p>","protected":false},"excerpt":{"rendered":"<p>Purchase 4 mg Flubromazepam Pellets online. How is flubromazepam administered? Since its creation in 1960, flubromazepam, a benzodiazepine derivative, has been in use. It was never sold as a medicine, and it was ignored until 2012, when it started to be sold as an exam drug. The formula for flubromazepam has only been altered once, &hellip;<\/p>\n<p class=\"read-more\"> <a class=\"\" href=\"https:\/\/legitgrams.com\/cs\/produkt\/flubromazepam-4mg-pelety\/\"> <span class=\"screen-reader-text\">Flubromazepam 4 mg pelety<\/span> \u010c\u00edst d\u00e1l \"<\/a><\/p>","protected":false},"featured_media":5278,"comment_status":"open","ping_status":"closed","template":"","meta":{"_uag_custom_page_level_css":"","site-sidebar-layout":"default","site-content-layout":"default","ast-global-header-display":"","ast-main-header-display":"","ast-hfb-above-header-display":"","ast-hfb-below-header-display":"","ast-hfb-mobile-header-display":"","site-post-title":"","ast-breadcrumbs-content":"","ast-featured-img":"","footer-sml-layout":"","theme-transparent-header-meta":"default","adv-header-id-meta":"","stick-header-meta":"default","header-above-stick-meta":"","header-main-stick-meta":"","header-below-stick-meta":"","_joinchat":[]},"product_brand":[],"product_cat":[600],"product_tag":[3797,3787,617,3779,3794,3778,3782,3781,3789,3780,3790,3792,3799,3800,3798,3795,3791,3786,3784,3796,3793,625,3785,3788,3783],"class_list":{"0":"post-3927","1":"product","2":"type-product","3":"status-publish","4":"has-post-thumbnail","6":"product_cat-research-chemicals-and-bath-salt","7":"product_tag-best-cheap-price-flubromazepam-4mg-pellets","8":"product_tag-best-place-to-buy-flubromazepam-4mg-pellets","9":"product_tag-bulk-online","10":"product_tag-buy-flubromazepam-4mg-pellets","11":"product_tag-cheap-flubromazepam-4mg-pellets","12":"product_tag-flubromazepam-4mg-pellets","13":"product_tag-flubromazepam-4mg-pellets-flubromazepam-4mg-pellets-supplier","14":"product_tag-flubromazepam-4mg-pellets-for-sale","15":"product_tag-flubromazepam-4mg-pellets-legally","16":"product_tag-flubromazepam-4mg-pellets-online","17":"product_tag-flubromazepam-4mg-pellets-price","18":"product_tag-flubromazepam-4mg-pellets-store","19":"product_tag-flubromazepam-4mg-pellets-use","20":"product_tag-flubromazepam-4mg-pellets-wiki","21":"product_tag-flubromazepam-4mg-pellets-worldwide","22":"product_tag-flubromazepam-4mg-pelletss","23":"product_tag-high-quality-flubromazepam-4mg-pellets","24":"product_tag-how-to-buy-flubromazepam-4mg-pellets","25":"product_tag-order-flubromazepam-4mg-pellets","26":"product_tag-purcharse-flubromazepam-4mg-pellets","27":"product_tag-shop-flubromazepam-4mg-pellets","28":"product_tag-top-quality","29":"product_tag-where-to-buy-flubromazepam-4mg-pellets","30":"product_tag-where-to-order-flubromazepam-4mg-pellets","31":"product_tag-wholesale-flubromazepam-4mg-pellets","32":"desktop-align-left","33":"tablet-align-left","34":"mobile-align-left","35":"ast-product-gallery-layout-horizontal","36":"ast-product-gallery-with-no-image","37":"ast-product-single-variable","38":"ast-product-tabs-layout-horizontal","39":"ast-qv-on-image","41":"first","42":"instock","43":"shipping-taxable","44":"purchasable","45":"product-type-variable"},"yoast_head":"<!-- This site is optimized with the Yoast SEO plugin v25.9 - https:\/\/yoast.com\/wordpress\/plugins\/seo\/ -->\n<title>Flubromazepam 4mg Pellets for Sale - Buy Flubromazepam Online<\/title>\n<meta name=\"description\" content=\"Legitgrams is the best place to buy Flubromazepam 4mg Pellets online. We are available with Flubromazepam 4mg Pellets for sale at the best prices. Get the best price with amazing deals book your order now!\" \/>\n<meta name=\"robots\" content=\"index, follow, max-snippet:-1, max-image-preview:large, max-video-preview:-1\" \/>\n<link rel=\"canonical\" href=\"https:\/\/legitgrams.com\/cs\/produkt\/flubromazepam-4mg-pelety\/\" \/>\n<meta property=\"og:locale\" content=\"cs_CZ\" \/>\n<meta property=\"og:type\" content=\"article\" \/>\n<meta property=\"og:title\" content=\"Flubromazepam 4mg Pellets for Sale - Buy Flubromazepam Online\" \/>\n<meta property=\"og:description\" content=\"Legitgrams is the best place to buy Flubromazepam 4mg Pellets online. We are available with Flubromazepam 4mg Pellets for sale at the best prices. Get the best price with amazing deals book your order now!\" \/>\n<meta property=\"og:url\" content=\"https:\/\/legitgrams.com\/cs\/produkt\/flubromazepam-4mg-pelety\/\" \/>\n<meta property=\"og:site_name\" content=\"Legit Grams\" \/>\n<meta property=\"article:modified_time\" content=\"2025-01-14T05:04:05+00:00\" \/>\n<meta property=\"og:image\" content=\"https:\/\/legitgrams.com\/wp-content\/uploads\/2024\/09\/Buy-Flubromazepam-4mg-Pellets-online.jpg\" \/>\n\t<meta property=\"og:image:width\" content=\"600\" \/>\n\t<meta property=\"og:image:height\" content=\"600\" \/>\n\t<meta property=\"og:image:type\" content=\"image\/jpeg\" \/>\n<meta name=\"twitter:card\" content=\"summary_large_image\" \/>\n<meta name=\"twitter:label1\" content=\"Odhadovan\u00e1 doba \u010dten\u00ed\" \/>\n\t<meta name=\"twitter:data1\" content=\"2 minuty\" \/>\n<script type=\"application\/ld+json\" class=\"yoast-schema-graph\">{\"@context\":\"https:\/\/schema.org\",\"@graph\":[{\"@type\":\"WebPage\",\"@id\":\"https:\/\/legitgrams.com\/product\/flubromazepam-4mg-pellets\/\",\"url\":\"https:\/\/legitgrams.com\/product\/flubromazepam-4mg-pellets\/\",\"name\":\"Flubromazepam 4mg Pellets for Sale - Buy Flubromazepam Online\",\"isPartOf\":{\"@id\":\"https:\/\/legitgrams.com\/#website\"},\"primaryImageOfPage\":{\"@id\":\"https:\/\/legitgrams.com\/product\/flubromazepam-4mg-pellets\/#primaryimage\"},\"image\":{\"@id\":\"https:\/\/legitgrams.com\/product\/flubromazepam-4mg-pellets\/#primaryimage\"},\"thumbnailUrl\":\"https:\/\/legitgrams.com\/wp-content\/uploads\/2024\/09\/Buy-Flubromazepam-4mg-Pellets-online.jpg\",\"datePublished\":\"2024-09-20T11:31:44+00:00\",\"dateModified\":\"2025-01-14T05:04:05+00:00\",\"description\":\"Legitgrams is the best place to buy Flubromazepam 4mg Pellets online. We are available with Flubromazepam 4mg Pellets for sale at the best prices. Get the best price with amazing deals book your order now!\",\"breadcrumb\":{\"@id\":\"https:\/\/legitgrams.com\/product\/flubromazepam-4mg-pellets\/#breadcrumb\"},\"inLanguage\":\"cs\",\"potentialAction\":[{\"@type\":\"ReadAction\",\"target\":[\"https:\/\/legitgrams.com\/product\/flubromazepam-4mg-pellets\/\"]}]},{\"@type\":\"ImageObject\",\"inLanguage\":\"cs\",\"@id\":\"https:\/\/legitgrams.com\/product\/flubromazepam-4mg-pellets\/#primaryimage\",\"url\":\"https:\/\/legitgrams.com\/wp-content\/uploads\/2024\/09\/Buy-Flubromazepam-4mg-Pellets-online.jpg\",\"contentUrl\":\"https:\/\/legitgrams.com\/wp-content\/uploads\/2024\/09\/Buy-Flubromazepam-4mg-Pellets-online.jpg\",\"width\":600,\"height\":600,\"caption\":\"Flubromazepam 4mg Pellets for Sale\"},{\"@type\":\"BreadcrumbList\",\"@id\":\"https:\/\/legitgrams.com\/product\/flubromazepam-4mg-pellets\/#breadcrumb\",\"itemListElement\":[{\"@type\":\"ListItem\",\"position\":1,\"name\":\"Home\",\"item\":\"https:\/\/legitgrams.com\/\"},{\"@type\":\"ListItem\",\"position\":2,\"name\":\"Shop\",\"item\":\"https:\/\/legitgrams.com\/shop\/\"},{\"@type\":\"ListItem\",\"position\":3,\"name\":\"Flubromazepam 4mg Pellets\"}]},{\"@type\":\"WebSite\",\"@id\":\"https:\/\/legitgrams.com\/#website\",\"url\":\"https:\/\/legitgrams.com\/\",\"name\":\"Legit Grams\",\"description\":\"My WordPress Blog\",\"publisher\":{\"@id\":\"https:\/\/legitgrams.com\/#organization\"},\"potentialAction\":[{\"@type\":\"SearchAction\",\"target\":{\"@type\":\"EntryPoint\",\"urlTemplate\":\"https:\/\/legitgrams.com\/?s={search_term_string}\"},\"query-input\":{\"@type\":\"PropertyValueSpecification\",\"valueRequired\":true,\"valueName\":\"search_term_string\"}}],\"inLanguage\":\"cs\"},{\"@type\":\"Organization\",\"@id\":\"https:\/\/legitgrams.com\/#organization\",\"name\":\"Legit Grams\",\"url\":\"https:\/\/legitgrams.com\/\",\"logo\":{\"@type\":\"ImageObject\",\"inLanguage\":\"cs\",\"@id\":\"https:\/\/legitgrams.com\/#\/schema\/logo\/image\/\",\"url\":\"https:\/\/legitgrams.com\/wp-content\/uploads\/2024\/09\/main-logo.png\",\"contentUrl\":\"https:\/\/legitgrams.com\/wp-content\/uploads\/2024\/09\/main-logo.png\",\"width\":270,\"height\":75,\"caption\":\"Legit Grams\"},\"image\":{\"@id\":\"https:\/\/legitgrams.com\/#\/schema\/logo\/image\/\"}}]}<\/script>\n<!-- \/ Yoast SEO plugin. -->","yoast_head_json":{"title":"Flubromazepam 4mg Pellets for Sale - Koupit Flubromazepam online","description":"Legitgrams je nejlep\u0161\u00edm m\u00edstem pro n\u00e1kup Flubromazepam 4mg Pellets online. M\u00e1me k dispozici Flubromazepam 4mg Pellets na prodej za nejlep\u0161\u00ed ceny. Z\u00edskejte nejlep\u0161\u00ed cenu s \u00fa\u017easn\u00fdmi nab\u00eddkami rezervujte si svou objedn\u00e1vku nyn\u00ed!","robots":{"index":"index","follow":"follow","max-snippet":"max-snippet:-1","max-image-preview":"max-image-preview:large","max-video-preview":"max-video-preview:-1"},"canonical":"https:\/\/legitgrams.com\/cs\/produkt\/flubromazepam-4mg-pelety\/","og_locale":"cs_CZ","og_type":"article","og_title":"Flubromazepam 4mg Pellets for Sale - Buy Flubromazepam Online","og_description":"Legitgrams is the best place to buy Flubromazepam 4mg Pellets online. We are available with Flubromazepam 4mg Pellets for sale at the best prices. Get the best price with amazing deals book your order now!","og_url":"https:\/\/legitgrams.com\/cs\/produkt\/flubromazepam-4mg-pelety\/","og_site_name":"Legit Grams","article_modified_time":"2025-01-14T05:04:05+00:00","og_image":[{"width":600,"height":600,"url":"https:\/\/legitgrams.com\/wp-content\/uploads\/2024\/09\/Buy-Flubromazepam-4mg-Pellets-online.jpg","type":"image\/jpeg"}],"twitter_card":"summary_large_image","twitter_misc":{"Odhadovan\u00e1 doba \u010dten\u00ed":"2 minuty"},"schema":{"@context":"https:\/\/schema.org","@graph":[{"@type":"WebPage","@id":"https:\/\/legitgrams.com\/product\/flubromazepam-4mg-pellets\/","url":"https:\/\/legitgrams.com\/product\/flubromazepam-4mg-pellets\/","name":"Flubromazepam 4mg Pellets for Sale - Koupit Flubromazepam online","isPartOf":{"@id":"https:\/\/legitgrams.com\/#website"},"primaryImageOfPage":{"@id":"https:\/\/legitgrams.com\/product\/flubromazepam-4mg-pellets\/#primaryimage"},"image":{"@id":"https:\/\/legitgrams.com\/product\/flubromazepam-4mg-pellets\/#primaryimage"},"thumbnailUrl":"https:\/\/legitgrams.com\/wp-content\/uploads\/2024\/09\/Buy-Flubromazepam-4mg-Pellets-online.jpg","datePublished":"2024-09-20T11:31:44+00:00","dateModified":"2025-01-14T05:04:05+00:00","description":"Legitgrams je nejlep\u0161\u00edm m\u00edstem pro n\u00e1kup Flubromazepam 4mg Pellets online. M\u00e1me k dispozici Flubromazepam 4mg Pellets na prodej za nejlep\u0161\u00ed ceny. Z\u00edskejte nejlep\u0161\u00ed cenu s \u00fa\u017easn\u00fdmi nab\u00eddkami rezervujte si svou objedn\u00e1vku nyn\u00ed!","breadcrumb":{"@id":"https:\/\/legitgrams.com\/product\/flubromazepam-4mg-pellets\/#breadcrumb"},"inLanguage":"cs","potentialAction":[{"@type":"ReadAction","target":["https:\/\/legitgrams.com\/product\/flubromazepam-4mg-pellets\/"]}]},{"@type":"ImageObject","inLanguage":"cs","@id":"https:\/\/legitgrams.com\/product\/flubromazepam-4mg-pellets\/#primaryimage","url":"https:\/\/legitgrams.com\/wp-content\/uploads\/2024\/09\/Buy-Flubromazepam-4mg-Pellets-online.jpg","contentUrl":"https:\/\/legitgrams.com\/wp-content\/uploads\/2024\/09\/Buy-Flubromazepam-4mg-Pellets-online.jpg","width":600,"height":600,"caption":"Flubromazepam 4mg Pellets for Sale"},{"@type":"BreadcrumbList","@id":"https:\/\/legitgrams.com\/product\/flubromazepam-4mg-pellets\/#breadcrumb","itemListElement":[{"@type":"ListItem","position":1,"name":"Home","item":"https:\/\/legitgrams.com\/"},{"@type":"ListItem","position":2,"name":"Shop","item":"https:\/\/legitgrams.com\/shop\/"},{"@type":"ListItem","position":3,"name":"Flubromazepam 4mg Pellets"}]},{"@type":"WebSite","@id":"https:\/\/legitgrams.com\/#website","url":"https:\/\/legitgrams.com\/","name":"Leg\u00e1ln\u00ed gramy","description":"M\u016fj blog WordPress","publisher":{"@id":"https:\/\/legitgrams.com\/#organization"},"potentialAction":[{"@type":"SearchAction","target":{"@type":"EntryPoint","urlTemplate":"https:\/\/legitgrams.com\/?s={search_term_string}"},"query-input":{"@type":"PropertyValueSpecification","valueRequired":true,"valueName":"search_term_string"}}],"inLanguage":"cs"},{"@type":"Organization","@id":"https:\/\/legitgrams.com\/#organization","name":"Leg\u00e1ln\u00ed gramy","url":"https:\/\/legitgrams.com\/","logo":{"@type":"ImageObject","inLanguage":"cs","@id":"https:\/\/legitgrams.com\/#\/schema\/logo\/image\/","url":"https:\/\/legitgrams.com\/wp-content\/uploads\/2024\/09\/main-logo.png","contentUrl":"https:\/\/legitgrams.com\/wp-content\/uploads\/2024\/09\/main-logo.png","width":270,"height":75,"caption":"Legit Grams"},"image":{"@id":"https:\/\/legitgrams.com\/#\/schema\/logo\/image\/"}}]}},"uagb_featured_image_src":{"full":["https:\/\/legitgrams.com\/wp-content\/uploads\/2024\/09\/Buy-Flubromazepam-4mg-Pellets-online.jpg",600,600,false],"thumbnail":["https:\/\/legitgrams.com\/wp-content\/uploads\/2024\/09\/Buy-Flubromazepam-4mg-Pellets-online-150x150.jpg",150,150,true],"medium":["https:\/\/legitgrams.com\/wp-content\/uploads\/2024\/09\/Buy-Flubromazepam-4mg-Pellets-online-300x300.jpg",300,300,true],"medium_large":["https:\/\/legitgrams.com\/wp-content\/uploads\/2024\/09\/Buy-Flubromazepam-4mg-Pellets-online.jpg",600,600,false],"large":["https:\/\/legitgrams.com\/wp-content\/uploads\/2024\/09\/Buy-Flubromazepam-4mg-Pellets-online.jpg",600,600,false],"1536x1536":["https:\/\/legitgrams.com\/wp-content\/uploads\/2024\/09\/Buy-Flubromazepam-4mg-Pellets-online.jpg",600,600,false],"2048x2048":["https:\/\/legitgrams.com\/wp-content\/uploads\/2024\/09\/Buy-Flubromazepam-4mg-Pellets-online.jpg",600,600,false],"trp-custom-language-flag":["https:\/\/legitgrams.com\/wp-content\/uploads\/2024\/09\/Buy-Flubromazepam-4mg-Pellets-online-12x12.jpg",12,12,true],"woocommerce_thumbnail":["https:\/\/legitgrams.com\/wp-content\/uploads\/2024\/09\/Buy-Flubromazepam-4mg-Pellets-online-300x300.jpg",300,300,true],"woocommerce_single":["https:\/\/legitgrams.com\/wp-content\/uploads\/2024\/09\/Buy-Flubromazepam-4mg-Pellets-online.jpg",600,600,false],"woocommerce_gallery_thumbnail":["https:\/\/legitgrams.com\/wp-content\/uploads\/2024\/09\/Buy-Flubromazepam-4mg-Pellets-online-100x100.jpg",100,100,true]},"uagb_author_info":{"display_name":"cokeblog18","author_link":"https:\/\/legitgrams.com\/cs\/author\/"},"uagb_comment_info":0,"uagb_excerpt":"Purchase 4 mg Flubromazepam Pellets online. How is flubromazepam administered? Since its creation in 1960, flubromazepam, a benzodiazepine derivative, has been in use. It was never sold as a medicine, and it was ignored until 2012, when it started to be sold as an exam drug. The formula for flubromazepam has only been altered once,&hellip;","_links":{"self":[{"href":"https:\/\/legitgrams.com\/cs\/wp-json\/wp\/v2\/product\/3927","targetHints":{"allow":["GET"]}}],"collection":[{"href":"https:\/\/legitgrams.com\/cs\/wp-json\/wp\/v2\/product"}],"about":[{"href":"https:\/\/legitgrams.com\/cs\/wp-json\/wp\/v2\/types\/product"}],"replies":[{"embeddable":true,"href":"https:\/\/legitgrams.com\/cs\/wp-json\/wp\/v2\/comments?post=3927"}],"wp:featuredmedia":[{"embeddable":true,"href":"https:\/\/legitgrams.com\/cs\/wp-json\/wp\/v2\/media\/5278"}],"wp:attachment":[{"href":"https:\/\/legitgrams.com\/cs\/wp-json\/wp\/v2\/media?parent=3927"}],"wp:term":[{"taxonomy":"product_brand","embeddable":true,"href":"https:\/\/legitgrams.com\/cs\/wp-json\/wp\/v2\/product_brand?post=3927"},{"taxonomy":"product_cat","embeddable":true,"href":"https:\/\/legitgrams.com\/cs\/wp-json\/wp\/v2\/product_cat?post=3927"},{"taxonomy":"product_tag","embeddable":true,"href":"https:\/\/legitgrams.com\/cs\/wp-json\/wp\/v2\/product_tag?post=3927"}],"curies":[{"name":"wp","href":"https:\/\/api.w.org\/{rel}","templated":true}]}}