{"id":3935,"date":"2024-09-20T11:42:30","date_gmt":"2024-09-20T11:42:30","guid":{"rendered":"https:\/\/legitgrams.com\/?post_type=product&#038;p=3935"},"modified":"2025-04-04T12:31:33","modified_gmt":"2025-04-04T12:31:33","slug":"restoril-30mg-temazepam-pills","status":"publish","type":"product","link":"https:\/\/legitgrams.com\/cs\/produkt\/restoril-30mg-temazepam-pills\/","title":{"rendered":"Koupit Restoril 30mg Temazepam pilulky online"},"content":{"rendered":"<h2>Koupit Restoril 30 mg Temazepam pilulky online<\/h2>\n<p>L\u00e9k zvan\u00fd Restoril (<a href=\"https:\/\/en.wikipedia.org\/wiki\/Temazepam\">Temazepam<\/a>) zpomaluje mozek.<\/p>\n<p>U lid\u00ed s nespavost\u00ed se doporu\u010duje jako do\u010dasn\u00e1 pomoc p\u0159i us\u00edn\u00e1n\u00ed. \u010casto se nepod\u00e1v\u00e1 d\u00e9le ne\u017e deset dn\u00ed kv\u016fli mo\u017enosti n\u00e1vyku. <a href=\"https:\/\/legitgrams.com\/cs\/\">LegitGrams<\/a><\/p>\n<p>N\u00e1kup online <a href=\"https:\/\/legitgrams.com\/cs\/produkt\/restoril-30mg-temazepam-pills\/\">Restoril 30 mg Temazepam<\/a> pills &#8211; <a href=\"https:\/\/www.bing.com\/search?q=KoupitRestoril30mgTemazepampilulkyonline&amp;qs=n&amp;form=QBRE&amp;sp=-1&amp;lq=0&amp;pq=koupitrestoril30mgtemazepampilulkyonline&amp;sc=0-45&amp;sk=&amp;cvid=96A9CEC70F48468891DDD04A077617DC&amp;ghsh=0&amp;ghacc=0&amp;ghpl=\">purchase Restoril 30 mg<\/a>, koupit tablety Temazepam, koupit Restoril 30 mg, Kde koupit tablety Restoril 30 mg Temazepam, <a href=\"https:\/\/www.google.de\/search?q=Buy+Restoril+30mg+Temazepam+pills+Online&amp;sca_esv=1a2a07081c7891bb&amp;rlz=1C1RXQR_enIN1098IN1098&amp;ei=-cXPZ-vzBoqg1e8Phs2ZkQs&amp;ved=0ahUKEwir1NH0oYGMAxUKUPUHHYZmJrIQ4dUDCBA&amp;uact=5&amp;oq=Buy+Restoril+30mg+Temazepam+pills+Online&amp;gs_lp=Egxnd3Mtd2l6LXNlcnAiKEJ1eSBSZXN0b3JpbCAzMG1nIFRlbWF6ZXBhbSBwaWxscyBPbmxpbmVItAdQrgNYrgNwA3gAkAEAmAHUAaAB1AGqAQMyLTG4AQPIAQD4AQL4AQGYAgCgAgCYAwCIBgGSBwCgB1w&amp;sclient=gws-wiz-serp\">Prod\u00e1m pilulky temazepam<\/a>, koupit tablety Temazepam, koupit Restoril 30 mg, Kde koupit tablety Restoril 30 mg Temazepam, <a href=\"https:\/\/duckduckgo.com\/?q=Buy+Restoril+30mg+Temazepam+pills+Online&amp;t=h_&amp;ia=web\">Kanada<\/a>, and the United Kingdom, buy, online, suppliers, secure delivery, <a href=\"https:\/\/duckduckgo.com\/?q=Buy+Restoril+30mg+Temazepam+pills+Online&amp;t=h_&amp;ia=web\">Restoril 30 mg Temazepam pilulky<\/a> jsou st\u00e1le k dispozici. M\u016f\u017eete zjistit, zda jsou leg\u00e1ln\u00ed ve Spojen\u00fdch st\u00e1tech, koupit si je online, zjistit, jak je z\u00edskat, a zjistit, zda jsou leg\u00e1ln\u00ed v Kanad\u011b.<\/p>","protected":false},"excerpt":{"rendered":"<p>Purchase Restoril 30mg Temazepam pills online A medication called Restoril (Temazepam) slows down the brain. For people with insomnia, it is recommended as a temporary sleep aid. It is often not given for longer than ten days because to the possibility of habituation. LegitGrams Purchase online Restoril 30 mg Temazepam pills &#8211; purchase Restoril 30 &hellip;<\/p>\n<p class=\"read-more\"> <a class=\"\" href=\"https:\/\/legitgrams.com\/cs\/produkt\/restoril-30mg-temazepam-pills\/\"> <span class=\"screen-reader-text\">Koupit Restoril 30mg Temazepam pilulky online<\/span> \u010c\u00edst d\u00e1l \"<\/a><\/p>","protected":false},"featured_media":5313,"comment_status":"open","ping_status":"closed","template":"","meta":{"_uag_custom_page_level_css":"","site-sidebar-layout":"default","site-content-layout":"default","ast-global-header-display":"","ast-main-header-display":"","ast-hfb-above-header-display":"","ast-hfb-below-header-display":"","ast-hfb-mobile-header-display":"","site-post-title":"","ast-breadcrumbs-content":"","ast-featured-img":"","footer-sml-layout":"","theme-transparent-header-meta":"default","adv-header-id-meta":"","stick-header-meta":"default","header-above-stick-meta":"","header-main-stick-meta":"","header-below-stick-meta":"","_joinchat":[]},"product_brand":[],"product_cat":[600],"product_tag":[3751,3741,617,3733,3748,3745,3740,3738,3750,3732,3735,3743,3734,3744,3736,3746,3753,3754,3752,3749,3747,625,3739,3742,3737],"class_list":{"0":"post-3935","1":"product","2":"type-product","3":"status-publish","4":"has-post-thumbnail","6":"product_cat-research-chemicals-and-bath-salt","7":"product_tag-best-cheap-price-restoril-30mg-temazepam-pills","8":"product_tag-best-place-to-buy-restoril-30mg-temazepam-pills","9":"product_tag-bulk-online","10":"product_tag-buy-restoril-30mg-temazepam-pills","11":"product_tag-cheap-restoril-30mg-temazepam-pills","12":"product_tag-high-quality-restoril-30mg-temazepam-pills","13":"product_tag-how-to-buy-restoril-30mg-temazepam-pills","14":"product_tag-order-restoril-30mg-temazepam-pills","15":"product_tag-purcharse-restoril-30mg-temazepam-pills","16":"product_tag-restoril-30mg-temazepam-pills","17":"product_tag-restoril-30mg-temazepam-pills-for-sale","18":"product_tag-restoril-30mg-temazepam-pills-legally","19":"product_tag-restoril-30mg-temazepam-pills-online","20":"product_tag-restoril-30mg-temazepam-pills-price","21":"product_tag-restoril-30mg-temazepam-pills-restoril-30mg-temazepam-pills-supplier","22":"product_tag-restoril-30mg-temazepam-pills-store","23":"product_tag-restoril-30mg-temazepam-pills-use","24":"product_tag-restoril-30mg-temazepam-pills-wiki","25":"product_tag-restoril-30mg-temazepam-pills-worldwide","26":"product_tag-restoril-30mg-temazepam-pillss","27":"product_tag-shop-restoril-30mg-temazepam-pills","28":"product_tag-top-quality","29":"product_tag-where-to-buy-restoril-30mg-temazepam-pills","30":"product_tag-where-to-order-restoril-30mg-temazepam-pills","31":"product_tag-wholesale-restoril-30mg-temazepam-pills","32":"desktop-align-left","33":"tablet-align-left","34":"mobile-align-left","35":"ast-product-gallery-layout-horizontal","36":"ast-product-gallery-with-no-image","37":"ast-product-single-variable","38":"ast-product-tabs-layout-horizontal","39":"ast-qv-on-image","41":"first","42":"instock","43":"shipping-taxable","44":"purchasable","45":"product-type-variable"},"yoast_head":"<!-- This site is optimized with the Yoast SEO plugin v25.9 - https:\/\/yoast.com\/wordpress\/plugins\/seo\/ -->\n<title>Restoril 30mg Temazepam Pills for Sale @Best Price Online<\/title>\n<meta name=\"description\" content=\"If you want to buy Restoril 30mg temazepam pills online and looking for a reliable online store, then buy here. We offer only high-quality restoril 30mg temazepam pills for sale at an affordable price. Order Now!\" \/>\n<meta name=\"robots\" content=\"index, follow, max-snippet:-1, max-image-preview:large, max-video-preview:-1\" \/>\n<link rel=\"canonical\" href=\"https:\/\/legitgrams.com\/cs\/produkt\/restoril-30mg-temazepam-pills\/\" \/>\n<meta property=\"og:locale\" content=\"cs_CZ\" \/>\n<meta property=\"og:type\" content=\"article\" \/>\n<meta property=\"og:title\" content=\"Restoril 30mg Temazepam Pills for Sale @Best Price Online\" \/>\n<meta property=\"og:description\" content=\"If you want to buy Restoril 30mg temazepam pills online and looking for a reliable online store, then buy here. We offer only high-quality restoril 30mg temazepam pills for sale at an affordable price. Order Now!\" \/>\n<meta property=\"og:url\" content=\"https:\/\/legitgrams.com\/cs\/produkt\/restoril-30mg-temazepam-pills\/\" \/>\n<meta property=\"og:site_name\" content=\"Legit Grams\" \/>\n<meta property=\"article:modified_time\" content=\"2025-04-04T12:31:33+00:00\" \/>\n<meta property=\"og:image\" content=\"https:\/\/legitgrams.com\/wp-content\/uploads\/2024\/09\/Buy-Restoril-30mg-Temezepam-pills-online-2.jpg\" \/>\n\t<meta property=\"og:image:width\" content=\"600\" \/>\n\t<meta property=\"og:image:height\" content=\"600\" \/>\n\t<meta property=\"og:image:type\" content=\"image\/jpeg\" \/>\n<meta name=\"twitter:card\" content=\"summary_large_image\" \/>\n<meta name=\"twitter:label1\" content=\"Odhadovan\u00e1 doba \u010dten\u00ed\" \/>\n\t<meta name=\"twitter:data1\" content=\"1 minuta\" \/>\n<script type=\"application\/ld+json\" class=\"yoast-schema-graph\">{\"@context\":\"https:\/\/schema.org\",\"@graph\":[{\"@type\":\"WebPage\",\"@id\":\"https:\/\/legitgrams.com\/product\/restoril-30mg-temazepam-pills\/\",\"url\":\"https:\/\/legitgrams.com\/product\/restoril-30mg-temazepam-pills\/\",\"name\":\"Restoril 30mg Temazepam Pills for Sale @Best Price Online\",\"isPartOf\":{\"@id\":\"https:\/\/legitgrams.com\/#website\"},\"primaryImageOfPage\":{\"@id\":\"https:\/\/legitgrams.com\/product\/restoril-30mg-temazepam-pills\/#primaryimage\"},\"image\":{\"@id\":\"https:\/\/legitgrams.com\/product\/restoril-30mg-temazepam-pills\/#primaryimage\"},\"thumbnailUrl\":\"https:\/\/legitgrams.com\/wp-content\/uploads\/2024\/09\/Buy-Restoril-30mg-Temezepam-pills-online-2.jpg\",\"datePublished\":\"2024-09-20T11:42:30+00:00\",\"dateModified\":\"2025-04-04T12:31:33+00:00\",\"description\":\"If you want to buy Restoril 30mg temazepam pills online and looking for a reliable online store, then buy here. We offer only high-quality restoril 30mg temazepam pills for sale at an affordable price. Order Now!\",\"breadcrumb\":{\"@id\":\"https:\/\/legitgrams.com\/product\/restoril-30mg-temazepam-pills\/#breadcrumb\"},\"inLanguage\":\"cs\",\"potentialAction\":[{\"@type\":\"ReadAction\",\"target\":[\"https:\/\/legitgrams.com\/product\/restoril-30mg-temazepam-pills\/\"]}]},{\"@type\":\"ImageObject\",\"inLanguage\":\"cs\",\"@id\":\"https:\/\/legitgrams.com\/product\/restoril-30mg-temazepam-pills\/#primaryimage\",\"url\":\"https:\/\/legitgrams.com\/wp-content\/uploads\/2024\/09\/Buy-Restoril-30mg-Temezepam-pills-online-2.jpg\",\"contentUrl\":\"https:\/\/legitgrams.com\/wp-content\/uploads\/2024\/09\/Buy-Restoril-30mg-Temezepam-pills-online-2.jpg\",\"width\":600,\"height\":600,\"caption\":\"Restoril 30mg Temazepam Pills for Sale\"},{\"@type\":\"BreadcrumbList\",\"@id\":\"https:\/\/legitgrams.com\/product\/restoril-30mg-temazepam-pills\/#breadcrumb\",\"itemListElement\":[{\"@type\":\"ListItem\",\"position\":1,\"name\":\"Home\",\"item\":\"https:\/\/legitgrams.com\/\"},{\"@type\":\"ListItem\",\"position\":2,\"name\":\"Shop\",\"item\":\"https:\/\/legitgrams.com\/shop\/\"},{\"@type\":\"ListItem\",\"position\":3,\"name\":\"Buy Restoril 30mg Temazepam pills Online\"}]},{\"@type\":\"WebSite\",\"@id\":\"https:\/\/legitgrams.com\/#website\",\"url\":\"https:\/\/legitgrams.com\/\",\"name\":\"Legit Grams\",\"description\":\"My WordPress Blog\",\"publisher\":{\"@id\":\"https:\/\/legitgrams.com\/#organization\"},\"potentialAction\":[{\"@type\":\"SearchAction\",\"target\":{\"@type\":\"EntryPoint\",\"urlTemplate\":\"https:\/\/legitgrams.com\/?s={search_term_string}\"},\"query-input\":{\"@type\":\"PropertyValueSpecification\",\"valueRequired\":true,\"valueName\":\"search_term_string\"}}],\"inLanguage\":\"cs\"},{\"@type\":\"Organization\",\"@id\":\"https:\/\/legitgrams.com\/#organization\",\"name\":\"Legit Grams\",\"url\":\"https:\/\/legitgrams.com\/\",\"logo\":{\"@type\":\"ImageObject\",\"inLanguage\":\"cs\",\"@id\":\"https:\/\/legitgrams.com\/#\/schema\/logo\/image\/\",\"url\":\"https:\/\/legitgrams.com\/wp-content\/uploads\/2024\/09\/main-logo.png\",\"contentUrl\":\"https:\/\/legitgrams.com\/wp-content\/uploads\/2024\/09\/main-logo.png\",\"width\":270,\"height\":75,\"caption\":\"Legit Grams\"},\"image\":{\"@id\":\"https:\/\/legitgrams.com\/#\/schema\/logo\/image\/\"}}]}<\/script>\n<!-- \/ Yoast SEO plugin. -->","yoast_head_json":{"title":"Restoril 30mg Temazepam Pills for Sale @Nejlep\u0161\u00ed cena online","description":"Pokud si chcete koupit Restoril 30mg temazepam pilulky online a hled\u00e1te spolehliv\u00fd internetov\u00fd obchod, pak nakupujte zde. Nab\u00edz\u00edme pouze vysoce kvalitn\u00ed Restoril 30mg temazepam pilulky na prodej za p\u0159ijatelnou cenu. Objedn\u00e1vejte nyn\u00ed!","robots":{"index":"index","follow":"follow","max-snippet":"max-snippet:-1","max-image-preview":"max-image-preview:large","max-video-preview":"max-video-preview:-1"},"canonical":"https:\/\/legitgrams.com\/cs\/produkt\/restoril-30mg-temazepam-pills\/","og_locale":"cs_CZ","og_type":"article","og_title":"Restoril 30mg Temazepam Pills for Sale @Best Price Online","og_description":"If you want to buy Restoril 30mg temazepam pills online and looking for a reliable online store, then buy here. We offer only high-quality restoril 30mg temazepam pills for sale at an affordable price. Order Now!","og_url":"https:\/\/legitgrams.com\/cs\/produkt\/restoril-30mg-temazepam-pills\/","og_site_name":"Legit Grams","article_modified_time":"2025-04-04T12:31:33+00:00","og_image":[{"width":600,"height":600,"url":"https:\/\/legitgrams.com\/wp-content\/uploads\/2024\/09\/Buy-Restoril-30mg-Temezepam-pills-online-2.jpg","type":"image\/jpeg"}],"twitter_card":"summary_large_image","twitter_misc":{"Odhadovan\u00e1 doba \u010dten\u00ed":"1 minuta"},"schema":{"@context":"https:\/\/schema.org","@graph":[{"@type":"WebPage","@id":"https:\/\/legitgrams.com\/product\/restoril-30mg-temazepam-pills\/","url":"https:\/\/legitgrams.com\/product\/restoril-30mg-temazepam-pills\/","name":"Restoril 30mg Temazepam Pills for Sale @Nejlep\u0161\u00ed cena online","isPartOf":{"@id":"https:\/\/legitgrams.com\/#website"},"primaryImageOfPage":{"@id":"https:\/\/legitgrams.com\/product\/restoril-30mg-temazepam-pills\/#primaryimage"},"image":{"@id":"https:\/\/legitgrams.com\/product\/restoril-30mg-temazepam-pills\/#primaryimage"},"thumbnailUrl":"https:\/\/legitgrams.com\/wp-content\/uploads\/2024\/09\/Buy-Restoril-30mg-Temezepam-pills-online-2.jpg","datePublished":"2024-09-20T11:42:30+00:00","dateModified":"2025-04-04T12:31:33+00:00","description":"Pokud si chcete koupit Restoril 30mg temazepam pilulky online a hled\u00e1te spolehliv\u00fd internetov\u00fd obchod, pak nakupujte zde. Nab\u00edz\u00edme pouze vysoce kvalitn\u00ed Restoril 30mg temazepam pilulky na prodej za p\u0159ijatelnou cenu. Objedn\u00e1vejte nyn\u00ed!","breadcrumb":{"@id":"https:\/\/legitgrams.com\/product\/restoril-30mg-temazepam-pills\/#breadcrumb"},"inLanguage":"cs","potentialAction":[{"@type":"ReadAction","target":["https:\/\/legitgrams.com\/product\/restoril-30mg-temazepam-pills\/"]}]},{"@type":"ImageObject","inLanguage":"cs","@id":"https:\/\/legitgrams.com\/product\/restoril-30mg-temazepam-pills\/#primaryimage","url":"https:\/\/legitgrams.com\/wp-content\/uploads\/2024\/09\/Buy-Restoril-30mg-Temezepam-pills-online-2.jpg","contentUrl":"https:\/\/legitgrams.com\/wp-content\/uploads\/2024\/09\/Buy-Restoril-30mg-Temezepam-pills-online-2.jpg","width":600,"height":600,"caption":"Restoril 30mg Temazepam Pills for Sale"},{"@type":"BreadcrumbList","@id":"https:\/\/legitgrams.com\/product\/restoril-30mg-temazepam-pills\/#breadcrumb","itemListElement":[{"@type":"ListItem","position":1,"name":"Home","item":"https:\/\/legitgrams.com\/"},{"@type":"ListItem","position":2,"name":"Shop","item":"https:\/\/legitgrams.com\/shop\/"},{"@type":"ListItem","position":3,"name":"Buy Restoril 30mg Temazepam pills Online"}]},{"@type":"WebSite","@id":"https:\/\/legitgrams.com\/#website","url":"https:\/\/legitgrams.com\/","name":"Leg\u00e1ln\u00ed gramy","description":"M\u016fj blog WordPress","publisher":{"@id":"https:\/\/legitgrams.com\/#organization"},"potentialAction":[{"@type":"SearchAction","target":{"@type":"EntryPoint","urlTemplate":"https:\/\/legitgrams.com\/?s={search_term_string}"},"query-input":{"@type":"PropertyValueSpecification","valueRequired":true,"valueName":"search_term_string"}}],"inLanguage":"cs"},{"@type":"Organization","@id":"https:\/\/legitgrams.com\/#organization","name":"Leg\u00e1ln\u00ed gramy","url":"https:\/\/legitgrams.com\/","logo":{"@type":"ImageObject","inLanguage":"cs","@id":"https:\/\/legitgrams.com\/#\/schema\/logo\/image\/","url":"https:\/\/legitgrams.com\/wp-content\/uploads\/2024\/09\/main-logo.png","contentUrl":"https:\/\/legitgrams.com\/wp-content\/uploads\/2024\/09\/main-logo.png","width":270,"height":75,"caption":"Legit Grams"},"image":{"@id":"https:\/\/legitgrams.com\/#\/schema\/logo\/image\/"}}]}},"uagb_featured_image_src":{"full":["https:\/\/legitgrams.com\/wp-content\/uploads\/2024\/09\/Buy-Restoril-30mg-Temezepam-pills-online-2.jpg",600,600,false],"thumbnail":["https:\/\/legitgrams.com\/wp-content\/uploads\/2024\/09\/Buy-Restoril-30mg-Temezepam-pills-online-2-150x150.jpg",150,150,true],"medium":["https:\/\/legitgrams.com\/wp-content\/uploads\/2024\/09\/Buy-Restoril-30mg-Temezepam-pills-online-2-300x300.jpg",300,300,true],"medium_large":["https:\/\/legitgrams.com\/wp-content\/uploads\/2024\/09\/Buy-Restoril-30mg-Temezepam-pills-online-2.jpg",600,600,false],"large":["https:\/\/legitgrams.com\/wp-content\/uploads\/2024\/09\/Buy-Restoril-30mg-Temezepam-pills-online-2.jpg",600,600,false],"1536x1536":["https:\/\/legitgrams.com\/wp-content\/uploads\/2024\/09\/Buy-Restoril-30mg-Temezepam-pills-online-2.jpg",600,600,false],"2048x2048":["https:\/\/legitgrams.com\/wp-content\/uploads\/2024\/09\/Buy-Restoril-30mg-Temezepam-pills-online-2.jpg",600,600,false],"trp-custom-language-flag":["https:\/\/legitgrams.com\/wp-content\/uploads\/2024\/09\/Buy-Restoril-30mg-Temezepam-pills-online-2-12x12.jpg",12,12,true],"woocommerce_thumbnail":["https:\/\/legitgrams.com\/wp-content\/uploads\/2024\/09\/Buy-Restoril-30mg-Temezepam-pills-online-2-300x300.jpg",300,300,true],"woocommerce_single":["https:\/\/legitgrams.com\/wp-content\/uploads\/2024\/09\/Buy-Restoril-30mg-Temezepam-pills-online-2.jpg",600,600,false],"woocommerce_gallery_thumbnail":["https:\/\/legitgrams.com\/wp-content\/uploads\/2024\/09\/Buy-Restoril-30mg-Temezepam-pills-online-2-100x100.jpg",100,100,true]},"uagb_author_info":{"display_name":"cokeblog18","author_link":"https:\/\/legitgrams.com\/cs\/author\/"},"uagb_comment_info":0,"uagb_excerpt":"Purchase Restoril 30mg Temazepam pills online A medication called Restoril (Temazepam) slows down the brain. For people with insomnia, it is recommended as a temporary sleep aid. It is often not given for longer than ten days because to the possibility of habituation. LegitGrams Purchase online Restoril 30 mg Temazepam pills &#8211; purchase Restoril 30&hellip;","_links":{"self":[{"href":"https:\/\/legitgrams.com\/cs\/wp-json\/wp\/v2\/product\/3935","targetHints":{"allow":["GET"]}}],"collection":[{"href":"https:\/\/legitgrams.com\/cs\/wp-json\/wp\/v2\/product"}],"about":[{"href":"https:\/\/legitgrams.com\/cs\/wp-json\/wp\/v2\/types\/product"}],"replies":[{"embeddable":true,"href":"https:\/\/legitgrams.com\/cs\/wp-json\/wp\/v2\/comments?post=3935"}],"wp:featuredmedia":[{"embeddable":true,"href":"https:\/\/legitgrams.com\/cs\/wp-json\/wp\/v2\/media\/5313"}],"wp:attachment":[{"href":"https:\/\/legitgrams.com\/cs\/wp-json\/wp\/v2\/media?parent=3935"}],"wp:term":[{"taxonomy":"product_brand","embeddable":true,"href":"https:\/\/legitgrams.com\/cs\/wp-json\/wp\/v2\/product_brand?post=3935"},{"taxonomy":"product_cat","embeddable":true,"href":"https:\/\/legitgrams.com\/cs\/wp-json\/wp\/v2\/product_cat?post=3935"},{"taxonomy":"product_tag","embeddable":true,"href":"https:\/\/legitgrams.com\/cs\/wp-json\/wp\/v2\/product_tag?post=3935"}],"curies":[{"name":"wp","href":"https:\/\/api.w.org\/{rel}","templated":true}]}}