{"id":3948,"date":"2024-09-20T12:21:03","date_gmt":"2024-09-20T12:21:03","guid":{"rendered":"https:\/\/legitgrams.com\/?post_type=product&#038;p=3948"},"modified":"2025-01-14T07:20:38","modified_gmt":"2025-01-14T07:20:38","slug":"kilokain-v-prasku-99-cisty","status":"publish","type":"product","link":"https:\/\/legitgrams.com\/cs\/produkt\/kilokain-v-prasku-99-cisty\/","title":{"rendered":"Kilokain v pr\u00e1\u0161ku 99 Pure"},"content":{"rendered":"<h2>Kupte si 99 \u010dist\u00fd kilokainov\u00fd pr\u00e1\u0161ek online<br \/>\nKilokain je podobn\u00fd kokainu.<\/h2>\n<p>Kilokain je nov\u00e1 a zaj\u00edmav\u00e1 v\u00fdzkumn\u00e1 chemick\u00e1 l\u00e1tka, kter\u00e1 od sv\u00e9ho uveden\u00ed z\u00edskala dobr\u00e9 recenze.<\/p>\n<p>Tyto v\u00fdzkumn\u00e9 l\u00e1tky jsou tak\u00e9 zn\u00e1m\u00e9 jako \u201edesigner drugs\u201c. Jsou sou\u010d\u00e1st\u00ed nov\u00e9 t\u0159\u00eddy l\u00e9k\u016f, jejich\u017e chemick\u00e9 slo\u017een\u00ed se zm\u011bnilo do t\u00e9 m\u00edry, \u017ee je neomezuje z\u00e1kon. \u010casto jsou ozna\u010dov\u00e1ny jako \u201ekoupelov\u00e9 soli\u201c nebo \u201eleg\u00e1ln\u00ed opojn\u00e9 l\u00e1tky\u201c, proto\u017ee se prod\u00e1vaj\u00ed v souladu se z\u00e1konem a obvykle maj\u00ed \u00fa\u010dinky, kter\u00e9 jsou extr\u00e9mn\u011b podobn\u00e9 \u00fa\u010dink\u016fm hlavn\u00edch neleg\u00e1ln\u00edch l\u00e1tek p\u016fvodu, i kdy\u017e samotn\u00e9 v\u00fdzkumn\u00e9 slou\u010deniny jsou st\u00e1le leg\u00e1ln\u00ed a nepl\u00e1novan\u00e9. Existuje n\u011bkolik d\u016fvod\u016f, pro\u010d je to zaj\u00edmav\u00e9. <a href=\"https:\/\/legitgrams.com\/cs\/\">LegitGrams<\/a><\/p>\n<p>Koupit 99% Pure <a href=\"https:\/\/en.wikipedia.org\/wiki\/Cocaine\">Kilokain<\/a> pr\u00e1\u0161ek online, koupit pr\u00e1\u0161ek, koupit pr\u00e1\u0161ek, koupit pr\u00e1\u0161ek, koupit pr\u00e1\u0161ek, koupit pr\u00e1\u0161ek, koupit pr\u00e1\u0161ek, M\u00edsta pro n\u00e1kup 99% \u010dist\u00e9ho kilokainov\u00e9ho pr\u00e1\u0161ku online, n\u00e1kup 99% \u010dist\u00e9ho kilokainov\u00e9ho pr\u00e1\u0161ku online, n\u00e1kup 99% \u010dist\u00e9ho kilokainov\u00e9ho pr\u00e1\u0161ku online , USA, Kanada, Velk\u00e1 Brit\u00e1nie, N\u00e1kup, Online, Poskytovatel\u00e9, Bezpe\u010dn\u00e9 doru\u010den\u00ed, 99% \u010dist\u00fd kilokainov\u00fd pr\u00e1\u0161ek je st\u00e1le k dispozici. Je pro Ameri\u010dany p\u0159\u00edpustn\u00e9 kupovat 99% \u010distotu <a href=\"https:\/\/legitgrams.com\/cs\/produkt\/kilokain-v-prasku-99-cisty\/\">kilokainov\u00fd pr\u00e1\u0161ek<\/a> online? Jak mohu koupit pr\u00e1\u0161kov\u00fd 99% \u010dist\u00fd kilokain? Je n\u00e1kup 99% \u010dist\u00e9ho kilokainov\u00e9ho pr\u00e1\u0161ku v Kanad\u011b leg\u00e1ln\u00ed?<\/p>\n<h2><\/h2>\n<p>&nbsp;<\/p>","protected":false},"excerpt":{"rendered":"<p>Purchase 99 Pure Kilocaine Powder Online Kilocaine is similar to cocaine. Kilocaine is a new and interesting research chemical that has received good reviews since its introduction. These research substances are also known as &#8220;designer drugs.&#8221; They are part of a new class of drugs whose chemical composition has changed to the point where they &hellip;<\/p>\n<p class=\"read-more\"> <a class=\"\" href=\"https:\/\/legitgrams.com\/cs\/produkt\/kilokain-v-prasku-99-cisty\/\"> <span class=\"screen-reader-text\">Kilokain v pr\u00e1\u0161ku 99 Pure<\/span> \u010c\u00edst d\u00e1l \"<\/a><\/p>","protected":false},"featured_media":5283,"comment_status":"open","ping_status":"closed","template":"","meta":{"_uag_custom_page_level_css":"","site-sidebar-layout":"default","site-content-layout":"default","ast-global-header-display":"","ast-main-header-display":"","ast-hfb-above-header-display":"","ast-hfb-below-header-display":"","ast-hfb-mobile-header-display":"","site-post-title":"","ast-breadcrumbs-content":"","ast-featured-img":"","footer-sml-layout":"","theme-transparent-header-meta":"default","adv-header-id-meta":"","stick-header-meta":"default","header-above-stick-meta":"","header-main-stick-meta":"","header-below-stick-meta":"","_joinchat":[]},"product_brand":[],"product_cat":[600],"product_tag":[3590,3580,617,3572,3587,3584,3579,3571,3574,3575,3582,3573,3583,3585,3592,3593,3591,3588,3577,3589,3586,625,3578,3581,3576],"class_list":{"0":"post-3948","1":"product","2":"type-product","3":"status-publish","4":"has-post-thumbnail","6":"product_cat-research-chemicals-and-bath-salt","7":"product_tag-best-cheap-price-kilocaine-powder-99-pure","8":"product_tag-best-place-to-buy-kilocaine-powder-99-pure","9":"product_tag-bulk-online","10":"product_tag-buy-kilocaine-powder-99-pure","11":"product_tag-cheap-kilocaine-powder-99-pure","12":"product_tag-high-quality-kilocaine-powder-99-pure","13":"product_tag-how-to-buy-kilocaine-powder-99-pure","14":"product_tag-kilocaine-powder-99-pure","15":"product_tag-kilocaine-powder-99-pure-for-sale","16":"product_tag-kilocaine-powder-99-pure-kilocaine-powder-99-pure-supplier","17":"product_tag-kilocaine-powder-99-pure-legally","18":"product_tag-kilocaine-powder-99-pure-online","19":"product_tag-kilocaine-powder-99-pure-price","20":"product_tag-kilocaine-powder-99-pure-store","21":"product_tag-kilocaine-powder-99-pure-use","22":"product_tag-kilocaine-powder-99-pure-wiki","23":"product_tag-kilocaine-powder-99-pure-worldwide","24":"product_tag-kilocaine-powder-99-pures","25":"product_tag-order-kilocaine-powder-99-pure","26":"product_tag-purcharse-kilocaine-powder-99-pure","27":"product_tag-shop-kilocaine-powder-99-pure","28":"product_tag-top-quality","29":"product_tag-where-to-buy-kilocaine-powder-99-pure","30":"product_tag-where-to-order-kilocaine-powder-99-pure","31":"product_tag-wholesale-kilocaine-powder-99-pure","32":"desktop-align-left","33":"tablet-align-left","34":"mobile-align-left","35":"ast-product-gallery-layout-horizontal","36":"ast-product-gallery-with-no-image","37":"ast-product-single-variable","38":"ast-product-tabs-layout-horizontal","39":"ast-qv-on-image","41":"first","42":"instock","43":"shipping-taxable","44":"purchasable","45":"product-type-variable"},"yoast_head":"<!-- This site is optimized with the Yoast SEO plugin v25.9 - https:\/\/yoast.com\/wordpress\/plugins\/seo\/ -->\n<title>Kilocaine Powder 99 Pure for Sale - Buy Kilocaine Powder Online<\/title>\n<meta name=\"description\" content=\"You can buy Kilocaine Powder 99 Pure online at the best prices from our online store. We have cheap and high-quality Kilocaine Powder 99 Pure for sale and providing worldwide delivery. You can order from anytime, anywhere.\" \/>\n<meta name=\"robots\" content=\"index, follow, max-snippet:-1, max-image-preview:large, max-video-preview:-1\" \/>\n<link rel=\"canonical\" href=\"https:\/\/legitgrams.com\/cs\/produkt\/kilokain-v-prasku-99-cisty\/\" \/>\n<meta property=\"og:locale\" content=\"cs_CZ\" \/>\n<meta property=\"og:type\" content=\"article\" \/>\n<meta property=\"og:title\" content=\"Kilocaine Powder 99 Pure for Sale - Buy Kilocaine Powder Online\" \/>\n<meta property=\"og:description\" content=\"You can buy Kilocaine Powder 99 Pure online at the best prices from our online store. We have cheap and high-quality Kilocaine Powder 99 Pure for sale and providing worldwide delivery. You can order from anytime, anywhere.\" \/>\n<meta property=\"og:url\" content=\"https:\/\/legitgrams.com\/cs\/produkt\/kilokain-v-prasku-99-cisty\/\" \/>\n<meta property=\"og:site_name\" content=\"Legit Grams\" \/>\n<meta property=\"article:modified_time\" content=\"2025-01-14T07:20:38+00:00\" \/>\n<meta property=\"og:image\" content=\"https:\/\/legitgrams.com\/wp-content\/uploads\/2024\/09\/Buy-Kilocaine-Powder-99-Pure-Online.jpg\" \/>\n\t<meta property=\"og:image:width\" content=\"600\" \/>\n\t<meta property=\"og:image:height\" content=\"600\" \/>\n\t<meta property=\"og:image:type\" content=\"image\/jpeg\" \/>\n<meta name=\"twitter:card\" content=\"summary_large_image\" \/>\n<meta name=\"twitter:label1\" content=\"Odhadovan\u00e1 doba \u010dten\u00ed\" \/>\n\t<meta name=\"twitter:data1\" content=\"2 minuty\" \/>\n<script type=\"application\/ld+json\" class=\"yoast-schema-graph\">{\"@context\":\"https:\/\/schema.org\",\"@graph\":[{\"@type\":\"WebPage\",\"@id\":\"https:\/\/legitgrams.com\/product\/kilocaine-powder-99-pure\/\",\"url\":\"https:\/\/legitgrams.com\/product\/kilocaine-powder-99-pure\/\",\"name\":\"Kilocaine Powder 99 Pure for Sale - Buy Kilocaine Powder Online\",\"isPartOf\":{\"@id\":\"https:\/\/legitgrams.com\/#website\"},\"primaryImageOfPage\":{\"@id\":\"https:\/\/legitgrams.com\/product\/kilocaine-powder-99-pure\/#primaryimage\"},\"image\":{\"@id\":\"https:\/\/legitgrams.com\/product\/kilocaine-powder-99-pure\/#primaryimage\"},\"thumbnailUrl\":\"https:\/\/legitgrams.com\/wp-content\/uploads\/2024\/09\/Buy-Kilocaine-Powder-99-Pure-Online.jpg\",\"datePublished\":\"2024-09-20T12:21:03+00:00\",\"dateModified\":\"2025-01-14T07:20:38+00:00\",\"description\":\"You can buy Kilocaine Powder 99 Pure online at the best prices from our online store. We have cheap and high-quality Kilocaine Powder 99 Pure for sale and providing worldwide delivery. You can order from anytime, anywhere.\",\"breadcrumb\":{\"@id\":\"https:\/\/legitgrams.com\/product\/kilocaine-powder-99-pure\/#breadcrumb\"},\"inLanguage\":\"cs\",\"potentialAction\":[{\"@type\":\"ReadAction\",\"target\":[\"https:\/\/legitgrams.com\/product\/kilocaine-powder-99-pure\/\"]}]},{\"@type\":\"ImageObject\",\"inLanguage\":\"cs\",\"@id\":\"https:\/\/legitgrams.com\/product\/kilocaine-powder-99-pure\/#primaryimage\",\"url\":\"https:\/\/legitgrams.com\/wp-content\/uploads\/2024\/09\/Buy-Kilocaine-Powder-99-Pure-Online.jpg\",\"contentUrl\":\"https:\/\/legitgrams.com\/wp-content\/uploads\/2024\/09\/Buy-Kilocaine-Powder-99-Pure-Online.jpg\",\"width\":600,\"height\":600,\"caption\":\"Kilocaine Powder 99 Pure for Sale\"},{\"@type\":\"BreadcrumbList\",\"@id\":\"https:\/\/legitgrams.com\/product\/kilocaine-powder-99-pure\/#breadcrumb\",\"itemListElement\":[{\"@type\":\"ListItem\",\"position\":1,\"name\":\"Home\",\"item\":\"https:\/\/legitgrams.com\/\"},{\"@type\":\"ListItem\",\"position\":2,\"name\":\"Shop\",\"item\":\"https:\/\/legitgrams.com\/shop\/\"},{\"@type\":\"ListItem\",\"position\":3,\"name\":\"Kilocaine Powder 99 Pure\"}]},{\"@type\":\"WebSite\",\"@id\":\"https:\/\/legitgrams.com\/#website\",\"url\":\"https:\/\/legitgrams.com\/\",\"name\":\"Legit Grams\",\"description\":\"My WordPress Blog\",\"publisher\":{\"@id\":\"https:\/\/legitgrams.com\/#organization\"},\"potentialAction\":[{\"@type\":\"SearchAction\",\"target\":{\"@type\":\"EntryPoint\",\"urlTemplate\":\"https:\/\/legitgrams.com\/?s={search_term_string}\"},\"query-input\":{\"@type\":\"PropertyValueSpecification\",\"valueRequired\":true,\"valueName\":\"search_term_string\"}}],\"inLanguage\":\"cs\"},{\"@type\":\"Organization\",\"@id\":\"https:\/\/legitgrams.com\/#organization\",\"name\":\"Legit Grams\",\"url\":\"https:\/\/legitgrams.com\/\",\"logo\":{\"@type\":\"ImageObject\",\"inLanguage\":\"cs\",\"@id\":\"https:\/\/legitgrams.com\/#\/schema\/logo\/image\/\",\"url\":\"https:\/\/legitgrams.com\/wp-content\/uploads\/2024\/09\/main-logo.png\",\"contentUrl\":\"https:\/\/legitgrams.com\/wp-content\/uploads\/2024\/09\/main-logo.png\",\"width\":270,\"height\":75,\"caption\":\"Legit Grams\"},\"image\":{\"@id\":\"https:\/\/legitgrams.com\/#\/schema\/logo\/image\/\"}}]}<\/script>\n<!-- \/ Yoast SEO plugin. -->","yoast_head_json":{"title":"Kilokainov\u00fd pr\u00e1\u0161ek 99 Pure na prodej - Koupit kilokainov\u00fd pr\u00e1\u0161ek online","description":"Kilocaine Powder 99 Pure si m\u016f\u017eete koupit online za nejlep\u0161\u00ed ceny v na\u0161em internetov\u00e9m obchod\u011b. M\u00e1me levn\u00e9 a vysoce kvalitn\u00ed Kilocaine Powder 99 Pure na prodej a poskytujeme doru\u010den\u00ed po cel\u00e9m sv\u011bt\u011b. Objedn\u00e1vat m\u016f\u017eete kdykoli a odkudkoli.","robots":{"index":"index","follow":"follow","max-snippet":"max-snippet:-1","max-image-preview":"max-image-preview:large","max-video-preview":"max-video-preview:-1"},"canonical":"https:\/\/legitgrams.com\/cs\/produkt\/kilokain-v-prasku-99-cisty\/","og_locale":"cs_CZ","og_type":"article","og_title":"Kilocaine Powder 99 Pure for Sale - Buy Kilocaine Powder Online","og_description":"You can buy Kilocaine Powder 99 Pure online at the best prices from our online store. We have cheap and high-quality Kilocaine Powder 99 Pure for sale and providing worldwide delivery. You can order from anytime, anywhere.","og_url":"https:\/\/legitgrams.com\/cs\/produkt\/kilokain-v-prasku-99-cisty\/","og_site_name":"Legit Grams","article_modified_time":"2025-01-14T07:20:38+00:00","og_image":[{"width":600,"height":600,"url":"https:\/\/legitgrams.com\/wp-content\/uploads\/2024\/09\/Buy-Kilocaine-Powder-99-Pure-Online.jpg","type":"image\/jpeg"}],"twitter_card":"summary_large_image","twitter_misc":{"Odhadovan\u00e1 doba \u010dten\u00ed":"2 minuty"},"schema":{"@context":"https:\/\/schema.org","@graph":[{"@type":"WebPage","@id":"https:\/\/legitgrams.com\/product\/kilocaine-powder-99-pure\/","url":"https:\/\/legitgrams.com\/product\/kilocaine-powder-99-pure\/","name":"Kilokainov\u00fd pr\u00e1\u0161ek 99 Pure na prodej - Koupit kilokainov\u00fd pr\u00e1\u0161ek online","isPartOf":{"@id":"https:\/\/legitgrams.com\/#website"},"primaryImageOfPage":{"@id":"https:\/\/legitgrams.com\/product\/kilocaine-powder-99-pure\/#primaryimage"},"image":{"@id":"https:\/\/legitgrams.com\/product\/kilocaine-powder-99-pure\/#primaryimage"},"thumbnailUrl":"https:\/\/legitgrams.com\/wp-content\/uploads\/2024\/09\/Buy-Kilocaine-Powder-99-Pure-Online.jpg","datePublished":"2024-09-20T12:21:03+00:00","dateModified":"2025-01-14T07:20:38+00:00","description":"Kilocaine Powder 99 Pure si m\u016f\u017eete koupit online za nejlep\u0161\u00ed ceny v na\u0161em internetov\u00e9m obchod\u011b. M\u00e1me levn\u00e9 a vysoce kvalitn\u00ed Kilocaine Powder 99 Pure na prodej a poskytujeme doru\u010den\u00ed po cel\u00e9m sv\u011bt\u011b. Objedn\u00e1vat m\u016f\u017eete kdykoli a odkudkoli.","breadcrumb":{"@id":"https:\/\/legitgrams.com\/product\/kilocaine-powder-99-pure\/#breadcrumb"},"inLanguage":"cs","potentialAction":[{"@type":"ReadAction","target":["https:\/\/legitgrams.com\/product\/kilocaine-powder-99-pure\/"]}]},{"@type":"ImageObject","inLanguage":"cs","@id":"https:\/\/legitgrams.com\/product\/kilocaine-powder-99-pure\/#primaryimage","url":"https:\/\/legitgrams.com\/wp-content\/uploads\/2024\/09\/Buy-Kilocaine-Powder-99-Pure-Online.jpg","contentUrl":"https:\/\/legitgrams.com\/wp-content\/uploads\/2024\/09\/Buy-Kilocaine-Powder-99-Pure-Online.jpg","width":600,"height":600,"caption":"Kilocaine Powder 99 Pure for Sale"},{"@type":"BreadcrumbList","@id":"https:\/\/legitgrams.com\/product\/kilocaine-powder-99-pure\/#breadcrumb","itemListElement":[{"@type":"ListItem","position":1,"name":"Home","item":"https:\/\/legitgrams.com\/"},{"@type":"ListItem","position":2,"name":"Shop","item":"https:\/\/legitgrams.com\/shop\/"},{"@type":"ListItem","position":3,"name":"Kilocaine Powder 99 Pure"}]},{"@type":"WebSite","@id":"https:\/\/legitgrams.com\/#website","url":"https:\/\/legitgrams.com\/","name":"Leg\u00e1ln\u00ed gramy","description":"M\u016fj blog WordPress","publisher":{"@id":"https:\/\/legitgrams.com\/#organization"},"potentialAction":[{"@type":"SearchAction","target":{"@type":"EntryPoint","urlTemplate":"https:\/\/legitgrams.com\/?s={search_term_string}"},"query-input":{"@type":"PropertyValueSpecification","valueRequired":true,"valueName":"search_term_string"}}],"inLanguage":"cs"},{"@type":"Organization","@id":"https:\/\/legitgrams.com\/#organization","name":"Leg\u00e1ln\u00ed gramy","url":"https:\/\/legitgrams.com\/","logo":{"@type":"ImageObject","inLanguage":"cs","@id":"https:\/\/legitgrams.com\/#\/schema\/logo\/image\/","url":"https:\/\/legitgrams.com\/wp-content\/uploads\/2024\/09\/main-logo.png","contentUrl":"https:\/\/legitgrams.com\/wp-content\/uploads\/2024\/09\/main-logo.png","width":270,"height":75,"caption":"Legit Grams"},"image":{"@id":"https:\/\/legitgrams.com\/#\/schema\/logo\/image\/"}}]}},"uagb_featured_image_src":{"full":["https:\/\/legitgrams.com\/wp-content\/uploads\/2024\/09\/Buy-Kilocaine-Powder-99-Pure-Online.jpg",600,600,false],"thumbnail":["https:\/\/legitgrams.com\/wp-content\/uploads\/2024\/09\/Buy-Kilocaine-Powder-99-Pure-Online-150x150.jpg",150,150,true],"medium":["https:\/\/legitgrams.com\/wp-content\/uploads\/2024\/09\/Buy-Kilocaine-Powder-99-Pure-Online-300x300.jpg",300,300,true],"medium_large":["https:\/\/legitgrams.com\/wp-content\/uploads\/2024\/09\/Buy-Kilocaine-Powder-99-Pure-Online.jpg",600,600,false],"large":["https:\/\/legitgrams.com\/wp-content\/uploads\/2024\/09\/Buy-Kilocaine-Powder-99-Pure-Online.jpg",600,600,false],"1536x1536":["https:\/\/legitgrams.com\/wp-content\/uploads\/2024\/09\/Buy-Kilocaine-Powder-99-Pure-Online.jpg",600,600,false],"2048x2048":["https:\/\/legitgrams.com\/wp-content\/uploads\/2024\/09\/Buy-Kilocaine-Powder-99-Pure-Online.jpg",600,600,false],"trp-custom-language-flag":["https:\/\/legitgrams.com\/wp-content\/uploads\/2024\/09\/Buy-Kilocaine-Powder-99-Pure-Online-12x12.jpg",12,12,true],"woocommerce_thumbnail":["https:\/\/legitgrams.com\/wp-content\/uploads\/2024\/09\/Buy-Kilocaine-Powder-99-Pure-Online-300x300.jpg",300,300,true],"woocommerce_single":["https:\/\/legitgrams.com\/wp-content\/uploads\/2024\/09\/Buy-Kilocaine-Powder-99-Pure-Online.jpg",600,600,false],"woocommerce_gallery_thumbnail":["https:\/\/legitgrams.com\/wp-content\/uploads\/2024\/09\/Buy-Kilocaine-Powder-99-Pure-Online-100x100.jpg",100,100,true]},"uagb_author_info":{"display_name":"cokeblog18","author_link":"https:\/\/legitgrams.com\/cs\/author\/"},"uagb_comment_info":0,"uagb_excerpt":"Purchase 99 Pure Kilocaine Powder Online Kilocaine is similar to cocaine. Kilocaine is a new and interesting research chemical that has received good reviews since its introduction. These research substances are also known as &#8220;designer drugs.&#8221; They are part of a new class of drugs whose chemical composition has changed to the point where they&hellip;","_links":{"self":[{"href":"https:\/\/legitgrams.com\/cs\/wp-json\/wp\/v2\/product\/3948","targetHints":{"allow":["GET"]}}],"collection":[{"href":"https:\/\/legitgrams.com\/cs\/wp-json\/wp\/v2\/product"}],"about":[{"href":"https:\/\/legitgrams.com\/cs\/wp-json\/wp\/v2\/types\/product"}],"replies":[{"embeddable":true,"href":"https:\/\/legitgrams.com\/cs\/wp-json\/wp\/v2\/comments?post=3948"}],"wp:featuredmedia":[{"embeddable":true,"href":"https:\/\/legitgrams.com\/cs\/wp-json\/wp\/v2\/media\/5283"}],"wp:attachment":[{"href":"https:\/\/legitgrams.com\/cs\/wp-json\/wp\/v2\/media?parent=3948"}],"wp:term":[{"taxonomy":"product_brand","embeddable":true,"href":"https:\/\/legitgrams.com\/cs\/wp-json\/wp\/v2\/product_brand?post=3948"},{"taxonomy":"product_cat","embeddable":true,"href":"https:\/\/legitgrams.com\/cs\/wp-json\/wp\/v2\/product_cat?post=3948"},{"taxonomy":"product_tag","embeddable":true,"href":"https:\/\/legitgrams.com\/cs\/wp-json\/wp\/v2\/product_tag?post=3948"}],"curies":[{"name":"wp","href":"https:\/\/api.w.org\/{rel}","templated":true}]}}