{"id":3949,"date":"2024-09-20T12:32:42","date_gmt":"2024-09-20T12:32:42","guid":{"rendered":"https:\/\/legitgrams.com\/?post_type=product&#038;p=3949"},"modified":"2025-01-15T05:50:59","modified_gmt":"2025-01-15T05:50:59","slug":"sul-do-koupele-pro-bile-divky","status":"publish","type":"product","link":"https:\/\/legitgrams.com\/cs\/produkt\/sul-do-koupele-pro-bile-divky\/","title":{"rendered":"Koupelov\u00e1 s\u016fl White Girl"},"content":{"rendered":"<h2>Prod\u00e1m: S\u016fl do koupele White Girl<br \/>\nNa\u0161e koupelov\u00e9 soli maj\u00ed silnou v\u016fni!<\/h2>\n<p>C\u00edlem je zv\u00fd\u0161it \u00farove\u0148 vzru\u0161en\u00ed, el\u00e1nu a rozja\u0159en\u00ed p\u0159i koupeli <a href=\"https:\/\/legitgrams.com\/cs\/produkt\/sul-do-koupele-pro-bile-divky\/\">Koupelov\u00e1 s\u016fl White Girl<\/a>. Mal\u00e9 mno\u017estv\u00ed \u010dehokoli m\u016f\u017ee m\u00edt velk\u00fd \u00fa\u010dinek. Naopak p\u0159id\u00e1n\u00edm mal\u00e9ho prvku do v\u00ed\u0159ivky by voda p\u0159irozen\u011b zm\u011bk\u010dila, tak\u017ee se budete c\u00edtit \u0161\u0165astn\u00ed a povzbuzen\u00ed. P\u0159esto m\u011bl p\u0159ipom\u00ednat p\u0159\u00edrodn\u00ed hork\u00e9 prameny \u0159eck\u00e9ho mo\u0159e. White Girl je siln\u00e1 medita\u010dn\u00ed s\u016fl do koupele, proto ji zpo\u010d\u00e1tku pou\u017e\u00edvejte st\u0159\u00eddm\u011b, abyste zabr\u00e1nili tomu, aby va\u0161e koupelov\u00e1 voda byla p\u0159\u00edli\u0161 tmav\u00e1 a nep\u0159\u00edjemn\u00e1. Nicm\u00e9n\u011b p\u0159i spr\u00e1vn\u00e9m pou\u017eit\u00ed m\u00e1 koupelov\u00e1 s\u016fl White Girl schopnost zav\u00e9st v\u00e1s na m\u00edsta, o kter\u00fdch byste si nikdy nemysleli, \u017ee jsou p\u0159edstaviteln\u00e1. <a href=\"https:\/\/legitgrams.com\/cs\/\">LegitGrams<\/a><\/p>\n<p>Purchase White Girl Bath Salt Online - n\u00e1kup White Girl Bath Salt, n\u00e1kup White Girl Bath Salt USA, n\u00e1kup White Girl Bath Salt online USA, kde koupit White Girl Bath Salt, White Girl Bath Salt na prodej, White Girl Bath Salt na prodej bl\u00edzko m\u011b, n\u00e1kup White Girl Bath Salt online bl\u00edzko m\u011b, kde koupit White Girl Bath Salt online, <a href=\"https:\/\/en.wikipedia.org\/wiki\/Bath_salts_(drug)\">Prodej koupelov\u00e9 soli White Girl<\/a> v USA, Kanad\u011b, Velk\u00e9 Brit\u00e1nii, koupit, online, dodavatel\u00e9, bezpe\u010dn\u00e9 doru\u010den\u00ed, st\u00e1le m\u016f\u017eete z\u00edskat White Girl koupelov\u00e1 s\u016fl. M\u016f\u017eete tak\u00e9 zjistit, zda je leg\u00e1ln\u00ed ve Spojen\u00fdch st\u00e1tech, jak ji objednat a zda je leg\u00e1ln\u00ed v Kanad\u011b.<\/p>","protected":false},"excerpt":{"rendered":"<p>For Sale: White Girl Bath Salt Our bath salts have a strong scent! Increasing the level of excitement, vigor, and exhilaration in your bath is the aim of White Girl Bath Salts. A small amount of anything can have a big effect. Conversely, adding a tiny feature to a hot tub would naturally soften the &hellip;<\/p>\n<p class=\"read-more\"> <a class=\"\" href=\"https:\/\/legitgrams.com\/cs\/produkt\/sul-do-koupele-pro-bile-divky\/\"> <span class=\"screen-reader-text\">Koupelov\u00e1 s\u016fl White Girl<\/span> \u010c\u00edst d\u00e1l \"<\/a><\/p>","protected":false},"featured_media":5321,"comment_status":"open","ping_status":"closed","template":"","meta":{"_uag_custom_page_level_css":"","site-sidebar-layout":"default","site-content-layout":"default","ast-global-header-display":"","ast-main-header-display":"","ast-hfb-above-header-display":"","ast-hfb-below-header-display":"","ast-hfb-mobile-header-display":"","site-post-title":"","ast-breadcrumbs-content":"","ast-featured-img":"","footer-sml-layout":"","theme-transparent-header-meta":"default","adv-header-id-meta":"","stick-header-meta":"default","header-above-stick-meta":"","header-main-stick-meta":"","header-below-stick-meta":"","_joinchat":[]},"product_brand":[],"product_cat":[600],"product_tag":[3521,3511,617,3503,3518,3515,3510,3508,3520,3517,625,3509,3512,3502,3505,3513,3504,3514,3516,3523,3506,3524,3522,3519,3507],"class_list":{"0":"post-3949","1":"product","2":"type-product","3":"status-publish","4":"has-post-thumbnail","6":"product_cat-research-chemicals-and-bath-salt","7":"product_tag-best-cheap-price-white-girl-bath-salt","8":"product_tag-best-place-to-buy-white-girl-bath-salt","9":"product_tag-bulk-online","10":"product_tag-buy-white-girl-bath-salt","11":"product_tag-cheap-white-girl-bath-salt","12":"product_tag-high-quality-white-girl-bath-salt","13":"product_tag-how-to-buy-white-girl-bath-salt","14":"product_tag-order-white-girl-bath-salt","15":"product_tag-purcharse-white-girl-bath-salt","16":"product_tag-shop-white-girl-bath-salt","17":"product_tag-top-quality","18":"product_tag-where-to-buy-white-girl-bath-salt","19":"product_tag-where-to-order-white-girl-bath-salt","20":"product_tag-white-girl-bath-salt","21":"product_tag-white-girl-bath-salt-for-sale","22":"product_tag-white-girl-bath-salt-legally","23":"product_tag-white-girl-bath-salt-online","24":"product_tag-white-girl-bath-salt-price","25":"product_tag-white-girl-bath-salt-store","26":"product_tag-white-girl-bath-salt-use","27":"product_tag-white-girl-bath-salt-white-girl-bath-salt-supplier","28":"product_tag-white-girl-bath-salt-wiki","29":"product_tag-white-girl-bath-salt-worldwide","30":"product_tag-white-girl-bath-salts","31":"product_tag-wholesale-white-girl-bath-salt","32":"desktop-align-left","33":"tablet-align-left","34":"mobile-align-left","35":"ast-product-gallery-layout-horizontal","36":"ast-product-gallery-with-no-image","37":"ast-product-single-variable","38":"ast-product-tabs-layout-horizontal","39":"ast-qv-on-image","41":"first","42":"instock","43":"shipping-taxable","44":"purchasable","45":"product-type-variable"},"yoast_head":"<!-- This site is optimized with the Yoast SEO plugin v25.9 - https:\/\/yoast.com\/wordpress\/plugins\/seo\/ -->\n<title>White Girl Bath Salt for Sale - Buy White Girl Bath Salt Online | LG<\/title>\n<meta name=\"description\" content=\"Find premium white girl bath salt for sale at our online store, providing a secure platform to buy white girl bath salt powder with ease, catering to your research needs.\" \/>\n<meta name=\"robots\" content=\"index, follow, max-snippet:-1, max-image-preview:large, max-video-preview:-1\" \/>\n<link rel=\"canonical\" href=\"https:\/\/legitgrams.com\/cs\/produkt\/sul-do-koupele-pro-bile-divky\/\" \/>\n<meta property=\"og:locale\" content=\"cs_CZ\" \/>\n<meta property=\"og:type\" content=\"article\" \/>\n<meta property=\"og:title\" content=\"White Girl Bath Salt for Sale - Buy White Girl Bath Salt Online | LG\" \/>\n<meta property=\"og:description\" content=\"Find premium white girl bath salt for sale at our online store, providing a secure platform to buy white girl bath salt powder with ease, catering to your research needs.\" \/>\n<meta property=\"og:url\" content=\"https:\/\/legitgrams.com\/cs\/produkt\/sul-do-koupele-pro-bile-divky\/\" \/>\n<meta property=\"og:site_name\" content=\"Legit Grams\" \/>\n<meta property=\"article:modified_time\" content=\"2025-01-15T05:50:59+00:00\" \/>\n<meta property=\"og:image\" content=\"https:\/\/legitgrams.com\/wp-content\/uploads\/2024\/09\/buy-white-girl-bath-salt-online.jpg\" \/>\n\t<meta property=\"og:image:width\" content=\"600\" \/>\n\t<meta property=\"og:image:height\" content=\"600\" \/>\n\t<meta property=\"og:image:type\" content=\"image\/jpeg\" \/>\n<meta name=\"twitter:card\" content=\"summary_large_image\" \/>\n<meta name=\"twitter:label1\" content=\"Odhadovan\u00e1 doba \u010dten\u00ed\" \/>\n\t<meta name=\"twitter:data1\" content=\"2 minuty\" \/>\n<script type=\"application\/ld+json\" class=\"yoast-schema-graph\">{\"@context\":\"https:\/\/schema.org\",\"@graph\":[{\"@type\":\"WebPage\",\"@id\":\"https:\/\/legitgrams.com\/product\/white-girl-bath-salt\/\",\"url\":\"https:\/\/legitgrams.com\/product\/white-girl-bath-salt\/\",\"name\":\"White Girl Bath Salt for Sale - Buy White Girl Bath Salt Online | LG\",\"isPartOf\":{\"@id\":\"https:\/\/legitgrams.com\/#website\"},\"primaryImageOfPage\":{\"@id\":\"https:\/\/legitgrams.com\/product\/white-girl-bath-salt\/#primaryimage\"},\"image\":{\"@id\":\"https:\/\/legitgrams.com\/product\/white-girl-bath-salt\/#primaryimage\"},\"thumbnailUrl\":\"https:\/\/legitgrams.com\/wp-content\/uploads\/2024\/09\/buy-white-girl-bath-salt-online.jpg\",\"datePublished\":\"2024-09-20T12:32:42+00:00\",\"dateModified\":\"2025-01-15T05:50:59+00:00\",\"description\":\"Find premium white girl bath salt for sale at our online store, providing a secure platform to buy white girl bath salt powder with ease, catering to your research needs.\",\"breadcrumb\":{\"@id\":\"https:\/\/legitgrams.com\/product\/white-girl-bath-salt\/#breadcrumb\"},\"inLanguage\":\"cs\",\"potentialAction\":[{\"@type\":\"ReadAction\",\"target\":[\"https:\/\/legitgrams.com\/product\/white-girl-bath-salt\/\"]}]},{\"@type\":\"ImageObject\",\"inLanguage\":\"cs\",\"@id\":\"https:\/\/legitgrams.com\/product\/white-girl-bath-salt\/#primaryimage\",\"url\":\"https:\/\/legitgrams.com\/wp-content\/uploads\/2024\/09\/buy-white-girl-bath-salt-online.jpg\",\"contentUrl\":\"https:\/\/legitgrams.com\/wp-content\/uploads\/2024\/09\/buy-white-girl-bath-salt-online.jpg\",\"width\":600,\"height\":600,\"caption\":\"White Girl Bath Salt for Sale\"},{\"@type\":\"BreadcrumbList\",\"@id\":\"https:\/\/legitgrams.com\/product\/white-girl-bath-salt\/#breadcrumb\",\"itemListElement\":[{\"@type\":\"ListItem\",\"position\":1,\"name\":\"Home\",\"item\":\"https:\/\/legitgrams.com\/\"},{\"@type\":\"ListItem\",\"position\":2,\"name\":\"Shop\",\"item\":\"https:\/\/legitgrams.com\/shop\/\"},{\"@type\":\"ListItem\",\"position\":3,\"name\":\"White Girl Bath Salt\"}]},{\"@type\":\"WebSite\",\"@id\":\"https:\/\/legitgrams.com\/#website\",\"url\":\"https:\/\/legitgrams.com\/\",\"name\":\"Legit Grams\",\"description\":\"My WordPress Blog\",\"publisher\":{\"@id\":\"https:\/\/legitgrams.com\/#organization\"},\"potentialAction\":[{\"@type\":\"SearchAction\",\"target\":{\"@type\":\"EntryPoint\",\"urlTemplate\":\"https:\/\/legitgrams.com\/?s={search_term_string}\"},\"query-input\":{\"@type\":\"PropertyValueSpecification\",\"valueRequired\":true,\"valueName\":\"search_term_string\"}}],\"inLanguage\":\"cs\"},{\"@type\":\"Organization\",\"@id\":\"https:\/\/legitgrams.com\/#organization\",\"name\":\"Legit Grams\",\"url\":\"https:\/\/legitgrams.com\/\",\"logo\":{\"@type\":\"ImageObject\",\"inLanguage\":\"cs\",\"@id\":\"https:\/\/legitgrams.com\/#\/schema\/logo\/image\/\",\"url\":\"https:\/\/legitgrams.com\/wp-content\/uploads\/2024\/09\/main-logo.png\",\"contentUrl\":\"https:\/\/legitgrams.com\/wp-content\/uploads\/2024\/09\/main-logo.png\",\"width\":270,\"height\":75,\"caption\":\"Legit Grams\"},\"image\":{\"@id\":\"https:\/\/legitgrams.com\/#\/schema\/logo\/image\/\"}}]}<\/script>\n<!-- \/ Yoast SEO plugin. -->","yoast_head_json":{"title":"White Girl koupelov\u00e1 s\u016fl na prodej - koupit White Girl koupelov\u00e1 s\u016fl online | LG","description":"Najd\u011bte pr\u00e9miovou b\u00edlou d\u00edv\u010d\u00ed koupelovou s\u016fl na prodej v na\u0161em internetov\u00e9m obchod\u011b, kter\u00fd poskytuje bezpe\u010dnou platformu pro snadn\u00fd n\u00e1kup b\u00edl\u00e9 d\u00edv\u010d\u00ed koupelov\u00e9 soli v pr\u00e1\u0161ku a uspokoj\u00ed va\u0161e v\u00fdzkumn\u00e9 pot\u0159eby.","robots":{"index":"index","follow":"follow","max-snippet":"max-snippet:-1","max-image-preview":"max-image-preview:large","max-video-preview":"max-video-preview:-1"},"canonical":"https:\/\/legitgrams.com\/cs\/produkt\/sul-do-koupele-pro-bile-divky\/","og_locale":"cs_CZ","og_type":"article","og_title":"White Girl Bath Salt for Sale - Buy White Girl Bath Salt Online | LG","og_description":"Find premium white girl bath salt for sale at our online store, providing a secure platform to buy white girl bath salt powder with ease, catering to your research needs.","og_url":"https:\/\/legitgrams.com\/cs\/produkt\/sul-do-koupele-pro-bile-divky\/","og_site_name":"Legit Grams","article_modified_time":"2025-01-15T05:50:59+00:00","og_image":[{"width":600,"height":600,"url":"https:\/\/legitgrams.com\/wp-content\/uploads\/2024\/09\/buy-white-girl-bath-salt-online.jpg","type":"image\/jpeg"}],"twitter_card":"summary_large_image","twitter_misc":{"Odhadovan\u00e1 doba \u010dten\u00ed":"2 minuty"},"schema":{"@context":"https:\/\/schema.org","@graph":[{"@type":"WebPage","@id":"https:\/\/legitgrams.com\/product\/white-girl-bath-salt\/","url":"https:\/\/legitgrams.com\/product\/white-girl-bath-salt\/","name":"White Girl koupelov\u00e1 s\u016fl na prodej - koupit White Girl koupelov\u00e1 s\u016fl online | LG","isPartOf":{"@id":"https:\/\/legitgrams.com\/#website"},"primaryImageOfPage":{"@id":"https:\/\/legitgrams.com\/product\/white-girl-bath-salt\/#primaryimage"},"image":{"@id":"https:\/\/legitgrams.com\/product\/white-girl-bath-salt\/#primaryimage"},"thumbnailUrl":"https:\/\/legitgrams.com\/wp-content\/uploads\/2024\/09\/buy-white-girl-bath-salt-online.jpg","datePublished":"2024-09-20T12:32:42+00:00","dateModified":"2025-01-15T05:50:59+00:00","description":"Najd\u011bte pr\u00e9miovou b\u00edlou d\u00edv\u010d\u00ed koupelovou s\u016fl na prodej v na\u0161em internetov\u00e9m obchod\u011b, kter\u00fd poskytuje bezpe\u010dnou platformu pro snadn\u00fd n\u00e1kup b\u00edl\u00e9 d\u00edv\u010d\u00ed koupelov\u00e9 soli v pr\u00e1\u0161ku a uspokoj\u00ed va\u0161e v\u00fdzkumn\u00e9 pot\u0159eby.","breadcrumb":{"@id":"https:\/\/legitgrams.com\/product\/white-girl-bath-salt\/#breadcrumb"},"inLanguage":"cs","potentialAction":[{"@type":"ReadAction","target":["https:\/\/legitgrams.com\/product\/white-girl-bath-salt\/"]}]},{"@type":"ImageObject","inLanguage":"cs","@id":"https:\/\/legitgrams.com\/product\/white-girl-bath-salt\/#primaryimage","url":"https:\/\/legitgrams.com\/wp-content\/uploads\/2024\/09\/buy-white-girl-bath-salt-online.jpg","contentUrl":"https:\/\/legitgrams.com\/wp-content\/uploads\/2024\/09\/buy-white-girl-bath-salt-online.jpg","width":600,"height":600,"caption":"White Girl Bath Salt for Sale"},{"@type":"BreadcrumbList","@id":"https:\/\/legitgrams.com\/product\/white-girl-bath-salt\/#breadcrumb","itemListElement":[{"@type":"ListItem","position":1,"name":"Home","item":"https:\/\/legitgrams.com\/"},{"@type":"ListItem","position":2,"name":"Shop","item":"https:\/\/legitgrams.com\/shop\/"},{"@type":"ListItem","position":3,"name":"White Girl Bath Salt"}]},{"@type":"WebSite","@id":"https:\/\/legitgrams.com\/#website","url":"https:\/\/legitgrams.com\/","name":"Leg\u00e1ln\u00ed gramy","description":"M\u016fj blog WordPress","publisher":{"@id":"https:\/\/legitgrams.com\/#organization"},"potentialAction":[{"@type":"SearchAction","target":{"@type":"EntryPoint","urlTemplate":"https:\/\/legitgrams.com\/?s={search_term_string}"},"query-input":{"@type":"PropertyValueSpecification","valueRequired":true,"valueName":"search_term_string"}}],"inLanguage":"cs"},{"@type":"Organization","@id":"https:\/\/legitgrams.com\/#organization","name":"Leg\u00e1ln\u00ed gramy","url":"https:\/\/legitgrams.com\/","logo":{"@type":"ImageObject","inLanguage":"cs","@id":"https:\/\/legitgrams.com\/#\/schema\/logo\/image\/","url":"https:\/\/legitgrams.com\/wp-content\/uploads\/2024\/09\/main-logo.png","contentUrl":"https:\/\/legitgrams.com\/wp-content\/uploads\/2024\/09\/main-logo.png","width":270,"height":75,"caption":"Legit Grams"},"image":{"@id":"https:\/\/legitgrams.com\/#\/schema\/logo\/image\/"}}]}},"uagb_featured_image_src":{"full":["https:\/\/legitgrams.com\/wp-content\/uploads\/2024\/09\/buy-white-girl-bath-salt-online.jpg",600,600,false],"thumbnail":["https:\/\/legitgrams.com\/wp-content\/uploads\/2024\/09\/buy-white-girl-bath-salt-online-150x150.jpg",150,150,true],"medium":["https:\/\/legitgrams.com\/wp-content\/uploads\/2024\/09\/buy-white-girl-bath-salt-online-300x300.jpg",300,300,true],"medium_large":["https:\/\/legitgrams.com\/wp-content\/uploads\/2024\/09\/buy-white-girl-bath-salt-online.jpg",600,600,false],"large":["https:\/\/legitgrams.com\/wp-content\/uploads\/2024\/09\/buy-white-girl-bath-salt-online.jpg",600,600,false],"1536x1536":["https:\/\/legitgrams.com\/wp-content\/uploads\/2024\/09\/buy-white-girl-bath-salt-online.jpg",600,600,false],"2048x2048":["https:\/\/legitgrams.com\/wp-content\/uploads\/2024\/09\/buy-white-girl-bath-salt-online.jpg",600,600,false],"trp-custom-language-flag":["https:\/\/legitgrams.com\/wp-content\/uploads\/2024\/09\/buy-white-girl-bath-salt-online-12x12.jpg",12,12,true],"woocommerce_thumbnail":["https:\/\/legitgrams.com\/wp-content\/uploads\/2024\/09\/buy-white-girl-bath-salt-online-300x300.jpg",300,300,true],"woocommerce_single":["https:\/\/legitgrams.com\/wp-content\/uploads\/2024\/09\/buy-white-girl-bath-salt-online.jpg",600,600,false],"woocommerce_gallery_thumbnail":["https:\/\/legitgrams.com\/wp-content\/uploads\/2024\/09\/buy-white-girl-bath-salt-online-100x100.jpg",100,100,true]},"uagb_author_info":{"display_name":"cokeblog18","author_link":"https:\/\/legitgrams.com\/cs\/author\/"},"uagb_comment_info":0,"uagb_excerpt":"For Sale: White Girl Bath Salt Our bath salts have a strong scent! Increasing the level of excitement, vigor, and exhilaration in your bath is the aim of White Girl Bath Salts. A small amount of anything can have a big effect. Conversely, adding a tiny feature to a hot tub would naturally soften the&hellip;","_links":{"self":[{"href":"https:\/\/legitgrams.com\/cs\/wp-json\/wp\/v2\/product\/3949","targetHints":{"allow":["GET"]}}],"collection":[{"href":"https:\/\/legitgrams.com\/cs\/wp-json\/wp\/v2\/product"}],"about":[{"href":"https:\/\/legitgrams.com\/cs\/wp-json\/wp\/v2\/types\/product"}],"replies":[{"embeddable":true,"href":"https:\/\/legitgrams.com\/cs\/wp-json\/wp\/v2\/comments?post=3949"}],"wp:featuredmedia":[{"embeddable":true,"href":"https:\/\/legitgrams.com\/cs\/wp-json\/wp\/v2\/media\/5321"}],"wp:attachment":[{"href":"https:\/\/legitgrams.com\/cs\/wp-json\/wp\/v2\/media?parent=3949"}],"wp:term":[{"taxonomy":"product_brand","embeddable":true,"href":"https:\/\/legitgrams.com\/cs\/wp-json\/wp\/v2\/product_brand?post=3949"},{"taxonomy":"product_cat","embeddable":true,"href":"https:\/\/legitgrams.com\/cs\/wp-json\/wp\/v2\/product_cat?post=3949"},{"taxonomy":"product_tag","embeddable":true,"href":"https:\/\/legitgrams.com\/cs\/wp-json\/wp\/v2\/product_tag?post=3949"}],"curies":[{"name":"wp","href":"https:\/\/api.w.org\/{rel}","templated":true}]}}