{"id":3961,"date":"2024-09-21T05:10:45","date_gmt":"2024-09-21T05:10:45","guid":{"rendered":"https:\/\/legitgrams.com\/?post_type=product&#038;p=3961"},"modified":"2025-01-13T11:09:28","modified_gmt":"2025-01-13T11:09:28","slug":"prasek-klonazolamu","status":"publish","type":"product","link":"https:\/\/legitgrams.com\/cs\/produkt\/prasek-klonazolamu\/","title":{"rendered":"Pr\u00e1\u0161ek klonazolamu"},"content":{"rendered":"<h2>Na prodej: Clonazolam Powder<\/h2>\n<p><a href=\"https:\/\/legitgrams.com\/cs\/produkt\/prasek-klonazolamu\/\">Klonazolamov\u00fd pr\u00e1\u0161ek<\/a> je \u010dlenem benzodiazepinov\u00e9 t\u0159\u00eddy profesion\u00e1ln\u00edch l\u00e9k\u016f, kter\u00e9 se pou\u017e\u00edvaj\u00ed z \u0159ady d\u016fvod\u016f a u \u0159ady onemocn\u011bn\u00ed. V roce 1971 byl poprv\u00e9 vyvinut jako designov\u00fd l\u00e9k. Jeho jedine\u010dn\u00e9 vlastnosti z n\u011bj v posledn\u00edch letech ud\u011blaly jednu z celosv\u011btov\u011b nejpou\u017e\u00edvan\u011bj\u0161\u00edch drog. V dne\u0161n\u00ed dob\u011b se pou\u017e\u00edv\u00e1 jako chemik\u00e1lie pro v\u00fdzkum a l\u00e9\u010dbu r\u016fzn\u00fdch onemocn\u011bn\u00ed.<\/p>\n<h3>Jak funguje klonazolamov\u00fd pr\u00e1\u0161ek<\/h3>\n<p><a href=\"https:\/\/en.wikipedia.org\/wiki\/Clonazolam\">Klonazolam<\/a> pr\u00e1\u0161ek je psychoaktivn\u00ed slo\u017eka, kter\u00e1 funguje podobn\u011b jako v\u0161echna tato prol\u00e9\u010diva, stejn\u011b jako ostatn\u00ed benzodiazepiny. M\u00e1 v\u011bt\u0161\u00ed potenci\u00e1l ne\u017e ostatn\u00ed prol\u00e9\u010diva v benzodiazepinov\u00e9 \u0159ad\u011b.<\/p>\n<p>Funguje stejn\u011b jako v\u0161echny prol\u00e9\u010diva, ale d\u011bl\u00e1 to rychleji ne\u017e kter\u00e9koli z prol\u00e9\u010div v t\u00e9to rodin\u011b nebo v jak\u00e9koli jin\u00e9. Funguje tak, \u017ee m\u00e1 p\u0159\u00edm\u00fd dopad na neurotransmiterov\u00fd syst\u00e9m lidsk\u00e9ho mozku.<\/p>\n<p>Schopnost n\u011bkter\u00fdch konkr\u00e9tn\u00edch slou\u010denin vykon\u00e1vat p\u0159\u00edslu\u0161nou funkci je touto metodou zv\u00fd\u0161ena. To podporuje klidn\u00fd sp\u00e1nek, kter\u00fd napom\u00e1h\u00e1 svalov\u00e9 relaxaci. <a href=\"https:\/\/legitgrams.com\/cs\/\">LegitGrams<\/a><\/p>\n<p>Klonazolamov\u00fd pr\u00e1\u0161ek poskytuje t\u011blu zbytek, kter\u00fd pot\u0159ebuje. T\u00e9m\u011b\u0159 ka\u017ed\u00fd l\u00e9ka\u0159 jej pou\u017e\u00edv\u00e1 p\u0159i l\u00e9\u010db\u011b pacienta, kter\u00fd m\u00e1 probl\u00e9my se sp\u00e1nkem. Krom\u011b toho l\u00e9ka\u0159i pou\u017e\u00edvaj\u00ed tento p\u0159\u00edstup k tomu, aby jejich chirurgick\u00e9 pacienty upadly do bezv\u011bdom\u00ed.<\/p>\n<p>Toto prol\u00e9\u010divo tak\u00e9 pom\u00e1h\u00e1 l\u00e9ka\u0159\u016fm zabr\u00e1nit pacient\u016fm v u\u017e\u00edv\u00e1n\u00ed dal\u0161\u00edch l\u00e9k\u016f. Prost\u0159ednictv\u00edm \u0159ady proces\u016f m\u016f\u017ee b\u00fdt alkohol dokonce odstran\u011bn z cel\u00e9ho t\u011bla. Klonazolam je skv\u011bl\u00fd l\u00e9k, ale pouze pokud je u\u017e\u00edv\u00e1n podle pokyn\u016f l\u00e9ka\u0159e a v souladu s po\u017eadavky t\u011bla.<\/p>\n<p>Dlouhodob\u00e9 u\u017e\u00edv\u00e1n\u00ed pr\u00e1\u0161ku klonazolamu je \u0161kodliv\u00e9 pro lidsk\u00e9 zdrav\u00ed. Mohlo by to m\u00edt vliv na neuron\u00e1ln\u00ed syst\u00e9m mozku a v\u00e1\u017en\u011b po\u0161kodit lidsk\u00e9 zdrav\u00ed.<\/p>\n<p>Na\u0161e internetov\u00e1 l\u00e9k\u00e1rna nab\u00edz\u00ed klonazolam za mimo\u0159\u00e1dn\u011b n\u00edzk\u00e9 ceny. Na\u0161e firma tak\u00e9 nab\u00edz\u00ed slu\u017ebu rychl\u00e9 expedice zbo\u017e\u00ed.<\/p>","protected":false},"excerpt":{"rendered":"<p>For Sale: Clonazolam Powder Clonazolam powder is a member of the benzodiazepine class of professional drugs, which are used for a number of reasons and in a number of illnesses. In 1971, it was first developed as a designer drug. Its unique characteristics have made it one of the most widely used drugs worldwide in &hellip;<\/p>\n<p class=\"read-more\"> <a class=\"\" href=\"https:\/\/legitgrams.com\/cs\/produkt\/prasek-klonazolamu\/\"> <span class=\"screen-reader-text\">Pr\u00e1\u0161ek klonazolamu<\/span> \u010c\u00edst d\u00e1l \"<\/a><\/p>","protected":false},"featured_media":5271,"comment_status":"open","ping_status":"closed","template":"","meta":{"_uag_custom_page_level_css":"","site-sidebar-layout":"default","site-content-layout":"default","ast-global-header-display":"","ast-main-header-display":"","ast-hfb-above-header-display":"","ast-hfb-below-header-display":"","ast-hfb-mobile-header-display":"","site-post-title":"","ast-breadcrumbs-content":"","ast-featured-img":"","footer-sml-layout":"","theme-transparent-header-meta":"default","adv-header-id-meta":"","stick-header-meta":"default","header-above-stick-meta":"","header-main-stick-meta":"","header-below-stick-meta":"","_joinchat":[]},"product_brand":[],"product_cat":[600],"product_tag":[3475,3465,617,3457,3472,3456,3460,3459,3467,3458,3468,3470,3477,3478,3476,3473,3469,3464,3462,3474,3471,625,3463,3466,3461],"class_list":{"0":"post-3961","1":"product","2":"type-product","3":"status-publish","4":"has-post-thumbnail","6":"product_cat-research-chemicals-and-bath-salt","7":"product_tag-best-cheap-price-clonazolam-powder","8":"product_tag-best-place-to-buy-clonazolam-powder","9":"product_tag-bulk-online","10":"product_tag-buy-clonazolam-powder","11":"product_tag-cheap-clonazolam-powder","12":"product_tag-clonazolam-powder","13":"product_tag-clonazolam-powder-clonazolam-powder-supplier","14":"product_tag-clonazolam-powder-for-sale","15":"product_tag-clonazolam-powder-legally","16":"product_tag-clonazolam-powder-online","17":"product_tag-clonazolam-powder-price","18":"product_tag-clonazolam-powder-store","19":"product_tag-clonazolam-powder-use","20":"product_tag-clonazolam-powder-wiki","21":"product_tag-clonazolam-powder-worldwide","22":"product_tag-clonazolam-powders","23":"product_tag-high-quality-clonazolam-powder","24":"product_tag-how-to-buy-clonazolam-powder","25":"product_tag-order-clonazolam-powder","26":"product_tag-purcharse-clonazolam-powder","27":"product_tag-shop-clonazolam-powder","28":"product_tag-top-quality","29":"product_tag-where-to-buy-clonazolam-powder","30":"product_tag-where-to-order-clonazolam-powder","31":"product_tag-wholesale-clonazolam-powder","32":"desktop-align-left","33":"tablet-align-left","34":"mobile-align-left","35":"ast-product-gallery-layout-horizontal","36":"ast-product-gallery-with-no-image","37":"ast-product-single-variable","38":"ast-product-tabs-layout-horizontal","39":"ast-qv-on-image","41":"first","42":"instock","43":"featured","44":"shipping-taxable","45":"purchasable","46":"product-type-variable"},"yoast_head":"<!-- This site is optimized with the Yoast SEO plugin v25.9 - https:\/\/yoast.com\/wordpress\/plugins\/seo\/ -->\n<title>Clonazolam Powder for Sale - Order Clonazolam Powder Online<\/title>\n<meta name=\"description\" content=\"Clonazolam Powder for sale is now easily available at our online store. You can connect directly with our chemicals store and buy Clonazolam Powder online at the best prices.\" \/>\n<meta name=\"robots\" content=\"index, follow, max-snippet:-1, max-image-preview:large, max-video-preview:-1\" \/>\n<link rel=\"canonical\" href=\"https:\/\/legitgrams.com\/cs\/produkt\/prasek-klonazolamu\/\" \/>\n<meta property=\"og:locale\" content=\"cs_CZ\" \/>\n<meta property=\"og:type\" content=\"article\" \/>\n<meta property=\"og:title\" content=\"Clonazolam Powder for Sale - Order Clonazolam Powder Online\" \/>\n<meta property=\"og:description\" content=\"Clonazolam Powder for sale is now easily available at our online store. You can connect directly with our chemicals store and buy Clonazolam Powder online at the best prices.\" \/>\n<meta property=\"og:url\" content=\"https:\/\/legitgrams.com\/cs\/produkt\/prasek-klonazolamu\/\" \/>\n<meta property=\"og:site_name\" content=\"Legit Grams\" \/>\n<meta property=\"article:modified_time\" content=\"2025-01-13T11:09:28+00:00\" \/>\n<meta property=\"og:image\" content=\"https:\/\/legitgrams.com\/wp-content\/uploads\/2024\/09\/Buy-cheap-clonazolam-powder-online.jpg\" \/>\n\t<meta property=\"og:image:width\" content=\"600\" \/>\n\t<meta property=\"og:image:height\" content=\"600\" \/>\n\t<meta property=\"og:image:type\" content=\"image\/jpeg\" \/>\n<meta name=\"twitter:card\" content=\"summary_large_image\" \/>\n<meta name=\"twitter:label1\" content=\"Odhadovan\u00e1 doba \u010dten\u00ed\" \/>\n\t<meta name=\"twitter:data1\" content=\"2 minuty\" \/>\n<script type=\"application\/ld+json\" class=\"yoast-schema-graph\">{\"@context\":\"https:\/\/schema.org\",\"@graph\":[{\"@type\":\"WebPage\",\"@id\":\"https:\/\/legitgrams.com\/product\/clonazolam-powder\/\",\"url\":\"https:\/\/legitgrams.com\/product\/clonazolam-powder\/\",\"name\":\"Clonazolam Powder for Sale - Order Clonazolam Powder Online\",\"isPartOf\":{\"@id\":\"https:\/\/legitgrams.com\/#website\"},\"primaryImageOfPage\":{\"@id\":\"https:\/\/legitgrams.com\/product\/clonazolam-powder\/#primaryimage\"},\"image\":{\"@id\":\"https:\/\/legitgrams.com\/product\/clonazolam-powder\/#primaryimage\"},\"thumbnailUrl\":\"https:\/\/legitgrams.com\/wp-content\/uploads\/2024\/09\/Buy-cheap-clonazolam-powder-online.jpg\",\"datePublished\":\"2024-09-21T05:10:45+00:00\",\"dateModified\":\"2025-01-13T11:09:28+00:00\",\"description\":\"Clonazolam Powder for sale is now easily available at our online store. You can connect directly with our chemicals store and buy Clonazolam Powder online at the best prices.\",\"breadcrumb\":{\"@id\":\"https:\/\/legitgrams.com\/product\/clonazolam-powder\/#breadcrumb\"},\"inLanguage\":\"cs\",\"potentialAction\":[{\"@type\":\"ReadAction\",\"target\":[\"https:\/\/legitgrams.com\/product\/clonazolam-powder\/\"]}]},{\"@type\":\"ImageObject\",\"inLanguage\":\"cs\",\"@id\":\"https:\/\/legitgrams.com\/product\/clonazolam-powder\/#primaryimage\",\"url\":\"https:\/\/legitgrams.com\/wp-content\/uploads\/2024\/09\/Buy-cheap-clonazolam-powder-online.jpg\",\"contentUrl\":\"https:\/\/legitgrams.com\/wp-content\/uploads\/2024\/09\/Buy-cheap-clonazolam-powder-online.jpg\",\"width\":600,\"height\":600,\"caption\":\"Clonazolam Powder for Sale\"},{\"@type\":\"BreadcrumbList\",\"@id\":\"https:\/\/legitgrams.com\/product\/clonazolam-powder\/#breadcrumb\",\"itemListElement\":[{\"@type\":\"ListItem\",\"position\":1,\"name\":\"Home\",\"item\":\"https:\/\/legitgrams.com\/\"},{\"@type\":\"ListItem\",\"position\":2,\"name\":\"Shop\",\"item\":\"https:\/\/legitgrams.com\/shop\/\"},{\"@type\":\"ListItem\",\"position\":3,\"name\":\"Clonazolam Powder\"}]},{\"@type\":\"WebSite\",\"@id\":\"https:\/\/legitgrams.com\/#website\",\"url\":\"https:\/\/legitgrams.com\/\",\"name\":\"Legit Grams\",\"description\":\"My WordPress Blog\",\"publisher\":{\"@id\":\"https:\/\/legitgrams.com\/#organization\"},\"potentialAction\":[{\"@type\":\"SearchAction\",\"target\":{\"@type\":\"EntryPoint\",\"urlTemplate\":\"https:\/\/legitgrams.com\/?s={search_term_string}\"},\"query-input\":{\"@type\":\"PropertyValueSpecification\",\"valueRequired\":true,\"valueName\":\"search_term_string\"}}],\"inLanguage\":\"cs\"},{\"@type\":\"Organization\",\"@id\":\"https:\/\/legitgrams.com\/#organization\",\"name\":\"Legit Grams\",\"url\":\"https:\/\/legitgrams.com\/\",\"logo\":{\"@type\":\"ImageObject\",\"inLanguage\":\"cs\",\"@id\":\"https:\/\/legitgrams.com\/#\/schema\/logo\/image\/\",\"url\":\"https:\/\/legitgrams.com\/wp-content\/uploads\/2024\/09\/main-logo.png\",\"contentUrl\":\"https:\/\/legitgrams.com\/wp-content\/uploads\/2024\/09\/main-logo.png\",\"width\":270,\"height\":75,\"caption\":\"Legit Grams\"},\"image\":{\"@id\":\"https:\/\/legitgrams.com\/#\/schema\/logo\/image\/\"}}]}<\/script>\n<!-- \/ Yoast SEO plugin. -->","yoast_head_json":{"title":"Klonazolamov\u00fd pr\u00e1\u0161ek na prodej - objednat klonazolamov\u00fd pr\u00e1\u0161ek online","description":"Clonazolam pr\u00e1\u0161ek na prodej je nyn\u00ed snadno dostupn\u00fd v na\u0161em internetov\u00e9m obchod\u011b. M\u016f\u017eete se spojit p\u0159\u00edmo s na\u0161\u00edm obchodem s chemik\u00e1liemi a koupit Clonazolam Powder online za nejlep\u0161\u00ed ceny.","robots":{"index":"index","follow":"follow","max-snippet":"max-snippet:-1","max-image-preview":"max-image-preview:large","max-video-preview":"max-video-preview:-1"},"canonical":"https:\/\/legitgrams.com\/cs\/produkt\/prasek-klonazolamu\/","og_locale":"cs_CZ","og_type":"article","og_title":"Clonazolam Powder for Sale - Order Clonazolam Powder Online","og_description":"Clonazolam Powder for sale is now easily available at our online store. You can connect directly with our chemicals store and buy Clonazolam Powder online at the best prices.","og_url":"https:\/\/legitgrams.com\/cs\/produkt\/prasek-klonazolamu\/","og_site_name":"Legit Grams","article_modified_time":"2025-01-13T11:09:28+00:00","og_image":[{"width":600,"height":600,"url":"https:\/\/legitgrams.com\/wp-content\/uploads\/2024\/09\/Buy-cheap-clonazolam-powder-online.jpg","type":"image\/jpeg"}],"twitter_card":"summary_large_image","twitter_misc":{"Odhadovan\u00e1 doba \u010dten\u00ed":"2 minuty"},"schema":{"@context":"https:\/\/schema.org","@graph":[{"@type":"WebPage","@id":"https:\/\/legitgrams.com\/product\/clonazolam-powder\/","url":"https:\/\/legitgrams.com\/product\/clonazolam-powder\/","name":"Klonazolamov\u00fd pr\u00e1\u0161ek na prodej - objednat klonazolamov\u00fd pr\u00e1\u0161ek online","isPartOf":{"@id":"https:\/\/legitgrams.com\/#website"},"primaryImageOfPage":{"@id":"https:\/\/legitgrams.com\/product\/clonazolam-powder\/#primaryimage"},"image":{"@id":"https:\/\/legitgrams.com\/product\/clonazolam-powder\/#primaryimage"},"thumbnailUrl":"https:\/\/legitgrams.com\/wp-content\/uploads\/2024\/09\/Buy-cheap-clonazolam-powder-online.jpg","datePublished":"2024-09-21T05:10:45+00:00","dateModified":"2025-01-13T11:09:28+00:00","description":"Clonazolam pr\u00e1\u0161ek na prodej je nyn\u00ed snadno dostupn\u00fd v na\u0161em internetov\u00e9m obchod\u011b. M\u016f\u017eete se spojit p\u0159\u00edmo s na\u0161\u00edm obchodem s chemik\u00e1liemi a koupit Clonazolam Powder online za nejlep\u0161\u00ed ceny.","breadcrumb":{"@id":"https:\/\/legitgrams.com\/product\/clonazolam-powder\/#breadcrumb"},"inLanguage":"cs","potentialAction":[{"@type":"ReadAction","target":["https:\/\/legitgrams.com\/product\/clonazolam-powder\/"]}]},{"@type":"ImageObject","inLanguage":"cs","@id":"https:\/\/legitgrams.com\/product\/clonazolam-powder\/#primaryimage","url":"https:\/\/legitgrams.com\/wp-content\/uploads\/2024\/09\/Buy-cheap-clonazolam-powder-online.jpg","contentUrl":"https:\/\/legitgrams.com\/wp-content\/uploads\/2024\/09\/Buy-cheap-clonazolam-powder-online.jpg","width":600,"height":600,"caption":"Clonazolam Powder for Sale"},{"@type":"BreadcrumbList","@id":"https:\/\/legitgrams.com\/product\/clonazolam-powder\/#breadcrumb","itemListElement":[{"@type":"ListItem","position":1,"name":"Home","item":"https:\/\/legitgrams.com\/"},{"@type":"ListItem","position":2,"name":"Shop","item":"https:\/\/legitgrams.com\/shop\/"},{"@type":"ListItem","position":3,"name":"Clonazolam Powder"}]},{"@type":"WebSite","@id":"https:\/\/legitgrams.com\/#website","url":"https:\/\/legitgrams.com\/","name":"Leg\u00e1ln\u00ed gramy","description":"M\u016fj blog WordPress","publisher":{"@id":"https:\/\/legitgrams.com\/#organization"},"potentialAction":[{"@type":"SearchAction","target":{"@type":"EntryPoint","urlTemplate":"https:\/\/legitgrams.com\/?s={search_term_string}"},"query-input":{"@type":"PropertyValueSpecification","valueRequired":true,"valueName":"search_term_string"}}],"inLanguage":"cs"},{"@type":"Organization","@id":"https:\/\/legitgrams.com\/#organization","name":"Leg\u00e1ln\u00ed gramy","url":"https:\/\/legitgrams.com\/","logo":{"@type":"ImageObject","inLanguage":"cs","@id":"https:\/\/legitgrams.com\/#\/schema\/logo\/image\/","url":"https:\/\/legitgrams.com\/wp-content\/uploads\/2024\/09\/main-logo.png","contentUrl":"https:\/\/legitgrams.com\/wp-content\/uploads\/2024\/09\/main-logo.png","width":270,"height":75,"caption":"Legit Grams"},"image":{"@id":"https:\/\/legitgrams.com\/#\/schema\/logo\/image\/"}}]}},"uagb_featured_image_src":{"full":["https:\/\/legitgrams.com\/wp-content\/uploads\/2024\/09\/Buy-cheap-clonazolam-powder-online.jpg",600,600,false],"thumbnail":["https:\/\/legitgrams.com\/wp-content\/uploads\/2024\/09\/Buy-cheap-clonazolam-powder-online-150x150.jpg",150,150,true],"medium":["https:\/\/legitgrams.com\/wp-content\/uploads\/2024\/09\/Buy-cheap-clonazolam-powder-online-300x300.jpg",300,300,true],"medium_large":["https:\/\/legitgrams.com\/wp-content\/uploads\/2024\/09\/Buy-cheap-clonazolam-powder-online.jpg",600,600,false],"large":["https:\/\/legitgrams.com\/wp-content\/uploads\/2024\/09\/Buy-cheap-clonazolam-powder-online.jpg",600,600,false],"1536x1536":["https:\/\/legitgrams.com\/wp-content\/uploads\/2024\/09\/Buy-cheap-clonazolam-powder-online.jpg",600,600,false],"2048x2048":["https:\/\/legitgrams.com\/wp-content\/uploads\/2024\/09\/Buy-cheap-clonazolam-powder-online.jpg",600,600,false],"trp-custom-language-flag":["https:\/\/legitgrams.com\/wp-content\/uploads\/2024\/09\/Buy-cheap-clonazolam-powder-online-12x12.jpg",12,12,true],"woocommerce_thumbnail":["https:\/\/legitgrams.com\/wp-content\/uploads\/2024\/09\/Buy-cheap-clonazolam-powder-online-300x300.jpg",300,300,true],"woocommerce_single":["https:\/\/legitgrams.com\/wp-content\/uploads\/2024\/09\/Buy-cheap-clonazolam-powder-online.jpg",600,600,false],"woocommerce_gallery_thumbnail":["https:\/\/legitgrams.com\/wp-content\/uploads\/2024\/09\/Buy-cheap-clonazolam-powder-online-100x100.jpg",100,100,true]},"uagb_author_info":{"display_name":"cokeblog18","author_link":"https:\/\/legitgrams.com\/cs\/author\/"},"uagb_comment_info":1,"uagb_excerpt":"For Sale: Clonazolam Powder Clonazolam powder is a member of the benzodiazepine class of professional drugs, which are used for a number of reasons and in a number of illnesses. In 1971, it was first developed as a designer drug. Its unique characteristics have made it one of the most widely used drugs worldwide in&hellip;","_links":{"self":[{"href":"https:\/\/legitgrams.com\/cs\/wp-json\/wp\/v2\/product\/3961","targetHints":{"allow":["GET"]}}],"collection":[{"href":"https:\/\/legitgrams.com\/cs\/wp-json\/wp\/v2\/product"}],"about":[{"href":"https:\/\/legitgrams.com\/cs\/wp-json\/wp\/v2\/types\/product"}],"replies":[{"embeddable":true,"href":"https:\/\/legitgrams.com\/cs\/wp-json\/wp\/v2\/comments?post=3961"}],"wp:featuredmedia":[{"embeddable":true,"href":"https:\/\/legitgrams.com\/cs\/wp-json\/wp\/v2\/media\/5271"}],"wp:attachment":[{"href":"https:\/\/legitgrams.com\/cs\/wp-json\/wp\/v2\/media?parent=3961"}],"wp:term":[{"taxonomy":"product_brand","embeddable":true,"href":"https:\/\/legitgrams.com\/cs\/wp-json\/wp\/v2\/product_brand?post=3961"},{"taxonomy":"product_cat","embeddable":true,"href":"https:\/\/legitgrams.com\/cs\/wp-json\/wp\/v2\/product_cat?post=3961"},{"taxonomy":"product_tag","embeddable":true,"href":"https:\/\/legitgrams.com\/cs\/wp-json\/wp\/v2\/product_tag?post=3961"}],"curies":[{"name":"wp","href":"https:\/\/api.w.org\/{rel}","templated":true}]}}