{"id":3962,"date":"2024-09-21T05:19:45","date_gmt":"2024-09-21T05:19:45","guid":{"rendered":"https:\/\/legitgrams.com\/?post_type=product&#038;p=3962"},"modified":"2025-01-14T09:47:20","modified_gmt":"2025-01-14T09:47:20","slug":"methoxetamin-mxe-prasek","status":"publish","type":"product","link":"https:\/\/legitgrams.com\/cs\/produkt\/methoxetamin-mxe-prasek\/","title":{"rendered":"Methoxetamin MXE pr\u00e1\u0161ek"},"content":{"rendered":"<h2>Kupte si vysoce kvalitn\u00ed methoxetaminov\u00fd pr\u00e1\u0161ek online<\/h2>\n<p>Methoxetamin, kter\u00fd je propagov\u00e1n jako m\u00f3dn\u00ed dopln\u011bk, je stimulant, kter\u00fd vyvol\u00e1v\u00e1 disociaci a je kondenzov\u00e1n jako MXE. Na rozd\u00edl od \u0159ady disociativ, jako je fencyklidin (PCP) a ketamin, kter\u00e9 byly vytvo\u0159eny jako l\u00e9ky pro pou\u017eit\u00ed jako obecn\u00e1 sedativa, byl navr\u017een tak, aby byl distribuov\u00e1n neleg\u00e1ln\u011b. Koupit Methoxetamin online<\/p>\n<p><a href=\"https:\/\/legitgrams.com\/cs\/produkt\/methoxetamin-mxe-prasek\/\">MXE<\/a> P\u0159edpokl\u00e1d\u00e1 se, \u017ee m\u00e1 \u00fa\u010dinek podobn\u00fd \u00fa\u010dinku ketaminu. \u0160iroce se p\u0159edpokl\u00e1dalo, \u017ee m\u00e1 narkotick\u00e9 vlastnosti kv\u016fli jeho prim\u00e1rn\u00ed podobnosti s 3-HO-PCP; nicm\u00e9n\u011b v\u00fdzkum ukazuje, \u017ee molekula m\u00e1 zanedbatelnou afinitu k \u00b5-narkotick\u00e9mu receptoru. Rekrea\u010dn\u00ed pou\u017eit\u00ed bylo spojeno s hospitalizacemi v USA a Velk\u00e9 Brit\u00e1nii kv\u016fli nadm\u011brn\u00e9mu a kombinovan\u00e9mu pou\u017e\u00edv\u00e1n\u00ed MXE. T\u0159i akutn\u00ed klinick\u00e9 p\u0159\u00edpady intenzivn\u00edho reverzibiln\u00edho poran\u011bn\u00ed moze\u010dku byly spojeny s potvrzen\u00edm p\u0159ed\u00e1vkov\u00e1n\u00ed MXE a toto po\u0161kozen\u00ed p\u0159etrv\u00e1v\u00e1 jeden a\u017e \u010dty\u0159i dny po prezentaci.<\/p>\n<p>C\u00edlem vytvo\u0159en\u00ed MXE bylo zm\u00edrnit n\u011bkter\u00e9 urotoxicity spojen\u00e9 se zneu\u017eit\u00edm ketaminu. Vy\u0161\u0161\u00ed \u00fa\u010dinnost slou\u010deniny a sn\u00ed\u017een\u00fd objem m\u011bly zabr\u00e1nit hromad\u011bn\u00ed urotoxick\u00fdch metabolit\u016f v mo\u010dov\u00e9m m\u011bch\u00fd\u0159i.<\/p>\n<p>Bylo prok\u00e1z\u00e1no, \u017ee MXE vyvol\u00e1v\u00e1 u potkan\u016f z\u00e1n\u011bt mo\u010dov\u00e9ho m\u011bch\u00fd\u0159e a fibr\u00f3zu, pokud je pod\u00e1v\u00e1n ve vysok\u00fdch d\u00e1vk\u00e1ch po del\u0161\u00ed dobu, podobn\u011b jako ketamin (i kdy\u017e pou\u017eit\u00e9 d\u00e1vky byly velmi velk\u00e9). V sou\u010dasn\u00e9 dob\u011b nejsou v klinick\u00e9 literatu\u0159e \u017e\u00e1dn\u00e9 zpr\u00e1vy o urotoxicit\u011b u lid\u00ed. MXE je k dispozici ke koupi online. V prodeji je jak tekut\u00e9 kadidlo K2, tak tekut\u00e9 bylinn\u00e9 kadidlo K2.<\/p>\n<p>L\u00e1tkov\u00e1 rovnice metoxetaminu odhalila, \u017ee jeho \u00fa\u010dinky mohou b\u00fdt do zna\u010dn\u00e9 m\u00edry stejn\u00e9 jako \u00fa\u010dinky PCP a ketaminu. Farmakologie t\u00e9to slou\u010deniny m\u016f\u017ee tak\u00e9 zahrnovat inhibici zp\u011btn\u00e9ho vychyt\u00e1v\u00e1n\u00ed dopaminu dopaminov\u00fdm p\u0159ena\u0161e\u010dem, \u010d\u00edm\u017e j\u00ed prop\u016fj\u010duje analgetick\u00e9 a anxiolytick\u00e9 \u00fa\u010dinky. Methoxetamine for sale, koupit mxe, koupit mxe online, kde koupit mxe, koupit mxe, objednat mxe online<\/p>\n<p>Vezm\u011bte pros\u00edm na v\u011bdom\u00ed, \u017ee methylfenid\u00e1t lze koncentrovat pouze ve specifick\u00fdch laboratorn\u00edch podm\u00ednk\u00e1ch a \u017ee pokusy na \u017eiv\u00fdch zv\u00ed\u0159atech nejsou pro studie in vivo povoleny.<\/p>\n<p>N\u00e1kup vysoce kvalitn\u00edho methylfenid\u00e1tu <a href=\"https:\/\/en.wikipedia.org\/wiki\/Metizolam\">MXE<\/a> pr\u00e1\u0161ek online, - n\u00e1kup vysoce kvalitn\u00edho pr\u00e1\u0161ku MXE, n\u00e1kup vysoce kvalitn\u00edho pr\u00e1\u0161ku MXE usa, n\u00e1kup vysoce kvalitn\u00edho pr\u00e1\u0161ku MXE online USA, kde koupit vysoce kvalitn\u00ed pr\u00e1\u0161ek MXE, vysoce kvalitn\u00ed pr\u00e1\u0161ek MXE na prodej, vysoce kvalitn\u00ed pr\u00e1\u0161ek MXE na prodej v okol\u00ed, n\u00e1kup vysoce kvalitn\u00edho pr\u00e1\u0161ku MXE online v m\u00e9 bl\u00edzkosti, kde koupit vysoce kvalitn\u00ed pr\u00e1\u0161ek MXE online, Vysoce kvalitn\u00ed MXE pr\u00e1\u0161ek na prodej v USA, Kanad\u011b, Velk\u00e9 Brit\u00e1nii, koupit, online, dodavatel\u00e9, bezpe\u010dn\u00e9 dod\u00e1n\u00ed, St\u00e1le m\u016f\u017eete z\u00edskat vysoce kvalitn\u00ed MXE pr\u00e1\u0161ek, Jak z\u00edskat kvalitn\u00ed methoxetamin MXE pr\u00e1\u0161ek, Je kvalitn\u00ed methoxetamin MXE pr\u00e1\u0161ek leg\u00e1ln\u00ed v Kanad\u011b, Mohu si koupit kvalitn\u00ed methoxetamin MXE pr\u00e1\u0161ek online ve Spojen\u00fdch st\u00e1tech? <a href=\"https:\/\/legitgrams.com\/cs\/\">LegitGrams<\/a><\/p>","protected":false},"excerpt":{"rendered":"<p>Purchase High-Grade Methoxetamine Powder Online Methoxetamine, which is promoted as a fashion accessory, is a stimulant that produces dissociation and is condensed as MXE. In contrast to a number of dissociatives, like phencyclidine (PCP) and ketamine, which were created as medications for use as general sedatives, it was designed to be distributed illegally. Purchase Methoxetamine &hellip;<\/p>\n<p class=\"read-more\"> <a class=\"\" href=\"https:\/\/legitgrams.com\/cs\/produkt\/methoxetamin-mxe-prasek\/\"> <span class=\"screen-reader-text\">Methoxetamin MXE pr\u00e1\u0161ek<\/span> \u010c\u00edst d\u00e1l \"<\/a><\/p>","protected":false},"featured_media":5326,"comment_status":"open","ping_status":"closed","template":"","meta":{"_uag_custom_page_level_css":"","site-sidebar-layout":"default","site-content-layout":"default","ast-global-header-display":"","ast-main-header-display":"","ast-hfb-above-header-display":"","ast-hfb-below-header-display":"","ast-hfb-mobile-header-display":"","site-post-title":"","ast-breadcrumbs-content":"","ast-featured-img":"","footer-sml-layout":"","theme-transparent-header-meta":"default","adv-header-id-meta":"","stick-header-meta":"default","header-above-stick-meta":"","header-main-stick-meta":"","header-below-stick-meta":"","_joinchat":[]},"product_brand":[],"product_cat":[600],"product_tag":[3452,3442,617,3434,3449,3446,3441,3433,3436,3444,3437,3435,3445,3447,3454,3455,3453,3450,3439,3451,3448,625,3440,3443,3438],"class_list":{"0":"post-3962","1":"product","2":"type-product","3":"status-publish","4":"has-post-thumbnail","6":"product_cat-research-chemicals-and-bath-salt","7":"product_tag-best-cheap-price-methoxetamine-mxe-powder","8":"product_tag-best-place-to-buy-methoxetamine-mxe-powder","9":"product_tag-bulk-online","10":"product_tag-buy-methoxetamine-mxe-powder","11":"product_tag-cheap-methoxetamine-mxe-powder","12":"product_tag-high-quality-methoxetamine-mxe-powder","13":"product_tag-how-to-buy-methoxetamine-mxe-powder","14":"product_tag-methoxetamine-mxe-powder","15":"product_tag-methoxetamine-mxe-powder-for-sale","16":"product_tag-methoxetamine-mxe-powder-legally","17":"product_tag-methoxetamine-mxe-powder-methoxetamine-mxe-powder-supplier","18":"product_tag-methoxetamine-mxe-powder-online","19":"product_tag-methoxetamine-mxe-powder-price","20":"product_tag-methoxetamine-mxe-powder-store","21":"product_tag-methoxetamine-mxe-powder-use","22":"product_tag-methoxetamine-mxe-powder-wiki","23":"product_tag-methoxetamine-mxe-powder-worldwide","24":"product_tag-methoxetamine-mxe-powders","25":"product_tag-order-methoxetamine-mxe-powder","26":"product_tag-purcharse-methoxetamine-mxe-powder","27":"product_tag-shop-methoxetamine-mxe-powder","28":"product_tag-top-quality","29":"product_tag-where-to-buy-methoxetamine-mxe-powder","30":"product_tag-where-to-order-methoxetamine-mxe-powder","31":"product_tag-wholesale-methoxetamine-mxe-powder","32":"desktop-align-left","33":"tablet-align-left","34":"mobile-align-left","35":"ast-product-gallery-layout-horizontal","36":"ast-product-gallery-with-no-image","37":"ast-product-single-variable","38":"ast-product-tabs-layout-horizontal","39":"ast-qv-on-image","41":"first","42":"instock","43":"shipping-taxable","44":"purchasable","45":"product-type-variable"},"yoast_head":"<!-- This site is optimized with the Yoast SEO plugin v25.9 - https:\/\/yoast.com\/wordpress\/plugins\/seo\/ -->\n<title>Methoxetamine MXE Powder for Sale - Buy Methoxetamine Online<\/title>\n<meta name=\"description\" content=\"At our Legitgrams, you can get Methoxetamine MXE powder for sale at cheap rates. We deal with A-grade quality products only. Buy Methoxetamine online from our store now with fast &amp; secure shipping service.\" \/>\n<meta name=\"robots\" content=\"index, follow, max-snippet:-1, max-image-preview:large, max-video-preview:-1\" \/>\n<link rel=\"canonical\" href=\"https:\/\/legitgrams.com\/cs\/produkt\/methoxetamin-mxe-prasek\/\" \/>\n<meta property=\"og:locale\" content=\"cs_CZ\" \/>\n<meta property=\"og:type\" content=\"article\" \/>\n<meta property=\"og:title\" content=\"Methoxetamine MXE Powder for Sale - Buy Methoxetamine Online\" \/>\n<meta property=\"og:description\" content=\"At our Legitgrams, you can get Methoxetamine MXE powder for sale at cheap rates. We deal with A-grade quality products only. Buy Methoxetamine online from our store now with fast &amp; secure shipping service.\" \/>\n<meta property=\"og:url\" content=\"https:\/\/legitgrams.com\/cs\/produkt\/methoxetamin-mxe-prasek\/\" \/>\n<meta property=\"og:site_name\" content=\"Legit Grams\" \/>\n<meta property=\"article:modified_time\" content=\"2025-01-14T09:47:20+00:00\" \/>\n<meta property=\"og:image\" content=\"https:\/\/legitgrams.com\/wp-content\/uploads\/2024\/09\/buy-mexedrone-mxe-power-crystal-online.jpg\" \/>\n\t<meta property=\"og:image:width\" content=\"600\" \/>\n\t<meta property=\"og:image:height\" content=\"600\" \/>\n\t<meta property=\"og:image:type\" content=\"image\/jpeg\" \/>\n<meta name=\"twitter:card\" content=\"summary_large_image\" \/>\n<meta name=\"twitter:label1\" content=\"Odhadovan\u00e1 doba \u010dten\u00ed\" \/>\n\t<meta name=\"twitter:data1\" content=\"3 minuty\" \/>\n<script type=\"application\/ld+json\" class=\"yoast-schema-graph\">{\"@context\":\"https:\/\/schema.org\",\"@graph\":[{\"@type\":\"WebPage\",\"@id\":\"https:\/\/legitgrams.com\/product\/methoxetamine-mxe-powder\/\",\"url\":\"https:\/\/legitgrams.com\/product\/methoxetamine-mxe-powder\/\",\"name\":\"Methoxetamine MXE Powder for Sale - Buy Methoxetamine Online\",\"isPartOf\":{\"@id\":\"https:\/\/legitgrams.com\/#website\"},\"primaryImageOfPage\":{\"@id\":\"https:\/\/legitgrams.com\/product\/methoxetamine-mxe-powder\/#primaryimage\"},\"image\":{\"@id\":\"https:\/\/legitgrams.com\/product\/methoxetamine-mxe-powder\/#primaryimage\"},\"thumbnailUrl\":\"https:\/\/legitgrams.com\/wp-content\/uploads\/2024\/09\/buy-mexedrone-mxe-power-crystal-online.jpg\",\"datePublished\":\"2024-09-21T05:19:45+00:00\",\"dateModified\":\"2025-01-14T09:47:20+00:00\",\"description\":\"At our Legitgrams, you can get Methoxetamine MXE powder for sale at cheap rates. We deal with A-grade quality products only. Buy Methoxetamine online from our store now with fast & secure shipping service.\",\"breadcrumb\":{\"@id\":\"https:\/\/legitgrams.com\/product\/methoxetamine-mxe-powder\/#breadcrumb\"},\"inLanguage\":\"cs\",\"potentialAction\":[{\"@type\":\"ReadAction\",\"target\":[\"https:\/\/legitgrams.com\/product\/methoxetamine-mxe-powder\/\"]}]},{\"@type\":\"ImageObject\",\"inLanguage\":\"cs\",\"@id\":\"https:\/\/legitgrams.com\/product\/methoxetamine-mxe-powder\/#primaryimage\",\"url\":\"https:\/\/legitgrams.com\/wp-content\/uploads\/2024\/09\/buy-mexedrone-mxe-power-crystal-online.jpg\",\"contentUrl\":\"https:\/\/legitgrams.com\/wp-content\/uploads\/2024\/09\/buy-mexedrone-mxe-power-crystal-online.jpg\",\"width\":600,\"height\":600,\"caption\":\"Methoxetamine MXE Powder for Sale\"},{\"@type\":\"BreadcrumbList\",\"@id\":\"https:\/\/legitgrams.com\/product\/methoxetamine-mxe-powder\/#breadcrumb\",\"itemListElement\":[{\"@type\":\"ListItem\",\"position\":1,\"name\":\"Home\",\"item\":\"https:\/\/legitgrams.com\/\"},{\"@type\":\"ListItem\",\"position\":2,\"name\":\"Shop\",\"item\":\"https:\/\/legitgrams.com\/shop\/\"},{\"@type\":\"ListItem\",\"position\":3,\"name\":\"Methoxetamine MXE powder\"}]},{\"@type\":\"WebSite\",\"@id\":\"https:\/\/legitgrams.com\/#website\",\"url\":\"https:\/\/legitgrams.com\/\",\"name\":\"Legit Grams\",\"description\":\"My WordPress Blog\",\"publisher\":{\"@id\":\"https:\/\/legitgrams.com\/#organization\"},\"potentialAction\":[{\"@type\":\"SearchAction\",\"target\":{\"@type\":\"EntryPoint\",\"urlTemplate\":\"https:\/\/legitgrams.com\/?s={search_term_string}\"},\"query-input\":{\"@type\":\"PropertyValueSpecification\",\"valueRequired\":true,\"valueName\":\"search_term_string\"}}],\"inLanguage\":\"cs\"},{\"@type\":\"Organization\",\"@id\":\"https:\/\/legitgrams.com\/#organization\",\"name\":\"Legit Grams\",\"url\":\"https:\/\/legitgrams.com\/\",\"logo\":{\"@type\":\"ImageObject\",\"inLanguage\":\"cs\",\"@id\":\"https:\/\/legitgrams.com\/#\/schema\/logo\/image\/\",\"url\":\"https:\/\/legitgrams.com\/wp-content\/uploads\/2024\/09\/main-logo.png\",\"contentUrl\":\"https:\/\/legitgrams.com\/wp-content\/uploads\/2024\/09\/main-logo.png\",\"width\":270,\"height\":75,\"caption\":\"Legit Grams\"},\"image\":{\"@id\":\"https:\/\/legitgrams.com\/#\/schema\/logo\/image\/\"}}]}<\/script>\n<!-- \/ Yoast SEO plugin. -->","yoast_head_json":{"title":"Methoxetamin MXE pr\u00e1\u0161ek na prodej - Kupte si methoxetamin online","description":"Na na\u0161ich Legitgramech m\u016f\u017eete z\u00edskat pr\u00e1\u0161ek Methoxetamin MXE na prodej za levn\u00e9 ceny. Zab\u00fdv\u00e1me se pouze produkty v kvalit\u011b A. Kupte si Methoxetamin online z na\u0161eho obchodu nyn\u00ed s rychlou a bezpe\u010dnou p\u0159epravn\u00ed slu\u017ebou.","robots":{"index":"index","follow":"follow","max-snippet":"max-snippet:-1","max-image-preview":"max-image-preview:large","max-video-preview":"max-video-preview:-1"},"canonical":"https:\/\/legitgrams.com\/cs\/produkt\/methoxetamin-mxe-prasek\/","og_locale":"cs_CZ","og_type":"article","og_title":"Methoxetamine MXE Powder for Sale - Buy Methoxetamine Online","og_description":"At our Legitgrams, you can get Methoxetamine MXE powder for sale at cheap rates. We deal with A-grade quality products only. Buy Methoxetamine online from our store now with fast & secure shipping service.","og_url":"https:\/\/legitgrams.com\/cs\/produkt\/methoxetamin-mxe-prasek\/","og_site_name":"Legit Grams","article_modified_time":"2025-01-14T09:47:20+00:00","og_image":[{"width":600,"height":600,"url":"https:\/\/legitgrams.com\/wp-content\/uploads\/2024\/09\/buy-mexedrone-mxe-power-crystal-online.jpg","type":"image\/jpeg"}],"twitter_card":"summary_large_image","twitter_misc":{"Odhadovan\u00e1 doba \u010dten\u00ed":"3 minuty"},"schema":{"@context":"https:\/\/schema.org","@graph":[{"@type":"WebPage","@id":"https:\/\/legitgrams.com\/product\/methoxetamine-mxe-powder\/","url":"https:\/\/legitgrams.com\/product\/methoxetamine-mxe-powder\/","name":"Methoxetamin MXE pr\u00e1\u0161ek na prodej - Kupte si methoxetamin online","isPartOf":{"@id":"https:\/\/legitgrams.com\/#website"},"primaryImageOfPage":{"@id":"https:\/\/legitgrams.com\/product\/methoxetamine-mxe-powder\/#primaryimage"},"image":{"@id":"https:\/\/legitgrams.com\/product\/methoxetamine-mxe-powder\/#primaryimage"},"thumbnailUrl":"https:\/\/legitgrams.com\/wp-content\/uploads\/2024\/09\/buy-mexedrone-mxe-power-crystal-online.jpg","datePublished":"2024-09-21T05:19:45+00:00","dateModified":"2025-01-14T09:47:20+00:00","description":"Na na\u0161ich Legitgramech m\u016f\u017eete z\u00edskat pr\u00e1\u0161ek Methoxetamin MXE na prodej za levn\u00e9 ceny. Zab\u00fdv\u00e1me se pouze produkty v kvalit\u011b A. Kupte si Methoxetamin online z na\u0161eho obchodu nyn\u00ed s rychlou a bezpe\u010dnou p\u0159epravn\u00ed slu\u017ebou.","breadcrumb":{"@id":"https:\/\/legitgrams.com\/product\/methoxetamine-mxe-powder\/#breadcrumb"},"inLanguage":"cs","potentialAction":[{"@type":"ReadAction","target":["https:\/\/legitgrams.com\/product\/methoxetamine-mxe-powder\/"]}]},{"@type":"ImageObject","inLanguage":"cs","@id":"https:\/\/legitgrams.com\/product\/methoxetamine-mxe-powder\/#primaryimage","url":"https:\/\/legitgrams.com\/wp-content\/uploads\/2024\/09\/buy-mexedrone-mxe-power-crystal-online.jpg","contentUrl":"https:\/\/legitgrams.com\/wp-content\/uploads\/2024\/09\/buy-mexedrone-mxe-power-crystal-online.jpg","width":600,"height":600,"caption":"Methoxetamine MXE Powder for Sale"},{"@type":"BreadcrumbList","@id":"https:\/\/legitgrams.com\/product\/methoxetamine-mxe-powder\/#breadcrumb","itemListElement":[{"@type":"ListItem","position":1,"name":"Home","item":"https:\/\/legitgrams.com\/"},{"@type":"ListItem","position":2,"name":"Shop","item":"https:\/\/legitgrams.com\/shop\/"},{"@type":"ListItem","position":3,"name":"Methoxetamine MXE powder"}]},{"@type":"WebSite","@id":"https:\/\/legitgrams.com\/#website","url":"https:\/\/legitgrams.com\/","name":"Leg\u00e1ln\u00ed gramy","description":"M\u016fj blog WordPress","publisher":{"@id":"https:\/\/legitgrams.com\/#organization"},"potentialAction":[{"@type":"SearchAction","target":{"@type":"EntryPoint","urlTemplate":"https:\/\/legitgrams.com\/?s={search_term_string}"},"query-input":{"@type":"PropertyValueSpecification","valueRequired":true,"valueName":"search_term_string"}}],"inLanguage":"cs"},{"@type":"Organization","@id":"https:\/\/legitgrams.com\/#organization","name":"Leg\u00e1ln\u00ed gramy","url":"https:\/\/legitgrams.com\/","logo":{"@type":"ImageObject","inLanguage":"cs","@id":"https:\/\/legitgrams.com\/#\/schema\/logo\/image\/","url":"https:\/\/legitgrams.com\/wp-content\/uploads\/2024\/09\/main-logo.png","contentUrl":"https:\/\/legitgrams.com\/wp-content\/uploads\/2024\/09\/main-logo.png","width":270,"height":75,"caption":"Legit Grams"},"image":{"@id":"https:\/\/legitgrams.com\/#\/schema\/logo\/image\/"}}]}},"uagb_featured_image_src":{"full":["https:\/\/legitgrams.com\/wp-content\/uploads\/2024\/09\/buy-mexedrone-mxe-power-crystal-online.jpg",600,600,false],"thumbnail":["https:\/\/legitgrams.com\/wp-content\/uploads\/2024\/09\/buy-mexedrone-mxe-power-crystal-online-150x150.jpg",150,150,true],"medium":["https:\/\/legitgrams.com\/wp-content\/uploads\/2024\/09\/buy-mexedrone-mxe-power-crystal-online-300x300.jpg",300,300,true],"medium_large":["https:\/\/legitgrams.com\/wp-content\/uploads\/2024\/09\/buy-mexedrone-mxe-power-crystal-online.jpg",600,600,false],"large":["https:\/\/legitgrams.com\/wp-content\/uploads\/2024\/09\/buy-mexedrone-mxe-power-crystal-online.jpg",600,600,false],"1536x1536":["https:\/\/legitgrams.com\/wp-content\/uploads\/2024\/09\/buy-mexedrone-mxe-power-crystal-online.jpg",600,600,false],"2048x2048":["https:\/\/legitgrams.com\/wp-content\/uploads\/2024\/09\/buy-mexedrone-mxe-power-crystal-online.jpg",600,600,false],"trp-custom-language-flag":["https:\/\/legitgrams.com\/wp-content\/uploads\/2024\/09\/buy-mexedrone-mxe-power-crystal-online-12x12.jpg",12,12,true],"woocommerce_thumbnail":["https:\/\/legitgrams.com\/wp-content\/uploads\/2024\/09\/buy-mexedrone-mxe-power-crystal-online-300x300.jpg",300,300,true],"woocommerce_single":["https:\/\/legitgrams.com\/wp-content\/uploads\/2024\/09\/buy-mexedrone-mxe-power-crystal-online.jpg",600,600,false],"woocommerce_gallery_thumbnail":["https:\/\/legitgrams.com\/wp-content\/uploads\/2024\/09\/buy-mexedrone-mxe-power-crystal-online-100x100.jpg",100,100,true]},"uagb_author_info":{"display_name":"cokeblog18","author_link":"https:\/\/legitgrams.com\/cs\/author\/"},"uagb_comment_info":0,"uagb_excerpt":"Purchase High-Grade Methoxetamine Powder Online Methoxetamine, which is promoted as a fashion accessory, is a stimulant that produces dissociation and is condensed as MXE. In contrast to a number of dissociatives, like phencyclidine (PCP) and ketamine, which were created as medications for use as general sedatives, it was designed to be distributed illegally. Purchase Methoxetamine&hellip;","_links":{"self":[{"href":"https:\/\/legitgrams.com\/cs\/wp-json\/wp\/v2\/product\/3962","targetHints":{"allow":["GET"]}}],"collection":[{"href":"https:\/\/legitgrams.com\/cs\/wp-json\/wp\/v2\/product"}],"about":[{"href":"https:\/\/legitgrams.com\/cs\/wp-json\/wp\/v2\/types\/product"}],"replies":[{"embeddable":true,"href":"https:\/\/legitgrams.com\/cs\/wp-json\/wp\/v2\/comments?post=3962"}],"wp:featuredmedia":[{"embeddable":true,"href":"https:\/\/legitgrams.com\/cs\/wp-json\/wp\/v2\/media\/5326"}],"wp:attachment":[{"href":"https:\/\/legitgrams.com\/cs\/wp-json\/wp\/v2\/media?parent=3962"}],"wp:term":[{"taxonomy":"product_brand","embeddable":true,"href":"https:\/\/legitgrams.com\/cs\/wp-json\/wp\/v2\/product_brand?post=3962"},{"taxonomy":"product_cat","embeddable":true,"href":"https:\/\/legitgrams.com\/cs\/wp-json\/wp\/v2\/product_cat?post=3962"},{"taxonomy":"product_tag","embeddable":true,"href":"https:\/\/legitgrams.com\/cs\/wp-json\/wp\/v2\/product_tag?post=3962"}],"curies":[{"name":"wp","href":"https:\/\/api.w.org\/{rel}","templated":true}]}}