{"id":3964,"date":"2024-09-21T05:24:42","date_gmt":"2024-09-21T05:24:42","guid":{"rendered":"https:\/\/legitgrams.com\/?post_type=product&#038;p=3964"},"modified":"2025-04-04T11:09:27","modified_gmt":"2025-04-04T11:09:27","slug":"levne-th-pvp-krystal","status":"publish","type":"product","link":"https:\/\/legitgrams.com\/cs\/produkt\/levne-th-pvp-krystal\/","title":{"rendered":"Kupte si levn\u011b TH-PVP krystal online"},"content":{"rendered":"<h2>Prod\u00e1m: TH-PVP krystal<\/h2>\n<p>Zakoupit <a href=\"https:\/\/legitgrams.com\/cs\/produkt\/levne-th-pvp-krystal\/\">TH-PVP online<\/a> od mo\u017en\u00e1 nejlep\u0161\u00ed kancel\u00e1\u0159sk\u00e9 p\u0159epravn\u00ed spole\u010dnosti na sv\u011bt\u011b. TH-PVP funguje podobn\u011b jako a-PVP jako zdroj energie. Nedostatek informac\u00ed, kter\u00e9 jsou nyn\u00ed k dispozici, zna\u010dn\u011b roz\u0161i\u0159uje rozsah v\u00fdzkumu t\u00e9to chemik\u00e1lie.<\/p>\n<p>Jsme pova\u017eov\u00e1ni za p\u0159edn\u00edho dodavatele \u010d\u00ednsk\u00e9ho <a href=\"https:\/\/www.bing.com\/search?q=KuptesilevnTH-PVPkrystalonline&amp;qs=n&amp;form=QBRE&amp;sp=-1&amp;lq=0&amp;pq=kuptesilevnth-pvpkrystalonline&amp;sc=12-36&amp;sk=&amp;cvid=50CFD3B638E249D18F276B7E9458A45B&amp;ghsh=0&amp;ghacc=0&amp;ghpl=\">TH-PVP<\/a> and the best <a href=\"https:\/\/www.google.com\/search?q=Kupte+si+levn+TH-PVP+krystal+online&amp;sca_esv=eddefdb7b92e7545&amp;sxsrf=AHTn8zqU_MYu0v1WDuaxoNSpUiHfuUbWNg1743766151458&amp;ei=h8LvZ_HhG6be4-EPr9C-mQY&amp;ved=0ahUKEwixwZ2Qo76MAxUm7zgGHS-oL2MQ4dUDCBA&amp;uact=5&amp;oq=Kupte+si+levn+TH-PVP+krystal+online&amp;gs_lp=Egxnd3Mtd2l6LXNlcnAiJUt1cHRlIHNpIGxldm7EmyBUSC1QVlAga3J5c3RhbCBvbmxpbmUyBRAhGKABMgUQIRigATIFECEYoAFIiwpQpwVYpwVwAXgBkAEAmAGRAqABkQKqAQMyLTG4AQPIAQD4AQL4AQGYAgKgAqMCwgIKEAAYsAMY1gQYR5gDAIgGAZAGCJIHBTEuMC4xoAeeA7IHAzItMbgHlwI&amp;sclient=gws-wiz-serp\">TH-PVP<\/a> Prodejce na Redditu. Jsme jedin\u00e1 str\u00e1nka, kterou mus\u00edte nav\u0161t\u00edvit, pokud hled\u00e1te legitimn\u00edho prodejce TH-PVP za v\u00fdhodn\u00e9 ceny.<\/p>\n<h3>Kupte si TH-PVP online od n\u00e1s.<\/h3>\n<p>Pokud hled\u00e1te a <a href=\"https:\/\/en.wikipedia.org\/wiki\/TH-PVP\">TH-PVP<\/a> obchod, kter\u00fd v\u00e1m umo\u017en\u00ed bezpe\u010dn\u011b organizovat TH-PVP drahokamy online, Classicarabians je nejlep\u0161\u00ed m\u00edsto, kam j\u00edt. Krom\u011b snadno pou\u017eiteln\u00fdch TH-PVP a dal\u0161\u00edch analog\u016f nab\u00edz\u00edme \u0161irokou \u0161k\u00e1lu r\u016fzn\u00fdch syntetick\u00fdch l\u00e1tek dostupn\u00fdch pro v\u00fdzkum N\u00e1\u0161 p\u0159\u00edstup je p\u0159\u00edmo\u010dar\u00fd: nakupujte diamanty TH-PVP od \u010d\u00ednsk\u00fdch prodejc\u016f a v\u00fdrobc\u016f online se slevou pomoc\u00ed pokro\u010dil\u00e9 polo\u017eky.<\/p>\n<p>Pokud jste z USA, Kanady, Velk\u00e9 Brit\u00e1nie, Austr\u00e1lie nebo Evropy a pot\u0159ebujete polo\u017eku co nejd\u0159\u00edve, nab\u00edz\u00edme mezin\u00e1rodn\u00ed p\u0159epravu. Doporu\u010dujeme v\u0161ak porozum\u011bt zna\u010dk\u00e1m a pou\u017eit\u00ed <a href=\"https:\/\/duckduckgo.com\/?q=Kupte+si+levn+TH-PVP+krystal+online&amp;t=h_&amp;ia=web\">TH-PVP<\/a> before submitting a request.<\/p>\n<p>Pr\u00e1vn\u00ed d\u016fsledky n\u00e1kupu diamant\u016f TH-PVP online bez \u0159e\u0161en\u00ed ve va\u0161em st\u00e1t\u011b by v\u00e1m tak\u00e9 m\u011bly b\u00fdt zn\u00e1my. Classicarabians je nejlep\u0161\u00edm m\u00edstem pro n\u00e1kup TH-PVP online, proto\u017ee poskytuj\u00ed nejlep\u0161\u00ed snadno dostupn\u00e9 slo\u017eky l\u00e9k\u016f pro podporu va\u0161eho racion\u00e1ln\u00edho v\u00fdzkumu. P\u0159ed odesl\u00e1n\u00edm \u017e\u00e1dosti v\u0161ak doporu\u010dujeme, abyste pochopili znaky a pou\u017eit\u00ed TH-PVP. Krom\u011b toho mus\u00edte v\u011bd\u011bt, \u017ee n\u00e1kup drahokam\u016f TH-PVP online bez \u0159e\u0161en\u00ed ve va\u0161em st\u00e1t\u011b m\u016f\u017ee m\u00edt pr\u00e1vn\u00ed d\u016fsledky.<\/p>\n<p>Nab\u00edz\u00edme nejvy\u0161\u0161\u00ed kvalitu a mno\u017estv\u00ed produkt\u016f. Pokuste se vyhnout pl\u00fdtv\u00e1n\u00ed \u010dasem. Chcete-li, aby v\u00e1m zbo\u017e\u00ed bylo doru\u010deno p\u0159\u00edmo k va\u0161im dve\u0159\u00edm, ode\u0161lete sv\u016fj po\u017eadavek nyn\u00ed. A je tu Death Star Wax. <a href=\"https:\/\/legitgrams.com\/cs\/\">LegitGrams<\/a><\/p>\n<p>Kde koupit levn\u011b TH-PVP krystal, kde koupit levn\u011b TH-PVP krystal, kde koupit levn\u011b TH-PVP krystal, kde koupit levn\u011b TH-PVP krystal, kde koupit levn\u011b TH-PVP krystal, kde koupit levn\u011b TH -PVP Crystal, levn\u00fd krystal TH-PVP na prodej ve Spojen\u00fdch st\u00e1tech, Kanad\u011b a Spojen\u00e9m kr\u00e1lovstv\u00ed, n\u00e1kup online, dodavatel\u00e9, bezpe\u010dn\u00e9 doru\u010den\u00ed, st\u00e1le je k dispozici levn\u00fd krystal TH-PVP. M\u016f\u017eete si koupit levn\u00fd TH-PVP krystal online. Je levn\u00fd TH-PVP Crystal v Kanad\u011b leg\u00e1ln\u00ed? mohu si koupit levn\u00fd TH-PVP Crystal online?<\/p>","protected":false},"excerpt":{"rendered":"<p>For Sale: TH-PVP crystal Purchase the TH-PVP online from what is perhaps the world&#8217;s best office shipping company.TH-PVP functions similarly to a-PVP as an energizer. The paucity of information now available considerably expands the scope of research on this chemical. We are regarded as the top supplier of Chinese TH-PVP and the best TH-PVP Reddit &hellip;<\/p>\n<p class=\"read-more\"> <a class=\"\" href=\"https:\/\/legitgrams.com\/cs\/produkt\/levne-th-pvp-krystal\/\"> <span class=\"screen-reader-text\">Kupte si levn\u011b TH-PVP krystal online<\/span> \u010c\u00edst d\u00e1l \"<\/a><\/p>","protected":false},"featured_media":5270,"comment_status":"open","ping_status":"closed","template":"","meta":{"_uag_custom_page_level_css":"","site-sidebar-layout":"default","site-content-layout":"default","ast-global-header-display":"","ast-main-header-display":"","ast-hfb-above-header-display":"","ast-hfb-below-header-display":"","ast-hfb-mobile-header-display":"","site-post-title":"","ast-breadcrumbs-content":"","ast-featured-img":"","footer-sml-layout":"","theme-transparent-header-meta":"default","adv-header-id-meta":"","stick-header-meta":"default","header-above-stick-meta":"","header-main-stick-meta":"","header-below-stick-meta":"","_joinchat":[]},"product_brand":[],"product_cat":[600],"product_tag":[3429,3419,617,3411,3426,3410,3414,3413,3421,3412,3422,3424,3431,3432,3430,3427,3423,3418,3416,3428,3425,625,3417,3420,3415],"class_list":{"0":"post-3964","1":"product","2":"type-product","3":"status-publish","4":"has-post-thumbnail","6":"product_cat-research-chemicals-and-bath-salt","7":"product_tag-best-cheap-price-cheap-th-pvp-crystal","8":"product_tag-best-place-to-buy-cheap-th-pvp-crystal","9":"product_tag-bulk-online","10":"product_tag-buy-cheap-th-pvp-crystal","11":"product_tag-cheap-cheap-th-pvp-crystal","12":"product_tag-cheap-th-pvp-crystal","13":"product_tag-cheap-th-pvp-crystal-cheap-th-pvp-crystal-supplier","14":"product_tag-cheap-th-pvp-crystal-for-sale","15":"product_tag-cheap-th-pvp-crystal-legally","16":"product_tag-cheap-th-pvp-crystal-online","17":"product_tag-cheap-th-pvp-crystal-price","18":"product_tag-cheap-th-pvp-crystal-store","19":"product_tag-cheap-th-pvp-crystal-use","20":"product_tag-cheap-th-pvp-crystal-wiki","21":"product_tag-cheap-th-pvp-crystal-worldwide","22":"product_tag-cheap-th-pvp-crystals","23":"product_tag-high-quality-cheap-th-pvp-crystal","24":"product_tag-how-to-buy-cheap-th-pvp-crystal","25":"product_tag-order-cheap-th-pvp-crystal","26":"product_tag-purcharse-cheap-th-pvp-crystal","27":"product_tag-shop-cheap-th-pvp-crystal","28":"product_tag-top-quality","29":"product_tag-where-to-buy-cheap-th-pvp-crystal","30":"product_tag-where-to-order-cheap-th-pvp-crystal","31":"product_tag-wholesale-cheap-th-pvp-crystal","32":"desktop-align-left","33":"tablet-align-left","34":"mobile-align-left","35":"ast-product-gallery-layout-horizontal","36":"ast-product-gallery-with-no-image","37":"ast-product-single-variable","38":"ast-product-tabs-layout-horizontal","39":"ast-qv-on-image","41":"first","42":"instock","43":"shipping-taxable","44":"purchasable","45":"product-type-variable"},"yoast_head":"<!-- This site is optimized with the Yoast SEO plugin v25.9 - https:\/\/yoast.com\/wordpress\/plugins\/seo\/ -->\n<title>TH-PVP Crystal for Sale - Order TH-PVP Crystal Online | LG<\/title>\n<meta name=\"description\" content=\"Get TH-PVP crystal for sale at one of the best online stores Legitgrams. We will help you buy TH-PVP crystal online of high quality. Don&#039;t delay to place your order and take advantage of the newest discounts!\" \/>\n<meta name=\"robots\" content=\"index, follow, max-snippet:-1, max-image-preview:large, max-video-preview:-1\" \/>\n<link rel=\"canonical\" href=\"https:\/\/legitgrams.com\/cs\/produkt\/levne-th-pvp-krystal\/\" \/>\n<meta property=\"og:locale\" content=\"cs_CZ\" \/>\n<meta property=\"og:type\" content=\"article\" \/>\n<meta property=\"og:title\" content=\"TH-PVP Crystal for Sale - Order TH-PVP Crystal Online | LG\" \/>\n<meta property=\"og:description\" content=\"Get TH-PVP crystal for sale at one of the best online stores Legitgrams. We will help you buy TH-PVP crystal online of high quality. Don&#039;t delay to place your order and take advantage of the newest discounts!\" \/>\n<meta property=\"og:url\" content=\"https:\/\/legitgrams.com\/cs\/produkt\/levne-th-pvp-krystal\/\" \/>\n<meta property=\"og:site_name\" content=\"Legit Grams\" \/>\n<meta property=\"article:modified_time\" content=\"2025-04-04T11:09:27+00:00\" \/>\n<meta property=\"og:image\" content=\"https:\/\/legitgrams.com\/wp-content\/uploads\/2024\/09\/buy-cheap-th-pvp-crystal-online.jpg\" \/>\n\t<meta property=\"og:image:width\" content=\"600\" \/>\n\t<meta property=\"og:image:height\" content=\"600\" \/>\n\t<meta property=\"og:image:type\" content=\"image\/jpeg\" \/>\n<meta name=\"twitter:card\" content=\"summary_large_image\" \/>\n<meta name=\"twitter:label1\" content=\"Odhadovan\u00e1 doba \u010dten\u00ed\" \/>\n\t<meta name=\"twitter:data1\" content=\"2 minuty\" \/>\n<script type=\"application\/ld+json\" class=\"yoast-schema-graph\">{\"@context\":\"https:\/\/schema.org\",\"@graph\":[{\"@type\":\"WebPage\",\"@id\":\"https:\/\/legitgrams.com\/product\/cheap-th-pvp-crystal\/\",\"url\":\"https:\/\/legitgrams.com\/product\/cheap-th-pvp-crystal\/\",\"name\":\"TH-PVP Crystal for Sale - Order TH-PVP Crystal Online | LG\",\"isPartOf\":{\"@id\":\"https:\/\/legitgrams.com\/#website\"},\"primaryImageOfPage\":{\"@id\":\"https:\/\/legitgrams.com\/product\/cheap-th-pvp-crystal\/#primaryimage\"},\"image\":{\"@id\":\"https:\/\/legitgrams.com\/product\/cheap-th-pvp-crystal\/#primaryimage\"},\"thumbnailUrl\":\"https:\/\/legitgrams.com\/wp-content\/uploads\/2024\/09\/buy-cheap-th-pvp-crystal-online.jpg\",\"datePublished\":\"2024-09-21T05:24:42+00:00\",\"dateModified\":\"2025-04-04T11:09:27+00:00\",\"description\":\"Get TH-PVP crystal for sale at one of the best online stores Legitgrams. We will help you buy TH-PVP crystal online of high quality. Don't delay to place your order and take advantage of the newest discounts!\",\"breadcrumb\":{\"@id\":\"https:\/\/legitgrams.com\/product\/cheap-th-pvp-crystal\/#breadcrumb\"},\"inLanguage\":\"cs\",\"potentialAction\":[{\"@type\":\"ReadAction\",\"target\":[\"https:\/\/legitgrams.com\/product\/cheap-th-pvp-crystal\/\"]}]},{\"@type\":\"ImageObject\",\"inLanguage\":\"cs\",\"@id\":\"https:\/\/legitgrams.com\/product\/cheap-th-pvp-crystal\/#primaryimage\",\"url\":\"https:\/\/legitgrams.com\/wp-content\/uploads\/2024\/09\/buy-cheap-th-pvp-crystal-online.jpg\",\"contentUrl\":\"https:\/\/legitgrams.com\/wp-content\/uploads\/2024\/09\/buy-cheap-th-pvp-crystal-online.jpg\",\"width\":600,\"height\":600,\"caption\":\"TH-PVP crystal for Sale\"},{\"@type\":\"BreadcrumbList\",\"@id\":\"https:\/\/legitgrams.com\/product\/cheap-th-pvp-crystal\/#breadcrumb\",\"itemListElement\":[{\"@type\":\"ListItem\",\"position\":1,\"name\":\"Home\",\"item\":\"https:\/\/legitgrams.com\/\"},{\"@type\":\"ListItem\",\"position\":2,\"name\":\"Shop\",\"item\":\"https:\/\/legitgrams.com\/shop\/\"},{\"@type\":\"ListItem\",\"position\":3,\"name\":\"Buy Cheap TH-PVP Crystal Online\"}]},{\"@type\":\"WebSite\",\"@id\":\"https:\/\/legitgrams.com\/#website\",\"url\":\"https:\/\/legitgrams.com\/\",\"name\":\"Legit Grams\",\"description\":\"My WordPress Blog\",\"publisher\":{\"@id\":\"https:\/\/legitgrams.com\/#organization\"},\"potentialAction\":[{\"@type\":\"SearchAction\",\"target\":{\"@type\":\"EntryPoint\",\"urlTemplate\":\"https:\/\/legitgrams.com\/?s={search_term_string}\"},\"query-input\":{\"@type\":\"PropertyValueSpecification\",\"valueRequired\":true,\"valueName\":\"search_term_string\"}}],\"inLanguage\":\"cs\"},{\"@type\":\"Organization\",\"@id\":\"https:\/\/legitgrams.com\/#organization\",\"name\":\"Legit Grams\",\"url\":\"https:\/\/legitgrams.com\/\",\"logo\":{\"@type\":\"ImageObject\",\"inLanguage\":\"cs\",\"@id\":\"https:\/\/legitgrams.com\/#\/schema\/logo\/image\/\",\"url\":\"https:\/\/legitgrams.com\/wp-content\/uploads\/2024\/09\/main-logo.png\",\"contentUrl\":\"https:\/\/legitgrams.com\/wp-content\/uploads\/2024\/09\/main-logo.png\",\"width\":270,\"height\":75,\"caption\":\"Legit Grams\"},\"image\":{\"@id\":\"https:\/\/legitgrams.com\/#\/schema\/logo\/image\/\"}}]}<\/script>\n<!-- \/ Yoast SEO plugin. -->","yoast_head_json":{"title":"TH-PVP Crystal na prodej - objednat TH-PVP Crystal online | LG","description":"Z\u00edskejte krystal TH-PVP na prodej v jednom z nejlep\u0161\u00edch online obchod\u016f Legitgrams. Pom\u016f\u017eeme v\u00e1m koupit vysoce kvalitn\u00ed krystal TH-PVP online. Neot\u00e1lejte s objedn\u00e1vkou a vyu\u017eijte nejnov\u011bj\u0161\u00ed slevy!","robots":{"index":"index","follow":"follow","max-snippet":"max-snippet:-1","max-image-preview":"max-image-preview:large","max-video-preview":"max-video-preview:-1"},"canonical":"https:\/\/legitgrams.com\/cs\/produkt\/levne-th-pvp-krystal\/","og_locale":"cs_CZ","og_type":"article","og_title":"TH-PVP Crystal for Sale - Order TH-PVP Crystal Online | LG","og_description":"Get TH-PVP crystal for sale at one of the best online stores Legitgrams. We will help you buy TH-PVP crystal online of high quality. Don't delay to place your order and take advantage of the newest discounts!","og_url":"https:\/\/legitgrams.com\/cs\/produkt\/levne-th-pvp-krystal\/","og_site_name":"Legit Grams","article_modified_time":"2025-04-04T11:09:27+00:00","og_image":[{"width":600,"height":600,"url":"https:\/\/legitgrams.com\/wp-content\/uploads\/2024\/09\/buy-cheap-th-pvp-crystal-online.jpg","type":"image\/jpeg"}],"twitter_card":"summary_large_image","twitter_misc":{"Odhadovan\u00e1 doba \u010dten\u00ed":"2 minuty"},"schema":{"@context":"https:\/\/schema.org","@graph":[{"@type":"WebPage","@id":"https:\/\/legitgrams.com\/product\/cheap-th-pvp-crystal\/","url":"https:\/\/legitgrams.com\/product\/cheap-th-pvp-crystal\/","name":"TH-PVP Crystal na prodej - objednat TH-PVP Crystal online | LG","isPartOf":{"@id":"https:\/\/legitgrams.com\/#website"},"primaryImageOfPage":{"@id":"https:\/\/legitgrams.com\/product\/cheap-th-pvp-crystal\/#primaryimage"},"image":{"@id":"https:\/\/legitgrams.com\/product\/cheap-th-pvp-crystal\/#primaryimage"},"thumbnailUrl":"https:\/\/legitgrams.com\/wp-content\/uploads\/2024\/09\/buy-cheap-th-pvp-crystal-online.jpg","datePublished":"2024-09-21T05:24:42+00:00","dateModified":"2025-04-04T11:09:27+00:00","description":"Z\u00edskejte krystal TH-PVP na prodej v jednom z nejlep\u0161\u00edch online obchod\u016f Legitgrams. Pom\u016f\u017eeme v\u00e1m koupit vysoce kvalitn\u00ed krystal TH-PVP online. Neot\u00e1lejte s objedn\u00e1vkou a vyu\u017eijte nejnov\u011bj\u0161\u00ed slevy!","breadcrumb":{"@id":"https:\/\/legitgrams.com\/product\/cheap-th-pvp-crystal\/#breadcrumb"},"inLanguage":"cs","potentialAction":[{"@type":"ReadAction","target":["https:\/\/legitgrams.com\/product\/cheap-th-pvp-crystal\/"]}]},{"@type":"ImageObject","inLanguage":"cs","@id":"https:\/\/legitgrams.com\/product\/cheap-th-pvp-crystal\/#primaryimage","url":"https:\/\/legitgrams.com\/wp-content\/uploads\/2024\/09\/buy-cheap-th-pvp-crystal-online.jpg","contentUrl":"https:\/\/legitgrams.com\/wp-content\/uploads\/2024\/09\/buy-cheap-th-pvp-crystal-online.jpg","width":600,"height":600,"caption":"TH-PVP crystal for Sale"},{"@type":"BreadcrumbList","@id":"https:\/\/legitgrams.com\/product\/cheap-th-pvp-crystal\/#breadcrumb","itemListElement":[{"@type":"ListItem","position":1,"name":"Home","item":"https:\/\/legitgrams.com\/"},{"@type":"ListItem","position":2,"name":"Shop","item":"https:\/\/legitgrams.com\/shop\/"},{"@type":"ListItem","position":3,"name":"Buy Cheap TH-PVP Crystal Online"}]},{"@type":"WebSite","@id":"https:\/\/legitgrams.com\/#website","url":"https:\/\/legitgrams.com\/","name":"Leg\u00e1ln\u00ed gramy","description":"M\u016fj blog WordPress","publisher":{"@id":"https:\/\/legitgrams.com\/#organization"},"potentialAction":[{"@type":"SearchAction","target":{"@type":"EntryPoint","urlTemplate":"https:\/\/legitgrams.com\/?s={search_term_string}"},"query-input":{"@type":"PropertyValueSpecification","valueRequired":true,"valueName":"search_term_string"}}],"inLanguage":"cs"},{"@type":"Organization","@id":"https:\/\/legitgrams.com\/#organization","name":"Leg\u00e1ln\u00ed gramy","url":"https:\/\/legitgrams.com\/","logo":{"@type":"ImageObject","inLanguage":"cs","@id":"https:\/\/legitgrams.com\/#\/schema\/logo\/image\/","url":"https:\/\/legitgrams.com\/wp-content\/uploads\/2024\/09\/main-logo.png","contentUrl":"https:\/\/legitgrams.com\/wp-content\/uploads\/2024\/09\/main-logo.png","width":270,"height":75,"caption":"Legit Grams"},"image":{"@id":"https:\/\/legitgrams.com\/#\/schema\/logo\/image\/"}}]}},"uagb_featured_image_src":{"full":["https:\/\/legitgrams.com\/wp-content\/uploads\/2024\/09\/buy-cheap-th-pvp-crystal-online.jpg",600,600,false],"thumbnail":["https:\/\/legitgrams.com\/wp-content\/uploads\/2024\/09\/buy-cheap-th-pvp-crystal-online-150x150.jpg",150,150,true],"medium":["https:\/\/legitgrams.com\/wp-content\/uploads\/2024\/09\/buy-cheap-th-pvp-crystal-online-300x300.jpg",300,300,true],"medium_large":["https:\/\/legitgrams.com\/wp-content\/uploads\/2024\/09\/buy-cheap-th-pvp-crystal-online.jpg",600,600,false],"large":["https:\/\/legitgrams.com\/wp-content\/uploads\/2024\/09\/buy-cheap-th-pvp-crystal-online.jpg",600,600,false],"1536x1536":["https:\/\/legitgrams.com\/wp-content\/uploads\/2024\/09\/buy-cheap-th-pvp-crystal-online.jpg",600,600,false],"2048x2048":["https:\/\/legitgrams.com\/wp-content\/uploads\/2024\/09\/buy-cheap-th-pvp-crystal-online.jpg",600,600,false],"trp-custom-language-flag":["https:\/\/legitgrams.com\/wp-content\/uploads\/2024\/09\/buy-cheap-th-pvp-crystal-online-12x12.jpg",12,12,true],"woocommerce_thumbnail":["https:\/\/legitgrams.com\/wp-content\/uploads\/2024\/09\/buy-cheap-th-pvp-crystal-online-300x300.jpg",300,300,true],"woocommerce_single":["https:\/\/legitgrams.com\/wp-content\/uploads\/2024\/09\/buy-cheap-th-pvp-crystal-online.jpg",600,600,false],"woocommerce_gallery_thumbnail":["https:\/\/legitgrams.com\/wp-content\/uploads\/2024\/09\/buy-cheap-th-pvp-crystal-online-100x100.jpg",100,100,true]},"uagb_author_info":{"display_name":"cokeblog18","author_link":"https:\/\/legitgrams.com\/cs\/author\/"},"uagb_comment_info":0,"uagb_excerpt":"For Sale: TH-PVP crystal Purchase the TH-PVP online from what is perhaps the world&#8217;s best office shipping company.TH-PVP functions similarly to a-PVP as an energizer. The paucity of information now available considerably expands the scope of research on this chemical. We are regarded as the top supplier of Chinese TH-PVP and the best TH-PVP Reddit&hellip;","_links":{"self":[{"href":"https:\/\/legitgrams.com\/cs\/wp-json\/wp\/v2\/product\/3964","targetHints":{"allow":["GET"]}}],"collection":[{"href":"https:\/\/legitgrams.com\/cs\/wp-json\/wp\/v2\/product"}],"about":[{"href":"https:\/\/legitgrams.com\/cs\/wp-json\/wp\/v2\/types\/product"}],"replies":[{"embeddable":true,"href":"https:\/\/legitgrams.com\/cs\/wp-json\/wp\/v2\/comments?post=3964"}],"wp:featuredmedia":[{"embeddable":true,"href":"https:\/\/legitgrams.com\/cs\/wp-json\/wp\/v2\/media\/5270"}],"wp:attachment":[{"href":"https:\/\/legitgrams.com\/cs\/wp-json\/wp\/v2\/media?parent=3964"}],"wp:term":[{"taxonomy":"product_brand","embeddable":true,"href":"https:\/\/legitgrams.com\/cs\/wp-json\/wp\/v2\/product_brand?post=3964"},{"taxonomy":"product_cat","embeddable":true,"href":"https:\/\/legitgrams.com\/cs\/wp-json\/wp\/v2\/product_cat?post=3964"},{"taxonomy":"product_tag","embeddable":true,"href":"https:\/\/legitgrams.com\/cs\/wp-json\/wp\/v2\/product_tag?post=3964"}],"curies":[{"name":"wp","href":"https:\/\/api.w.org\/{rel}","templated":true}]}}